{"id":15027,"date":"2025-07-03T09:34:51","date_gmt":"2025-07-03T07:34:51","guid":{"rendered":"https:\/\/koningdrone.be\/product\/unitree-go2-ent-plus-5-go2-screen-remote-control-dual-cameradual-gimbal\/"},"modified":"2026-04-30T16:20:30","modified_gmt":"2026-04-30T14:20:30","slug":"unitree-go2-ent-plus-5-go2-screen-remote-control-dual-cameradual-gimbal","status":"publish","type":"product","link":"https:\/\/koningdrone.be\/es\/producto\/unitree-go2-ent-plus-5-go2-screen-remote-control-dual-cameradual-gimbal\/","title":{"rendered":"Unitree Go2 Ent-Plus 5 (mando a distancia con pantalla Go2 (doble c\u00e1mara+dual card\u00e1n))"},"content":{"rendered":"<h3>Unitree Go2 Ent-Plus 5: El maestro de la percepci\u00f3n estabilizada y la inteligencia visual<\/h3>\n<p>En <strong>Unitree Go2 Ent-Plus 5<\/strong> representa lo mejor en im\u00e1genes m\u00f3viles dentro de la serie Go2 Enterprise. Donde los robots est\u00e1ndar est\u00e1n limitados por las vibraciones y los movimientos bruscos al caminar, el Ent-Plus 5 ofrece una estabilidad visual sin precedentes gracias a su innovadora... <strong>sistema de doble card\u00e1n<\/strong>. Combinado con el <strong>configuraci\u00f3n de doble c\u00e1mara<\/strong> y los poderosos <strong>M\u00f3dulo NVIDIA Jetson AI<\/strong>, esta plataforma act\u00faa como un ojo aut\u00f3nomo capaz de rastrear objetos y recopilar datos con precisi\u00f3n quir\u00fargica. Es la herramienta indispensable para los profesionales que necesitan im\u00e1genes fluidas y de alta calidad durante misiones complejas en terrenos dif\u00edciles.<\/p>\n<p><a href=\"https:\/\/koningdrone.nl\/wp-content\/uploads\/2025\/07\/Unitree-Go2-Ent-Plus-1-Go2-screen-remote-control-dual-camera.jpg\"><img loading=\"lazy\" decoding=\"async\" class=\"size-medium wp-image-472886 aligncenter\" src=\"https:\/\/koningdrone.nl\/wp-content\/uploads\/2025\/07\/Unitree-Go2-Ent-Plus-1-Go2-screen-remote-control-dual-camera-300x300.jpg\" alt=\"Unitree Go2 Ent- Plus 1 (Go2 screen remote control (dual camera))\" width=\"300\" height=\"300\" \/><\/a><\/p>\n<h4>Estabilizaci\u00f3n superior y din\u00e1mica Dual-Gimbal<\/h4>\n<p>El n\u00facleo tecnol\u00f3gico de la Ent-Plus 5 est\u00e1 dise\u00f1ado para desafiar las leyes de la f\u00edsica durante el movimiento:<\/p>\n<ul>\n<li><strong>Sistema Dual-Gimbal:<\/strong> Este sistema garantiza que ambas c\u00e1maras permanezcan estabilizadas independientemente de los movimientos del cuerpo del robot. Tanto si el robot corre como si salta o pasa por encima de escombros, el horizonte se mantiene recto y las im\u00e1genes no se mueven. Esto es crucial para la fotogrametr\u00eda, las inspecciones detalladas y el seguimiento de IA a larga distancia.<\/li>\n<li><strong>Doble visi\u00f3n y procesamiento Jetson AI:<\/strong> Las c\u00e1maras duales env\u00edan un flujo constante de datos de alta definici\u00f3n al cerebro del robot. Los algoritmos de inteligencia artificial integrados utilizan estos datos para el reconocimiento de objetos en tiempo real y la navegaci\u00f3n aut\u00f3noma.<\/li>\n<li><strong>Pantalla-Remoto integrada:<\/strong> El mando a distancia incluido con pantalla integrada proporciona al operario una transmisi\u00f3n en directo cristalina de ambas c\u00e1maras. Esto permite realizar inspecciones visuales complejas con un nivel de control antes imposible con un robot andante.<\/li>\n<\/ul>\n<h4>Construcci\u00f3n de nivel empresarial y agilidad atl\u00e9tica<\/h4>\n<p>La calidad de construcci\u00f3n de la Ent-Plus 5 combina la robustez de una m\u00e1quina industrial con la agilidad de un atleta:<\/p>\n<ul>\n<li><strong>Chasis ligero y resistente a la torsi\u00f3n:<\/strong> Fabricado a partir de un <strong>aleaci\u00f3n de aluminio<\/strong> y pl\u00e1sticos t\u00e9cnicos de alta calidad. El chasis protege los sensibles mecanismos del card\u00e1n y la electr\u00f3nica interna, al tiempo que mantiene el peso lo suficientemente bajo como para ofrecer la m\u00e1xima maniobrabilidad.<\/li>\n<li><strong>Estabilidad en funci\u00f3n del terreno:<\/strong> El dise\u00f1o cuadr\u00fapedo garantiza que el robot mantenga el equilibrio en una amplia variedad de superficies. Los motores inteligentes de las articulaciones compensan continuamente las pendientes y los desniveles, lo que, en sinergia con los cardanes, se traduce en una perfecta adquisici\u00f3n de datos en todas las condiciones.<\/li>\n<li><strong>Inteligencia modular:<\/strong> Su arquitectura abierta y sus amplias interfaces permiten a los desarrolladores integrar plenamente el controlador de card\u00e1n en sus propias pilas de software para fines de investigaci\u00f3n espec\u00edficos o flujos de trabajo industriales.<\/li>\n<\/ul>\n<p><a href=\"https:\/\/koningdrone.nl\/wp-content\/uploads\/2025\/07\/Unitree-Go2-Edu-Plus-XT16-D1-ARM.jpg\"><img loading=\"lazy\" decoding=\"async\" class=\"size-medium wp-image-472882 aligncenter\" src=\"https:\/\/koningdrone.nl\/wp-content\/uploads\/2025\/07\/Unitree-Go2-Edu-Plus-XT16-D1-ARM-300x300.jpg\" alt=\"Unitree Go2 Edu Plus-XT16 -D1 ARM\" width=\"300\" height=\"300\" \/><\/a><\/p>\n<h4>Por qu\u00e9 el Go2 Ent-Plus 5 es indispensable<\/h4>\n<p>Para las organizaciones que trabajan en inspecci\u00f3n industrial, cinematograf\u00eda, seguridad o investigaci\u00f3n avanzada de IA, el Ent-Plus 5 ofrece la base m\u00f3vil m\u00e1s estable del mercado. El sistema elimina la necesidad de un costoso postprocesado de las im\u00e1genes al abordar la estabilizaci\u00f3n directamente en la fuente. Tanto si est\u00e1 inspeccionando infraestructuras cr\u00edticas en las que cada detalle cuenta, como si est\u00e1 entrenando un sistema aut\u00f3nomo para rastrear personas en espacios abarrotados; el Ent-Plus 5 de Unitree Go2 ofrece la precisi\u00f3n, estabilidad y potencia visual necesarias para llevar sus proyectos al siguiente nivel.<\/p>","protected":false},"excerpt":{"rendered":"<ul>\n<li>Robot con doble c\u00e1mara y doble card\u00e1n para im\u00e1genes estables y de alta calidad<\/li>\n<li>Navegaci\u00f3n aut\u00f3noma y procesamiento de datos en tiempo real con Jetson AI<\/li>\n<li>Chasis de cuatro patas para una estabilidad \u00f3ptima en diversas superficies<\/li>\n<li>Mando a distancia con pantalla Go2 para un manejo intuitivo<\/li>\n<li>Ideal para aplicaciones que requieren un procesamiento de im\u00e1genes avanzado y precisi\u00f3n<\/li>\n<\/ul>","protected":false},"featured_media":19012,"template":"","meta":{"_acf_changed":false},"product_brand":[],"product_cat":[1988],"product_tag":[],"class_list":{"0":"post-15027","1":"product","2":"type-product","3":"status-publish","4":"has-post-thumbnail","6":"product_cat-unitree-go2-ent","7":"product_shipping_class-outofstock","8":"pa_brand-unitree","9":"pa_producttype-robot","10":"pa_series-go2","12":"first","13":"outofstock","14":"taxable","15":"shipping-taxable","16":"purchasable","17":"product-type-simple"},"acf":[],"yoast_head":"<!-- This site is optimized with the Yoast SEO Premium plugin v27.2 (Yoast SEO v27.2) - https:\/\/yoast.com\/product\/yoast-seo-premium-wordpress\/ -->\n<title>Unitree Go2 Ent-Plus 5 (Go2 screen remote control (dual camera+dual gimbal)) - koningdrone.be<\/title>\n<meta name=\"robots\" content=\"index, follow, max-snippet:-1, max-image-preview:large, max-video-preview:-1\" \/>\n<link rel=\"canonical\" href=\"https:\/\/koningdrone.be\/es\/producto\/unitree-go2-ent-plus-5-go2-screen-remote-control-dual-cameradual-gimbal\/\" \/>\n<meta property=\"og:locale\" content=\"es_ES\" \/>\n<meta property=\"og:type\" content=\"article\" \/>\n<meta property=\"og:title\" content=\"Unitree Go2 Ent-Plus 5 (Go2 screen remote control (dual camera+dual gimbal))\" \/>\n<meta property=\"og:description\" content=\"Robot met dual camera en dual gimbal voor stabiele en hoogwaardige beelden  Autonome navigatie en real-time dataverwerking met Jetson AI  Viervoetig chassis voor optimale stabiliteit op diverse oppervlakken  Go2 scherm-afstandsbediening voor intu\u00eftieve bediening  Ideaal voor toepassingen waar geavanceerde beeldverwerking en precisie nodig zijn\" \/>\n<meta property=\"og:url\" content=\"https:\/\/koningdrone.be\/es\/producto\/unitree-go2-ent-plus-5-go2-screen-remote-control-dual-cameradual-gimbal\/\" \/>\n<meta property=\"og:site_name\" content=\"koningdrone.be\" \/>\n<meta property=\"article:modified_time\" content=\"2026-04-30T14:20:30+00:00\" \/>\n<meta property=\"og:image\" content=\"https:\/\/koningdrone.be\/wp-content\/uploads\/sites\/13\/2026\/04\/Unitree-Go2-Ent-Plus-1-Go2-screen-remote-control-dual-camera.jpg\" \/>\n\t<meta property=\"og:image:width\" content=\"550\" \/>\n\t<meta property=\"og:image:height\" content=\"550\" \/>\n\t<meta property=\"og:image:type\" content=\"image\/jpeg\" \/>\n<meta name=\"twitter:card\" content=\"summary_large_image\" \/>\n<meta name=\"twitter:label1\" content=\"Tiempo de lectura\" \/>\n\t<meta name=\"twitter:data1\" content=\"2 minutos\" \/>\n<script type=\"application\/ld+json\" class=\"yoast-schema-graph\">{\"@context\":\"https:\/\/schema.org\",\"@graph\":[{\"@type\":\"WebPage\",\"@id\":\"https:\/\/koningdrone.be\/product\/unitree-go2-ent-plus-5-go2-screen-remote-control-dual-cameradual-gimbal\/\",\"url\":\"https:\/\/koningdrone.be\/product\/unitree-go2-ent-plus-5-go2-screen-remote-control-dual-cameradual-gimbal\/\",\"name\":\"Unitree Go2 Ent-Plus 5 (Go2 screen remote control (dual camera+dual gimbal)) - koningdrone.be\",\"isPartOf\":{\"@id\":\"https:\/\/koningdrone.be\/#website\"},\"primaryImageOfPage\":{\"@id\":\"https:\/\/koningdrone.be\/product\/unitree-go2-ent-plus-5-go2-screen-remote-control-dual-cameradual-gimbal\/#primaryimage\"},\"image\":{\"@id\":\"https:\/\/koningdrone.be\/product\/unitree-go2-ent-plus-5-go2-screen-remote-control-dual-cameradual-gimbal\/#primaryimage\"},\"thumbnailUrl\":\"https:\/\/koningdrone.be\/wp-content\/uploads\/sites\/13\/2026\/04\/Unitree-Go2-Ent-Plus-1-Go2-screen-remote-control-dual-camera.jpg\",\"datePublished\":\"2025-07-03T07:34:51+00:00\",\"dateModified\":\"2026-04-30T14:20:30+00:00\",\"breadcrumb\":{\"@id\":\"https:\/\/koningdrone.be\/product\/unitree-go2-ent-plus-5-go2-screen-remote-control-dual-cameradual-gimbal\/#breadcrumb\"},\"inLanguage\":\"es\",\"potentialAction\":[{\"@type\":\"ReadAction\",\"target\":[\"https:\/\/koningdrone.be\/product\/unitree-go2-ent-plus-5-go2-screen-remote-control-dual-cameradual-gimbal\/\"]}]},{\"@type\":\"ImageObject\",\"inLanguage\":\"es\",\"@id\":\"https:\/\/koningdrone.be\/product\/unitree-go2-ent-plus-5-go2-screen-remote-control-dual-cameradual-gimbal\/#primaryimage\",\"url\":\"https:\/\/koningdrone.be\/wp-content\/uploads\/sites\/13\/2026\/04\/Unitree-Go2-Ent-Plus-1-Go2-screen-remote-control-dual-camera.jpg\",\"contentUrl\":\"https:\/\/koningdrone.be\/wp-content\/uploads\/sites\/13\/2026\/04\/Unitree-Go2-Ent-Plus-1-Go2-screen-remote-control-dual-camera.jpg\",\"width\":550,\"height\":550},{\"@type\":\"BreadcrumbList\",\"@id\":\"https:\/\/koningdrone.be\/product\/unitree-go2-ent-plus-5-go2-screen-remote-control-dual-cameradual-gimbal\/#breadcrumb\",\"itemListElement\":[{\"@type\":\"ListItem\",\"position\":1,\"name\":\"Home\",\"item\":\"https:\/\/koningdrone.be\/\"},{\"@type\":\"ListItem\",\"position\":2,\"name\":\"AVSS Parachute Recovery System for DJI Matrice 300\/350\",\"item\":\"https:\/\/koningdrone.be\/product\/avss-parachute-recovery-system-for-dji-matrice-300-350\/\"},{\"@type\":\"ListItem\",\"position\":3,\"name\":\"Unitree Go2 Ent\",\"item\":\"https:\/\/koningdrone.be\/categorie\/unitree-go2-ent\/\"},{\"@type\":\"ListItem\",\"position\":4,\"name\":\"Unitree Go2 Ent-Plus 5 (Go2 screen remote control (dual camera+dual gimbal))\"}]},{\"@type\":\"WebSite\",\"@id\":\"https:\/\/koningdrone.be\/#website\",\"url\":\"https:\/\/koningdrone.be\/\",\"name\":\"Koningdrone.be - Uw online specialist in drones, gimbals, camera's en power stations.\",\"description\":\"De webshop in drones en gimbals\",\"publisher\":{\"@id\":\"https:\/\/koningdrone.be\/#organization\"},\"potentialAction\":[{\"@type\":\"SearchAction\",\"target\":{\"@type\":\"EntryPoint\",\"urlTemplate\":\"https:\/\/koningdrone.be\/?s={search_term_string}\"},\"query-input\":{\"@type\":\"PropertyValueSpecification\",\"valueRequired\":true,\"valueName\":\"search_term_string\"}}],\"inLanguage\":\"es\"},{\"@type\":\"Organization\",\"@id\":\"https:\/\/koningdrone.be\/#organization\",\"name\":\"Koningdrone.be\",\"url\":\"https:\/\/koningdrone.be\/\",\"logo\":{\"@type\":\"ImageObject\",\"inLanguage\":\"es\",\"@id\":\"https:\/\/koningdrone.be\/#\/schema\/logo\/image\/\",\"url\":\"https:\/\/koningdrone.be\/wp-content\/uploads\/sites\/13\/2025\/04\/koningdrone-copyright-logo.svg\",\"contentUrl\":\"https:\/\/koningdrone.be\/wp-content\/uploads\/sites\/13\/2025\/04\/koningdrone-copyright-logo.svg\",\"width\":227,\"height\":38,\"caption\":\"Koningdrone.be\"},\"image\":{\"@id\":\"https:\/\/koningdrone.be\/#\/schema\/logo\/image\/\"}}]}<\/script>\n<!-- \/ Yoast SEO Premium plugin. -->","yoast_head_json":{"title":"Unitree Go2 Ent-Plus 5 (Go2 screen remote control (dual camera+dual gimbal)) - koningdrone.be","robots":{"index":"index","follow":"follow","max-snippet":"max-snippet:-1","max-image-preview":"max-image-preview:large","max-video-preview":"max-video-preview:-1"},"canonical":"https:\/\/koningdrone.be\/es\/producto\/unitree-go2-ent-plus-5-go2-screen-remote-control-dual-cameradual-gimbal\/","og_locale":"es_ES","og_type":"article","og_title":"Unitree Go2 Ent-Plus 5 (Go2 screen remote control (dual camera+dual gimbal))","og_description":"Robot met dual camera en dual gimbal voor stabiele en hoogwaardige beelden  Autonome navigatie en real-time dataverwerking met Jetson AI  Viervoetig chassis voor optimale stabiliteit op diverse oppervlakken  Go2 scherm-afstandsbediening voor intu\u00eftieve bediening  Ideaal voor toepassingen waar geavanceerde beeldverwerking en precisie nodig zijn","og_url":"https:\/\/koningdrone.be\/es\/producto\/unitree-go2-ent-plus-5-go2-screen-remote-control-dual-cameradual-gimbal\/","og_site_name":"koningdrone.be","article_modified_time":"2026-04-30T14:20:30+00:00","og_image":[{"width":550,"height":550,"url":"https:\/\/koningdrone.be\/wp-content\/uploads\/sites\/13\/2026\/04\/Unitree-Go2-Ent-Plus-1-Go2-screen-remote-control-dual-camera.jpg","type":"image\/jpeg"}],"twitter_card":"summary_large_image","twitter_misc":{"Tiempo de lectura":"2 minutos"},"schema":{"@context":"https:\/\/schema.org","@graph":[{"@type":"WebPage","@id":"https:\/\/koningdrone.be\/product\/unitree-go2-ent-plus-5-go2-screen-remote-control-dual-cameradual-gimbal\/","url":"https:\/\/koningdrone.be\/product\/unitree-go2-ent-plus-5-go2-screen-remote-control-dual-cameradual-gimbal\/","name":"Unitree Go2 Ent-Plus 5 (Go2 screen remote control (dual camera+dual gimbal)) - koningdrone.be","isPartOf":{"@id":"https:\/\/koningdrone.be\/#website"},"primaryImageOfPage":{"@id":"https:\/\/koningdrone.be\/product\/unitree-go2-ent-plus-5-go2-screen-remote-control-dual-cameradual-gimbal\/#primaryimage"},"image":{"@id":"https:\/\/koningdrone.be\/product\/unitree-go2-ent-plus-5-go2-screen-remote-control-dual-cameradual-gimbal\/#primaryimage"},"thumbnailUrl":"https:\/\/koningdrone.be\/wp-content\/uploads\/sites\/13\/2026\/04\/Unitree-Go2-Ent-Plus-1-Go2-screen-remote-control-dual-camera.jpg","datePublished":"2025-07-03T07:34:51+00:00","dateModified":"2026-04-30T14:20:30+00:00","breadcrumb":{"@id":"https:\/\/koningdrone.be\/product\/unitree-go2-ent-plus-5-go2-screen-remote-control-dual-cameradual-gimbal\/#breadcrumb"},"inLanguage":"es","potentialAction":[{"@type":"ReadAction","target":["https:\/\/koningdrone.be\/product\/unitree-go2-ent-plus-5-go2-screen-remote-control-dual-cameradual-gimbal\/"]}]},{"@type":"ImageObject","inLanguage":"es","@id":"https:\/\/koningdrone.be\/product\/unitree-go2-ent-plus-5-go2-screen-remote-control-dual-cameradual-gimbal\/#primaryimage","url":"https:\/\/koningdrone.be\/wp-content\/uploads\/sites\/13\/2026\/04\/Unitree-Go2-Ent-Plus-1-Go2-screen-remote-control-dual-camera.jpg","contentUrl":"https:\/\/koningdrone.be\/wp-content\/uploads\/sites\/13\/2026\/04\/Unitree-Go2-Ent-Plus-1-Go2-screen-remote-control-dual-camera.jpg","width":550,"height":550},{"@type":"BreadcrumbList","@id":"https:\/\/koningdrone.be\/product\/unitree-go2-ent-plus-5-go2-screen-remote-control-dual-cameradual-gimbal\/#breadcrumb","itemListElement":[{"@type":"ListItem","position":1,"name":"Home","item":"https:\/\/koningdrone.be\/"},{"@type":"ListItem","position":2,"name":"AVSS Parachute Recovery System for DJI Matrice 300\/350","item":"https:\/\/koningdrone.be\/product\/avss-parachute-recovery-system-for-dji-matrice-300-350\/"},{"@type":"ListItem","position":3,"name":"Unitree Go2 Ent","item":"https:\/\/koningdrone.be\/categorie\/unitree-go2-ent\/"},{"@type":"ListItem","position":4,"name":"Unitree Go2 Ent-Plus 5 (Go2 screen remote control (dual camera+dual gimbal))"}]},{"@type":"WebSite","@id":"https:\/\/koningdrone.be\/#website","url":"https:\/\/koningdrone.be\/","name":"Koningdrone.be - Su especialista en l\u00ednea en drones, cardanes, c\u00e1maras y centrales el\u00e9ctricas.","description":"La tienda virtual de drones y cardanes","publisher":{"@id":"https:\/\/koningdrone.be\/#organization"},"potentialAction":[{"@type":"SearchAction","target":{"@type":"EntryPoint","urlTemplate":"https:\/\/koningdrone.be\/?s={search_term_string}"},"query-input":{"@type":"PropertyValueSpecification","valueRequired":true,"valueName":"search_term_string"}}],"inLanguage":"es"},{"@type":"Organization","@id":"https:\/\/koningdrone.be\/#organization","name":"Kingdrone.es","url":"https:\/\/koningdrone.be\/","logo":{"@type":"ImageObject","inLanguage":"es","@id":"https:\/\/koningdrone.be\/#\/schema\/logo\/image\/","url":"https:\/\/koningdrone.be\/wp-content\/uploads\/sites\/13\/2025\/04\/koningdrone-copyright-logo.svg","contentUrl":"https:\/\/koningdrone.be\/wp-content\/uploads\/sites\/13\/2025\/04\/koningdrone-copyright-logo.svg","width":227,"height":38,"caption":"Koningdrone.be"},"image":{"@id":"https:\/\/koningdrone.be\/#\/schema\/logo\/image\/"}}]}},"df_price":32234.4,"df_sale_price":"","df_regular_price":32234.4,"df_image_link":"https:\/\/koningdrone.be\/wp-content\/uploads\/sites\/13\/2026\/04\/Unitree-Go2-Ent-Plus-1-Go2-screen-remote-control-dual-camera-300x300.jpg","_links":{"self":[{"href":"https:\/\/koningdrone.be\/es\/wp-json\/wp\/v2\/product\/15027","targetHints":{"allow":["GET"]}}],"collection":[{"href":"https:\/\/koningdrone.be\/es\/wp-json\/wp\/v2\/product"}],"about":[{"href":"https:\/\/koningdrone.be\/es\/wp-json\/wp\/v2\/types\/product"}],"wp:featuredmedia":[{"embeddable":true,"href":"https:\/\/koningdrone.be\/es\/wp-json\/wp\/v2\/media\/19012"}],"wp:attachment":[{"href":"https:\/\/koningdrone.be\/es\/wp-json\/wp\/v2\/media?parent=15027"}],"wp:term":[{"taxonomy":"product_brand","embeddable":true,"href":"https:\/\/koningdrone.be\/es\/wp-json\/wp\/v2\/product_brand?post=15027"},{"taxonomy":"product_cat","embeddable":true,"href":"https:\/\/koningdrone.be\/es\/wp-json\/wp\/v2\/product_cat?post=15027"},{"taxonomy":"product_tag","embeddable":true,"href":"https:\/\/koningdrone.be\/es\/wp-json\/wp\/v2\/product_tag?post=15027"}],"curies":[{"name":"wp","href":"https:\/\/api.w.org\/{rel}","templated":true}]}}