{"id":15021,"date":"2025-07-03T09:34:51","date_gmt":"2025-07-03T07:34:51","guid":{"rendered":"https:\/\/koningdrone.be\/product\/unitree-go2-ent-plus-4-go2-screen-remote-control-dual-cameracapture-net-gun-launcher\/"},"modified":"2026-04-30T16:20:29","modified_gmt":"2026-04-30T14:20:29","slug":"unitree-go2-ent-plus-4-go2-screen-remote-control-dual-cameracapture-net-gun-launcher","status":"publish","type":"product","link":"https:\/\/koningdrone.be\/es\/producto\/unitree-go2-ent-plus-4-go2-screen-remote-control-dual-cameracapture-net-gun-launcher\/","title":{"rendered":"Unitree Go2 Ent-Plus 4 (mando a distancia con pantalla Go2 (doble c\u00e1mara+lanzador de red de captura))"},"content":{"rendered":"<h3>Unitree Go2 Ent-Plus 4: Interacci\u00f3n innovadora y simulaci\u00f3n t\u00e1ctica<\/h3>\n<p>En <strong>Unitree Go2 Ent-Plus 4<\/strong> es una versi\u00f3n pionera dentro de la serie Enterprise, dise\u00f1ada espec\u00edficamente para escenarios en los que la intervenci\u00f3n f\u00edsica y la fijaci\u00f3n de objetos son clave. Mientras que otros robots se limitan a la observaci\u00f3n pasiva, el Ent-Plus 4 ofrece una soluci\u00f3n activa al integrar una <strong>lanzador de redes de seguridad<\/strong>. Combinado con el avanzado <strong>sistema de doble c\u00e1mara<\/strong> y la intuitiva <strong>control remoto de pantalla<\/strong>, Esta plataforma act\u00faa como estaci\u00f3n de intervenci\u00f3n m\u00f3vil. Es la opci\u00f3n ideal para centros de formaci\u00f3n, equipos de I+D en seguridad e instituciones educativas que experimentan con la interceptaci\u00f3n no letal y la manipulaci\u00f3n avanzada de objetos.<\/p>\n<p><a href=\"https:\/\/koningdrone.nl\/wp-content\/uploads\/2025\/07\/Unitree-Go2-Ent-Plus-1-Go2-screen-remote-control-dual-camera.jpg\"><img loading=\"lazy\" decoding=\"async\" class=\"size-medium wp-image-472886 aligncenter\" src=\"https:\/\/koningdrone.nl\/wp-content\/uploads\/2025\/07\/Unitree-Go2-Ent-Plus-1-Go2-screen-remote-control-dual-camera-300x300.jpg\" alt=\"Unitree Go2 Ent- Plus 1 (Go2 screen remote control (dual camera))\" width=\"300\" height=\"300\" \/><\/a><\/p>\n<h4>Lanzamiento de precisi\u00f3n y percepci\u00f3n inteligente<\/h4>\n<p>La potencia tecnol\u00f3gica del Ent-Plus 4 reside en la perfecta sincronizaci\u00f3n entre sus sentidos y su carga \u00fatil \u00fanica:<\/p>\n<ul>\n<li><strong>Lanzador de red de seguridad integrado:<\/strong> Este sistema permite al robot lanzar un proyectil de red a la orden o mediante activaci\u00f3n por IA. Se trata de una funci\u00f3n esencial para simular capturas de drones, asegurar objetos o realizar demostraciones interactivas en las que la precisi\u00f3n y la sincronizaci\u00f3n son cruciales.<\/li>\n<li><strong>Dual-Vision y NVIDIA AI:<\/strong> La configuraci\u00f3n de doble c\u00e1mara ofrece un amplio espectro visual procesado por la potente <strong>M\u00f3dulo Jetson AI<\/strong>. De este modo, el robot detecta y rastrea objetos con gran precisi\u00f3n, lo que le permite seguir su objetivo de forma aut\u00f3noma y calcular la posici\u00f3n \u00f3ptima de lanzamiento.<\/li>\n<li><strong>Centro de mando en tiempo real:<\/strong> El mando a distancia incluido con pantalla integrada ofrece al operador un control total sobre el mecanismo de lanzamiento. La transmisi\u00f3n en directo garantiza que las interceptaciones puedan realizarse con precisi\u00f3n quir\u00fargica, incluso en entornos din\u00e1micos e impredecibles.<\/li>\n<\/ul>\n<h4>Ingenier\u00eda robusta y estabilidad operativa<\/h4>\n<p>La calidad de construcci\u00f3n del Ent-Plus 4 est\u00e1 dise\u00f1ada para absorber las fuerzas de un lanzamiento sin esfuerzo:<\/p>\n<ul>\n<li><strong>Chasis reforzado:<\/strong> Fabricado con un material de alta calidad <strong>aleaci\u00f3n de aluminio<\/strong> y pl\u00e1stico de ingenier\u00eda resistente a los impactos, el armaz\u00f3n proporciona la rigidez necesaria. La integraci\u00f3n del lanzador est\u00e1 dise\u00f1ada para mantener el equilibrio y la aerodin\u00e1mica del robot durante los movimientos r\u00e1pidos.<\/li>\n<li><strong>Locomoci\u00f3n atl\u00e9tica:<\/strong> Los potentes motores de articulaci\u00f3n garantizan que el Go2 se mantenga estable en el momento del lanzamiento, incluso en terrenos irregulares o pendientes. El robot puede alcanzar las velocidades necesarias para seguir el ritmo de objetivos en movimiento, mientras los sensores exploran continuamente el entorno en busca de obst\u00e1culos.<\/li>\n<li><strong>Seguridad y fiabilidad:<\/strong> El sistema de lanzamiento est\u00e1 asegurado de forma redundante para evitar su activaci\u00f3n involuntaria, lo que hace que esta plataforma sea ideal para su uso en entornos de entrenamiento controlados y demostraciones p\u00fablicas.<\/li>\n<\/ul>\n<p><a href=\"https:\/\/koningdrone.nl\/wp-content\/uploads\/2025\/07\/Unitree-Go2-Edu-Plus-XT16-D1-ARM.jpg\"><img loading=\"lazy\" decoding=\"async\" class=\"size-medium wp-image-472882 aligncenter\" src=\"https:\/\/koningdrone.nl\/wp-content\/uploads\/2025\/07\/Unitree-Go2-Edu-Plus-XT16-D1-ARM-300x300.jpg\" alt=\"Unitree Go2 Edu Plus-XT16 -D1 ARM\" width=\"300\" height=\"300\" \/><\/a><\/p>\n<h4>Por qu\u00e9 el Go2 Ent-Plus 4 es indispensable<\/h4>\n<p>Para las organizaciones pioneras en seguridad aut\u00f3noma, formaci\u00f3n policial o experimentos rob\u00f3ticos complejos, el Ent-Plus 4 ofrece una ventaja \u00fanica. Es una soluci\u00f3n llave en mano para escenarios que antes requer\u00edan complejas construcciones a medida. Tanto si est\u00e1 investigando la eficacia de los sistemas de interceptaci\u00f3n m\u00f3viles como si desea llevar a cabo una impresionante demostraci\u00f3n tecnol\u00f3gica, el Ent-Plus 4 Go2 de Unitree ofrece la movilidad, la inteligencia y la fuerza f\u00edsica necesarias para \u201catrapar\u201d literalmente cualquier desaf\u00edo.<\/p>","protected":false},"excerpt":{"rendered":"<ul>\n<li>Robot con doble c\u00e1mara y lanzador de redes de seguridad integrado<\/li>\n<li>Navegaci\u00f3n aut\u00f3noma combinada con funciones de lanzamiento interactivas<\/li>\n<li>Robusto dise\u00f1o de aluminio y pl\u00e1stico para mayor durabilidad y ligereza<\/li>\n<li>Mando a distancia con pantalla Go2 para un manejo sencillo<\/li>\n<li>Perfecto para escenarios de entrenamiento, experimentos y demostraciones educativas<\/li>\n<\/ul>","protected":false},"featured_media":19012,"template":"","meta":{"_acf_changed":false},"product_brand":[],"product_cat":[1988],"product_tag":[],"class_list":{"0":"post-15021","1":"product","2":"type-product","3":"status-publish","4":"has-post-thumbnail","6":"product_cat-unitree-go2-ent","7":"product_shipping_class-outofstock","8":"pa_brand-unitree","9":"pa_producttype-robot","10":"pa_series-go2","12":"first","13":"outofstock","14":"taxable","15":"shipping-taxable","16":"purchasable","17":"product-type-simple"},"acf":[],"yoast_head":"<!-- This site is optimized with the Yoast SEO Premium plugin v27.2 (Yoast SEO v27.2) - https:\/\/yoast.com\/product\/yoast-seo-premium-wordpress\/ -->\n<title>Unitree Go2 Ent-Plus 4 (Go2 screen remote control (dual camera+capture net gun launcher)) - koningdrone.be<\/title>\n<meta name=\"robots\" content=\"index, follow, max-snippet:-1, max-image-preview:large, max-video-preview:-1\" \/>\n<link rel=\"canonical\" href=\"https:\/\/koningdrone.be\/es\/producto\/unitree-go2-ent-plus-4-go2-screen-remote-control-dual-cameracapture-net-gun-launcher\/\" \/>\n<meta property=\"og:locale\" content=\"es_ES\" \/>\n<meta property=\"og:type\" content=\"article\" \/>\n<meta property=\"og:title\" content=\"Unitree Go2 Ent-Plus 4 (Go2 screen remote control (dual camera+capture net gun launcher))\" \/>\n<meta property=\"og:description\" content=\"Robot met dual camera en ge\u00efntegreerde vangnet-lanceerder  Autonome navigatie gecombineerd met interactieve lanceerfuncties  Robuust aluminium- en kunststofontwerp voor duurzaamheid en lichtgewicht  Go2 scherm-afstandsbediening voor eenvoudige bediening  Perfect voor trainingsscenario\u2019s, experimenten en educatieve demonstraties\" \/>\n<meta property=\"og:url\" content=\"https:\/\/koningdrone.be\/es\/producto\/unitree-go2-ent-plus-4-go2-screen-remote-control-dual-cameracapture-net-gun-launcher\/\" \/>\n<meta property=\"og:site_name\" content=\"koningdrone.be\" \/>\n<meta property=\"article:modified_time\" content=\"2026-04-30T14:20:29+00:00\" \/>\n<meta property=\"og:image\" content=\"https:\/\/koningdrone.be\/wp-content\/uploads\/sites\/13\/2026\/04\/Unitree-Go2-Ent-Plus-1-Go2-screen-remote-control-dual-camera.jpg\" \/>\n\t<meta property=\"og:image:width\" content=\"550\" \/>\n\t<meta property=\"og:image:height\" content=\"550\" \/>\n\t<meta property=\"og:image:type\" content=\"image\/jpeg\" \/>\n<meta name=\"twitter:card\" content=\"summary_large_image\" \/>\n<meta name=\"twitter:label1\" content=\"Tiempo de lectura\" \/>\n\t<meta name=\"twitter:data1\" content=\"2 minutos\" \/>\n<script type=\"application\/ld+json\" class=\"yoast-schema-graph\">{\"@context\":\"https:\/\/schema.org\",\"@graph\":[{\"@type\":\"WebPage\",\"@id\":\"https:\/\/koningdrone.be\/product\/unitree-go2-ent-plus-4-go2-screen-remote-control-dual-cameracapture-net-gun-launcher\/\",\"url\":\"https:\/\/koningdrone.be\/product\/unitree-go2-ent-plus-4-go2-screen-remote-control-dual-cameracapture-net-gun-launcher\/\",\"name\":\"Unitree Go2 Ent-Plus 4 (Go2 screen remote control (dual camera+capture net gun launcher)) - koningdrone.be\",\"isPartOf\":{\"@id\":\"https:\/\/koningdrone.be\/#website\"},\"primaryImageOfPage\":{\"@id\":\"https:\/\/koningdrone.be\/product\/unitree-go2-ent-plus-4-go2-screen-remote-control-dual-cameracapture-net-gun-launcher\/#primaryimage\"},\"image\":{\"@id\":\"https:\/\/koningdrone.be\/product\/unitree-go2-ent-plus-4-go2-screen-remote-control-dual-cameracapture-net-gun-launcher\/#primaryimage\"},\"thumbnailUrl\":\"https:\/\/koningdrone.be\/wp-content\/uploads\/sites\/13\/2026\/04\/Unitree-Go2-Ent-Plus-1-Go2-screen-remote-control-dual-camera.jpg\",\"datePublished\":\"2025-07-03T07:34:51+00:00\",\"dateModified\":\"2026-04-30T14:20:29+00:00\",\"breadcrumb\":{\"@id\":\"https:\/\/koningdrone.be\/product\/unitree-go2-ent-plus-4-go2-screen-remote-control-dual-cameracapture-net-gun-launcher\/#breadcrumb\"},\"inLanguage\":\"es\",\"potentialAction\":[{\"@type\":\"ReadAction\",\"target\":[\"https:\/\/koningdrone.be\/product\/unitree-go2-ent-plus-4-go2-screen-remote-control-dual-cameracapture-net-gun-launcher\/\"]}]},{\"@type\":\"ImageObject\",\"inLanguage\":\"es\",\"@id\":\"https:\/\/koningdrone.be\/product\/unitree-go2-ent-plus-4-go2-screen-remote-control-dual-cameracapture-net-gun-launcher\/#primaryimage\",\"url\":\"https:\/\/koningdrone.be\/wp-content\/uploads\/sites\/13\/2026\/04\/Unitree-Go2-Ent-Plus-1-Go2-screen-remote-control-dual-camera.jpg\",\"contentUrl\":\"https:\/\/koningdrone.be\/wp-content\/uploads\/sites\/13\/2026\/04\/Unitree-Go2-Ent-Plus-1-Go2-screen-remote-control-dual-camera.jpg\",\"width\":550,\"height\":550},{\"@type\":\"BreadcrumbList\",\"@id\":\"https:\/\/koningdrone.be\/product\/unitree-go2-ent-plus-4-go2-screen-remote-control-dual-cameracapture-net-gun-launcher\/#breadcrumb\",\"itemListElement\":[{\"@type\":\"ListItem\",\"position\":1,\"name\":\"Home\",\"item\":\"https:\/\/koningdrone.be\/\"},{\"@type\":\"ListItem\",\"position\":2,\"name\":\"AVSS Parachute Recovery System for DJI Matrice 300\/350\",\"item\":\"https:\/\/koningdrone.be\/product\/avss-parachute-recovery-system-for-dji-matrice-300-350\/\"},{\"@type\":\"ListItem\",\"position\":3,\"name\":\"Unitree Go2 Ent\",\"item\":\"https:\/\/koningdrone.be\/categorie\/unitree-go2-ent\/\"},{\"@type\":\"ListItem\",\"position\":4,\"name\":\"Unitree Go2 Ent-Plus 4 (Go2 screen remote control (dual camera+capture net gun launcher))\"}]},{\"@type\":\"WebSite\",\"@id\":\"https:\/\/koningdrone.be\/#website\",\"url\":\"https:\/\/koningdrone.be\/\",\"name\":\"Koningdrone.be - Uw online specialist in drones, gimbals, camera's en power stations.\",\"description\":\"De webshop in drones en gimbals\",\"publisher\":{\"@id\":\"https:\/\/koningdrone.be\/#organization\"},\"potentialAction\":[{\"@type\":\"SearchAction\",\"target\":{\"@type\":\"EntryPoint\",\"urlTemplate\":\"https:\/\/koningdrone.be\/?s={search_term_string}\"},\"query-input\":{\"@type\":\"PropertyValueSpecification\",\"valueRequired\":true,\"valueName\":\"search_term_string\"}}],\"inLanguage\":\"es\"},{\"@type\":\"Organization\",\"@id\":\"https:\/\/koningdrone.be\/#organization\",\"name\":\"Koningdrone.be\",\"url\":\"https:\/\/koningdrone.be\/\",\"logo\":{\"@type\":\"ImageObject\",\"inLanguage\":\"es\",\"@id\":\"https:\/\/koningdrone.be\/#\/schema\/logo\/image\/\",\"url\":\"https:\/\/koningdrone.be\/wp-content\/uploads\/sites\/13\/2025\/04\/koningdrone-copyright-logo.svg\",\"contentUrl\":\"https:\/\/koningdrone.be\/wp-content\/uploads\/sites\/13\/2025\/04\/koningdrone-copyright-logo.svg\",\"width\":227,\"height\":38,\"caption\":\"Koningdrone.be\"},\"image\":{\"@id\":\"https:\/\/koningdrone.be\/#\/schema\/logo\/image\/\"}}]}<\/script>\n<!-- \/ Yoast SEO Premium plugin. -->","yoast_head_json":{"title":"Unitree Go2 Ent-Plus 4 (Go2 screen remote control (dual camera+capture net gun launcher)) - koningdrone.be","robots":{"index":"index","follow":"follow","max-snippet":"max-snippet:-1","max-image-preview":"max-image-preview:large","max-video-preview":"max-video-preview:-1"},"canonical":"https:\/\/koningdrone.be\/es\/producto\/unitree-go2-ent-plus-4-go2-screen-remote-control-dual-cameracapture-net-gun-launcher\/","og_locale":"es_ES","og_type":"article","og_title":"Unitree Go2 Ent-Plus 4 (Go2 screen remote control (dual camera+capture net gun launcher))","og_description":"Robot met dual camera en ge\u00efntegreerde vangnet-lanceerder  Autonome navigatie gecombineerd met interactieve lanceerfuncties  Robuust aluminium- en kunststofontwerp voor duurzaamheid en lichtgewicht  Go2 scherm-afstandsbediening voor eenvoudige bediening  Perfect voor trainingsscenario\u2019s, experimenten en educatieve demonstraties","og_url":"https:\/\/koningdrone.be\/es\/producto\/unitree-go2-ent-plus-4-go2-screen-remote-control-dual-cameracapture-net-gun-launcher\/","og_site_name":"koningdrone.be","article_modified_time":"2026-04-30T14:20:29+00:00","og_image":[{"width":550,"height":550,"url":"https:\/\/koningdrone.be\/wp-content\/uploads\/sites\/13\/2026\/04\/Unitree-Go2-Ent-Plus-1-Go2-screen-remote-control-dual-camera.jpg","type":"image\/jpeg"}],"twitter_card":"summary_large_image","twitter_misc":{"Tiempo de lectura":"2 minutos"},"schema":{"@context":"https:\/\/schema.org","@graph":[{"@type":"WebPage","@id":"https:\/\/koningdrone.be\/product\/unitree-go2-ent-plus-4-go2-screen-remote-control-dual-cameracapture-net-gun-launcher\/","url":"https:\/\/koningdrone.be\/product\/unitree-go2-ent-plus-4-go2-screen-remote-control-dual-cameracapture-net-gun-launcher\/","name":"Unitree Go2 Ent-Plus 4 (Go2 screen remote control (dual camera+capture net gun launcher)) - koningdrone.be","isPartOf":{"@id":"https:\/\/koningdrone.be\/#website"},"primaryImageOfPage":{"@id":"https:\/\/koningdrone.be\/product\/unitree-go2-ent-plus-4-go2-screen-remote-control-dual-cameracapture-net-gun-launcher\/#primaryimage"},"image":{"@id":"https:\/\/koningdrone.be\/product\/unitree-go2-ent-plus-4-go2-screen-remote-control-dual-cameracapture-net-gun-launcher\/#primaryimage"},"thumbnailUrl":"https:\/\/koningdrone.be\/wp-content\/uploads\/sites\/13\/2026\/04\/Unitree-Go2-Ent-Plus-1-Go2-screen-remote-control-dual-camera.jpg","datePublished":"2025-07-03T07:34:51+00:00","dateModified":"2026-04-30T14:20:29+00:00","breadcrumb":{"@id":"https:\/\/koningdrone.be\/product\/unitree-go2-ent-plus-4-go2-screen-remote-control-dual-cameracapture-net-gun-launcher\/#breadcrumb"},"inLanguage":"es","potentialAction":[{"@type":"ReadAction","target":["https:\/\/koningdrone.be\/product\/unitree-go2-ent-plus-4-go2-screen-remote-control-dual-cameracapture-net-gun-launcher\/"]}]},{"@type":"ImageObject","inLanguage":"es","@id":"https:\/\/koningdrone.be\/product\/unitree-go2-ent-plus-4-go2-screen-remote-control-dual-cameracapture-net-gun-launcher\/#primaryimage","url":"https:\/\/koningdrone.be\/wp-content\/uploads\/sites\/13\/2026\/04\/Unitree-Go2-Ent-Plus-1-Go2-screen-remote-control-dual-camera.jpg","contentUrl":"https:\/\/koningdrone.be\/wp-content\/uploads\/sites\/13\/2026\/04\/Unitree-Go2-Ent-Plus-1-Go2-screen-remote-control-dual-camera.jpg","width":550,"height":550},{"@type":"BreadcrumbList","@id":"https:\/\/koningdrone.be\/product\/unitree-go2-ent-plus-4-go2-screen-remote-control-dual-cameracapture-net-gun-launcher\/#breadcrumb","itemListElement":[{"@type":"ListItem","position":1,"name":"Home","item":"https:\/\/koningdrone.be\/"},{"@type":"ListItem","position":2,"name":"AVSS Parachute Recovery System for DJI Matrice 300\/350","item":"https:\/\/koningdrone.be\/product\/avss-parachute-recovery-system-for-dji-matrice-300-350\/"},{"@type":"ListItem","position":3,"name":"Unitree Go2 Ent","item":"https:\/\/koningdrone.be\/categorie\/unitree-go2-ent\/"},{"@type":"ListItem","position":4,"name":"Unitree Go2 Ent-Plus 4 (Go2 screen remote control (dual camera+capture net gun launcher))"}]},{"@type":"WebSite","@id":"https:\/\/koningdrone.be\/#website","url":"https:\/\/koningdrone.be\/","name":"Koningdrone.be - Su especialista en l\u00ednea en drones, cardanes, c\u00e1maras y centrales el\u00e9ctricas.","description":"La tienda virtual de drones y cardanes","publisher":{"@id":"https:\/\/koningdrone.be\/#organization"},"potentialAction":[{"@type":"SearchAction","target":{"@type":"EntryPoint","urlTemplate":"https:\/\/koningdrone.be\/?s={search_term_string}"},"query-input":{"@type":"PropertyValueSpecification","valueRequired":true,"valueName":"search_term_string"}}],"inLanguage":"es"},{"@type":"Organization","@id":"https:\/\/koningdrone.be\/#organization","name":"Kingdrone.es","url":"https:\/\/koningdrone.be\/","logo":{"@type":"ImageObject","inLanguage":"es","@id":"https:\/\/koningdrone.be\/#\/schema\/logo\/image\/","url":"https:\/\/koningdrone.be\/wp-content\/uploads\/sites\/13\/2025\/04\/koningdrone-copyright-logo.svg","contentUrl":"https:\/\/koningdrone.be\/wp-content\/uploads\/sites\/13\/2025\/04\/koningdrone-copyright-logo.svg","width":227,"height":38,"caption":"Koningdrone.be"},"image":{"@id":"https:\/\/koningdrone.be\/#\/schema\/logo\/image\/"}}]}},"df_price":21659,"df_sale_price":"","df_regular_price":21659,"df_image_link":"https:\/\/koningdrone.be\/wp-content\/uploads\/sites\/13\/2026\/04\/Unitree-Go2-Ent-Plus-1-Go2-screen-remote-control-dual-camera-300x300.jpg","_links":{"self":[{"href":"https:\/\/koningdrone.be\/es\/wp-json\/wp\/v2\/product\/15021","targetHints":{"allow":["GET"]}}],"collection":[{"href":"https:\/\/koningdrone.be\/es\/wp-json\/wp\/v2\/product"}],"about":[{"href":"https:\/\/koningdrone.be\/es\/wp-json\/wp\/v2\/types\/product"}],"wp:featuredmedia":[{"embeddable":true,"href":"https:\/\/koningdrone.be\/es\/wp-json\/wp\/v2\/media\/19012"}],"wp:attachment":[{"href":"https:\/\/koningdrone.be\/es\/wp-json\/wp\/v2\/media?parent=15021"}],"wp:term":[{"taxonomy":"product_brand","embeddable":true,"href":"https:\/\/koningdrone.be\/es\/wp-json\/wp\/v2\/product_brand?post=15021"},{"taxonomy":"product_cat","embeddable":true,"href":"https:\/\/koningdrone.be\/es\/wp-json\/wp\/v2\/product_cat?post=15021"},{"taxonomy":"product_tag","embeddable":true,"href":"https:\/\/koningdrone.be\/es\/wp-json\/wp\/v2\/product_tag?post=15021"}],"curies":[{"name":"wp","href":"https:\/\/api.w.org\/{rel}","templated":true}]}}