{"id":15019,"date":"2025-07-03T09:34:51","date_gmt":"2025-07-03T07:34:51","guid":{"rendered":"https:\/\/koningdrone.be\/product\/unitree-go2-ent-plus-3-go2-screen-remote-control-dual-camera6-38mm-transmitters\/"},"modified":"2026-04-30T16:20:28","modified_gmt":"2026-04-30T14:20:28","slug":"unitree-go2-ent-plus-3-go2-screen-remote-control-dual-camera6-38mm-transmitters","status":"publish","type":"product","link":"https:\/\/koningdrone.be\/es\/producto\/unitree-go2-ent-plus-3-go2-screen-remote-control-dual-camera6-38mm-transmitters\/","title":{"rendered":"Unitree Go2 Ent-Plus 3 (mando a distancia con pantalla Go2 (doble c\u00e1mara+6 transmisores de 38 mm)"},"content":{"rendered":"<h3>Unitree Go2 Ent-Plus 3 (mando a distancia con pantalla Go2 (doble c\u00e1mara+6 transmisores de 38 mm)<\/h3>\n<p>En <strong>Unitree Go2 Ent-Plus 3<\/strong> es la versi\u00f3n m\u00e1s especializada de la l\u00ednea Enterprise, dise\u00f1ada para escenarios en los que confluyen la movilidad f\u00edsica y las comunicaciones avanzadas. Mientras que otros robots se limitan a la adquisici\u00f3n de datos, el Ent-Plus 3 act\u00faa como una torre de transmisi\u00f3n activa sobre cuatro patas. Mediante la combinaci\u00f3n de un <strong>sistema de doble c\u00e1mara<\/strong>, una intuici\u00f3n <strong>control remoto de pantalla<\/strong> y una impresionante gama de <strong>seis transmisores de 38 mm<\/strong>, Esta plataforma es l\u00edder indiscutible en demostraciones complejas, se\u00f1alizaci\u00f3n p\u00fablica y montajes de investigaci\u00f3n a gran escala en los que la comunicaci\u00f3n con el exterior es crucial.<\/p>\n<p><a href=\"https:\/\/koningdrone.nl\/wp-content\/uploads\/2025\/07\/Unitree-Go2-Ent-Plus-1-Go2-screen-remote-control-dual-camera.jpg\"><img loading=\"lazy\" decoding=\"async\" class=\"size-medium wp-image-472886 aligncenter\" src=\"https:\/\/koningdrone.nl\/wp-content\/uploads\/2025\/07\/Unitree-Go2-Ent-Plus-1-Go2-screen-remote-control-dual-camera-300x300.jpg\" alt=\"Unitree Go2 Ent- Plus 1 (Go2 screen remote control (dual camera))\" width=\"300\" height=\"300\" \/><\/a><\/p>\n<h4>Arquitectura avanzada de se\u00f1ales y visi\u00f3n en tiempo real<\/h4>\n<p>La fuerza tecnol\u00f3gica del Ent-Plus 3 reside en su capacidad no s\u00f3lo de recibir informaci\u00f3n, sino tambi\u00e9n de transmitirla con potencia a su entorno:<\/p>\n<ul>\n<li><strong>Seis transmisores de 38 mm:<\/strong> Esta configuraci\u00f3n espec\u00edfica permite al robot transmitir se\u00f1ales externas o comunicarse con otros sistemas sobre el terreno. Esto hace que el robot sea ideal para demostraciones interactivas, simulaciones de control de multitudes o como nodo m\u00f3vil en una red mayor de sistemas aut\u00f3nomos.<\/li>\n<li><strong>Doble visi\u00f3n y Jetson AI:<\/strong> La configuraci\u00f3n de doble c\u00e1mara alimenta la potente <strong>M\u00f3dulo NVIDIA Jetson AI<\/strong> con un amplio espectro visual. Esto garantiza que el robot pueda navegar con extrema precisi\u00f3n incluso mientras gestiona complejas transmisiones de se\u00f1ales. Los algoritmos de inteligencia artificial garantizan una detecci\u00f3n de objetos impecable y una interacci\u00f3n \u00e1gil con el entorno.<\/li>\n<li><strong>Control directo a trav\u00e9s de la pantalla:<\/strong> El mando a distancia incluido con pantalla de alta definici\u00f3n integrada proporciona al operador una ventana directa a la misi\u00f3n. La informaci\u00f3n visual en directo es esencial para coordinar los transmisores y ajustar manualmente el robot en entornos dif\u00edciles.<\/li>\n<\/ul>\n<h4>Construcci\u00f3n de nivel empresarial y resistencia din\u00e1mica<\/h4>\n<p>Ent-Plus 3 est\u00e1 dise\u00f1ado para destacar y rendir en entornos profesionales exigentes:<\/p>\n<ul>\n<li><strong>Robustez ligera:<\/strong> El chasis, fabricado con <strong>aleaci\u00f3n de aluminio<\/strong> y pl\u00e1sticos t\u00e9cnicos de alta calidad, proporciona una excelente protecci\u00f3n a la electr\u00f3nica interna sin comprometer la maniobrabilidad. El dise\u00f1o est\u00e1 optimizado para ofrecer una larga vida \u00fatil en condiciones de uso intensivo.<\/li>\n<li><strong>Estabilidad inquebrantable:<\/strong> Su dise\u00f1o de cuatro patas y sus avanzados motores de articulaci\u00f3n garantizan un equilibrio superior en casi cualquier superficie. Ya sea en suelos de exposici\u00f3n resbaladizos o en terrenos exteriores irregulares; la Ent-Plus 3 mantiene su estabilidad, algo esencial para la precisi\u00f3n de los transmisores montados.<\/li>\n<li><strong>Modular y preparado para el futuro:<\/strong> Gracias a las interfaces extensibles y la arquitectura abierta de Unitree, esta plataforma puede adaptarse f\u00e1cilmente a nuevos est\u00e1ndares tecnol\u00f3gicos o a necesidades espec\u00edficas de investigaci\u00f3n.<\/li>\n<\/ul>\n<p><a href=\"https:\/\/koningdrone.nl\/wp-content\/uploads\/2025\/07\/Unitree-Go2-Edu-Plus-D1-Arm.jpg\"><img loading=\"lazy\" decoding=\"async\" class=\"size-medium wp-image-472869 aligncenter\" src=\"https:\/\/koningdrone.nl\/wp-content\/uploads\/2025\/07\/Unitree-Go2-Edu-Plus-D1-Arm-300x300.jpg\" alt=\"Unitree Go2 Edu Plus - D1 Arm\" width=\"300\" height=\"300\" \/><\/a><\/p>\n<h4>Por qu\u00e9 el Go2 Ent-Plus 3 es indispensable<\/h4>\n<p>Para centros de innovaci\u00f3n, universidades y empresas que ampl\u00edan los l\u00edmites de la interacci\u00f3n robot-humano y la se\u00f1alizaci\u00f3n externa, el Ent-Plus 3 es la herramienta m\u00e1s vers\u00e1til del mercado. Elimina la necesidad de complejos equipos de transmisi\u00f3n externos al integrarlo todo en una entidad m\u00f3vil e inteligente. Tanto si est\u00e1 realizando una demostraci\u00f3n p\u00fablica pionera, investigando redes malladas o necesita una soluci\u00f3n de se\u00f1alizaci\u00f3n m\u00f3vil para entornos industriales, el Ent-Plus 3 de Unitree Go2 ofrece el rendimiento y la fiabilidad necesarios para dejar una impresi\u00f3n duradera.<\/p>","protected":false},"excerpt":{"rendered":"<ul>\n<li>Robot con doble c\u00e1mara y seis transmisores de 38 mm para se\u00f1alizaci\u00f3n externa<\/li>\n<li>Navegaci\u00f3n aut\u00f3noma e informaci\u00f3n visual en tiempo real<\/li>\n<li>M\u00f3dulo Jetson AI para un control de gran precisi\u00f3n y capacidad de respuesta<\/li>\n<li>Chasis estable de cuatro pies apto para diferentes terrenos<\/li>\n<li>Ideal para demostraciones interactivas y proyectos de investigaci\u00f3n<\/li>\n<\/ul>","protected":false},"featured_media":19012,"template":"","meta":{"_acf_changed":false},"product_brand":[],"product_cat":[1988],"product_tag":[],"class_list":{"0":"post-15019","1":"product","2":"type-product","3":"status-publish","4":"has-post-thumbnail","6":"product_cat-unitree-go2-ent","7":"product_shipping_class-outofstock","8":"pa_brand-unitree","9":"pa_producttype-robot","10":"pa_series-go2","12":"first","13":"outofstock","14":"taxable","15":"shipping-taxable","16":"purchasable","17":"product-type-simple"},"acf":[],"yoast_head":"<!-- This site is optimized with the Yoast SEO Premium plugin v27.2 (Yoast SEO v27.2) - https:\/\/yoast.com\/product\/yoast-seo-premium-wordpress\/ -->\n<title>Unitree Go2 Ent-Plus 3 (Go2 screen remote control (dual camera+6 38mm transmitters) - koningdrone.be<\/title>\n<meta name=\"robots\" content=\"index, follow, max-snippet:-1, max-image-preview:large, max-video-preview:-1\" \/>\n<link rel=\"canonical\" href=\"https:\/\/koningdrone.be\/es\/producto\/unitree-go2-ent-plus-3-go2-screen-remote-control-dual-camera6-38mm-transmitters\/\" \/>\n<meta property=\"og:locale\" content=\"es_ES\" \/>\n<meta property=\"og:type\" content=\"article\" \/>\n<meta property=\"og:title\" content=\"Unitree Go2 Ent-Plus 3 (Go2 screen remote control (dual camera+6 38mm transmitters)\" \/>\n<meta property=\"og:description\" content=\"Robot met dual camera en zes 38 mm zenders voor externe signalering  Autonome navigatie en real-time visuele terugkoppeling  Jetson AI\u2011module voor hoge precisie en responsieve bediening  Stabiel viervoetig chassis geschikt voor verschillende terreinen  Ideaal voor interactieve demonstraties en onderzoeksprojecten\" \/>\n<meta property=\"og:url\" content=\"https:\/\/koningdrone.be\/es\/producto\/unitree-go2-ent-plus-3-go2-screen-remote-control-dual-camera6-38mm-transmitters\/\" \/>\n<meta property=\"og:site_name\" content=\"koningdrone.be\" \/>\n<meta property=\"article:modified_time\" content=\"2026-04-30T14:20:28+00:00\" \/>\n<meta property=\"og:image\" content=\"https:\/\/koningdrone.be\/wp-content\/uploads\/sites\/13\/2026\/04\/Unitree-Go2-Ent-Plus-1-Go2-screen-remote-control-dual-camera.jpg\" \/>\n\t<meta property=\"og:image:width\" content=\"550\" \/>\n\t<meta property=\"og:image:height\" content=\"550\" \/>\n\t<meta property=\"og:image:type\" content=\"image\/jpeg\" \/>\n<meta name=\"twitter:card\" content=\"summary_large_image\" \/>\n<meta name=\"twitter:label1\" content=\"Tiempo de lectura\" \/>\n\t<meta name=\"twitter:data1\" content=\"2 minutos\" \/>\n<script type=\"application\/ld+json\" class=\"yoast-schema-graph\">{\"@context\":\"https:\/\/schema.org\",\"@graph\":[{\"@type\":\"WebPage\",\"@id\":\"https:\/\/koningdrone.be\/product\/unitree-go2-ent-plus-3-go2-screen-remote-control-dual-camera6-38mm-transmitters\/\",\"url\":\"https:\/\/koningdrone.be\/product\/unitree-go2-ent-plus-3-go2-screen-remote-control-dual-camera6-38mm-transmitters\/\",\"name\":\"Unitree Go2 Ent-Plus 3 (Go2 screen remote control (dual camera+6 38mm transmitters) - koningdrone.be\",\"isPartOf\":{\"@id\":\"https:\/\/koningdrone.be\/#website\"},\"primaryImageOfPage\":{\"@id\":\"https:\/\/koningdrone.be\/product\/unitree-go2-ent-plus-3-go2-screen-remote-control-dual-camera6-38mm-transmitters\/#primaryimage\"},\"image\":{\"@id\":\"https:\/\/koningdrone.be\/product\/unitree-go2-ent-plus-3-go2-screen-remote-control-dual-camera6-38mm-transmitters\/#primaryimage\"},\"thumbnailUrl\":\"https:\/\/koningdrone.be\/wp-content\/uploads\/sites\/13\/2026\/04\/Unitree-Go2-Ent-Plus-1-Go2-screen-remote-control-dual-camera.jpg\",\"datePublished\":\"2025-07-03T07:34:51+00:00\",\"dateModified\":\"2026-04-30T14:20:28+00:00\",\"breadcrumb\":{\"@id\":\"https:\/\/koningdrone.be\/product\/unitree-go2-ent-plus-3-go2-screen-remote-control-dual-camera6-38mm-transmitters\/#breadcrumb\"},\"inLanguage\":\"es\",\"potentialAction\":[{\"@type\":\"ReadAction\",\"target\":[\"https:\/\/koningdrone.be\/product\/unitree-go2-ent-plus-3-go2-screen-remote-control-dual-camera6-38mm-transmitters\/\"]}]},{\"@type\":\"ImageObject\",\"inLanguage\":\"es\",\"@id\":\"https:\/\/koningdrone.be\/product\/unitree-go2-ent-plus-3-go2-screen-remote-control-dual-camera6-38mm-transmitters\/#primaryimage\",\"url\":\"https:\/\/koningdrone.be\/wp-content\/uploads\/sites\/13\/2026\/04\/Unitree-Go2-Ent-Plus-1-Go2-screen-remote-control-dual-camera.jpg\",\"contentUrl\":\"https:\/\/koningdrone.be\/wp-content\/uploads\/sites\/13\/2026\/04\/Unitree-Go2-Ent-Plus-1-Go2-screen-remote-control-dual-camera.jpg\",\"width\":550,\"height\":550},{\"@type\":\"BreadcrumbList\",\"@id\":\"https:\/\/koningdrone.be\/product\/unitree-go2-ent-plus-3-go2-screen-remote-control-dual-camera6-38mm-transmitters\/#breadcrumb\",\"itemListElement\":[{\"@type\":\"ListItem\",\"position\":1,\"name\":\"Home\",\"item\":\"https:\/\/koningdrone.be\/\"},{\"@type\":\"ListItem\",\"position\":2,\"name\":\"AVSS Parachute Recovery System for DJI Matrice 300\/350\",\"item\":\"https:\/\/koningdrone.be\/product\/avss-parachute-recovery-system-for-dji-matrice-300-350\/\"},{\"@type\":\"ListItem\",\"position\":3,\"name\":\"Unitree Go2 Ent\",\"item\":\"https:\/\/koningdrone.be\/categorie\/unitree-go2-ent\/\"},{\"@type\":\"ListItem\",\"position\":4,\"name\":\"Unitree Go2 Ent-Plus 3 (Go2 screen remote control (dual camera+6 38mm transmitters)\"}]},{\"@type\":\"WebSite\",\"@id\":\"https:\/\/koningdrone.be\/#website\",\"url\":\"https:\/\/koningdrone.be\/\",\"name\":\"Koningdrone.be - Uw online specialist in drones, gimbals, camera's en power stations.\",\"description\":\"De webshop in drones en gimbals\",\"publisher\":{\"@id\":\"https:\/\/koningdrone.be\/#organization\"},\"potentialAction\":[{\"@type\":\"SearchAction\",\"target\":{\"@type\":\"EntryPoint\",\"urlTemplate\":\"https:\/\/koningdrone.be\/?s={search_term_string}\"},\"query-input\":{\"@type\":\"PropertyValueSpecification\",\"valueRequired\":true,\"valueName\":\"search_term_string\"}}],\"inLanguage\":\"es\"},{\"@type\":\"Organization\",\"@id\":\"https:\/\/koningdrone.be\/#organization\",\"name\":\"Koningdrone.be\",\"url\":\"https:\/\/koningdrone.be\/\",\"logo\":{\"@type\":\"ImageObject\",\"inLanguage\":\"es\",\"@id\":\"https:\/\/koningdrone.be\/#\/schema\/logo\/image\/\",\"url\":\"https:\/\/koningdrone.be\/wp-content\/uploads\/sites\/13\/2025\/04\/koningdrone-copyright-logo.svg\",\"contentUrl\":\"https:\/\/koningdrone.be\/wp-content\/uploads\/sites\/13\/2025\/04\/koningdrone-copyright-logo.svg\",\"width\":227,\"height\":38,\"caption\":\"Koningdrone.be\"},\"image\":{\"@id\":\"https:\/\/koningdrone.be\/#\/schema\/logo\/image\/\"}}]}<\/script>\n<!-- \/ Yoast SEO Premium plugin. -->","yoast_head_json":{"title":"Unitree Go2 Ent-Plus 3 (Go2 screen remote control (dual camera+6 38mm transmitters) - koningdrone.be","robots":{"index":"index","follow":"follow","max-snippet":"max-snippet:-1","max-image-preview":"max-image-preview:large","max-video-preview":"max-video-preview:-1"},"canonical":"https:\/\/koningdrone.be\/es\/producto\/unitree-go2-ent-plus-3-go2-screen-remote-control-dual-camera6-38mm-transmitters\/","og_locale":"es_ES","og_type":"article","og_title":"Unitree Go2 Ent-Plus 3 (Go2 screen remote control (dual camera+6 38mm transmitters)","og_description":"Robot met dual camera en zes 38 mm zenders voor externe signalering  Autonome navigatie en real-time visuele terugkoppeling  Jetson AI\u2011module voor hoge precisie en responsieve bediening  Stabiel viervoetig chassis geschikt voor verschillende terreinen  Ideaal voor interactieve demonstraties en onderzoeksprojecten","og_url":"https:\/\/koningdrone.be\/es\/producto\/unitree-go2-ent-plus-3-go2-screen-remote-control-dual-camera6-38mm-transmitters\/","og_site_name":"koningdrone.be","article_modified_time":"2026-04-30T14:20:28+00:00","og_image":[{"width":550,"height":550,"url":"https:\/\/koningdrone.be\/wp-content\/uploads\/sites\/13\/2026\/04\/Unitree-Go2-Ent-Plus-1-Go2-screen-remote-control-dual-camera.jpg","type":"image\/jpeg"}],"twitter_card":"summary_large_image","twitter_misc":{"Tiempo de lectura":"2 minutos"},"schema":{"@context":"https:\/\/schema.org","@graph":[{"@type":"WebPage","@id":"https:\/\/koningdrone.be\/product\/unitree-go2-ent-plus-3-go2-screen-remote-control-dual-camera6-38mm-transmitters\/","url":"https:\/\/koningdrone.be\/product\/unitree-go2-ent-plus-3-go2-screen-remote-control-dual-camera6-38mm-transmitters\/","name":"Unitree Go2 Ent-Plus 3 (Go2 screen remote control (dual camera+6 38mm transmitters) - koningdrone.be","isPartOf":{"@id":"https:\/\/koningdrone.be\/#website"},"primaryImageOfPage":{"@id":"https:\/\/koningdrone.be\/product\/unitree-go2-ent-plus-3-go2-screen-remote-control-dual-camera6-38mm-transmitters\/#primaryimage"},"image":{"@id":"https:\/\/koningdrone.be\/product\/unitree-go2-ent-plus-3-go2-screen-remote-control-dual-camera6-38mm-transmitters\/#primaryimage"},"thumbnailUrl":"https:\/\/koningdrone.be\/wp-content\/uploads\/sites\/13\/2026\/04\/Unitree-Go2-Ent-Plus-1-Go2-screen-remote-control-dual-camera.jpg","datePublished":"2025-07-03T07:34:51+00:00","dateModified":"2026-04-30T14:20:28+00:00","breadcrumb":{"@id":"https:\/\/koningdrone.be\/product\/unitree-go2-ent-plus-3-go2-screen-remote-control-dual-camera6-38mm-transmitters\/#breadcrumb"},"inLanguage":"es","potentialAction":[{"@type":"ReadAction","target":["https:\/\/koningdrone.be\/product\/unitree-go2-ent-plus-3-go2-screen-remote-control-dual-camera6-38mm-transmitters\/"]}]},{"@type":"ImageObject","inLanguage":"es","@id":"https:\/\/koningdrone.be\/product\/unitree-go2-ent-plus-3-go2-screen-remote-control-dual-camera6-38mm-transmitters\/#primaryimage","url":"https:\/\/koningdrone.be\/wp-content\/uploads\/sites\/13\/2026\/04\/Unitree-Go2-Ent-Plus-1-Go2-screen-remote-control-dual-camera.jpg","contentUrl":"https:\/\/koningdrone.be\/wp-content\/uploads\/sites\/13\/2026\/04\/Unitree-Go2-Ent-Plus-1-Go2-screen-remote-control-dual-camera.jpg","width":550,"height":550},{"@type":"BreadcrumbList","@id":"https:\/\/koningdrone.be\/product\/unitree-go2-ent-plus-3-go2-screen-remote-control-dual-camera6-38mm-transmitters\/#breadcrumb","itemListElement":[{"@type":"ListItem","position":1,"name":"Home","item":"https:\/\/koningdrone.be\/"},{"@type":"ListItem","position":2,"name":"AVSS Parachute Recovery System for DJI Matrice 300\/350","item":"https:\/\/koningdrone.be\/product\/avss-parachute-recovery-system-for-dji-matrice-300-350\/"},{"@type":"ListItem","position":3,"name":"Unitree Go2 Ent","item":"https:\/\/koningdrone.be\/categorie\/unitree-go2-ent\/"},{"@type":"ListItem","position":4,"name":"Unitree Go2 Ent-Plus 3 (Go2 screen remote control (dual camera+6 38mm transmitters)"}]},{"@type":"WebSite","@id":"https:\/\/koningdrone.be\/#website","url":"https:\/\/koningdrone.be\/","name":"Koningdrone.be - Su especialista en l\u00ednea en drones, cardanes, c\u00e1maras y centrales el\u00e9ctricas.","description":"La tienda virtual de drones y cardanes","publisher":{"@id":"https:\/\/koningdrone.be\/#organization"},"potentialAction":[{"@type":"SearchAction","target":{"@type":"EntryPoint","urlTemplate":"https:\/\/koningdrone.be\/?s={search_term_string}"},"query-input":{"@type":"PropertyValueSpecification","valueRequired":true,"valueName":"search_term_string"}}],"inLanguage":"es"},{"@type":"Organization","@id":"https:\/\/koningdrone.be\/#organization","name":"Kingdrone.es","url":"https:\/\/koningdrone.be\/","logo":{"@type":"ImageObject","inLanguage":"es","@id":"https:\/\/koningdrone.be\/#\/schema\/logo\/image\/","url":"https:\/\/koningdrone.be\/wp-content\/uploads\/sites\/13\/2025\/04\/koningdrone-copyright-logo.svg","contentUrl":"https:\/\/koningdrone.be\/wp-content\/uploads\/sites\/13\/2025\/04\/koningdrone-copyright-logo.svg","width":227,"height":38,"caption":"Koningdrone.be"},"image":{"@id":"https:\/\/koningdrone.be\/#\/schema\/logo\/image\/"}}]}},"df_price":23328.8,"df_sale_price":"","df_regular_price":23328.8,"df_image_link":"https:\/\/koningdrone.be\/wp-content\/uploads\/sites\/13\/2026\/04\/Unitree-Go2-Ent-Plus-1-Go2-screen-remote-control-dual-camera-300x300.jpg","_links":{"self":[{"href":"https:\/\/koningdrone.be\/es\/wp-json\/wp\/v2\/product\/15019","targetHints":{"allow":["GET"]}}],"collection":[{"href":"https:\/\/koningdrone.be\/es\/wp-json\/wp\/v2\/product"}],"about":[{"href":"https:\/\/koningdrone.be\/es\/wp-json\/wp\/v2\/types\/product"}],"wp:featuredmedia":[{"embeddable":true,"href":"https:\/\/koningdrone.be\/es\/wp-json\/wp\/v2\/media\/19012"}],"wp:attachment":[{"href":"https:\/\/koningdrone.be\/es\/wp-json\/wp\/v2\/media?parent=15019"}],"wp:term":[{"taxonomy":"product_brand","embeddable":true,"href":"https:\/\/koningdrone.be\/es\/wp-json\/wp\/v2\/product_brand?post=15019"},{"taxonomy":"product_cat","embeddable":true,"href":"https:\/\/koningdrone.be\/es\/wp-json\/wp\/v2\/product_cat?post=15019"},{"taxonomy":"product_tag","embeddable":true,"href":"https:\/\/koningdrone.be\/es\/wp-json\/wp\/v2\/product_tag?post=15019"}],"curies":[{"name":"wp","href":"https:\/\/api.w.org\/{rel}","templated":true}]}}