{"id":14987,"date":"2025-07-03T09:35:53","date_gmt":"2025-07-03T07:35:53","guid":{"rendered":"https:\/\/koningdrone.be\/product\/unitree-l1-pm-lidarprecision-measurement\/"},"modified":"2026-05-16T16:21:10","modified_gmt":"2026-05-16T14:21:10","slug":"unitree-l1-pm-lidarprecision-measurement","status":"publish","type":"product","link":"https:\/\/koningdrone.be\/es\/producto\/unitree-l1-pm-lidarprecision-measurement\/","title":{"rendered":"Unitree L1 PM LiDAR (Medici\u00f3n de precisi\u00f3n)"},"content":{"rendered":"<h3>Unitree L1 PM LiDAR(Medici\u00f3n de precisi\u00f3n)<\/h3>\n<p>El Unitree 4D-LIDAR L1 PM es un sensor LiDAR 4D compacto dise\u00f1ado para plataformas rob\u00f3ticas y sistemas m\u00f3viles para los que son importantes una amplia percepci\u00f3n del entorno y una medici\u00f3n precisa de la distancia. Esta versi\u00f3n, Precision Measurement, se centra en mediciones precisas a distancias cortas y medias con una zona ciega m\u00ednima. Su dise\u00f1o de barrido omnidireccional le permite cartografiar entornos completos, lo que lo hace adecuado para aplicaciones de cartograf\u00eda, navegaci\u00f3n y SLAM.<\/p>\n<h4>Rendimiento y funcionalidad<\/h4>\n<p>El LiDAR L1 PM utiliza un espejo giratorio sin escobillas y sin contacto que escanea un campo ultraamplio de 360\u00b0 \u00d7 90\u00b0, detectando con precisi\u00f3n obst\u00e1culos y estructuras a su alrededor. Proporciona datos de nube de puntos de alta frecuencia para la percepci\u00f3n en tiempo real e incluye una IMU integrada (aceler\u00f3metro de 3 ejes y giroscopio de 3 ejes) para soportar el movimiento y los cambios din\u00e1micos. La distancia de medici\u00f3n se extiende a unos 20 m con alta reflectividad y a unos 10 m con baja reflectividad.<\/p>\n<p><a href=\"https:\/\/koningdrone.nl\/wp-content\/uploads\/2025\/07\/Unitree-L1-PM-LiDAR.webp\"><img loading=\"lazy\" decoding=\"async\" class=\"size-medium wp-image-473028 aligncenter\" src=\"https:\/\/koningdrone.nl\/wp-content\/uploads\/2025\/07\/Unitree-L1-PM-LiDAR-300x252.webp\" alt=\"Unitree L1 PM LiDAR\" width=\"300\" height=\"252\" \/><\/a><\/p>\n<h4>Calidad de construcci\u00f3n y dise\u00f1o<\/h4>\n<p>Con unas dimensiones de s\u00f3lo 75 \u00d7 75 \u00d7 65 mm y un peso de ~230 g, esta unidad es compacta y ligera, lo que facilita su montaje en diversas plataformas rob\u00f3ticas sin a\u00f1adir mucho peso adicional. La carcasa est\u00e1 dise\u00f1ada para ofrecer protecci\u00f3n frente a la luz ambiental y los reflejos, lo que permite su uso tanto en interiores como en exteriores con un rendimiento estable.<\/p>\n<h4>Por qu\u00e9 lo necesita<\/h4>\n<p>Al trabajar con robots aut\u00f3nomos, sistemas de cartograf\u00eda o incluso navegaci\u00f3n SLAM, este sensor LiDAR le proporciona los datos 4D (posici\u00f3n 3D m\u00e1s reflectividad) necesarios para tomar decisiones precisas sobre el entorno, los obst\u00e1culos y las rutas. La combinaci\u00f3n de tama\u00f1o compacto, amplio \u00e1ngulo de barrido y compatibilidad con IMU integrada lo convierten en un valioso sensor para proyectos de rob\u00f3tica.<\/p>","protected":false},"excerpt":{"rendered":"<ul>\n<li>Campo de exploraci\u00f3n ultraamplio de 360\u00b0 \u00d7 90\u00b0 para una percepci\u00f3n completa del entorno.<\/li>\n<li>Tama\u00f1o compacto de 75 \u00d7 75 \u00d7 65 mm, peso ligero (~230 g).<\/li>\n<li>Variante de medici\u00f3n de precisi\u00f3n con precisi\u00f3n de corto alcance mejorada.<\/li>\n<li>Sensor IMU integrado para combinar datos de ubicaci\u00f3n y movimiento.<\/li>\n<li>Comunicaci\u00f3n TTL UART y s\u00f3lida protecci\u00f3n contra la luz y los reflejos.<\/li>\n<\/ul>","protected":false},"featured_media":19038,"template":"","meta":{"_acf_changed":false},"product_brand":[],"product_cat":[1995],"product_tag":[],"class_list":{"0":"post-14987","1":"product","2":"type-product","3":"status-publish","4":"has-post-thumbnail","6":"product_cat-unitree-l1","7":"product_shipping_class-outofstock","8":"pa_brand-unitree","9":"pa_producttype-lidar-sensor","10":"pa_series-l1","12":"first","13":"outofstock","14":"taxable","15":"shipping-taxable","16":"purchasable","17":"product-type-simple"},"acf":[],"yoast_head":"<!-- This site is optimized with the Yoast SEO Premium plugin v27.2 (Yoast SEO v27.2) - https:\/\/yoast.com\/product\/yoast-seo-premium-wordpress\/ -->\n<title>Unitree L1 PM LiDAR (Precision Measurement) - koningdrone.be<\/title>\n<meta name=\"robots\" content=\"index, follow, max-snippet:-1, max-image-preview:large, max-video-preview:-1\" \/>\n<link rel=\"canonical\" href=\"https:\/\/koningdrone.be\/es\/producto\/unitree-l1-pm-lidarprecision-measurement\/\" \/>\n<meta property=\"og:locale\" content=\"es_ES\" \/>\n<meta property=\"og:type\" content=\"article\" \/>\n<meta property=\"og:title\" content=\"Unitree L1 PM LiDAR (Precision Measurement)\" \/>\n<meta property=\"og:description\" content=\"Ultra\u2011breed scanveld 360\u00b0\u202f\u00d7\u202f90\u00b0 voor volledige omgevingsperceptie.  Compact formaat van 75\u202f\u00d7\u202f75\u202f\u00d7\u202f65\u202fmm, lichtgewicht (~230\u202fg).  Precision Measurement\u2011variant met verbeterde korte\u2011afstandsprecisie.  Ge\u00efntegreerde IMU\u2011sensor voor gecombineerde locatie\u2011 en bewegingdata.  TTL UART\u2011communicatie en robuuste licht\u2011 en verblindingsbescherming.\" \/>\n<meta property=\"og:url\" content=\"https:\/\/koningdrone.be\/es\/producto\/unitree-l1-pm-lidarprecision-measurement\/\" \/>\n<meta property=\"og:site_name\" content=\"koningdrone.be\" \/>\n<meta property=\"article:modified_time\" content=\"2026-05-16T14:21:10+00:00\" \/>\n<meta property=\"og:image\" content=\"https:\/\/koningdrone.be\/wp-content\/uploads\/sites\/13\/2026\/04\/Unitree-L1-PM-LiDAR.webp\" \/>\n\t<meta property=\"og:image:width\" content=\"1680\" \/>\n\t<meta property=\"og:image:height\" content=\"1410\" \/>\n\t<meta property=\"og:image:type\" content=\"image\/webp\" \/>\n<meta name=\"twitter:card\" content=\"summary_large_image\" \/>\n<meta name=\"twitter:label1\" content=\"Tiempo de lectura\" \/>\n\t<meta name=\"twitter:data1\" content=\"1 minuto\" \/>\n<script type=\"application\/ld+json\" class=\"yoast-schema-graph\">{\"@context\":\"https:\/\/schema.org\",\"@graph\":[{\"@type\":\"WebPage\",\"@id\":\"https:\/\/koningdrone.be\/product\/unitree-l1-pm-lidarprecision-measurement\/\",\"url\":\"https:\/\/koningdrone.be\/product\/unitree-l1-pm-lidarprecision-measurement\/\",\"name\":\"Unitree L1 PM LiDAR (Precision Measurement) - koningdrone.be\",\"isPartOf\":{\"@id\":\"https:\/\/koningdrone.be\/#website\"},\"primaryImageOfPage\":{\"@id\":\"https:\/\/koningdrone.be\/product\/unitree-l1-pm-lidarprecision-measurement\/#primaryimage\"},\"image\":{\"@id\":\"https:\/\/koningdrone.be\/product\/unitree-l1-pm-lidarprecision-measurement\/#primaryimage\"},\"thumbnailUrl\":\"https:\/\/koningdrone.be\/wp-content\/uploads\/sites\/13\/2026\/04\/Unitree-L1-PM-LiDAR.webp\",\"datePublished\":\"2025-07-03T07:35:53+00:00\",\"dateModified\":\"2026-05-16T14:21:10+00:00\",\"breadcrumb\":{\"@id\":\"https:\/\/koningdrone.be\/product\/unitree-l1-pm-lidarprecision-measurement\/#breadcrumb\"},\"inLanguage\":\"es\",\"potentialAction\":[{\"@type\":\"ReadAction\",\"target\":[\"https:\/\/koningdrone.be\/product\/unitree-l1-pm-lidarprecision-measurement\/\"]}]},{\"@type\":\"ImageObject\",\"inLanguage\":\"es\",\"@id\":\"https:\/\/koningdrone.be\/product\/unitree-l1-pm-lidarprecision-measurement\/#primaryimage\",\"url\":\"https:\/\/koningdrone.be\/wp-content\/uploads\/sites\/13\/2026\/04\/Unitree-L1-PM-LiDAR.webp\",\"contentUrl\":\"https:\/\/koningdrone.be\/wp-content\/uploads\/sites\/13\/2026\/04\/Unitree-L1-PM-LiDAR.webp\",\"width\":1680,\"height\":1410},{\"@type\":\"BreadcrumbList\",\"@id\":\"https:\/\/koningdrone.be\/product\/unitree-l1-pm-lidarprecision-measurement\/#breadcrumb\",\"itemListElement\":[{\"@type\":\"ListItem\",\"position\":1,\"name\":\"Home\",\"item\":\"https:\/\/koningdrone.be\/\"},{\"@type\":\"ListItem\",\"position\":2,\"name\":\"AVSS Parachute Recovery System for DJI Matrice 300\/350\",\"item\":\"https:\/\/koningdrone.be\/product\/avss-parachute-recovery-system-for-dji-matrice-300-350\/\"},{\"@type\":\"ListItem\",\"position\":3,\"name\":\"Unitree L1\",\"item\":\"https:\/\/koningdrone.be\/categorie\/unitree-l1\/\"},{\"@type\":\"ListItem\",\"position\":4,\"name\":\"Unitree L1 PM LiDAR (Precision Measurement)\"}]},{\"@type\":\"WebSite\",\"@id\":\"https:\/\/koningdrone.be\/#website\",\"url\":\"https:\/\/koningdrone.be\/\",\"name\":\"Koningdrone.be - Uw online specialist in drones, gimbals, camera's en power stations.\",\"description\":\"De webshop in drones en gimbals\",\"publisher\":{\"@id\":\"https:\/\/koningdrone.be\/#organization\"},\"potentialAction\":[{\"@type\":\"SearchAction\",\"target\":{\"@type\":\"EntryPoint\",\"urlTemplate\":\"https:\/\/koningdrone.be\/?s={search_term_string}\"},\"query-input\":{\"@type\":\"PropertyValueSpecification\",\"valueRequired\":true,\"valueName\":\"search_term_string\"}}],\"inLanguage\":\"es\"},{\"@type\":\"Organization\",\"@id\":\"https:\/\/koningdrone.be\/#organization\",\"name\":\"Koningdrone.be\",\"url\":\"https:\/\/koningdrone.be\/\",\"logo\":{\"@type\":\"ImageObject\",\"inLanguage\":\"es\",\"@id\":\"https:\/\/koningdrone.be\/#\/schema\/logo\/image\/\",\"url\":\"https:\/\/koningdrone.be\/wp-content\/uploads\/sites\/13\/2025\/04\/koningdrone-copyright-logo.svg\",\"contentUrl\":\"https:\/\/koningdrone.be\/wp-content\/uploads\/sites\/13\/2025\/04\/koningdrone-copyright-logo.svg\",\"width\":227,\"height\":38,\"caption\":\"Koningdrone.be\"},\"image\":{\"@id\":\"https:\/\/koningdrone.be\/#\/schema\/logo\/image\/\"}}]}<\/script>\n<!-- \/ Yoast SEO Premium plugin. -->","yoast_head_json":{"title":"Unitree L1 PM LiDAR (Precision Measurement) - koningdrone.be","robots":{"index":"index","follow":"follow","max-snippet":"max-snippet:-1","max-image-preview":"max-image-preview:large","max-video-preview":"max-video-preview:-1"},"canonical":"https:\/\/koningdrone.be\/es\/producto\/unitree-l1-pm-lidarprecision-measurement\/","og_locale":"es_ES","og_type":"article","og_title":"Unitree L1 PM LiDAR (Precision Measurement)","og_description":"Ultra\u2011breed scanveld 360\u00b0\u202f\u00d7\u202f90\u00b0 voor volledige omgevingsperceptie.  Compact formaat van 75\u202f\u00d7\u202f75\u202f\u00d7\u202f65\u202fmm, lichtgewicht (~230\u202fg).  Precision Measurement\u2011variant met verbeterde korte\u2011afstandsprecisie.  Ge\u00efntegreerde IMU\u2011sensor voor gecombineerde locatie\u2011 en bewegingdata.  TTL UART\u2011communicatie en robuuste licht\u2011 en verblindingsbescherming.","og_url":"https:\/\/koningdrone.be\/es\/producto\/unitree-l1-pm-lidarprecision-measurement\/","og_site_name":"koningdrone.be","article_modified_time":"2026-05-16T14:21:10+00:00","og_image":[{"width":1680,"height":1410,"url":"https:\/\/koningdrone.be\/wp-content\/uploads\/sites\/13\/2026\/04\/Unitree-L1-PM-LiDAR.webp","type":"image\/webp"}],"twitter_card":"summary_large_image","twitter_misc":{"Tiempo de lectura":"1 minuto"},"schema":{"@context":"https:\/\/schema.org","@graph":[{"@type":"WebPage","@id":"https:\/\/koningdrone.be\/product\/unitree-l1-pm-lidarprecision-measurement\/","url":"https:\/\/koningdrone.be\/product\/unitree-l1-pm-lidarprecision-measurement\/","name":"Unitree L1 PM LiDAR (Precision Measurement) - koningdrone.be","isPartOf":{"@id":"https:\/\/koningdrone.be\/#website"},"primaryImageOfPage":{"@id":"https:\/\/koningdrone.be\/product\/unitree-l1-pm-lidarprecision-measurement\/#primaryimage"},"image":{"@id":"https:\/\/koningdrone.be\/product\/unitree-l1-pm-lidarprecision-measurement\/#primaryimage"},"thumbnailUrl":"https:\/\/koningdrone.be\/wp-content\/uploads\/sites\/13\/2026\/04\/Unitree-L1-PM-LiDAR.webp","datePublished":"2025-07-03T07:35:53+00:00","dateModified":"2026-05-16T14:21:10+00:00","breadcrumb":{"@id":"https:\/\/koningdrone.be\/product\/unitree-l1-pm-lidarprecision-measurement\/#breadcrumb"},"inLanguage":"es","potentialAction":[{"@type":"ReadAction","target":["https:\/\/koningdrone.be\/product\/unitree-l1-pm-lidarprecision-measurement\/"]}]},{"@type":"ImageObject","inLanguage":"es","@id":"https:\/\/koningdrone.be\/product\/unitree-l1-pm-lidarprecision-measurement\/#primaryimage","url":"https:\/\/koningdrone.be\/wp-content\/uploads\/sites\/13\/2026\/04\/Unitree-L1-PM-LiDAR.webp","contentUrl":"https:\/\/koningdrone.be\/wp-content\/uploads\/sites\/13\/2026\/04\/Unitree-L1-PM-LiDAR.webp","width":1680,"height":1410},{"@type":"BreadcrumbList","@id":"https:\/\/koningdrone.be\/product\/unitree-l1-pm-lidarprecision-measurement\/#breadcrumb","itemListElement":[{"@type":"ListItem","position":1,"name":"Home","item":"https:\/\/koningdrone.be\/"},{"@type":"ListItem","position":2,"name":"AVSS Parachute Recovery System for DJI Matrice 300\/350","item":"https:\/\/koningdrone.be\/product\/avss-parachute-recovery-system-for-dji-matrice-300-350\/"},{"@type":"ListItem","position":3,"name":"Unitree L1","item":"https:\/\/koningdrone.be\/categorie\/unitree-l1\/"},{"@type":"ListItem","position":4,"name":"Unitree L1 PM LiDAR (Precision Measurement)"}]},{"@type":"WebSite","@id":"https:\/\/koningdrone.be\/#website","url":"https:\/\/koningdrone.be\/","name":"Koningdrone.be - Su especialista en l\u00ednea en drones, cardanes, c\u00e1maras y centrales el\u00e9ctricas.","description":"La tienda virtual de drones y cardanes","publisher":{"@id":"https:\/\/koningdrone.be\/#organization"},"potentialAction":[{"@type":"SearchAction","target":{"@type":"EntryPoint","urlTemplate":"https:\/\/koningdrone.be\/?s={search_term_string}"},"query-input":{"@type":"PropertyValueSpecification","valueRequired":true,"valueName":"search_term_string"}}],"inLanguage":"es"},{"@type":"Organization","@id":"https:\/\/koningdrone.be\/#organization","name":"Kingdrone.es","url":"https:\/\/koningdrone.be\/","logo":{"@type":"ImageObject","inLanguage":"es","@id":"https:\/\/koningdrone.be\/#\/schema\/logo\/image\/","url":"https:\/\/koningdrone.be\/wp-content\/uploads\/sites\/13\/2025\/04\/koningdrone-copyright-logo.svg","contentUrl":"https:\/\/koningdrone.be\/wp-content\/uploads\/sites\/13\/2025\/04\/koningdrone-copyright-logo.svg","width":227,"height":38,"caption":"Koningdrone.be"},"image":{"@id":"https:\/\/koningdrone.be\/#\/schema\/logo\/image\/"}}]}},"df_price":544.5,"df_sale_price":"","df_regular_price":544.5,"df_image_link":"https:\/\/koningdrone.be\/wp-content\/uploads\/sites\/13\/2026\/04\/Unitree-L1-PM-LiDAR-300x252.webp","_links":{"self":[{"href":"https:\/\/koningdrone.be\/es\/wp-json\/wp\/v2\/product\/14987","targetHints":{"allow":["GET"]}}],"collection":[{"href":"https:\/\/koningdrone.be\/es\/wp-json\/wp\/v2\/product"}],"about":[{"href":"https:\/\/koningdrone.be\/es\/wp-json\/wp\/v2\/types\/product"}],"wp:featuredmedia":[{"embeddable":true,"href":"https:\/\/koningdrone.be\/es\/wp-json\/wp\/v2\/media\/19038"}],"wp:attachment":[{"href":"https:\/\/koningdrone.be\/es\/wp-json\/wp\/v2\/media?parent=14987"}],"wp:term":[{"taxonomy":"product_brand","embeddable":true,"href":"https:\/\/koningdrone.be\/es\/wp-json\/wp\/v2\/product_brand?post=14987"},{"taxonomy":"product_cat","embeddable":true,"href":"https:\/\/koningdrone.be\/es\/wp-json\/wp\/v2\/product_cat?post=14987"},{"taxonomy":"product_tag","embeddable":true,"href":"https:\/\/koningdrone.be\/es\/wp-json\/wp\/v2\/product_tag?post=14987"}],"curies":[{"name":"wp","href":"https:\/\/api.w.org\/{rel}","templated":true}]}}