{"id":1498,"date":"2024-12-04T12:17:54","date_gmt":"2024-12-04T11:17:54","guid":{"rendered":"https:\/\/koningdrone.nl\/kon\/product\/hollyland-solidcom-c1-8s\/"},"modified":"2026-04-30T16:20:11","modified_gmt":"2026-04-30T14:20:11","slug":"hollyland-solidcom-c1-8s","status":"publish","type":"product","link":"https:\/\/koningdrone.be\/es\/producto\/hollyland-solidcom-c1-8s\/","title":{"rendered":"Hollyland Solidcom C1-8S"},"content":{"rendered":"<p>El Solidcom C1-8S de Hollyland es un sistema de intercomunicaci\u00f3n inal\u00e1mbrico full d\u00faplex profesional dise\u00f1ado para una comunicaci\u00f3n en equipo perfecta. Con 8 auriculares ligeros y c\u00f3modos con una base HUB, este sistema admite audio cristalino con un alcance de hasta 350 metros. Funciona en la banda de frecuencia de 1,9 GHz para ofrecer un rendimiento estable y sin interferencias. Ideal para equipos de emisi\u00f3n, eventos o producci\u00f3n, el Solidcom C1-8S ofrece una autonom\u00eda de 16 horas, una instalaci\u00f3n sencilla y un funcionamiento manos libres, para una coordinaci\u00f3n eficaz y fiable en cualquier entorno.<\/p>","protected":false},"excerpt":{"rendered":"<ul>\n<li>Aut\u00e9ntico auricular inal\u00e1mbrico para comunicaci\u00f3n bidireccional en l\u00ednea de 1000\u2032.<\/li>\n<li>Respuesta en frecuencia de 150 Hz a 7 kHz para una coordinaci\u00f3n precisa.<\/li>\n<li>F\u00e1cil instalaci\u00f3n con conexi\u00f3n autom\u00e1tica nada m\u00e1s sacarlo de la caja.<\/li>\n<li>Estabilidad y seguridad mejoradas con DECT 6.0.<\/li>\n<li>Conexiones en cascada a trav\u00e9s de redes IP, interfaces de entrada-salida de audio de 2\/4 hilos.<\/li>\n<li>Configuraci\u00f3n de llamada agrupada A\/B.<\/li>\n<li>Anuncie la tecla para silenciar todos los auriculares para mensajes de emergencia de la estaci\u00f3n base HUB.<\/li>\n<li>La funci\u00f3n UAC (USB Audio Class) permite al HUB participar en cualquier reuni\u00f3n en la nube de su ordenador.<\/li>\n<\/ul>","protected":false},"featured_media":1486,"template":"","meta":{"_acf_changed":false},"product_brand":[],"product_cat":[97,206,207],"product_tag":[],"class_list":{"0":"post-1498","1":"product","2":"type-product","3":"status-publish","4":"has-post-thumbnail","6":"product_cat-alle-producten","7":"product_cat-communicatie","8":"product_cat-hollyland","9":"product_shipping_class-outofstock","10":"pa_brand-hollyland","11":"pa_producttype-intercomsysteem","12":"pa_series-c1","14":"first","15":"outofstock","16":"taxable","17":"shipping-taxable","18":"purchasable","19":"product-type-simple"},"acf":[],"yoast_head":"<!-- This site is optimized with the Yoast SEO Premium plugin v27.2 (Yoast SEO v27.2) - https:\/\/yoast.com\/product\/yoast-seo-premium-wordpress\/ -->\n<title>Hollyland Solidcom C1-8S - koningdrone.be<\/title>\n<meta name=\"robots\" content=\"index, follow, max-snippet:-1, max-image-preview:large, max-video-preview:-1\" \/>\n<link rel=\"canonical\" href=\"https:\/\/koningdrone.be\/es\/producto\/hollyland-solidcom-c1-8s\/\" \/>\n<meta property=\"og:locale\" content=\"es_ES\" \/>\n<meta property=\"og:type\" content=\"article\" \/>\n<meta property=\"og:title\" content=\"Hollyland Solidcom C1-8S\" \/>\n<meta property=\"og:description\" content=\"Echte draadloze headset voor 1000&#039; line-of-site 2-weg communicatie.150 Hz tot 7 kHz frequentierespons voor nauwkeurige co\u00f6rdinatie.Eenvoudige installatie met automatische verbinding direct uit de doos.Verbeterde stabiliteit en beveiliging met DECT 6.0.Cascadeverbindingen via IP-netwerken, 2\/4-draads audio-input-output interfaces.A\/B gegroepeerde gespreksinstelling.Kondig de toets aan om alle headsets te dempen voor noodberichten van het HUB-basisstation.Met de UAC-functie (USB Audio Class) kan de HUB deelnemen aan elke cloud-vergadering op je computer.\" \/>\n<meta property=\"og:url\" content=\"https:\/\/koningdrone.be\/es\/producto\/hollyland-solidcom-c1-8s\/\" \/>\n<meta property=\"og:site_name\" content=\"koningdrone.be\" \/>\n<meta property=\"article:modified_time\" content=\"2026-04-30T14:20:11+00:00\" \/>\n<meta property=\"og:image\" content=\"https:\/\/koningdrone.be\/wp-content\/uploads\/sites\/13\/2025\/04\/1_29780ec8-435f-4f8f-b949-6f84a4e7c30c.jpg\" \/>\n\t<meta property=\"og:image:width\" content=\"2048\" \/>\n\t<meta property=\"og:image:height\" content=\"2048\" \/>\n\t<meta property=\"og:image:type\" content=\"image\/jpeg\" \/>\n<meta name=\"twitter:card\" content=\"summary_large_image\" \/>\n<script type=\"application\/ld+json\" class=\"yoast-schema-graph\">{\"@context\":\"https:\/\/schema.org\",\"@graph\":[{\"@type\":\"WebPage\",\"@id\":\"https:\/\/koningdrone.be\/product\/hollyland-solidcom-c1-8s\/\",\"url\":\"https:\/\/koningdrone.be\/product\/hollyland-solidcom-c1-8s\/\",\"name\":\"Hollyland Solidcom C1-8S - koningdrone.be\",\"isPartOf\":{\"@id\":\"https:\/\/koningdrone.be\/#website\"},\"primaryImageOfPage\":{\"@id\":\"https:\/\/koningdrone.be\/product\/hollyland-solidcom-c1-8s\/#primaryimage\"},\"image\":{\"@id\":\"https:\/\/koningdrone.be\/product\/hollyland-solidcom-c1-8s\/#primaryimage\"},\"thumbnailUrl\":\"https:\/\/koningdrone.be\/wp-content\/uploads\/sites\/13\/2025\/04\/1_29780ec8-435f-4f8f-b949-6f84a4e7c30c.jpg\",\"datePublished\":\"2024-12-04T11:17:54+00:00\",\"dateModified\":\"2026-04-30T14:20:11+00:00\",\"breadcrumb\":{\"@id\":\"https:\/\/koningdrone.be\/product\/hollyland-solidcom-c1-8s\/#breadcrumb\"},\"inLanguage\":\"es\",\"potentialAction\":[{\"@type\":\"ReadAction\",\"target\":[\"https:\/\/koningdrone.be\/product\/hollyland-solidcom-c1-8s\/\"]}]},{\"@type\":\"ImageObject\",\"inLanguage\":\"es\",\"@id\":\"https:\/\/koningdrone.be\/product\/hollyland-solidcom-c1-8s\/#primaryimage\",\"url\":\"https:\/\/koningdrone.be\/wp-content\/uploads\/sites\/13\/2025\/04\/1_29780ec8-435f-4f8f-b949-6f84a4e7c30c.jpg\",\"contentUrl\":\"https:\/\/koningdrone.be\/wp-content\/uploads\/sites\/13\/2025\/04\/1_29780ec8-435f-4f8f-b949-6f84a4e7c30c.jpg\",\"width\":2048,\"height\":2048},{\"@type\":\"BreadcrumbList\",\"@id\":\"https:\/\/koningdrone.be\/product\/hollyland-solidcom-c1-8s\/#breadcrumb\",\"itemListElement\":[{\"@type\":\"ListItem\",\"position\":1,\"name\":\"Home\",\"item\":\"https:\/\/koningdrone.be\/\"},{\"@type\":\"ListItem\",\"position\":2,\"name\":\"AVSS Parachute Recovery System for DJI Matrice 300\/350\",\"item\":\"https:\/\/koningdrone.be\/product\/avss-parachute-recovery-system-for-dji-matrice-300-350\/\"},{\"@type\":\"ListItem\",\"position\":3,\"name\":\"Alle producten\",\"item\":\"https:\/\/koningdrone.be\/categorie\/alle-producten\/\"},{\"@type\":\"ListItem\",\"position\":4,\"name\":\"Hollyland Solidcom C1-8S\"}]},{\"@type\":\"WebSite\",\"@id\":\"https:\/\/koningdrone.be\/#website\",\"url\":\"https:\/\/koningdrone.be\/\",\"name\":\"Koningdrone.be - Uw online specialist in drones, gimbals, camera's en power stations.\",\"description\":\"De webshop in drones en gimbals\",\"publisher\":{\"@id\":\"https:\/\/koningdrone.be\/#organization\"},\"potentialAction\":[{\"@type\":\"SearchAction\",\"target\":{\"@type\":\"EntryPoint\",\"urlTemplate\":\"https:\/\/koningdrone.be\/?s={search_term_string}\"},\"query-input\":{\"@type\":\"PropertyValueSpecification\",\"valueRequired\":true,\"valueName\":\"search_term_string\"}}],\"inLanguage\":\"es\"},{\"@type\":\"Organization\",\"@id\":\"https:\/\/koningdrone.be\/#organization\",\"name\":\"Koningdrone.be\",\"url\":\"https:\/\/koningdrone.be\/\",\"logo\":{\"@type\":\"ImageObject\",\"inLanguage\":\"es\",\"@id\":\"https:\/\/koningdrone.be\/#\/schema\/logo\/image\/\",\"url\":\"https:\/\/koningdrone.be\/wp-content\/uploads\/sites\/13\/2025\/04\/koningdrone-copyright-logo.svg\",\"contentUrl\":\"https:\/\/koningdrone.be\/wp-content\/uploads\/sites\/13\/2025\/04\/koningdrone-copyright-logo.svg\",\"width\":227,\"height\":38,\"caption\":\"Koningdrone.be\"},\"image\":{\"@id\":\"https:\/\/koningdrone.be\/#\/schema\/logo\/image\/\"}}]}<\/script>\n<!-- \/ Yoast SEO Premium plugin. -->","yoast_head_json":{"title":"Hollyland Solidcom C1-8S - koningdrone.be","robots":{"index":"index","follow":"follow","max-snippet":"max-snippet:-1","max-image-preview":"max-image-preview:large","max-video-preview":"max-video-preview:-1"},"canonical":"https:\/\/koningdrone.be\/es\/producto\/hollyland-solidcom-c1-8s\/","og_locale":"es_ES","og_type":"article","og_title":"Hollyland Solidcom C1-8S","og_description":"Echte draadloze headset voor 1000' line-of-site 2-weg communicatie.150 Hz tot 7 kHz frequentierespons voor nauwkeurige co\u00f6rdinatie.Eenvoudige installatie met automatische verbinding direct uit de doos.Verbeterde stabiliteit en beveiliging met DECT 6.0.Cascadeverbindingen via IP-netwerken, 2\/4-draads audio-input-output interfaces.A\/B gegroepeerde gespreksinstelling.Kondig de toets aan om alle headsets te dempen voor noodberichten van het HUB-basisstation.Met de UAC-functie (USB Audio Class) kan de HUB deelnemen aan elke cloud-vergadering op je computer.","og_url":"https:\/\/koningdrone.be\/es\/producto\/hollyland-solidcom-c1-8s\/","og_site_name":"koningdrone.be","article_modified_time":"2026-04-30T14:20:11+00:00","og_image":[{"width":2048,"height":2048,"url":"https:\/\/koningdrone.be\/wp-content\/uploads\/sites\/13\/2025\/04\/1_29780ec8-435f-4f8f-b949-6f84a4e7c30c.jpg","type":"image\/jpeg"}],"twitter_card":"summary_large_image","schema":{"@context":"https:\/\/schema.org","@graph":[{"@type":"WebPage","@id":"https:\/\/koningdrone.be\/product\/hollyland-solidcom-c1-8s\/","url":"https:\/\/koningdrone.be\/product\/hollyland-solidcom-c1-8s\/","name":"Hollyland Solidcom C1-8S - koningdrone.be","isPartOf":{"@id":"https:\/\/koningdrone.be\/#website"},"primaryImageOfPage":{"@id":"https:\/\/koningdrone.be\/product\/hollyland-solidcom-c1-8s\/#primaryimage"},"image":{"@id":"https:\/\/koningdrone.be\/product\/hollyland-solidcom-c1-8s\/#primaryimage"},"thumbnailUrl":"https:\/\/koningdrone.be\/wp-content\/uploads\/sites\/13\/2025\/04\/1_29780ec8-435f-4f8f-b949-6f84a4e7c30c.jpg","datePublished":"2024-12-04T11:17:54+00:00","dateModified":"2026-04-30T14:20:11+00:00","breadcrumb":{"@id":"https:\/\/koningdrone.be\/product\/hollyland-solidcom-c1-8s\/#breadcrumb"},"inLanguage":"es","potentialAction":[{"@type":"ReadAction","target":["https:\/\/koningdrone.be\/product\/hollyland-solidcom-c1-8s\/"]}]},{"@type":"ImageObject","inLanguage":"es","@id":"https:\/\/koningdrone.be\/product\/hollyland-solidcom-c1-8s\/#primaryimage","url":"https:\/\/koningdrone.be\/wp-content\/uploads\/sites\/13\/2025\/04\/1_29780ec8-435f-4f8f-b949-6f84a4e7c30c.jpg","contentUrl":"https:\/\/koningdrone.be\/wp-content\/uploads\/sites\/13\/2025\/04\/1_29780ec8-435f-4f8f-b949-6f84a4e7c30c.jpg","width":2048,"height":2048},{"@type":"BreadcrumbList","@id":"https:\/\/koningdrone.be\/product\/hollyland-solidcom-c1-8s\/#breadcrumb","itemListElement":[{"@type":"ListItem","position":1,"name":"Home","item":"https:\/\/koningdrone.be\/"},{"@type":"ListItem","position":2,"name":"AVSS Parachute Recovery System for DJI Matrice 300\/350","item":"https:\/\/koningdrone.be\/product\/avss-parachute-recovery-system-for-dji-matrice-300-350\/"},{"@type":"ListItem","position":3,"name":"Alle producten","item":"https:\/\/koningdrone.be\/categorie\/alle-producten\/"},{"@type":"ListItem","position":4,"name":"Hollyland Solidcom C1-8S"}]},{"@type":"WebSite","@id":"https:\/\/koningdrone.be\/#website","url":"https:\/\/koningdrone.be\/","name":"Koningdrone.be - Su especialista en l\u00ednea en drones, cardanes, c\u00e1maras y centrales el\u00e9ctricas.","description":"La tienda virtual de drones y cardanes","publisher":{"@id":"https:\/\/koningdrone.be\/#organization"},"potentialAction":[{"@type":"SearchAction","target":{"@type":"EntryPoint","urlTemplate":"https:\/\/koningdrone.be\/?s={search_term_string}"},"query-input":{"@type":"PropertyValueSpecification","valueRequired":true,"valueName":"search_term_string"}}],"inLanguage":"es"},{"@type":"Organization","@id":"https:\/\/koningdrone.be\/#organization","name":"Kingdrone.es","url":"https:\/\/koningdrone.be\/","logo":{"@type":"ImageObject","inLanguage":"es","@id":"https:\/\/koningdrone.be\/#\/schema\/logo\/image\/","url":"https:\/\/koningdrone.be\/wp-content\/uploads\/sites\/13\/2025\/04\/koningdrone-copyright-logo.svg","contentUrl":"https:\/\/koningdrone.be\/wp-content\/uploads\/sites\/13\/2025\/04\/koningdrone-copyright-logo.svg","width":227,"height":38,"caption":"Koningdrone.be"},"image":{"@id":"https:\/\/koningdrone.be\/#\/schema\/logo\/image\/"}}]}},"df_price":1712.15,"df_sale_price":"","df_regular_price":1712.15,"df_image_link":"https:\/\/koningdrone.be\/wp-content\/uploads\/sites\/13\/2025\/04\/1_29780ec8-435f-4f8f-b949-6f84a4e7c30c-300x300.jpg","_links":{"self":[{"href":"https:\/\/koningdrone.be\/es\/wp-json\/wp\/v2\/product\/1498","targetHints":{"allow":["GET"]}}],"collection":[{"href":"https:\/\/koningdrone.be\/es\/wp-json\/wp\/v2\/product"}],"about":[{"href":"https:\/\/koningdrone.be\/es\/wp-json\/wp\/v2\/types\/product"}],"wp:featuredmedia":[{"embeddable":true,"href":"https:\/\/koningdrone.be\/es\/wp-json\/wp\/v2\/media\/1486"}],"wp:attachment":[{"href":"https:\/\/koningdrone.be\/es\/wp-json\/wp\/v2\/media?parent=1498"}],"wp:term":[{"taxonomy":"product_brand","embeddable":true,"href":"https:\/\/koningdrone.be\/es\/wp-json\/wp\/v2\/product_brand?post=1498"},{"taxonomy":"product_cat","embeddable":true,"href":"https:\/\/koningdrone.be\/es\/wp-json\/wp\/v2\/product_cat?post=1498"},{"taxonomy":"product_tag","embeddable":true,"href":"https:\/\/koningdrone.be\/es\/wp-json\/wp\/v2\/product_tag?post=1498"}],"curies":[{"name":"wp","href":"https:\/\/api.w.org\/{rel}","templated":true}]}}