{"id":14948,"date":"2025-07-03T09:36:11","date_gmt":"2025-07-03T07:36:11","guid":{"rendered":"https:\/\/koningdrone.be\/product\/unitree-aliengos-battery-charger\/"},"modified":"2026-04-29T16:11:11","modified_gmt":"2026-04-29T14:11:11","slug":"unitree-aliengos-battery-charger","status":"publish","type":"product","link":"https:\/\/koningdrone.be\/es\/producto\/unitree-aliengos-battery-charger\/","title":{"rendered":"Cargador de bater\u00eda de Unitree Aliengo"},"content":{"rendered":"<h3>Cargador de bater\u00eda de Unitree Aliengo<\/h3>\n<p>El cargador de bater\u00eda Aliengo de Unitree es una soluci\u00f3n de carga especialmente dise\u00f1ada para el robot cuadr\u00fapedo Aliengo. Este potente cargador garantiza que la bater\u00eda se cargue de forma r\u00e1pida y eficaz, asegurando que el robot tenga un tiempo de inactividad m\u00ednimo y un tiempo de funcionamiento m\u00e1ximo. Ideal para aplicaciones profesionales como inspecci\u00f3n, seguridad e investigaci\u00f3n, donde la continuidad es esencial.<\/p>\n<h4>Rendimiento y funcionalidad<\/h4>\n<p>Con una capacidad de carga de 29,4 V y 12 A, este cargador ofrece una fuente de alimentaci\u00f3n r\u00e1pida y estable. Puede cargar completamente la bater\u00eda Aliengo en unos 100 minutos, lo que garantiza un flujo de trabajo eficiente sin largos tiempos de espera. El cargador est\u00e1 dise\u00f1ado para funcionar de forma constante y segura, garantizando una protecci\u00f3n \u00f3ptima de la bater\u00eda durante el proceso de carga.<\/p>\n<p><a href=\"https:\/\/koningdrone.nl\/wp-content\/uploads\/2025\/07\/GH_Aliengo_Charger.jpg\"><img loading=\"lazy\" decoding=\"async\" class=\"size-full wp-image-462396 aligncenter\" src=\"https:\/\/koningdrone.nl\/wp-content\/uploads\/2025\/07\/GH_Aliengo_Charger.jpg\" alt=\"Unitree Aliengo's battery charge\" width=\"282\" height=\"277\" \/><\/a><\/p>\n<h4>Calidad de construcci\u00f3n y dise\u00f1o<\/h4>\n<p>Desarrollado seg\u00fan los altos est\u00e1ndares de calidad de Unitree, el cargador est\u00e1 fabricado para uso profesional. Su robusto dise\u00f1o garantiza durabilidad y fiabilidad incluso cuando se utiliza de forma intensiva en entornos exigentes. Gracias a su dise\u00f1o compacto y pr\u00e1ctico, el cargador es f\u00e1cil de transportar e integrar en los procesos de trabajo existentes.<\/p>\n<h4>Por qu\u00e9 lo necesita<\/h4>\n<p>Para los usuarios del Unitree Aliengo, este cargador de bater\u00eda original es un componente indispensable. Garantiza tiempos de recarga r\u00e1pidos, m\u00e1xima eficacia y prolonga la vida \u00fatil de la bater\u00eda. Perfecto para profesionales que dependen de un rendimiento fiable y continuo del robot.<\/p>","protected":false},"excerpt":{"rendered":"<ul>\n<li>Tiempo de carga r\u00e1pida de unos 100 minutos<\/li>\n<li>Salida de carga estable de 29,4 V y 12 A<\/li>\n<li>Dise\u00f1ado para la m\u00e1xima protecci\u00f3n de la bater\u00eda<\/li>\n<li>Robusta y fiable para uso profesional<\/li>\n<li>Ideal para reducir al m\u00ednimo el tiempo de inactividad del robot Aliengo<\/li>\n<\/ul>","protected":false},"featured_media":14947,"template":"","meta":{"_acf_changed":false},"product_brand":[],"product_cat":[58,1996],"product_tag":[],"class_list":{"0":"post-14948","1":"product","2":"type-product","3":"status-publish","4":"has-post-thumbnail","6":"product_cat-uncategorized","7":"product_cat-unitree-aliengo","8":"product_shipping_class-outofstock","9":"pa_brand-unitree","10":"pa_producttype-batterijlader","11":"pa_series-aliengo","13":"first","14":"outofstock","15":"taxable","16":"shipping-taxable","17":"purchasable","18":"product-type-simple"},"acf":[],"yoast_head":"<!-- This site is optimized with the Yoast SEO Premium plugin v27.2 (Yoast SEO v27.2) - https:\/\/yoast.com\/product\/yoast-seo-premium-wordpress\/ -->\n<title>Unitree Aliengo&#039;s battery charger - koningdrone.be<\/title>\n<meta name=\"robots\" content=\"index, follow, max-snippet:-1, max-image-preview:large, max-video-preview:-1\" \/>\n<link rel=\"canonical\" href=\"https:\/\/koningdrone.be\/es\/producto\/unitree-aliengos-battery-charger\/\" \/>\n<meta property=\"og:locale\" content=\"es_ES\" \/>\n<meta property=\"og:type\" content=\"article\" \/>\n<meta property=\"og:title\" content=\"Unitree Aliengo&#039;s battery charger\" \/>\n<meta property=\"og:description\" content=\"Snelle oplaadtijd van ongeveer 100 minuten  Stabiele laadoutput van 29,4 V en 12 A  Ontworpen voor maximale batterijbescherming  Robuust en betrouwbaar voor professioneel gebruik  Ideaal voor minimale downtime van de Aliengo robot\" \/>\n<meta property=\"og:url\" content=\"https:\/\/koningdrone.be\/es\/producto\/unitree-aliengos-battery-charger\/\" \/>\n<meta property=\"og:site_name\" content=\"koningdrone.be\" \/>\n<meta property=\"article:modified_time\" content=\"2026-04-29T14:11:11+00:00\" \/>\n<meta property=\"og:image\" content=\"https:\/\/koningdrone.be\/wp-content\/uploads\/sites\/13\/2025\/08\/GH_Aliengo_Charger.jpg\" \/>\n\t<meta property=\"og:image:width\" content=\"282\" \/>\n\t<meta property=\"og:image:height\" content=\"277\" \/>\n\t<meta property=\"og:image:type\" content=\"image\/jpeg\" \/>\n<meta name=\"twitter:card\" content=\"summary_large_image\" \/>\n<meta name=\"twitter:label1\" content=\"Tiempo de lectura\" \/>\n\t<meta name=\"twitter:data1\" content=\"1 minuto\" \/>\n<script type=\"application\/ld+json\" class=\"yoast-schema-graph\">{\"@context\":\"https:\/\/schema.org\",\"@graph\":[{\"@type\":\"WebPage\",\"@id\":\"https:\/\/koningdrone.be\/product\/unitree-aliengos-battery-charger\/\",\"url\":\"https:\/\/koningdrone.be\/product\/unitree-aliengos-battery-charger\/\",\"name\":\"Unitree Aliengo's battery charger - koningdrone.be\",\"isPartOf\":{\"@id\":\"https:\/\/koningdrone.be\/#website\"},\"primaryImageOfPage\":{\"@id\":\"https:\/\/koningdrone.be\/product\/unitree-aliengos-battery-charger\/#primaryimage\"},\"image\":{\"@id\":\"https:\/\/koningdrone.be\/product\/unitree-aliengos-battery-charger\/#primaryimage\"},\"thumbnailUrl\":\"https:\/\/koningdrone.be\/wp-content\/uploads\/sites\/13\/2025\/08\/GH_Aliengo_Charger.jpg\",\"datePublished\":\"2025-07-03T07:36:11+00:00\",\"dateModified\":\"2026-04-29T14:11:11+00:00\",\"breadcrumb\":{\"@id\":\"https:\/\/koningdrone.be\/product\/unitree-aliengos-battery-charger\/#breadcrumb\"},\"inLanguage\":\"es\",\"potentialAction\":[{\"@type\":\"ReadAction\",\"target\":[\"https:\/\/koningdrone.be\/product\/unitree-aliengos-battery-charger\/\"]}]},{\"@type\":\"ImageObject\",\"inLanguage\":\"es\",\"@id\":\"https:\/\/koningdrone.be\/product\/unitree-aliengos-battery-charger\/#primaryimage\",\"url\":\"https:\/\/koningdrone.be\/wp-content\/uploads\/sites\/13\/2025\/08\/GH_Aliengo_Charger.jpg\",\"contentUrl\":\"https:\/\/koningdrone.be\/wp-content\/uploads\/sites\/13\/2025\/08\/GH_Aliengo_Charger.jpg\",\"width\":282,\"height\":277},{\"@type\":\"BreadcrumbList\",\"@id\":\"https:\/\/koningdrone.be\/product\/unitree-aliengos-battery-charger\/#breadcrumb\",\"itemListElement\":[{\"@type\":\"ListItem\",\"position\":1,\"name\":\"Home\",\"item\":\"https:\/\/koningdrone.be\/\"},{\"@type\":\"ListItem\",\"position\":2,\"name\":\"AVSS Parachute Recovery System for DJI Matrice 300\/350\",\"item\":\"https:\/\/koningdrone.be\/product\/avss-parachute-recovery-system-for-dji-matrice-300-350\/\"},{\"@type\":\"ListItem\",\"position\":3,\"name\":\"Uncategorized\",\"item\":\"https:\/\/koningdrone.be\/categorie\/uncategorized\/\"},{\"@type\":\"ListItem\",\"position\":4,\"name\":\"Unitree Aliengo&#8217;s battery charger\"}]},{\"@type\":\"WebSite\",\"@id\":\"https:\/\/koningdrone.be\/#website\",\"url\":\"https:\/\/koningdrone.be\/\",\"name\":\"Koningdrone.be - Uw online specialist in drones, gimbals, camera's en power stations.\",\"description\":\"De webshop in drones en gimbals\",\"publisher\":{\"@id\":\"https:\/\/koningdrone.be\/#organization\"},\"potentialAction\":[{\"@type\":\"SearchAction\",\"target\":{\"@type\":\"EntryPoint\",\"urlTemplate\":\"https:\/\/koningdrone.be\/?s={search_term_string}\"},\"query-input\":{\"@type\":\"PropertyValueSpecification\",\"valueRequired\":true,\"valueName\":\"search_term_string\"}}],\"inLanguage\":\"es\"},{\"@type\":\"Organization\",\"@id\":\"https:\/\/koningdrone.be\/#organization\",\"name\":\"Koningdrone.be\",\"url\":\"https:\/\/koningdrone.be\/\",\"logo\":{\"@type\":\"ImageObject\",\"inLanguage\":\"es\",\"@id\":\"https:\/\/koningdrone.be\/#\/schema\/logo\/image\/\",\"url\":\"https:\/\/koningdrone.be\/wp-content\/uploads\/sites\/13\/2025\/04\/koningdrone-copyright-logo.svg\",\"contentUrl\":\"https:\/\/koningdrone.be\/wp-content\/uploads\/sites\/13\/2025\/04\/koningdrone-copyright-logo.svg\",\"width\":227,\"height\":38,\"caption\":\"Koningdrone.be\"},\"image\":{\"@id\":\"https:\/\/koningdrone.be\/#\/schema\/logo\/image\/\"}}]}<\/script>\n<!-- \/ Yoast SEO Premium plugin. -->","yoast_head_json":{"title":"Unitree Aliengo's battery charger - koningdrone.be","robots":{"index":"index","follow":"follow","max-snippet":"max-snippet:-1","max-image-preview":"max-image-preview:large","max-video-preview":"max-video-preview:-1"},"canonical":"https:\/\/koningdrone.be\/es\/producto\/unitree-aliengos-battery-charger\/","og_locale":"es_ES","og_type":"article","og_title":"Unitree Aliengo's battery charger","og_description":"Snelle oplaadtijd van ongeveer 100 minuten  Stabiele laadoutput van 29,4 V en 12 A  Ontworpen voor maximale batterijbescherming  Robuust en betrouwbaar voor professioneel gebruik  Ideaal voor minimale downtime van de Aliengo robot","og_url":"https:\/\/koningdrone.be\/es\/producto\/unitree-aliengos-battery-charger\/","og_site_name":"koningdrone.be","article_modified_time":"2026-04-29T14:11:11+00:00","og_image":[{"width":282,"height":277,"url":"https:\/\/koningdrone.be\/wp-content\/uploads\/sites\/13\/2025\/08\/GH_Aliengo_Charger.jpg","type":"image\/jpeg"}],"twitter_card":"summary_large_image","twitter_misc":{"Tiempo de lectura":"1 minuto"},"schema":{"@context":"https:\/\/schema.org","@graph":[{"@type":"WebPage","@id":"https:\/\/koningdrone.be\/product\/unitree-aliengos-battery-charger\/","url":"https:\/\/koningdrone.be\/product\/unitree-aliengos-battery-charger\/","name":"Unitree Aliengo's battery charger - koningdrone.be","isPartOf":{"@id":"https:\/\/koningdrone.be\/#website"},"primaryImageOfPage":{"@id":"https:\/\/koningdrone.be\/product\/unitree-aliengos-battery-charger\/#primaryimage"},"image":{"@id":"https:\/\/koningdrone.be\/product\/unitree-aliengos-battery-charger\/#primaryimage"},"thumbnailUrl":"https:\/\/koningdrone.be\/wp-content\/uploads\/sites\/13\/2025\/08\/GH_Aliengo_Charger.jpg","datePublished":"2025-07-03T07:36:11+00:00","dateModified":"2026-04-29T14:11:11+00:00","breadcrumb":{"@id":"https:\/\/koningdrone.be\/product\/unitree-aliengos-battery-charger\/#breadcrumb"},"inLanguage":"es","potentialAction":[{"@type":"ReadAction","target":["https:\/\/koningdrone.be\/product\/unitree-aliengos-battery-charger\/"]}]},{"@type":"ImageObject","inLanguage":"es","@id":"https:\/\/koningdrone.be\/product\/unitree-aliengos-battery-charger\/#primaryimage","url":"https:\/\/koningdrone.be\/wp-content\/uploads\/sites\/13\/2025\/08\/GH_Aliengo_Charger.jpg","contentUrl":"https:\/\/koningdrone.be\/wp-content\/uploads\/sites\/13\/2025\/08\/GH_Aliengo_Charger.jpg","width":282,"height":277},{"@type":"BreadcrumbList","@id":"https:\/\/koningdrone.be\/product\/unitree-aliengos-battery-charger\/#breadcrumb","itemListElement":[{"@type":"ListItem","position":1,"name":"Home","item":"https:\/\/koningdrone.be\/"},{"@type":"ListItem","position":2,"name":"AVSS Parachute Recovery System for DJI Matrice 300\/350","item":"https:\/\/koningdrone.be\/product\/avss-parachute-recovery-system-for-dji-matrice-300-350\/"},{"@type":"ListItem","position":3,"name":"Uncategorized","item":"https:\/\/koningdrone.be\/categorie\/uncategorized\/"},{"@type":"ListItem","position":4,"name":"Unitree Aliengo&#8217;s battery charger"}]},{"@type":"WebSite","@id":"https:\/\/koningdrone.be\/#website","url":"https:\/\/koningdrone.be\/","name":"Koningdrone.be - Su especialista en l\u00ednea en drones, cardanes, c\u00e1maras y centrales el\u00e9ctricas.","description":"La tienda virtual de drones y cardanes","publisher":{"@id":"https:\/\/koningdrone.be\/#organization"},"potentialAction":[{"@type":"SearchAction","target":{"@type":"EntryPoint","urlTemplate":"https:\/\/koningdrone.be\/?s={search_term_string}"},"query-input":{"@type":"PropertyValueSpecification","valueRequired":true,"valueName":"search_term_string"}}],"inLanguage":"es"},{"@type":"Organization","@id":"https:\/\/koningdrone.be\/#organization","name":"Kingdrone.es","url":"https:\/\/koningdrone.be\/","logo":{"@type":"ImageObject","inLanguage":"es","@id":"https:\/\/koningdrone.be\/#\/schema\/logo\/image\/","url":"https:\/\/koningdrone.be\/wp-content\/uploads\/sites\/13\/2025\/04\/koningdrone-copyright-logo.svg","contentUrl":"https:\/\/koningdrone.be\/wp-content\/uploads\/sites\/13\/2025\/04\/koningdrone-copyright-logo.svg","width":227,"height":38,"caption":"Koningdrone.be"},"image":{"@id":"https:\/\/koningdrone.be\/#\/schema\/logo\/image\/"}}]}},"df_price":522.72,"df_sale_price":"","df_regular_price":522.72,"df_image_link":"https:\/\/koningdrone.be\/wp-content\/uploads\/sites\/13\/2025\/08\/GH_Aliengo_Charger.jpg","_links":{"self":[{"href":"https:\/\/koningdrone.be\/es\/wp-json\/wp\/v2\/product\/14948","targetHints":{"allow":["GET"]}}],"collection":[{"href":"https:\/\/koningdrone.be\/es\/wp-json\/wp\/v2\/product"}],"about":[{"href":"https:\/\/koningdrone.be\/es\/wp-json\/wp\/v2\/types\/product"}],"wp:featuredmedia":[{"embeddable":true,"href":"https:\/\/koningdrone.be\/es\/wp-json\/wp\/v2\/media\/14947"}],"wp:attachment":[{"href":"https:\/\/koningdrone.be\/es\/wp-json\/wp\/v2\/media?parent=14948"}],"wp:term":[{"taxonomy":"product_brand","embeddable":true,"href":"https:\/\/koningdrone.be\/es\/wp-json\/wp\/v2\/product_brand?post=14948"},{"taxonomy":"product_cat","embeddable":true,"href":"https:\/\/koningdrone.be\/es\/wp-json\/wp\/v2\/product_cat?post=14948"},{"taxonomy":"product_tag","embeddable":true,"href":"https:\/\/koningdrone.be\/es\/wp-json\/wp\/v2\/product_tag?post=14948"}],"curies":[{"name":"wp","href":"https:\/\/api.w.org\/{rel}","templated":true}]}}