{"id":14890,"date":"2025-07-03T09:59:16","date_gmt":"2025-07-03T07:59:16","guid":{"rendered":"https:\/\/koningdrone.be\/product\/unitree-g1-edu-u2\/"},"modified":"2026-04-29T16:20:34","modified_gmt":"2026-04-29T14:20:34","slug":"unitree-g1-edu-u2","status":"publish","type":"product","link":"https:\/\/koningdrone.be\/es\/producto\/unitree-g1-edu-u2\/","title":{"rendered":"Unitree G1 EDU U2"},"content":{"rendered":"<h3>Unitree G1 EDU U2: m\u00e1xima articulaci\u00f3n para la investigaci\u00f3n rob\u00f3tica de alto nivel<\/h3>\n<p>En <strong>Unitree G1 EDU U2<\/strong> es la evoluci\u00f3n definitiva dentro de la l\u00ednea de ense\u00f1anza G1, dise\u00f1ada para aquellos que buscan ampliar los l\u00edmites de las habilidades motoras humanoides. Mientras que los modelos anteriores se centraban en movimientos b\u00e1sicos, la variante U2 introduce una gama ampliada de movimientos con grados de libertad adicionales en el torso (cintura) y los brazos. Esta mayor complejidad permite a los investigadores imitar patrones de movimiento humanos con una fidelidad sin precedentes. El G1 EDU U2 es la herramienta ideal para universidades y empresas tecnol\u00f3gicas especializadas en IA incorporada, donde la interacci\u00f3n f\u00edsica con el entorno es tan importante como los algoritmos subyacentes.<\/p>\n<p><a href=\"https:\/\/koningdrone.nl\/wp-content\/uploads\/2025\/07\/Unitree-G1-Edu.jpg\"><img loading=\"lazy\" decoding=\"async\" class=\"size-medium wp-image-473207 aligncenter\" src=\"https:\/\/koningdrone.nl\/wp-content\/uploads\/2025\/07\/Unitree-G1-Edu-300x300.jpg\" alt=\"Unitree G1 Edu\" width=\"300\" height=\"300\" \/><\/a><\/p>\n<h4>Cinem\u00e1tica superior y potencia de IA a bordo<\/h4>\n<p>La configuraci\u00f3n U2 proporciona la libertad mec\u00e1nica necesaria para los escenarios m\u00e1s complejos:<\/p>\n<ul>\n<li><strong>Grados de libertad ampliados (DoF):<\/strong> Con articulaciones adicionales en la cintura y los brazos, el G1 EDU U2 puede realizar tareas que requieren un alto grado de rotaci\u00f3n del torso y articulaci\u00f3n de los brazos. Esto es esencial para la investigaci\u00f3n del equilibrio din\u00e1mico y la manipulaci\u00f3n de objetos en espacios no estructurados.<\/li>\n<li><strong>100 TOPS Potencia de c\u00e1lculo:<\/strong> Al igual que la variante U1, la U2 incorpora una potente estaci\u00f3n de expansi\u00f3n con <strong>100 TOPS de potencia de c\u00e1lculo<\/strong>. De este modo, el robot puede realizar a bordo operaciones de visi\u00f3n por ordenador en tiempo real, reconocimiento de voz y planificaci\u00f3n de trayectorias complejas sin demora.<\/li>\n<li><strong>Integraci\u00f3n avanzada de sensores:<\/strong> La combinaci\u00f3n de <strong>LiDAR 3D y c\u00e1maras de profundidad<\/strong> proporciona una visi\u00f3n n\u00edtida del entorno. En la variante U2, estos datos se utilizan para controlar de forma inteligente las articulaciones adicionales para evitar obst\u00e1culos de forma proactiva y lograr interacciones fluidas.<\/li>\n<\/ul>\n<h4>Mec\u00e1nica industrial y dise\u00f1o adaptativo<\/h4>\n<p>El hardware del U2 est\u00e1 construido para resistir los ciclos de pruebas m\u00e1s duros:<\/p>\n<ul>\n<li><strong>Actuadores de articulaci\u00f3n mejorados:<\/strong> Los motores del U2 se han optimizado para un control del par a\u00fan m\u00e1s preciso. Esto se traduce en movimientos m\u00e1s suaves y una mayor resistencia a las fuerzas externas, cruciales para una manipulaci\u00f3n estable.<\/li>\n<li><strong>Chasis compacto y robusto:<\/strong> A pesar del aumento de la complejidad mec\u00e1nica, la U2 conserva el dise\u00f1o compacto caracter\u00edstico de la serie G1. El bastidor resiste el uso intensivo en laboratorio y proporciona una base estable para diversos montajes experimentales.<\/li>\n<li><strong>Plataforma de desarrollo abierta:<\/strong> Gracias al apoyo integral a <strong>ROS, SDK y API<\/strong> los desarrolladores pueden empezar a trabajar inmediatamente con las capacidades \u00fanicas de las articulaciones adicionales, allanando el camino para aplicaciones innovadoras en la interacci\u00f3n hombre-m\u00e1quina.<\/li>\n<\/ul>\n<p><a href=\"https:\/\/koningdrone.nl\/wp-content\/uploads\/2025\/07\/Unitree-G1-Edu-Product.jpg\"><img loading=\"lazy\" decoding=\"async\" class=\"size-medium wp-image-473206 aligncenter\" src=\"https:\/\/koningdrone.nl\/wp-content\/uploads\/2025\/07\/Unitree-G1-Edu-Product-300x300.jpg\" alt=\"Unitree G1 Edu Product\" width=\"300\" height=\"300\" \/><\/a><\/p>\n<h4>Por qu\u00e9 el Unitree G1 EDU U2 es indispensable<\/h4>\n<p>El Unitree G1 EDU U2 es la elecci\u00f3n definitiva para proyectos de investigaci\u00f3n que van m\u00e1s all\u00e1 de lo b\u00e1sico. Su combinaci\u00f3n de rendimiento motor superior y enorme potencia de c\u00e1lculo lo convierte en una plataforma \u00fanica para el desarrollo de agentes de IA que necesitan ser capaces de actuar f\u00edsicamente en un mundo humano. Tanto si trabaja en tecnolog\u00edas avanzadas de rehabilitaci\u00f3n como en robots aut\u00f3nomos de asistencia o en investigaci\u00f3n b\u00e1sica sobre biomec\u00e1nica humanoide, el U2 ofrece la flexibilidad de hardware y la potencia de software necesarias para hacer realidad su visi\u00f3n.<\/p>","protected":false},"excerpt":{"rendered":"<ul>\n<li>Mayor libertad de movimientos y hardware avanzado<\/li>\n<li>Ideal para universidades, equipos de I+D y empresas tecnol\u00f3gicas<\/li>\n<li>M\u00f3dulo inform\u00e1tico de 100 TOPS integrado para proyectos de IA<\/li>\n<li>Articulaciones y sensores avanzados para el movimiento de fluidos<\/li>\n<li>Compatibilidad total con ROS, SDK y API<\/li>\n<\/ul>","protected":false},"featured_media":19143,"template":"","meta":{"_acf_changed":false},"product_brand":[],"product_cat":[58,2017],"product_tag":[],"class_list":{"0":"post-14890","1":"product","2":"type-product","3":"status-publish","4":"has-post-thumbnail","6":"product_cat-uncategorized","7":"product_cat-unitree-g1","8":"product_shipping_class-outofstock","9":"pa_brand-unitree","10":"pa_producttype-humanoide-robot","11":"pa_series-g1","13":"first","14":"outofstock","15":"taxable","16":"shipping-taxable","17":"purchasable","18":"product-type-simple"},"acf":[],"yoast_head":"<!-- This site is optimized with the Yoast SEO Premium plugin v27.2 (Yoast SEO v27.2) - https:\/\/yoast.com\/product\/yoast-seo-premium-wordpress\/ -->\n<title>Unitree G1 EDU U2 - koningdrone.be<\/title>\n<meta name=\"robots\" content=\"index, follow, max-snippet:-1, max-image-preview:large, max-video-preview:-1\" \/>\n<link rel=\"canonical\" href=\"https:\/\/koningdrone.be\/es\/producto\/unitree-g1-edu-u2\/\" \/>\n<meta property=\"og:locale\" content=\"es_ES\" \/>\n<meta property=\"og:type\" content=\"article\" \/>\n<meta property=\"og:title\" content=\"Unitree G1 EDU U2\" \/>\n<meta property=\"og:description\" content=\"Extra bewegingsvrijheid en geavanceerde hardware  Ideaal voor universiteiten, R&amp;D\u2011teams en tech\u2011bedrijven  Ingebouwde 100\u202fTOPS computing module voor AI\u2011projecten  Geavanceerde gewrichten en sensoren voor vloeiende bewegingen  Volledige compatibiliteit met ROS, SDK\u2019s en API\u2019s\" \/>\n<meta property=\"og:url\" content=\"https:\/\/koningdrone.be\/es\/producto\/unitree-g1-edu-u2\/\" \/>\n<meta property=\"og:site_name\" content=\"koningdrone.be\" \/>\n<meta property=\"article:modified_time\" content=\"2026-04-29T14:20:34+00:00\" \/>\n<meta property=\"og:image\" content=\"https:\/\/koningdrone.be\/wp-content\/uploads\/sites\/13\/2026\/04\/Unitree-G1-Edu.jpg\" \/>\n\t<meta property=\"og:image:width\" content=\"800\" \/>\n\t<meta property=\"og:image:height\" content=\"800\" \/>\n\t<meta property=\"og:image:type\" content=\"image\/jpeg\" \/>\n<meta name=\"twitter:card\" content=\"summary_large_image\" \/>\n<meta name=\"twitter:label1\" content=\"Tiempo de lectura\" \/>\n\t<meta name=\"twitter:data1\" content=\"2 minutos\" \/>\n<script type=\"application\/ld+json\" class=\"yoast-schema-graph\">{\"@context\":\"https:\/\/schema.org\",\"@graph\":[{\"@type\":\"WebPage\",\"@id\":\"https:\/\/koningdrone.be\/product\/unitree-g1-edu-u2\/\",\"url\":\"https:\/\/koningdrone.be\/product\/unitree-g1-edu-u2\/\",\"name\":\"Unitree G1 EDU U2 - koningdrone.be\",\"isPartOf\":{\"@id\":\"https:\/\/koningdrone.be\/#website\"},\"primaryImageOfPage\":{\"@id\":\"https:\/\/koningdrone.be\/product\/unitree-g1-edu-u2\/#primaryimage\"},\"image\":{\"@id\":\"https:\/\/koningdrone.be\/product\/unitree-g1-edu-u2\/#primaryimage\"},\"thumbnailUrl\":\"https:\/\/koningdrone.be\/wp-content\/uploads\/sites\/13\/2026\/04\/Unitree-G1-Edu.jpg\",\"datePublished\":\"2025-07-03T07:59:16+00:00\",\"dateModified\":\"2026-04-29T14:20:34+00:00\",\"breadcrumb\":{\"@id\":\"https:\/\/koningdrone.be\/product\/unitree-g1-edu-u2\/#breadcrumb\"},\"inLanguage\":\"es\",\"potentialAction\":[{\"@type\":\"ReadAction\",\"target\":[\"https:\/\/koningdrone.be\/product\/unitree-g1-edu-u2\/\"]}]},{\"@type\":\"ImageObject\",\"inLanguage\":\"es\",\"@id\":\"https:\/\/koningdrone.be\/product\/unitree-g1-edu-u2\/#primaryimage\",\"url\":\"https:\/\/koningdrone.be\/wp-content\/uploads\/sites\/13\/2026\/04\/Unitree-G1-Edu.jpg\",\"contentUrl\":\"https:\/\/koningdrone.be\/wp-content\/uploads\/sites\/13\/2026\/04\/Unitree-G1-Edu.jpg\",\"width\":800,\"height\":800},{\"@type\":\"BreadcrumbList\",\"@id\":\"https:\/\/koningdrone.be\/product\/unitree-g1-edu-u2\/#breadcrumb\",\"itemListElement\":[{\"@type\":\"ListItem\",\"position\":1,\"name\":\"Home\",\"item\":\"https:\/\/koningdrone.be\/\"},{\"@type\":\"ListItem\",\"position\":2,\"name\":\"AVSS Parachute Recovery System for DJI Matrice 300\/350\",\"item\":\"https:\/\/koningdrone.be\/product\/avss-parachute-recovery-system-for-dji-matrice-300-350\/\"},{\"@type\":\"ListItem\",\"position\":3,\"name\":\"Uncategorized\",\"item\":\"https:\/\/koningdrone.be\/categorie\/uncategorized\/\"},{\"@type\":\"ListItem\",\"position\":4,\"name\":\"Unitree G1 EDU U2\"}]},{\"@type\":\"WebSite\",\"@id\":\"https:\/\/koningdrone.be\/#website\",\"url\":\"https:\/\/koningdrone.be\/\",\"name\":\"Koningdrone.be - Uw online specialist in drones, gimbals, camera's en power stations.\",\"description\":\"De webshop in drones en gimbals\",\"publisher\":{\"@id\":\"https:\/\/koningdrone.be\/#organization\"},\"potentialAction\":[{\"@type\":\"SearchAction\",\"target\":{\"@type\":\"EntryPoint\",\"urlTemplate\":\"https:\/\/koningdrone.be\/?s={search_term_string}\"},\"query-input\":{\"@type\":\"PropertyValueSpecification\",\"valueRequired\":true,\"valueName\":\"search_term_string\"}}],\"inLanguage\":\"es\"},{\"@type\":\"Organization\",\"@id\":\"https:\/\/koningdrone.be\/#organization\",\"name\":\"Koningdrone.be\",\"url\":\"https:\/\/koningdrone.be\/\",\"logo\":{\"@type\":\"ImageObject\",\"inLanguage\":\"es\",\"@id\":\"https:\/\/koningdrone.be\/#\/schema\/logo\/image\/\",\"url\":\"https:\/\/koningdrone.be\/wp-content\/uploads\/sites\/13\/2025\/04\/koningdrone-copyright-logo.svg\",\"contentUrl\":\"https:\/\/koningdrone.be\/wp-content\/uploads\/sites\/13\/2025\/04\/koningdrone-copyright-logo.svg\",\"width\":227,\"height\":38,\"caption\":\"Koningdrone.be\"},\"image\":{\"@id\":\"https:\/\/koningdrone.be\/#\/schema\/logo\/image\/\"}}]}<\/script>\n<!-- \/ Yoast SEO Premium plugin. -->","yoast_head_json":{"title":"Unitree G1 EDU U2 - koningdrone.be","robots":{"index":"index","follow":"follow","max-snippet":"max-snippet:-1","max-image-preview":"max-image-preview:large","max-video-preview":"max-video-preview:-1"},"canonical":"https:\/\/koningdrone.be\/es\/producto\/unitree-g1-edu-u2\/","og_locale":"es_ES","og_type":"article","og_title":"Unitree G1 EDU U2","og_description":"Extra bewegingsvrijheid en geavanceerde hardware  Ideaal voor universiteiten, R&amp;D\u2011teams en tech\u2011bedrijven  Ingebouwde 100\u202fTOPS computing module voor AI\u2011projecten  Geavanceerde gewrichten en sensoren voor vloeiende bewegingen  Volledige compatibiliteit met ROS, SDK\u2019s en API\u2019s","og_url":"https:\/\/koningdrone.be\/es\/producto\/unitree-g1-edu-u2\/","og_site_name":"koningdrone.be","article_modified_time":"2026-04-29T14:20:34+00:00","og_image":[{"width":800,"height":800,"url":"https:\/\/koningdrone.be\/wp-content\/uploads\/sites\/13\/2026\/04\/Unitree-G1-Edu.jpg","type":"image\/jpeg"}],"twitter_card":"summary_large_image","twitter_misc":{"Tiempo de lectura":"2 minutos"},"schema":{"@context":"https:\/\/schema.org","@graph":[{"@type":"WebPage","@id":"https:\/\/koningdrone.be\/product\/unitree-g1-edu-u2\/","url":"https:\/\/koningdrone.be\/product\/unitree-g1-edu-u2\/","name":"Unitree G1 EDU U2 - koningdrone.be","isPartOf":{"@id":"https:\/\/koningdrone.be\/#website"},"primaryImageOfPage":{"@id":"https:\/\/koningdrone.be\/product\/unitree-g1-edu-u2\/#primaryimage"},"image":{"@id":"https:\/\/koningdrone.be\/product\/unitree-g1-edu-u2\/#primaryimage"},"thumbnailUrl":"https:\/\/koningdrone.be\/wp-content\/uploads\/sites\/13\/2026\/04\/Unitree-G1-Edu.jpg","datePublished":"2025-07-03T07:59:16+00:00","dateModified":"2026-04-29T14:20:34+00:00","breadcrumb":{"@id":"https:\/\/koningdrone.be\/product\/unitree-g1-edu-u2\/#breadcrumb"},"inLanguage":"es","potentialAction":[{"@type":"ReadAction","target":["https:\/\/koningdrone.be\/product\/unitree-g1-edu-u2\/"]}]},{"@type":"ImageObject","inLanguage":"es","@id":"https:\/\/koningdrone.be\/product\/unitree-g1-edu-u2\/#primaryimage","url":"https:\/\/koningdrone.be\/wp-content\/uploads\/sites\/13\/2026\/04\/Unitree-G1-Edu.jpg","contentUrl":"https:\/\/koningdrone.be\/wp-content\/uploads\/sites\/13\/2026\/04\/Unitree-G1-Edu.jpg","width":800,"height":800},{"@type":"BreadcrumbList","@id":"https:\/\/koningdrone.be\/product\/unitree-g1-edu-u2\/#breadcrumb","itemListElement":[{"@type":"ListItem","position":1,"name":"Home","item":"https:\/\/koningdrone.be\/"},{"@type":"ListItem","position":2,"name":"AVSS Parachute Recovery System for DJI Matrice 300\/350","item":"https:\/\/koningdrone.be\/product\/avss-parachute-recovery-system-for-dji-matrice-300-350\/"},{"@type":"ListItem","position":3,"name":"Uncategorized","item":"https:\/\/koningdrone.be\/categorie\/uncategorized\/"},{"@type":"ListItem","position":4,"name":"Unitree G1 EDU U2"}]},{"@type":"WebSite","@id":"https:\/\/koningdrone.be\/#website","url":"https:\/\/koningdrone.be\/","name":"Koningdrone.be - Su especialista en l\u00ednea en drones, cardanes, c\u00e1maras y centrales el\u00e9ctricas.","description":"La tienda virtual de drones y cardanes","publisher":{"@id":"https:\/\/koningdrone.be\/#organization"},"potentialAction":[{"@type":"SearchAction","target":{"@type":"EntryPoint","urlTemplate":"https:\/\/koningdrone.be\/?s={search_term_string}"},"query-input":{"@type":"PropertyValueSpecification","valueRequired":true,"valueName":"search_term_string"}}],"inLanguage":"es"},{"@type":"Organization","@id":"https:\/\/koningdrone.be\/#organization","name":"Kingdrone.es","url":"https:\/\/koningdrone.be\/","logo":{"@type":"ImageObject","inLanguage":"es","@id":"https:\/\/koningdrone.be\/#\/schema\/logo\/image\/","url":"https:\/\/koningdrone.be\/wp-content\/uploads\/sites\/13\/2025\/04\/koningdrone-copyright-logo.svg","contentUrl":"https:\/\/koningdrone.be\/wp-content\/uploads\/sites\/13\/2025\/04\/koningdrone-copyright-logo.svg","width":227,"height":38,"caption":"Koningdrone.be"},"image":{"@id":"https:\/\/koningdrone.be\/#\/schema\/logo\/image\/"}}]}},"df_price":63239.44,"df_sale_price":"","df_regular_price":63239.44,"df_image_link":"https:\/\/koningdrone.be\/wp-content\/uploads\/sites\/13\/2026\/04\/Unitree-G1-Edu-300x300.jpg","_links":{"self":[{"href":"https:\/\/koningdrone.be\/es\/wp-json\/wp\/v2\/product\/14890","targetHints":{"allow":["GET"]}}],"collection":[{"href":"https:\/\/koningdrone.be\/es\/wp-json\/wp\/v2\/product"}],"about":[{"href":"https:\/\/koningdrone.be\/es\/wp-json\/wp\/v2\/types\/product"}],"wp:featuredmedia":[{"embeddable":true,"href":"https:\/\/koningdrone.be\/es\/wp-json\/wp\/v2\/media\/19143"}],"wp:attachment":[{"href":"https:\/\/koningdrone.be\/es\/wp-json\/wp\/v2\/media?parent=14890"}],"wp:term":[{"taxonomy":"product_brand","embeddable":true,"href":"https:\/\/koningdrone.be\/es\/wp-json\/wp\/v2\/product_brand?post=14890"},{"taxonomy":"product_cat","embeddable":true,"href":"https:\/\/koningdrone.be\/es\/wp-json\/wp\/v2\/product_cat?post=14890"},{"taxonomy":"product_tag","embeddable":true,"href":"https:\/\/koningdrone.be\/es\/wp-json\/wp\/v2\/product_tag?post=14890"}],"curies":[{"name":"wp","href":"https:\/\/api.w.org\/{rel}","templated":true}]}}