{"id":14858,"date":"2025-07-03T09:59:46","date_gmt":"2025-07-03T07:59:46","guid":{"rendered":"https:\/\/koningdrone.be\/product\/dronetag-rider\/"},"modified":"2026-04-29T16:20:53","modified_gmt":"2026-04-29T14:20:53","slug":"dronetag-rider","status":"publish","type":"product","link":"https:\/\/koningdrone.be\/es\/producto\/dronetag-rider\/","title":{"rendered":"DroneTag RIDER"},"content":{"rendered":"<p>DroneTag RIDER es un dispositivo ligero de identificaci\u00f3n remota dise\u00f1ado para garantizar que sus vuelos con drones cumplen la normativa mundial sobre drones. Compacto y f\u00e1cil de colocar, el RIDER transmite datos de identificaci\u00f3n y localizaci\u00f3n en tiempo real a trav\u00e9s de Bluetooth para cumplir los requisitos de identificaci\u00f3n remota de la FAA y la UE. Es ideal para los drones que no llevan incorporada la funci\u00f3n de identificaci\u00f3n remota y ofrece una forma sencilla de cumplir la normativa. Con una bater\u00eda recargable y controles sencillos, es una soluci\u00f3n plug-and-fly tanto para pilotos recreativos como profesionales. Su construcci\u00f3n duradera y su peso m\u00ednimo garantizan que no interferir\u00e1 con el rendimiento o el tiempo de vuelo de su dron.<\/p>","protected":false},"excerpt":{"rendered":"<ul>\n<li>Permite el cumplimiento remoto de ID para drones sin soporte incorporado.<\/li>\n<li>Transmisi\u00f3n en tiempo real de la identificaci\u00f3n del dron y los datos de vuelo por Bluetooth.<\/li>\n<li>F\u00e1cil de instalar y ligero para minimizar el impacto en vuelo.<\/li>\n<li>Opera en todo el mundo con las normas RID de la FAA y la UE.<\/li>\n<li>Bater\u00eda recargable para m\u00faltiples sesiones de vuelo.<\/li>\n<li>Dise\u00f1o duradero y compacto para un uso prolongado.<\/li>\n<\/ul>","protected":false},"featured_media":14855,"template":"","meta":{"_acf_changed":false},"product_brand":[],"product_cat":[58],"product_tag":[],"class_list":{"0":"post-14858","1":"product","2":"type-product","3":"status-publish","4":"has-post-thumbnail","6":"product_cat-uncategorized","7":"product_shipping_class-outofstock","8":"pa_brand-dronetag","9":"pa_producttype-uitzendmodule-id-op-afstand","10":"pa_series-rider","12":"first","13":"outofstock","14":"taxable","15":"shipping-taxable","16":"purchasable","17":"product-type-simple"},"acf":[],"yoast_head":"<!-- This site is optimized with the Yoast SEO Premium plugin v27.2 (Yoast SEO v27.2) - https:\/\/yoast.com\/product\/yoast-seo-premium-wordpress\/ -->\n<title>DroneTag RIDER - koningdrone.be<\/title>\n<meta name=\"robots\" content=\"index, follow, max-snippet:-1, max-image-preview:large, max-video-preview:-1\" \/>\n<link rel=\"canonical\" href=\"https:\/\/koningdrone.be\/es\/producto\/dronetag-rider\/\" \/>\n<meta property=\"og:locale\" content=\"es_ES\" \/>\n<meta property=\"og:type\" content=\"article\" \/>\n<meta property=\"og:title\" content=\"DroneTag RIDER\" \/>\n<meta property=\"og:description\" content=\"Maakt ID-conformiteit op afstand mogelijk voor drones zonder ingebouwde ondersteuning. Real-time uitzenden van drone-ID en vluchtgegevens via Bluetooth. Eenvoudig te installeren en lichtgewicht voor minimale vluchtimpact. Werkt wereldwijd met de RID-normen van de FAA en de EU. Oplaadbare batterij voor meerdere vliegsessies. Duurzaam, compact ontwerp voor langdurig gebruik.\" \/>\n<meta property=\"og:url\" content=\"https:\/\/koningdrone.be\/es\/producto\/dronetag-rider\/\" \/>\n<meta property=\"og:site_name\" content=\"koningdrone.be\" \/>\n<meta property=\"article:modified_time\" content=\"2026-04-29T14:20:53+00:00\" \/>\n<meta property=\"og:image\" content=\"https:\/\/koningdrone.be\/wp-content\/uploads\/sites\/13\/2025\/08\/RIDER_5_2400x_c04e31bb-9b57-4ee8-ae05-7ffc7a345b31.jpg\" \/>\n\t<meta property=\"og:image:width\" content=\"2400\" \/>\n\t<meta property=\"og:image:height\" content=\"1600\" \/>\n\t<meta property=\"og:image:type\" content=\"image\/jpeg\" \/>\n<meta name=\"twitter:card\" content=\"summary_large_image\" \/>\n<meta name=\"twitter:label1\" content=\"Tiempo de lectura\" \/>\n\t<meta name=\"twitter:data1\" content=\"1 minuto\" \/>\n<script type=\"application\/ld+json\" class=\"yoast-schema-graph\">{\"@context\":\"https:\/\/schema.org\",\"@graph\":[{\"@type\":\"WebPage\",\"@id\":\"https:\/\/koningdrone.be\/product\/dronetag-rider\/\",\"url\":\"https:\/\/koningdrone.be\/product\/dronetag-rider\/\",\"name\":\"DroneTag RIDER - koningdrone.be\",\"isPartOf\":{\"@id\":\"https:\/\/koningdrone.be\/#website\"},\"primaryImageOfPage\":{\"@id\":\"https:\/\/koningdrone.be\/product\/dronetag-rider\/#primaryimage\"},\"image\":{\"@id\":\"https:\/\/koningdrone.be\/product\/dronetag-rider\/#primaryimage\"},\"thumbnailUrl\":\"https:\/\/koningdrone.be\/wp-content\/uploads\/sites\/13\/2025\/08\/RIDER_5_2400x_c04e31bb-9b57-4ee8-ae05-7ffc7a345b31.jpg\",\"datePublished\":\"2025-07-03T07:59:46+00:00\",\"dateModified\":\"2026-04-29T14:20:53+00:00\",\"breadcrumb\":{\"@id\":\"https:\/\/koningdrone.be\/product\/dronetag-rider\/#breadcrumb\"},\"inLanguage\":\"es\",\"potentialAction\":[{\"@type\":\"ReadAction\",\"target\":[\"https:\/\/koningdrone.be\/product\/dronetag-rider\/\"]}]},{\"@type\":\"ImageObject\",\"inLanguage\":\"es\",\"@id\":\"https:\/\/koningdrone.be\/product\/dronetag-rider\/#primaryimage\",\"url\":\"https:\/\/koningdrone.be\/wp-content\/uploads\/sites\/13\/2025\/08\/RIDER_5_2400x_c04e31bb-9b57-4ee8-ae05-7ffc7a345b31.jpg\",\"contentUrl\":\"https:\/\/koningdrone.be\/wp-content\/uploads\/sites\/13\/2025\/08\/RIDER_5_2400x_c04e31bb-9b57-4ee8-ae05-7ffc7a345b31.jpg\",\"width\":2400,\"height\":1600},{\"@type\":\"BreadcrumbList\",\"@id\":\"https:\/\/koningdrone.be\/product\/dronetag-rider\/#breadcrumb\",\"itemListElement\":[{\"@type\":\"ListItem\",\"position\":1,\"name\":\"Home\",\"item\":\"https:\/\/koningdrone.be\/\"},{\"@type\":\"ListItem\",\"position\":2,\"name\":\"AVSS Parachute Recovery System for DJI Matrice 300\/350\",\"item\":\"https:\/\/koningdrone.be\/product\/avss-parachute-recovery-system-for-dji-matrice-300-350\/\"},{\"@type\":\"ListItem\",\"position\":3,\"name\":\"Uncategorized\",\"item\":\"https:\/\/koningdrone.be\/categorie\/uncategorized\/\"},{\"@type\":\"ListItem\",\"position\":4,\"name\":\"DroneTag RIDER\"}]},{\"@type\":\"WebSite\",\"@id\":\"https:\/\/koningdrone.be\/#website\",\"url\":\"https:\/\/koningdrone.be\/\",\"name\":\"Koningdrone.be - Uw online specialist in drones, gimbals, camera's en power stations.\",\"description\":\"De webshop in drones en gimbals\",\"publisher\":{\"@id\":\"https:\/\/koningdrone.be\/#organization\"},\"potentialAction\":[{\"@type\":\"SearchAction\",\"target\":{\"@type\":\"EntryPoint\",\"urlTemplate\":\"https:\/\/koningdrone.be\/?s={search_term_string}\"},\"query-input\":{\"@type\":\"PropertyValueSpecification\",\"valueRequired\":true,\"valueName\":\"search_term_string\"}}],\"inLanguage\":\"es\"},{\"@type\":\"Organization\",\"@id\":\"https:\/\/koningdrone.be\/#organization\",\"name\":\"Koningdrone.be\",\"url\":\"https:\/\/koningdrone.be\/\",\"logo\":{\"@type\":\"ImageObject\",\"inLanguage\":\"es\",\"@id\":\"https:\/\/koningdrone.be\/#\/schema\/logo\/image\/\",\"url\":\"https:\/\/koningdrone.be\/wp-content\/uploads\/sites\/13\/2025\/04\/koningdrone-copyright-logo.svg\",\"contentUrl\":\"https:\/\/koningdrone.be\/wp-content\/uploads\/sites\/13\/2025\/04\/koningdrone-copyright-logo.svg\",\"width\":227,\"height\":38,\"caption\":\"Koningdrone.be\"},\"image\":{\"@id\":\"https:\/\/koningdrone.be\/#\/schema\/logo\/image\/\"}}]}<\/script>\n<!-- \/ Yoast SEO Premium plugin. -->","yoast_head_json":{"title":"DroneTag RIDER - koningdrone.be","robots":{"index":"index","follow":"follow","max-snippet":"max-snippet:-1","max-image-preview":"max-image-preview:large","max-video-preview":"max-video-preview:-1"},"canonical":"https:\/\/koningdrone.be\/es\/producto\/dronetag-rider\/","og_locale":"es_ES","og_type":"article","og_title":"DroneTag RIDER","og_description":"Maakt ID-conformiteit op afstand mogelijk voor drones zonder ingebouwde ondersteuning. Real-time uitzenden van drone-ID en vluchtgegevens via Bluetooth. Eenvoudig te installeren en lichtgewicht voor minimale vluchtimpact. Werkt wereldwijd met de RID-normen van de FAA en de EU. Oplaadbare batterij voor meerdere vliegsessies. Duurzaam, compact ontwerp voor langdurig gebruik.","og_url":"https:\/\/koningdrone.be\/es\/producto\/dronetag-rider\/","og_site_name":"koningdrone.be","article_modified_time":"2026-04-29T14:20:53+00:00","og_image":[{"width":2400,"height":1600,"url":"https:\/\/koningdrone.be\/wp-content\/uploads\/sites\/13\/2025\/08\/RIDER_5_2400x_c04e31bb-9b57-4ee8-ae05-7ffc7a345b31.jpg","type":"image\/jpeg"}],"twitter_card":"summary_large_image","twitter_misc":{"Tiempo de lectura":"1 minuto"},"schema":{"@context":"https:\/\/schema.org","@graph":[{"@type":"WebPage","@id":"https:\/\/koningdrone.be\/product\/dronetag-rider\/","url":"https:\/\/koningdrone.be\/product\/dronetag-rider\/","name":"DroneTag RIDER - koningdrone.be","isPartOf":{"@id":"https:\/\/koningdrone.be\/#website"},"primaryImageOfPage":{"@id":"https:\/\/koningdrone.be\/product\/dronetag-rider\/#primaryimage"},"image":{"@id":"https:\/\/koningdrone.be\/product\/dronetag-rider\/#primaryimage"},"thumbnailUrl":"https:\/\/koningdrone.be\/wp-content\/uploads\/sites\/13\/2025\/08\/RIDER_5_2400x_c04e31bb-9b57-4ee8-ae05-7ffc7a345b31.jpg","datePublished":"2025-07-03T07:59:46+00:00","dateModified":"2026-04-29T14:20:53+00:00","breadcrumb":{"@id":"https:\/\/koningdrone.be\/product\/dronetag-rider\/#breadcrumb"},"inLanguage":"es","potentialAction":[{"@type":"ReadAction","target":["https:\/\/koningdrone.be\/product\/dronetag-rider\/"]}]},{"@type":"ImageObject","inLanguage":"es","@id":"https:\/\/koningdrone.be\/product\/dronetag-rider\/#primaryimage","url":"https:\/\/koningdrone.be\/wp-content\/uploads\/sites\/13\/2025\/08\/RIDER_5_2400x_c04e31bb-9b57-4ee8-ae05-7ffc7a345b31.jpg","contentUrl":"https:\/\/koningdrone.be\/wp-content\/uploads\/sites\/13\/2025\/08\/RIDER_5_2400x_c04e31bb-9b57-4ee8-ae05-7ffc7a345b31.jpg","width":2400,"height":1600},{"@type":"BreadcrumbList","@id":"https:\/\/koningdrone.be\/product\/dronetag-rider\/#breadcrumb","itemListElement":[{"@type":"ListItem","position":1,"name":"Home","item":"https:\/\/koningdrone.be\/"},{"@type":"ListItem","position":2,"name":"AVSS Parachute Recovery System for DJI Matrice 300\/350","item":"https:\/\/koningdrone.be\/product\/avss-parachute-recovery-system-for-dji-matrice-300-350\/"},{"@type":"ListItem","position":3,"name":"Uncategorized","item":"https:\/\/koningdrone.be\/categorie\/uncategorized\/"},{"@type":"ListItem","position":4,"name":"DroneTag RIDER"}]},{"@type":"WebSite","@id":"https:\/\/koningdrone.be\/#website","url":"https:\/\/koningdrone.be\/","name":"Koningdrone.be - Su especialista en l\u00ednea en drones, cardanes, c\u00e1maras y centrales el\u00e9ctricas.","description":"La tienda virtual de drones y cardanes","publisher":{"@id":"https:\/\/koningdrone.be\/#organization"},"potentialAction":[{"@type":"SearchAction","target":{"@type":"EntryPoint","urlTemplate":"https:\/\/koningdrone.be\/?s={search_term_string}"},"query-input":{"@type":"PropertyValueSpecification","valueRequired":true,"valueName":"search_term_string"}}],"inLanguage":"es"},{"@type":"Organization","@id":"https:\/\/koningdrone.be\/#organization","name":"Kingdrone.es","url":"https:\/\/koningdrone.be\/","logo":{"@type":"ImageObject","inLanguage":"es","@id":"https:\/\/koningdrone.be\/#\/schema\/logo\/image\/","url":"https:\/\/koningdrone.be\/wp-content\/uploads\/sites\/13\/2025\/04\/koningdrone-copyright-logo.svg","contentUrl":"https:\/\/koningdrone.be\/wp-content\/uploads\/sites\/13\/2025\/04\/koningdrone-copyright-logo.svg","width":227,"height":38,"caption":"Koningdrone.be"},"image":{"@id":"https:\/\/koningdrone.be\/#\/schema\/logo\/image\/"}}]}},"df_price":1208.79,"df_sale_price":"","df_regular_price":1208.79,"df_image_link":"https:\/\/koningdrone.be\/wp-content\/uploads\/sites\/13\/2025\/08\/RIDER_5_2400x_c04e31bb-9b57-4ee8-ae05-7ffc7a345b31-300x200.jpg","_links":{"self":[{"href":"https:\/\/koningdrone.be\/es\/wp-json\/wp\/v2\/product\/14858","targetHints":{"allow":["GET"]}}],"collection":[{"href":"https:\/\/koningdrone.be\/es\/wp-json\/wp\/v2\/product"}],"about":[{"href":"https:\/\/koningdrone.be\/es\/wp-json\/wp\/v2\/types\/product"}],"wp:featuredmedia":[{"embeddable":true,"href":"https:\/\/koningdrone.be\/es\/wp-json\/wp\/v2\/media\/14855"}],"wp:attachment":[{"href":"https:\/\/koningdrone.be\/es\/wp-json\/wp\/v2\/media?parent=14858"}],"wp:term":[{"taxonomy":"product_brand","embeddable":true,"href":"https:\/\/koningdrone.be\/es\/wp-json\/wp\/v2\/product_brand?post=14858"},{"taxonomy":"product_cat","embeddable":true,"href":"https:\/\/koningdrone.be\/es\/wp-json\/wp\/v2\/product_cat?post=14858"},{"taxonomy":"product_tag","embeddable":true,"href":"https:\/\/koningdrone.be\/es\/wp-json\/wp\/v2\/product_tag?post=14858"}],"curies":[{"name":"wp","href":"https:\/\/api.w.org\/{rel}","templated":true}]}}