{"id":14806,"date":"2025-07-03T10:02:01","date_gmt":"2025-07-03T08:02:01","guid":{"rendered":"https:\/\/koningdrone.be\/product\/parazero-safe-air-mavic-3-astm-f3322-22-certified-moc-25112512-with-rc\/"},"modified":"2026-04-29T16:30:02","modified_gmt":"2026-04-29T14:30:02","slug":"parazero-safe-air-mavic-3-astm-f3322-22-certified-moc-25112512-with-rc","status":"publish","type":"product","link":"https:\/\/koningdrone.be\/es\/producto\/parazero-safe-air-mavic-3-astm-f3322-22-certified-moc-25112512-with-rc\/","title":{"rendered":"ParaZero Safe Air Mavic 3 Certificado ASTM F3322-22 + MdC 2511+2512 con RC"},"content":{"rendered":"<p>El ParaZero SafeAir para Mavic 3 es un avanzado sistema de seguridad para drones que proporciona una soluci\u00f3n fiable de recuperaci\u00f3n con paraca\u00eddas en caso de emergencia a\u00e9rea. Dise\u00f1ado espec\u00edficamente para la serie Mavic 3, combina sensores avanzados y activaci\u00f3n aut\u00f3noma para desplegar r\u00e1pidamente un paraca\u00eddas si se detecta una aver\u00eda o un problema cr\u00edtico. Este modelo cuenta con la certificaci\u00f3n ASTM F3322-22, que cumple las normas de seguridad m\u00e1s exigentes para operaciones sobre personas. Tambi\u00e9n incluye medios de cumplimiento (MoC 2511+2512) y un mando a distancia espec\u00edfico para la activaci\u00f3n manual. Este sistema es imprescindible para los pilotos de drones que realizan operaciones comerciales, misiones de seguridad p\u00fablica o vuelos en espacios a\u00e9reos regulados en los que se requiere una seguridad adicional.<\/p>","protected":false},"excerpt":{"rendered":"<ul>\n<li>Despliegue r\u00e1pido del paraca\u00eddas para aterrizajes de emergencia seguros.<\/li>\n<li>Certificado ASTM F3322-22 para uso sobre personas.<\/li>\n<li>Incluye mando a distancia con gatillo manual para un control de seguridad adicional.<\/li>\n<li>Dise\u00f1o ligero y aerodin\u00e1mico para mantener las prestaciones de vuelo.<\/li>\n<li>Dise\u00f1ado para cumplir las normas de las autoridades de aviaci\u00f3n.<\/li>\n<li>Aumentar la confianza operativa para las misiones comerciales.<\/li>\n<\/ul>","protected":false},"featured_media":14798,"template":"","meta":{"_acf_changed":false},"product_brand":[],"product_cat":[58],"product_tag":[],"class_list":{"0":"post-14806","1":"product","2":"type-product","3":"status-publish","4":"has-post-thumbnail","6":"product_cat-uncategorized","7":"product_shipping_class-outofstock","8":"pa_brand-parazero","9":"pa_producttype-veiligheidssysteem-voor-drones","11":"first","12":"outofstock","13":"taxable","14":"shipping-taxable","15":"purchasable","16":"product-type-simple"},"acf":[],"yoast_head":"<!-- This site is optimized with the Yoast SEO Premium plugin v27.2 (Yoast SEO v27.2) - https:\/\/yoast.com\/product\/yoast-seo-premium-wordpress\/ -->\n<title>ParaZero Safe Air Mavic 3 ASTM F3322-22 Certified + MoC 2511+2512 with RC - koningdrone.be<\/title>\n<meta name=\"robots\" content=\"index, follow, max-snippet:-1, max-image-preview:large, max-video-preview:-1\" \/>\n<link rel=\"canonical\" href=\"https:\/\/koningdrone.be\/es\/producto\/parazero-safe-air-mavic-3-astm-f3322-22-certified-moc-25112512-with-rc\/\" \/>\n<meta property=\"og:locale\" content=\"es_ES\" \/>\n<meta property=\"og:type\" content=\"article\" \/>\n<meta property=\"og:title\" content=\"ParaZero Safe Air Mavic 3 ASTM F3322-22 Certified + MoC 2511+2512 with RC\" \/>\n<meta property=\"og:description\" content=\"Snelle ontplooiing van de parachute voor veilige noodlandingen. ASTM F3322-22 gecertificeerd voor gebruik boven mensen. Inclusief afstandsbediening met handmatige trekker voor extra veiligheidscontrole. Lichtgewicht en aerodynamisch ontwerp voor behoud van vluchtprestaties. Ontworpen om te voldoen aan de normen van de luchtvaartautoriteiten. Vergroot het operationele vertrouwen voor commerci\u00eble missies.\" \/>\n<meta property=\"og:url\" content=\"https:\/\/koningdrone.be\/es\/producto\/parazero-safe-air-mavic-3-astm-f3322-22-certified-moc-25112512-with-rc\/\" \/>\n<meta property=\"og:site_name\" content=\"koningdrone.be\" \/>\n<meta property=\"article:modified_time\" content=\"2026-04-29T14:30:02+00:00\" \/>\n<meta property=\"og:image\" content=\"https:\/\/koningdrone.be\/wp-content\/uploads\/sites\/13\/2025\/08\/MGL8529-300x186-1.jpg\" \/>\n\t<meta property=\"og:image:width\" content=\"300\" \/>\n\t<meta property=\"og:image:height\" content=\"186\" \/>\n\t<meta property=\"og:image:type\" content=\"image\/jpeg\" \/>\n<meta name=\"twitter:card\" content=\"summary_large_image\" \/>\n<meta name=\"twitter:label1\" content=\"Tiempo de lectura\" \/>\n\t<meta name=\"twitter:data1\" content=\"1 minuto\" \/>\n<script type=\"application\/ld+json\" class=\"yoast-schema-graph\">{\"@context\":\"https:\/\/schema.org\",\"@graph\":[{\"@type\":\"WebPage\",\"@id\":\"https:\/\/koningdrone.be\/product\/parazero-safe-air-mavic-3-astm-f3322-22-certified-moc-25112512-with-rc\/\",\"url\":\"https:\/\/koningdrone.be\/product\/parazero-safe-air-mavic-3-astm-f3322-22-certified-moc-25112512-with-rc\/\",\"name\":\"ParaZero Safe Air Mavic 3 ASTM F3322-22 Certified + MoC 2511+2512 with RC - koningdrone.be\",\"isPartOf\":{\"@id\":\"https:\/\/koningdrone.be\/#website\"},\"primaryImageOfPage\":{\"@id\":\"https:\/\/koningdrone.be\/product\/parazero-safe-air-mavic-3-astm-f3322-22-certified-moc-25112512-with-rc\/#primaryimage\"},\"image\":{\"@id\":\"https:\/\/koningdrone.be\/product\/parazero-safe-air-mavic-3-astm-f3322-22-certified-moc-25112512-with-rc\/#primaryimage\"},\"thumbnailUrl\":\"https:\/\/koningdrone.be\/wp-content\/uploads\/sites\/13\/2025\/08\/MGL8529-300x186-1.jpg\",\"datePublished\":\"2025-07-03T08:02:01+00:00\",\"dateModified\":\"2026-04-29T14:30:02+00:00\",\"breadcrumb\":{\"@id\":\"https:\/\/koningdrone.be\/product\/parazero-safe-air-mavic-3-astm-f3322-22-certified-moc-25112512-with-rc\/#breadcrumb\"},\"inLanguage\":\"es\",\"potentialAction\":[{\"@type\":\"ReadAction\",\"target\":[\"https:\/\/koningdrone.be\/product\/parazero-safe-air-mavic-3-astm-f3322-22-certified-moc-25112512-with-rc\/\"]}]},{\"@type\":\"ImageObject\",\"inLanguage\":\"es\",\"@id\":\"https:\/\/koningdrone.be\/product\/parazero-safe-air-mavic-3-astm-f3322-22-certified-moc-25112512-with-rc\/#primaryimage\",\"url\":\"https:\/\/koningdrone.be\/wp-content\/uploads\/sites\/13\/2025\/08\/MGL8529-300x186-1.jpg\",\"contentUrl\":\"https:\/\/koningdrone.be\/wp-content\/uploads\/sites\/13\/2025\/08\/MGL8529-300x186-1.jpg\",\"width\":300,\"height\":186},{\"@type\":\"BreadcrumbList\",\"@id\":\"https:\/\/koningdrone.be\/product\/parazero-safe-air-mavic-3-astm-f3322-22-certified-moc-25112512-with-rc\/#breadcrumb\",\"itemListElement\":[{\"@type\":\"ListItem\",\"position\":1,\"name\":\"Home\",\"item\":\"https:\/\/koningdrone.be\/\"},{\"@type\":\"ListItem\",\"position\":2,\"name\":\"AVSS Parachute Recovery System for DJI Matrice 300\/350\",\"item\":\"https:\/\/koningdrone.be\/product\/avss-parachute-recovery-system-for-dji-matrice-300-350\/\"},{\"@type\":\"ListItem\",\"position\":3,\"name\":\"Uncategorized\",\"item\":\"https:\/\/koningdrone.be\/categorie\/uncategorized\/\"},{\"@type\":\"ListItem\",\"position\":4,\"name\":\"ParaZero Safe Air Mavic 3 ASTM F3322-22 Certified + MoC 2511+2512 with RC\"}]},{\"@type\":\"WebSite\",\"@id\":\"https:\/\/koningdrone.be\/#website\",\"url\":\"https:\/\/koningdrone.be\/\",\"name\":\"Koningdrone.be - Uw online specialist in drones, gimbals, camera's en power stations.\",\"description\":\"De webshop in drones en gimbals\",\"publisher\":{\"@id\":\"https:\/\/koningdrone.be\/#organization\"},\"potentialAction\":[{\"@type\":\"SearchAction\",\"target\":{\"@type\":\"EntryPoint\",\"urlTemplate\":\"https:\/\/koningdrone.be\/?s={search_term_string}\"},\"query-input\":{\"@type\":\"PropertyValueSpecification\",\"valueRequired\":true,\"valueName\":\"search_term_string\"}}],\"inLanguage\":\"es\"},{\"@type\":\"Organization\",\"@id\":\"https:\/\/koningdrone.be\/#organization\",\"name\":\"Koningdrone.be\",\"url\":\"https:\/\/koningdrone.be\/\",\"logo\":{\"@type\":\"ImageObject\",\"inLanguage\":\"es\",\"@id\":\"https:\/\/koningdrone.be\/#\/schema\/logo\/image\/\",\"url\":\"https:\/\/koningdrone.be\/wp-content\/uploads\/sites\/13\/2025\/04\/koningdrone-copyright-logo.svg\",\"contentUrl\":\"https:\/\/koningdrone.be\/wp-content\/uploads\/sites\/13\/2025\/04\/koningdrone-copyright-logo.svg\",\"width\":227,\"height\":38,\"caption\":\"Koningdrone.be\"},\"image\":{\"@id\":\"https:\/\/koningdrone.be\/#\/schema\/logo\/image\/\"}}]}<\/script>\n<!-- \/ Yoast SEO Premium plugin. -->","yoast_head_json":{"title":"ParaZero Safe Air Mavic 3 ASTM F3322-22 Certified + MoC 2511+2512 with RC - koningdrone.be","robots":{"index":"index","follow":"follow","max-snippet":"max-snippet:-1","max-image-preview":"max-image-preview:large","max-video-preview":"max-video-preview:-1"},"canonical":"https:\/\/koningdrone.be\/es\/producto\/parazero-safe-air-mavic-3-astm-f3322-22-certified-moc-25112512-with-rc\/","og_locale":"es_ES","og_type":"article","og_title":"ParaZero Safe Air Mavic 3 ASTM F3322-22 Certified + MoC 2511+2512 with RC","og_description":"Snelle ontplooiing van de parachute voor veilige noodlandingen. ASTM F3322-22 gecertificeerd voor gebruik boven mensen. Inclusief afstandsbediening met handmatige trekker voor extra veiligheidscontrole. Lichtgewicht en aerodynamisch ontwerp voor behoud van vluchtprestaties. Ontworpen om te voldoen aan de normen van de luchtvaartautoriteiten. Vergroot het operationele vertrouwen voor commerci\u00eble missies.","og_url":"https:\/\/koningdrone.be\/es\/producto\/parazero-safe-air-mavic-3-astm-f3322-22-certified-moc-25112512-with-rc\/","og_site_name":"koningdrone.be","article_modified_time":"2026-04-29T14:30:02+00:00","og_image":[{"width":300,"height":186,"url":"https:\/\/koningdrone.be\/wp-content\/uploads\/sites\/13\/2025\/08\/MGL8529-300x186-1.jpg","type":"image\/jpeg"}],"twitter_card":"summary_large_image","twitter_misc":{"Tiempo de lectura":"1 minuto"},"schema":{"@context":"https:\/\/schema.org","@graph":[{"@type":"WebPage","@id":"https:\/\/koningdrone.be\/product\/parazero-safe-air-mavic-3-astm-f3322-22-certified-moc-25112512-with-rc\/","url":"https:\/\/koningdrone.be\/product\/parazero-safe-air-mavic-3-astm-f3322-22-certified-moc-25112512-with-rc\/","name":"ParaZero Safe Air Mavic 3 ASTM F3322-22 Certified + MoC 2511+2512 with RC - koningdrone.be","isPartOf":{"@id":"https:\/\/koningdrone.be\/#website"},"primaryImageOfPage":{"@id":"https:\/\/koningdrone.be\/product\/parazero-safe-air-mavic-3-astm-f3322-22-certified-moc-25112512-with-rc\/#primaryimage"},"image":{"@id":"https:\/\/koningdrone.be\/product\/parazero-safe-air-mavic-3-astm-f3322-22-certified-moc-25112512-with-rc\/#primaryimage"},"thumbnailUrl":"https:\/\/koningdrone.be\/wp-content\/uploads\/sites\/13\/2025\/08\/MGL8529-300x186-1.jpg","datePublished":"2025-07-03T08:02:01+00:00","dateModified":"2026-04-29T14:30:02+00:00","breadcrumb":{"@id":"https:\/\/koningdrone.be\/product\/parazero-safe-air-mavic-3-astm-f3322-22-certified-moc-25112512-with-rc\/#breadcrumb"},"inLanguage":"es","potentialAction":[{"@type":"ReadAction","target":["https:\/\/koningdrone.be\/product\/parazero-safe-air-mavic-3-astm-f3322-22-certified-moc-25112512-with-rc\/"]}]},{"@type":"ImageObject","inLanguage":"es","@id":"https:\/\/koningdrone.be\/product\/parazero-safe-air-mavic-3-astm-f3322-22-certified-moc-25112512-with-rc\/#primaryimage","url":"https:\/\/koningdrone.be\/wp-content\/uploads\/sites\/13\/2025\/08\/MGL8529-300x186-1.jpg","contentUrl":"https:\/\/koningdrone.be\/wp-content\/uploads\/sites\/13\/2025\/08\/MGL8529-300x186-1.jpg","width":300,"height":186},{"@type":"BreadcrumbList","@id":"https:\/\/koningdrone.be\/product\/parazero-safe-air-mavic-3-astm-f3322-22-certified-moc-25112512-with-rc\/#breadcrumb","itemListElement":[{"@type":"ListItem","position":1,"name":"Home","item":"https:\/\/koningdrone.be\/"},{"@type":"ListItem","position":2,"name":"AVSS Parachute Recovery System for DJI Matrice 300\/350","item":"https:\/\/koningdrone.be\/product\/avss-parachute-recovery-system-for-dji-matrice-300-350\/"},{"@type":"ListItem","position":3,"name":"Uncategorized","item":"https:\/\/koningdrone.be\/categorie\/uncategorized\/"},{"@type":"ListItem","position":4,"name":"ParaZero Safe Air Mavic 3 ASTM F3322-22 Certified + MoC 2511+2512 with RC"}]},{"@type":"WebSite","@id":"https:\/\/koningdrone.be\/#website","url":"https:\/\/koningdrone.be\/","name":"Koningdrone.be - Su especialista en l\u00ednea en drones, cardanes, c\u00e1maras y centrales el\u00e9ctricas.","description":"La tienda virtual de drones y cardanes","publisher":{"@id":"https:\/\/koningdrone.be\/#organization"},"potentialAction":[{"@type":"SearchAction","target":{"@type":"EntryPoint","urlTemplate":"https:\/\/koningdrone.be\/?s={search_term_string}"},"query-input":{"@type":"PropertyValueSpecification","valueRequired":true,"valueName":"search_term_string"}}],"inLanguage":"es"},{"@type":"Organization","@id":"https:\/\/koningdrone.be\/#organization","name":"Kingdrone.es","url":"https:\/\/koningdrone.be\/","logo":{"@type":"ImageObject","inLanguage":"es","@id":"https:\/\/koningdrone.be\/#\/schema\/logo\/image\/","url":"https:\/\/koningdrone.be\/wp-content\/uploads\/sites\/13\/2025\/04\/koningdrone-copyright-logo.svg","contentUrl":"https:\/\/koningdrone.be\/wp-content\/uploads\/sites\/13\/2025\/04\/koningdrone-copyright-logo.svg","width":227,"height":38,"caption":"Koningdrone.be"},"image":{"@id":"https:\/\/koningdrone.be\/#\/schema\/logo\/image\/"}}]}},"df_price":2055.79,"df_sale_price":"","df_regular_price":2055.79,"df_image_link":"https:\/\/koningdrone.be\/wp-content\/uploads\/sites\/13\/2025\/08\/MGL8529-300x186-1.jpg","_links":{"self":[{"href":"https:\/\/koningdrone.be\/es\/wp-json\/wp\/v2\/product\/14806","targetHints":{"allow":["GET"]}}],"collection":[{"href":"https:\/\/koningdrone.be\/es\/wp-json\/wp\/v2\/product"}],"about":[{"href":"https:\/\/koningdrone.be\/es\/wp-json\/wp\/v2\/types\/product"}],"wp:featuredmedia":[{"embeddable":true,"href":"https:\/\/koningdrone.be\/es\/wp-json\/wp\/v2\/media\/14798"}],"wp:attachment":[{"href":"https:\/\/koningdrone.be\/es\/wp-json\/wp\/v2\/media?parent=14806"}],"wp:term":[{"taxonomy":"product_brand","embeddable":true,"href":"https:\/\/koningdrone.be\/es\/wp-json\/wp\/v2\/product_brand?post=14806"},{"taxonomy":"product_cat","embeddable":true,"href":"https:\/\/koningdrone.be\/es\/wp-json\/wp\/v2\/product_cat?post=14806"},{"taxonomy":"product_tag","embeddable":true,"href":"https:\/\/koningdrone.be\/es\/wp-json\/wp\/v2\/product_tag?post=14806"}],"curies":[{"name":"wp","href":"https:\/\/api.w.org\/{rel}","templated":true}]}}