{"id":14760,"date":"2025-07-03T10:02:37","date_gmt":"2025-07-03T08:02:37","guid":{"rendered":"https:\/\/koningdrone.be\/product\/dji-zenmuse-s1\/"},"modified":"2026-04-29T03:50:26","modified_gmt":"2026-04-29T01:50:26","slug":"dji-zenmuse-s1","status":"publish","type":"product","link":"https:\/\/koningdrone.be\/es\/producto\/dji-zenmuse-s1\/","title":{"rendered":"DJI Zenmuse S1"},"content":{"rendered":"<h3>DJI Zenmuse S1<\/h3>\n<p><iframe loading=\"lazy\" title=\"Esto es DJI Zenmuse S1 y V1 | Drone Spotlight y Speaker Payloads\" width=\"800\" height=\"450\" src=\"https:\/\/www.youtube.com\/embed\/Xe8LVWFugTQ?feature=oembed&#038;enablejsapi=1&#038;origin=https:\/\/koningdrone.be\" frameborder=\"0\" allow=\"accelerometer; autoplay; clipboard-write; encrypted-media; gyroscope; picture-in-picture; web-share\" referrerpolicy=\"strict-origin-when-cross-origin\" allowfullscreen><\/iframe><\/p>\n<p style=\"margin-top: 20px\">La DJI Zenmuse S1 es un potente foco para drones dise\u00f1ado espec\u00edficamente para plataformas de drones profesionales de carga m\u00faltiple. Dise\u00f1ada para su uso con drones empresariales, esta avanzada unidad de iluminaci\u00f3n proporciona una potente iluminaci\u00f3n para operaciones nocturnas y entornos poco iluminados. Con una construcci\u00f3n robusta e integraci\u00f3n con los sistemas de drones profesionales de DJI, el Zenmuse S1 es ideal para seguridad p\u00fablica, inspecciones y operaciones de rescate.<\/p>\n<p style=\"margin-bottom: 20px\">El foco est\u00e1 dise\u00f1ado para aplicaciones de misi\u00f3n cr\u00edtica en las que la visibilidad es esencial. Ya sea para operaciones de b\u00fasqueda y rescate, inspecciones industriales u operaciones de seguridad, la Zenmuse S1 permite a los operadores iluminar y analizar claramente su entorno desde el aire.<\/p>\n<p><a href=\"https:\/\/koningdrone.nl\/wp-content\/uploads\/2025\/07\/DJI-Zenmuse-S1.webp\"><img loading=\"lazy\" decoding=\"async\" class=\"size-full wp-image-467248 aligncenter\" src=\"https:\/\/koningdrone.nl\/wp-content\/uploads\/2025\/07\/DJI-Zenmuse-S1.webp\" alt=\"DJI Zenmuse S1\" width=\"1200\" height=\"800\" \/><\/a><\/p>\n<h4>Rendimiento y funcionalidad<\/h4>\n<p>La Zenmuse S1 utiliza <strong>Tecnolog\u00eda LEP (f\u00f3sforo excitado por l\u00e1ser)<\/strong> para producir un haz de luz muy potente y concentrado. Esto permite que el proyector alcance una distancia de iluminaci\u00f3n efectiva de hasta aprox. <strong>500 metros<\/strong>, waardoor operators objecten op grote afstand duidelijk kunnen zien tijdens nachtvluchten.<\/p>\n<p>De spotlight ondersteunt meerdere verlichtingsmodi, waaronder <strong>Luz de carretera, luz de cruce y ambos modos encendidos<\/strong>, waardoor gebruikers de verlichting kunnen aanpassen aan verschillende situaties. Low Beam is geschikt voor kortere inspecties en zoekoperaties, terwijl High Beam een smalle en krachtige lichtbundel levert voor lange afstand observatie. Deze flexibiliteit maakt de Zenmuse S1 een waardevol hulpmiddel voor uiteenlopende operationele scenario\u2019s.<\/p>\n<p>Daarnaast integreert de spotlight volledig met DJI\u2019s enterprise ecosysteem, inclusief besturing via de dronecontroller en DJI Pilot software. Hierdoor kunnen operators de lichtinstellingen eenvoudig aanpassen tijdens de vlucht en nauwkeurig de gewenste gebieden verlichten.<\/p>\n<h4>Calidad de construcci\u00f3n y dise\u00f1o<\/h4>\n<p>Construida seg\u00fan los est\u00e1ndares profesionales de DJI, la Zenmuse S1 cuenta con un cuerpo robusto que puede soportar duras condiciones operativas. Con un <strong>Grado de protecci\u00f3n IP54<\/strong> is de spotlight beschermd tegen stof en spatwater, waardoor hij betrouwbaar kan functioneren in uiteenlopende weersomstandigheden.<\/p>\n<p>Het compacte ontwerp en de gimbal-compatibele montage zorgen ervoor dat de spotlight stabiel blijft tijdens de vlucht en naadloos integreert met DJI\u2019s enterprise droneplatforms via de SkyPort-aansluiting. Hierdoor blijft de verlichting nauwkeurig gericht, zelfs wanneer de drone beweegt of op grote hoogte vliegt.<\/p>\n<p><a href=\"https:\/\/koningdrone.nl\/wp-content\/uploads\/2025\/07\/Product-DJI-Zenmuse-S1.webp\"><img loading=\"lazy\" decoding=\"async\" class=\"wp-image-467245 size-medium aligncenter\" src=\"https:\/\/koningdrone.nl\/wp-content\/uploads\/2025\/07\/Product-DJI-Zenmuse-S1-300x300.webp\" alt=\"Product DJI Zenmuse S1\" width=\"300\" height=\"300\" \/><\/a><\/p>\n<h4>Por qu\u00e9 lo necesita<\/h4>\n<p>La DJI Zenmuse S1 es una herramienta esencial para las operaciones profesionales con drones que tienen lugar en entornos oscuros o poco iluminados. Con una potente iluminaci\u00f3n, m\u00faltiples modos de luz y una integraci\u00f3n fiable con los drones empresariales DJI, este foco permite a los operadores trabajar de forma m\u00e1s eficiente, operar con mayor seguridad y analizar mejor las situaciones cr\u00edticas desde el aire.<\/p>","protected":false},"excerpt":{"rendered":"<ul>\n<li>Potente foco para drones con tecnolog\u00eda LEP para una iluminaci\u00f3n extremadamente brillante<\/li>\n<li>Distancia de iluminaci\u00f3n efectiva de hasta unos 500 metros<\/li>\n<li>M\u00faltiples modos de iluminaci\u00f3n para diferentes escenarios operativos<\/li>\n<li>Dise\u00f1ado para operaciones profesionales de inspecci\u00f3n, seguridad y rescate<\/li>\n<li>Totalmente compatible con las plataformas de drones empresariales de DJI<\/li>\n<\/ul>","protected":false},"featured_media":17050,"template":"","meta":{"_acf_changed":false},"product_brand":[],"product_cat":[153,1583,1743,1833,1823],"product_tag":[],"class_list":{"0":"post-14760","1":"product","2":"type-product","3":"status-publish","4":"has-post-thumbnail","6":"product_cat-dji-matrice-350","7":"product_cat-dji-matrice-400","8":"product_cat-dji-zenmuse-s1","9":"product_cat-speakers-and-spotlights","10":"product_cat-spotlight","11":"product_shipping_class-uavspacesshowall","12":"pa_brand-dji","13":"pa_producttype-drone-schijnwerper","14":"pa_series-zenmuse","16":"first","17":"instock","18":"taxable","19":"shipping-taxable","20":"purchasable","21":"product-type-simple"},"acf":[],"yoast_head":"<!-- This site is optimized with the Yoast SEO Premium plugin v27.2 (Yoast SEO v27.2) - https:\/\/yoast.com\/product\/yoast-seo-premium-wordpress\/ -->\n<title>DJI Zenmuse S1 - koningdrone.be<\/title>\n<meta name=\"robots\" content=\"index, follow, max-snippet:-1, max-image-preview:large, max-video-preview:-1\" \/>\n<link rel=\"canonical\" href=\"https:\/\/koningdrone.be\/es\/producto\/dji-zenmuse-s1\/\" \/>\n<meta property=\"og:locale\" content=\"es_ES\" \/>\n<meta property=\"og:type\" content=\"article\" \/>\n<meta property=\"og:title\" content=\"DJI Zenmuse S1\" \/>\n<meta property=\"og:description\" content=\"Krachtige drone-spotlight met LEP-technologie voor extreem heldere verlichting  Effectieve verlichtingsafstand tot ongeveer 500 meter  Meerdere verlichtingsmodi voor verschillende operationele scenario\u2019s  Ontworpen voor professionele inspectie, veiligheid en reddingsoperaties  Volledig compatibel met DJI enterprise droneplatforms\" \/>\n<meta property=\"og:url\" content=\"https:\/\/koningdrone.be\/es\/producto\/dji-zenmuse-s1\/\" \/>\n<meta property=\"og:site_name\" content=\"koningdrone.be\" \/>\n<meta property=\"article:modified_time\" content=\"2026-04-29T01:50:26+00:00\" \/>\n<meta property=\"og:image\" content=\"https:\/\/koningdrone.be\/wp-content\/uploads\/sites\/13\/2026\/03\/DJI-Product-Zenmuse-S1.webp\" \/>\n\t<meta property=\"og:image:width\" content=\"2048\" \/>\n\t<meta property=\"og:image:height\" content=\"2048\" \/>\n\t<meta property=\"og:image:type\" content=\"image\/webp\" \/>\n<meta name=\"twitter:card\" content=\"summary_large_image\" \/>\n<meta name=\"twitter:label1\" content=\"Tiempo de lectura\" \/>\n\t<meta name=\"twitter:data1\" content=\"2 minutos\" \/>\n<script type=\"application\/ld+json\" class=\"yoast-schema-graph\">{\"@context\":\"https:\/\/schema.org\",\"@graph\":[{\"@type\":\"WebPage\",\"@id\":\"https:\/\/koningdrone.be\/product\/dji-zenmuse-s1\/\",\"url\":\"https:\/\/koningdrone.be\/product\/dji-zenmuse-s1\/\",\"name\":\"DJI Zenmuse S1 - koningdrone.be\",\"isPartOf\":{\"@id\":\"https:\/\/koningdrone.be\/#website\"},\"primaryImageOfPage\":{\"@id\":\"https:\/\/koningdrone.be\/product\/dji-zenmuse-s1\/#primaryimage\"},\"image\":{\"@id\":\"https:\/\/koningdrone.be\/product\/dji-zenmuse-s1\/#primaryimage\"},\"thumbnailUrl\":\"https:\/\/koningdrone.be\/wp-content\/uploads\/sites\/13\/2026\/03\/DJI-Product-Zenmuse-S1.webp\",\"datePublished\":\"2025-07-03T08:02:37+00:00\",\"dateModified\":\"2026-04-29T01:50:26+00:00\",\"breadcrumb\":{\"@id\":\"https:\/\/koningdrone.be\/product\/dji-zenmuse-s1\/#breadcrumb\"},\"inLanguage\":\"es\",\"potentialAction\":[{\"@type\":\"ReadAction\",\"target\":[\"https:\/\/koningdrone.be\/product\/dji-zenmuse-s1\/\"]}]},{\"@type\":\"ImageObject\",\"inLanguage\":\"es\",\"@id\":\"https:\/\/koningdrone.be\/product\/dji-zenmuse-s1\/#primaryimage\",\"url\":\"https:\/\/koningdrone.be\/wp-content\/uploads\/sites\/13\/2026\/03\/DJI-Product-Zenmuse-S1.webp\",\"contentUrl\":\"https:\/\/koningdrone.be\/wp-content\/uploads\/sites\/13\/2026\/03\/DJI-Product-Zenmuse-S1.webp\",\"width\":2048,\"height\":2048},{\"@type\":\"BreadcrumbList\",\"@id\":\"https:\/\/koningdrone.be\/product\/dji-zenmuse-s1\/#breadcrumb\",\"itemListElement\":[{\"@type\":\"ListItem\",\"position\":1,\"name\":\"Home\",\"item\":\"https:\/\/koningdrone.be\/\"},{\"@type\":\"ListItem\",\"position\":2,\"name\":\"AVSS Parachute Recovery System for DJI Matrice 300\/350\",\"item\":\"https:\/\/koningdrone.be\/product\/avss-parachute-recovery-system-for-dji-matrice-300-350\/\"},{\"@type\":\"ListItem\",\"position\":3,\"name\":\"DJI Matrice 350\",\"item\":\"https:\/\/koningdrone.be\/categorie\/dji-matrice-350\/\"},{\"@type\":\"ListItem\",\"position\":4,\"name\":\"DJI Zenmuse S1\"}]},{\"@type\":\"WebSite\",\"@id\":\"https:\/\/koningdrone.be\/#website\",\"url\":\"https:\/\/koningdrone.be\/\",\"name\":\"Koningdrone.be - Uw online specialist in drones, gimbals, camera's en power stations.\",\"description\":\"De webshop in drones en gimbals\",\"publisher\":{\"@id\":\"https:\/\/koningdrone.be\/#organization\"},\"potentialAction\":[{\"@type\":\"SearchAction\",\"target\":{\"@type\":\"EntryPoint\",\"urlTemplate\":\"https:\/\/koningdrone.be\/?s={search_term_string}\"},\"query-input\":{\"@type\":\"PropertyValueSpecification\",\"valueRequired\":true,\"valueName\":\"search_term_string\"}}],\"inLanguage\":\"es\"},{\"@type\":\"Organization\",\"@id\":\"https:\/\/koningdrone.be\/#organization\",\"name\":\"Koningdrone.be\",\"url\":\"https:\/\/koningdrone.be\/\",\"logo\":{\"@type\":\"ImageObject\",\"inLanguage\":\"es\",\"@id\":\"https:\/\/koningdrone.be\/#\/schema\/logo\/image\/\",\"url\":\"https:\/\/koningdrone.be\/wp-content\/uploads\/sites\/13\/2025\/04\/koningdrone-copyright-logo.svg\",\"contentUrl\":\"https:\/\/koningdrone.be\/wp-content\/uploads\/sites\/13\/2025\/04\/koningdrone-copyright-logo.svg\",\"width\":227,\"height\":38,\"caption\":\"Koningdrone.be\"},\"image\":{\"@id\":\"https:\/\/koningdrone.be\/#\/schema\/logo\/image\/\"}}]}<\/script>\n<!-- \/ Yoast SEO Premium plugin. -->","yoast_head_json":{"title":"DJI Zenmuse S1 - koningdrone.be","robots":{"index":"index","follow":"follow","max-snippet":"max-snippet:-1","max-image-preview":"max-image-preview:large","max-video-preview":"max-video-preview:-1"},"canonical":"https:\/\/koningdrone.be\/es\/producto\/dji-zenmuse-s1\/","og_locale":"es_ES","og_type":"article","og_title":"DJI Zenmuse S1","og_description":"Krachtige drone-spotlight met LEP-technologie voor extreem heldere verlichting  Effectieve verlichtingsafstand tot ongeveer 500 meter  Meerdere verlichtingsmodi voor verschillende operationele scenario\u2019s  Ontworpen voor professionele inspectie, veiligheid en reddingsoperaties  Volledig compatibel met DJI enterprise droneplatforms","og_url":"https:\/\/koningdrone.be\/es\/producto\/dji-zenmuse-s1\/","og_site_name":"koningdrone.be","article_modified_time":"2026-04-29T01:50:26+00:00","og_image":[{"width":2048,"height":2048,"url":"https:\/\/koningdrone.be\/wp-content\/uploads\/sites\/13\/2026\/03\/DJI-Product-Zenmuse-S1.webp","type":"image\/webp"}],"twitter_card":"summary_large_image","twitter_misc":{"Tiempo de lectura":"2 minutos"},"schema":{"@context":"https:\/\/schema.org","@graph":[{"@type":"WebPage","@id":"https:\/\/koningdrone.be\/product\/dji-zenmuse-s1\/","url":"https:\/\/koningdrone.be\/product\/dji-zenmuse-s1\/","name":"DJI Zenmuse S1 - koningdrone.be","isPartOf":{"@id":"https:\/\/koningdrone.be\/#website"},"primaryImageOfPage":{"@id":"https:\/\/koningdrone.be\/product\/dji-zenmuse-s1\/#primaryimage"},"image":{"@id":"https:\/\/koningdrone.be\/product\/dji-zenmuse-s1\/#primaryimage"},"thumbnailUrl":"https:\/\/koningdrone.be\/wp-content\/uploads\/sites\/13\/2026\/03\/DJI-Product-Zenmuse-S1.webp","datePublished":"2025-07-03T08:02:37+00:00","dateModified":"2026-04-29T01:50:26+00:00","breadcrumb":{"@id":"https:\/\/koningdrone.be\/product\/dji-zenmuse-s1\/#breadcrumb"},"inLanguage":"es","potentialAction":[{"@type":"ReadAction","target":["https:\/\/koningdrone.be\/product\/dji-zenmuse-s1\/"]}]},{"@type":"ImageObject","inLanguage":"es","@id":"https:\/\/koningdrone.be\/product\/dji-zenmuse-s1\/#primaryimage","url":"https:\/\/koningdrone.be\/wp-content\/uploads\/sites\/13\/2026\/03\/DJI-Product-Zenmuse-S1.webp","contentUrl":"https:\/\/koningdrone.be\/wp-content\/uploads\/sites\/13\/2026\/03\/DJI-Product-Zenmuse-S1.webp","width":2048,"height":2048},{"@type":"BreadcrumbList","@id":"https:\/\/koningdrone.be\/product\/dji-zenmuse-s1\/#breadcrumb","itemListElement":[{"@type":"ListItem","position":1,"name":"Home","item":"https:\/\/koningdrone.be\/"},{"@type":"ListItem","position":2,"name":"AVSS Parachute Recovery System for DJI Matrice 300\/350","item":"https:\/\/koningdrone.be\/product\/avss-parachute-recovery-system-for-dji-matrice-300-350\/"},{"@type":"ListItem","position":3,"name":"DJI Matrice 350","item":"https:\/\/koningdrone.be\/categorie\/dji-matrice-350\/"},{"@type":"ListItem","position":4,"name":"DJI Zenmuse S1"}]},{"@type":"WebSite","@id":"https:\/\/koningdrone.be\/#website","url":"https:\/\/koningdrone.be\/","name":"Koningdrone.be - Su especialista en l\u00ednea en drones, cardanes, c\u00e1maras y centrales el\u00e9ctricas.","description":"La tienda virtual de drones y cardanes","publisher":{"@id":"https:\/\/koningdrone.be\/#organization"},"potentialAction":[{"@type":"SearchAction","target":{"@type":"EntryPoint","urlTemplate":"https:\/\/koningdrone.be\/?s={search_term_string}"},"query-input":{"@type":"PropertyValueSpecification","valueRequired":true,"valueName":"search_term_string"}}],"inLanguage":"es"},{"@type":"Organization","@id":"https:\/\/koningdrone.be\/#organization","name":"Kingdrone.es","url":"https:\/\/koningdrone.be\/","logo":{"@type":"ImageObject","inLanguage":"es","@id":"https:\/\/koningdrone.be\/#\/schema\/logo\/image\/","url":"https:\/\/koningdrone.be\/wp-content\/uploads\/sites\/13\/2025\/04\/koningdrone-copyright-logo.svg","contentUrl":"https:\/\/koningdrone.be\/wp-content\/uploads\/sites\/13\/2025\/04\/koningdrone-copyright-logo.svg","width":227,"height":38,"caption":"Koningdrone.be"},"image":{"@id":"https:\/\/koningdrone.be\/#\/schema\/logo\/image\/"}}]}},"df_price":1300,"df_sale_price":"","df_regular_price":1300,"df_image_link":"https:\/\/koningdrone.be\/wp-content\/uploads\/sites\/13\/2026\/03\/DJI-Product-Zenmuse-S1-300x300.webp","_links":{"self":[{"href":"https:\/\/koningdrone.be\/es\/wp-json\/wp\/v2\/product\/14760","targetHints":{"allow":["GET"]}}],"collection":[{"href":"https:\/\/koningdrone.be\/es\/wp-json\/wp\/v2\/product"}],"about":[{"href":"https:\/\/koningdrone.be\/es\/wp-json\/wp\/v2\/types\/product"}],"wp:featuredmedia":[{"embeddable":true,"href":"https:\/\/koningdrone.be\/es\/wp-json\/wp\/v2\/media\/17050"}],"wp:attachment":[{"href":"https:\/\/koningdrone.be\/es\/wp-json\/wp\/v2\/media?parent=14760"}],"wp:term":[{"taxonomy":"product_brand","embeddable":true,"href":"https:\/\/koningdrone.be\/es\/wp-json\/wp\/v2\/product_brand?post=14760"},{"taxonomy":"product_cat","embeddable":true,"href":"https:\/\/koningdrone.be\/es\/wp-json\/wp\/v2\/product_cat?post=14760"},{"taxonomy":"product_tag","embeddable":true,"href":"https:\/\/koningdrone.be\/es\/wp-json\/wp\/v2\/product_tag?post=14760"}],"curies":[{"name":"wp","href":"https:\/\/api.w.org\/{rel}","templated":true}]}}