{"id":14753,"date":"2025-07-03T10:02:37","date_gmt":"2025-07-03T08:02:37","guid":{"rendered":"https:\/\/koningdrone.be\/product\/dronavia-parachute-moc-m2-with-internal-flight-termination-system-moc-2511-kronos-for-matrice-4-c5\/"},"modified":"2026-04-29T16:30:05","modified_gmt":"2026-04-29T14:30:05","slug":"dronavia-parachute-moc-m2-with-internal-flight-termination-system-moc-2511-kronos-for-matrice-4-c5","status":"publish","type":"product","link":"https:\/\/koningdrone.be\/es\/producto\/dronavia-parachute-moc-m2-with-internal-flight-termination-system-moc-2511-kronos-for-matrice-4-c5\/","title":{"rendered":"Dronavia Paraca\u00eddas Moc M2 con Sistema Interno de Terminaci\u00f3n de Vuelo MOC 2511 Kronos para Matrice 4 \/ C5"},"content":{"rendered":"<h3>Dronavia Paraca\u00eddas Moc M2 con Sistema Interno de Terminaci\u00f3n de Vuelo MOC 2511 Kronos para Matrice 4 \/ C5<\/h3>\n<p><em>El paraca\u00eddas Dronavia Moc M2 con sistema interno de terminaci\u00f3n de vuelo MOC 2511 Kronos para Matrice 4 \/ C5<\/em> es un sistema de seguridad avanzado dise\u00f1ado para operadores de drones profesionales que buscan actualizar un dron DJI Matrice de la serie 4 para que cumpla plenamente con las \u00faltimas normas europeas de la EASA. Este sistema de kit combina un m\u00f3dulo de recuperaci\u00f3n de paraca\u00eddas (PRS) con un sistema interno de terminaci\u00f3n de vuelo (FTS) para aterrizar de forma segura el dron en caso de error cr\u00edtico en vuelo. Es ideal para aplicaciones profesionales en las que la m\u00e1xima seguridad y la gesti\u00f3n de riesgos son cruciales.<\/p>\n<p><a href=\"https:\/\/koningdrone.nl\/wp-content\/uploads\/2025\/07\/Dronavia-Parachute-Moc-M2-with-Internal-Flight-Termination-System-MOC-2511-Kronos-for-Matrice-4-C5.webp\"><img loading=\"lazy\" decoding=\"async\" class=\"size-medium wp-image-470751 aligncenter\" src=\"https:\/\/koningdrone.nl\/wp-content\/uploads\/2025\/07\/Dronavia-Parachute-Moc-M2-with-Internal-Flight-Termination-System-MOC-2511-Kronos-for-Matrice-4-C5-300x300.webp\" alt=\"Dronavia Parachute Moc M2 with Internal Flight Termination System MOC 2511 Kronos for Matrice 4 C5\" width=\"300\" height=\"300\" \/><\/a><\/p>\n<h4>Rendimiento y funcionalidad<\/h4>\n<p>Este kit de sistema activa autom\u00e1ticamente el paraca\u00eddas en menos de 0,27 segundos en situaciones de emergencia, reduciendo en gran medida la energ\u00eda del impacto contra el suelo. El FTS integrado apaga autom\u00e1ticamente los motores en situaciones en las que es necesario finalizar el vuelo, proporcionando protecci\u00f3n adicional tanto para el dron como para las personas en tierra. Con opciones de disparo inal\u00e1mbrico y comunicaci\u00f3n segura mediante un mando a distancia Klick con un alcance de hasta 1,5 km (u opcionalmente hasta ~10 km), tambi\u00e9n puede controlar los sistemas manualmente.<\/p>\n<h4>Calidad de construcci\u00f3n y dise\u00f1o<\/h4>\n<p style=\"margin-bottom: 20px\">El sistema Kronos se ha desarrollado con materiales ligeros de alta calidad y un dise\u00f1o compacto para que la carga \u00fatil adicional sea m\u00ednima en su dron. La campana del paraca\u00eddas utiliza la tecnolog\u00eda PARA\u00b2 para un descenso m\u00e1s estable y controlado, y el sistema POD permite un rearmado r\u00e1pido tras el despliegue. Todos los componentes est\u00e1n dise\u00f1ados para ofrecer un rendimiento robusto dentro de las normas operativas europeas.<\/p>\n<p><a href=\"https:\/\/koningdrone.nl\/wp-content\/uploads\/2025\/07\/Dronavia-Parachute-Moc-M2-with-Internal-Flight-Termination-System-MOC-2511-Kronos-for-Matrice-4-C5-Product.webp\"><img loading=\"lazy\" decoding=\"async\" class=\"size-medium wp-image-470750 aligncenter\" src=\"https:\/\/koningdrone.nl\/wp-content\/uploads\/2025\/07\/Dronavia-Parachute-Moc-M2-with-Internal-Flight-Termination-System-MOC-2511-Kronos-for-Matrice-4-C5-Product-300x300.webp\" alt=\"Dronavia Parachute Moc M2 with Internal Flight Termination System MOC 2511 Kronos for Matrice 4 C5 Product\" width=\"300\" height=\"300\" \/><\/a><\/p>\n<h4>Por qu\u00e9 lo necesita<\/h4>\n<p>Si realiza misiones comerciales o complejas con drones en Europa, con vuelos sobre personas o en zonas urbanas, este kit de paraca\u00eddas y terminaci\u00f3n de vuelo proporciona una capa adicional de seguridad crucial. El sistema ayuda a cumplir la clasificaci\u00f3n C5 de la EASA y a reducir dr\u00e1sticamente el riesgo de da\u00f1os o lesiones en caso de emergencia.<\/p>","protected":false},"excerpt":{"rendered":"<ul>\n<li>Cumplimiento total de la normativa EASA (MOC 2512 (M2) y MOC 2511) para Matrice 4\/C5.<\/li>\n<li>Activaci\u00f3n autom\u00e1tica del paraca\u00eddas en &lt; 0,27 s para m\u00e1xima seguridad.<\/li>\n<li>Sistema interno de terminaci\u00f3n de vuelo que apaga los motores inmediatamente.<\/li>\n<li>Alcance de hasta 1,5 km con el mando a distancia Klick (opcional ~10 km).<\/li>\n<li>Sistema POD reutilizable para un reajuste r\u00e1pido despu\u00e9s del uso.<\/li>\n<\/ul>","protected":false},"featured_media":17885,"template":"","meta":{"_acf_changed":false},"product_brand":[],"product_cat":[292,98,430],"product_tag":[],"class_list":{"0":"post-14753","1":"product","2":"type-product","3":"status-publish","4":"has-post-thumbnail","6":"product_cat-alle-parachutes","7":"product_cat-dji-matrice-4","8":"product_cat-dronavia","9":"product_shipping_class-outofstock","10":"pa_brand-dronavia","11":"pa_producttype-veiligheidssysteem","13":"first","14":"outofstock","15":"taxable","16":"shipping-taxable","17":"purchasable","18":"product-type-simple"},"acf":[],"yoast_head":"<!-- This site is optimized with the Yoast SEO Premium plugin v27.2 (Yoast SEO v27.2) - https:\/\/yoast.com\/product\/yoast-seo-premium-wordpress\/ -->\n<title>Dronavia Parachute Moc M2 with Internal Flight Termination System MOC 2511 Kronos for Matrice 4 \/ C5 - koningdrone.be<\/title>\n<meta name=\"robots\" content=\"index, follow, max-snippet:-1, max-image-preview:large, max-video-preview:-1\" \/>\n<link rel=\"canonical\" href=\"https:\/\/koningdrone.be\/es\/producto\/dronavia-parachute-moc-m2-with-internal-flight-termination-system-moc-2511-kronos-for-matrice-4-c5\/\" \/>\n<meta property=\"og:locale\" content=\"es_ES\" \/>\n<meta property=\"og:type\" content=\"article\" \/>\n<meta property=\"og:title\" content=\"Dronavia Parachute Moc M2 with Internal Flight Termination System MOC 2511 Kronos for Matrice 4 \/ C5\" \/>\n<meta property=\"og:description\" content=\"Volledige EASA\u2011compliance (MOC\u202f2512 (M2) &amp; MOC\u202f2511) voor Matrice\u202f4\/C5.  Automatische parachute\u2011activatie in &lt;\u202f0,27\u202fs voor maximale veiligheid.  Intern Flight Termination System die motoren onmiddellijk uitschakelt.  Bereik tot 1,5\u202fkm met Klick\u2011remote (optioneel ~10\u202fkm).  Herbruikbaar POD\u2011systeem voor snelle reset na gebruik.\" \/>\n<meta property=\"og:url\" content=\"https:\/\/koningdrone.be\/es\/producto\/dronavia-parachute-moc-m2-with-internal-flight-termination-system-moc-2511-kronos-for-matrice-4-c5\/\" \/>\n<meta property=\"og:site_name\" content=\"koningdrone.be\" \/>\n<meta property=\"article:modified_time\" content=\"2026-04-29T14:30:05+00:00\" \/>\n<meta property=\"og:image\" content=\"https:\/\/koningdrone.be\/wp-content\/uploads\/sites\/13\/2026\/03\/Dronavia-Parachute-Moc-M2-with-Internal-Flight-Termination-System-MOC-2511-Kronos-for-Matrice-4-C5.webp\" \/>\n\t<meta property=\"og:image:width\" content=\"2048\" \/>\n\t<meta property=\"og:image:height\" content=\"2048\" \/>\n\t<meta property=\"og:image:type\" content=\"image\/webp\" \/>\n<meta name=\"twitter:card\" content=\"summary_large_image\" \/>\n<meta name=\"twitter:label1\" content=\"Tiempo de lectura\" \/>\n\t<meta name=\"twitter:data1\" content=\"3 minutos\" \/>\n<script type=\"application\/ld+json\" class=\"yoast-schema-graph\">{\"@context\":\"https:\/\/schema.org\",\"@graph\":[{\"@type\":\"WebPage\",\"@id\":\"https:\/\/koningdrone.be\/product\/dronavia-parachute-moc-m2-with-internal-flight-termination-system-moc-2511-kronos-for-matrice-4-c5\/\",\"url\":\"https:\/\/koningdrone.be\/product\/dronavia-parachute-moc-m2-with-internal-flight-termination-system-moc-2511-kronos-for-matrice-4-c5\/\",\"name\":\"Dronavia Parachute Moc M2 with Internal Flight Termination System MOC 2511 Kronos for Matrice 4 \/ C5 - koningdrone.be\",\"isPartOf\":{\"@id\":\"https:\/\/koningdrone.be\/#website\"},\"primaryImageOfPage\":{\"@id\":\"https:\/\/koningdrone.be\/product\/dronavia-parachute-moc-m2-with-internal-flight-termination-system-moc-2511-kronos-for-matrice-4-c5\/#primaryimage\"},\"image\":{\"@id\":\"https:\/\/koningdrone.be\/product\/dronavia-parachute-moc-m2-with-internal-flight-termination-system-moc-2511-kronos-for-matrice-4-c5\/#primaryimage\"},\"thumbnailUrl\":\"https:\/\/koningdrone.be\/wp-content\/uploads\/sites\/13\/2026\/03\/Dronavia-Parachute-Moc-M2-with-Internal-Flight-Termination-System-MOC-2511-Kronos-for-Matrice-4-C5.webp\",\"datePublished\":\"2025-07-03T08:02:37+00:00\",\"dateModified\":\"2026-04-29T14:30:05+00:00\",\"breadcrumb\":{\"@id\":\"https:\/\/koningdrone.be\/product\/dronavia-parachute-moc-m2-with-internal-flight-termination-system-moc-2511-kronos-for-matrice-4-c5\/#breadcrumb\"},\"inLanguage\":\"es\",\"potentialAction\":[{\"@type\":\"ReadAction\",\"target\":[\"https:\/\/koningdrone.be\/product\/dronavia-parachute-moc-m2-with-internal-flight-termination-system-moc-2511-kronos-for-matrice-4-c5\/\"]}]},{\"@type\":\"ImageObject\",\"inLanguage\":\"es\",\"@id\":\"https:\/\/koningdrone.be\/product\/dronavia-parachute-moc-m2-with-internal-flight-termination-system-moc-2511-kronos-for-matrice-4-c5\/#primaryimage\",\"url\":\"https:\/\/koningdrone.be\/wp-content\/uploads\/sites\/13\/2026\/03\/Dronavia-Parachute-Moc-M2-with-Internal-Flight-Termination-System-MOC-2511-Kronos-for-Matrice-4-C5.webp\",\"contentUrl\":\"https:\/\/koningdrone.be\/wp-content\/uploads\/sites\/13\/2026\/03\/Dronavia-Parachute-Moc-M2-with-Internal-Flight-Termination-System-MOC-2511-Kronos-for-Matrice-4-C5.webp\",\"width\":2048,\"height\":2048},{\"@type\":\"BreadcrumbList\",\"@id\":\"https:\/\/koningdrone.be\/product\/dronavia-parachute-moc-m2-with-internal-flight-termination-system-moc-2511-kronos-for-matrice-4-c5\/#breadcrumb\",\"itemListElement\":[{\"@type\":\"ListItem\",\"position\":1,\"name\":\"Home\",\"item\":\"https:\/\/koningdrone.be\/\"},{\"@type\":\"ListItem\",\"position\":2,\"name\":\"AVSS Parachute Recovery System for DJI Matrice 300\/350\",\"item\":\"https:\/\/koningdrone.be\/product\/avss-parachute-recovery-system-for-dji-matrice-300-350\/\"},{\"@type\":\"ListItem\",\"position\":3,\"name\":\"Alle parachutes\",\"item\":\"https:\/\/koningdrone.be\/categorie\/alle-parachutes\/\"},{\"@type\":\"ListItem\",\"position\":4,\"name\":\"Dronavia Parachute Moc M2 with Internal Flight Termination System MOC 2511 Kronos for Matrice 4 \/ C5\"}]},{\"@type\":\"WebSite\",\"@id\":\"https:\/\/koningdrone.be\/#website\",\"url\":\"https:\/\/koningdrone.be\/\",\"name\":\"Koningdrone.be - Uw online specialist in drones, gimbals, camera's en power stations.\",\"description\":\"De webshop in drones en gimbals\",\"publisher\":{\"@id\":\"https:\/\/koningdrone.be\/#organization\"},\"potentialAction\":[{\"@type\":\"SearchAction\",\"target\":{\"@type\":\"EntryPoint\",\"urlTemplate\":\"https:\/\/koningdrone.be\/?s={search_term_string}\"},\"query-input\":{\"@type\":\"PropertyValueSpecification\",\"valueRequired\":true,\"valueName\":\"search_term_string\"}}],\"inLanguage\":\"es\"},{\"@type\":\"Organization\",\"@id\":\"https:\/\/koningdrone.be\/#organization\",\"name\":\"Koningdrone.be\",\"url\":\"https:\/\/koningdrone.be\/\",\"logo\":{\"@type\":\"ImageObject\",\"inLanguage\":\"es\",\"@id\":\"https:\/\/koningdrone.be\/#\/schema\/logo\/image\/\",\"url\":\"https:\/\/koningdrone.be\/wp-content\/uploads\/sites\/13\/2025\/04\/koningdrone-copyright-logo.svg\",\"contentUrl\":\"https:\/\/koningdrone.be\/wp-content\/uploads\/sites\/13\/2025\/04\/koningdrone-copyright-logo.svg\",\"width\":227,\"height\":38,\"caption\":\"Koningdrone.be\"},\"image\":{\"@id\":\"https:\/\/koningdrone.be\/#\/schema\/logo\/image\/\"}}]}<\/script>\n<!-- \/ Yoast SEO Premium plugin. -->","yoast_head_json":{"title":"Dronavia Parachute Moc M2 with Internal Flight Termination System MOC 2511 Kronos for Matrice 4 \/ C5 - koningdrone.be","robots":{"index":"index","follow":"follow","max-snippet":"max-snippet:-1","max-image-preview":"max-image-preview:large","max-video-preview":"max-video-preview:-1"},"canonical":"https:\/\/koningdrone.be\/es\/producto\/dronavia-parachute-moc-m2-with-internal-flight-termination-system-moc-2511-kronos-for-matrice-4-c5\/","og_locale":"es_ES","og_type":"article","og_title":"Dronavia Parachute Moc M2 with Internal Flight Termination System MOC 2511 Kronos for Matrice 4 \/ C5","og_description":"Volledige EASA\u2011compliance (MOC\u202f2512 (M2) &amp; MOC\u202f2511) voor Matrice\u202f4\/C5.  Automatische parachute\u2011activatie in &lt;\u202f0,27\u202fs voor maximale veiligheid.  Intern Flight Termination System die motoren onmiddellijk uitschakelt.  Bereik tot 1,5\u202fkm met Klick\u2011remote (optioneel ~10\u202fkm).  Herbruikbaar POD\u2011systeem voor snelle reset na gebruik.","og_url":"https:\/\/koningdrone.be\/es\/producto\/dronavia-parachute-moc-m2-with-internal-flight-termination-system-moc-2511-kronos-for-matrice-4-c5\/","og_site_name":"koningdrone.be","article_modified_time":"2026-04-29T14:30:05+00:00","og_image":[{"width":2048,"height":2048,"url":"https:\/\/koningdrone.be\/wp-content\/uploads\/sites\/13\/2026\/03\/Dronavia-Parachute-Moc-M2-with-Internal-Flight-Termination-System-MOC-2511-Kronos-for-Matrice-4-C5.webp","type":"image\/webp"}],"twitter_card":"summary_large_image","twitter_misc":{"Tiempo de lectura":"3 minutos"},"schema":{"@context":"https:\/\/schema.org","@graph":[{"@type":"WebPage","@id":"https:\/\/koningdrone.be\/product\/dronavia-parachute-moc-m2-with-internal-flight-termination-system-moc-2511-kronos-for-matrice-4-c5\/","url":"https:\/\/koningdrone.be\/product\/dronavia-parachute-moc-m2-with-internal-flight-termination-system-moc-2511-kronos-for-matrice-4-c5\/","name":"Dronavia Parachute Moc M2 with Internal Flight Termination System MOC 2511 Kronos for Matrice 4 \/ C5 - koningdrone.be","isPartOf":{"@id":"https:\/\/koningdrone.be\/#website"},"primaryImageOfPage":{"@id":"https:\/\/koningdrone.be\/product\/dronavia-parachute-moc-m2-with-internal-flight-termination-system-moc-2511-kronos-for-matrice-4-c5\/#primaryimage"},"image":{"@id":"https:\/\/koningdrone.be\/product\/dronavia-parachute-moc-m2-with-internal-flight-termination-system-moc-2511-kronos-for-matrice-4-c5\/#primaryimage"},"thumbnailUrl":"https:\/\/koningdrone.be\/wp-content\/uploads\/sites\/13\/2026\/03\/Dronavia-Parachute-Moc-M2-with-Internal-Flight-Termination-System-MOC-2511-Kronos-for-Matrice-4-C5.webp","datePublished":"2025-07-03T08:02:37+00:00","dateModified":"2026-04-29T14:30:05+00:00","breadcrumb":{"@id":"https:\/\/koningdrone.be\/product\/dronavia-parachute-moc-m2-with-internal-flight-termination-system-moc-2511-kronos-for-matrice-4-c5\/#breadcrumb"},"inLanguage":"es","potentialAction":[{"@type":"ReadAction","target":["https:\/\/koningdrone.be\/product\/dronavia-parachute-moc-m2-with-internal-flight-termination-system-moc-2511-kronos-for-matrice-4-c5\/"]}]},{"@type":"ImageObject","inLanguage":"es","@id":"https:\/\/koningdrone.be\/product\/dronavia-parachute-moc-m2-with-internal-flight-termination-system-moc-2511-kronos-for-matrice-4-c5\/#primaryimage","url":"https:\/\/koningdrone.be\/wp-content\/uploads\/sites\/13\/2026\/03\/Dronavia-Parachute-Moc-M2-with-Internal-Flight-Termination-System-MOC-2511-Kronos-for-Matrice-4-C5.webp","contentUrl":"https:\/\/koningdrone.be\/wp-content\/uploads\/sites\/13\/2026\/03\/Dronavia-Parachute-Moc-M2-with-Internal-Flight-Termination-System-MOC-2511-Kronos-for-Matrice-4-C5.webp","width":2048,"height":2048},{"@type":"BreadcrumbList","@id":"https:\/\/koningdrone.be\/product\/dronavia-parachute-moc-m2-with-internal-flight-termination-system-moc-2511-kronos-for-matrice-4-c5\/#breadcrumb","itemListElement":[{"@type":"ListItem","position":1,"name":"Home","item":"https:\/\/koningdrone.be\/"},{"@type":"ListItem","position":2,"name":"AVSS Parachute Recovery System for DJI Matrice 300\/350","item":"https:\/\/koningdrone.be\/product\/avss-parachute-recovery-system-for-dji-matrice-300-350\/"},{"@type":"ListItem","position":3,"name":"Alle parachutes","item":"https:\/\/koningdrone.be\/categorie\/alle-parachutes\/"},{"@type":"ListItem","position":4,"name":"Dronavia Parachute Moc M2 with Internal Flight Termination System MOC 2511 Kronos for Matrice 4 \/ C5"}]},{"@type":"WebSite","@id":"https:\/\/koningdrone.be\/#website","url":"https:\/\/koningdrone.be\/","name":"Koningdrone.be - Su especialista en l\u00ednea en drones, cardanes, c\u00e1maras y centrales el\u00e9ctricas.","description":"La tienda virtual de drones y cardanes","publisher":{"@id":"https:\/\/koningdrone.be\/#organization"},"potentialAction":[{"@type":"SearchAction","target":{"@type":"EntryPoint","urlTemplate":"https:\/\/koningdrone.be\/?s={search_term_string}"},"query-input":{"@type":"PropertyValueSpecification","valueRequired":true,"valueName":"search_term_string"}}],"inLanguage":"es"},{"@type":"Organization","@id":"https:\/\/koningdrone.be\/#organization","name":"Kingdrone.es","url":"https:\/\/koningdrone.be\/","logo":{"@type":"ImageObject","inLanguage":"es","@id":"https:\/\/koningdrone.be\/#\/schema\/logo\/image\/","url":"https:\/\/koningdrone.be\/wp-content\/uploads\/sites\/13\/2025\/04\/koningdrone-copyright-logo.svg","contentUrl":"https:\/\/koningdrone.be\/wp-content\/uploads\/sites\/13\/2025\/04\/koningdrone-copyright-logo.svg","width":227,"height":38,"caption":"Koningdrone.be"},"image":{"@id":"https:\/\/koningdrone.be\/#\/schema\/logo\/image\/"}}]}},"df_price":1813.79,"df_sale_price":"","df_regular_price":1813.79,"df_image_link":"https:\/\/koningdrone.be\/wp-content\/uploads\/sites\/13\/2026\/03\/Dronavia-Parachute-Moc-M2-with-Internal-Flight-Termination-System-MOC-2511-Kronos-for-Matrice-4-C5-300x300.webp","_links":{"self":[{"href":"https:\/\/koningdrone.be\/es\/wp-json\/wp\/v2\/product\/14753","targetHints":{"allow":["GET"]}}],"collection":[{"href":"https:\/\/koningdrone.be\/es\/wp-json\/wp\/v2\/product"}],"about":[{"href":"https:\/\/koningdrone.be\/es\/wp-json\/wp\/v2\/types\/product"}],"wp:featuredmedia":[{"embeddable":true,"href":"https:\/\/koningdrone.be\/es\/wp-json\/wp\/v2\/media\/17885"}],"wp:attachment":[{"href":"https:\/\/koningdrone.be\/es\/wp-json\/wp\/v2\/media?parent=14753"}],"wp:term":[{"taxonomy":"product_brand","embeddable":true,"href":"https:\/\/koningdrone.be\/es\/wp-json\/wp\/v2\/product_brand?post=14753"},{"taxonomy":"product_cat","embeddable":true,"href":"https:\/\/koningdrone.be\/es\/wp-json\/wp\/v2\/product_cat?post=14753"},{"taxonomy":"product_tag","embeddable":true,"href":"https:\/\/koningdrone.be\/es\/wp-json\/wp\/v2\/product_tag?post=14753"}],"curies":[{"name":"wp","href":"https:\/\/api.w.org\/{rel}","templated":true}]}}