{"id":14748,"date":"2025-07-03T10:02:37","date_gmt":"2025-07-03T08:02:37","guid":{"rendered":"https:\/\/koningdrone.be\/product\/czi-payload-set-for-flycart-30\/"},"modified":"2026-04-29T16:30:04","modified_gmt":"2026-04-29T14:30:04","slug":"czi-payload-set-for-flycart-30","status":"publish","type":"product","link":"https:\/\/koningdrone.be\/es\/producto\/czi-payload-set-for-flycart-30\/","title":{"rendered":"Carga \u00fatil CZI para FlyCart 30"},"content":{"rendered":"<h3>CZI Payload Set para DJI FlyCart 30: m\u00e1xima versatilidad t\u00e1ctica<\/h3>\n<p><iframe loading=\"lazy\" title=\"Presentaci\u00f3n de DJI FlyCart 30 | Entrega DJI\" width=\"800\" height=\"450\" src=\"https:\/\/www.youtube.com\/embed\/Hhp11I-vGHA?feature=oembed&#038;enablejsapi=1&#038;origin=https:\/\/koningdrone.be\" frameborder=\"0\" allow=\"accelerometer; autoplay; clipboard-write; encrypted-media; gyroscope; picture-in-picture; web-share\" referrerpolicy=\"strict-origin-when-cross-origin\" allowfullscreen><\/iframe><\/p>\n<p style=\"margin-top: 20px\">En <strong>CZI Set de carga \u00fatil para el DJI FlyCart 30<\/strong> es una ampliaci\u00f3n modular esencial que ampl\u00eda los l\u00edmites del dron de transporte pesado. Donde el FlyCart 30 destaca naturalmente en log\u00edstica, este kit de carga \u00fatil profesional transforma la aeronave en una plataforma de intervenci\u00f3n polivalente. Ya sea iluminando una zona de desastre, comunic\u00e1ndose con las v\u00edctimas a distancia o lanzando kits m\u00e9dicos de emergencia con extrema precisi\u00f3n; el conjunto CZI proporciona las herramientas tecnol\u00f3gicas para que cualquier misi\u00f3n sea un \u00e9xito. La perfecta integraci\u00f3n con el ecosistema DJI crea una potente sinergia entre potencia de transporte y funcionalidad t\u00e1ctica.<\/p>\n<p><a href=\"https:\/\/koningdrone.nl\/wp-content\/uploads\/2025\/07\/CZI-Payload-set-for-FlyCart-30.jpg\"><img loading=\"lazy\" decoding=\"async\" class=\"aligncenter wp-image-467711 size-full\" src=\"https:\/\/koningdrone.nl\/wp-content\/uploads\/2025\/07\/CZI-Payload-set-for-FlyCart-30.jpg\" alt=\"CZI Payload set for FlyCart 30\" width=\"1200\" height=\"800\" \/><\/a><\/p>\n<h4>Rendimiento multifuncional y m\u00f3dulos para misiones espec\u00edficas<\/h4>\n<p>La fuerza del CZI Payload Set reside en su modularidad. Gracias a la <strong>dise\u00f1o de doble interfaz<\/strong> los operarios pueden combinar distintas funciones especializadas para satisfacer las demandas exclusivas de una operaci\u00f3n:<\/p>\n<ul>\n<li><strong>Iluminaci\u00f3n t\u00e1ctica:<\/strong> Potentes reflectores que rompen la oscuridad para inspecciones o b\u00fasquedas nocturnas.<\/li>\n<li><strong>Radiodifusi\u00f3n y Comunicaciones:<\/strong> Sistema de altavoces de alta fidelidad que permite transmitir instrucciones o advertencias con claridad a larga distancia.<\/li>\n<li><strong>Sistema de ca\u00edda de precisi\u00f3n:<\/strong> Permite la entrega segura y precisa de suministros esenciales, boyas de rescate o equipos de comunicaci\u00f3n en lugares donde el propio dron no puede aterrizar. El sistema se reconoce inmediatamente a trav\u00e9s del <strong>Interfaz DJI PSDK<\/strong>, El piloto puede controlar todas las funciones directamente a trav\u00e9s del controlador est\u00e1ndar, sin necesidad de hardware adicional ni configuraciones complejas.<\/li>\n<\/ul>\n<h4>Calidad de construcci\u00f3n industrial y eficiencia de cierre r\u00e1pido<\/h4>\n<p>En situaciones cr\u00edticas, cada segundo cuenta. Por ello, el CZI Payload Set est\u00e1 equipado con un <strong>Sistema de anclaje r\u00e1pido<\/strong>, que permite intercambiar los m\u00f3dulos o adaptarlos a las necesidades cambiantes de una misi\u00f3n en cuesti\u00f3n de instantes. La construcci\u00f3n est\u00e1 hecha de una combinaci\u00f3n de alta calidad de <strong>aleaci\u00f3n de magnesio y aluminio y pl\u00e1sticos industriales<\/strong>, El FlyCart 30 se ha fabricado en acero inoxidable, lo que garantiza una relaci\u00f3n \u00f3ptima entre robustez y ligereza. Esto garantiza que el FlyCart 30 mantenga su impresionante capacidad de elevaci\u00f3n y tiempo de vuelo, mientras que la carga \u00fatil resiste las vibraciones y las condiciones ambientales de un uso profesional intensivo.<\/p>\n<p><a href=\"https:\/\/koningdrone.nl\/wp-content\/uploads\/2025\/07\/Product-CZI-Payload-set-for-FlyCart-30.jpg\"><img loading=\"lazy\" decoding=\"async\" class=\"size-medium wp-image-467709 aligncenter\" src=\"https:\/\/koningdrone.nl\/wp-content\/uploads\/2025\/07\/Product-CZI-Payload-set-for-FlyCart-30-300x300.jpg\" alt=\"Product CZI Payload set for FlyCart 30\" width=\"300\" height=\"300\" \/><\/a><\/p>\n<h4>Por qu\u00e9 es indispensable el CZI Payload Set<\/h4>\n<p>Para las organizaciones que despliegan el DJI FlyCart 30 para ayuda humanitaria, protecci\u00f3n civil o log\u00edstica industrial compleja, este kit es la clave para la m\u00e1xima capacidad de despliegue operativo. Le permite ir m\u00e1s all\u00e1 del transporte; puede controlar el entorno, comunicarse y emprender acciones espec\u00edficas. Combinando luz, sonido y capacidad de dispensaci\u00f3n en un sistema integrado, el FlyCart 30 se convierte en el peso pesado m\u00e1s vers\u00e1til de tu flota.<\/p>","protected":false},"excerpt":{"rendered":"<ul>\n<li>Kit de carga multifuncional para DJI FlyCart 30<\/li>\n<li>Admite m\u00f3dulos de iluminaci\u00f3n, altavoces y cuentagotas<\/li>\n<li>Doble interfaz de carga \u00fatil para una configuraci\u00f3n flexible de la misi\u00f3n<\/li>\n<li>Fijaci\u00f3n r\u00e1pida para un montaje r\u00e1pido<\/li>\n<li>Ideal para respuesta a emergencias, operaciones de b\u00fasqueda y rescate y log\u00edstica<\/li>\n<\/ul>","protected":false},"featured_media":17358,"template":"","meta":{"_acf_changed":false},"product_brand":[],"product_cat":[158,159,58],"product_tag":[],"class_list":{"0":"post-14748","1":"product","2":"type-product","3":"status-publish","4":"has-post-thumbnail","6":"product_cat-dji-flycart","7":"product_cat-dji-flycart-30","8":"product_cat-uncategorized","9":"product_shipping_class-outofstock","10":"pa_brand-dji-cargo","11":"pa_producttype-payloadset","13":"first","14":"outofstock","15":"taxable","16":"shipping-taxable","17":"purchasable","18":"product-type-simple"},"acf":[],"yoast_head":"<!-- This site is optimized with the Yoast SEO Premium plugin v27.2 (Yoast SEO v27.2) - https:\/\/yoast.com\/product\/yoast-seo-premium-wordpress\/ -->\n<title>CZI Payload set for FlyCart 30 - koningdrone.be<\/title>\n<meta name=\"robots\" content=\"index, follow, max-snippet:-1, max-image-preview:large, max-video-preview:-1\" \/>\n<link rel=\"canonical\" href=\"https:\/\/koningdrone.be\/es\/producto\/czi-payload-set-for-flycart-30\/\" \/>\n<meta property=\"og:locale\" content=\"es_ES\" \/>\n<meta property=\"og:type\" content=\"article\" \/>\n<meta property=\"og:title\" content=\"CZI Payload set for FlyCart 30\" \/>\n<meta property=\"og:description\" content=\"Multifunctionele payloadset voor DJI FlyCart 30  Ondersteunt verlichting, luidspreker en dropping-modules  Dual payload-interface voor flexibele missieconfiguratie  Quick-release montage voor snelle installatie  Ideaal voor noodhulp, zoek- en reddingsoperaties en logistiek\" \/>\n<meta property=\"og:url\" content=\"https:\/\/koningdrone.be\/es\/producto\/czi-payload-set-for-flycart-30\/\" \/>\n<meta property=\"og:site_name\" content=\"koningdrone.be\" \/>\n<meta property=\"article:modified_time\" content=\"2026-04-29T14:30:04+00:00\" \/>\n<meta property=\"og:image\" content=\"https:\/\/koningdrone.be\/wp-content\/uploads\/sites\/13\/2026\/03\/CZI-Payload-set-for-FlyCart-30-Product.jpg\" \/>\n\t<meta property=\"og:image:width\" content=\"2048\" \/>\n\t<meta property=\"og:image:height\" content=\"2048\" \/>\n\t<meta property=\"og:image:type\" content=\"image\/jpeg\" \/>\n<meta name=\"twitter:card\" content=\"summary_large_image\" \/>\n<meta name=\"twitter:label1\" content=\"Tiempo de lectura\" \/>\n\t<meta name=\"twitter:data1\" content=\"2 minutos\" \/>\n<script type=\"application\/ld+json\" class=\"yoast-schema-graph\">{\"@context\":\"https:\/\/schema.org\",\"@graph\":[{\"@type\":\"WebPage\",\"@id\":\"https:\/\/koningdrone.be\/product\/czi-payload-set-for-flycart-30\/\",\"url\":\"https:\/\/koningdrone.be\/product\/czi-payload-set-for-flycart-30\/\",\"name\":\"CZI Payload set for FlyCart 30 - koningdrone.be\",\"isPartOf\":{\"@id\":\"https:\/\/koningdrone.be\/#website\"},\"primaryImageOfPage\":{\"@id\":\"https:\/\/koningdrone.be\/product\/czi-payload-set-for-flycart-30\/#primaryimage\"},\"image\":{\"@id\":\"https:\/\/koningdrone.be\/product\/czi-payload-set-for-flycart-30\/#primaryimage\"},\"thumbnailUrl\":\"https:\/\/koningdrone.be\/wp-content\/uploads\/sites\/13\/2026\/03\/CZI-Payload-set-for-FlyCart-30-Product.jpg\",\"datePublished\":\"2025-07-03T08:02:37+00:00\",\"dateModified\":\"2026-04-29T14:30:04+00:00\",\"breadcrumb\":{\"@id\":\"https:\/\/koningdrone.be\/product\/czi-payload-set-for-flycart-30\/#breadcrumb\"},\"inLanguage\":\"es\",\"potentialAction\":[{\"@type\":\"ReadAction\",\"target\":[\"https:\/\/koningdrone.be\/product\/czi-payload-set-for-flycart-30\/\"]}]},{\"@type\":\"ImageObject\",\"inLanguage\":\"es\",\"@id\":\"https:\/\/koningdrone.be\/product\/czi-payload-set-for-flycart-30\/#primaryimage\",\"url\":\"https:\/\/koningdrone.be\/wp-content\/uploads\/sites\/13\/2026\/03\/CZI-Payload-set-for-FlyCart-30-Product.jpg\",\"contentUrl\":\"https:\/\/koningdrone.be\/wp-content\/uploads\/sites\/13\/2026\/03\/CZI-Payload-set-for-FlyCart-30-Product.jpg\",\"width\":2048,\"height\":2048},{\"@type\":\"BreadcrumbList\",\"@id\":\"https:\/\/koningdrone.be\/product\/czi-payload-set-for-flycart-30\/#breadcrumb\",\"itemListElement\":[{\"@type\":\"ListItem\",\"position\":1,\"name\":\"Home\",\"item\":\"https:\/\/koningdrone.be\/\"},{\"@type\":\"ListItem\",\"position\":2,\"name\":\"AVSS Parachute Recovery System for DJI Matrice 300\/350\",\"item\":\"https:\/\/koningdrone.be\/product\/avss-parachute-recovery-system-for-dji-matrice-300-350\/\"},{\"@type\":\"ListItem\",\"position\":3,\"name\":\"DJI FlyCart\",\"item\":\"https:\/\/koningdrone.be\/categorie\/dji-flycart\/\"},{\"@type\":\"ListItem\",\"position\":4,\"name\":\"CZI Payload set for FlyCart 30\"}]},{\"@type\":\"WebSite\",\"@id\":\"https:\/\/koningdrone.be\/#website\",\"url\":\"https:\/\/koningdrone.be\/\",\"name\":\"Koningdrone.be - Uw online specialist in drones, gimbals, camera's en power stations.\",\"description\":\"De webshop in drones en gimbals\",\"publisher\":{\"@id\":\"https:\/\/koningdrone.be\/#organization\"},\"potentialAction\":[{\"@type\":\"SearchAction\",\"target\":{\"@type\":\"EntryPoint\",\"urlTemplate\":\"https:\/\/koningdrone.be\/?s={search_term_string}\"},\"query-input\":{\"@type\":\"PropertyValueSpecification\",\"valueRequired\":true,\"valueName\":\"search_term_string\"}}],\"inLanguage\":\"es\"},{\"@type\":\"Organization\",\"@id\":\"https:\/\/koningdrone.be\/#organization\",\"name\":\"Koningdrone.be\",\"url\":\"https:\/\/koningdrone.be\/\",\"logo\":{\"@type\":\"ImageObject\",\"inLanguage\":\"es\",\"@id\":\"https:\/\/koningdrone.be\/#\/schema\/logo\/image\/\",\"url\":\"https:\/\/koningdrone.be\/wp-content\/uploads\/sites\/13\/2025\/04\/koningdrone-copyright-logo.svg\",\"contentUrl\":\"https:\/\/koningdrone.be\/wp-content\/uploads\/sites\/13\/2025\/04\/koningdrone-copyright-logo.svg\",\"width\":227,\"height\":38,\"caption\":\"Koningdrone.be\"},\"image\":{\"@id\":\"https:\/\/koningdrone.be\/#\/schema\/logo\/image\/\"}}]}<\/script>\n<!-- \/ Yoast SEO Premium plugin. -->","yoast_head_json":{"title":"CZI Payload set for FlyCart 30 - koningdrone.be","robots":{"index":"index","follow":"follow","max-snippet":"max-snippet:-1","max-image-preview":"max-image-preview:large","max-video-preview":"max-video-preview:-1"},"canonical":"https:\/\/koningdrone.be\/es\/producto\/czi-payload-set-for-flycart-30\/","og_locale":"es_ES","og_type":"article","og_title":"CZI Payload set for FlyCart 30","og_description":"Multifunctionele payloadset voor DJI FlyCart 30  Ondersteunt verlichting, luidspreker en dropping-modules  Dual payload-interface voor flexibele missieconfiguratie  Quick-release montage voor snelle installatie  Ideaal voor noodhulp, zoek- en reddingsoperaties en logistiek","og_url":"https:\/\/koningdrone.be\/es\/producto\/czi-payload-set-for-flycart-30\/","og_site_name":"koningdrone.be","article_modified_time":"2026-04-29T14:30:04+00:00","og_image":[{"width":2048,"height":2048,"url":"https:\/\/koningdrone.be\/wp-content\/uploads\/sites\/13\/2026\/03\/CZI-Payload-set-for-FlyCart-30-Product.jpg","type":"image\/jpeg"}],"twitter_card":"summary_large_image","twitter_misc":{"Tiempo de lectura":"2 minutos"},"schema":{"@context":"https:\/\/schema.org","@graph":[{"@type":"WebPage","@id":"https:\/\/koningdrone.be\/product\/czi-payload-set-for-flycart-30\/","url":"https:\/\/koningdrone.be\/product\/czi-payload-set-for-flycart-30\/","name":"CZI Payload set for FlyCart 30 - koningdrone.be","isPartOf":{"@id":"https:\/\/koningdrone.be\/#website"},"primaryImageOfPage":{"@id":"https:\/\/koningdrone.be\/product\/czi-payload-set-for-flycart-30\/#primaryimage"},"image":{"@id":"https:\/\/koningdrone.be\/product\/czi-payload-set-for-flycart-30\/#primaryimage"},"thumbnailUrl":"https:\/\/koningdrone.be\/wp-content\/uploads\/sites\/13\/2026\/03\/CZI-Payload-set-for-FlyCart-30-Product.jpg","datePublished":"2025-07-03T08:02:37+00:00","dateModified":"2026-04-29T14:30:04+00:00","breadcrumb":{"@id":"https:\/\/koningdrone.be\/product\/czi-payload-set-for-flycart-30\/#breadcrumb"},"inLanguage":"es","potentialAction":[{"@type":"ReadAction","target":["https:\/\/koningdrone.be\/product\/czi-payload-set-for-flycart-30\/"]}]},{"@type":"ImageObject","inLanguage":"es","@id":"https:\/\/koningdrone.be\/product\/czi-payload-set-for-flycart-30\/#primaryimage","url":"https:\/\/koningdrone.be\/wp-content\/uploads\/sites\/13\/2026\/03\/CZI-Payload-set-for-FlyCart-30-Product.jpg","contentUrl":"https:\/\/koningdrone.be\/wp-content\/uploads\/sites\/13\/2026\/03\/CZI-Payload-set-for-FlyCart-30-Product.jpg","width":2048,"height":2048},{"@type":"BreadcrumbList","@id":"https:\/\/koningdrone.be\/product\/czi-payload-set-for-flycart-30\/#breadcrumb","itemListElement":[{"@type":"ListItem","position":1,"name":"Home","item":"https:\/\/koningdrone.be\/"},{"@type":"ListItem","position":2,"name":"AVSS Parachute Recovery System for DJI Matrice 300\/350","item":"https:\/\/koningdrone.be\/product\/avss-parachute-recovery-system-for-dji-matrice-300-350\/"},{"@type":"ListItem","position":3,"name":"DJI FlyCart","item":"https:\/\/koningdrone.be\/categorie\/dji-flycart\/"},{"@type":"ListItem","position":4,"name":"CZI Payload set for FlyCart 30"}]},{"@type":"WebSite","@id":"https:\/\/koningdrone.be\/#website","url":"https:\/\/koningdrone.be\/","name":"Koningdrone.be - Su especialista en l\u00ednea en drones, cardanes, c\u00e1maras y centrales el\u00e9ctricas.","description":"La tienda virtual de drones y cardanes","publisher":{"@id":"https:\/\/koningdrone.be\/#organization"},"potentialAction":[{"@type":"SearchAction","target":{"@type":"EntryPoint","urlTemplate":"https:\/\/koningdrone.be\/?s={search_term_string}"},"query-input":{"@type":"PropertyValueSpecification","valueRequired":true,"valueName":"search_term_string"}}],"inLanguage":"es"},{"@type":"Organization","@id":"https:\/\/koningdrone.be\/#organization","name":"Kingdrone.es","url":"https:\/\/koningdrone.be\/","logo":{"@type":"ImageObject","inLanguage":"es","@id":"https:\/\/koningdrone.be\/#\/schema\/logo\/image\/","url":"https:\/\/koningdrone.be\/wp-content\/uploads\/sites\/13\/2025\/04\/koningdrone-copyright-logo.svg","contentUrl":"https:\/\/koningdrone.be\/wp-content\/uploads\/sites\/13\/2025\/04\/koningdrone-copyright-logo.svg","width":227,"height":38,"caption":"Koningdrone.be"},"image":{"@id":"https:\/\/koningdrone.be\/#\/schema\/logo\/image\/"}}]}},"df_price":8013.83,"df_sale_price":"","df_regular_price":8013.83,"df_image_link":"https:\/\/koningdrone.be\/wp-content\/uploads\/sites\/13\/2026\/03\/CZI-Payload-set-for-FlyCart-30-Product-300x300.jpg","_links":{"self":[{"href":"https:\/\/koningdrone.be\/es\/wp-json\/wp\/v2\/product\/14748","targetHints":{"allow":["GET"]}}],"collection":[{"href":"https:\/\/koningdrone.be\/es\/wp-json\/wp\/v2\/product"}],"about":[{"href":"https:\/\/koningdrone.be\/es\/wp-json\/wp\/v2\/types\/product"}],"wp:featuredmedia":[{"embeddable":true,"href":"https:\/\/koningdrone.be\/es\/wp-json\/wp\/v2\/media\/17358"}],"wp:attachment":[{"href":"https:\/\/koningdrone.be\/es\/wp-json\/wp\/v2\/media?parent=14748"}],"wp:term":[{"taxonomy":"product_brand","embeddable":true,"href":"https:\/\/koningdrone.be\/es\/wp-json\/wp\/v2\/product_brand?post=14748"},{"taxonomy":"product_cat","embeddable":true,"href":"https:\/\/koningdrone.be\/es\/wp-json\/wp\/v2\/product_cat?post=14748"},{"taxonomy":"product_tag","embeddable":true,"href":"https:\/\/koningdrone.be\/es\/wp-json\/wp\/v2\/product_tag?post=14748"}],"curies":[{"name":"wp","href":"https:\/\/api.w.org\/{rel}","templated":true}]}}