{"id":14746,"date":"2025-07-03T10:02:37","date_gmt":"2025-07-03T08:02:37","guid":{"rendered":"https:\/\/koningdrone.be\/product\/hprc-6500w-for-dji-d-rtk3\/"},"modified":"2026-04-29T04:30:29","modified_gmt":"2026-04-29T02:30:29","slug":"hprc-6500w-for-dji-d-rtk3","status":"publish","type":"product","link":"https:\/\/koningdrone.be\/es\/producto\/hprc-6500w-for-dji-d-rtk3\/","title":{"rendered":"HPRC 6500W PARA DJI D-RTK3"},"content":{"rendered":"<h3>HPRC 6500W PARA DJI D-RTK3<\/h3>\n<p><iframe loading=\"lazy\" title=\"Estaci\u00f3n multifunci\u00f3n D-RTK 3 | Primer uso\" width=\"800\" height=\"450\" src=\"https:\/\/www.youtube.com\/embed\/RCYX3K5LSXo?feature=oembed&#038;enablejsapi=1&#038;origin=https:\/\/koningdrone.be\" frameborder=\"0\" allow=\"accelerometer; autoplay; clipboard-write; encrypted-media; gyroscope; picture-in-picture; web-share\" referrerpolicy=\"strict-origin-when-cross-origin\" allowfullscreen><\/iframe><\/p>\n<p style=\"margin-top: 20px\">La HPRC 6500W para DJI D-RTK 3 es una maleta de transporte profesional dise\u00f1ada espec\u00edficamente para transportar y proteger de forma segura la estaci\u00f3n multifunci\u00f3n DJI D-RTK 3. Este robusto malet\u00edn es ideal para profesionales de sectores como la topograf\u00eda, la agricultura, la inspecci\u00f3n y las operaciones de rescate. Gracias a su dise\u00f1o inteligente y a su interior personalizado, todos los componentes permanecen perfectamente organizados y protegidos durante el transporte.<\/p>\n<p style=\"margin-bottom: 20px\">Tanto si trabaja en condiciones clim\u00e1ticas adversas como en lugares remotos, esta maleta ofrece la m\u00e1xima fiabilidad y seguridad para su valioso equipo.<\/p>\n<p><a href=\"https:\/\/koningdrone.nl\/wp-content\/uploads\/2025\/07\/HPRC-6500W-FOR-DJI-D-RTK3.webp\"><img loading=\"lazy\" decoding=\"async\" class=\"aligncenter wp-image-471128 size-full\" src=\"https:\/\/koningdrone.nl\/wp-content\/uploads\/2025\/07\/HPRC-6500W-FOR-DJI-D-RTK3.webp\" alt=\"HPRC 6500W FOR DJI D-RTK3\" width=\"1200\" height=\"800\" \/><\/a><\/p>\n<h4>Rendimiento y funcionalidad<\/h4>\n<p>De koffer is vervaardigd uit hoogwaardig TTX01\u00ae hars en is IP67-gecertificeerd, wat betekent dat hij volledig waterdicht en stofdicht is. Hierdoor blijft je DJI D-RTK 3 optimaal beschermd tegen regen, stof, modder en schokken.<\/p>\n<p>De op maat gesneden schuiminterieur zorgt ervoor dat de D-RTK 3, antennes, kabels en accessoires stevig op hun plaats blijven, waardoor beweging en schade tijdens transport worden voorkomen. Daarnaast beschikt de koffer over een tweestaps vergrendelingssysteem dat voorkomt dat de koffer onverwacht opent, zelfs bij vallen of stoten.<\/p>\n<h4>Calidad de construcci\u00f3n y dise\u00f1o<\/h4>\n<p>De HPRC 6500W is gebouwd met duurzaamheid als prioriteit. De stevige harsconstructie biedt uitstekende weerstand tegen impact, corrosie en extreme weersomstandigheden. De ergonomische handgreep met stalen pin zorgt voor comfortabel en veilig transport, zelfs bij intensief gebruik.<\/p>\n<p>Daarnaast is de koffer uitgerust met wielen, waardoor hij eenvoudig te verplaatsen is, zelfs wanneer hij volledig beladen is. Het interne ontwerp is geoptimaliseerd om meerdere accessoires overzichtelijk en veilig op te bergen.<\/p>\n<p><a href=\"https:\/\/koningdrone.nl\/wp-content\/uploads\/2025\/07\/HPRC-6500W-FOR-Product-DJI-D-RTK3.webp\"><img loading=\"lazy\" decoding=\"async\" class=\"size-medium wp-image-471125 aligncenter\" src=\"https:\/\/koningdrone.nl\/wp-content\/uploads\/2025\/07\/HPRC-6500W-FOR-Product-DJI-D-RTK3-300x300.webp\" alt=\"HPRC 6500W FOR Product DJI D-RTK3\" width=\"300\" height=\"300\" \/><\/a><\/p>\n<h4>Por qu\u00e9 lo necesita<\/h4>\n<p>Cuando se trabaja con la DJI D-RTK 3, es esencial contar con una protecci\u00f3n fiable. Este malet\u00edn garantiza que tu equipo permanezca seguro, organizado y listo para su uso, sean cuales sean las condiciones. Una inversi\u00f3n esencial para los profesionales que necesitan la m\u00e1xima protecci\u00f3n y movilidad.<\/p>","protected":false},"excerpt":{"rendered":"<ul>\n<li>Protecci\u00f3n IP67 contra el agua y el polvo en condiciones extremas<\/li>\n<li>Fabricado en resina TTX01\u00ae resistente a los impactos para una m\u00e1xima durabilidad<\/li>\n<li>Espuma a medida para un ajuste y una protecci\u00f3n perfectos<\/li>\n<li>Sistema de cierre seguro en dos pasos contra aperturas inesperadas<\/li>\n<li>Con ruedas y asa ergon\u00f3mica para facilitar su transporte<\/li>\n<\/ul>","protected":false},"featured_media":18095,"template":"","meta":{"_acf_changed":false},"product_brand":[],"product_cat":[1775],"product_tag":[],"class_list":{"0":"post-14746","1":"product","2":"type-product","3":"status-publish","4":"has-post-thumbnail","6":"product_cat-dji-d-rtk-3","7":"product_shipping_class-dronelandall","8":"pa_brand-hprc","9":"pa_producttype-transportkoffer","11":"first","12":"instock","13":"taxable","14":"shipping-taxable","15":"purchasable","16":"product-type-simple"},"acf":[],"yoast_head":"<!-- This site is optimized with the Yoast SEO Premium plugin v27.2 (Yoast SEO v27.2) - https:\/\/yoast.com\/product\/yoast-seo-premium-wordpress\/ -->\n<title>HPRC 6500W FOR DJI D-RTK3 - koningdrone.be<\/title>\n<meta name=\"robots\" content=\"index, follow, max-snippet:-1, max-image-preview:large, max-video-preview:-1\" \/>\n<link rel=\"canonical\" href=\"https:\/\/koningdrone.be\/es\/producto\/hprc-6500w-for-dji-d-rtk3\/\" \/>\n<meta property=\"og:locale\" content=\"es_ES\" \/>\n<meta property=\"og:type\" content=\"article\" \/>\n<meta property=\"og:title\" content=\"HPRC 6500W FOR DJI D-RTK3\" \/>\n<meta property=\"og:description\" content=\"IP67 water- en stofdichte bescherming voor extreme omstandigheden  Gemaakt van slagvast TTX01\u00ae hars voor maximale duurzaamheid  Op maat gesneden schuim voor perfecte pasvorm en bescherming  Veilig tweestaps sluitsysteem tegen onverwacht openen  Met wielen en ergonomische handgreep voor eenvoudig transport\" \/>\n<meta property=\"og:url\" content=\"https:\/\/koningdrone.be\/es\/producto\/hprc-6500w-for-dji-d-rtk3\/\" \/>\n<meta property=\"og:site_name\" content=\"koningdrone.be\" \/>\n<meta property=\"article:modified_time\" content=\"2026-04-29T02:30:29+00:00\" \/>\n<meta property=\"og:image\" content=\"https:\/\/koningdrone.be\/wp-content\/uploads\/sites\/13\/2026\/03\/DJI-D-RTK3-HPRC-6500W-Product.webp\" \/>\n\t<meta property=\"og:image:width\" content=\"2048\" \/>\n\t<meta property=\"og:image:height\" content=\"2048\" \/>\n\t<meta property=\"og:image:type\" content=\"image\/webp\" \/>\n<meta name=\"twitter:card\" content=\"summary_large_image\" \/>\n<meta name=\"twitter:label1\" content=\"Tiempo de lectura\" \/>\n\t<meta name=\"twitter:data1\" content=\"2 minutos\" \/>\n<script type=\"application\/ld+json\" class=\"yoast-schema-graph\">{\"@context\":\"https:\/\/schema.org\",\"@graph\":[{\"@type\":\"WebPage\",\"@id\":\"https:\/\/koningdrone.be\/product\/hprc-6500w-for-dji-d-rtk3\/\",\"url\":\"https:\/\/koningdrone.be\/product\/hprc-6500w-for-dji-d-rtk3\/\",\"name\":\"HPRC 6500W FOR DJI D-RTK3 - koningdrone.be\",\"isPartOf\":{\"@id\":\"https:\/\/koningdrone.be\/#website\"},\"primaryImageOfPage\":{\"@id\":\"https:\/\/koningdrone.be\/product\/hprc-6500w-for-dji-d-rtk3\/#primaryimage\"},\"image\":{\"@id\":\"https:\/\/koningdrone.be\/product\/hprc-6500w-for-dji-d-rtk3\/#primaryimage\"},\"thumbnailUrl\":\"https:\/\/koningdrone.be\/wp-content\/uploads\/sites\/13\/2026\/03\/DJI-D-RTK3-HPRC-6500W-Product.webp\",\"datePublished\":\"2025-07-03T08:02:37+00:00\",\"dateModified\":\"2026-04-29T02:30:29+00:00\",\"breadcrumb\":{\"@id\":\"https:\/\/koningdrone.be\/product\/hprc-6500w-for-dji-d-rtk3\/#breadcrumb\"},\"inLanguage\":\"es\",\"potentialAction\":[{\"@type\":\"ReadAction\",\"target\":[\"https:\/\/koningdrone.be\/product\/hprc-6500w-for-dji-d-rtk3\/\"]}]},{\"@type\":\"ImageObject\",\"inLanguage\":\"es\",\"@id\":\"https:\/\/koningdrone.be\/product\/hprc-6500w-for-dji-d-rtk3\/#primaryimage\",\"url\":\"https:\/\/koningdrone.be\/wp-content\/uploads\/sites\/13\/2026\/03\/DJI-D-RTK3-HPRC-6500W-Product.webp\",\"contentUrl\":\"https:\/\/koningdrone.be\/wp-content\/uploads\/sites\/13\/2026\/03\/DJI-D-RTK3-HPRC-6500W-Product.webp\",\"width\":2048,\"height\":2048},{\"@type\":\"BreadcrumbList\",\"@id\":\"https:\/\/koningdrone.be\/product\/hprc-6500w-for-dji-d-rtk3\/#breadcrumb\",\"itemListElement\":[{\"@type\":\"ListItem\",\"position\":1,\"name\":\"Home\",\"item\":\"https:\/\/koningdrone.be\/\"},{\"@type\":\"ListItem\",\"position\":2,\"name\":\"AVSS Parachute Recovery System for DJI Matrice 300\/350\",\"item\":\"https:\/\/koningdrone.be\/product\/avss-parachute-recovery-system-for-dji-matrice-300-350\/\"},{\"@type\":\"ListItem\",\"position\":3,\"name\":\"DJI D-RTK 3\",\"item\":\"https:\/\/koningdrone.be\/categorie\/dji-d-rtk-3\/\"},{\"@type\":\"ListItem\",\"position\":4,\"name\":\"HPRC 6500W FOR DJI D-RTK3\"}]},{\"@type\":\"WebSite\",\"@id\":\"https:\/\/koningdrone.be\/#website\",\"url\":\"https:\/\/koningdrone.be\/\",\"name\":\"Koningdrone.be - Uw online specialist in drones, gimbals, camera's en power stations.\",\"description\":\"De webshop in drones en gimbals\",\"publisher\":{\"@id\":\"https:\/\/koningdrone.be\/#organization\"},\"potentialAction\":[{\"@type\":\"SearchAction\",\"target\":{\"@type\":\"EntryPoint\",\"urlTemplate\":\"https:\/\/koningdrone.be\/?s={search_term_string}\"},\"query-input\":{\"@type\":\"PropertyValueSpecification\",\"valueRequired\":true,\"valueName\":\"search_term_string\"}}],\"inLanguage\":\"es\"},{\"@type\":\"Organization\",\"@id\":\"https:\/\/koningdrone.be\/#organization\",\"name\":\"Koningdrone.be\",\"url\":\"https:\/\/koningdrone.be\/\",\"logo\":{\"@type\":\"ImageObject\",\"inLanguage\":\"es\",\"@id\":\"https:\/\/koningdrone.be\/#\/schema\/logo\/image\/\",\"url\":\"https:\/\/koningdrone.be\/wp-content\/uploads\/sites\/13\/2025\/04\/koningdrone-copyright-logo.svg\",\"contentUrl\":\"https:\/\/koningdrone.be\/wp-content\/uploads\/sites\/13\/2025\/04\/koningdrone-copyright-logo.svg\",\"width\":227,\"height\":38,\"caption\":\"Koningdrone.be\"},\"image\":{\"@id\":\"https:\/\/koningdrone.be\/#\/schema\/logo\/image\/\"}}]}<\/script>\n<!-- \/ Yoast SEO Premium plugin. -->","yoast_head_json":{"title":"HPRC 6500W FOR DJI D-RTK3 - koningdrone.be","robots":{"index":"index","follow":"follow","max-snippet":"max-snippet:-1","max-image-preview":"max-image-preview:large","max-video-preview":"max-video-preview:-1"},"canonical":"https:\/\/koningdrone.be\/es\/producto\/hprc-6500w-for-dji-d-rtk3\/","og_locale":"es_ES","og_type":"article","og_title":"HPRC 6500W FOR DJI D-RTK3","og_description":"IP67 water- en stofdichte bescherming voor extreme omstandigheden  Gemaakt van slagvast TTX01\u00ae hars voor maximale duurzaamheid  Op maat gesneden schuim voor perfecte pasvorm en bescherming  Veilig tweestaps sluitsysteem tegen onverwacht openen  Met wielen en ergonomische handgreep voor eenvoudig transport","og_url":"https:\/\/koningdrone.be\/es\/producto\/hprc-6500w-for-dji-d-rtk3\/","og_site_name":"koningdrone.be","article_modified_time":"2026-04-29T02:30:29+00:00","og_image":[{"width":2048,"height":2048,"url":"https:\/\/koningdrone.be\/wp-content\/uploads\/sites\/13\/2026\/03\/DJI-D-RTK3-HPRC-6500W-Product.webp","type":"image\/webp"}],"twitter_card":"summary_large_image","twitter_misc":{"Tiempo de lectura":"2 minutos"},"schema":{"@context":"https:\/\/schema.org","@graph":[{"@type":"WebPage","@id":"https:\/\/koningdrone.be\/product\/hprc-6500w-for-dji-d-rtk3\/","url":"https:\/\/koningdrone.be\/product\/hprc-6500w-for-dji-d-rtk3\/","name":"HPRC 6500W FOR DJI D-RTK3 - koningdrone.be","isPartOf":{"@id":"https:\/\/koningdrone.be\/#website"},"primaryImageOfPage":{"@id":"https:\/\/koningdrone.be\/product\/hprc-6500w-for-dji-d-rtk3\/#primaryimage"},"image":{"@id":"https:\/\/koningdrone.be\/product\/hprc-6500w-for-dji-d-rtk3\/#primaryimage"},"thumbnailUrl":"https:\/\/koningdrone.be\/wp-content\/uploads\/sites\/13\/2026\/03\/DJI-D-RTK3-HPRC-6500W-Product.webp","datePublished":"2025-07-03T08:02:37+00:00","dateModified":"2026-04-29T02:30:29+00:00","breadcrumb":{"@id":"https:\/\/koningdrone.be\/product\/hprc-6500w-for-dji-d-rtk3\/#breadcrumb"},"inLanguage":"es","potentialAction":[{"@type":"ReadAction","target":["https:\/\/koningdrone.be\/product\/hprc-6500w-for-dji-d-rtk3\/"]}]},{"@type":"ImageObject","inLanguage":"es","@id":"https:\/\/koningdrone.be\/product\/hprc-6500w-for-dji-d-rtk3\/#primaryimage","url":"https:\/\/koningdrone.be\/wp-content\/uploads\/sites\/13\/2026\/03\/DJI-D-RTK3-HPRC-6500W-Product.webp","contentUrl":"https:\/\/koningdrone.be\/wp-content\/uploads\/sites\/13\/2026\/03\/DJI-D-RTK3-HPRC-6500W-Product.webp","width":2048,"height":2048},{"@type":"BreadcrumbList","@id":"https:\/\/koningdrone.be\/product\/hprc-6500w-for-dji-d-rtk3\/#breadcrumb","itemListElement":[{"@type":"ListItem","position":1,"name":"Home","item":"https:\/\/koningdrone.be\/"},{"@type":"ListItem","position":2,"name":"AVSS Parachute Recovery System for DJI Matrice 300\/350","item":"https:\/\/koningdrone.be\/product\/avss-parachute-recovery-system-for-dji-matrice-300-350\/"},{"@type":"ListItem","position":3,"name":"DJI D-RTK 3","item":"https:\/\/koningdrone.be\/categorie\/dji-d-rtk-3\/"},{"@type":"ListItem","position":4,"name":"HPRC 6500W FOR DJI D-RTK3"}]},{"@type":"WebSite","@id":"https:\/\/koningdrone.be\/#website","url":"https:\/\/koningdrone.be\/","name":"Koningdrone.be - Su especialista en l\u00ednea en drones, cardanes, c\u00e1maras y centrales el\u00e9ctricas.","description":"La tienda virtual de drones y cardanes","publisher":{"@id":"https:\/\/koningdrone.be\/#organization"},"potentialAction":[{"@type":"SearchAction","target":{"@type":"EntryPoint","urlTemplate":"https:\/\/koningdrone.be\/?s={search_term_string}"},"query-input":{"@type":"PropertyValueSpecification","valueRequired":true,"valueName":"search_term_string"}}],"inLanguage":"es"},{"@type":"Organization","@id":"https:\/\/koningdrone.be\/#organization","name":"Kingdrone.es","url":"https:\/\/koningdrone.be\/","logo":{"@type":"ImageObject","inLanguage":"es","@id":"https:\/\/koningdrone.be\/#\/schema\/logo\/image\/","url":"https:\/\/koningdrone.be\/wp-content\/uploads\/sites\/13\/2025\/04\/koningdrone-copyright-logo.svg","contentUrl":"https:\/\/koningdrone.be\/wp-content\/uploads\/sites\/13\/2025\/04\/koningdrone-copyright-logo.svg","width":227,"height":38,"caption":"Koningdrone.be"},"image":{"@id":"https:\/\/koningdrone.be\/#\/schema\/logo\/image\/"}}]}},"df_price":781,"df_sale_price":"","df_regular_price":781,"df_image_link":"https:\/\/koningdrone.be\/wp-content\/uploads\/sites\/13\/2026\/03\/DJI-D-RTK3-HPRC-6500W-Product-300x300.webp","_links":{"self":[{"href":"https:\/\/koningdrone.be\/es\/wp-json\/wp\/v2\/product\/14746","targetHints":{"allow":["GET"]}}],"collection":[{"href":"https:\/\/koningdrone.be\/es\/wp-json\/wp\/v2\/product"}],"about":[{"href":"https:\/\/koningdrone.be\/es\/wp-json\/wp\/v2\/types\/product"}],"wp:featuredmedia":[{"embeddable":true,"href":"https:\/\/koningdrone.be\/es\/wp-json\/wp\/v2\/media\/18095"}],"wp:attachment":[{"href":"https:\/\/koningdrone.be\/es\/wp-json\/wp\/v2\/media?parent=14746"}],"wp:term":[{"taxonomy":"product_brand","embeddable":true,"href":"https:\/\/koningdrone.be\/es\/wp-json\/wp\/v2\/product_brand?post=14746"},{"taxonomy":"product_cat","embeddable":true,"href":"https:\/\/koningdrone.be\/es\/wp-json\/wp\/v2\/product_cat?post=14746"},{"taxonomy":"product_tag","embeddable":true,"href":"https:\/\/koningdrone.be\/es\/wp-json\/wp\/v2\/product_tag?post=14746"}],"curies":[{"name":"wp","href":"https:\/\/api.w.org\/{rel}","templated":true}]}}