{"id":1472,"date":"2024-12-04T12:18:54","date_gmt":"2024-12-04T12:18:54","guid":{"rendered":"https:\/\/koningdrone.nl\/kon\/product\/anker-solix-fs20-flexible-solar-panel225w-4-pack\/"},"modified":"2024-12-04T12:18:54","modified_gmt":"2024-12-04T12:18:54","slug":"anker-solix-fs20-flexible-solar-panel225w-4-pack","status":"publish","type":"product","link":"https:\/\/koningdrone.be\/es\/producto\/anker-solix-fs20-flexible-solar-panel225w-4-pack\/","title":{"rendered":"Anker SOLIX FS20 Panel Solar Flexible(225W 4-Pack)"},"content":{"rendered":"<p>El panel solar flexible Anchor SOLIX FS20 es una soluci\u00f3n altamente eficiente, duradera y ligera para necesidades energ\u00e9ticas vers\u00e1tiles. Con una potencia total de 900 W (225 W por panel), este paquete de 4 unidades est\u00e1 dise\u00f1ado para ser port\u00e1til y f\u00e1cil de instalar en superficies curvas o irregulares. Construido con materiales de primera calidad, ofrece una excelente resistencia a la intemperie y un rendimiento fiable para aventuras al aire libre, caravanas, barcos o sistemas de energ\u00eda de reserva.<\/p>","protected":false},"excerpt":{"rendered":"<ul>\n<li>Instalaci\u00f3n en 30 minutos sin herramientas.<\/li>\n<li>Instalar en curvas.<\/li>\n<li>Delgado y de s\u00f3lo 4,5 kg.<\/li>\n<li>Eficaz con TOPCon Tech.<\/li>\n<li>Resistencia al invierno y al agua.<\/li>\n<li>12 a\u00f1os de garant\u00eda. 85% eficiencia despu\u00e9s de 15 a\u00f1os de uso.<\/li>\n<\/ul>","protected":false},"featured_media":1461,"template":"","meta":{"_acf_changed":false},"product_brand":[],"product_cat":[97,197,198],"product_tag":[],"class_list":{"0":"post-1472","1":"product","2":"type-product","3":"status-publish","4":"has-post-thumbnail","6":"product_cat-alle-producten","7":"product_cat-anker","8":"product_cat-zonnepanelen","9":"product_shipping_class-outofstock","10":"pa_brand-anker","11":"pa_producttype-zonnepaneel","13":"first","14":"outofstock","15":"taxable","16":"shipping-taxable","17":"product-type-simple"},"acf":[],"yoast_head":"<!-- This site is optimized with the Yoast SEO Premium plugin v27.2 (Yoast SEO v27.2) - https:\/\/yoast.com\/product\/yoast-seo-premium-wordpress\/ -->\n<title>Anker SOLIX FS20 Flexible Solar Panel(225W 4-Pack) - koningdrone.be<\/title>\n<meta name=\"robots\" content=\"index, follow, max-snippet:-1, max-image-preview:large, max-video-preview:-1\" \/>\n<link rel=\"canonical\" href=\"https:\/\/koningdrone.be\/es\/producto\/anker-solix-fs20-flexible-solar-panel225w-4-pack\/\" \/>\n<meta property=\"og:locale\" content=\"es_ES\" \/>\n<meta property=\"og:type\" content=\"article\" \/>\n<meta property=\"og:title\" content=\"Anker SOLIX FS20 Flexible Solar Panel(225W 4-Pack)\" \/>\n<meta property=\"og:description\" content=\"30 minuten installeren zonder gereedschap.  Installeren op rondingen.  Dun en slechts 4,5 kg.  Effici\u00ebnt met TOPCon Tech.  Winter- en waterdichte duurzaamheid.  12 jaar garantie. 85% rendement na 15 jaar gebruik.\" \/>\n<meta property=\"og:url\" content=\"https:\/\/koningdrone.be\/es\/producto\/anker-solix-fs20-flexible-solar-panel225w-4-pack\/\" \/>\n<meta property=\"og:site_name\" content=\"koningdrone.be\" \/>\n<meta property=\"og:image\" content=\"https:\/\/koningdrone.be\/wp-content\/uploads\/sites\/13\/2025\/04\/2_98a3e252-a6ad-4a1b-899f-f45d89963a0c_3840x-scaled.png\" \/>\n\t<meta property=\"og:image:width\" content=\"2560\" \/>\n\t<meta property=\"og:image:height\" content=\"2560\" \/>\n\t<meta property=\"og:image:type\" content=\"image\/png\" \/>\n<meta name=\"twitter:card\" content=\"summary_large_image\" \/>\n<script type=\"application\/ld+json\" class=\"yoast-schema-graph\">{\"@context\":\"https:\/\/schema.org\",\"@graph\":[{\"@type\":\"WebPage\",\"@id\":\"https:\/\/koningdrone.be\/product\/anker-solix-fs20-flexible-solar-panel225w-4-pack\/\",\"url\":\"https:\/\/koningdrone.be\/product\/anker-solix-fs20-flexible-solar-panel225w-4-pack\/\",\"name\":\"Anker SOLIX FS20 Flexible Solar Panel(225W 4-Pack) - koningdrone.be\",\"isPartOf\":{\"@id\":\"https:\/\/koningdrone.be\/#website\"},\"primaryImageOfPage\":{\"@id\":\"https:\/\/koningdrone.be\/product\/anker-solix-fs20-flexible-solar-panel225w-4-pack\/#primaryimage\"},\"image\":{\"@id\":\"https:\/\/koningdrone.be\/product\/anker-solix-fs20-flexible-solar-panel225w-4-pack\/#primaryimage\"},\"thumbnailUrl\":\"https:\/\/koningdrone.be\/wp-content\/uploads\/sites\/13\/2025\/04\/2_98a3e252-a6ad-4a1b-899f-f45d89963a0c_3840x-scaled.png\",\"datePublished\":\"2024-12-04T12:18:54+00:00\",\"breadcrumb\":{\"@id\":\"https:\/\/koningdrone.be\/product\/anker-solix-fs20-flexible-solar-panel225w-4-pack\/#breadcrumb\"},\"inLanguage\":\"es\",\"potentialAction\":[{\"@type\":\"ReadAction\",\"target\":[\"https:\/\/koningdrone.be\/product\/anker-solix-fs20-flexible-solar-panel225w-4-pack\/\"]}]},{\"@type\":\"ImageObject\",\"inLanguage\":\"es\",\"@id\":\"https:\/\/koningdrone.be\/product\/anker-solix-fs20-flexible-solar-panel225w-4-pack\/#primaryimage\",\"url\":\"https:\/\/koningdrone.be\/wp-content\/uploads\/sites\/13\/2025\/04\/2_98a3e252-a6ad-4a1b-899f-f45d89963a0c_3840x-scaled.png\",\"contentUrl\":\"https:\/\/koningdrone.be\/wp-content\/uploads\/sites\/13\/2025\/04\/2_98a3e252-a6ad-4a1b-899f-f45d89963a0c_3840x-scaled.png\",\"width\":2560,\"height\":2560},{\"@type\":\"BreadcrumbList\",\"@id\":\"https:\/\/koningdrone.be\/product\/anker-solix-fs20-flexible-solar-panel225w-4-pack\/#breadcrumb\",\"itemListElement\":[{\"@type\":\"ListItem\",\"position\":1,\"name\":\"Home\",\"item\":\"https:\/\/koningdrone.be\/\"},{\"@type\":\"ListItem\",\"position\":2,\"name\":\"AVSS Parachute Recovery System for DJI Matrice 300\/350\",\"item\":\"https:\/\/koningdrone.be\/product\/avss-parachute-recovery-system-for-dji-matrice-300-350\/\"},{\"@type\":\"ListItem\",\"position\":3,\"name\":\"Alle producten\",\"item\":\"https:\/\/koningdrone.be\/categorie\/alle-producten\/\"},{\"@type\":\"ListItem\",\"position\":4,\"name\":\"Anker SOLIX FS20 Flexible Solar Panel(225W 4-Pack)\"}]},{\"@type\":\"WebSite\",\"@id\":\"https:\/\/koningdrone.be\/#website\",\"url\":\"https:\/\/koningdrone.be\/\",\"name\":\"Koningdrone.be - Uw online specialist in drones, gimbals, camera's en power stations.\",\"description\":\"De webshop in drones en gimbals\",\"publisher\":{\"@id\":\"https:\/\/koningdrone.be\/#organization\"},\"potentialAction\":[{\"@type\":\"SearchAction\",\"target\":{\"@type\":\"EntryPoint\",\"urlTemplate\":\"https:\/\/koningdrone.be\/?s={search_term_string}\"},\"query-input\":{\"@type\":\"PropertyValueSpecification\",\"valueRequired\":true,\"valueName\":\"search_term_string\"}}],\"inLanguage\":\"es\"},{\"@type\":\"Organization\",\"@id\":\"https:\/\/koningdrone.be\/#organization\",\"name\":\"Koningdrone.be\",\"url\":\"https:\/\/koningdrone.be\/\",\"logo\":{\"@type\":\"ImageObject\",\"inLanguage\":\"es\",\"@id\":\"https:\/\/koningdrone.be\/#\/schema\/logo\/image\/\",\"url\":\"https:\/\/koningdrone.be\/wp-content\/uploads\/sites\/13\/2025\/04\/koningdrone-copyright-logo.svg\",\"contentUrl\":\"https:\/\/koningdrone.be\/wp-content\/uploads\/sites\/13\/2025\/04\/koningdrone-copyright-logo.svg\",\"width\":227,\"height\":38,\"caption\":\"Koningdrone.be\"},\"image\":{\"@id\":\"https:\/\/koningdrone.be\/#\/schema\/logo\/image\/\"}}]}<\/script>\n<!-- \/ Yoast SEO Premium plugin. -->","yoast_head_json":{"title":"Anker SOLIX FS20 Flexible Solar Panel(225W 4-Pack) - koningdrone.be","robots":{"index":"index","follow":"follow","max-snippet":"max-snippet:-1","max-image-preview":"max-image-preview:large","max-video-preview":"max-video-preview:-1"},"canonical":"https:\/\/koningdrone.be\/es\/producto\/anker-solix-fs20-flexible-solar-panel225w-4-pack\/","og_locale":"es_ES","og_type":"article","og_title":"Anker SOLIX FS20 Flexible Solar Panel(225W 4-Pack)","og_description":"30 minuten installeren zonder gereedschap.  Installeren op rondingen.  Dun en slechts 4,5 kg.  Effici\u00ebnt met TOPCon Tech.  Winter- en waterdichte duurzaamheid.  12 jaar garantie. 85% rendement na 15 jaar gebruik.","og_url":"https:\/\/koningdrone.be\/es\/producto\/anker-solix-fs20-flexible-solar-panel225w-4-pack\/","og_site_name":"koningdrone.be","og_image":[{"width":2560,"height":2560,"url":"https:\/\/koningdrone.be\/wp-content\/uploads\/sites\/13\/2025\/04\/2_98a3e252-a6ad-4a1b-899f-f45d89963a0c_3840x-scaled.png","type":"image\/png"}],"twitter_card":"summary_large_image","schema":{"@context":"https:\/\/schema.org","@graph":[{"@type":"WebPage","@id":"https:\/\/koningdrone.be\/product\/anker-solix-fs20-flexible-solar-panel225w-4-pack\/","url":"https:\/\/koningdrone.be\/product\/anker-solix-fs20-flexible-solar-panel225w-4-pack\/","name":"Anker SOLIX FS20 Flexible Solar Panel(225W 4-Pack) - koningdrone.be","isPartOf":{"@id":"https:\/\/koningdrone.be\/#website"},"primaryImageOfPage":{"@id":"https:\/\/koningdrone.be\/product\/anker-solix-fs20-flexible-solar-panel225w-4-pack\/#primaryimage"},"image":{"@id":"https:\/\/koningdrone.be\/product\/anker-solix-fs20-flexible-solar-panel225w-4-pack\/#primaryimage"},"thumbnailUrl":"https:\/\/koningdrone.be\/wp-content\/uploads\/sites\/13\/2025\/04\/2_98a3e252-a6ad-4a1b-899f-f45d89963a0c_3840x-scaled.png","datePublished":"2024-12-04T12:18:54+00:00","breadcrumb":{"@id":"https:\/\/koningdrone.be\/product\/anker-solix-fs20-flexible-solar-panel225w-4-pack\/#breadcrumb"},"inLanguage":"es","potentialAction":[{"@type":"ReadAction","target":["https:\/\/koningdrone.be\/product\/anker-solix-fs20-flexible-solar-panel225w-4-pack\/"]}]},{"@type":"ImageObject","inLanguage":"es","@id":"https:\/\/koningdrone.be\/product\/anker-solix-fs20-flexible-solar-panel225w-4-pack\/#primaryimage","url":"https:\/\/koningdrone.be\/wp-content\/uploads\/sites\/13\/2025\/04\/2_98a3e252-a6ad-4a1b-899f-f45d89963a0c_3840x-scaled.png","contentUrl":"https:\/\/koningdrone.be\/wp-content\/uploads\/sites\/13\/2025\/04\/2_98a3e252-a6ad-4a1b-899f-f45d89963a0c_3840x-scaled.png","width":2560,"height":2560},{"@type":"BreadcrumbList","@id":"https:\/\/koningdrone.be\/product\/anker-solix-fs20-flexible-solar-panel225w-4-pack\/#breadcrumb","itemListElement":[{"@type":"ListItem","position":1,"name":"Home","item":"https:\/\/koningdrone.be\/"},{"@type":"ListItem","position":2,"name":"AVSS Parachute Recovery System for DJI Matrice 300\/350","item":"https:\/\/koningdrone.be\/product\/avss-parachute-recovery-system-for-dji-matrice-300-350\/"},{"@type":"ListItem","position":3,"name":"Alle producten","item":"https:\/\/koningdrone.be\/categorie\/alle-producten\/"},{"@type":"ListItem","position":4,"name":"Anker SOLIX FS20 Flexible Solar Panel(225W 4-Pack)"}]},{"@type":"WebSite","@id":"https:\/\/koningdrone.be\/#website","url":"https:\/\/koningdrone.be\/","name":"Koningdrone.be - Su especialista en l\u00ednea en drones, cardanes, c\u00e1maras y centrales el\u00e9ctricas.","description":"La tienda virtual de drones y cardanes","publisher":{"@id":"https:\/\/koningdrone.be\/#organization"},"potentialAction":[{"@type":"SearchAction","target":{"@type":"EntryPoint","urlTemplate":"https:\/\/koningdrone.be\/?s={search_term_string}"},"query-input":{"@type":"PropertyValueSpecification","valueRequired":true,"valueName":"search_term_string"}}],"inLanguage":"es"},{"@type":"Organization","@id":"https:\/\/koningdrone.be\/#organization","name":"Kingdrone.es","url":"https:\/\/koningdrone.be\/","logo":{"@type":"ImageObject","inLanguage":"es","@id":"https:\/\/koningdrone.be\/#\/schema\/logo\/image\/","url":"https:\/\/koningdrone.be\/wp-content\/uploads\/sites\/13\/2025\/04\/koningdrone-copyright-logo.svg","contentUrl":"https:\/\/koningdrone.be\/wp-content\/uploads\/sites\/13\/2025\/04\/koningdrone-copyright-logo.svg","width":227,"height":38,"caption":"Koningdrone.be"},"image":{"@id":"https:\/\/koningdrone.be\/#\/schema\/logo\/image\/"}}]}},"df_price":"","df_sale_price":"","df_regular_price":"","df_image_link":"https:\/\/koningdrone.be\/wp-content\/uploads\/sites\/13\/2025\/04\/2_98a3e252-a6ad-4a1b-899f-f45d89963a0c_3840x-300x300.png","_links":{"self":[{"href":"https:\/\/koningdrone.be\/es\/wp-json\/wp\/v2\/product\/1472","targetHints":{"allow":["GET"]}}],"collection":[{"href":"https:\/\/koningdrone.be\/es\/wp-json\/wp\/v2\/product"}],"about":[{"href":"https:\/\/koningdrone.be\/es\/wp-json\/wp\/v2\/types\/product"}],"wp:featuredmedia":[{"embeddable":true,"href":"https:\/\/koningdrone.be\/es\/wp-json\/wp\/v2\/media\/1461"}],"wp:attachment":[{"href":"https:\/\/koningdrone.be\/es\/wp-json\/wp\/v2\/media?parent=1472"}],"wp:term":[{"taxonomy":"product_brand","embeddable":true,"href":"https:\/\/koningdrone.be\/es\/wp-json\/wp\/v2\/product_brand?post=1472"},{"taxonomy":"product_cat","embeddable":true,"href":"https:\/\/koningdrone.be\/es\/wp-json\/wp\/v2\/product_cat?post=1472"},{"taxonomy":"product_tag","embeddable":true,"href":"https:\/\/koningdrone.be\/es\/wp-json\/wp\/v2\/product_tag?post=1472"}],"curies":[{"name":"wp","href":"https:\/\/api.w.org\/{rel}","templated":true}]}}