{"id":14507,"date":"2025-07-18T13:04:27","date_gmt":"2025-07-18T11:04:27","guid":{"rendered":"https:\/\/koningdrone.be\/product\/share-slam-s20\/"},"modified":"2026-04-29T03:30:12","modified_gmt":"2026-04-29T01:30:12","slug":"share-slam-s20","status":"publish","type":"product","link":"https:\/\/koningdrone.be\/es\/producto\/share-slam-s20\/","title":{"rendered":"COMPARTIR SLAM S20"},"content":{"rendered":"<h3>SHARE SLAM S20: la mejor soluci\u00f3n h\u00edbrida de escaneado 3D<\/h3>\n<p><iframe loading=\"lazy\" title=\"SHARE lanza la nueva generaci\u00f3n de esc\u00e1neres LiDAR 3D: SHARE SLAM S20.\" width=\"800\" height=\"450\" src=\"https:\/\/www.youtube.com\/embed\/bws8PqfZ8cQ?feature=oembed&#038;enablejsapi=1&#038;origin=https:\/\/koningdrone.be\" frameborder=\"0\" allow=\"accelerometer; autoplay; clipboard-write; encrypted-media; gyroscope; picture-in-picture; web-share\" referrerpolicy=\"strict-origin-when-cross-origin\" allowfullscreen><\/iframe><\/p>\n<p style=\"margin: 20px 0\">En <strong>COMPARTIR SLAM S20<\/strong> representa la pr\u00f3xima generaci\u00f3n en digitalizaci\u00f3n espacial port\u00e1til. Como esc\u00e1ner LiDAR 3D port\u00e1til de gama alta, rompe las barreras entre la cartograf\u00eda en interiores y exteriores al fusionar la potencia del escaneado LiDAR con la inteligencia visual SLAM y la precisi\u00f3n RTK. Dise\u00f1ado para profesionales que no hacen concesiones, el S20 ofrece la posibilidad de transformar infraestructuras complejas, monumentos hist\u00f3ricos y vastas obras de construcci\u00f3n en copias digitales hiperdetalladas en tiempo real. No se trata de un esc\u00e1ner m\u00e1s; es un ecosistema geoespacial completo en la palma de la mano.<\/p>\n<p><a href=\"https:\/\/koningdrone.nl\/wp-content\/uploads\/2025\/07\/SHARE-SLAM-S20.webp\"><img loading=\"lazy\" decoding=\"async\" class=\"size-full wp-image-467330 aligncenter\" src=\"https:\/\/koningdrone.nl\/wp-content\/uploads\/2025\/07\/SHARE-SLAM-S20.webp\" alt=\"SHARE SLAM S20\" width=\"1200\" height=\"800\" \/><\/a><\/p>\n<h4>Percepci\u00f3n sin l\u00edmites e inteligencia de seguimiento h\u00edbrida<\/h4>\n<p>El SHARE SLAM S20 se basa en un sensor LiDAR avanzado que funciona a una velocidad de <strong>200.000 puntos por segundo<\/strong> analiza el entorno. Sin embargo, lo que realmente diferencia al S20 es su exclusivo <strong>Algoritmo Fusion-SLAM<\/strong>. Al combinar los datos LiDAR con la informaci\u00f3n visual de c\u00e1maras de alta gama, el sistema mantiene un seguimiento impecable en entornos en los que los esc\u00e1neres tradicionales fallan, como paredes resbaladizas, t\u00faneles estrechos o bosques extensos. Gracias al sistema integrado <strong>M\u00f3dulo RTK-GNSS<\/strong> Los esc\u00e1neres reciben al instante un marco de georreferenciaci\u00f3n absoluta con precisi\u00f3n centim\u00e9trica, lo que hace que la vinculaci\u00f3n manual de conjuntos de datos sea cosa del pasado.<\/p>\n<h4>Calidad de imagen excepcional y perfecci\u00f3n ergon\u00f3mica<\/h4>\n<p>La realidad visual est\u00e1 en el coraz\u00f3n del S20. El sistema est\u00e1 equipado con <strong>dos c\u00e1maras CMOS de 1 pulgada<\/strong>, equipados con obturadores mec\u00e1nicos. Estas \u00f3pticas de alta gama proporcionan una coloraci\u00f3n realista de las nubes de puntos (colorizaci\u00f3n de nubes de puntos), lo que hace que los modelos BIM y los gemelos digitales no s\u00f3lo sean t\u00e9cnicamente precisos, sino tambi\u00e9n visualmente id\u00e9nticos a la realidad. Con un peso de s\u00f3lo <strong>1,07 kg<\/strong> el esc\u00e1ner est\u00e1 equilibrado al detalle para un uso port\u00e1til a largo plazo. La robusta calidad de construcci\u00f3n garantiza un funcionamiento fiable a temperaturas extremas de <strong>de -20 \u00b0C a +50 \u00b0C<\/strong>, mientras que la potente bater\u00eda proporciona hasta <strong>150 minutos<\/strong> permite una exploraci\u00f3n continua, suficiente para las misiones de campo m\u00e1s exigentes.<\/p>\n<p><a href=\"https:\/\/koningdrone.nl\/wp-content\/uploads\/2025\/07\/SLAM-S20-SHARE.webp\"><img loading=\"lazy\" decoding=\"async\" class=\"wp-image-467327 size-medium aligncenter\" src=\"https:\/\/koningdrone.nl\/wp-content\/uploads\/2025\/07\/SLAM-S20-SHARE-300x300.webp\" alt=\"SLAM S20 SHARE\" width=\"300\" height=\"300\" \/><\/a><\/p>\n<h4>Por qu\u00e9 el SHARE SLAM S20 es indispensable<\/h4>\n<p>Para las organizaciones que buscan la m\u00e1xima eficacia en la documentaci\u00f3n de edificios, el modelado industrial o la investigaci\u00f3n forense, SHARE SLAM S20 es el catalizador definitivo. El sistema elimina la necesidad de complejas configuraciones est\u00e1ticas y reduce dr\u00e1sticamente el tiempo de adquisici\u00f3n de datos. Tanto si necesita generar un modelo as-built de un complejo edificio industrial como cartografiar un yacimiento arqueol\u00f3gico, el SHARE SLAM S20 ofrece la velocidad de un dispositivo port\u00e1til con la precisi\u00f3n de un instrumento topogr\u00e1fico. Es el camino m\u00e1s inteligente hacia una transformaci\u00f3n digital sin errores.<\/p>","protected":false},"excerpt":{"rendered":"<ul>\n<li>Esc\u00e1ner LiDAR 3D port\u00e1til profesional para cartograf\u00eda y topograf\u00eda<\/li>\n<li>Escanea hasta 200.000 puntos por segundo para obtener nubes de puntos detalladas<\/li>\n<li>Posicionamiento RTK-GNSS integrado para mediciones con precisi\u00f3n centim\u00e9trica<\/li>\n<li>Dos c\u00e1maras CMOS de 1 pulgada con obturador mec\u00e1nico para una reproducci\u00f3n precisa del color<\/li>\n<li>Adecuado para BIM, CAD, inspecci\u00f3n de infraestructuras y modelado 3D<\/li>\n<\/ul>","protected":false},"featured_media":17136,"template":"","meta":{"_acf_changed":false},"product_brand":[],"product_cat":[1764],"product_tag":[],"class_list":{"0":"post-14507","1":"product","2":"type-product","3":"status-publish","4":"has-post-thumbnail","6":"product_cat-share-slam-s20","7":"product_shipping_class-uavspacesall","8":"pa_brand-shareuav","9":"pa_producttype-3d-lidar-scanner","11":"first","12":"instock","13":"taxable","14":"shipping-taxable","15":"purchasable","16":"product-type-simple"},"acf":[],"yoast_head":"<!-- This site is optimized with the Yoast SEO Premium plugin v27.2 (Yoast SEO v27.2) - https:\/\/yoast.com\/product\/yoast-seo-premium-wordpress\/ -->\n<title>SHARE SLAM S20 - koningdrone.be<\/title>\n<meta name=\"robots\" content=\"index, follow, max-snippet:-1, max-image-preview:large, max-video-preview:-1\" \/>\n<link rel=\"canonical\" href=\"https:\/\/koningdrone.be\/es\/producto\/share-slam-s20\/\" \/>\n<meta property=\"og:locale\" content=\"es_ES\" \/>\n<meta property=\"og:type\" content=\"article\" \/>\n<meta property=\"og:title\" content=\"SHARE SLAM S20\" \/>\n<meta property=\"og:description\" content=\"Professionele handheld 3D LiDAR-scanner voor mapping en surveying  Scant tot 200.000 punten per seconde voor gedetailleerde point clouds  Ge\u00efntegreerde RTK-GNSS positionering voor centimeter-nauwkeurige metingen  Dual 1-inch CMOS camera\u2019s met mechanische shutter voor nauwkeurige kleurweergave  Geschikt voor BIM, CAD, infrastructuurinspectie en 3D-modellering\" \/>\n<meta property=\"og:url\" content=\"https:\/\/koningdrone.be\/es\/producto\/share-slam-s20\/\" \/>\n<meta property=\"og:site_name\" content=\"koningdrone.be\" \/>\n<meta property=\"article:modified_time\" content=\"2026-04-29T01:30:12+00:00\" \/>\n<meta property=\"og:image\" content=\"https:\/\/koningdrone.be\/wp-content\/uploads\/sites\/13\/2026\/03\/SHARE-SLAM-S20-Product.webp\" \/>\n\t<meta property=\"og:image:width\" content=\"2048\" \/>\n\t<meta property=\"og:image:height\" content=\"2048\" \/>\n\t<meta property=\"og:image:type\" content=\"image\/webp\" \/>\n<meta name=\"twitter:card\" content=\"summary_large_image\" \/>\n<meta name=\"twitter:label1\" content=\"Tiempo de lectura\" \/>\n\t<meta name=\"twitter:data1\" content=\"3 minutos\" \/>\n<script type=\"application\/ld+json\" class=\"yoast-schema-graph\">{\"@context\":\"https:\/\/schema.org\",\"@graph\":[{\"@type\":\"WebPage\",\"@id\":\"https:\/\/koningdrone.be\/product\/share-slam-s20\/\",\"url\":\"https:\/\/koningdrone.be\/product\/share-slam-s20\/\",\"name\":\"SHARE SLAM S20 - koningdrone.be\",\"isPartOf\":{\"@id\":\"https:\/\/koningdrone.be\/#website\"},\"primaryImageOfPage\":{\"@id\":\"https:\/\/koningdrone.be\/product\/share-slam-s20\/#primaryimage\"},\"image\":{\"@id\":\"https:\/\/koningdrone.be\/product\/share-slam-s20\/#primaryimage\"},\"thumbnailUrl\":\"https:\/\/koningdrone.be\/wp-content\/uploads\/sites\/13\/2026\/03\/SHARE-SLAM-S20-Product.webp\",\"datePublished\":\"2025-07-18T11:04:27+00:00\",\"dateModified\":\"2026-04-29T01:30:12+00:00\",\"breadcrumb\":{\"@id\":\"https:\/\/koningdrone.be\/product\/share-slam-s20\/#breadcrumb\"},\"inLanguage\":\"es\",\"potentialAction\":[{\"@type\":\"ReadAction\",\"target\":[\"https:\/\/koningdrone.be\/product\/share-slam-s20\/\"]}]},{\"@type\":\"ImageObject\",\"inLanguage\":\"es\",\"@id\":\"https:\/\/koningdrone.be\/product\/share-slam-s20\/#primaryimage\",\"url\":\"https:\/\/koningdrone.be\/wp-content\/uploads\/sites\/13\/2026\/03\/SHARE-SLAM-S20-Product.webp\",\"contentUrl\":\"https:\/\/koningdrone.be\/wp-content\/uploads\/sites\/13\/2026\/03\/SHARE-SLAM-S20-Product.webp\",\"width\":2048,\"height\":2048},{\"@type\":\"BreadcrumbList\",\"@id\":\"https:\/\/koningdrone.be\/product\/share-slam-s20\/#breadcrumb\",\"itemListElement\":[{\"@type\":\"ListItem\",\"position\":1,\"name\":\"Home\",\"item\":\"https:\/\/koningdrone.be\/\"},{\"@type\":\"ListItem\",\"position\":2,\"name\":\"AVSS Parachute Recovery System for DJI Matrice 300\/350\",\"item\":\"https:\/\/koningdrone.be\/product\/avss-parachute-recovery-system-for-dji-matrice-300-350\/\"},{\"@type\":\"ListItem\",\"position\":3,\"name\":\"Share Slam S20\",\"item\":\"https:\/\/koningdrone.be\/categorie\/share-slam-s20\/\"},{\"@type\":\"ListItem\",\"position\":4,\"name\":\"SHARE SLAM S20\"}]},{\"@type\":\"WebSite\",\"@id\":\"https:\/\/koningdrone.be\/#website\",\"url\":\"https:\/\/koningdrone.be\/\",\"name\":\"Koningdrone.be - Uw online specialist in drones, gimbals, camera's en power stations.\",\"description\":\"De webshop in drones en gimbals\",\"publisher\":{\"@id\":\"https:\/\/koningdrone.be\/#organization\"},\"potentialAction\":[{\"@type\":\"SearchAction\",\"target\":{\"@type\":\"EntryPoint\",\"urlTemplate\":\"https:\/\/koningdrone.be\/?s={search_term_string}\"},\"query-input\":{\"@type\":\"PropertyValueSpecification\",\"valueRequired\":true,\"valueName\":\"search_term_string\"}}],\"inLanguage\":\"es\"},{\"@type\":\"Organization\",\"@id\":\"https:\/\/koningdrone.be\/#organization\",\"name\":\"Koningdrone.be\",\"url\":\"https:\/\/koningdrone.be\/\",\"logo\":{\"@type\":\"ImageObject\",\"inLanguage\":\"es\",\"@id\":\"https:\/\/koningdrone.be\/#\/schema\/logo\/image\/\",\"url\":\"https:\/\/koningdrone.be\/wp-content\/uploads\/sites\/13\/2025\/04\/koningdrone-copyright-logo.svg\",\"contentUrl\":\"https:\/\/koningdrone.be\/wp-content\/uploads\/sites\/13\/2025\/04\/koningdrone-copyright-logo.svg\",\"width\":227,\"height\":38,\"caption\":\"Koningdrone.be\"},\"image\":{\"@id\":\"https:\/\/koningdrone.be\/#\/schema\/logo\/image\/\"}}]}<\/script>\n<!-- \/ Yoast SEO Premium plugin. -->","yoast_head_json":{"title":"SHARE SLAM S20 - koningdrone.be","robots":{"index":"index","follow":"follow","max-snippet":"max-snippet:-1","max-image-preview":"max-image-preview:large","max-video-preview":"max-video-preview:-1"},"canonical":"https:\/\/koningdrone.be\/es\/producto\/share-slam-s20\/","og_locale":"es_ES","og_type":"article","og_title":"SHARE SLAM S20","og_description":"Professionele handheld 3D LiDAR-scanner voor mapping en surveying  Scant tot 200.000 punten per seconde voor gedetailleerde point clouds  Ge\u00efntegreerde RTK-GNSS positionering voor centimeter-nauwkeurige metingen  Dual 1-inch CMOS camera\u2019s met mechanische shutter voor nauwkeurige kleurweergave  Geschikt voor BIM, CAD, infrastructuurinspectie en 3D-modellering","og_url":"https:\/\/koningdrone.be\/es\/producto\/share-slam-s20\/","og_site_name":"koningdrone.be","article_modified_time":"2026-04-29T01:30:12+00:00","og_image":[{"width":2048,"height":2048,"url":"https:\/\/koningdrone.be\/wp-content\/uploads\/sites\/13\/2026\/03\/SHARE-SLAM-S20-Product.webp","type":"image\/webp"}],"twitter_card":"summary_large_image","twitter_misc":{"Tiempo de lectura":"3 minutos"},"schema":{"@context":"https:\/\/schema.org","@graph":[{"@type":"WebPage","@id":"https:\/\/koningdrone.be\/product\/share-slam-s20\/","url":"https:\/\/koningdrone.be\/product\/share-slam-s20\/","name":"SHARE SLAM S20 - koningdrone.be","isPartOf":{"@id":"https:\/\/koningdrone.be\/#website"},"primaryImageOfPage":{"@id":"https:\/\/koningdrone.be\/product\/share-slam-s20\/#primaryimage"},"image":{"@id":"https:\/\/koningdrone.be\/product\/share-slam-s20\/#primaryimage"},"thumbnailUrl":"https:\/\/koningdrone.be\/wp-content\/uploads\/sites\/13\/2026\/03\/SHARE-SLAM-S20-Product.webp","datePublished":"2025-07-18T11:04:27+00:00","dateModified":"2026-04-29T01:30:12+00:00","breadcrumb":{"@id":"https:\/\/koningdrone.be\/product\/share-slam-s20\/#breadcrumb"},"inLanguage":"es","potentialAction":[{"@type":"ReadAction","target":["https:\/\/koningdrone.be\/product\/share-slam-s20\/"]}]},{"@type":"ImageObject","inLanguage":"es","@id":"https:\/\/koningdrone.be\/product\/share-slam-s20\/#primaryimage","url":"https:\/\/koningdrone.be\/wp-content\/uploads\/sites\/13\/2026\/03\/SHARE-SLAM-S20-Product.webp","contentUrl":"https:\/\/koningdrone.be\/wp-content\/uploads\/sites\/13\/2026\/03\/SHARE-SLAM-S20-Product.webp","width":2048,"height":2048},{"@type":"BreadcrumbList","@id":"https:\/\/koningdrone.be\/product\/share-slam-s20\/#breadcrumb","itemListElement":[{"@type":"ListItem","position":1,"name":"Home","item":"https:\/\/koningdrone.be\/"},{"@type":"ListItem","position":2,"name":"AVSS Parachute Recovery System for DJI Matrice 300\/350","item":"https:\/\/koningdrone.be\/product\/avss-parachute-recovery-system-for-dji-matrice-300-350\/"},{"@type":"ListItem","position":3,"name":"Share Slam S20","item":"https:\/\/koningdrone.be\/categorie\/share-slam-s20\/"},{"@type":"ListItem","position":4,"name":"SHARE SLAM S20"}]},{"@type":"WebSite","@id":"https:\/\/koningdrone.be\/#website","url":"https:\/\/koningdrone.be\/","name":"Koningdrone.be - Su especialista en l\u00ednea en drones, cardanes, c\u00e1maras y centrales el\u00e9ctricas.","description":"La tienda virtual de drones y cardanes","publisher":{"@id":"https:\/\/koningdrone.be\/#organization"},"potentialAction":[{"@type":"SearchAction","target":{"@type":"EntryPoint","urlTemplate":"https:\/\/koningdrone.be\/?s={search_term_string}"},"query-input":{"@type":"PropertyValueSpecification","valueRequired":true,"valueName":"search_term_string"}}],"inLanguage":"es"},{"@type":"Organization","@id":"https:\/\/koningdrone.be\/#organization","name":"Kingdrone.es","url":"https:\/\/koningdrone.be\/","logo":{"@type":"ImageObject","inLanguage":"es","@id":"https:\/\/koningdrone.be\/#\/schema\/logo\/image\/","url":"https:\/\/koningdrone.be\/wp-content\/uploads\/sites\/13\/2025\/04\/koningdrone-copyright-logo.svg","contentUrl":"https:\/\/koningdrone.be\/wp-content\/uploads\/sites\/13\/2025\/04\/koningdrone-copyright-logo.svg","width":227,"height":38,"caption":"Koningdrone.be"},"image":{"@id":"https:\/\/koningdrone.be\/#\/schema\/logo\/image\/"}}]}},"df_price":4999,"df_sale_price":"","df_regular_price":4999,"df_image_link":"https:\/\/koningdrone.be\/wp-content\/uploads\/sites\/13\/2026\/03\/SHARE-SLAM-S20-Product-300x300.webp","_links":{"self":[{"href":"https:\/\/koningdrone.be\/es\/wp-json\/wp\/v2\/product\/14507","targetHints":{"allow":["GET"]}}],"collection":[{"href":"https:\/\/koningdrone.be\/es\/wp-json\/wp\/v2\/product"}],"about":[{"href":"https:\/\/koningdrone.be\/es\/wp-json\/wp\/v2\/types\/product"}],"wp:featuredmedia":[{"embeddable":true,"href":"https:\/\/koningdrone.be\/es\/wp-json\/wp\/v2\/media\/17136"}],"wp:attachment":[{"href":"https:\/\/koningdrone.be\/es\/wp-json\/wp\/v2\/media?parent=14507"}],"wp:term":[{"taxonomy":"product_brand","embeddable":true,"href":"https:\/\/koningdrone.be\/es\/wp-json\/wp\/v2\/product_brand?post=14507"},{"taxonomy":"product_cat","embeddable":true,"href":"https:\/\/koningdrone.be\/es\/wp-json\/wp\/v2\/product_cat?post=14507"},{"taxonomy":"product_tag","embeddable":true,"href":"https:\/\/koningdrone.be\/es\/wp-json\/wp\/v2\/product_tag?post=14507"}],"curies":[{"name":"wp","href":"https:\/\/api.w.org\/{rel}","templated":true}]}}