{"id":1430,"date":"2024-12-04T12:20:08","date_gmt":"2024-12-04T11:20:08","guid":{"rendered":"https:\/\/koningdrone.nl\/kon\/product\/dji-mic-mini-transmitter-arctic-white\/"},"modified":"2026-04-30T04:11:00","modified_gmt":"2026-04-30T02:11:00","slug":"dji-mic-mini-transmitter-arctic-white","status":"publish","type":"product","link":"https:\/\/koningdrone.be\/es\/producto\/dji-mic-mini-transmitter-arctic-white\/","title":{"rendered":"DJI Mic Mini Transmisor - Blanco \u00c1rtico"},"content":{"rendered":"<p>El DJI Mic Mini Transmitter - Arctic White es un transmisor de micr\u00f3fono inal\u00e1mbrico compacto y ligero dise\u00f1ado para una grabaci\u00f3n de sonido clara y de alta calidad. Ideal para vloggers, creadores de contenidos y usuarios en movimiento, este transmisor tiene un dise\u00f1o delgado en blanco \u00e1rtico y ofrece una conectividad perfecta con receptores compatibles. Ofrece un sonido cristalino, con tecnolog\u00eda de cancelaci\u00f3n de ruido integrada, que proporciona una grabaci\u00f3n de sonido profesional para grabaciones de v\u00eddeo, entrevistas y mucho m\u00e1s. El transmisor es f\u00e1cil de instalar y manejar, por lo que es una soluci\u00f3n pr\u00e1ctica para la grabaci\u00f3n de audio m\u00f3vil.<\/p>","protected":false},"excerpt":{"rendered":"<ul>\n<li>Peque\u00f1o, Ultraligero, Discreto.<\/li>\n<li>Audio de alta calidad con transmisi\u00f3n estable.<\/li>\n<li>Funciona durante 48 horas con tapa.<\/li>\n<li>DJI OsmoAudio\u2122 Conexi\u00f3n directa para una calidad de sonido de primera.<\/li>\n<li>Reducci\u00f3n activa del ruido en dos niveles.<\/li>\n<li>Limitaci\u00f3n autom\u00e1tica para evitar recortes de audio.<\/li>\n<\/ul>","protected":false},"featured_media":1419,"template":"","meta":{"_acf_changed":false},"product_brand":[],"product_cat":[97,191,192],"product_tag":[],"class_list":{"0":"post-1430","1":"product","2":"type-product","3":"status-publish","4":"has-post-thumbnail","6":"product_cat-alle-producten","7":"product_cat-dji-mic","8":"product_cat-dji-mic-mini","9":"product_shipping_class-acsystemsall","10":"pa_brand-dji","11":"pa_producttype-draadloze-microfoonzender","12":"pa_series-mic-mini","14":"first","15":"instock","16":"taxable","17":"shipping-taxable","18":"purchasable","19":"product-type-simple"},"acf":[],"yoast_head":"<!-- This site is optimized with the Yoast SEO Premium plugin v27.2 (Yoast SEO v27.2) - https:\/\/yoast.com\/product\/yoast-seo-premium-wordpress\/ -->\n<title>DJI Mic Mini Transmitter - Arctic White - koningdrone.be<\/title>\n<meta name=\"robots\" content=\"index, follow, max-snippet:-1, max-image-preview:large, max-video-preview:-1\" \/>\n<link rel=\"canonical\" href=\"https:\/\/koningdrone.be\/es\/producto\/dji-mic-mini-transmitter-arctic-white\/\" \/>\n<meta property=\"og:locale\" content=\"es_ES\" \/>\n<meta property=\"og:type\" content=\"article\" \/>\n<meta property=\"og:title\" content=\"DJI Mic Mini Transmitter - Arctic White\" \/>\n<meta property=\"og:description\" content=\"Klein, Ultralicht, Discreet.Audio van hoge kwaliteit met stabiele transmissie.Werkt 48 uur met hoes.DJI OsmoAudio\u2122 Directe verbinding voor eersteklas geluidskwaliteit.Actieve ruisonderdrukking op twee niveaus.Automatische begrenzing om audioclippen te voorkomen.\" \/>\n<meta property=\"og:url\" content=\"https:\/\/koningdrone.be\/es\/producto\/dji-mic-mini-transmitter-arctic-white\/\" \/>\n<meta property=\"og:site_name\" content=\"koningdrone.be\" \/>\n<meta property=\"article:modified_time\" content=\"2026-04-30T02:11:00+00:00\" \/>\n<meta property=\"og:image\" content=\"https:\/\/koningdrone.be\/wp-content\/uploads\/sites\/13\/2025\/04\/45645764574567456.jpg\" \/>\n\t<meta property=\"og:image:width\" content=\"2000\" \/>\n\t<meta property=\"og:image:height\" content=\"2000\" \/>\n\t<meta property=\"og:image:type\" content=\"image\/jpeg\" \/>\n<meta name=\"twitter:card\" content=\"summary_large_image\" \/>\n<script type=\"application\/ld+json\" class=\"yoast-schema-graph\">{\"@context\":\"https:\/\/schema.org\",\"@graph\":[{\"@type\":\"WebPage\",\"@id\":\"https:\/\/koningdrone.be\/product\/dji-mic-mini-transmitter-arctic-white\/\",\"url\":\"https:\/\/koningdrone.be\/product\/dji-mic-mini-transmitter-arctic-white\/\",\"name\":\"DJI Mic Mini Transmitter - Arctic White - koningdrone.be\",\"isPartOf\":{\"@id\":\"https:\/\/koningdrone.be\/#website\"},\"primaryImageOfPage\":{\"@id\":\"https:\/\/koningdrone.be\/product\/dji-mic-mini-transmitter-arctic-white\/#primaryimage\"},\"image\":{\"@id\":\"https:\/\/koningdrone.be\/product\/dji-mic-mini-transmitter-arctic-white\/#primaryimage\"},\"thumbnailUrl\":\"https:\/\/koningdrone.be\/wp-content\/uploads\/sites\/13\/2025\/04\/45645764574567456.jpg\",\"datePublished\":\"2024-12-04T11:20:08+00:00\",\"dateModified\":\"2026-04-30T02:11:00+00:00\",\"breadcrumb\":{\"@id\":\"https:\/\/koningdrone.be\/product\/dji-mic-mini-transmitter-arctic-white\/#breadcrumb\"},\"inLanguage\":\"es\",\"potentialAction\":[{\"@type\":\"ReadAction\",\"target\":[\"https:\/\/koningdrone.be\/product\/dji-mic-mini-transmitter-arctic-white\/\"]}]},{\"@type\":\"ImageObject\",\"inLanguage\":\"es\",\"@id\":\"https:\/\/koningdrone.be\/product\/dji-mic-mini-transmitter-arctic-white\/#primaryimage\",\"url\":\"https:\/\/koningdrone.be\/wp-content\/uploads\/sites\/13\/2025\/04\/45645764574567456.jpg\",\"contentUrl\":\"https:\/\/koningdrone.be\/wp-content\/uploads\/sites\/13\/2025\/04\/45645764574567456.jpg\",\"width\":2000,\"height\":2000},{\"@type\":\"BreadcrumbList\",\"@id\":\"https:\/\/koningdrone.be\/product\/dji-mic-mini-transmitter-arctic-white\/#breadcrumb\",\"itemListElement\":[{\"@type\":\"ListItem\",\"position\":1,\"name\":\"Home\",\"item\":\"https:\/\/koningdrone.be\/\"},{\"@type\":\"ListItem\",\"position\":2,\"name\":\"AVSS Parachute Recovery System for DJI Matrice 300\/350\",\"item\":\"https:\/\/koningdrone.be\/product\/avss-parachute-recovery-system-for-dji-matrice-300-350\/\"},{\"@type\":\"ListItem\",\"position\":3,\"name\":\"Alle producten\",\"item\":\"https:\/\/koningdrone.be\/categorie\/alle-producten\/\"},{\"@type\":\"ListItem\",\"position\":4,\"name\":\"DJI Mic Mini Transmitter &#8211; Arctic White\"}]},{\"@type\":\"WebSite\",\"@id\":\"https:\/\/koningdrone.be\/#website\",\"url\":\"https:\/\/koningdrone.be\/\",\"name\":\"Koningdrone.be - Uw online specialist in drones, gimbals, camera's en power stations.\",\"description\":\"De webshop in drones en gimbals\",\"publisher\":{\"@id\":\"https:\/\/koningdrone.be\/#organization\"},\"potentialAction\":[{\"@type\":\"SearchAction\",\"target\":{\"@type\":\"EntryPoint\",\"urlTemplate\":\"https:\/\/koningdrone.be\/?s={search_term_string}\"},\"query-input\":{\"@type\":\"PropertyValueSpecification\",\"valueRequired\":true,\"valueName\":\"search_term_string\"}}],\"inLanguage\":\"es\"},{\"@type\":\"Organization\",\"@id\":\"https:\/\/koningdrone.be\/#organization\",\"name\":\"Koningdrone.be\",\"url\":\"https:\/\/koningdrone.be\/\",\"logo\":{\"@type\":\"ImageObject\",\"inLanguage\":\"es\",\"@id\":\"https:\/\/koningdrone.be\/#\/schema\/logo\/image\/\",\"url\":\"https:\/\/koningdrone.be\/wp-content\/uploads\/sites\/13\/2025\/04\/koningdrone-copyright-logo.svg\",\"contentUrl\":\"https:\/\/koningdrone.be\/wp-content\/uploads\/sites\/13\/2025\/04\/koningdrone-copyright-logo.svg\",\"width\":227,\"height\":38,\"caption\":\"Koningdrone.be\"},\"image\":{\"@id\":\"https:\/\/koningdrone.be\/#\/schema\/logo\/image\/\"}}]}<\/script>\n<!-- \/ Yoast SEO Premium plugin. -->","yoast_head_json":{"title":"DJI Mic Mini Transmitter - Arctic White - koningdrone.be","robots":{"index":"index","follow":"follow","max-snippet":"max-snippet:-1","max-image-preview":"max-image-preview:large","max-video-preview":"max-video-preview:-1"},"canonical":"https:\/\/koningdrone.be\/es\/producto\/dji-mic-mini-transmitter-arctic-white\/","og_locale":"es_ES","og_type":"article","og_title":"DJI Mic Mini Transmitter - Arctic White","og_description":"Klein, Ultralicht, Discreet.Audio van hoge kwaliteit met stabiele transmissie.Werkt 48 uur met hoes.DJI OsmoAudio\u2122 Directe verbinding voor eersteklas geluidskwaliteit.Actieve ruisonderdrukking op twee niveaus.Automatische begrenzing om audioclippen te voorkomen.","og_url":"https:\/\/koningdrone.be\/es\/producto\/dji-mic-mini-transmitter-arctic-white\/","og_site_name":"koningdrone.be","article_modified_time":"2026-04-30T02:11:00+00:00","og_image":[{"width":2000,"height":2000,"url":"https:\/\/koningdrone.be\/wp-content\/uploads\/sites\/13\/2025\/04\/45645764574567456.jpg","type":"image\/jpeg"}],"twitter_card":"summary_large_image","schema":{"@context":"https:\/\/schema.org","@graph":[{"@type":"WebPage","@id":"https:\/\/koningdrone.be\/product\/dji-mic-mini-transmitter-arctic-white\/","url":"https:\/\/koningdrone.be\/product\/dji-mic-mini-transmitter-arctic-white\/","name":"DJI Mic Mini Transmitter - Arctic White - koningdrone.be","isPartOf":{"@id":"https:\/\/koningdrone.be\/#website"},"primaryImageOfPage":{"@id":"https:\/\/koningdrone.be\/product\/dji-mic-mini-transmitter-arctic-white\/#primaryimage"},"image":{"@id":"https:\/\/koningdrone.be\/product\/dji-mic-mini-transmitter-arctic-white\/#primaryimage"},"thumbnailUrl":"https:\/\/koningdrone.be\/wp-content\/uploads\/sites\/13\/2025\/04\/45645764574567456.jpg","datePublished":"2024-12-04T11:20:08+00:00","dateModified":"2026-04-30T02:11:00+00:00","breadcrumb":{"@id":"https:\/\/koningdrone.be\/product\/dji-mic-mini-transmitter-arctic-white\/#breadcrumb"},"inLanguage":"es","potentialAction":[{"@type":"ReadAction","target":["https:\/\/koningdrone.be\/product\/dji-mic-mini-transmitter-arctic-white\/"]}]},{"@type":"ImageObject","inLanguage":"es","@id":"https:\/\/koningdrone.be\/product\/dji-mic-mini-transmitter-arctic-white\/#primaryimage","url":"https:\/\/koningdrone.be\/wp-content\/uploads\/sites\/13\/2025\/04\/45645764574567456.jpg","contentUrl":"https:\/\/koningdrone.be\/wp-content\/uploads\/sites\/13\/2025\/04\/45645764574567456.jpg","width":2000,"height":2000},{"@type":"BreadcrumbList","@id":"https:\/\/koningdrone.be\/product\/dji-mic-mini-transmitter-arctic-white\/#breadcrumb","itemListElement":[{"@type":"ListItem","position":1,"name":"Home","item":"https:\/\/koningdrone.be\/"},{"@type":"ListItem","position":2,"name":"AVSS Parachute Recovery System for DJI Matrice 300\/350","item":"https:\/\/koningdrone.be\/product\/avss-parachute-recovery-system-for-dji-matrice-300-350\/"},{"@type":"ListItem","position":3,"name":"Alle producten","item":"https:\/\/koningdrone.be\/categorie\/alle-producten\/"},{"@type":"ListItem","position":4,"name":"DJI Mic Mini Transmitter &#8211; Arctic White"}]},{"@type":"WebSite","@id":"https:\/\/koningdrone.be\/#website","url":"https:\/\/koningdrone.be\/","name":"Koningdrone.be - Su especialista en l\u00ednea en drones, cardanes, c\u00e1maras y centrales el\u00e9ctricas.","description":"La tienda virtual de drones y cardanes","publisher":{"@id":"https:\/\/koningdrone.be\/#organization"},"potentialAction":[{"@type":"SearchAction","target":{"@type":"EntryPoint","urlTemplate":"https:\/\/koningdrone.be\/?s={search_term_string}"},"query-input":{"@type":"PropertyValueSpecification","valueRequired":true,"valueName":"search_term_string"}}],"inLanguage":"es"},{"@type":"Organization","@id":"https:\/\/koningdrone.be\/#organization","name":"Kingdrone.es","url":"https:\/\/koningdrone.be\/","logo":{"@type":"ImageObject","inLanguage":"es","@id":"https:\/\/koningdrone.be\/#\/schema\/logo\/image\/","url":"https:\/\/koningdrone.be\/wp-content\/uploads\/sites\/13\/2025\/04\/koningdrone-copyright-logo.svg","contentUrl":"https:\/\/koningdrone.be\/wp-content\/uploads\/sites\/13\/2025\/04\/koningdrone-copyright-logo.svg","width":227,"height":38,"caption":"Koningdrone.be"},"image":{"@id":"https:\/\/koningdrone.be\/#\/schema\/logo\/image\/"}}]}},"df_price":41,"df_sale_price":"","df_regular_price":41,"df_image_link":"https:\/\/koningdrone.be\/wp-content\/uploads\/sites\/13\/2025\/04\/45645764574567456-300x300.jpg","_links":{"self":[{"href":"https:\/\/koningdrone.be\/es\/wp-json\/wp\/v2\/product\/1430","targetHints":{"allow":["GET"]}}],"collection":[{"href":"https:\/\/koningdrone.be\/es\/wp-json\/wp\/v2\/product"}],"about":[{"href":"https:\/\/koningdrone.be\/es\/wp-json\/wp\/v2\/types\/product"}],"wp:featuredmedia":[{"embeddable":true,"href":"https:\/\/koningdrone.be\/es\/wp-json\/wp\/v2\/media\/1419"}],"wp:attachment":[{"href":"https:\/\/koningdrone.be\/es\/wp-json\/wp\/v2\/media?parent=1430"}],"wp:term":[{"taxonomy":"product_brand","embeddable":true,"href":"https:\/\/koningdrone.be\/es\/wp-json\/wp\/v2\/product_brand?post=1430"},{"taxonomy":"product_cat","embeddable":true,"href":"https:\/\/koningdrone.be\/es\/wp-json\/wp\/v2\/product_cat?post=1430"},{"taxonomy":"product_tag","embeddable":true,"href":"https:\/\/koningdrone.be\/es\/wp-json\/wp\/v2\/product_tag?post=1430"}],"curies":[{"name":"wp","href":"https:\/\/api.w.org\/{rel}","templated":true}]}}