{"id":1398,"date":"2024-12-10T11:10:09","date_gmt":"2024-12-10T10:10:09","guid":{"rendered":"https:\/\/koningdrone.nl\/kon\/product\/hoodman-sky-ruler-scaling-tool\/"},"modified":"2026-05-16T16:00:09","modified_gmt":"2026-05-16T14:00:09","slug":"hoodman-sky-ruler-scaling-tool","status":"publish","type":"product","link":"https:\/\/koningdrone.be\/es\/producto\/hoodman-sky-ruler-scaling-tool\/","title":{"rendered":"Herramienta de escalado Hoodman Sky Ruler"},"content":{"rendered":"<h3>Herramienta de escalado Hoodman Sky Ruler<\/h3>\n<p><iframe loading=\"lazy\" title=\"HOODMAN SKY RULER DRONE AERIAL SURVEYING SCALING TOOL 5 FT\" width=\"800\" height=\"450\" src=\"https:\/\/www.youtube.com\/embed\/_UVSRhrE4Rk?feature=oembed&#038;enablejsapi=1&#038;origin=https:\/\/koningdrone.be\" frameborder=\"0\" allow=\"accelerometer; autoplay; clipboard-write; encrypted-media; gyroscope; picture-in-picture; web-share\" referrerpolicy=\"strict-origin-when-cross-origin\" allowfullscreen><\/iframe><\/p>\n<p style=\"margin-top: 20px\">La herramienta de escala Hoodman Sky Ruler es una referencia de escala profesional dise\u00f1ada espec\u00edficamente para cartograf\u00eda con drones, fotogrametr\u00eda y mediciones a\u00e9reas. Esta herramienta ayuda a los usuarios a verificar medidas de escala precisas en fotograf\u00edas a\u00e9reas e im\u00e1genes de v\u00eddeo tomadas con drones. Con su distintivo patr\u00f3n de colores y su forma clara, la Sky Ruler es f\u00e1cil de detectar desde el aire, lo que la convierte en una herramienta esencial para top\u00f3grafos, equipos de inspecci\u00f3n y operadores de drones.<\/p>\n<h4>Rendimiento y funcionalidad<\/h4>\n<p>La Sky Ruler consta de cinco baldosas de 1 pie cuadrado cada una, elaboradas con gran precisi\u00f3n, que pueden encajarse r\u00e1pidamente para formar una referencia a escala de 5 \u00d7 1 pie. Los azulejos alternan entre naranja y negro para que sean f\u00e1cilmente visibles en las im\u00e1genes a\u00e9reas y las transmisiones en directo de los drones. Esta referencia visual permite a los operadores y al software escalar f\u00e1cilmente los objetos y verificar las mediciones durante los an\u00e1lisis de fotogrametr\u00eda o topograf\u00eda. Las baldosas pueden montarse en menos de 60 segundos y desmontarse en 30 segundos, lo que resulta ideal para el trabajo r\u00e1pido sobre el terreno.<\/p>\n<p><a href=\"https:\/\/koningdrone.nl\/wp-content\/uploads\/2024\/12\/Hoodman-Sky-Ruler-Scaling-Tool.webp\"><img loading=\"lazy\" decoding=\"async\" class=\"size-medium wp-image-471046 aligncenter\" src=\"https:\/\/koningdrone.nl\/wp-content\/uploads\/2024\/12\/Hoodman-Sky-Ruler-Scaling-Tool-300x300.webp\" alt=\"Hoodman Sky Ruler Scaling Tool\" width=\"300\" height=\"300\" \/><\/a><\/p>\n<h4>Calidad de construcci\u00f3n y dise\u00f1o<\/h4>\n<p>Las baldosas est\u00e1n fabricadas con un pol\u00edmero termopl\u00e1stico extremadamente duradero que puede soportar un uso intensivo en diversos entornos. El material est\u00e1 estabilizado a los rayos UV para que los colores sigan brillando incluso con una exposici\u00f3n prolongada a la luz solar. A pesar de su robusta construcci\u00f3n, el sistema sigue siendo relativamente ligero y f\u00e1cil de transportar. El juego completo viene con una robusta bolsa de transporte de 12 \u00d7 12 \u00d7 3 pulgadas, para que las baldosas puedan guardarse de forma segura y compacta durante el transporte.<\/p>\n<h4>Por qu\u00e9 lo necesita<\/h4>\n<p>Para los profesionales que trabajan con cartograf\u00eda con drones, inspecciones o an\u00e1lisis geoespaciales, una referencia de escala fiable es crucial para realizar mediciones precisas. La Hoodman Sky Ruler ofrece una soluci\u00f3n r\u00e1pida, duradera y muy visible para verificar la escala de las im\u00e1genes a\u00e9reas. Esto la convierte en una herramienta indispensable para cualquiera que trabaje con drones y fotogrametr\u00eda profesionales.<\/p>","protected":false},"excerpt":{"rendered":"<ul>\n<li>Gran visibilidad gracias al contraste de los azulejos naranja y negro para un reconocimiento claro en im\u00e1genes a\u00e9reas<\/li>\n<li>Consta de 5 baldosas precisas de 1 pie\u00b2 que forman una referencia a escala de 5 \u00d7 1 pie<\/li>\n<li>Montaje r\u00e1pido en menos de 60 segundos gracias al dise\u00f1o de encaje a presi\u00f3n<\/li>\n<li>Fabricado en pol\u00edmero termopl\u00e1stico duradero con colores resistentes a los rayos UV<\/li>\n<li>Incluye un estuche compacto para transportarlo y guardarlo f\u00e1cilmente<\/li>\n<\/ul>","protected":false},"featured_media":18071,"template":"","meta":{"_acf_changed":false},"product_brand":[],"product_cat":[1852],"product_tag":[],"class_list":{"0":"post-1398","1":"product","2":"type-product","3":"status-publish","4":"has-post-thumbnail","6":"product_cat-hoodman-accessoires","7":"product_shipping_class-outofstock","8":"pa_brand-hoodman","9":"pa_producttype-meetgereedschap","11":"first","12":"outofstock","13":"taxable","14":"shipping-taxable","15":"purchasable","16":"product-type-simple"},"acf":[],"yoast_head":"<!-- This site is optimized with the Yoast SEO Premium plugin v27.2 (Yoast SEO v27.2) - https:\/\/yoast.com\/product\/yoast-seo-premium-wordpress\/ -->\n<title>Hoodman Sky Ruler Scaling Tool - koningdrone.be<\/title>\n<meta name=\"robots\" content=\"index, follow, max-snippet:-1, max-image-preview:large, max-video-preview:-1\" \/>\n<link rel=\"canonical\" href=\"https:\/\/koningdrone.be\/es\/producto\/hoodman-sky-ruler-scaling-tool\/\" \/>\n<meta property=\"og:locale\" content=\"es_ES\" \/>\n<meta property=\"og:type\" content=\"article\" \/>\n<meta property=\"og:title\" content=\"Hoodman Sky Ruler Scaling Tool\" \/>\n<meta property=\"og:description\" content=\"Hoge zichtbaarheid dankzij contrasterende oranje en zwarte tegels voor duidelijke herkenning in luchtbeelden  Bestaat uit 5 nauwkeurige 1-voet\u00b2 tegels die samen een schaalreferentie van 5 \u00d7 1 voet vormen  Snelle montage in minder dan 60 seconden dankzij het snap-together ontwerp  Gemaakt van duurzaam thermoplastisch polymeer met UV-bestendige kleuren  Inclusief compacte draagtas voor eenvoudig transport en opslag\" \/>\n<meta property=\"og:url\" content=\"https:\/\/koningdrone.be\/es\/producto\/hoodman-sky-ruler-scaling-tool\/\" \/>\n<meta property=\"og:site_name\" content=\"koningdrone.be\" \/>\n<meta property=\"article:modified_time\" content=\"2026-05-16T14:00:09+00:00\" \/>\n<meta property=\"og:image\" content=\"https:\/\/koningdrone.be\/wp-content\/uploads\/sites\/13\/2026\/03\/Hoodman-Sky-Ruler-Scaling-Tool.webp\" \/>\n\t<meta property=\"og:image:width\" content=\"2048\" \/>\n\t<meta property=\"og:image:height\" content=\"2048\" \/>\n\t<meta property=\"og:image:type\" content=\"image\/webp\" \/>\n<meta name=\"twitter:card\" content=\"summary_large_image\" \/>\n<meta name=\"twitter:label1\" content=\"Tiempo de lectura\" \/>\n\t<meta name=\"twitter:data1\" content=\"2 minutos\" \/>\n<script type=\"application\/ld+json\" class=\"yoast-schema-graph\">{\"@context\":\"https:\/\/schema.org\",\"@graph\":[{\"@type\":\"WebPage\",\"@id\":\"https:\/\/koningdrone.be\/product\/hoodman-sky-ruler-scaling-tool\/\",\"url\":\"https:\/\/koningdrone.be\/product\/hoodman-sky-ruler-scaling-tool\/\",\"name\":\"Hoodman Sky Ruler Scaling Tool - koningdrone.be\",\"isPartOf\":{\"@id\":\"https:\/\/koningdrone.be\/#website\"},\"primaryImageOfPage\":{\"@id\":\"https:\/\/koningdrone.be\/product\/hoodman-sky-ruler-scaling-tool\/#primaryimage\"},\"image\":{\"@id\":\"https:\/\/koningdrone.be\/product\/hoodman-sky-ruler-scaling-tool\/#primaryimage\"},\"thumbnailUrl\":\"https:\/\/koningdrone.be\/wp-content\/uploads\/sites\/13\/2026\/03\/Hoodman-Sky-Ruler-Scaling-Tool.webp\",\"datePublished\":\"2024-12-10T10:10:09+00:00\",\"dateModified\":\"2026-05-16T14:00:09+00:00\",\"breadcrumb\":{\"@id\":\"https:\/\/koningdrone.be\/product\/hoodman-sky-ruler-scaling-tool\/#breadcrumb\"},\"inLanguage\":\"es\",\"potentialAction\":[{\"@type\":\"ReadAction\",\"target\":[\"https:\/\/koningdrone.be\/product\/hoodman-sky-ruler-scaling-tool\/\"]}]},{\"@type\":\"ImageObject\",\"inLanguage\":\"es\",\"@id\":\"https:\/\/koningdrone.be\/product\/hoodman-sky-ruler-scaling-tool\/#primaryimage\",\"url\":\"https:\/\/koningdrone.be\/wp-content\/uploads\/sites\/13\/2026\/03\/Hoodman-Sky-Ruler-Scaling-Tool.webp\",\"contentUrl\":\"https:\/\/koningdrone.be\/wp-content\/uploads\/sites\/13\/2026\/03\/Hoodman-Sky-Ruler-Scaling-Tool.webp\",\"width\":2048,\"height\":2048},{\"@type\":\"BreadcrumbList\",\"@id\":\"https:\/\/koningdrone.be\/product\/hoodman-sky-ruler-scaling-tool\/#breadcrumb\",\"itemListElement\":[{\"@type\":\"ListItem\",\"position\":1,\"name\":\"Home\",\"item\":\"https:\/\/koningdrone.be\/\"},{\"@type\":\"ListItem\",\"position\":2,\"name\":\"AVSS Parachute Recovery System for DJI Matrice 300\/350\",\"item\":\"https:\/\/koningdrone.be\/product\/avss-parachute-recovery-system-for-dji-matrice-300-350\/\"},{\"@type\":\"ListItem\",\"position\":3,\"name\":\"Hoodman-accessoires\",\"item\":\"https:\/\/koningdrone.be\/categorie\/hoodman-accessoires\/\"},{\"@type\":\"ListItem\",\"position\":4,\"name\":\"Hoodman Sky Ruler Scaling Tool\"}]},{\"@type\":\"WebSite\",\"@id\":\"https:\/\/koningdrone.be\/#website\",\"url\":\"https:\/\/koningdrone.be\/\",\"name\":\"Koningdrone.be - Uw online specialist in drones, gimbals, camera's en power stations.\",\"description\":\"De webshop in drones en gimbals\",\"publisher\":{\"@id\":\"https:\/\/koningdrone.be\/#organization\"},\"potentialAction\":[{\"@type\":\"SearchAction\",\"target\":{\"@type\":\"EntryPoint\",\"urlTemplate\":\"https:\/\/koningdrone.be\/?s={search_term_string}\"},\"query-input\":{\"@type\":\"PropertyValueSpecification\",\"valueRequired\":true,\"valueName\":\"search_term_string\"}}],\"inLanguage\":\"es\"},{\"@type\":\"Organization\",\"@id\":\"https:\/\/koningdrone.be\/#organization\",\"name\":\"Koningdrone.be\",\"url\":\"https:\/\/koningdrone.be\/\",\"logo\":{\"@type\":\"ImageObject\",\"inLanguage\":\"es\",\"@id\":\"https:\/\/koningdrone.be\/#\/schema\/logo\/image\/\",\"url\":\"https:\/\/koningdrone.be\/wp-content\/uploads\/sites\/13\/2025\/04\/koningdrone-copyright-logo.svg\",\"contentUrl\":\"https:\/\/koningdrone.be\/wp-content\/uploads\/sites\/13\/2025\/04\/koningdrone-copyright-logo.svg\",\"width\":227,\"height\":38,\"caption\":\"Koningdrone.be\"},\"image\":{\"@id\":\"https:\/\/koningdrone.be\/#\/schema\/logo\/image\/\"}}]}<\/script>\n<!-- \/ Yoast SEO Premium plugin. -->","yoast_head_json":{"title":"Hoodman Sky Ruler Scaling Tool - koningdrone.be","robots":{"index":"index","follow":"follow","max-snippet":"max-snippet:-1","max-image-preview":"max-image-preview:large","max-video-preview":"max-video-preview:-1"},"canonical":"https:\/\/koningdrone.be\/es\/producto\/hoodman-sky-ruler-scaling-tool\/","og_locale":"es_ES","og_type":"article","og_title":"Hoodman Sky Ruler Scaling Tool","og_description":"Hoge zichtbaarheid dankzij contrasterende oranje en zwarte tegels voor duidelijke herkenning in luchtbeelden  Bestaat uit 5 nauwkeurige 1-voet\u00b2 tegels die samen een schaalreferentie van 5 \u00d7 1 voet vormen  Snelle montage in minder dan 60 seconden dankzij het snap-together ontwerp  Gemaakt van duurzaam thermoplastisch polymeer met UV-bestendige kleuren  Inclusief compacte draagtas voor eenvoudig transport en opslag","og_url":"https:\/\/koningdrone.be\/es\/producto\/hoodman-sky-ruler-scaling-tool\/","og_site_name":"koningdrone.be","article_modified_time":"2026-05-16T14:00:09+00:00","og_image":[{"width":2048,"height":2048,"url":"https:\/\/koningdrone.be\/wp-content\/uploads\/sites\/13\/2026\/03\/Hoodman-Sky-Ruler-Scaling-Tool.webp","type":"image\/webp"}],"twitter_card":"summary_large_image","twitter_misc":{"Tiempo de lectura":"2 minutos"},"schema":{"@context":"https:\/\/schema.org","@graph":[{"@type":"WebPage","@id":"https:\/\/koningdrone.be\/product\/hoodman-sky-ruler-scaling-tool\/","url":"https:\/\/koningdrone.be\/product\/hoodman-sky-ruler-scaling-tool\/","name":"Hoodman Sky Ruler Scaling Tool - koningdrone.be","isPartOf":{"@id":"https:\/\/koningdrone.be\/#website"},"primaryImageOfPage":{"@id":"https:\/\/koningdrone.be\/product\/hoodman-sky-ruler-scaling-tool\/#primaryimage"},"image":{"@id":"https:\/\/koningdrone.be\/product\/hoodman-sky-ruler-scaling-tool\/#primaryimage"},"thumbnailUrl":"https:\/\/koningdrone.be\/wp-content\/uploads\/sites\/13\/2026\/03\/Hoodman-Sky-Ruler-Scaling-Tool.webp","datePublished":"2024-12-10T10:10:09+00:00","dateModified":"2026-05-16T14:00:09+00:00","breadcrumb":{"@id":"https:\/\/koningdrone.be\/product\/hoodman-sky-ruler-scaling-tool\/#breadcrumb"},"inLanguage":"es","potentialAction":[{"@type":"ReadAction","target":["https:\/\/koningdrone.be\/product\/hoodman-sky-ruler-scaling-tool\/"]}]},{"@type":"ImageObject","inLanguage":"es","@id":"https:\/\/koningdrone.be\/product\/hoodman-sky-ruler-scaling-tool\/#primaryimage","url":"https:\/\/koningdrone.be\/wp-content\/uploads\/sites\/13\/2026\/03\/Hoodman-Sky-Ruler-Scaling-Tool.webp","contentUrl":"https:\/\/koningdrone.be\/wp-content\/uploads\/sites\/13\/2026\/03\/Hoodman-Sky-Ruler-Scaling-Tool.webp","width":2048,"height":2048},{"@type":"BreadcrumbList","@id":"https:\/\/koningdrone.be\/product\/hoodman-sky-ruler-scaling-tool\/#breadcrumb","itemListElement":[{"@type":"ListItem","position":1,"name":"Home","item":"https:\/\/koningdrone.be\/"},{"@type":"ListItem","position":2,"name":"AVSS Parachute Recovery System for DJI Matrice 300\/350","item":"https:\/\/koningdrone.be\/product\/avss-parachute-recovery-system-for-dji-matrice-300-350\/"},{"@type":"ListItem","position":3,"name":"Hoodman-accessoires","item":"https:\/\/koningdrone.be\/categorie\/hoodman-accessoires\/"},{"@type":"ListItem","position":4,"name":"Hoodman Sky Ruler Scaling Tool"}]},{"@type":"WebSite","@id":"https:\/\/koningdrone.be\/#website","url":"https:\/\/koningdrone.be\/","name":"Koningdrone.be - Su especialista en l\u00ednea en drones, cardanes, c\u00e1maras y centrales el\u00e9ctricas.","description":"La tienda virtual de drones y cardanes","publisher":{"@id":"https:\/\/koningdrone.be\/#organization"},"potentialAction":[{"@type":"SearchAction","target":{"@type":"EntryPoint","urlTemplate":"https:\/\/koningdrone.be\/?s={search_term_string}"},"query-input":{"@type":"PropertyValueSpecification","valueRequired":true,"valueName":"search_term_string"}}],"inLanguage":"es"},{"@type":"Organization","@id":"https:\/\/koningdrone.be\/#organization","name":"Kingdrone.es","url":"https:\/\/koningdrone.be\/","logo":{"@type":"ImageObject","inLanguage":"es","@id":"https:\/\/koningdrone.be\/#\/schema\/logo\/image\/","url":"https:\/\/koningdrone.be\/wp-content\/uploads\/sites\/13\/2025\/04\/koningdrone-copyright-logo.svg","contentUrl":"https:\/\/koningdrone.be\/wp-content\/uploads\/sites\/13\/2025\/04\/koningdrone-copyright-logo.svg","width":227,"height":38,"caption":"Koningdrone.be"},"image":{"@id":"https:\/\/koningdrone.be\/#\/schema\/logo\/image\/"}}]}},"df_price":109,"df_sale_price":"","df_regular_price":109,"df_image_link":"https:\/\/koningdrone.be\/wp-content\/uploads\/sites\/13\/2026\/03\/Hoodman-Sky-Ruler-Scaling-Tool-300x300.webp","_links":{"self":[{"href":"https:\/\/koningdrone.be\/es\/wp-json\/wp\/v2\/product\/1398","targetHints":{"allow":["GET"]}}],"collection":[{"href":"https:\/\/koningdrone.be\/es\/wp-json\/wp\/v2\/product"}],"about":[{"href":"https:\/\/koningdrone.be\/es\/wp-json\/wp\/v2\/types\/product"}],"wp:featuredmedia":[{"embeddable":true,"href":"https:\/\/koningdrone.be\/es\/wp-json\/wp\/v2\/media\/18071"}],"wp:attachment":[{"href":"https:\/\/koningdrone.be\/es\/wp-json\/wp\/v2\/media?parent=1398"}],"wp:term":[{"taxonomy":"product_brand","embeddable":true,"href":"https:\/\/koningdrone.be\/es\/wp-json\/wp\/v2\/product_brand?post=1398"},{"taxonomy":"product_cat","embeddable":true,"href":"https:\/\/koningdrone.be\/es\/wp-json\/wp\/v2\/product_cat?post=1398"},{"taxonomy":"product_tag","embeddable":true,"href":"https:\/\/koningdrone.be\/es\/wp-json\/wp\/v2\/product_tag?post=1398"}],"curies":[{"name":"wp","href":"https:\/\/api.w.org\/{rel}","templated":true}]}}