{"id":1388,"date":"2024-12-24T11:27:43","date_gmt":"2024-12-24T10:27:43","guid":{"rendered":"https:\/\/koningdrone.nl\/kon\/product\/dronertk-ntrip-jaarabonnement-inclusief-m2m-simkaart\/"},"modified":"2026-04-30T05:20:14","modified_gmt":"2026-04-30T03:20:14","slug":"dronertk-ntrip-jaarabonnement-inclusief-m2m-simkaart","status":"publish","type":"product","link":"https:\/\/koningdrone.be\/es\/producto\/dronertk-ntrip-jaarabonnement-inclusief-m2m-simkaart\/","title":{"rendered":"DroneRTK NTRIP Suscripci\u00f3n anual que incluye tarjeta SIM M2M"},"content":{"rendered":"<p>DroneRTK es una suscripci\u00f3n NTRIP para y por especialistas en drones, ofrecida por DroneLand.<\/p>\n<p>Los drones se utilizan cada vez m\u00e1s para aplicaciones cartogr\u00e1ficas y topogr\u00e1ficas. Normalmente, se necesitan puntos de control terrestre (GCP) para corregir posteriormente el modelo 2D o 3D y obtener un modelo preciso y en las coordenadas correctas. Sin embargo, dispositivos como el DJI Phantom 4 RTK y el DJI Matrice 210 RTK V2, mediante el uso de una suscripci\u00f3n NTRIP, pueden corregir su ubicaci\u00f3n en tiempo real mientras vuelan, para obtener la precisi\u00f3n de hasta cent\u00edmetros al instante. Gracias a esta correcci\u00f3n en tiempo real, la ubicaci\u00f3n GPS almacenada en los metadatos de la imagen es instant\u00e1neamente la ubicaci\u00f3n exacta, lo que significa que al procesar los datos en un modelo 2D o 3D, (virtualmente) ya no necesitas Puntos de Control Terrestre. Esto ahorra mucho trabajo en el flujo de trabajo y garantiza una gran precisi\u00f3n del modelo.<\/p>\n<p>Desde DroneLand, ofrecemos DroneRTK, una suscripci\u00f3n NTRIP especial para operadores de drones.<\/p>\n<p>\u00bfCu\u00e1les son las caracter\u00edsticas espec\u00edficas de DroneRTK?<\/p>\n<ul>\n<li>Cobertura en toda Europa (en el momento de redactar este documento+- 1400 estaciones base)<\/li>\n<li>Alta precisi\u00f3n &lt;1,5CM<\/li>\n<li>Compatibilidad total con Galileo, GPS y Glonass<\/li>\n<li>Tarifas muy ventajosas<\/li>\n<li>Bloqueable por mes o por a\u00f1o<\/li>\n<li>Tarjeta SIM M2M Data de KPN para una conexi\u00f3n estable<\/li>\n<li>Acceda a la aplicaci\u00f3n para supervisar sus cuentas y obtener una visi\u00f3n general de todas las estaciones base.<\/li>\n<\/ul>\n<p>&nbsp;<\/p>","protected":false},"excerpt":{"rendered":"<ul>\n<li>Compatibilidad de precisi\u00f3n: cada h\u00e9lice est\u00e1 dise\u00f1ada espec\u00edficamente para el dron Autel Alpha, lo que garantiza un ajuste y un funcionamiento perfectos.<\/li>\n<\/ul>","protected":false},"featured_media":1387,"template":"","meta":{"_acf_changed":false},"product_brand":[],"product_cat":[97,180],"product_tag":[],"class_list":{"0":"post-1388","1":"product","2":"type-product","3":"status-publish","4":"has-post-thumbnail","6":"product_cat-alle-producten","7":"product_cat-autel-alpha","8":"product_shipping_class-outofstock","9":"pa_brand-autel","10":"pa_producttype-schroeven","11":"pa_series-alpha","13":"first","14":"outofstock","15":"taxable","16":"shipping-taxable","17":"product-type-simple"},"acf":[],"yoast_head":"<!-- This site is optimized with the Yoast SEO Premium plugin v27.2 (Yoast SEO v27.2) - https:\/\/yoast.com\/product\/yoast-seo-premium-wordpress\/ -->\n<title>DroneRTK NTRIP Jaarabonnement Inclusief M2M Simkaart - koningdrone.be<\/title>\n<meta name=\"robots\" content=\"index, follow, max-snippet:-1, max-image-preview:large, max-video-preview:-1\" \/>\n<link rel=\"canonical\" href=\"https:\/\/koningdrone.be\/es\/producto\/dronertk-ntrip-jaarabonnement-inclusief-m2m-simkaart\/\" \/>\n<meta property=\"og:locale\" content=\"es_ES\" \/>\n<meta property=\"og:type\" content=\"article\" \/>\n<meta property=\"og:title\" content=\"DroneRTK NTRIP Jaarabonnement Inclusief M2M Simkaart\" \/>\n<meta property=\"og:description\" content=\"Precisiecompatibiliteit: elke propeller is speciaal ontworpen voor de Autel Alpha-drone, wat een perfecte pasvorm en functie garandeert.\" \/>\n<meta property=\"og:url\" content=\"https:\/\/koningdrone.be\/es\/producto\/dronertk-ntrip-jaarabonnement-inclusief-m2m-simkaart\/\" \/>\n<meta property=\"og:site_name\" content=\"koningdrone.be\" \/>\n<meta property=\"article:modified_time\" content=\"2026-04-30T03:20:14+00:00\" \/>\n<meta property=\"og:image\" content=\"https:\/\/koningdrone.be\/wp-content\/uploads\/sites\/13\/2025\/04\/droneland-drone-rtk.png\" \/>\n\t<meta property=\"og:image:width\" content=\"699\" \/>\n\t<meta property=\"og:image:height\" content=\"698\" \/>\n\t<meta property=\"og:image:type\" content=\"image\/png\" \/>\n<meta name=\"twitter:card\" content=\"summary_large_image\" \/>\n<meta name=\"twitter:label1\" content=\"Tiempo de lectura\" \/>\n\t<meta name=\"twitter:data1\" content=\"1 minuto\" \/>\n<script type=\"application\/ld+json\" class=\"yoast-schema-graph\">{\"@context\":\"https:\/\/schema.org\",\"@graph\":[{\"@type\":\"WebPage\",\"@id\":\"https:\/\/koningdrone.be\/product\/dronertk-ntrip-jaarabonnement-inclusief-m2m-simkaart\/\",\"url\":\"https:\/\/koningdrone.be\/product\/dronertk-ntrip-jaarabonnement-inclusief-m2m-simkaart\/\",\"name\":\"DroneRTK NTRIP Jaarabonnement Inclusief M2M Simkaart - koningdrone.be\",\"isPartOf\":{\"@id\":\"https:\/\/koningdrone.be\/#website\"},\"primaryImageOfPage\":{\"@id\":\"https:\/\/koningdrone.be\/product\/dronertk-ntrip-jaarabonnement-inclusief-m2m-simkaart\/#primaryimage\"},\"image\":{\"@id\":\"https:\/\/koningdrone.be\/product\/dronertk-ntrip-jaarabonnement-inclusief-m2m-simkaart\/#primaryimage\"},\"thumbnailUrl\":\"https:\/\/koningdrone.be\/wp-content\/uploads\/sites\/13\/2025\/04\/droneland-drone-rtk.png\",\"datePublished\":\"2024-12-24T10:27:43+00:00\",\"dateModified\":\"2026-04-30T03:20:14+00:00\",\"breadcrumb\":{\"@id\":\"https:\/\/koningdrone.be\/product\/dronertk-ntrip-jaarabonnement-inclusief-m2m-simkaart\/#breadcrumb\"},\"inLanguage\":\"es\",\"potentialAction\":[{\"@type\":\"ReadAction\",\"target\":[\"https:\/\/koningdrone.be\/product\/dronertk-ntrip-jaarabonnement-inclusief-m2m-simkaart\/\"]}]},{\"@type\":\"ImageObject\",\"inLanguage\":\"es\",\"@id\":\"https:\/\/koningdrone.be\/product\/dronertk-ntrip-jaarabonnement-inclusief-m2m-simkaart\/#primaryimage\",\"url\":\"https:\/\/koningdrone.be\/wp-content\/uploads\/sites\/13\/2025\/04\/droneland-drone-rtk.png\",\"contentUrl\":\"https:\/\/koningdrone.be\/wp-content\/uploads\/sites\/13\/2025\/04\/droneland-drone-rtk.png\",\"width\":699,\"height\":698},{\"@type\":\"BreadcrumbList\",\"@id\":\"https:\/\/koningdrone.be\/product\/dronertk-ntrip-jaarabonnement-inclusief-m2m-simkaart\/#breadcrumb\",\"itemListElement\":[{\"@type\":\"ListItem\",\"position\":1,\"name\":\"Home\",\"item\":\"https:\/\/koningdrone.be\/\"},{\"@type\":\"ListItem\",\"position\":2,\"name\":\"AVSS Parachute Recovery System for DJI Matrice 300\/350\",\"item\":\"https:\/\/koningdrone.be\/product\/avss-parachute-recovery-system-for-dji-matrice-300-350\/\"},{\"@type\":\"ListItem\",\"position\":3,\"name\":\"Alle producten\",\"item\":\"https:\/\/koningdrone.be\/categorie\/alle-producten\/\"},{\"@type\":\"ListItem\",\"position\":4,\"name\":\"DroneRTK NTRIP Jaarabonnement Inclusief M2M Simkaart\"}]},{\"@type\":\"WebSite\",\"@id\":\"https:\/\/koningdrone.be\/#website\",\"url\":\"https:\/\/koningdrone.be\/\",\"name\":\"Koningdrone.be - Uw online specialist in drones, gimbals, camera's en power stations.\",\"description\":\"De webshop in drones en gimbals\",\"publisher\":{\"@id\":\"https:\/\/koningdrone.be\/#organization\"},\"potentialAction\":[{\"@type\":\"SearchAction\",\"target\":{\"@type\":\"EntryPoint\",\"urlTemplate\":\"https:\/\/koningdrone.be\/?s={search_term_string}\"},\"query-input\":{\"@type\":\"PropertyValueSpecification\",\"valueRequired\":true,\"valueName\":\"search_term_string\"}}],\"inLanguage\":\"es\"},{\"@type\":\"Organization\",\"@id\":\"https:\/\/koningdrone.be\/#organization\",\"name\":\"Koningdrone.be\",\"url\":\"https:\/\/koningdrone.be\/\",\"logo\":{\"@type\":\"ImageObject\",\"inLanguage\":\"es\",\"@id\":\"https:\/\/koningdrone.be\/#\/schema\/logo\/image\/\",\"url\":\"https:\/\/koningdrone.be\/wp-content\/uploads\/sites\/13\/2025\/04\/koningdrone-copyright-logo.svg\",\"contentUrl\":\"https:\/\/koningdrone.be\/wp-content\/uploads\/sites\/13\/2025\/04\/koningdrone-copyright-logo.svg\",\"width\":227,\"height\":38,\"caption\":\"Koningdrone.be\"},\"image\":{\"@id\":\"https:\/\/koningdrone.be\/#\/schema\/logo\/image\/\"}}]}<\/script>\n<!-- \/ Yoast SEO Premium plugin. -->","yoast_head_json":{"title":"DroneRTK NTRIP Jaarabonnement Inclusief M2M Simkaart - koningdrone.be","robots":{"index":"index","follow":"follow","max-snippet":"max-snippet:-1","max-image-preview":"max-image-preview:large","max-video-preview":"max-video-preview:-1"},"canonical":"https:\/\/koningdrone.be\/es\/producto\/dronertk-ntrip-jaarabonnement-inclusief-m2m-simkaart\/","og_locale":"es_ES","og_type":"article","og_title":"DroneRTK NTRIP Jaarabonnement Inclusief M2M Simkaart","og_description":"Precisiecompatibiliteit: elke propeller is speciaal ontworpen voor de Autel Alpha-drone, wat een perfecte pasvorm en functie garandeert.","og_url":"https:\/\/koningdrone.be\/es\/producto\/dronertk-ntrip-jaarabonnement-inclusief-m2m-simkaart\/","og_site_name":"koningdrone.be","article_modified_time":"2026-04-30T03:20:14+00:00","og_image":[{"width":699,"height":698,"url":"https:\/\/koningdrone.be\/wp-content\/uploads\/sites\/13\/2025\/04\/droneland-drone-rtk.png","type":"image\/png"}],"twitter_card":"summary_large_image","twitter_misc":{"Tiempo de lectura":"1 minuto"},"schema":{"@context":"https:\/\/schema.org","@graph":[{"@type":"WebPage","@id":"https:\/\/koningdrone.be\/product\/dronertk-ntrip-jaarabonnement-inclusief-m2m-simkaart\/","url":"https:\/\/koningdrone.be\/product\/dronertk-ntrip-jaarabonnement-inclusief-m2m-simkaart\/","name":"DroneRTK NTRIP Jaarabonnement Inclusief M2M Simkaart - koningdrone.be","isPartOf":{"@id":"https:\/\/koningdrone.be\/#website"},"primaryImageOfPage":{"@id":"https:\/\/koningdrone.be\/product\/dronertk-ntrip-jaarabonnement-inclusief-m2m-simkaart\/#primaryimage"},"image":{"@id":"https:\/\/koningdrone.be\/product\/dronertk-ntrip-jaarabonnement-inclusief-m2m-simkaart\/#primaryimage"},"thumbnailUrl":"https:\/\/koningdrone.be\/wp-content\/uploads\/sites\/13\/2025\/04\/droneland-drone-rtk.png","datePublished":"2024-12-24T10:27:43+00:00","dateModified":"2026-04-30T03:20:14+00:00","breadcrumb":{"@id":"https:\/\/koningdrone.be\/product\/dronertk-ntrip-jaarabonnement-inclusief-m2m-simkaart\/#breadcrumb"},"inLanguage":"es","potentialAction":[{"@type":"ReadAction","target":["https:\/\/koningdrone.be\/product\/dronertk-ntrip-jaarabonnement-inclusief-m2m-simkaart\/"]}]},{"@type":"ImageObject","inLanguage":"es","@id":"https:\/\/koningdrone.be\/product\/dronertk-ntrip-jaarabonnement-inclusief-m2m-simkaart\/#primaryimage","url":"https:\/\/koningdrone.be\/wp-content\/uploads\/sites\/13\/2025\/04\/droneland-drone-rtk.png","contentUrl":"https:\/\/koningdrone.be\/wp-content\/uploads\/sites\/13\/2025\/04\/droneland-drone-rtk.png","width":699,"height":698},{"@type":"BreadcrumbList","@id":"https:\/\/koningdrone.be\/product\/dronertk-ntrip-jaarabonnement-inclusief-m2m-simkaart\/#breadcrumb","itemListElement":[{"@type":"ListItem","position":1,"name":"Home","item":"https:\/\/koningdrone.be\/"},{"@type":"ListItem","position":2,"name":"AVSS Parachute Recovery System for DJI Matrice 300\/350","item":"https:\/\/koningdrone.be\/product\/avss-parachute-recovery-system-for-dji-matrice-300-350\/"},{"@type":"ListItem","position":3,"name":"Alle producten","item":"https:\/\/koningdrone.be\/categorie\/alle-producten\/"},{"@type":"ListItem","position":4,"name":"DroneRTK NTRIP Jaarabonnement Inclusief M2M Simkaart"}]},{"@type":"WebSite","@id":"https:\/\/koningdrone.be\/#website","url":"https:\/\/koningdrone.be\/","name":"Koningdrone.be - Su especialista en l\u00ednea en drones, cardanes, c\u00e1maras y centrales el\u00e9ctricas.","description":"La tienda virtual de drones y cardanes","publisher":{"@id":"https:\/\/koningdrone.be\/#organization"},"potentialAction":[{"@type":"SearchAction","target":{"@type":"EntryPoint","urlTemplate":"https:\/\/koningdrone.be\/?s={search_term_string}"},"query-input":{"@type":"PropertyValueSpecification","valueRequired":true,"valueName":"search_term_string"}}],"inLanguage":"es"},{"@type":"Organization","@id":"https:\/\/koningdrone.be\/#organization","name":"Kingdrone.es","url":"https:\/\/koningdrone.be\/","logo":{"@type":"ImageObject","inLanguage":"es","@id":"https:\/\/koningdrone.be\/#\/schema\/logo\/image\/","url":"https:\/\/koningdrone.be\/wp-content\/uploads\/sites\/13\/2025\/04\/koningdrone-copyright-logo.svg","contentUrl":"https:\/\/koningdrone.be\/wp-content\/uploads\/sites\/13\/2025\/04\/koningdrone-copyright-logo.svg","width":227,"height":38,"caption":"Koningdrone.be"},"image":{"@id":"https:\/\/koningdrone.be\/#\/schema\/logo\/image\/"}}]}},"df_price":"","df_sale_price":"","df_regular_price":"","df_image_link":"https:\/\/koningdrone.be\/wp-content\/uploads\/sites\/13\/2025\/04\/droneland-drone-rtk-300x300.png","_links":{"self":[{"href":"https:\/\/koningdrone.be\/es\/wp-json\/wp\/v2\/product\/1388","targetHints":{"allow":["GET"]}}],"collection":[{"href":"https:\/\/koningdrone.be\/es\/wp-json\/wp\/v2\/product"}],"about":[{"href":"https:\/\/koningdrone.be\/es\/wp-json\/wp\/v2\/types\/product"}],"wp:featuredmedia":[{"embeddable":true,"href":"https:\/\/koningdrone.be\/es\/wp-json\/wp\/v2\/media\/1387"}],"wp:attachment":[{"href":"https:\/\/koningdrone.be\/es\/wp-json\/wp\/v2\/media?parent=1388"}],"wp:term":[{"taxonomy":"product_brand","embeddable":true,"href":"https:\/\/koningdrone.be\/es\/wp-json\/wp\/v2\/product_brand?post=1388"},{"taxonomy":"product_cat","embeddable":true,"href":"https:\/\/koningdrone.be\/es\/wp-json\/wp\/v2\/product_cat?post=1388"},{"taxonomy":"product_tag","embeddable":true,"href":"https:\/\/koningdrone.be\/es\/wp-json\/wp\/v2\/product_tag?post=1388"}],"curies":[{"name":"wp","href":"https:\/\/api.w.org\/{rel}","templated":true}]}}