{"id":1365,"date":"2025-01-28T10:01:23","date_gmt":"2025-01-28T10:01:23","guid":{"rendered":"https:\/\/koningdrone.nl\/kon\/product\/skyfend-blader-sps100-2\/"},"modified":"2025-04-29T11:14:09","modified_gmt":"2025-04-29T11:14:09","slug":"skyfend-blader-sps100-2","status":"publish","type":"product","link":"https:\/\/koningdrone.be\/es\/producto\/skyfend-blader-sps100-2\/","title":{"rendered":"Skyfend - Blader - SPS100"},"content":{"rendered":"<p>El Skyfend Blader SPS100 es un inhibidor de drones port\u00e1til dise\u00f1ado para interrumpir las operaciones de veh\u00edculos a\u00e9reos no tripulados. Cuenta con un sistema de interferencia multifrecuencia dirigido a canales de comunicaci\u00f3n cr\u00edticos, como el control de vuelo, la transmisi\u00f3n de im\u00e1genes y las se\u00f1ales GNSS, que neutraliza eficazmente los drones no autorizados. Este sistema es especialmente \u00fatil para evitar incursiones no autorizadas de drones en zonas sensibles. El dispositivo es compacto, lo que facilita su despliegue en diversos entornos, y es compatible con modelos de UAV civiles y comerciales. Est\u00e1 dise\u00f1ado para aplicaciones de seguridad en las que es necesaria la mitigaci\u00f3n de drones.<\/p>","protected":false},"excerpt":{"rendered":"<ul>\n<li>Bloqueador port\u00e1til antidrones<\/li>\n<li>Alcance de interferencia: 1,5 km<\/li>\n<li>Cobertura total: varias bandas de frecuencia (868 MHz, 915 MHz, 1,2 GHz, 2,4 GHz, etc.)<\/li>\n<li>Alcance de detecci\u00f3n: 2 km para RF<\/li>\n<li>Alcance de la suplantaci\u00f3n: 2 km para GNSS<\/li>\n<li>Registro de eventos: S\u00ed<\/li>\n<li>Clasificaci\u00f3n IP65: resistente al polvo y al agua<\/li>\n<li>Peso: ~4 kg<\/li>\n<li>Gama de temperaturas: de -20\u00b0C a +55\u00b0C<\/li>\n<\/ul>","protected":false},"featured_media":1196,"template":"","meta":{"_acf_changed":false},"product_brand":[],"product_cat":[97,142],"product_tag":[],"class_list":{"0":"post-1365","1":"product","2":"type-product","3":"status-publish","4":"has-post-thumbnail","6":"product_cat-alle-producten","7":"product_cat-skyfend","8":"pa_brand-skyfend","9":"pa_producttype-jamming-device","11":"first","12":"outofstock","13":"taxable","14":"shipping-taxable","15":"product-type-simple"},"acf":[],"yoast_head":"<!-- This site is optimized with the Yoast SEO Premium plugin v27.2 (Yoast SEO v27.2) - https:\/\/yoast.com\/product\/yoast-seo-premium-wordpress\/ -->\n<title>Skyfend - Blader - SPS100 - koningdrone.be<\/title>\n<meta name=\"robots\" content=\"index, follow, max-snippet:-1, max-image-preview:large, max-video-preview:-1\" \/>\n<link rel=\"canonical\" href=\"https:\/\/koningdrone.be\/es\/producto\/skyfend-blader-sps100-2\/\" \/>\n<meta property=\"og:locale\" content=\"es_ES\" \/>\n<meta property=\"og:type\" content=\"article\" \/>\n<meta property=\"og:title\" content=\"Skyfend - Blader - SPS100\" \/>\n<meta property=\"og:description\" content=\"Portable Anti-Drone JammerJamming Range: 1.5 kmFull Coverage: Multiple frequency bands (868 MHz, 915 MHz, 1.2 GHz, 2.4 GHz, and more)Detection Range: 2 km for RFSpoofing Range: 2 km for GNSSEvent Logging: YesIP65 Rated: Dustproof and water-resistantWeight: ~4 kgTemperature Range: -20\u00b0C to +55\u00b0C\" \/>\n<meta property=\"og:url\" content=\"https:\/\/koningdrone.be\/es\/producto\/skyfend-blader-sps100-2\/\" \/>\n<meta property=\"og:site_name\" content=\"koningdrone.be\" \/>\n<meta property=\"article:modified_time\" content=\"2025-04-29T11:14:09+00:00\" \/>\n<meta property=\"og:image\" content=\"https:\/\/koningdrone.be\/wp-content\/uploads\/sites\/13\/2025\/04\/21.png\" \/>\n\t<meta property=\"og:image:width\" content=\"1500\" \/>\n\t<meta property=\"og:image:height\" content=\"1500\" \/>\n\t<meta property=\"og:image:type\" content=\"image\/png\" \/>\n<meta name=\"twitter:card\" content=\"summary_large_image\" \/>\n<script type=\"application\/ld+json\" class=\"yoast-schema-graph\">{\"@context\":\"https:\/\/schema.org\",\"@graph\":[{\"@type\":\"WebPage\",\"@id\":\"https:\/\/koningdrone.be\/product\/skyfend-blader-sps100-2\/\",\"url\":\"https:\/\/koningdrone.be\/product\/skyfend-blader-sps100-2\/\",\"name\":\"Skyfend - Blader - SPS100 - koningdrone.be\",\"isPartOf\":{\"@id\":\"https:\/\/koningdrone.be\/#website\"},\"primaryImageOfPage\":{\"@id\":\"https:\/\/koningdrone.be\/product\/skyfend-blader-sps100-2\/#primaryimage\"},\"image\":{\"@id\":\"https:\/\/koningdrone.be\/product\/skyfend-blader-sps100-2\/#primaryimage\"},\"thumbnailUrl\":\"https:\/\/koningdrone.be\/wp-content\/uploads\/sites\/13\/2025\/04\/21.png\",\"datePublished\":\"2025-01-28T10:01:23+00:00\",\"dateModified\":\"2025-04-29T11:14:09+00:00\",\"breadcrumb\":{\"@id\":\"https:\/\/koningdrone.be\/product\/skyfend-blader-sps100-2\/#breadcrumb\"},\"inLanguage\":\"es\",\"potentialAction\":[{\"@type\":\"ReadAction\",\"target\":[\"https:\/\/koningdrone.be\/product\/skyfend-blader-sps100-2\/\"]}]},{\"@type\":\"ImageObject\",\"inLanguage\":\"es\",\"@id\":\"https:\/\/koningdrone.be\/product\/skyfend-blader-sps100-2\/#primaryimage\",\"url\":\"https:\/\/koningdrone.be\/wp-content\/uploads\/sites\/13\/2025\/04\/21.png\",\"contentUrl\":\"https:\/\/koningdrone.be\/wp-content\/uploads\/sites\/13\/2025\/04\/21.png\",\"width\":1500,\"height\":1500},{\"@type\":\"BreadcrumbList\",\"@id\":\"https:\/\/koningdrone.be\/product\/skyfend-blader-sps100-2\/#breadcrumb\",\"itemListElement\":[{\"@type\":\"ListItem\",\"position\":1,\"name\":\"Home\",\"item\":\"https:\/\/koningdrone.be\/\"},{\"@type\":\"ListItem\",\"position\":2,\"name\":\"AVSS Parachute Recovery System for DJI Matrice 300\/350\",\"item\":\"https:\/\/koningdrone.be\/product\/avss-parachute-recovery-system-for-dji-matrice-300-350\/\"},{\"@type\":\"ListItem\",\"position\":3,\"name\":\"Alle producten\",\"item\":\"https:\/\/koningdrone.be\/categorie\/alle-producten\/\"},{\"@type\":\"ListItem\",\"position\":4,\"name\":\"Skyfend &#8211; Blader &#8211; SPS100\"}]},{\"@type\":\"WebSite\",\"@id\":\"https:\/\/koningdrone.be\/#website\",\"url\":\"https:\/\/koningdrone.be\/\",\"name\":\"Koningdrone.be - Uw online specialist in drones, gimbals, camera's en power stations.\",\"description\":\"De webshop in drones en gimbals\",\"publisher\":{\"@id\":\"https:\/\/koningdrone.be\/#organization\"},\"potentialAction\":[{\"@type\":\"SearchAction\",\"target\":{\"@type\":\"EntryPoint\",\"urlTemplate\":\"https:\/\/koningdrone.be\/?s={search_term_string}\"},\"query-input\":{\"@type\":\"PropertyValueSpecification\",\"valueRequired\":true,\"valueName\":\"search_term_string\"}}],\"inLanguage\":\"es\"},{\"@type\":\"Organization\",\"@id\":\"https:\/\/koningdrone.be\/#organization\",\"name\":\"Koningdrone.be\",\"url\":\"https:\/\/koningdrone.be\/\",\"logo\":{\"@type\":\"ImageObject\",\"inLanguage\":\"es\",\"@id\":\"https:\/\/koningdrone.be\/#\/schema\/logo\/image\/\",\"url\":\"https:\/\/koningdrone.be\/wp-content\/uploads\/sites\/13\/2025\/04\/koningdrone-copyright-logo.svg\",\"contentUrl\":\"https:\/\/koningdrone.be\/wp-content\/uploads\/sites\/13\/2025\/04\/koningdrone-copyright-logo.svg\",\"width\":227,\"height\":38,\"caption\":\"Koningdrone.be\"},\"image\":{\"@id\":\"https:\/\/koningdrone.be\/#\/schema\/logo\/image\/\"}}]}<\/script>\n<!-- \/ Yoast SEO Premium plugin. -->","yoast_head_json":{"title":"Skyfend - Blader - SPS100 - koningdrone.be","robots":{"index":"index","follow":"follow","max-snippet":"max-snippet:-1","max-image-preview":"max-image-preview:large","max-video-preview":"max-video-preview:-1"},"canonical":"https:\/\/koningdrone.be\/es\/producto\/skyfend-blader-sps100-2\/","og_locale":"es_ES","og_type":"article","og_title":"Skyfend - Blader - SPS100","og_description":"Portable Anti-Drone JammerJamming Range: 1.5 kmFull Coverage: Multiple frequency bands (868 MHz, 915 MHz, 1.2 GHz, 2.4 GHz, and more)Detection Range: 2 km for RFSpoofing Range: 2 km for GNSSEvent Logging: YesIP65 Rated: Dustproof and water-resistantWeight: ~4 kgTemperature Range: -20\u00b0C to +55\u00b0C","og_url":"https:\/\/koningdrone.be\/es\/producto\/skyfend-blader-sps100-2\/","og_site_name":"koningdrone.be","article_modified_time":"2025-04-29T11:14:09+00:00","og_image":[{"width":1500,"height":1500,"url":"https:\/\/koningdrone.be\/wp-content\/uploads\/sites\/13\/2025\/04\/21.png","type":"image\/png"}],"twitter_card":"summary_large_image","schema":{"@context":"https:\/\/schema.org","@graph":[{"@type":"WebPage","@id":"https:\/\/koningdrone.be\/product\/skyfend-blader-sps100-2\/","url":"https:\/\/koningdrone.be\/product\/skyfend-blader-sps100-2\/","name":"Skyfend - Blader - SPS100 - koningdrone.be","isPartOf":{"@id":"https:\/\/koningdrone.be\/#website"},"primaryImageOfPage":{"@id":"https:\/\/koningdrone.be\/product\/skyfend-blader-sps100-2\/#primaryimage"},"image":{"@id":"https:\/\/koningdrone.be\/product\/skyfend-blader-sps100-2\/#primaryimage"},"thumbnailUrl":"https:\/\/koningdrone.be\/wp-content\/uploads\/sites\/13\/2025\/04\/21.png","datePublished":"2025-01-28T10:01:23+00:00","dateModified":"2025-04-29T11:14:09+00:00","breadcrumb":{"@id":"https:\/\/koningdrone.be\/product\/skyfend-blader-sps100-2\/#breadcrumb"},"inLanguage":"es","potentialAction":[{"@type":"ReadAction","target":["https:\/\/koningdrone.be\/product\/skyfend-blader-sps100-2\/"]}]},{"@type":"ImageObject","inLanguage":"es","@id":"https:\/\/koningdrone.be\/product\/skyfend-blader-sps100-2\/#primaryimage","url":"https:\/\/koningdrone.be\/wp-content\/uploads\/sites\/13\/2025\/04\/21.png","contentUrl":"https:\/\/koningdrone.be\/wp-content\/uploads\/sites\/13\/2025\/04\/21.png","width":1500,"height":1500},{"@type":"BreadcrumbList","@id":"https:\/\/koningdrone.be\/product\/skyfend-blader-sps100-2\/#breadcrumb","itemListElement":[{"@type":"ListItem","position":1,"name":"Home","item":"https:\/\/koningdrone.be\/"},{"@type":"ListItem","position":2,"name":"AVSS Parachute Recovery System for DJI Matrice 300\/350","item":"https:\/\/koningdrone.be\/product\/avss-parachute-recovery-system-for-dji-matrice-300-350\/"},{"@type":"ListItem","position":3,"name":"Alle producten","item":"https:\/\/koningdrone.be\/categorie\/alle-producten\/"},{"@type":"ListItem","position":4,"name":"Skyfend &#8211; Blader &#8211; SPS100"}]},{"@type":"WebSite","@id":"https:\/\/koningdrone.be\/#website","url":"https:\/\/koningdrone.be\/","name":"Koningdrone.be - Su especialista en l\u00ednea en drones, cardanes, c\u00e1maras y centrales el\u00e9ctricas.","description":"La tienda virtual de drones y cardanes","publisher":{"@id":"https:\/\/koningdrone.be\/#organization"},"potentialAction":[{"@type":"SearchAction","target":{"@type":"EntryPoint","urlTemplate":"https:\/\/koningdrone.be\/?s={search_term_string}"},"query-input":{"@type":"PropertyValueSpecification","valueRequired":true,"valueName":"search_term_string"}}],"inLanguage":"es"},{"@type":"Organization","@id":"https:\/\/koningdrone.be\/#organization","name":"Kingdrone.es","url":"https:\/\/koningdrone.be\/","logo":{"@type":"ImageObject","inLanguage":"es","@id":"https:\/\/koningdrone.be\/#\/schema\/logo\/image\/","url":"https:\/\/koningdrone.be\/wp-content\/uploads\/sites\/13\/2025\/04\/koningdrone-copyright-logo.svg","contentUrl":"https:\/\/koningdrone.be\/wp-content\/uploads\/sites\/13\/2025\/04\/koningdrone-copyright-logo.svg","width":227,"height":38,"caption":"Koningdrone.be"},"image":{"@id":"https:\/\/koningdrone.be\/#\/schema\/logo\/image\/"}}]}},"df_price":"","df_sale_price":"","df_regular_price":"","df_image_link":"https:\/\/koningdrone.be\/wp-content\/uploads\/sites\/13\/2025\/04\/21-300x300.png","_links":{"self":[{"href":"https:\/\/koningdrone.be\/es\/wp-json\/wp\/v2\/product\/1365","targetHints":{"allow":["GET"]}}],"collection":[{"href":"https:\/\/koningdrone.be\/es\/wp-json\/wp\/v2\/product"}],"about":[{"href":"https:\/\/koningdrone.be\/es\/wp-json\/wp\/v2\/types\/product"}],"wp:featuredmedia":[{"embeddable":true,"href":"https:\/\/koningdrone.be\/es\/wp-json\/wp\/v2\/media\/1196"}],"wp:attachment":[{"href":"https:\/\/koningdrone.be\/es\/wp-json\/wp\/v2\/media?parent=1365"}],"wp:term":[{"taxonomy":"product_brand","embeddable":true,"href":"https:\/\/koningdrone.be\/es\/wp-json\/wp\/v2\/product_brand?post=1365"},{"taxonomy":"product_cat","embeddable":true,"href":"https:\/\/koningdrone.be\/es\/wp-json\/wp\/v2\/product_cat?post=1365"},{"taxonomy":"product_tag","embeddable":true,"href":"https:\/\/koningdrone.be\/es\/wp-json\/wp\/v2\/product_tag?post=1365"}],"curies":[{"name":"wp","href":"https:\/\/api.w.org\/{rel}","templated":true}]}}