{"id":1354,"date":"2025-01-28T10:06:33","date_gmt":"2025-01-28T09:06:33","guid":{"rendered":"https:\/\/koningdrone.nl\/kon\/product\/jzdrones-t60s-matrix-lamp\/"},"modified":"2026-04-29T04:51:08","modified_gmt":"2026-04-29T02:51:08","slug":"jzdrones-t60s-matrix-lamp","status":"publish","type":"product","link":"https:\/\/koningdrone.be\/es\/producto\/jzdrones-t60s-matrix-lamp\/","title":{"rendered":"JZdrones T60s L\u00c1MPARA MATRIZ"},"content":{"rendered":"<p>La l\u00e1mpara JZ T60S Matrix es una soluci\u00f3n de iluminaci\u00f3n de alta calidad dise\u00f1ada para los drones de la serie DJI Matrice 30. La l\u00e1mpara tiene un foco de 60 W con un \u00e1ngulo de haz de 16\u00b0 y proporciona una iluminaci\u00f3n uniforme a distancias de m\u00e1s de 150 metros. La l\u00e1mpara admite modos de ajuste de brillo, r\u00e1faga de luz intensa y flash, todos ellos controlables a trav\u00e9s de DJI Pilot 2. El sistema de montaje de liberaci\u00f3n r\u00e1pida y el card\u00e1n orientable garantizan una integraci\u00f3n perfecta con el dron, por lo que es ideal para b\u00fasqueda y rescate, vigilancia y otras aplicaciones profesionales.<\/p>","protected":false},"excerpt":{"rendered":"<ul>\n<li>Proporciona una potente iluminaci\u00f3n de 60 W, ideal para aplicaciones profesionales.<\/li>\n<li>Tiene un \u00e1ngulo de haz de 16\u00b0 para una iluminaci\u00f3n espec\u00edfica y eficaz.<\/li>\n<li>Admite brillo ajustable y m\u00faltiples modos de luz para diferentes escenarios.<\/li>\n<li>Se integra f\u00e1cilmente con los drones de la serie DJI Matrice 30 mediante un montaje de liberaci\u00f3n r\u00e1pida.<\/li>\n<li>Perfecto para b\u00fasqueda y rescate, vigilancia y otras operaciones cr\u00edticas.<\/li>\n<\/ul>","protected":false},"featured_media":1352,"template":"","meta":{"_acf_changed":false},"product_brand":[],"product_cat":[126,97,149,150],"product_tag":[],"class_list":{"0":"post-1354","1":"product","2":"type-product","3":"status-publish","4":"has-post-thumbnail","6":"product_cat-alle-payloads","7":"product_cat-alle-producten","8":"product_cat-dji-matrice-30","9":"product_cat-jzdrones","10":"product_shipping_class-outofstock","11":"pa_brand-jzdrones","12":"pa_producttype-lamp","14":"first","15":"outofstock","16":"taxable","17":"shipping-taxable","18":"product-type-simple"},"acf":[],"yoast_head":"<!-- This site is optimized with the Yoast SEO Premium plugin v27.2 (Yoast SEO v27.2) - https:\/\/yoast.com\/product\/yoast-seo-premium-wordpress\/ -->\n<title>JZdrones T60s MATRIX LAMP - koningdrone.be<\/title>\n<meta name=\"robots\" content=\"index, follow, max-snippet:-1, max-image-preview:large, max-video-preview:-1\" \/>\n<link rel=\"canonical\" href=\"https:\/\/koningdrone.be\/es\/producto\/jzdrones-t60s-matrix-lamp\/\" \/>\n<meta property=\"og:locale\" content=\"es_ES\" \/>\n<meta property=\"og:type\" content=\"article\" \/>\n<meta property=\"og:title\" content=\"JZdrones T60s MATRIX LAMP\" \/>\n<meta property=\"og:description\" content=\"Biedt krachtige verlichting van 60 W, ideaal voor professionele toepassingen.Heeft een stralingshoek van 16\u00b0 voor gerichte en effici\u00ebnte verlichting.Ondersteunt instelbare helderheid en meerdere lichtstanden voor verschillende scenario&#039;s.Integreert eenvoudig met DJI Matrice 30-serie drones met behulp van quick-release montage.Perfect voor zoek- en reddingsacties, bewaking en andere kritieke operaties.\" \/>\n<meta property=\"og:url\" content=\"https:\/\/koningdrone.be\/es\/producto\/jzdrones-t60s-matrix-lamp\/\" \/>\n<meta property=\"og:site_name\" content=\"koningdrone.be\" \/>\n<meta property=\"article:modified_time\" content=\"2026-04-29T02:51:08+00:00\" \/>\n<meta property=\"og:image\" content=\"https:\/\/koningdrone.be\/wp-content\/uploads\/sites\/13\/2025\/04\/T60S1.webp\" \/>\n\t<meta property=\"og:image:width\" content=\"795\" \/>\n\t<meta property=\"og:image:height\" content=\"633\" \/>\n\t<meta property=\"og:image:type\" content=\"image\/webp\" \/>\n<meta name=\"twitter:card\" content=\"summary_large_image\" \/>\n<script type=\"application\/ld+json\" class=\"yoast-schema-graph\">{\"@context\":\"https:\/\/schema.org\",\"@graph\":[{\"@type\":\"WebPage\",\"@id\":\"https:\/\/koningdrone.be\/product\/jzdrones-t60s-matrix-lamp\/\",\"url\":\"https:\/\/koningdrone.be\/product\/jzdrones-t60s-matrix-lamp\/\",\"name\":\"JZdrones T60s MATRIX LAMP - koningdrone.be\",\"isPartOf\":{\"@id\":\"https:\/\/koningdrone.be\/#website\"},\"primaryImageOfPage\":{\"@id\":\"https:\/\/koningdrone.be\/product\/jzdrones-t60s-matrix-lamp\/#primaryimage\"},\"image\":{\"@id\":\"https:\/\/koningdrone.be\/product\/jzdrones-t60s-matrix-lamp\/#primaryimage\"},\"thumbnailUrl\":\"https:\/\/koningdrone.be\/wp-content\/uploads\/sites\/13\/2025\/04\/T60S1.webp\",\"datePublished\":\"2025-01-28T09:06:33+00:00\",\"dateModified\":\"2026-04-29T02:51:08+00:00\",\"breadcrumb\":{\"@id\":\"https:\/\/koningdrone.be\/product\/jzdrones-t60s-matrix-lamp\/#breadcrumb\"},\"inLanguage\":\"es\",\"potentialAction\":[{\"@type\":\"ReadAction\",\"target\":[\"https:\/\/koningdrone.be\/product\/jzdrones-t60s-matrix-lamp\/\"]}]},{\"@type\":\"ImageObject\",\"inLanguage\":\"es\",\"@id\":\"https:\/\/koningdrone.be\/product\/jzdrones-t60s-matrix-lamp\/#primaryimage\",\"url\":\"https:\/\/koningdrone.be\/wp-content\/uploads\/sites\/13\/2025\/04\/T60S1.webp\",\"contentUrl\":\"https:\/\/koningdrone.be\/wp-content\/uploads\/sites\/13\/2025\/04\/T60S1.webp\",\"width\":795,\"height\":633},{\"@type\":\"BreadcrumbList\",\"@id\":\"https:\/\/koningdrone.be\/product\/jzdrones-t60s-matrix-lamp\/#breadcrumb\",\"itemListElement\":[{\"@type\":\"ListItem\",\"position\":1,\"name\":\"Home\",\"item\":\"https:\/\/koningdrone.be\/\"},{\"@type\":\"ListItem\",\"position\":2,\"name\":\"AVSS Parachute Recovery System for DJI Matrice 300\/350\",\"item\":\"https:\/\/koningdrone.be\/product\/avss-parachute-recovery-system-for-dji-matrice-300-350\/\"},{\"@type\":\"ListItem\",\"position\":3,\"name\":\"Alle payloads\",\"item\":\"https:\/\/koningdrone.be\/categorie\/alle-payloads\/\"},{\"@type\":\"ListItem\",\"position\":4,\"name\":\"JZdrones T60s MATRIX LAMP\"}]},{\"@type\":\"WebSite\",\"@id\":\"https:\/\/koningdrone.be\/#website\",\"url\":\"https:\/\/koningdrone.be\/\",\"name\":\"Koningdrone.be - Uw online specialist in drones, gimbals, camera's en power stations.\",\"description\":\"De webshop in drones en gimbals\",\"publisher\":{\"@id\":\"https:\/\/koningdrone.be\/#organization\"},\"potentialAction\":[{\"@type\":\"SearchAction\",\"target\":{\"@type\":\"EntryPoint\",\"urlTemplate\":\"https:\/\/koningdrone.be\/?s={search_term_string}\"},\"query-input\":{\"@type\":\"PropertyValueSpecification\",\"valueRequired\":true,\"valueName\":\"search_term_string\"}}],\"inLanguage\":\"es\"},{\"@type\":\"Organization\",\"@id\":\"https:\/\/koningdrone.be\/#organization\",\"name\":\"Koningdrone.be\",\"url\":\"https:\/\/koningdrone.be\/\",\"logo\":{\"@type\":\"ImageObject\",\"inLanguage\":\"es\",\"@id\":\"https:\/\/koningdrone.be\/#\/schema\/logo\/image\/\",\"url\":\"https:\/\/koningdrone.be\/wp-content\/uploads\/sites\/13\/2025\/04\/koningdrone-copyright-logo.svg\",\"contentUrl\":\"https:\/\/koningdrone.be\/wp-content\/uploads\/sites\/13\/2025\/04\/koningdrone-copyright-logo.svg\",\"width\":227,\"height\":38,\"caption\":\"Koningdrone.be\"},\"image\":{\"@id\":\"https:\/\/koningdrone.be\/#\/schema\/logo\/image\/\"}}]}<\/script>\n<!-- \/ Yoast SEO Premium plugin. -->","yoast_head_json":{"title":"JZdrones T60s MATRIX LAMP - koningdrone.be","robots":{"index":"index","follow":"follow","max-snippet":"max-snippet:-1","max-image-preview":"max-image-preview:large","max-video-preview":"max-video-preview:-1"},"canonical":"https:\/\/koningdrone.be\/es\/producto\/jzdrones-t60s-matrix-lamp\/","og_locale":"es_ES","og_type":"article","og_title":"JZdrones T60s MATRIX LAMP","og_description":"Biedt krachtige verlichting van 60 W, ideaal voor professionele toepassingen.Heeft een stralingshoek van 16\u00b0 voor gerichte en effici\u00ebnte verlichting.Ondersteunt instelbare helderheid en meerdere lichtstanden voor verschillende scenario's.Integreert eenvoudig met DJI Matrice 30-serie drones met behulp van quick-release montage.Perfect voor zoek- en reddingsacties, bewaking en andere kritieke operaties.","og_url":"https:\/\/koningdrone.be\/es\/producto\/jzdrones-t60s-matrix-lamp\/","og_site_name":"koningdrone.be","article_modified_time":"2026-04-29T02:51:08+00:00","og_image":[{"width":795,"height":633,"url":"https:\/\/koningdrone.be\/wp-content\/uploads\/sites\/13\/2025\/04\/T60S1.webp","type":"image\/webp"}],"twitter_card":"summary_large_image","schema":{"@context":"https:\/\/schema.org","@graph":[{"@type":"WebPage","@id":"https:\/\/koningdrone.be\/product\/jzdrones-t60s-matrix-lamp\/","url":"https:\/\/koningdrone.be\/product\/jzdrones-t60s-matrix-lamp\/","name":"JZdrones T60s MATRIX LAMP - koningdrone.be","isPartOf":{"@id":"https:\/\/koningdrone.be\/#website"},"primaryImageOfPage":{"@id":"https:\/\/koningdrone.be\/product\/jzdrones-t60s-matrix-lamp\/#primaryimage"},"image":{"@id":"https:\/\/koningdrone.be\/product\/jzdrones-t60s-matrix-lamp\/#primaryimage"},"thumbnailUrl":"https:\/\/koningdrone.be\/wp-content\/uploads\/sites\/13\/2025\/04\/T60S1.webp","datePublished":"2025-01-28T09:06:33+00:00","dateModified":"2026-04-29T02:51:08+00:00","breadcrumb":{"@id":"https:\/\/koningdrone.be\/product\/jzdrones-t60s-matrix-lamp\/#breadcrumb"},"inLanguage":"es","potentialAction":[{"@type":"ReadAction","target":["https:\/\/koningdrone.be\/product\/jzdrones-t60s-matrix-lamp\/"]}]},{"@type":"ImageObject","inLanguage":"es","@id":"https:\/\/koningdrone.be\/product\/jzdrones-t60s-matrix-lamp\/#primaryimage","url":"https:\/\/koningdrone.be\/wp-content\/uploads\/sites\/13\/2025\/04\/T60S1.webp","contentUrl":"https:\/\/koningdrone.be\/wp-content\/uploads\/sites\/13\/2025\/04\/T60S1.webp","width":795,"height":633},{"@type":"BreadcrumbList","@id":"https:\/\/koningdrone.be\/product\/jzdrones-t60s-matrix-lamp\/#breadcrumb","itemListElement":[{"@type":"ListItem","position":1,"name":"Home","item":"https:\/\/koningdrone.be\/"},{"@type":"ListItem","position":2,"name":"AVSS Parachute Recovery System for DJI Matrice 300\/350","item":"https:\/\/koningdrone.be\/product\/avss-parachute-recovery-system-for-dji-matrice-300-350\/"},{"@type":"ListItem","position":3,"name":"Alle payloads","item":"https:\/\/koningdrone.be\/categorie\/alle-payloads\/"},{"@type":"ListItem","position":4,"name":"JZdrones T60s MATRIX LAMP"}]},{"@type":"WebSite","@id":"https:\/\/koningdrone.be\/#website","url":"https:\/\/koningdrone.be\/","name":"Koningdrone.be - Su especialista en l\u00ednea en drones, cardanes, c\u00e1maras y centrales el\u00e9ctricas.","description":"La tienda virtual de drones y cardanes","publisher":{"@id":"https:\/\/koningdrone.be\/#organization"},"potentialAction":[{"@type":"SearchAction","target":{"@type":"EntryPoint","urlTemplate":"https:\/\/koningdrone.be\/?s={search_term_string}"},"query-input":{"@type":"PropertyValueSpecification","valueRequired":true,"valueName":"search_term_string"}}],"inLanguage":"es"},{"@type":"Organization","@id":"https:\/\/koningdrone.be\/#organization","name":"Kingdrone.es","url":"https:\/\/koningdrone.be\/","logo":{"@type":"ImageObject","inLanguage":"es","@id":"https:\/\/koningdrone.be\/#\/schema\/logo\/image\/","url":"https:\/\/koningdrone.be\/wp-content\/uploads\/sites\/13\/2025\/04\/koningdrone-copyright-logo.svg","contentUrl":"https:\/\/koningdrone.be\/wp-content\/uploads\/sites\/13\/2025\/04\/koningdrone-copyright-logo.svg","width":227,"height":38,"caption":"Koningdrone.be"},"image":{"@id":"https:\/\/koningdrone.be\/#\/schema\/logo\/image\/"}}]}},"df_price":"","df_sale_price":"","df_regular_price":"","df_image_link":"https:\/\/koningdrone.be\/wp-content\/uploads\/sites\/13\/2025\/04\/T60S1-300x239.webp","_links":{"self":[{"href":"https:\/\/koningdrone.be\/es\/wp-json\/wp\/v2\/product\/1354","targetHints":{"allow":["GET"]}}],"collection":[{"href":"https:\/\/koningdrone.be\/es\/wp-json\/wp\/v2\/product"}],"about":[{"href":"https:\/\/koningdrone.be\/es\/wp-json\/wp\/v2\/types\/product"}],"wp:featuredmedia":[{"embeddable":true,"href":"https:\/\/koningdrone.be\/es\/wp-json\/wp\/v2\/media\/1352"}],"wp:attachment":[{"href":"https:\/\/koningdrone.be\/es\/wp-json\/wp\/v2\/media?parent=1354"}],"wp:term":[{"taxonomy":"product_brand","embeddable":true,"href":"https:\/\/koningdrone.be\/es\/wp-json\/wp\/v2\/product_brand?post=1354"},{"taxonomy":"product_cat","embeddable":true,"href":"https:\/\/koningdrone.be\/es\/wp-json\/wp\/v2\/product_cat?post=1354"},{"taxonomy":"product_tag","embeddable":true,"href":"https:\/\/koningdrone.be\/es\/wp-json\/wp\/v2\/product_tag?post=1354"}],"curies":[{"name":"wp","href":"https:\/\/api.w.org\/{rel}","templated":true}]}}