{"id":1291,"date":"2025-01-28T10:06:33","date_gmt":"2025-01-28T09:06:33","guid":{"rendered":"https:\/\/koningdrone.nl\/kon\/product\/jzdrones-pt2-muiti-use-drop-kit\/"},"modified":"2026-04-29T04:51:00","modified_gmt":"2026-04-29T02:51:00","slug":"jzdrones-pt2-muiti-use-drop-kit","status":"publish","type":"product","link":"https:\/\/koningdrone.be\/es\/producto\/jzdrones-pt2-muiti-use-drop-kit\/","title":{"rendered":"JZdrones PT2 MUITI-USE DROP KIT"},"content":{"rendered":"<p>El Multi-Use Drop Kit PT2 es un vers\u00e1til accesorio para drones dise\u00f1ado para soltar con precisi\u00f3n cargas \u00fatiles en vuelo. Compatible con varios drones DJI, este kit permite a los usuarios soltar objetos desde el aire de forma segura y precisa, por lo que es ideal para aplicaciones como topograf\u00eda, entregas y misiones de b\u00fasqueda y rescate. Con una instalaci\u00f3n sencilla y un rendimiento fiable, el kit de lanzamiento multiuso PT2 mejora las capacidades de tu dron para diversas tareas profesionales.<\/p>","protected":false},"excerpt":{"rendered":"<ul>\n<li>El kit de ca\u00edda multiuso PT2 permite una entrega precisa de la carga con las funciones de liberaci\u00f3n puntual y liberaci\u00f3n total con una sola tecla.<\/li>\n<li>Es compatible con una amplia gama de drones DJI, incluidos el Matrice 300 RTK y el Matrice 200 V2, lo que aumenta su versatilidad.<\/li>\n<li>El kit incluye un modo de instalaci\u00f3n r\u00e1pida, para una instalaci\u00f3n r\u00e1pida y sencilla durante las operaciones.<\/li>\n<li>Ofrece funcionalidad para ca\u00eddas de emergencia con una sencilla opci\u00f3n de extracci\u00f3n con un solo clic para una respuesta r\u00e1pida.<\/li>\n<li>Con la funci\u00f3n de cable de elevaci\u00f3n, la PT2 puede manejar f\u00e1cilmente cargas de hasta 2,5 kg.<\/li>\n<\/ul>","protected":false},"featured_media":1288,"template":"","meta":{"_acf_changed":false},"product_brand":[],"product_cat":[126,97,152,153,150],"product_tag":[],"class_list":{"0":"post-1291","1":"product","2":"type-product","3":"status-publish","4":"has-post-thumbnail","6":"product_cat-alle-payloads","7":"product_cat-alle-producten","8":"product_cat-dji-matrice-300","9":"product_cat-dji-matrice-350","10":"product_cat-jzdrones","11":"product_shipping_class-outofstock","12":"pa_brand-jzdrones","13":"pa_producttype-drop-kit","15":"first","16":"outofstock","17":"taxable","18":"shipping-taxable","19":"product-type-simple"},"acf":[],"yoast_head":"<!-- This site is optimized with the Yoast SEO Premium plugin v27.2 (Yoast SEO v27.2) - https:\/\/yoast.com\/product\/yoast-seo-premium-wordpress\/ -->\n<title>JZdrones PT2 MUITI-USE DROP KIT - koningdrone.be<\/title>\n<meta name=\"robots\" content=\"index, follow, max-snippet:-1, max-image-preview:large, max-video-preview:-1\" \/>\n<link rel=\"canonical\" href=\"https:\/\/koningdrone.be\/es\/producto\/jzdrones-pt2-muiti-use-drop-kit\/\" \/>\n<meta property=\"og:locale\" content=\"es_ES\" \/>\n<meta property=\"og:type\" content=\"article\" \/>\n<meta property=\"og:title\" content=\"JZdrones PT2 MUITI-USE DROP KIT\" \/>\n<meta property=\"og:description\" content=\"De Multi-Use Drop Kit PT2 maakt het mogelijk om nauwkeurig ladingen af te leveren met point release en one-key full release functies.Het ondersteunt een breed scala aan DJI drones, waaronder de Matrice 300 RTK en Matrice 200 V2, waardoor hun veelzijdigheid wordt vergroot.De kit bevat een quick-release installatiemodus, voor een snelle en eenvoudige installatie tijdens operaties.Het biedt functionaliteit voor nooddruppels met een eenvoudige verwijderoptie met \u00e9\u00e9n klik voor een snelle reactie.Met de hefkoordfunctie kan de PT2 gemakkelijk ladingen tot 2,5 kg hanteren.\" \/>\n<meta property=\"og:url\" content=\"https:\/\/koningdrone.be\/es\/producto\/jzdrones-pt2-muiti-use-drop-kit\/\" \/>\n<meta property=\"og:site_name\" content=\"koningdrone.be\" \/>\n<meta property=\"article:modified_time\" content=\"2026-04-29T02:51:00+00:00\" \/>\n<meta property=\"og:image\" content=\"https:\/\/koningdrone.be\/wp-content\/uploads\/sites\/13\/2025\/04\/PT21.webp\" \/>\n\t<meta property=\"og:image:width\" content=\"794\" \/>\n\t<meta property=\"og:image:height\" content=\"633\" \/>\n\t<meta property=\"og:image:type\" content=\"image\/webp\" \/>\n<meta name=\"twitter:card\" content=\"summary_large_image\" \/>\n<script type=\"application\/ld+json\" class=\"yoast-schema-graph\">{\"@context\":\"https:\/\/schema.org\",\"@graph\":[{\"@type\":\"WebPage\",\"@id\":\"https:\/\/koningdrone.be\/product\/jzdrones-pt2-muiti-use-drop-kit\/\",\"url\":\"https:\/\/koningdrone.be\/product\/jzdrones-pt2-muiti-use-drop-kit\/\",\"name\":\"JZdrones PT2 MUITI-USE DROP KIT - koningdrone.be\",\"isPartOf\":{\"@id\":\"https:\/\/koningdrone.be\/#website\"},\"primaryImageOfPage\":{\"@id\":\"https:\/\/koningdrone.be\/product\/jzdrones-pt2-muiti-use-drop-kit\/#primaryimage\"},\"image\":{\"@id\":\"https:\/\/koningdrone.be\/product\/jzdrones-pt2-muiti-use-drop-kit\/#primaryimage\"},\"thumbnailUrl\":\"https:\/\/koningdrone.be\/wp-content\/uploads\/sites\/13\/2025\/04\/PT21.webp\",\"datePublished\":\"2025-01-28T09:06:33+00:00\",\"dateModified\":\"2026-04-29T02:51:00+00:00\",\"breadcrumb\":{\"@id\":\"https:\/\/koningdrone.be\/product\/jzdrones-pt2-muiti-use-drop-kit\/#breadcrumb\"},\"inLanguage\":\"es\",\"potentialAction\":[{\"@type\":\"ReadAction\",\"target\":[\"https:\/\/koningdrone.be\/product\/jzdrones-pt2-muiti-use-drop-kit\/\"]}]},{\"@type\":\"ImageObject\",\"inLanguage\":\"es\",\"@id\":\"https:\/\/koningdrone.be\/product\/jzdrones-pt2-muiti-use-drop-kit\/#primaryimage\",\"url\":\"https:\/\/koningdrone.be\/wp-content\/uploads\/sites\/13\/2025\/04\/PT21.webp\",\"contentUrl\":\"https:\/\/koningdrone.be\/wp-content\/uploads\/sites\/13\/2025\/04\/PT21.webp\",\"width\":794,\"height\":633},{\"@type\":\"BreadcrumbList\",\"@id\":\"https:\/\/koningdrone.be\/product\/jzdrones-pt2-muiti-use-drop-kit\/#breadcrumb\",\"itemListElement\":[{\"@type\":\"ListItem\",\"position\":1,\"name\":\"Home\",\"item\":\"https:\/\/koningdrone.be\/\"},{\"@type\":\"ListItem\",\"position\":2,\"name\":\"AVSS Parachute Recovery System for DJI Matrice 300\/350\",\"item\":\"https:\/\/koningdrone.be\/product\/avss-parachute-recovery-system-for-dji-matrice-300-350\/\"},{\"@type\":\"ListItem\",\"position\":3,\"name\":\"Alle payloads\",\"item\":\"https:\/\/koningdrone.be\/categorie\/alle-payloads\/\"},{\"@type\":\"ListItem\",\"position\":4,\"name\":\"JZdrones PT2 MUITI-USE DROP KIT\"}]},{\"@type\":\"WebSite\",\"@id\":\"https:\/\/koningdrone.be\/#website\",\"url\":\"https:\/\/koningdrone.be\/\",\"name\":\"Koningdrone.be - Uw online specialist in drones, gimbals, camera's en power stations.\",\"description\":\"De webshop in drones en gimbals\",\"publisher\":{\"@id\":\"https:\/\/koningdrone.be\/#organization\"},\"potentialAction\":[{\"@type\":\"SearchAction\",\"target\":{\"@type\":\"EntryPoint\",\"urlTemplate\":\"https:\/\/koningdrone.be\/?s={search_term_string}\"},\"query-input\":{\"@type\":\"PropertyValueSpecification\",\"valueRequired\":true,\"valueName\":\"search_term_string\"}}],\"inLanguage\":\"es\"},{\"@type\":\"Organization\",\"@id\":\"https:\/\/koningdrone.be\/#organization\",\"name\":\"Koningdrone.be\",\"url\":\"https:\/\/koningdrone.be\/\",\"logo\":{\"@type\":\"ImageObject\",\"inLanguage\":\"es\",\"@id\":\"https:\/\/koningdrone.be\/#\/schema\/logo\/image\/\",\"url\":\"https:\/\/koningdrone.be\/wp-content\/uploads\/sites\/13\/2025\/04\/koningdrone-copyright-logo.svg\",\"contentUrl\":\"https:\/\/koningdrone.be\/wp-content\/uploads\/sites\/13\/2025\/04\/koningdrone-copyright-logo.svg\",\"width\":227,\"height\":38,\"caption\":\"Koningdrone.be\"},\"image\":{\"@id\":\"https:\/\/koningdrone.be\/#\/schema\/logo\/image\/\"}}]}<\/script>\n<!-- \/ Yoast SEO Premium plugin. -->","yoast_head_json":{"title":"JZdrones PT2 MUITI-USE DROP KIT - koningdrone.be","robots":{"index":"index","follow":"follow","max-snippet":"max-snippet:-1","max-image-preview":"max-image-preview:large","max-video-preview":"max-video-preview:-1"},"canonical":"https:\/\/koningdrone.be\/es\/producto\/jzdrones-pt2-muiti-use-drop-kit\/","og_locale":"es_ES","og_type":"article","og_title":"JZdrones PT2 MUITI-USE DROP KIT","og_description":"De Multi-Use Drop Kit PT2 maakt het mogelijk om nauwkeurig ladingen af te leveren met point release en one-key full release functies.Het ondersteunt een breed scala aan DJI drones, waaronder de Matrice 300 RTK en Matrice 200 V2, waardoor hun veelzijdigheid wordt vergroot.De kit bevat een quick-release installatiemodus, voor een snelle en eenvoudige installatie tijdens operaties.Het biedt functionaliteit voor nooddruppels met een eenvoudige verwijderoptie met \u00e9\u00e9n klik voor een snelle reactie.Met de hefkoordfunctie kan de PT2 gemakkelijk ladingen tot 2,5 kg hanteren.","og_url":"https:\/\/koningdrone.be\/es\/producto\/jzdrones-pt2-muiti-use-drop-kit\/","og_site_name":"koningdrone.be","article_modified_time":"2026-04-29T02:51:00+00:00","og_image":[{"width":794,"height":633,"url":"https:\/\/koningdrone.be\/wp-content\/uploads\/sites\/13\/2025\/04\/PT21.webp","type":"image\/webp"}],"twitter_card":"summary_large_image","schema":{"@context":"https:\/\/schema.org","@graph":[{"@type":"WebPage","@id":"https:\/\/koningdrone.be\/product\/jzdrones-pt2-muiti-use-drop-kit\/","url":"https:\/\/koningdrone.be\/product\/jzdrones-pt2-muiti-use-drop-kit\/","name":"JZdrones PT2 MUITI-USE DROP KIT - koningdrone.be","isPartOf":{"@id":"https:\/\/koningdrone.be\/#website"},"primaryImageOfPage":{"@id":"https:\/\/koningdrone.be\/product\/jzdrones-pt2-muiti-use-drop-kit\/#primaryimage"},"image":{"@id":"https:\/\/koningdrone.be\/product\/jzdrones-pt2-muiti-use-drop-kit\/#primaryimage"},"thumbnailUrl":"https:\/\/koningdrone.be\/wp-content\/uploads\/sites\/13\/2025\/04\/PT21.webp","datePublished":"2025-01-28T09:06:33+00:00","dateModified":"2026-04-29T02:51:00+00:00","breadcrumb":{"@id":"https:\/\/koningdrone.be\/product\/jzdrones-pt2-muiti-use-drop-kit\/#breadcrumb"},"inLanguage":"es","potentialAction":[{"@type":"ReadAction","target":["https:\/\/koningdrone.be\/product\/jzdrones-pt2-muiti-use-drop-kit\/"]}]},{"@type":"ImageObject","inLanguage":"es","@id":"https:\/\/koningdrone.be\/product\/jzdrones-pt2-muiti-use-drop-kit\/#primaryimage","url":"https:\/\/koningdrone.be\/wp-content\/uploads\/sites\/13\/2025\/04\/PT21.webp","contentUrl":"https:\/\/koningdrone.be\/wp-content\/uploads\/sites\/13\/2025\/04\/PT21.webp","width":794,"height":633},{"@type":"BreadcrumbList","@id":"https:\/\/koningdrone.be\/product\/jzdrones-pt2-muiti-use-drop-kit\/#breadcrumb","itemListElement":[{"@type":"ListItem","position":1,"name":"Home","item":"https:\/\/koningdrone.be\/"},{"@type":"ListItem","position":2,"name":"AVSS Parachute Recovery System for DJI Matrice 300\/350","item":"https:\/\/koningdrone.be\/product\/avss-parachute-recovery-system-for-dji-matrice-300-350\/"},{"@type":"ListItem","position":3,"name":"Alle payloads","item":"https:\/\/koningdrone.be\/categorie\/alle-payloads\/"},{"@type":"ListItem","position":4,"name":"JZdrones PT2 MUITI-USE DROP KIT"}]},{"@type":"WebSite","@id":"https:\/\/koningdrone.be\/#website","url":"https:\/\/koningdrone.be\/","name":"Koningdrone.be - Su especialista en l\u00ednea en drones, cardanes, c\u00e1maras y centrales el\u00e9ctricas.","description":"La tienda virtual de drones y cardanes","publisher":{"@id":"https:\/\/koningdrone.be\/#organization"},"potentialAction":[{"@type":"SearchAction","target":{"@type":"EntryPoint","urlTemplate":"https:\/\/koningdrone.be\/?s={search_term_string}"},"query-input":{"@type":"PropertyValueSpecification","valueRequired":true,"valueName":"search_term_string"}}],"inLanguage":"es"},{"@type":"Organization","@id":"https:\/\/koningdrone.be\/#organization","name":"Kingdrone.es","url":"https:\/\/koningdrone.be\/","logo":{"@type":"ImageObject","inLanguage":"es","@id":"https:\/\/koningdrone.be\/#\/schema\/logo\/image\/","url":"https:\/\/koningdrone.be\/wp-content\/uploads\/sites\/13\/2025\/04\/koningdrone-copyright-logo.svg","contentUrl":"https:\/\/koningdrone.be\/wp-content\/uploads\/sites\/13\/2025\/04\/koningdrone-copyright-logo.svg","width":227,"height":38,"caption":"Koningdrone.be"},"image":{"@id":"https:\/\/koningdrone.be\/#\/schema\/logo\/image\/"}}]}},"df_price":"","df_sale_price":"","df_regular_price":"","df_image_link":"https:\/\/koningdrone.be\/wp-content\/uploads\/sites\/13\/2025\/04\/PT21-300x239.webp","_links":{"self":[{"href":"https:\/\/koningdrone.be\/es\/wp-json\/wp\/v2\/product\/1291","targetHints":{"allow":["GET"]}}],"collection":[{"href":"https:\/\/koningdrone.be\/es\/wp-json\/wp\/v2\/product"}],"about":[{"href":"https:\/\/koningdrone.be\/es\/wp-json\/wp\/v2\/types\/product"}],"wp:featuredmedia":[{"embeddable":true,"href":"https:\/\/koningdrone.be\/es\/wp-json\/wp\/v2\/media\/1288"}],"wp:attachment":[{"href":"https:\/\/koningdrone.be\/es\/wp-json\/wp\/v2\/media?parent=1291"}],"wp:term":[{"taxonomy":"product_brand","embeddable":true,"href":"https:\/\/koningdrone.be\/es\/wp-json\/wp\/v2\/product_brand?post=1291"},{"taxonomy":"product_cat","embeddable":true,"href":"https:\/\/koningdrone.be\/es\/wp-json\/wp\/v2\/product_cat?post=1291"},{"taxonomy":"product_tag","embeddable":true,"href":"https:\/\/koningdrone.be\/es\/wp-json\/wp\/v2\/product_tag?post=1291"}],"curies":[{"name":"wp","href":"https:\/\/api.w.org\/{rel}","templated":true}]}}