{"id":1225,"date":"2025-01-28T10:06:42","date_gmt":"2025-01-28T09:06:42","guid":{"rendered":"https:\/\/koningdrone.nl\/kon\/product\/jzdrones-t10-matrix-lamp-mavic3c\/"},"modified":"2026-04-29T05:00:06","modified_gmt":"2026-04-29T03:00:06","slug":"jzdrones-t10-matrix-lamp-mavic3c","status":"publish","type":"product","link":"https:\/\/koningdrone.be\/es\/producto\/jzdrones-t10-matrix-lamp-mavic3c\/","title":{"rendered":"JZdrones T10 MATRIX LAMP-Mavic3C"},"content":{"rendered":"<p>L\u00c1MPARA MATRIZ T10-Mavic3C (Classic): La l\u00e1mpara T10 Matrix para Mavic 3 Classic est\u00e1 hecha para proporcionar una iluminaci\u00f3n eficiente y fiable para el dron Mavic 3 Classic. Con una instalaci\u00f3n sencilla y opciones de iluminaci\u00f3n vers\u00e1tiles, la l\u00e1mpara es perfecta para el uso diario del dron en diferentes condiciones de iluminaci\u00f3n. La l\u00e1mpara est\u00e1 optimizada para integrarse sin problemas con el Mavic 3 Classic y funcionar a la perfecci\u00f3n.<\/p>","protected":false},"excerpt":{"rendered":"<ul>\n<li>La l\u00e1mpara de matriz T10 proporciona una iluminaci\u00f3n potente y uniforme para diversas tareas.<\/li>\n<li>El dise\u00f1o compacto hace que la l\u00e1mpara sea ideal para espacios peque\u00f1os y uso port\u00e1til.<\/li>\n<li>Fabricada pensando en la durabilidad, la l\u00e1mpara garantiza un rendimiento duradero en condiciones exigentes.<\/li>\n<li>F\u00e1cil de instalar e integrar con sistemas compatibles.<\/li>\n<li>Perfecta para entornos profesionales en los que se requiere una iluminaci\u00f3n precisa.<\/li>\n<\/ul>","protected":false},"featured_media":1221,"template":"","meta":{"_acf_changed":false},"product_brand":[],"product_cat":[126,97,137,150],"product_tag":[],"class_list":{"0":"post-1225","1":"product","2":"type-product","3":"status-publish","4":"has-post-thumbnail","6":"product_cat-alle-payloads","7":"product_cat-alle-producten","8":"product_cat-dji-mavic-3","9":"product_cat-jzdrones","10":"product_shipping_class-outofstock","11":"pa_brand-jzdrones","12":"pa_producttype-lamp","14":"first","15":"outofstock","16":"taxable","17":"shipping-taxable","18":"product-type-simple"},"acf":[],"yoast_head":"<!-- This site is optimized with the Yoast SEO Premium plugin v27.2 (Yoast SEO v27.2) - https:\/\/yoast.com\/product\/yoast-seo-premium-wordpress\/ -->\n<title>JZdrones T10 MATRIX LAMP-Mavic3C - koningdrone.be<\/title>\n<meta name=\"robots\" content=\"index, follow, max-snippet:-1, max-image-preview:large, max-video-preview:-1\" \/>\n<link rel=\"canonical\" href=\"https:\/\/koningdrone.be\/es\/producto\/jzdrones-t10-matrix-lamp-mavic3c\/\" \/>\n<meta property=\"og:locale\" content=\"es_ES\" \/>\n<meta property=\"og:type\" content=\"article\" \/>\n<meta property=\"og:title\" content=\"JZdrones T10 MATRIX LAMP-Mavic3C\" \/>\n<meta property=\"og:description\" content=\"De T10 matrixlamp biedt krachtige en consistente verlichting voor verschillende taken.Het compacte ontwerp maakt de lamp ideaal voor kleine ruimtes en draagbaar gebruik.De lamp is gebouwd met het oog op duurzaamheid en garandeert langdurige prestaties in veeleisende omstandigheden.Eenvoudig te installeren en te integreren met compatibele systemen.Perfect voor professionele omgevingen waar precieze verlichting nodig is.\" \/>\n<meta property=\"og:url\" content=\"https:\/\/koningdrone.be\/es\/producto\/jzdrones-t10-matrix-lamp-mavic3c\/\" \/>\n<meta property=\"og:site_name\" content=\"koningdrone.be\" \/>\n<meta property=\"article:modified_time\" content=\"2026-04-29T03:00:06+00:00\" \/>\n<meta property=\"og:image\" content=\"https:\/\/koningdrone.be\/wp-content\/uploads\/sites\/13\/2025\/04\/T101.webp\" \/>\n\t<meta property=\"og:image:width\" content=\"795\" \/>\n\t<meta property=\"og:image:height\" content=\"633\" \/>\n\t<meta property=\"og:image:type\" content=\"image\/webp\" \/>\n<meta name=\"twitter:card\" content=\"summary_large_image\" \/>\n<script type=\"application\/ld+json\" class=\"yoast-schema-graph\">{\"@context\":\"https:\/\/schema.org\",\"@graph\":[{\"@type\":\"WebPage\",\"@id\":\"https:\/\/koningdrone.be\/product\/jzdrones-t10-matrix-lamp-mavic3c\/\",\"url\":\"https:\/\/koningdrone.be\/product\/jzdrones-t10-matrix-lamp-mavic3c\/\",\"name\":\"JZdrones T10 MATRIX LAMP-Mavic3C - koningdrone.be\",\"isPartOf\":{\"@id\":\"https:\/\/koningdrone.be\/#website\"},\"primaryImageOfPage\":{\"@id\":\"https:\/\/koningdrone.be\/product\/jzdrones-t10-matrix-lamp-mavic3c\/#primaryimage\"},\"image\":{\"@id\":\"https:\/\/koningdrone.be\/product\/jzdrones-t10-matrix-lamp-mavic3c\/#primaryimage\"},\"thumbnailUrl\":\"https:\/\/koningdrone.be\/wp-content\/uploads\/sites\/13\/2025\/04\/T101.webp\",\"datePublished\":\"2025-01-28T09:06:42+00:00\",\"dateModified\":\"2026-04-29T03:00:06+00:00\",\"breadcrumb\":{\"@id\":\"https:\/\/koningdrone.be\/product\/jzdrones-t10-matrix-lamp-mavic3c\/#breadcrumb\"},\"inLanguage\":\"es\",\"potentialAction\":[{\"@type\":\"ReadAction\",\"target\":[\"https:\/\/koningdrone.be\/product\/jzdrones-t10-matrix-lamp-mavic3c\/\"]}]},{\"@type\":\"ImageObject\",\"inLanguage\":\"es\",\"@id\":\"https:\/\/koningdrone.be\/product\/jzdrones-t10-matrix-lamp-mavic3c\/#primaryimage\",\"url\":\"https:\/\/koningdrone.be\/wp-content\/uploads\/sites\/13\/2025\/04\/T101.webp\",\"contentUrl\":\"https:\/\/koningdrone.be\/wp-content\/uploads\/sites\/13\/2025\/04\/T101.webp\",\"width\":795,\"height\":633},{\"@type\":\"BreadcrumbList\",\"@id\":\"https:\/\/koningdrone.be\/product\/jzdrones-t10-matrix-lamp-mavic3c\/#breadcrumb\",\"itemListElement\":[{\"@type\":\"ListItem\",\"position\":1,\"name\":\"Home\",\"item\":\"https:\/\/koningdrone.be\/\"},{\"@type\":\"ListItem\",\"position\":2,\"name\":\"AVSS Parachute Recovery System for DJI Matrice 300\/350\",\"item\":\"https:\/\/koningdrone.be\/product\/avss-parachute-recovery-system-for-dji-matrice-300-350\/\"},{\"@type\":\"ListItem\",\"position\":3,\"name\":\"Alle payloads\",\"item\":\"https:\/\/koningdrone.be\/categorie\/alle-payloads\/\"},{\"@type\":\"ListItem\",\"position\":4,\"name\":\"JZdrones T10 MATRIX LAMP-Mavic3C\"}]},{\"@type\":\"WebSite\",\"@id\":\"https:\/\/koningdrone.be\/#website\",\"url\":\"https:\/\/koningdrone.be\/\",\"name\":\"Koningdrone.be - Uw online specialist in drones, gimbals, camera's en power stations.\",\"description\":\"De webshop in drones en gimbals\",\"publisher\":{\"@id\":\"https:\/\/koningdrone.be\/#organization\"},\"potentialAction\":[{\"@type\":\"SearchAction\",\"target\":{\"@type\":\"EntryPoint\",\"urlTemplate\":\"https:\/\/koningdrone.be\/?s={search_term_string}\"},\"query-input\":{\"@type\":\"PropertyValueSpecification\",\"valueRequired\":true,\"valueName\":\"search_term_string\"}}],\"inLanguage\":\"es\"},{\"@type\":\"Organization\",\"@id\":\"https:\/\/koningdrone.be\/#organization\",\"name\":\"Koningdrone.be\",\"url\":\"https:\/\/koningdrone.be\/\",\"logo\":{\"@type\":\"ImageObject\",\"inLanguage\":\"es\",\"@id\":\"https:\/\/koningdrone.be\/#\/schema\/logo\/image\/\",\"url\":\"https:\/\/koningdrone.be\/wp-content\/uploads\/sites\/13\/2025\/04\/koningdrone-copyright-logo.svg\",\"contentUrl\":\"https:\/\/koningdrone.be\/wp-content\/uploads\/sites\/13\/2025\/04\/koningdrone-copyright-logo.svg\",\"width\":227,\"height\":38,\"caption\":\"Koningdrone.be\"},\"image\":{\"@id\":\"https:\/\/koningdrone.be\/#\/schema\/logo\/image\/\"}}]}<\/script>\n<!-- \/ Yoast SEO Premium plugin. -->","yoast_head_json":{"title":"JZdrones T10 MATRIX LAMP-Mavic3C - koningdrone.be","robots":{"index":"index","follow":"follow","max-snippet":"max-snippet:-1","max-image-preview":"max-image-preview:large","max-video-preview":"max-video-preview:-1"},"canonical":"https:\/\/koningdrone.be\/es\/producto\/jzdrones-t10-matrix-lamp-mavic3c\/","og_locale":"es_ES","og_type":"article","og_title":"JZdrones T10 MATRIX LAMP-Mavic3C","og_description":"De T10 matrixlamp biedt krachtige en consistente verlichting voor verschillende taken.Het compacte ontwerp maakt de lamp ideaal voor kleine ruimtes en draagbaar gebruik.De lamp is gebouwd met het oog op duurzaamheid en garandeert langdurige prestaties in veeleisende omstandigheden.Eenvoudig te installeren en te integreren met compatibele systemen.Perfect voor professionele omgevingen waar precieze verlichting nodig is.","og_url":"https:\/\/koningdrone.be\/es\/producto\/jzdrones-t10-matrix-lamp-mavic3c\/","og_site_name":"koningdrone.be","article_modified_time":"2026-04-29T03:00:06+00:00","og_image":[{"width":795,"height":633,"url":"https:\/\/koningdrone.be\/wp-content\/uploads\/sites\/13\/2025\/04\/T101.webp","type":"image\/webp"}],"twitter_card":"summary_large_image","schema":{"@context":"https:\/\/schema.org","@graph":[{"@type":"WebPage","@id":"https:\/\/koningdrone.be\/product\/jzdrones-t10-matrix-lamp-mavic3c\/","url":"https:\/\/koningdrone.be\/product\/jzdrones-t10-matrix-lamp-mavic3c\/","name":"JZdrones T10 MATRIX LAMP-Mavic3C - koningdrone.be","isPartOf":{"@id":"https:\/\/koningdrone.be\/#website"},"primaryImageOfPage":{"@id":"https:\/\/koningdrone.be\/product\/jzdrones-t10-matrix-lamp-mavic3c\/#primaryimage"},"image":{"@id":"https:\/\/koningdrone.be\/product\/jzdrones-t10-matrix-lamp-mavic3c\/#primaryimage"},"thumbnailUrl":"https:\/\/koningdrone.be\/wp-content\/uploads\/sites\/13\/2025\/04\/T101.webp","datePublished":"2025-01-28T09:06:42+00:00","dateModified":"2026-04-29T03:00:06+00:00","breadcrumb":{"@id":"https:\/\/koningdrone.be\/product\/jzdrones-t10-matrix-lamp-mavic3c\/#breadcrumb"},"inLanguage":"es","potentialAction":[{"@type":"ReadAction","target":["https:\/\/koningdrone.be\/product\/jzdrones-t10-matrix-lamp-mavic3c\/"]}]},{"@type":"ImageObject","inLanguage":"es","@id":"https:\/\/koningdrone.be\/product\/jzdrones-t10-matrix-lamp-mavic3c\/#primaryimage","url":"https:\/\/koningdrone.be\/wp-content\/uploads\/sites\/13\/2025\/04\/T101.webp","contentUrl":"https:\/\/koningdrone.be\/wp-content\/uploads\/sites\/13\/2025\/04\/T101.webp","width":795,"height":633},{"@type":"BreadcrumbList","@id":"https:\/\/koningdrone.be\/product\/jzdrones-t10-matrix-lamp-mavic3c\/#breadcrumb","itemListElement":[{"@type":"ListItem","position":1,"name":"Home","item":"https:\/\/koningdrone.be\/"},{"@type":"ListItem","position":2,"name":"AVSS Parachute Recovery System for DJI Matrice 300\/350","item":"https:\/\/koningdrone.be\/product\/avss-parachute-recovery-system-for-dji-matrice-300-350\/"},{"@type":"ListItem","position":3,"name":"Alle payloads","item":"https:\/\/koningdrone.be\/categorie\/alle-payloads\/"},{"@type":"ListItem","position":4,"name":"JZdrones T10 MATRIX LAMP-Mavic3C"}]},{"@type":"WebSite","@id":"https:\/\/koningdrone.be\/#website","url":"https:\/\/koningdrone.be\/","name":"Koningdrone.be - Su especialista en l\u00ednea en drones, cardanes, c\u00e1maras y centrales el\u00e9ctricas.","description":"La tienda virtual de drones y cardanes","publisher":{"@id":"https:\/\/koningdrone.be\/#organization"},"potentialAction":[{"@type":"SearchAction","target":{"@type":"EntryPoint","urlTemplate":"https:\/\/koningdrone.be\/?s={search_term_string}"},"query-input":{"@type":"PropertyValueSpecification","valueRequired":true,"valueName":"search_term_string"}}],"inLanguage":"es"},{"@type":"Organization","@id":"https:\/\/koningdrone.be\/#organization","name":"Kingdrone.es","url":"https:\/\/koningdrone.be\/","logo":{"@type":"ImageObject","inLanguage":"es","@id":"https:\/\/koningdrone.be\/#\/schema\/logo\/image\/","url":"https:\/\/koningdrone.be\/wp-content\/uploads\/sites\/13\/2025\/04\/koningdrone-copyright-logo.svg","contentUrl":"https:\/\/koningdrone.be\/wp-content\/uploads\/sites\/13\/2025\/04\/koningdrone-copyright-logo.svg","width":227,"height":38,"caption":"Koningdrone.be"},"image":{"@id":"https:\/\/koningdrone.be\/#\/schema\/logo\/image\/"}}]}},"df_price":"","df_sale_price":"","df_regular_price":"","df_image_link":"https:\/\/koningdrone.be\/wp-content\/uploads\/sites\/13\/2025\/04\/T101-300x239.webp","_links":{"self":[{"href":"https:\/\/koningdrone.be\/es\/wp-json\/wp\/v2\/product\/1225","targetHints":{"allow":["GET"]}}],"collection":[{"href":"https:\/\/koningdrone.be\/es\/wp-json\/wp\/v2\/product"}],"about":[{"href":"https:\/\/koningdrone.be\/es\/wp-json\/wp\/v2\/types\/product"}],"wp:featuredmedia":[{"embeddable":true,"href":"https:\/\/koningdrone.be\/es\/wp-json\/wp\/v2\/media\/1221"}],"wp:attachment":[{"href":"https:\/\/koningdrone.be\/es\/wp-json\/wp\/v2\/media?parent=1225"}],"wp:term":[{"taxonomy":"product_brand","embeddable":true,"href":"https:\/\/koningdrone.be\/es\/wp-json\/wp\/v2\/product_brand?post=1225"},{"taxonomy":"product_cat","embeddable":true,"href":"https:\/\/koningdrone.be\/es\/wp-json\/wp\/v2\/product_cat?post=1225"},{"taxonomy":"product_tag","embeddable":true,"href":"https:\/\/koningdrone.be\/es\/wp-json\/wp\/v2\/product_tag?post=1225"}],"curies":[{"name":"wp","href":"https:\/\/api.w.org\/{rel}","templated":true}]}}