{"id":1173,"date":"2025-02-25T06:49:44","date_gmt":"2025-02-25T05:49:44","guid":{"rendered":"https:\/\/koningdrone.nl\/kon\/product\/dji-as1-speaker\/"},"modified":"2026-04-29T03:40:25","modified_gmt":"2026-04-29T01:40:25","slug":"dji-as1-speaker","status":"publish","type":"product","link":"https:\/\/koningdrone.be\/es\/producto\/dji-as1-speaker\/","title":{"rendered":"Altavoz DJI AS1"},"content":{"rendered":"<h3>Altavoz DJI AS1<\/h3>\n<p><iframe loading=\"lazy\" title=\"DJI AS1 Speaker | Primer uso\" width=\"800\" height=\"450\" src=\"https:\/\/www.youtube.com\/embed\/tuN_N2jJpuo?feature=oembed&#038;enablejsapi=1&#038;origin=https:\/\/koningdrone.be\" frameborder=\"0\" allow=\"accelerometer; autoplay; clipboard-write; encrypted-media; gyroscope; picture-in-picture; web-share\" referrerpolicy=\"strict-origin-when-cross-origin\" allowfullscreen><\/iframe><\/p>\n<p style=\"margin-top: 20px\">En <strong>Altavoz DJI AS1<\/strong> es un potente altavoz para drones dise\u00f1ado para su uso con DJI <strong>Matrice Serie 4<\/strong> z\u00e1nganos. Con un <strong>volumen m\u00e1ximo de 114 dB a 1 metro<\/strong> este altavoz proporciona una comunicaci\u00f3n de audio clara y fuerte a largas distancias, lo que lo hace ideal para aplicaciones como b\u00fasqueda y rescate, operaciones de seguridad y mensajes a\u00e9reos.<\/p>\n<p style=\"margin-bottom: 20px\">Este altavoz admite varios modos de transmisi\u00f3n, como <strong>retransmisi\u00f3n en directo<\/strong>, <strong>mensajes pregrabados<\/strong>, <strong>entrada de medios<\/strong> y <strong>conversi\u00f3n de texto a voz<\/strong>. Adem\u00e1s, hay <strong>cancelaci\u00f3n de eco<\/strong> para hablar con claridad, incluso en entornos con ondas sonoras.<\/p>\n<p><a href=\"https:\/\/koningdrone.nl\/wp-content\/uploads\/2025\/02\/DJI-AS1-Speaker-Product.webp\"><img loading=\"lazy\" decoding=\"async\" class=\"size-full wp-image-467381 aligncenter\" src=\"https:\/\/koningdrone.nl\/wp-content\/uploads\/2025\/02\/DJI-AS1-Speaker-Product.webp\" alt=\"DJI AS1 Speaker Product\" width=\"1200\" height=\"800\" \/><\/a><\/p>\n<h4>Rendimiento y funcionalidad<\/h4>\n<p>La AS1 ofrece hasta <strong>114 dB a 1 metro de distancia<\/strong> y tiene un <strong>alcance efectivo de hasta 300 m aprox.<\/strong> voor spraak\u2011 of geluidsberichten, wat zorgt voor uitstekende geluidsdekking tijdens nacht\u2011 of dagmissies.<\/p>\n<p>De speaker kan in realtime berichten uitzenden en ondersteunt gelijktijdige transmissie en weergave van audiobestanden, wat gebruikers flexibiliteit geeft bij communicatieopdrachten.<\/p>\n<h4>Calidad de construcci\u00f3n y dise\u00f1o<\/h4>\n<p>La AS1 es de construcci\u00f3n compacta y ligera, con un <strong>montaje r\u00e1pido<\/strong> via handvastgedraaide schroeven waardoor hij eenvoudig op de drone kan worden bevestigd.<\/p>\n<p>Het ontwerp houdt rekening met lange missies, inclusief een reserve adapterbeugel en inbussleutel voor veilige installatie.<\/p>\n<p><a href=\"https:\/\/koningdrone.nl\/wp-content\/uploads\/2025\/02\/AS1-Speaker-Product-DJI.webp\"><img loading=\"lazy\" decoding=\"async\" class=\"aligncenter wp-image-467379 size-medium\" src=\"https:\/\/koningdrone.nl\/wp-content\/uploads\/2025\/02\/AS1-Speaker-Product-DJI-300x300.webp\" alt=\"AS1 Speaker Product DJI\" width=\"300\" height=\"300\" \/><\/a><\/p>\n<h4>Por qu\u00e9 lo necesita<\/h4>\n<p>Para organizaciones que requieren comunicaciones a\u00e9reas durante operaciones como seguridad p\u00fablica, control de multitudes, respuesta a emergencias o inspecciones, el altavoz DJI AS1 Speaker proporciona una forma fiable y potente de transmitir mensajes de voz a largas distancias desde el dron.<\/p>","protected":false},"excerpt":{"rendered":"<ul>\n<li>Nivel de ruido m\u00e1ximo de 114 dB a 1 m para un audio n\u00edtido<\/li>\n<li>Alcance de hasta 300 m para la transmisi\u00f3n del sonido<\/li>\n<li>Admite emisi\u00f3n en tiempo real, mensajes grabados y conversi\u00f3n de texto a voz<\/li>\n<li>Cancelaci\u00f3n de eco para hablar con claridad<\/li>\n<li>Ligera y compacta con fijaci\u00f3n r\u00e1pida<\/li>\n<\/ul>","protected":false},"featured_media":17203,"template":"","meta":{"_acf_changed":false},"product_brand":[],"product_cat":[1769,98],"product_tag":[],"class_list":{"0":"post-1173","1":"product","2":"type-product","3":"status-publish","4":"has-post-thumbnail","6":"product_cat-dji-as1","7":"product_cat-dji-matrice-4","8":"product_shipping_class-uavspacesall","9":"pa_brand-dji","10":"pa_producttype-luidspreker","11":"pa_series-as1","13":"first","14":"instock","15":"taxable","16":"shipping-taxable","17":"purchasable","18":"product-type-simple"},"acf":[],"yoast_head":"<!-- This site is optimized with the Yoast SEO Premium plugin v27.2 (Yoast SEO v27.2) - https:\/\/yoast.com\/product\/yoast-seo-premium-wordpress\/ -->\n<title>DJI AS1 Speaker - koningdrone.be<\/title>\n<meta name=\"robots\" content=\"index, follow, max-snippet:-1, max-image-preview:large, max-video-preview:-1\" \/>\n<link rel=\"canonical\" href=\"https:\/\/koningdrone.be\/es\/producto\/dji-as1-speaker\/\" \/>\n<meta property=\"og:locale\" content=\"es_ES\" \/>\n<meta property=\"og:type\" content=\"article\" \/>\n<meta property=\"og:title\" content=\"DJI AS1 Speaker\" \/>\n<meta property=\"og:description\" content=\"Maximaal geluidsniveau van 114\u202fdB @ 1\u202fm voor duidelijke audio  Bereik tot 300\u202fm voor geluidstransmissie  Ondersteunt realtime uitzending, opgenomen berichten en tekst\u2011naar\u2011spraak  Echo\u2011onderdrukking voor heldere spraak  Licht en compact met quick\u2011release montage\" \/>\n<meta property=\"og:url\" content=\"https:\/\/koningdrone.be\/es\/producto\/dji-as1-speaker\/\" \/>\n<meta property=\"og:site_name\" content=\"koningdrone.be\" \/>\n<meta property=\"article:modified_time\" content=\"2026-04-29T01:40:25+00:00\" \/>\n<meta property=\"og:image\" content=\"https:\/\/koningdrone.be\/wp-content\/uploads\/sites\/13\/2026\/03\/DJI-AS1-Speaker.webp\" \/>\n\t<meta property=\"og:image:width\" content=\"2048\" \/>\n\t<meta property=\"og:image:height\" content=\"2048\" \/>\n\t<meta property=\"og:image:type\" content=\"image\/webp\" \/>\n<meta name=\"twitter:card\" content=\"summary_large_image\" \/>\n<meta name=\"twitter:label1\" content=\"Tiempo de lectura\" \/>\n\t<meta name=\"twitter:data1\" content=\"1 minuto\" \/>\n<script type=\"application\/ld+json\" class=\"yoast-schema-graph\">{\"@context\":\"https:\/\/schema.org\",\"@graph\":[{\"@type\":\"WebPage\",\"@id\":\"https:\/\/koningdrone.be\/product\/dji-as1-speaker\/\",\"url\":\"https:\/\/koningdrone.be\/product\/dji-as1-speaker\/\",\"name\":\"DJI AS1 Speaker - koningdrone.be\",\"isPartOf\":{\"@id\":\"https:\/\/koningdrone.be\/#website\"},\"primaryImageOfPage\":{\"@id\":\"https:\/\/koningdrone.be\/product\/dji-as1-speaker\/#primaryimage\"},\"image\":{\"@id\":\"https:\/\/koningdrone.be\/product\/dji-as1-speaker\/#primaryimage\"},\"thumbnailUrl\":\"https:\/\/koningdrone.be\/wp-content\/uploads\/sites\/13\/2026\/03\/DJI-AS1-Speaker.webp\",\"datePublished\":\"2025-02-25T05:49:44+00:00\",\"dateModified\":\"2026-04-29T01:40:25+00:00\",\"breadcrumb\":{\"@id\":\"https:\/\/koningdrone.be\/product\/dji-as1-speaker\/#breadcrumb\"},\"inLanguage\":\"es\",\"potentialAction\":[{\"@type\":\"ReadAction\",\"target\":[\"https:\/\/koningdrone.be\/product\/dji-as1-speaker\/\"]}]},{\"@type\":\"ImageObject\",\"inLanguage\":\"es\",\"@id\":\"https:\/\/koningdrone.be\/product\/dji-as1-speaker\/#primaryimage\",\"url\":\"https:\/\/koningdrone.be\/wp-content\/uploads\/sites\/13\/2026\/03\/DJI-AS1-Speaker.webp\",\"contentUrl\":\"https:\/\/koningdrone.be\/wp-content\/uploads\/sites\/13\/2026\/03\/DJI-AS1-Speaker.webp\",\"width\":2048,\"height\":2048},{\"@type\":\"BreadcrumbList\",\"@id\":\"https:\/\/koningdrone.be\/product\/dji-as1-speaker\/#breadcrumb\",\"itemListElement\":[{\"@type\":\"ListItem\",\"position\":1,\"name\":\"Home\",\"item\":\"https:\/\/koningdrone.be\/\"},{\"@type\":\"ListItem\",\"position\":2,\"name\":\"AVSS Parachute Recovery System for DJI Matrice 300\/350\",\"item\":\"https:\/\/koningdrone.be\/product\/avss-parachute-recovery-system-for-dji-matrice-300-350\/\"},{\"@type\":\"ListItem\",\"position\":3,\"name\":\"DJI AS1\",\"item\":\"https:\/\/koningdrone.be\/categorie\/dji-as1\/\"},{\"@type\":\"ListItem\",\"position\":4,\"name\":\"DJI AS1 Speaker\"}]},{\"@type\":\"WebSite\",\"@id\":\"https:\/\/koningdrone.be\/#website\",\"url\":\"https:\/\/koningdrone.be\/\",\"name\":\"Koningdrone.be - Uw online specialist in drones, gimbals, camera's en power stations.\",\"description\":\"De webshop in drones en gimbals\",\"publisher\":{\"@id\":\"https:\/\/koningdrone.be\/#organization\"},\"potentialAction\":[{\"@type\":\"SearchAction\",\"target\":{\"@type\":\"EntryPoint\",\"urlTemplate\":\"https:\/\/koningdrone.be\/?s={search_term_string}\"},\"query-input\":{\"@type\":\"PropertyValueSpecification\",\"valueRequired\":true,\"valueName\":\"search_term_string\"}}],\"inLanguage\":\"es\"},{\"@type\":\"Organization\",\"@id\":\"https:\/\/koningdrone.be\/#organization\",\"name\":\"Koningdrone.be\",\"url\":\"https:\/\/koningdrone.be\/\",\"logo\":{\"@type\":\"ImageObject\",\"inLanguage\":\"es\",\"@id\":\"https:\/\/koningdrone.be\/#\/schema\/logo\/image\/\",\"url\":\"https:\/\/koningdrone.be\/wp-content\/uploads\/sites\/13\/2025\/04\/koningdrone-copyright-logo.svg\",\"contentUrl\":\"https:\/\/koningdrone.be\/wp-content\/uploads\/sites\/13\/2025\/04\/koningdrone-copyright-logo.svg\",\"width\":227,\"height\":38,\"caption\":\"Koningdrone.be\"},\"image\":{\"@id\":\"https:\/\/koningdrone.be\/#\/schema\/logo\/image\/\"}}]}<\/script>\n<!-- \/ Yoast SEO Premium plugin. -->","yoast_head_json":{"title":"DJI AS1 Speaker - koningdrone.be","robots":{"index":"index","follow":"follow","max-snippet":"max-snippet:-1","max-image-preview":"max-image-preview:large","max-video-preview":"max-video-preview:-1"},"canonical":"https:\/\/koningdrone.be\/es\/producto\/dji-as1-speaker\/","og_locale":"es_ES","og_type":"article","og_title":"DJI AS1 Speaker","og_description":"Maximaal geluidsniveau van 114\u202fdB @ 1\u202fm voor duidelijke audio  Bereik tot 300\u202fm voor geluidstransmissie  Ondersteunt realtime uitzending, opgenomen berichten en tekst\u2011naar\u2011spraak  Echo\u2011onderdrukking voor heldere spraak  Licht en compact met quick\u2011release montage","og_url":"https:\/\/koningdrone.be\/es\/producto\/dji-as1-speaker\/","og_site_name":"koningdrone.be","article_modified_time":"2026-04-29T01:40:25+00:00","og_image":[{"width":2048,"height":2048,"url":"https:\/\/koningdrone.be\/wp-content\/uploads\/sites\/13\/2026\/03\/DJI-AS1-Speaker.webp","type":"image\/webp"}],"twitter_card":"summary_large_image","twitter_misc":{"Tiempo de lectura":"1 minuto"},"schema":{"@context":"https:\/\/schema.org","@graph":[{"@type":"WebPage","@id":"https:\/\/koningdrone.be\/product\/dji-as1-speaker\/","url":"https:\/\/koningdrone.be\/product\/dji-as1-speaker\/","name":"DJI AS1 Speaker - koningdrone.be","isPartOf":{"@id":"https:\/\/koningdrone.be\/#website"},"primaryImageOfPage":{"@id":"https:\/\/koningdrone.be\/product\/dji-as1-speaker\/#primaryimage"},"image":{"@id":"https:\/\/koningdrone.be\/product\/dji-as1-speaker\/#primaryimage"},"thumbnailUrl":"https:\/\/koningdrone.be\/wp-content\/uploads\/sites\/13\/2026\/03\/DJI-AS1-Speaker.webp","datePublished":"2025-02-25T05:49:44+00:00","dateModified":"2026-04-29T01:40:25+00:00","breadcrumb":{"@id":"https:\/\/koningdrone.be\/product\/dji-as1-speaker\/#breadcrumb"},"inLanguage":"es","potentialAction":[{"@type":"ReadAction","target":["https:\/\/koningdrone.be\/product\/dji-as1-speaker\/"]}]},{"@type":"ImageObject","inLanguage":"es","@id":"https:\/\/koningdrone.be\/product\/dji-as1-speaker\/#primaryimage","url":"https:\/\/koningdrone.be\/wp-content\/uploads\/sites\/13\/2026\/03\/DJI-AS1-Speaker.webp","contentUrl":"https:\/\/koningdrone.be\/wp-content\/uploads\/sites\/13\/2026\/03\/DJI-AS1-Speaker.webp","width":2048,"height":2048},{"@type":"BreadcrumbList","@id":"https:\/\/koningdrone.be\/product\/dji-as1-speaker\/#breadcrumb","itemListElement":[{"@type":"ListItem","position":1,"name":"Home","item":"https:\/\/koningdrone.be\/"},{"@type":"ListItem","position":2,"name":"AVSS Parachute Recovery System for DJI Matrice 300\/350","item":"https:\/\/koningdrone.be\/product\/avss-parachute-recovery-system-for-dji-matrice-300-350\/"},{"@type":"ListItem","position":3,"name":"DJI AS1","item":"https:\/\/koningdrone.be\/categorie\/dji-as1\/"},{"@type":"ListItem","position":4,"name":"DJI AS1 Speaker"}]},{"@type":"WebSite","@id":"https:\/\/koningdrone.be\/#website","url":"https:\/\/koningdrone.be\/","name":"Koningdrone.be - Su especialista en l\u00ednea en drones, cardanes, c\u00e1maras y centrales el\u00e9ctricas.","description":"La tienda virtual de drones y cardanes","publisher":{"@id":"https:\/\/koningdrone.be\/#organization"},"potentialAction":[{"@type":"SearchAction","target":{"@type":"EntryPoint","urlTemplate":"https:\/\/koningdrone.be\/?s={search_term_string}"},"query-input":{"@type":"PropertyValueSpecification","valueRequired":true,"valueName":"search_term_string"}}],"inLanguage":"es"},{"@type":"Organization","@id":"https:\/\/koningdrone.be\/#organization","name":"Kingdrone.es","url":"https:\/\/koningdrone.be\/","logo":{"@type":"ImageObject","inLanguage":"es","@id":"https:\/\/koningdrone.be\/#\/schema\/logo\/image\/","url":"https:\/\/koningdrone.be\/wp-content\/uploads\/sites\/13\/2025\/04\/koningdrone-copyright-logo.svg","contentUrl":"https:\/\/koningdrone.be\/wp-content\/uploads\/sites\/13\/2025\/04\/koningdrone-copyright-logo.svg","width":227,"height":38,"caption":"Koningdrone.be"},"image":{"@id":"https:\/\/koningdrone.be\/#\/schema\/logo\/image\/"}}]}},"df_price":218,"df_sale_price":"","df_regular_price":218,"df_image_link":"https:\/\/koningdrone.be\/wp-content\/uploads\/sites\/13\/2026\/03\/DJI-AS1-Speaker-300x300.webp","_links":{"self":[{"href":"https:\/\/koningdrone.be\/es\/wp-json\/wp\/v2\/product\/1173","targetHints":{"allow":["GET"]}}],"collection":[{"href":"https:\/\/koningdrone.be\/es\/wp-json\/wp\/v2\/product"}],"about":[{"href":"https:\/\/koningdrone.be\/es\/wp-json\/wp\/v2\/types\/product"}],"wp:featuredmedia":[{"embeddable":true,"href":"https:\/\/koningdrone.be\/es\/wp-json\/wp\/v2\/media\/17203"}],"wp:attachment":[{"href":"https:\/\/koningdrone.be\/es\/wp-json\/wp\/v2\/media?parent=1173"}],"wp:term":[{"taxonomy":"product_brand","embeddable":true,"href":"https:\/\/koningdrone.be\/es\/wp-json\/wp\/v2\/product_brand?post=1173"},{"taxonomy":"product_cat","embeddable":true,"href":"https:\/\/koningdrone.be\/es\/wp-json\/wp\/v2\/product_cat?post=1173"},{"taxonomy":"product_tag","embeddable":true,"href":"https:\/\/koningdrone.be\/es\/wp-json\/wp\/v2\/product_tag?post=1173"}],"curies":[{"name":"wp","href":"https:\/\/api.w.org\/{rel}","templated":true}]}}