{"id":1155,"date":"2025-02-25T06:49:44","date_gmt":"2025-02-25T05:49:44","guid":{"rendered":"https:\/\/koningdrone.nl\/kon\/product\/dji-matrice-4e\/"},"modified":"2026-04-29T03:30:52","modified_gmt":"2026-04-29T01:30:52","slug":"dji-matrice-4e","status":"publish","type":"product","link":"https:\/\/koningdrone.be\/es\/producto\/dji-matrice-4e\/","title":{"rendered":"DJI Matrice 4E"},"content":{"rendered":"<h3>DJI Matrice 4E (EU) SP Plus: el nuevo est\u00e1ndar en eficiencia geoespacial<\/h3>\n<p><iframe loading=\"lazy\" title=\"Vuelos de reconocimiento Dji Matrice 4E\" width=\"800\" height=\"450\" src=\"https:\/\/www.youtube.com\/embed\/q1Z1-uTdZ20?feature=oembed&#038;enablejsapi=1&#038;origin=https:\/\/koningdrone.be\" frameborder=\"0\" allow=\"accelerometer; autoplay; clipboard-write; encrypted-media; gyroscope; picture-in-picture; web-share\" referrerpolicy=\"strict-origin-when-cross-origin\" allowfullscreen><\/iframe><\/p>\n<p style=\"margin: 20px 0\">En <strong>DJI Matrice 4E (EU) SP Plus<\/strong> es una plataforma empresarial avanzada dise\u00f1ada espec\u00edficamente para establecer el est\u00e1ndar de oro en topograf\u00eda, cartograf\u00eda y an\u00e1lisis industrial. Donde la precisi\u00f3n se une a la velocidad, el Matrice 4E ofrece una soluci\u00f3n todo en uno para los profesionales de los sectores de la construcci\u00f3n, la energ\u00eda y geoespacial. Al integrar sensores de imagen superiores con automatizaci\u00f3n inteligente, las complejas adquisiciones de datos se transforman en flujos de trabajo \u00e1giles y de gran precisi\u00f3n, independientemente de la escala del proyecto.<\/p>\n<p><a href=\"https:\/\/koningdrone.nl\/wp-content\/uploads\/2025\/02\/4E-Matrice-DJI.webp\"><img loading=\"lazy\" decoding=\"async\" class=\"size-full wp-image-466957 aligncenter\" src=\"https:\/\/koningdrone.nl\/wp-content\/uploads\/2025\/02\/4E-Matrice-DJI.webp\" alt=\"4E Matrice DJI\" width=\"1200\" height=\"800\" \/><\/a><\/p>\n<h4>\u00d3ptica superior y precisi\u00f3n topogr\u00e1fica<\/h4>\n<p>El coraz\u00f3n de la Matrice 4E es un avanzado sistema multic\u00e1mara que no renuncia al detalle. El sensor principal es un impresionante <strong>Sensor CMOS de 4\/3 pulgadas y 20 MP<\/strong>, optimizado espec\u00edficamente para fotogrametr\u00eda y cartograf\u00eda. Este sensor capta im\u00e1genes con un rango din\u00e1mico excepcional, esencial para crear gemelos digitales de colores s\u00f3lidos y precisi\u00f3n geom\u00e9trica. Para inspecciones remotas, el dron est\u00e1 equipado con potentes telec\u00e1maras de hasta <strong>48 DIPUTADOS<\/strong>, que permite a los operadores identificar riesgos para la seguridad o defectos t\u00e9cnicos sin tener que maniobrar el dispositivo f\u00edsicamente cerca de los objetos.<\/p>\n<h4>Potencia operativa y automatizaci\u00f3n inteligente<\/h4>\n<p>El Matrice 4E est\u00e1 dise\u00f1ado para maximizar la productividad. Con un impresionante tiempo de vuelo de hasta <strong>49 minutos<\/strong> los operadores pueden cartografiar grandes extensiones en un solo vuelo. La aeronave utiliza <strong>Modos de vuelo AI<\/strong> y la planificaci\u00f3n automatizada de rutas, completando misiones como ortofotos 2D o modelos 3D con una intervenci\u00f3n humana m\u00ednima. Gracias a la integraci\u00f3n de potentes sistemas de transmisi\u00f3n y al preciso posicionamiento GNSS, la conectividad se mantiene estable y la salida de datos es coherente, incluso en operaciones a larga distancia.<\/p>\n<p style=\"text-align: center\"><a href=\"https:\/\/koningdrone.nl\/wp-content\/uploads\/2025\/02\/Matrice-4E-DJI-Product.webp\"><img loading=\"lazy\" decoding=\"async\" class=\"alignnone wp-image-466954 size-medium\" src=\"https:\/\/koningdrone.nl\/wp-content\/uploads\/2025\/02\/Matrice-4E-DJI-Product-300x300.webp\" alt=\"Matrice 4E DJI Product\" width=\"300\" height=\"300\" \/><\/a><\/p>\n<h4>Dise\u00f1o industrial y seguridad omnidireccional<\/h4>\n<p>La seguridad est\u00e1 entretejida en el ADN del Matrice 4E. La robusta construcci\u00f3n del cuadric\u00f3ptero incluye <strong>detecci\u00f3n omnidireccional de obst\u00e1culos<\/strong>, lo que le permite escanear en todas direcciones en busca de peligros potenciales durante misiones complejas. Su dise\u00f1o compacto y plegable facilita su transporte a lugares remotos, mientras que la compatibilidad con accesorios como <strong>M\u00f3dulos RTK, altavoces y reflectores<\/strong> hace que el dron se adapte instant\u00e1neamente a los requisitos de misiones espec\u00edficas. Esta plataforma no es simplemente un dron, sino una inversi\u00f3n sostenible en an\u00e1lisis de datos m\u00e1s seguros y r\u00e1pidos.<\/p>","protected":false},"excerpt":{"rendered":"<ul>\n<li>Drone empresarial profesional dise\u00f1ado para cartograf\u00eda, inspecci\u00f3n y aplicaciones industriales<\/li>\n<li>Sistema multic\u00e1mara avanzado con resoluci\u00f3n de hasta 48 MP y v\u00eddeo 4K<\/li>\n<li>Tiempo m\u00e1ximo de vuelo de hasta 49 minutos aproximadamente para misiones eficientes<\/li>\n<li>Detecci\u00f3n de obst\u00e1culos omnidireccional para un vuelo seguro y estable<\/li>\n<li>Modos de vuelo inteligentes y cartograf\u00eda autom\u00e1tica para una recogida de datos precisa<\/li>\n<\/ul>","protected":false},"featured_media":17001,"template":"","meta":{"_acf_changed":false},"product_brand":[],"product_cat":[97,98,1735,1734],"product_tag":[],"class_list":{"0":"post-1155","1":"product","2":"type-product","3":"status-publish","4":"has-post-thumbnail","6":"product_cat-alle-producten","7":"product_cat-dji-matrice-4","8":"product_cat-dji-matrice-4-serie","9":"product_cat-dji-matrice-4e","10":"product_shipping_class-uavspacesall","11":"pa_brand-dji","12":"pa_productfamily-matrice","13":"pa_producttype-drone","14":"pa_series-matrice-4","16":"first","17":"instock","18":"taxable","19":"shipping-taxable","20":"purchasable","21":"product-type-simple"},"acf":[],"yoast_head":"<!-- This site is optimized with the Yoast SEO Premium plugin v27.2 (Yoast SEO v27.2) - https:\/\/yoast.com\/product\/yoast-seo-premium-wordpress\/ -->\n<title>DJI Matrice 4E - koningdrone.be<\/title>\n<meta name=\"robots\" content=\"index, follow, max-snippet:-1, max-image-preview:large, max-video-preview:-1\" \/>\n<link rel=\"canonical\" href=\"https:\/\/koningdrone.be\/es\/producto\/dji-matrice-4e\/\" \/>\n<meta property=\"og:locale\" content=\"es_ES\" \/>\n<meta property=\"og:type\" content=\"article\" \/>\n<meta property=\"og:title\" content=\"DJI Matrice 4E\" \/>\n<meta property=\"og:description\" content=\"Professionele enterprise drone ontworpen voor mapping, inspectie en industri\u00eble toepassingen  Geavanceerd multicamera-systeem met tot 48 MP resolutie en 4K video  Maximale vliegtijd tot ongeveer 49 minuten voor effici\u00ebnte missies  Omnidirectionele obstakeldetectie voor veilig en stabiel vliegen  Intelligente vluchtmodi en automatische mapping voor nauwkeurige dataverzameling\" \/>\n<meta property=\"og:url\" content=\"https:\/\/koningdrone.be\/es\/producto\/dji-matrice-4e\/\" \/>\n<meta property=\"og:site_name\" content=\"koningdrone.be\" \/>\n<meta property=\"article:modified_time\" content=\"2026-04-29T01:30:52+00:00\" \/>\n<meta property=\"og:image\" content=\"https:\/\/koningdrone.be\/wp-content\/uploads\/sites\/13\/2026\/03\/DJI-Matrice-4E.webp\" \/>\n\t<meta property=\"og:image:width\" content=\"2048\" \/>\n\t<meta property=\"og:image:height\" content=\"2048\" \/>\n\t<meta property=\"og:image:type\" content=\"image\/webp\" \/>\n<meta name=\"twitter:card\" content=\"summary_large_image\" \/>\n<meta name=\"twitter:label1\" content=\"Tiempo de lectura\" \/>\n\t<meta name=\"twitter:data1\" content=\"2 minutos\" \/>\n<script type=\"application\/ld+json\" class=\"yoast-schema-graph\">{\"@context\":\"https:\/\/schema.org\",\"@graph\":[{\"@type\":\"WebPage\",\"@id\":\"https:\/\/koningdrone.be\/product\/dji-matrice-4e\/\",\"url\":\"https:\/\/koningdrone.be\/product\/dji-matrice-4e\/\",\"name\":\"DJI Matrice 4E - koningdrone.be\",\"isPartOf\":{\"@id\":\"https:\/\/koningdrone.be\/#website\"},\"primaryImageOfPage\":{\"@id\":\"https:\/\/koningdrone.be\/product\/dji-matrice-4e\/#primaryimage\"},\"image\":{\"@id\":\"https:\/\/koningdrone.be\/product\/dji-matrice-4e\/#primaryimage\"},\"thumbnailUrl\":\"https:\/\/koningdrone.be\/wp-content\/uploads\/sites\/13\/2026\/03\/DJI-Matrice-4E.webp\",\"datePublished\":\"2025-02-25T05:49:44+00:00\",\"dateModified\":\"2026-04-29T01:30:52+00:00\",\"breadcrumb\":{\"@id\":\"https:\/\/koningdrone.be\/product\/dji-matrice-4e\/#breadcrumb\"},\"inLanguage\":\"es\",\"potentialAction\":[{\"@type\":\"ReadAction\",\"target\":[\"https:\/\/koningdrone.be\/product\/dji-matrice-4e\/\"]}]},{\"@type\":\"ImageObject\",\"inLanguage\":\"es\",\"@id\":\"https:\/\/koningdrone.be\/product\/dji-matrice-4e\/#primaryimage\",\"url\":\"https:\/\/koningdrone.be\/wp-content\/uploads\/sites\/13\/2026\/03\/DJI-Matrice-4E.webp\",\"contentUrl\":\"https:\/\/koningdrone.be\/wp-content\/uploads\/sites\/13\/2026\/03\/DJI-Matrice-4E.webp\",\"width\":2048,\"height\":2048},{\"@type\":\"BreadcrumbList\",\"@id\":\"https:\/\/koningdrone.be\/product\/dji-matrice-4e\/#breadcrumb\",\"itemListElement\":[{\"@type\":\"ListItem\",\"position\":1,\"name\":\"Home\",\"item\":\"https:\/\/koningdrone.be\/\"},{\"@type\":\"ListItem\",\"position\":2,\"name\":\"AVSS Parachute Recovery System for DJI Matrice 300\/350\",\"item\":\"https:\/\/koningdrone.be\/product\/avss-parachute-recovery-system-for-dji-matrice-300-350\/\"},{\"@type\":\"ListItem\",\"position\":3,\"name\":\"Alle producten\",\"item\":\"https:\/\/koningdrone.be\/categorie\/alle-producten\/\"},{\"@type\":\"ListItem\",\"position\":4,\"name\":\"DJI Matrice 4E\"}]},{\"@type\":\"WebSite\",\"@id\":\"https:\/\/koningdrone.be\/#website\",\"url\":\"https:\/\/koningdrone.be\/\",\"name\":\"Koningdrone.be - Uw online specialist in drones, gimbals, camera's en power stations.\",\"description\":\"De webshop in drones en gimbals\",\"publisher\":{\"@id\":\"https:\/\/koningdrone.be\/#organization\"},\"potentialAction\":[{\"@type\":\"SearchAction\",\"target\":{\"@type\":\"EntryPoint\",\"urlTemplate\":\"https:\/\/koningdrone.be\/?s={search_term_string}\"},\"query-input\":{\"@type\":\"PropertyValueSpecification\",\"valueRequired\":true,\"valueName\":\"search_term_string\"}}],\"inLanguage\":\"es\"},{\"@type\":\"Organization\",\"@id\":\"https:\/\/koningdrone.be\/#organization\",\"name\":\"Koningdrone.be\",\"url\":\"https:\/\/koningdrone.be\/\",\"logo\":{\"@type\":\"ImageObject\",\"inLanguage\":\"es\",\"@id\":\"https:\/\/koningdrone.be\/#\/schema\/logo\/image\/\",\"url\":\"https:\/\/koningdrone.be\/wp-content\/uploads\/sites\/13\/2025\/04\/koningdrone-copyright-logo.svg\",\"contentUrl\":\"https:\/\/koningdrone.be\/wp-content\/uploads\/sites\/13\/2025\/04\/koningdrone-copyright-logo.svg\",\"width\":227,\"height\":38,\"caption\":\"Koningdrone.be\"},\"image\":{\"@id\":\"https:\/\/koningdrone.be\/#\/schema\/logo\/image\/\"}}]}<\/script>\n<!-- \/ Yoast SEO Premium plugin. -->","yoast_head_json":{"title":"DJI Matrice 4E - koningdrone.be","robots":{"index":"index","follow":"follow","max-snippet":"max-snippet:-1","max-image-preview":"max-image-preview:large","max-video-preview":"max-video-preview:-1"},"canonical":"https:\/\/koningdrone.be\/es\/producto\/dji-matrice-4e\/","og_locale":"es_ES","og_type":"article","og_title":"DJI Matrice 4E","og_description":"Professionele enterprise drone ontworpen voor mapping, inspectie en industri\u00eble toepassingen  Geavanceerd multicamera-systeem met tot 48 MP resolutie en 4K video  Maximale vliegtijd tot ongeveer 49 minuten voor effici\u00ebnte missies  Omnidirectionele obstakeldetectie voor veilig en stabiel vliegen  Intelligente vluchtmodi en automatische mapping voor nauwkeurige dataverzameling","og_url":"https:\/\/koningdrone.be\/es\/producto\/dji-matrice-4e\/","og_site_name":"koningdrone.be","article_modified_time":"2026-04-29T01:30:52+00:00","og_image":[{"width":2048,"height":2048,"url":"https:\/\/koningdrone.be\/wp-content\/uploads\/sites\/13\/2026\/03\/DJI-Matrice-4E.webp","type":"image\/webp"}],"twitter_card":"summary_large_image","twitter_misc":{"Tiempo de lectura":"2 minutos"},"schema":{"@context":"https:\/\/schema.org","@graph":[{"@type":"WebPage","@id":"https:\/\/koningdrone.be\/product\/dji-matrice-4e\/","url":"https:\/\/koningdrone.be\/product\/dji-matrice-4e\/","name":"DJI Matrice 4E - koningdrone.be","isPartOf":{"@id":"https:\/\/koningdrone.be\/#website"},"primaryImageOfPage":{"@id":"https:\/\/koningdrone.be\/product\/dji-matrice-4e\/#primaryimage"},"image":{"@id":"https:\/\/koningdrone.be\/product\/dji-matrice-4e\/#primaryimage"},"thumbnailUrl":"https:\/\/koningdrone.be\/wp-content\/uploads\/sites\/13\/2026\/03\/DJI-Matrice-4E.webp","datePublished":"2025-02-25T05:49:44+00:00","dateModified":"2026-04-29T01:30:52+00:00","breadcrumb":{"@id":"https:\/\/koningdrone.be\/product\/dji-matrice-4e\/#breadcrumb"},"inLanguage":"es","potentialAction":[{"@type":"ReadAction","target":["https:\/\/koningdrone.be\/product\/dji-matrice-4e\/"]}]},{"@type":"ImageObject","inLanguage":"es","@id":"https:\/\/koningdrone.be\/product\/dji-matrice-4e\/#primaryimage","url":"https:\/\/koningdrone.be\/wp-content\/uploads\/sites\/13\/2026\/03\/DJI-Matrice-4E.webp","contentUrl":"https:\/\/koningdrone.be\/wp-content\/uploads\/sites\/13\/2026\/03\/DJI-Matrice-4E.webp","width":2048,"height":2048},{"@type":"BreadcrumbList","@id":"https:\/\/koningdrone.be\/product\/dji-matrice-4e\/#breadcrumb","itemListElement":[{"@type":"ListItem","position":1,"name":"Home","item":"https:\/\/koningdrone.be\/"},{"@type":"ListItem","position":2,"name":"AVSS Parachute Recovery System for DJI Matrice 300\/350","item":"https:\/\/koningdrone.be\/product\/avss-parachute-recovery-system-for-dji-matrice-300-350\/"},{"@type":"ListItem","position":3,"name":"Alle producten","item":"https:\/\/koningdrone.be\/categorie\/alle-producten\/"},{"@type":"ListItem","position":4,"name":"DJI Matrice 4E"}]},{"@type":"WebSite","@id":"https:\/\/koningdrone.be\/#website","url":"https:\/\/koningdrone.be\/","name":"Koningdrone.be - Su especialista en l\u00ednea en drones, cardanes, c\u00e1maras y centrales el\u00e9ctricas.","description":"La tienda virtual de drones y cardanes","publisher":{"@id":"https:\/\/koningdrone.be\/#organization"},"potentialAction":[{"@type":"SearchAction","target":{"@type":"EntryPoint","urlTemplate":"https:\/\/koningdrone.be\/?s={search_term_string}"},"query-input":{"@type":"PropertyValueSpecification","valueRequired":true,"valueName":"search_term_string"}}],"inLanguage":"es"},{"@type":"Organization","@id":"https:\/\/koningdrone.be\/#organization","name":"Kingdrone.es","url":"https:\/\/koningdrone.be\/","logo":{"@type":"ImageObject","inLanguage":"es","@id":"https:\/\/koningdrone.be\/#\/schema\/logo\/image\/","url":"https:\/\/koningdrone.be\/wp-content\/uploads\/sites\/13\/2025\/04\/koningdrone-copyright-logo.svg","contentUrl":"https:\/\/koningdrone.be\/wp-content\/uploads\/sites\/13\/2025\/04\/koningdrone-copyright-logo.svg","width":227,"height":38,"caption":"Koningdrone.be"},"image":{"@id":"https:\/\/koningdrone.be\/#\/schema\/logo\/image\/"}}]}},"df_price":4599,"df_sale_price":"","df_regular_price":4599,"df_image_link":"https:\/\/koningdrone.be\/wp-content\/uploads\/sites\/13\/2026\/03\/DJI-Matrice-4E-300x300.webp","_links":{"self":[{"href":"https:\/\/koningdrone.be\/es\/wp-json\/wp\/v2\/product\/1155","targetHints":{"allow":["GET"]}}],"collection":[{"href":"https:\/\/koningdrone.be\/es\/wp-json\/wp\/v2\/product"}],"about":[{"href":"https:\/\/koningdrone.be\/es\/wp-json\/wp\/v2\/types\/product"}],"wp:featuredmedia":[{"embeddable":true,"href":"https:\/\/koningdrone.be\/es\/wp-json\/wp\/v2\/media\/17001"}],"wp:attachment":[{"href":"https:\/\/koningdrone.be\/es\/wp-json\/wp\/v2\/media?parent=1155"}],"wp:term":[{"taxonomy":"product_brand","embeddable":true,"href":"https:\/\/koningdrone.be\/es\/wp-json\/wp\/v2\/product_brand?post=1155"},{"taxonomy":"product_cat","embeddable":true,"href":"https:\/\/koningdrone.be\/es\/wp-json\/wp\/v2\/product_cat?post=1155"},{"taxonomy":"product_tag","embeddable":true,"href":"https:\/\/koningdrone.be\/es\/wp-json\/wp\/v2\/product_tag?post=1155"}],"curies":[{"name":"wp","href":"https:\/\/api.w.org\/{rel}","templated":true}]}}