{"id":1147,"date":"2025-02-25T06:49:44","date_gmt":"2025-02-25T05:49:44","guid":{"rendered":"https:\/\/koningdrone.nl\/kon\/product\/dji-al1-spotlight\/"},"modified":"2026-04-29T03:50:28","modified_gmt":"2026-04-29T01:50:28","slug":"dji-al1-spotlight","status":"publish","type":"product","link":"https:\/\/koningdrone.be\/es\/producto\/dji-al1-spotlight\/","title":{"rendered":"DJI AL1 SpotLight"},"content":{"rendered":"<h3>DJI AL1 SpotLight<\/h3>\n<p><iframe loading=\"lazy\" title=\"DJI AL1 Spotlight | Primer uso\" width=\"800\" height=\"450\" src=\"https:\/\/www.youtube.com\/embed\/OlEeFrNEHmw?feature=oembed&#038;enablejsapi=1&#038;origin=https:\/\/koningdrone.be\" frameborder=\"0\" allow=\"accelerometer; autoplay; clipboard-write; encrypted-media; gyroscope; picture-in-picture; web-share\" referrerpolicy=\"strict-origin-when-cross-origin\" allowfullscreen><\/iframe><\/p>\n<p style=\"margin-top: 20px\">El DJI AL1 Spotlight es un proyector profesional <strong>drone spotlight<\/strong> dise\u00f1ado para su uso con drones empresariales DJI, especialmente el <strong>Matrice Serie 4<\/strong>. Esta potente unidad de alumbrado proporciona una iluminaci\u00f3n potente y focalizada para misiones nocturnas y poco iluminadas, como operaciones de b\u00fasqueda y rescate, inspecciones y tareas de seguridad p\u00fablica.<\/p>\n<p style=\"margin-bottom: 20px\">El foco puede vincularse de forma inteligente al card\u00e1n del dron, lo que permite que la zona iluminada siga autom\u00e1ticamente lo que ve la c\u00e1mara, garantizando una iluminaci\u00f3n precisa de los sujetos en vuelo.<\/p>\n<p style=\"text-align: center\"><a href=\"https:\/\/koningdrone.nl\/wp-content\/uploads\/2025\/02\/DJI-AL1-SpotLight.webp\"><img loading=\"lazy\" decoding=\"async\" class=\"size-full wp-image-467372 aligncenter\" src=\"https:\/\/koningdrone.nl\/wp-content\/uploads\/2025\/02\/DJI-AL1-SpotLight.webp\" alt=\"DJI AL1 SpotLight\" width=\"1200\" height=\"800\" \/><\/a><\/p>\n<h4>Rendimiento y funcionalidad<\/h4>\n<p>El proyector AL1 admite dos modos de iluminaci\u00f3n: <strong>Siempre conectado<\/strong> para iluminaci\u00f3n continua y <strong>Estroboscopio<\/strong> Para luz de se\u00f1alizaci\u00f3n o advertencia. Con un alcance de hasta aprox. <strong>100 metros<\/strong> kan het duidelijk onderwerpen verlichten op afstand, wat essentieel is voor nachtoperaties en observaties.<\/p>\n<p>De spotlight biedt ook een <strong>Modo FOV amplio<\/strong> que produce una zona iluminada m\u00e1s amplia, ideal para grandes \u00e1reas o periodos en los que se necesita que sea visible m\u00e1s superficie.<\/p>\n<h4>Calidad de construcci\u00f3n y dise\u00f1o<\/h4>\n<p>El AL1 es <strong>ligero y compacto<\/strong> con una construcci\u00f3n robusta apta para misiones al aire libre en diversas condiciones. El dise\u00f1o utiliza <strong>tornillos de fijaci\u00f3n r\u00e1pida<\/strong>, waardoor hij eenvoudig is te monteren op de gimbal van enterprise drones zonder extra gereedschap.<\/p>\n<p>Dankzij de intelligente gimbal\u2011integratie blijft de verlichting stabiel en gericht zelfs tijdens dynamische bewegingen van de drone.<\/p>\n<p><a href=\"https:\/\/koningdrone.nl\/wp-content\/uploads\/2025\/02\/AL1-SpotLight-DJI-Product.webp\"><img loading=\"lazy\" decoding=\"async\" class=\"wp-image-467368 size-medium aligncenter\" src=\"https:\/\/koningdrone.nl\/wp-content\/uploads\/2025\/02\/AL1-SpotLight-DJI-Product-300x300.webp\" alt=\"AL1 SpotLight DJI Product\" width=\"300\" height=\"300\" \/><\/a><\/p>\n<h4>Por qu\u00e9 lo necesita<\/h4>\n<p>El DJI AL1 Spotlight es importante para los profesionales que necesitan una iluminaci\u00f3n excelente durante misiones nocturnas, inspecciones u operaciones de seguridad p\u00fablica. Con m\u00faltiples modos de iluminaci\u00f3n, seguimiento de card\u00e1n y un amplio alcance, ayuda a los usuarios a obtener una mejor visi\u00f3n de sus \u00e1reas objetivo y a operar con mayor seguridad.<\/p>","protected":false},"excerpt":{"rendered":"<ul>\n<li>Iluminaci\u00f3n intensa hasta unos 100 metros de distancia<\/li>\n<li>Admite dos modos de iluminaci\u00f3n: Siempre encendida y Estrobosc\u00f3pica<\/li>\n<li>Modo Wide FOV para una iluminaci\u00f3n m\u00e1s amplia<\/li>\n<li>Conexi\u00f3n card\u00e1n inteligente para una exposici\u00f3n precisa<\/li>\n<li>Dise\u00f1o ligero y compacto f\u00e1cil de instalar en drones<\/li>\n<\/ul>","protected":false},"featured_media":17198,"template":"","meta":{"_acf_changed":false},"product_brand":[],"product_cat":[1767,98],"product_tag":[],"class_list":{"0":"post-1147","1":"product","2":"type-product","3":"status-publish","4":"has-post-thumbnail","6":"product_cat-dji-al1","7":"product_cat-dji-matrice-4","8":"product_shipping_class-uavspacesshowall","9":"pa_brand-dji","10":"pa_producttype-drone-schijnwerper","11":"pa_series-al1","13":"first","14":"instock","15":"taxable","16":"shipping-taxable","17":"purchasable","18":"product-type-simple"},"acf":[],"yoast_head":"<!-- This site is optimized with the Yoast SEO Premium plugin v27.2 (Yoast SEO v27.2) - https:\/\/yoast.com\/product\/yoast-seo-premium-wordpress\/ -->\n<title>DJI AL1 SpotLight - koningdrone.be<\/title>\n<meta name=\"robots\" content=\"index, follow, max-snippet:-1, max-image-preview:large, max-video-preview:-1\" \/>\n<link rel=\"canonical\" href=\"https:\/\/koningdrone.be\/es\/producto\/dji-al1-spotlight\/\" \/>\n<meta property=\"og:locale\" content=\"es_ES\" \/>\n<meta property=\"og:type\" content=\"article\" \/>\n<meta property=\"og:title\" content=\"DJI AL1 SpotLight\" \/>\n<meta property=\"og:description\" content=\"Sterke verlichting tot ongeveer 100 meter afstand  Ondersteunt twee verlichtingsmodi: Always\u2011On en Strobe  Wide FOV\u2011modus voor bredere verlichting  Intelligente gimbal\u2011linking voor nauwkeurige belichting  Licht en compact ontwerp dat eenvoudig op drones te installeren is\" \/>\n<meta property=\"og:url\" content=\"https:\/\/koningdrone.be\/es\/producto\/dji-al1-spotlight\/\" \/>\n<meta property=\"og:site_name\" content=\"koningdrone.be\" \/>\n<meta property=\"article:modified_time\" content=\"2026-04-29T01:50:28+00:00\" \/>\n<meta property=\"og:image\" content=\"https:\/\/koningdrone.be\/wp-content\/uploads\/sites\/13\/2026\/03\/DJI-AL1-SpotLight-Product.webp\" \/>\n\t<meta property=\"og:image:width\" content=\"2048\" \/>\n\t<meta property=\"og:image:height\" content=\"2048\" \/>\n\t<meta property=\"og:image:type\" content=\"image\/webp\" \/>\n<meta name=\"twitter:card\" content=\"summary_large_image\" \/>\n<meta name=\"twitter:label1\" content=\"Tiempo de lectura\" \/>\n\t<meta name=\"twitter:data1\" content=\"1 minuto\" \/>\n<script type=\"application\/ld+json\" class=\"yoast-schema-graph\">{\"@context\":\"https:\/\/schema.org\",\"@graph\":[{\"@type\":\"WebPage\",\"@id\":\"https:\/\/koningdrone.be\/product\/dji-al1-spotlight\/\",\"url\":\"https:\/\/koningdrone.be\/product\/dji-al1-spotlight\/\",\"name\":\"DJI AL1 SpotLight - koningdrone.be\",\"isPartOf\":{\"@id\":\"https:\/\/koningdrone.be\/#website\"},\"primaryImageOfPage\":{\"@id\":\"https:\/\/koningdrone.be\/product\/dji-al1-spotlight\/#primaryimage\"},\"image\":{\"@id\":\"https:\/\/koningdrone.be\/product\/dji-al1-spotlight\/#primaryimage\"},\"thumbnailUrl\":\"https:\/\/koningdrone.be\/wp-content\/uploads\/sites\/13\/2026\/03\/DJI-AL1-SpotLight-Product.webp\",\"datePublished\":\"2025-02-25T05:49:44+00:00\",\"dateModified\":\"2026-04-29T01:50:28+00:00\",\"breadcrumb\":{\"@id\":\"https:\/\/koningdrone.be\/product\/dji-al1-spotlight\/#breadcrumb\"},\"inLanguage\":\"es\",\"potentialAction\":[{\"@type\":\"ReadAction\",\"target\":[\"https:\/\/koningdrone.be\/product\/dji-al1-spotlight\/\"]}]},{\"@type\":\"ImageObject\",\"inLanguage\":\"es\",\"@id\":\"https:\/\/koningdrone.be\/product\/dji-al1-spotlight\/#primaryimage\",\"url\":\"https:\/\/koningdrone.be\/wp-content\/uploads\/sites\/13\/2026\/03\/DJI-AL1-SpotLight-Product.webp\",\"contentUrl\":\"https:\/\/koningdrone.be\/wp-content\/uploads\/sites\/13\/2026\/03\/DJI-AL1-SpotLight-Product.webp\",\"width\":2048,\"height\":2048},{\"@type\":\"BreadcrumbList\",\"@id\":\"https:\/\/koningdrone.be\/product\/dji-al1-spotlight\/#breadcrumb\",\"itemListElement\":[{\"@type\":\"ListItem\",\"position\":1,\"name\":\"Home\",\"item\":\"https:\/\/koningdrone.be\/\"},{\"@type\":\"ListItem\",\"position\":2,\"name\":\"AVSS Parachute Recovery System for DJI Matrice 300\/350\",\"item\":\"https:\/\/koningdrone.be\/product\/avss-parachute-recovery-system-for-dji-matrice-300-350\/\"},{\"@type\":\"ListItem\",\"position\":3,\"name\":\"DJI AL1\",\"item\":\"https:\/\/koningdrone.be\/categorie\/dji-al1\/\"},{\"@type\":\"ListItem\",\"position\":4,\"name\":\"DJI AL1 SpotLight\"}]},{\"@type\":\"WebSite\",\"@id\":\"https:\/\/koningdrone.be\/#website\",\"url\":\"https:\/\/koningdrone.be\/\",\"name\":\"Koningdrone.be - Uw online specialist in drones, gimbals, camera's en power stations.\",\"description\":\"De webshop in drones en gimbals\",\"publisher\":{\"@id\":\"https:\/\/koningdrone.be\/#organization\"},\"potentialAction\":[{\"@type\":\"SearchAction\",\"target\":{\"@type\":\"EntryPoint\",\"urlTemplate\":\"https:\/\/koningdrone.be\/?s={search_term_string}\"},\"query-input\":{\"@type\":\"PropertyValueSpecification\",\"valueRequired\":true,\"valueName\":\"search_term_string\"}}],\"inLanguage\":\"es\"},{\"@type\":\"Organization\",\"@id\":\"https:\/\/koningdrone.be\/#organization\",\"name\":\"Koningdrone.be\",\"url\":\"https:\/\/koningdrone.be\/\",\"logo\":{\"@type\":\"ImageObject\",\"inLanguage\":\"es\",\"@id\":\"https:\/\/koningdrone.be\/#\/schema\/logo\/image\/\",\"url\":\"https:\/\/koningdrone.be\/wp-content\/uploads\/sites\/13\/2025\/04\/koningdrone-copyright-logo.svg\",\"contentUrl\":\"https:\/\/koningdrone.be\/wp-content\/uploads\/sites\/13\/2025\/04\/koningdrone-copyright-logo.svg\",\"width\":227,\"height\":38,\"caption\":\"Koningdrone.be\"},\"image\":{\"@id\":\"https:\/\/koningdrone.be\/#\/schema\/logo\/image\/\"}}]}<\/script>\n<!-- \/ Yoast SEO Premium plugin. -->","yoast_head_json":{"title":"DJI AL1 SpotLight - koningdrone.be","robots":{"index":"index","follow":"follow","max-snippet":"max-snippet:-1","max-image-preview":"max-image-preview:large","max-video-preview":"max-video-preview:-1"},"canonical":"https:\/\/koningdrone.be\/es\/producto\/dji-al1-spotlight\/","og_locale":"es_ES","og_type":"article","og_title":"DJI AL1 SpotLight","og_description":"Sterke verlichting tot ongeveer 100 meter afstand  Ondersteunt twee verlichtingsmodi: Always\u2011On en Strobe  Wide FOV\u2011modus voor bredere verlichting  Intelligente gimbal\u2011linking voor nauwkeurige belichting  Licht en compact ontwerp dat eenvoudig op drones te installeren is","og_url":"https:\/\/koningdrone.be\/es\/producto\/dji-al1-spotlight\/","og_site_name":"koningdrone.be","article_modified_time":"2026-04-29T01:50:28+00:00","og_image":[{"width":2048,"height":2048,"url":"https:\/\/koningdrone.be\/wp-content\/uploads\/sites\/13\/2026\/03\/DJI-AL1-SpotLight-Product.webp","type":"image\/webp"}],"twitter_card":"summary_large_image","twitter_misc":{"Tiempo de lectura":"1 minuto"},"schema":{"@context":"https:\/\/schema.org","@graph":[{"@type":"WebPage","@id":"https:\/\/koningdrone.be\/product\/dji-al1-spotlight\/","url":"https:\/\/koningdrone.be\/product\/dji-al1-spotlight\/","name":"DJI AL1 SpotLight - koningdrone.be","isPartOf":{"@id":"https:\/\/koningdrone.be\/#website"},"primaryImageOfPage":{"@id":"https:\/\/koningdrone.be\/product\/dji-al1-spotlight\/#primaryimage"},"image":{"@id":"https:\/\/koningdrone.be\/product\/dji-al1-spotlight\/#primaryimage"},"thumbnailUrl":"https:\/\/koningdrone.be\/wp-content\/uploads\/sites\/13\/2026\/03\/DJI-AL1-SpotLight-Product.webp","datePublished":"2025-02-25T05:49:44+00:00","dateModified":"2026-04-29T01:50:28+00:00","breadcrumb":{"@id":"https:\/\/koningdrone.be\/product\/dji-al1-spotlight\/#breadcrumb"},"inLanguage":"es","potentialAction":[{"@type":"ReadAction","target":["https:\/\/koningdrone.be\/product\/dji-al1-spotlight\/"]}]},{"@type":"ImageObject","inLanguage":"es","@id":"https:\/\/koningdrone.be\/product\/dji-al1-spotlight\/#primaryimage","url":"https:\/\/koningdrone.be\/wp-content\/uploads\/sites\/13\/2026\/03\/DJI-AL1-SpotLight-Product.webp","contentUrl":"https:\/\/koningdrone.be\/wp-content\/uploads\/sites\/13\/2026\/03\/DJI-AL1-SpotLight-Product.webp","width":2048,"height":2048},{"@type":"BreadcrumbList","@id":"https:\/\/koningdrone.be\/product\/dji-al1-spotlight\/#breadcrumb","itemListElement":[{"@type":"ListItem","position":1,"name":"Home","item":"https:\/\/koningdrone.be\/"},{"@type":"ListItem","position":2,"name":"AVSS Parachute Recovery System for DJI Matrice 300\/350","item":"https:\/\/koningdrone.be\/product\/avss-parachute-recovery-system-for-dji-matrice-300-350\/"},{"@type":"ListItem","position":3,"name":"DJI AL1","item":"https:\/\/koningdrone.be\/categorie\/dji-al1\/"},{"@type":"ListItem","position":4,"name":"DJI AL1 SpotLight"}]},{"@type":"WebSite","@id":"https:\/\/koningdrone.be\/#website","url":"https:\/\/koningdrone.be\/","name":"Koningdrone.be - Su especialista en l\u00ednea en drones, cardanes, c\u00e1maras y centrales el\u00e9ctricas.","description":"La tienda virtual de drones y cardanes","publisher":{"@id":"https:\/\/koningdrone.be\/#organization"},"potentialAction":[{"@type":"SearchAction","target":{"@type":"EntryPoint","urlTemplate":"https:\/\/koningdrone.be\/?s={search_term_string}"},"query-input":{"@type":"PropertyValueSpecification","valueRequired":true,"valueName":"search_term_string"}}],"inLanguage":"es"},{"@type":"Organization","@id":"https:\/\/koningdrone.be\/#organization","name":"Kingdrone.es","url":"https:\/\/koningdrone.be\/","logo":{"@type":"ImageObject","inLanguage":"es","@id":"https:\/\/koningdrone.be\/#\/schema\/logo\/image\/","url":"https:\/\/koningdrone.be\/wp-content\/uploads\/sites\/13\/2025\/04\/koningdrone-copyright-logo.svg","contentUrl":"https:\/\/koningdrone.be\/wp-content\/uploads\/sites\/13\/2025\/04\/koningdrone-copyright-logo.svg","width":227,"height":38,"caption":"Koningdrone.be"},"image":{"@id":"https:\/\/koningdrone.be\/#\/schema\/logo\/image\/"}}]}},"df_price":299,"df_sale_price":"","df_regular_price":299,"df_image_link":"https:\/\/koningdrone.be\/wp-content\/uploads\/sites\/13\/2026\/03\/DJI-AL1-SpotLight-Product-300x300.webp","_links":{"self":[{"href":"https:\/\/koningdrone.be\/es\/wp-json\/wp\/v2\/product\/1147","targetHints":{"allow":["GET"]}}],"collection":[{"href":"https:\/\/koningdrone.be\/es\/wp-json\/wp\/v2\/product"}],"about":[{"href":"https:\/\/koningdrone.be\/es\/wp-json\/wp\/v2\/types\/product"}],"wp:featuredmedia":[{"embeddable":true,"href":"https:\/\/koningdrone.be\/es\/wp-json\/wp\/v2\/media\/17198"}],"wp:attachment":[{"href":"https:\/\/koningdrone.be\/es\/wp-json\/wp\/v2\/media?parent=1147"}],"wp:term":[{"taxonomy":"product_brand","embeddable":true,"href":"https:\/\/koningdrone.be\/es\/wp-json\/wp\/v2\/product_brand?post=1147"},{"taxonomy":"product_cat","embeddable":true,"href":"https:\/\/koningdrone.be\/es\/wp-json\/wp\/v2\/product_cat?post=1147"},{"taxonomy":"product_tag","embeddable":true,"href":"https:\/\/koningdrone.be\/es\/wp-json\/wp\/v2\/product_tag?post=1147"}],"curies":[{"name":"wp","href":"https:\/\/api.w.org\/{rel}","templated":true}]}}