{"id":1141,"date":"2025-02-25T06:50:44","date_gmt":"2025-02-25T05:50:44","guid":{"rendered":"https:\/\/koningdrone.nl\/kon\/product\/dji-rc-plus-2\/"},"modified":"2026-04-29T03:30:55","modified_gmt":"2026-04-29T01:30:55","slug":"dji-rc-plus-2","status":"publish","type":"product","link":"https:\/\/koningdrone.be\/es\/producto\/dji-rc-plus-2\/","title":{"rendered":"DJI RC Plus 2"},"content":{"rendered":"<h3>DJI RC Plus 2<\/h3>\n<p><iframe loading=\"lazy\" title=\"DJI RC Plus 2 Tutorial (Primer Vuelo)\" width=\"800\" height=\"450\" src=\"https:\/\/www.youtube.com\/embed\/0Gpc4V45Bcs?feature=oembed&#038;enablejsapi=1&#038;origin=https:\/\/koningdrone.be\" frameborder=\"0\" allow=\"accelerometer; autoplay; clipboard-write; encrypted-media; gyroscope; picture-in-picture; web-share\" referrerpolicy=\"strict-origin-when-cross-origin\" allowfullscreen><\/iframe><\/p>\n<p style=\"margin-top: 20px\">En <strong>DJI RC Plus 2<\/strong> es un controlador remoto empresarial profesional dise\u00f1ado para su uso con drones de la serie DJI Matrice y otras plataformas empresariales. El dispositivo cuenta con un <strong>pantalla integrada extrabrillante<\/strong>, para mantener una imagen n\u00edtida incluso a plena luz del sol, lo que resulta crucial para una vigilancia fiable durante las misiones en exteriores. Con una carcasa robusta, grado de protecci\u00f3n <strong>IP54<\/strong> y un amplio rango de temperaturas, el controlador es resistente al polvo, las salpicaduras de agua y las condiciones ambientales cambiantes.<\/p>\n<p>El RC Plus 2 admite la transmisi\u00f3n avanzada de v\u00eddeo a trav\u00e9s de <strong>O4 Empresa<\/strong>, incluyendo <strong>Sistemas de copia de seguridad de v\u00eddeo h\u00edbrido SDR y 4G<\/strong>, El sistema de videovigilancia de la c\u00e1mara garantiza una transmisi\u00f3n de v\u00eddeo estable y fluida, incluso en zonas urbanas o monta\u00f1osas.<\/p>\n<p style=\"margin-bottom: 20px\">Este controlador es ideal para profesionales que necesitan un control preciso, transmisi\u00f3n de v\u00eddeo en tiempo real y un rendimiento fiable en entornos exigentes.<\/p>\n<p style=\"text-align: center\"><a href=\"https:\/\/koningdrone.nl\/wp-content\/uploads\/2025\/02\/RC-Plus-2-DJI.webp\"><img loading=\"lazy\" decoding=\"async\" class=\"alignnone size-full wp-image-467159\" src=\"https:\/\/koningdrone.nl\/wp-content\/uploads\/2025\/02\/RC-Plus-2-DJI.webp\" alt=\"RC Plus 2 DJI\" width=\"1200\" height=\"800\" \/><\/a><\/p>\n<h4>Rendimiento y funcionalidad<\/h4>\n<p>El RC Plus 2 est\u00e1 equipado con <strong>GPS\/Galileo\/BeiDou-GNSS<\/strong>, que permite un posicionamiento preciso durante la operaci\u00f3n. El controlador se comunica con los drones a trav\u00e9s de <strong>Transmisi\u00f3n OcuSync<\/strong> y admite varias bandas de frecuencia para una estabilidad \u00f3ptima de la se\u00f1al.<\/p>\n<p>El alto brillo de la pantalla garantiza que la informaci\u00f3n y las im\u00e1genes en directo sigan siendo legibles bajo la luz solar directa, lo que resulta crucial durante los vuelos al aire libre y las inspecciones profesionales. Gracias a la compatibilidad con <strong>Wi-Fi y Bluetooth 5.2<\/strong> el controlador ofrece amplias opciones de conectividad para accesorios externos y transferencia de datos.<\/p>\n<h4>Calidad de construcci\u00f3n y dise\u00f1o<\/h4>\n<p>Con su <strong>Protecci\u00f3n IP54<\/strong> la RC Plus 2 es resistente al polvo y a las salpicaduras y puede utilizarse en diversas condiciones meteorol\u00f3gicas. Dise\u00f1ada para uso profesional sobre el terreno, su robusta construcci\u00f3n ofrece durabilidad sin comprometer la ergonom\u00eda.<\/p>\n<p>El dispositivo funciona de forma fiable a temperaturas de <strong>-20 \u00b0C a 50 \u00b0C<\/strong>, por lo que es apto para una gran variedad de entornos operativos, desde fr\u00edas cumbres monta\u00f1osas hasta calurosos parajes des\u00e9rticos.<\/p>\n<p style=\"text-align: center\"><a href=\"https:\/\/koningdrone.nl\/wp-content\/uploads\/2025\/02\/DJI-RC-Plus-2-Product.webp\"><img loading=\"lazy\" decoding=\"async\" class=\"aligncenter wp-image-467161 size-medium\" src=\"https:\/\/koningdrone.nl\/wp-content\/uploads\/2025\/02\/DJI-RC-Plus-2-Product-300x300.webp\" alt=\"DJI RC Plus 2 Product\" width=\"300\" height=\"300\" \/><\/a><\/p>\n<h4>Por qu\u00e9 lo necesita<\/h4>\n<p>Para los operadores de empresa que necesitan un control total sobre sus misiones con drones, el DJI RC Plus 2 ofrece una potente combinaci\u00f3n de visibilidad, conectividad y robustez. Con transmisi\u00f3n de v\u00eddeo avanzada y amplia compatibilidad, este controlador ayuda a los profesionales a realizar tareas de forma eficiente y segura, incluso en condiciones dif\u00edciles.<\/p>","protected":false},"excerpt":{"rendered":"<ul>\n<li>Pantalla integrada extrabrillante para una excelente visibilidad con luz intensa<\/li>\n<li>Dise\u00f1o robusto con protecci\u00f3n IP54 para resistir al polvo y las salpicaduras de agua<\/li>\n<li>O4 Transmisi\u00f3n de v\u00eddeo para empresas compatible con SDR y 4G h\u00edbrido<\/li>\n<li>Amplia gama de temperaturas de -20 \u00b0C a 50 \u00b0C para diversas condiciones clim\u00e1ticas<\/li>\n<li>Compatibilidad con Wi-Fi, Bluetooth y posicionamiento GNSS<\/li>\n<\/ul>","protected":false},"featured_media":17017,"template":"","meta":{"_acf_changed":false},"product_brand":[],"product_cat":[1587,98,1735,1583,1732],"product_tag":[],"class_list":{"0":"post-1141","1":"product","2":"type-product","3":"status-publish","4":"has-post-thumbnail","6":"product_cat-dji-dock","7":"product_cat-dji-matrice-4","8":"product_cat-dji-matrice-4-serie","9":"product_cat-dji-matrice-400","10":"product_cat-dji-matrice-4d","11":"product_shipping_class-uavspacesall","12":"pa_brand-dji","13":"pa_producttype-enterprise-afstandsbediening","14":"pa_series-rc","16":"first","17":"instock","18":"taxable","19":"shipping-taxable","20":"purchasable","21":"product-type-simple"},"acf":[],"yoast_head":"<!-- This site is optimized with the Yoast SEO Premium plugin v27.2 (Yoast SEO v27.2) - https:\/\/yoast.com\/product\/yoast-seo-premium-wordpress\/ -->\n<title>DJI RC Plus 2 - koningdrone.be<\/title>\n<meta name=\"robots\" content=\"index, follow, max-snippet:-1, max-image-preview:large, max-video-preview:-1\" \/>\n<link rel=\"canonical\" href=\"https:\/\/koningdrone.be\/es\/producto\/dji-rc-plus-2\/\" \/>\n<meta property=\"og:locale\" content=\"es_ES\" \/>\n<meta property=\"og:type\" content=\"article\" \/>\n<meta property=\"og:title\" content=\"DJI RC Plus 2\" \/>\n<meta property=\"og:description\" content=\"Extra helder ingebouwd display voor uitstekende zichtbaarheid in fel licht  Robuust ontwerp met IP54\u2011bescherming voor stof\u2011 en spatwaterbestendigheid  O4 Enterprise videotransmissie met SDR en 4G hybride ondersteuning  Brede temperatuurbereik van \u201120\u202f\u00b0C tot\u202f50\u202f\u00b0C voor diverse weersomstandigheden  Ondersteuning voor Wi\u2011Fi, Bluetooth en GNSS\u2011locatiebepaling\" \/>\n<meta property=\"og:url\" content=\"https:\/\/koningdrone.be\/es\/producto\/dji-rc-plus-2\/\" \/>\n<meta property=\"og:site_name\" content=\"koningdrone.be\" \/>\n<meta property=\"article:modified_time\" content=\"2026-04-29T01:30:55+00:00\" \/>\n<meta property=\"og:image\" content=\"https:\/\/koningdrone.be\/wp-content\/uploads\/sites\/13\/2026\/03\/DJI-RC-Plus-2.webp\" \/>\n\t<meta property=\"og:image:width\" content=\"2048\" \/>\n\t<meta property=\"og:image:height\" content=\"2048\" \/>\n\t<meta property=\"og:image:type\" content=\"image\/webp\" \/>\n<meta name=\"twitter:card\" content=\"summary_large_image\" \/>\n<meta name=\"twitter:label1\" content=\"Tiempo de lectura\" \/>\n\t<meta name=\"twitter:data1\" content=\"2 minutos\" \/>\n<script type=\"application\/ld+json\" class=\"yoast-schema-graph\">{\"@context\":\"https:\/\/schema.org\",\"@graph\":[{\"@type\":\"WebPage\",\"@id\":\"https:\/\/koningdrone.be\/product\/dji-rc-plus-2\/\",\"url\":\"https:\/\/koningdrone.be\/product\/dji-rc-plus-2\/\",\"name\":\"DJI RC Plus 2 - koningdrone.be\",\"isPartOf\":{\"@id\":\"https:\/\/koningdrone.be\/#website\"},\"primaryImageOfPage\":{\"@id\":\"https:\/\/koningdrone.be\/product\/dji-rc-plus-2\/#primaryimage\"},\"image\":{\"@id\":\"https:\/\/koningdrone.be\/product\/dji-rc-plus-2\/#primaryimage\"},\"thumbnailUrl\":\"https:\/\/koningdrone.be\/wp-content\/uploads\/sites\/13\/2026\/03\/DJI-RC-Plus-2.webp\",\"datePublished\":\"2025-02-25T05:50:44+00:00\",\"dateModified\":\"2026-04-29T01:30:55+00:00\",\"breadcrumb\":{\"@id\":\"https:\/\/koningdrone.be\/product\/dji-rc-plus-2\/#breadcrumb\"},\"inLanguage\":\"es\",\"potentialAction\":[{\"@type\":\"ReadAction\",\"target\":[\"https:\/\/koningdrone.be\/product\/dji-rc-plus-2\/\"]}]},{\"@type\":\"ImageObject\",\"inLanguage\":\"es\",\"@id\":\"https:\/\/koningdrone.be\/product\/dji-rc-plus-2\/#primaryimage\",\"url\":\"https:\/\/koningdrone.be\/wp-content\/uploads\/sites\/13\/2026\/03\/DJI-RC-Plus-2.webp\",\"contentUrl\":\"https:\/\/koningdrone.be\/wp-content\/uploads\/sites\/13\/2026\/03\/DJI-RC-Plus-2.webp\",\"width\":2048,\"height\":2048},{\"@type\":\"BreadcrumbList\",\"@id\":\"https:\/\/koningdrone.be\/product\/dji-rc-plus-2\/#breadcrumb\",\"itemListElement\":[{\"@type\":\"ListItem\",\"position\":1,\"name\":\"Home\",\"item\":\"https:\/\/koningdrone.be\/\"},{\"@type\":\"ListItem\",\"position\":2,\"name\":\"AVSS Parachute Recovery System for DJI Matrice 300\/350\",\"item\":\"https:\/\/koningdrone.be\/product\/avss-parachute-recovery-system-for-dji-matrice-300-350\/\"},{\"@type\":\"ListItem\",\"position\":3,\"name\":\"DJI Dock\",\"item\":\"https:\/\/koningdrone.be\/categorie\/dji-dock\/\"},{\"@type\":\"ListItem\",\"position\":4,\"name\":\"DJI RC Plus 2\"}]},{\"@type\":\"WebSite\",\"@id\":\"https:\/\/koningdrone.be\/#website\",\"url\":\"https:\/\/koningdrone.be\/\",\"name\":\"Koningdrone.be - Uw online specialist in drones, gimbals, camera's en power stations.\",\"description\":\"De webshop in drones en gimbals\",\"publisher\":{\"@id\":\"https:\/\/koningdrone.be\/#organization\"},\"potentialAction\":[{\"@type\":\"SearchAction\",\"target\":{\"@type\":\"EntryPoint\",\"urlTemplate\":\"https:\/\/koningdrone.be\/?s={search_term_string}\"},\"query-input\":{\"@type\":\"PropertyValueSpecification\",\"valueRequired\":true,\"valueName\":\"search_term_string\"}}],\"inLanguage\":\"es\"},{\"@type\":\"Organization\",\"@id\":\"https:\/\/koningdrone.be\/#organization\",\"name\":\"Koningdrone.be\",\"url\":\"https:\/\/koningdrone.be\/\",\"logo\":{\"@type\":\"ImageObject\",\"inLanguage\":\"es\",\"@id\":\"https:\/\/koningdrone.be\/#\/schema\/logo\/image\/\",\"url\":\"https:\/\/koningdrone.be\/wp-content\/uploads\/sites\/13\/2025\/04\/koningdrone-copyright-logo.svg\",\"contentUrl\":\"https:\/\/koningdrone.be\/wp-content\/uploads\/sites\/13\/2025\/04\/koningdrone-copyright-logo.svg\",\"width\":227,\"height\":38,\"caption\":\"Koningdrone.be\"},\"image\":{\"@id\":\"https:\/\/koningdrone.be\/#\/schema\/logo\/image\/\"}}]}<\/script>\n<!-- \/ Yoast SEO Premium plugin. -->","yoast_head_json":{"title":"DJI RC Plus 2 - koningdrone.be","robots":{"index":"index","follow":"follow","max-snippet":"max-snippet:-1","max-image-preview":"max-image-preview:large","max-video-preview":"max-video-preview:-1"},"canonical":"https:\/\/koningdrone.be\/es\/producto\/dji-rc-plus-2\/","og_locale":"es_ES","og_type":"article","og_title":"DJI RC Plus 2","og_description":"Extra helder ingebouwd display voor uitstekende zichtbaarheid in fel licht  Robuust ontwerp met IP54\u2011bescherming voor stof\u2011 en spatwaterbestendigheid  O4 Enterprise videotransmissie met SDR en 4G hybride ondersteuning  Brede temperatuurbereik van \u201120\u202f\u00b0C tot\u202f50\u202f\u00b0C voor diverse weersomstandigheden  Ondersteuning voor Wi\u2011Fi, Bluetooth en GNSS\u2011locatiebepaling","og_url":"https:\/\/koningdrone.be\/es\/producto\/dji-rc-plus-2\/","og_site_name":"koningdrone.be","article_modified_time":"2026-04-29T01:30:55+00:00","og_image":[{"width":2048,"height":2048,"url":"https:\/\/koningdrone.be\/wp-content\/uploads\/sites\/13\/2026\/03\/DJI-RC-Plus-2.webp","type":"image\/webp"}],"twitter_card":"summary_large_image","twitter_misc":{"Tiempo de lectura":"2 minutos"},"schema":{"@context":"https:\/\/schema.org","@graph":[{"@type":"WebPage","@id":"https:\/\/koningdrone.be\/product\/dji-rc-plus-2\/","url":"https:\/\/koningdrone.be\/product\/dji-rc-plus-2\/","name":"DJI RC Plus 2 - koningdrone.be","isPartOf":{"@id":"https:\/\/koningdrone.be\/#website"},"primaryImageOfPage":{"@id":"https:\/\/koningdrone.be\/product\/dji-rc-plus-2\/#primaryimage"},"image":{"@id":"https:\/\/koningdrone.be\/product\/dji-rc-plus-2\/#primaryimage"},"thumbnailUrl":"https:\/\/koningdrone.be\/wp-content\/uploads\/sites\/13\/2026\/03\/DJI-RC-Plus-2.webp","datePublished":"2025-02-25T05:50:44+00:00","dateModified":"2026-04-29T01:30:55+00:00","breadcrumb":{"@id":"https:\/\/koningdrone.be\/product\/dji-rc-plus-2\/#breadcrumb"},"inLanguage":"es","potentialAction":[{"@type":"ReadAction","target":["https:\/\/koningdrone.be\/product\/dji-rc-plus-2\/"]}]},{"@type":"ImageObject","inLanguage":"es","@id":"https:\/\/koningdrone.be\/product\/dji-rc-plus-2\/#primaryimage","url":"https:\/\/koningdrone.be\/wp-content\/uploads\/sites\/13\/2026\/03\/DJI-RC-Plus-2.webp","contentUrl":"https:\/\/koningdrone.be\/wp-content\/uploads\/sites\/13\/2026\/03\/DJI-RC-Plus-2.webp","width":2048,"height":2048},{"@type":"BreadcrumbList","@id":"https:\/\/koningdrone.be\/product\/dji-rc-plus-2\/#breadcrumb","itemListElement":[{"@type":"ListItem","position":1,"name":"Home","item":"https:\/\/koningdrone.be\/"},{"@type":"ListItem","position":2,"name":"AVSS Parachute Recovery System for DJI Matrice 300\/350","item":"https:\/\/koningdrone.be\/product\/avss-parachute-recovery-system-for-dji-matrice-300-350\/"},{"@type":"ListItem","position":3,"name":"DJI Dock","item":"https:\/\/koningdrone.be\/categorie\/dji-dock\/"},{"@type":"ListItem","position":4,"name":"DJI RC Plus 2"}]},{"@type":"WebSite","@id":"https:\/\/koningdrone.be\/#website","url":"https:\/\/koningdrone.be\/","name":"Koningdrone.be - Su especialista en l\u00ednea en drones, cardanes, c\u00e1maras y centrales el\u00e9ctricas.","description":"La tienda virtual de drones y cardanes","publisher":{"@id":"https:\/\/koningdrone.be\/#organization"},"potentialAction":[{"@type":"SearchAction","target":{"@type":"EntryPoint","urlTemplate":"https:\/\/koningdrone.be\/?s={search_term_string}"},"query-input":{"@type":"PropertyValueSpecification","valueRequired":true,"valueName":"search_term_string"}}],"inLanguage":"es"},{"@type":"Organization","@id":"https:\/\/koningdrone.be\/#organization","name":"Kingdrone.es","url":"https:\/\/koningdrone.be\/","logo":{"@type":"ImageObject","inLanguage":"es","@id":"https:\/\/koningdrone.be\/#\/schema\/logo\/image\/","url":"https:\/\/koningdrone.be\/wp-content\/uploads\/sites\/13\/2025\/04\/koningdrone-copyright-logo.svg","contentUrl":"https:\/\/koningdrone.be\/wp-content\/uploads\/sites\/13\/2025\/04\/koningdrone-copyright-logo.svg","width":227,"height":38,"caption":"Koningdrone.be"},"image":{"@id":"https:\/\/koningdrone.be\/#\/schema\/logo\/image\/"}}]}},"df_price":1500,"df_sale_price":"","df_regular_price":1500,"df_image_link":"https:\/\/koningdrone.be\/wp-content\/uploads\/sites\/13\/2026\/03\/DJI-RC-Plus-2-300x300.webp","_links":{"self":[{"href":"https:\/\/koningdrone.be\/es\/wp-json\/wp\/v2\/product\/1141","targetHints":{"allow":["GET"]}}],"collection":[{"href":"https:\/\/koningdrone.be\/es\/wp-json\/wp\/v2\/product"}],"about":[{"href":"https:\/\/koningdrone.be\/es\/wp-json\/wp\/v2\/types\/product"}],"wp:featuredmedia":[{"embeddable":true,"href":"https:\/\/koningdrone.be\/es\/wp-json\/wp\/v2\/media\/17017"}],"wp:attachment":[{"href":"https:\/\/koningdrone.be\/es\/wp-json\/wp\/v2\/media?parent=1141"}],"wp:term":[{"taxonomy":"product_brand","embeddable":true,"href":"https:\/\/koningdrone.be\/es\/wp-json\/wp\/v2\/product_brand?post=1141"},{"taxonomy":"product_cat","embeddable":true,"href":"https:\/\/koningdrone.be\/es\/wp-json\/wp\/v2\/product_cat?post=1141"},{"taxonomy":"product_tag","embeddable":true,"href":"https:\/\/koningdrone.be\/es\/wp-json\/wp\/v2\/product_tag?post=1141"}],"curies":[{"name":"wp","href":"https:\/\/api.w.org\/{rel}","templated":true}]}}