{"id":1132,"date":"2025-02-25T06:50:44","date_gmt":"2025-02-25T05:50:44","guid":{"rendered":"https:\/\/koningdrone.nl\/kon\/product\/d-rtk-3-survey-pole-and-tripod-kit\/"},"modified":"2026-04-29T03:31:07","modified_gmt":"2026-04-29T01:31:07","slug":"d-rtk-3-survey-pole-and-tripod-kit","status":"publish","type":"product","link":"https:\/\/koningdrone.be\/es\/producto\/d-rtk-3-survey-pole-and-tripod-kit\/","title":{"rendered":"Kit de bast\u00f3n de topograf\u00eda y tr\u00edpode D-RTK 3"},"content":{"rendered":"<h3>Kit de bast\u00f3n de topograf\u00eda y tr\u00edpode D-RTK 3<\/h3>\n<p><iframe loading=\"lazy\" title=\"Estaci\u00f3n multifunci\u00f3n D-RTK 3 | Primer uso\" width=\"800\" height=\"450\" src=\"https:\/\/www.youtube.com\/embed\/RCYX3K5LSXo?feature=oembed&#038;enablejsapi=1&#038;origin=https:\/\/koningdrone.be\" frameborder=\"0\" allow=\"accelerometer; autoplay; clipboard-write; encrypted-media; gyroscope; picture-in-picture; web-share\" referrerpolicy=\"strict-origin-when-cross-origin\" allowfullscreen><\/iframe><\/p>\n<p style=\"margin-top: 20px\">En <strong>DJI D-RTK 3 Palo de topograf\u00eda y tr\u00edpode<\/strong> es un kit de accesorios profesionales dise\u00f1ado para permitir el posicionamiento GNSS con precisi\u00f3n centim\u00e9trica al utilizar la estaci\u00f3n multifunci\u00f3n D-RTK 3 o como soluci\u00f3n topogr\u00e1fica independiente. Este kit proporciona una forma estable y precisa de posicionar receptores GNSS, ideal para topograf\u00eda, cartograf\u00eda, inspecciones y agricultura de precisi\u00f3n.<\/p>\n<p style=\"margin-bottom: 20px\">El poste topogr\u00e1fico y el tr\u00edpode est\u00e1n pensados para su uso por top\u00f3grafos, profesionales de SIG, pilotos de drones e ingenieros que deseen obtener resultados fiables y repetibles in situ. La robusta construcci\u00f3n y los puntos de montaje integrados garantizan la obtenci\u00f3n de datos de posici\u00f3n precisos en diversos entornos.<\/p>\n<p><a href=\"https:\/\/koningdrone.nl\/wp-content\/uploads\/2025\/02\/Product-D-RTK-3-Survey-Pole-and-Tripod-Kit.jpg\"><img loading=\"lazy\" decoding=\"async\" class=\"size-full wp-image-467452 aligncenter\" src=\"https:\/\/koningdrone.nl\/wp-content\/uploads\/2025\/02\/Product-D-RTK-3-Survey-Pole-and-Tripod-Kit.jpg\" alt=\"Product D-RTK 3 Survey Pole and Tripod Kit\" width=\"1200\" height=\"800\" \/><\/a><\/p>\n<h4>Rendimiento y funcionalidad<\/h4>\n<p>De survey pole is verstelbaar in hoogte, waardoor je snel en eenvoudig de GNSS\u2011ontvanger op de juiste meetpositie kunt brengen. De tripod zorgt voor extra stabiliteit wanneer je een vaste opstelling nodig hebt, zoals bij geodetische metingen of langdurige observaties.<\/p>\n<p>Deze accessoires zijn ontworpen om <strong>trabajar con m\u00faltiples receptores GNSS y estaciones base<\/strong>, incluido el DJI D-RTK 3, manteniendo la cadena de medici\u00f3n completa y flexible. Esto facilita la determinaci\u00f3n de puntos de referencia precisos durante el trabajo de campo.<\/p>\n<h4>Calidad de construcci\u00f3n y dise\u00f1o<\/h4>\n<p>De set is vervaardigd uit duurzame materialen die bestand zijn tegen intensief gebruik in het veld. De survey pole heeft een stevige montagekop voor GNSS\u2011apparatuur en een ergonomisch ontwerp dat het dragen en instellen vergemakkelijkt. De tripod heeft stabiele poten en een snel vergrendelingssysteem om wiebelen te minimaliseren en de meetnauwkeurigheid te verbeteren.<br \/>\nDankzij het lichte gewicht en de compacte vorm is de set eenvoudig mee te nemen tijdens verplaatsingen naar verschillende werkplekken.<br \/>\n<a href=\"https:\/\/koningdrone.nl\/wp-content\/uploads\/2025\/02\/D-RTK-3-Survey-Pole-and-Tripod-Kit-Product.jpg\"><img loading=\"lazy\" decoding=\"async\" class=\"aligncenter wp-image-467451 size-medium\" src=\"https:\/\/koningdrone.nl\/wp-content\/uploads\/2025\/02\/D-RTK-3-Survey-Pole-and-Tripod-Kit-Product-300x300.jpg\" alt=\"\" width=\"300\" height=\"300\" \/><\/a><\/p>\n<h4>Por qu\u00e9 lo necesita<\/h4>\n<p>Si quieres combinar la medici\u00f3n GNSS de alta calidad con el D-RTK 3 u otro equipo RTK, el bast\u00f3n de topograf\u00eda y tr\u00edpode DJI D-RTK 3 proporciona la estabilidad y precisi\u00f3n que necesitas para realizar mediciones fiables en cualquier situaci\u00f3n. Hace que tu trabajo de campo sea m\u00e1s eficiente y preciso.<\/p>","protected":false},"excerpt":{"rendered":"<ul>\n<li>Poste topogr\u00e1fico ajustable para un posicionamiento GNSS preciso<\/li>\n<li>Tr\u00edpode estable para mediciones fijas y observaciones a largo plazo<\/li>\n<li>Compatible con el DJI D-RTK 3 y otros receptores GNSS de alta precisi\u00f3n<\/li>\n<li>Dise\u00f1o duradero y ligero para uso en exteriores<\/li>\n<li>F\u00e1cil montaje y r\u00e1pida configuraci\u00f3n para el trabajo de campo<\/li>\n<\/ul>","protected":false},"featured_media":17233,"template":"","meta":{"_acf_changed":false},"product_brand":[],"product_cat":[1775,149,543,153,98,1583,1732],"product_tag":[],"class_list":{"0":"post-1132","1":"product","2":"type-product","3":"status-publish","4":"has-post-thumbnail","6":"product_cat-dji-d-rtk-3","7":"product_cat-dji-matrice-30","8":"product_cat-dji-matrice-30t","9":"product_cat-dji-matrice-350","10":"product_cat-dji-matrice-4","11":"product_cat-dji-matrice-400","12":"product_cat-dji-matrice-4d","13":"product_shipping_class-uavspacesall","14":"pa_brand-dji","15":"pa_producttype-surveypaal","17":"first","18":"instock","19":"taxable","20":"shipping-taxable","21":"purchasable","22":"product-type-simple"},"acf":[],"yoast_head":"<!-- This site is optimized with the Yoast SEO Premium plugin v27.2 (Yoast SEO v27.2) - https:\/\/yoast.com\/product\/yoast-seo-premium-wordpress\/ -->\n<title>D-RTK 3 Survey Pole and Tripod Kit - koningdrone.be<\/title>\n<meta name=\"robots\" content=\"index, follow, max-snippet:-1, max-image-preview:large, max-video-preview:-1\" \/>\n<link rel=\"canonical\" href=\"https:\/\/koningdrone.be\/es\/producto\/d-rtk-3-survey-pole-and-tripod-kit\/\" \/>\n<meta property=\"og:locale\" content=\"es_ES\" \/>\n<meta property=\"og:type\" content=\"article\" \/>\n<meta property=\"og:title\" content=\"D-RTK 3 Survey Pole and Tripod Kit\" \/>\n<meta property=\"og:description\" content=\"Verstelbare survey pole voor nauwkeurige GNSS\u2011positionering  Stabiele tripod voor vaste metingen en langdurige observaties  Compatibel met de DJI D\u2011RTK 3 en andere high\u2011precision GNSS\u2011ontvangers  Duurzaam en toch lichtgewicht ontwerp voor gebruik buiten  Eenvoudige montage en snelle setup voor veldwerk\" \/>\n<meta property=\"og:url\" content=\"https:\/\/koningdrone.be\/es\/producto\/d-rtk-3-survey-pole-and-tripod-kit\/\" \/>\n<meta property=\"og:site_name\" content=\"koningdrone.be\" \/>\n<meta property=\"article:modified_time\" content=\"2026-04-29T01:31:07+00:00\" \/>\n<meta property=\"og:image\" content=\"https:\/\/koningdrone.be\/wp-content\/uploads\/sites\/13\/2026\/03\/D-RTK-3-Survey-Pole-and-Tripod-Kit.webp\" \/>\n\t<meta property=\"og:image:width\" content=\"2048\" \/>\n\t<meta property=\"og:image:height\" content=\"2048\" \/>\n\t<meta property=\"og:image:type\" content=\"image\/webp\" \/>\n<meta name=\"twitter:card\" content=\"summary_large_image\" \/>\n<meta name=\"twitter:label1\" content=\"Tiempo de lectura\" \/>\n\t<meta name=\"twitter:data1\" content=\"2 minutos\" \/>\n<script type=\"application\/ld+json\" class=\"yoast-schema-graph\">{\"@context\":\"https:\/\/schema.org\",\"@graph\":[{\"@type\":\"WebPage\",\"@id\":\"https:\/\/koningdrone.be\/product\/d-rtk-3-survey-pole-and-tripod-kit\/\",\"url\":\"https:\/\/koningdrone.be\/product\/d-rtk-3-survey-pole-and-tripod-kit\/\",\"name\":\"D-RTK 3 Survey Pole and Tripod Kit - koningdrone.be\",\"isPartOf\":{\"@id\":\"https:\/\/koningdrone.be\/#website\"},\"primaryImageOfPage\":{\"@id\":\"https:\/\/koningdrone.be\/product\/d-rtk-3-survey-pole-and-tripod-kit\/#primaryimage\"},\"image\":{\"@id\":\"https:\/\/koningdrone.be\/product\/d-rtk-3-survey-pole-and-tripod-kit\/#primaryimage\"},\"thumbnailUrl\":\"https:\/\/koningdrone.be\/wp-content\/uploads\/sites\/13\/2026\/03\/D-RTK-3-Survey-Pole-and-Tripod-Kit.webp\",\"datePublished\":\"2025-02-25T05:50:44+00:00\",\"dateModified\":\"2026-04-29T01:31:07+00:00\",\"breadcrumb\":{\"@id\":\"https:\/\/koningdrone.be\/product\/d-rtk-3-survey-pole-and-tripod-kit\/#breadcrumb\"},\"inLanguage\":\"es\",\"potentialAction\":[{\"@type\":\"ReadAction\",\"target\":[\"https:\/\/koningdrone.be\/product\/d-rtk-3-survey-pole-and-tripod-kit\/\"]}]},{\"@type\":\"ImageObject\",\"inLanguage\":\"es\",\"@id\":\"https:\/\/koningdrone.be\/product\/d-rtk-3-survey-pole-and-tripod-kit\/#primaryimage\",\"url\":\"https:\/\/koningdrone.be\/wp-content\/uploads\/sites\/13\/2026\/03\/D-RTK-3-Survey-Pole-and-Tripod-Kit.webp\",\"contentUrl\":\"https:\/\/koningdrone.be\/wp-content\/uploads\/sites\/13\/2026\/03\/D-RTK-3-Survey-Pole-and-Tripod-Kit.webp\",\"width\":2048,\"height\":2048},{\"@type\":\"BreadcrumbList\",\"@id\":\"https:\/\/koningdrone.be\/product\/d-rtk-3-survey-pole-and-tripod-kit\/#breadcrumb\",\"itemListElement\":[{\"@type\":\"ListItem\",\"position\":1,\"name\":\"Home\",\"item\":\"https:\/\/koningdrone.be\/\"},{\"@type\":\"ListItem\",\"position\":2,\"name\":\"AVSS Parachute Recovery System for DJI Matrice 300\/350\",\"item\":\"https:\/\/koningdrone.be\/product\/avss-parachute-recovery-system-for-dji-matrice-300-350\/\"},{\"@type\":\"ListItem\",\"position\":3,\"name\":\"DJI D-RTK 3\",\"item\":\"https:\/\/koningdrone.be\/categorie\/dji-d-rtk-3\/\"},{\"@type\":\"ListItem\",\"position\":4,\"name\":\"D-RTK 3 Survey Pole and Tripod Kit\"}]},{\"@type\":\"WebSite\",\"@id\":\"https:\/\/koningdrone.be\/#website\",\"url\":\"https:\/\/koningdrone.be\/\",\"name\":\"Koningdrone.be - Uw online specialist in drones, gimbals, camera's en power stations.\",\"description\":\"De webshop in drones en gimbals\",\"publisher\":{\"@id\":\"https:\/\/koningdrone.be\/#organization\"},\"potentialAction\":[{\"@type\":\"SearchAction\",\"target\":{\"@type\":\"EntryPoint\",\"urlTemplate\":\"https:\/\/koningdrone.be\/?s={search_term_string}\"},\"query-input\":{\"@type\":\"PropertyValueSpecification\",\"valueRequired\":true,\"valueName\":\"search_term_string\"}}],\"inLanguage\":\"es\"},{\"@type\":\"Organization\",\"@id\":\"https:\/\/koningdrone.be\/#organization\",\"name\":\"Koningdrone.be\",\"url\":\"https:\/\/koningdrone.be\/\",\"logo\":{\"@type\":\"ImageObject\",\"inLanguage\":\"es\",\"@id\":\"https:\/\/koningdrone.be\/#\/schema\/logo\/image\/\",\"url\":\"https:\/\/koningdrone.be\/wp-content\/uploads\/sites\/13\/2025\/04\/koningdrone-copyright-logo.svg\",\"contentUrl\":\"https:\/\/koningdrone.be\/wp-content\/uploads\/sites\/13\/2025\/04\/koningdrone-copyright-logo.svg\",\"width\":227,\"height\":38,\"caption\":\"Koningdrone.be\"},\"image\":{\"@id\":\"https:\/\/koningdrone.be\/#\/schema\/logo\/image\/\"}}]}<\/script>\n<!-- \/ Yoast SEO Premium plugin. -->","yoast_head_json":{"title":"D-RTK 3 Survey Pole and Tripod Kit - koningdrone.be","robots":{"index":"index","follow":"follow","max-snippet":"max-snippet:-1","max-image-preview":"max-image-preview:large","max-video-preview":"max-video-preview:-1"},"canonical":"https:\/\/koningdrone.be\/es\/producto\/d-rtk-3-survey-pole-and-tripod-kit\/","og_locale":"es_ES","og_type":"article","og_title":"D-RTK 3 Survey Pole and Tripod Kit","og_description":"Verstelbare survey pole voor nauwkeurige GNSS\u2011positionering  Stabiele tripod voor vaste metingen en langdurige observaties  Compatibel met de DJI D\u2011RTK 3 en andere high\u2011precision GNSS\u2011ontvangers  Duurzaam en toch lichtgewicht ontwerp voor gebruik buiten  Eenvoudige montage en snelle setup voor veldwerk","og_url":"https:\/\/koningdrone.be\/es\/producto\/d-rtk-3-survey-pole-and-tripod-kit\/","og_site_name":"koningdrone.be","article_modified_time":"2026-04-29T01:31:07+00:00","og_image":[{"width":2048,"height":2048,"url":"https:\/\/koningdrone.be\/wp-content\/uploads\/sites\/13\/2026\/03\/D-RTK-3-Survey-Pole-and-Tripod-Kit.webp","type":"image\/webp"}],"twitter_card":"summary_large_image","twitter_misc":{"Tiempo de lectura":"2 minutos"},"schema":{"@context":"https:\/\/schema.org","@graph":[{"@type":"WebPage","@id":"https:\/\/koningdrone.be\/product\/d-rtk-3-survey-pole-and-tripod-kit\/","url":"https:\/\/koningdrone.be\/product\/d-rtk-3-survey-pole-and-tripod-kit\/","name":"D-RTK 3 Survey Pole and Tripod Kit - koningdrone.be","isPartOf":{"@id":"https:\/\/koningdrone.be\/#website"},"primaryImageOfPage":{"@id":"https:\/\/koningdrone.be\/product\/d-rtk-3-survey-pole-and-tripod-kit\/#primaryimage"},"image":{"@id":"https:\/\/koningdrone.be\/product\/d-rtk-3-survey-pole-and-tripod-kit\/#primaryimage"},"thumbnailUrl":"https:\/\/koningdrone.be\/wp-content\/uploads\/sites\/13\/2026\/03\/D-RTK-3-Survey-Pole-and-Tripod-Kit.webp","datePublished":"2025-02-25T05:50:44+00:00","dateModified":"2026-04-29T01:31:07+00:00","breadcrumb":{"@id":"https:\/\/koningdrone.be\/product\/d-rtk-3-survey-pole-and-tripod-kit\/#breadcrumb"},"inLanguage":"es","potentialAction":[{"@type":"ReadAction","target":["https:\/\/koningdrone.be\/product\/d-rtk-3-survey-pole-and-tripod-kit\/"]}]},{"@type":"ImageObject","inLanguage":"es","@id":"https:\/\/koningdrone.be\/product\/d-rtk-3-survey-pole-and-tripod-kit\/#primaryimage","url":"https:\/\/koningdrone.be\/wp-content\/uploads\/sites\/13\/2026\/03\/D-RTK-3-Survey-Pole-and-Tripod-Kit.webp","contentUrl":"https:\/\/koningdrone.be\/wp-content\/uploads\/sites\/13\/2026\/03\/D-RTK-3-Survey-Pole-and-Tripod-Kit.webp","width":2048,"height":2048},{"@type":"BreadcrumbList","@id":"https:\/\/koningdrone.be\/product\/d-rtk-3-survey-pole-and-tripod-kit\/#breadcrumb","itemListElement":[{"@type":"ListItem","position":1,"name":"Home","item":"https:\/\/koningdrone.be\/"},{"@type":"ListItem","position":2,"name":"AVSS Parachute Recovery System for DJI Matrice 300\/350","item":"https:\/\/koningdrone.be\/product\/avss-parachute-recovery-system-for-dji-matrice-300-350\/"},{"@type":"ListItem","position":3,"name":"DJI D-RTK 3","item":"https:\/\/koningdrone.be\/categorie\/dji-d-rtk-3\/"},{"@type":"ListItem","position":4,"name":"D-RTK 3 Survey Pole and Tripod Kit"}]},{"@type":"WebSite","@id":"https:\/\/koningdrone.be\/#website","url":"https:\/\/koningdrone.be\/","name":"Koningdrone.be - Su especialista en l\u00ednea en drones, cardanes, c\u00e1maras y centrales el\u00e9ctricas.","description":"La tienda virtual de drones y cardanes","publisher":{"@id":"https:\/\/koningdrone.be\/#organization"},"potentialAction":[{"@type":"SearchAction","target":{"@type":"EntryPoint","urlTemplate":"https:\/\/koningdrone.be\/?s={search_term_string}"},"query-input":{"@type":"PropertyValueSpecification","valueRequired":true,"valueName":"search_term_string"}}],"inLanguage":"es"},{"@type":"Organization","@id":"https:\/\/koningdrone.be\/#organization","name":"Kingdrone.es","url":"https:\/\/koningdrone.be\/","logo":{"@type":"ImageObject","inLanguage":"es","@id":"https:\/\/koningdrone.be\/#\/schema\/logo\/image\/","url":"https:\/\/koningdrone.be\/wp-content\/uploads\/sites\/13\/2025\/04\/koningdrone-copyright-logo.svg","contentUrl":"https:\/\/koningdrone.be\/wp-content\/uploads\/sites\/13\/2025\/04\/koningdrone-copyright-logo.svg","width":227,"height":38,"caption":"Koningdrone.be"},"image":{"@id":"https:\/\/koningdrone.be\/#\/schema\/logo\/image\/"}}]}},"df_price":399,"df_sale_price":"","df_regular_price":399,"df_image_link":"https:\/\/koningdrone.be\/wp-content\/uploads\/sites\/13\/2026\/03\/D-RTK-3-Survey-Pole-and-Tripod-Kit-300x300.webp","_links":{"self":[{"href":"https:\/\/koningdrone.be\/es\/wp-json\/wp\/v2\/product\/1132","targetHints":{"allow":["GET"]}}],"collection":[{"href":"https:\/\/koningdrone.be\/es\/wp-json\/wp\/v2\/product"}],"about":[{"href":"https:\/\/koningdrone.be\/es\/wp-json\/wp\/v2\/types\/product"}],"wp:featuredmedia":[{"embeddable":true,"href":"https:\/\/koningdrone.be\/es\/wp-json\/wp\/v2\/media\/17233"}],"wp:attachment":[{"href":"https:\/\/koningdrone.be\/es\/wp-json\/wp\/v2\/media?parent=1132"}],"wp:term":[{"taxonomy":"product_brand","embeddable":true,"href":"https:\/\/koningdrone.be\/es\/wp-json\/wp\/v2\/product_brand?post=1132"},{"taxonomy":"product_cat","embeddable":true,"href":"https:\/\/koningdrone.be\/es\/wp-json\/wp\/v2\/product_cat?post=1132"},{"taxonomy":"product_tag","embeddable":true,"href":"https:\/\/koningdrone.be\/es\/wp-json\/wp\/v2\/product_tag?post=1132"}],"curies":[{"name":"wp","href":"https:\/\/api.w.org\/{rel}","templated":true}]}}