{"id":1129,"date":"2025-02-25T06:50:44","date_gmt":"2025-02-25T05:50:44","guid":{"rendered":"https:\/\/koningdrone.nl\/kon\/product\/d-rtk-3-multifunctional-station\/"},"modified":"2026-04-29T03:31:06","modified_gmt":"2026-04-29T01:31:06","slug":"d-rtk-3-multifunctional-station","status":"publish","type":"product","link":"https:\/\/koningdrone.be\/es\/producto\/d-rtk-3-multifunctional-station\/","title":{"rendered":"Estaci\u00f3n multifunci\u00f3n D-RTK 3"},"content":{"rendered":"<h3>Estaci\u00f3n multifunci\u00f3n D-RTK 3<\/h3>\n<p><iframe loading=\"lazy\" title=\"Estaci\u00f3n multifunci\u00f3n D-RTK 3 | Primer uso\" width=\"800\" height=\"450\" src=\"https:\/\/www.youtube.com\/embed\/RCYX3K5LSXo?feature=oembed&#038;enablejsapi=1&#038;origin=https:\/\/koningdrone.be\" frameborder=\"0\" allow=\"accelerometer; autoplay; clipboard-write; encrypted-media; gyroscope; picture-in-picture; web-share\" referrerpolicy=\"strict-origin-when-cross-origin\" allowfullscreen><\/iframe><\/p>\n<p style=\"margin-top: 20px\">En <strong>Estaci\u00f3n multifunci\u00f3n DJI D-RTK 3<\/strong> es una estaci\u00f3n de referencia GNSS avanzada dise\u00f1ada para profesionales que requieren un posicionamiento a nivel centim\u00e9trico para operaciones con drones, cartograf\u00eda, inspecciones y agricultura de precisi\u00f3n. Combina receptores GNSS de alto rendimiento, m\u00faltiples enlaces de transmisi\u00f3n de datos y un sistema de medici\u00f3n inercial integrado para proporcionar datos precisos de localizaci\u00f3n y orientaci\u00f3n para uno o varios drones simult\u00e1neamente\/p.<\/p>\n<p style=\"margin-bottom: 20px\">La estaci\u00f3n puede funcionar como <strong>estaci\u00f3n base<\/strong>, <strong>estaci\u00f3n difusora<\/strong> o <strong>estaci\u00f3n rover<\/strong>, lo que lo hace flexible para una gran variedad de aplicaciones. Compatible con m\u00faltiples sistemas de sat\u00e9lites como GPS, GLONASS, BeiDou y Galileo, proporciona datos de posici\u00f3n fiables incluso en entornos con cobertura de red limitada.<\/p>\n<p><a href=\"https:\/\/koningdrone.nl\/wp-content\/uploads\/2025\/02\/D-RTK-3-Product-Multifunctional-Station.webp\"><img loading=\"lazy\" decoding=\"async\" class=\"size-full wp-image-467415 aligncenter\" src=\"https:\/\/koningdrone.nl\/wp-content\/uploads\/2025\/02\/D-RTK-3-Product-Multifunctional-Station.webp\" alt=\"D-RTK 3 Product Multifunctional Station\" width=\"1200\" height=\"800\" \/><\/a><\/p>\n<h4>Rendimiento y funcionalidad<\/h4>\n<p>En <strong>modo estaci\u00f3n base<\/strong> levert de D\u2011RTK 3 centimer\u2011precisienauwkeurigheid voor meerdere drones tegelijkertijd, wat ideaal is voor mapping, modellering en inspectiewerk waar fouten van meters onacceptabel zijn.<\/p>\n<p>En <strong>modo estaci\u00f3n repetidora<\/strong> kan het de operationele afstand tussen drone en afstandsbediening aanzienlijk vergroten, met ongehinderde transmissies tot tientallen kilometers in open gebieden.<\/p>\n<p>En <strong>modo estaci\u00f3n del rover<\/strong> la estaci\u00f3n funciona con la aplicaci\u00f3n DJI Enterprise para recopilar coordenadas de alta precisi\u00f3n para la medici\u00f3n o calibraci\u00f3n en tierra.<\/p>\n<h4>Calidad de construcci\u00f3n y dise\u00f1o<\/h4>\n<p>El D-RTK 3 est\u00e1 construido con una robusta, <strong>Carcasa con protecci\u00f3n IP67<\/strong> die bestand is tegen stof en water, waardoor hij betrouwbaar kan worden gebruikt in uiteenlopende weersomstandigheden.<\/p>\n<p>Het station heeft een compact formaat en een gewicht van circa 1,26\u202fkg, waardoor het makkelijk te transporteren en te installeren is op locaties voor veldwerk.<\/p>\n<p>Met meegeleverde richtantenne\u2011modules en een USB\u2011A naar USB\u2011C\u2011kabel is de installatie snel en eenvoudig, zodat gebruikers binnen enkele minuten operationeel kunnen zijn.<\/p>\n<p><a href=\"https:\/\/koningdrone.nl\/wp-content\/uploads\/2025\/02\/D-RTK-3-Multifunctional-Station.webp\"><img loading=\"lazy\" decoding=\"async\" class=\"wp-image-467417 size-medium aligncenter\" src=\"https:\/\/koningdrone.nl\/wp-content\/uploads\/2025\/02\/D-RTK-3-Multifunctional-Station-300x300.webp\" alt=\"D-RTK 3 Multifunctional Station\" width=\"300\" height=\"300\" \/><\/a><\/p>\n<h4>Por qu\u00e9 lo necesita<\/h4>\n<p>Si trabaja con drones industriales en cartograf\u00eda, topograf\u00eda, agricultura o inspecciones de infraestructuras donde la precisi\u00f3n es esencial, el D-RTK 3 ofrece una soluci\u00f3n RTK completa, flexible y potente. Su versatilidad como estaci\u00f3n base, rover y de retransmisi\u00f3n la convierte en una herramienta indispensable para cualquier aplicaci\u00f3n profesional en la que necesite datos de localizaci\u00f3n precisos.<\/p>","protected":false},"excerpt":{"rendered":"<ul>\n<li>Posicionamiento al cent\u00edmetro para varios drones simult\u00e1neamente<\/li>\n<li>Admite los modos de estaci\u00f3n base, estaci\u00f3n repetidora y estaci\u00f3n m\u00f3vil.<\/li>\n<li>Aumenta la distancia operativa entre el dron y el controlador<\/li>\n<li>Robusta carcasa con protecci\u00f3n IP67 para uso en exteriores<\/li>\n<li>F\u00e1cil instalaci\u00f3n con las antenas y cables suministrados<\/li>\n<\/ul>","protected":false},"featured_media":17229,"template":"","meta":{"_acf_changed":false},"product_brand":[],"product_cat":[97,118,149,543,153,98,1583,1732,624,115],"product_tag":[],"class_list":{"0":"post-1129","1":"product","2":"type-product","3":"status-publish","4":"has-post-thumbnail","6":"product_cat-alle-producten","7":"product_cat-alle-rtk","8":"product_cat-dji-matrice-30","9":"product_cat-dji-matrice-30t","10":"product_cat-dji-matrice-350","11":"product_cat-dji-matrice-4","12":"product_cat-dji-matrice-400","13":"product_cat-dji-matrice-4d","14":"product_cat-enterprise-accessoires","15":"product_cat-inspecties-met-drones","16":"product_shipping_class-uavspacesall","17":"pa_brand-dji","18":"pa_producttype-rtk-station","19":"pa_series-d-rtk","21":"first","22":"instock","23":"taxable","24":"shipping-taxable","25":"purchasable","26":"product-type-simple"},"acf":[],"yoast_head":"<!-- This site is optimized with the Yoast SEO Premium plugin v27.2 (Yoast SEO v27.2) - https:\/\/yoast.com\/product\/yoast-seo-premium-wordpress\/ -->\n<title>D-RTK 3 Multifunctional Station - koningdrone.be<\/title>\n<meta name=\"robots\" content=\"index, follow, max-snippet:-1, max-image-preview:large, max-video-preview:-1\" \/>\n<link rel=\"canonical\" href=\"https:\/\/koningdrone.be\/es\/producto\/d-rtk-3-multifunctional-station\/\" \/>\n<meta property=\"og:locale\" content=\"es_ES\" \/>\n<meta property=\"og:type\" content=\"article\" \/>\n<meta property=\"og:title\" content=\"D-RTK 3 Multifunctional Station\" \/>\n<meta property=\"og:description\" content=\"Centimeter\u2011niveau positionering voor meerdere drones tegelijk  Ondersteunt base station, relay station en rover station modes  Verhoogt operationele afstand tussen drone en controller  Robuuste IP67\u2011beschermde behuizing voor buitengebruik  Eenvoudige set\u2011up met meegeleverde antennes en kabels\" \/>\n<meta property=\"og:url\" content=\"https:\/\/koningdrone.be\/es\/producto\/d-rtk-3-multifunctional-station\/\" \/>\n<meta property=\"og:site_name\" content=\"koningdrone.be\" \/>\n<meta property=\"article:modified_time\" content=\"2026-04-29T01:31:06+00:00\" \/>\n<meta property=\"og:image\" content=\"https:\/\/koningdrone.be\/wp-content\/uploads\/sites\/13\/2026\/03\/Product-D-RTK-3-Multifunctional-Station.webp\" \/>\n\t<meta property=\"og:image:width\" content=\"2048\" \/>\n\t<meta property=\"og:image:height\" content=\"2048\" \/>\n\t<meta property=\"og:image:type\" content=\"image\/webp\" \/>\n<meta name=\"twitter:card\" content=\"summary_large_image\" \/>\n<meta name=\"twitter:label1\" content=\"Tiempo de lectura\" \/>\n\t<meta name=\"twitter:data1\" content=\"2 minutos\" \/>\n<script type=\"application\/ld+json\" class=\"yoast-schema-graph\">{\"@context\":\"https:\/\/schema.org\",\"@graph\":[{\"@type\":\"WebPage\",\"@id\":\"https:\/\/koningdrone.be\/product\/d-rtk-3-multifunctional-station\/\",\"url\":\"https:\/\/koningdrone.be\/product\/d-rtk-3-multifunctional-station\/\",\"name\":\"D-RTK 3 Multifunctional Station - koningdrone.be\",\"isPartOf\":{\"@id\":\"https:\/\/koningdrone.be\/#website\"},\"primaryImageOfPage\":{\"@id\":\"https:\/\/koningdrone.be\/product\/d-rtk-3-multifunctional-station\/#primaryimage\"},\"image\":{\"@id\":\"https:\/\/koningdrone.be\/product\/d-rtk-3-multifunctional-station\/#primaryimage\"},\"thumbnailUrl\":\"https:\/\/koningdrone.be\/wp-content\/uploads\/sites\/13\/2026\/03\/Product-D-RTK-3-Multifunctional-Station.webp\",\"datePublished\":\"2025-02-25T05:50:44+00:00\",\"dateModified\":\"2026-04-29T01:31:06+00:00\",\"breadcrumb\":{\"@id\":\"https:\/\/koningdrone.be\/product\/d-rtk-3-multifunctional-station\/#breadcrumb\"},\"inLanguage\":\"es\",\"potentialAction\":[{\"@type\":\"ReadAction\",\"target\":[\"https:\/\/koningdrone.be\/product\/d-rtk-3-multifunctional-station\/\"]}]},{\"@type\":\"ImageObject\",\"inLanguage\":\"es\",\"@id\":\"https:\/\/koningdrone.be\/product\/d-rtk-3-multifunctional-station\/#primaryimage\",\"url\":\"https:\/\/koningdrone.be\/wp-content\/uploads\/sites\/13\/2026\/03\/Product-D-RTK-3-Multifunctional-Station.webp\",\"contentUrl\":\"https:\/\/koningdrone.be\/wp-content\/uploads\/sites\/13\/2026\/03\/Product-D-RTK-3-Multifunctional-Station.webp\",\"width\":2048,\"height\":2048},{\"@type\":\"BreadcrumbList\",\"@id\":\"https:\/\/koningdrone.be\/product\/d-rtk-3-multifunctional-station\/#breadcrumb\",\"itemListElement\":[{\"@type\":\"ListItem\",\"position\":1,\"name\":\"Home\",\"item\":\"https:\/\/koningdrone.be\/\"},{\"@type\":\"ListItem\",\"position\":2,\"name\":\"AVSS Parachute Recovery System for DJI Matrice 300\/350\",\"item\":\"https:\/\/koningdrone.be\/product\/avss-parachute-recovery-system-for-dji-matrice-300-350\/\"},{\"@type\":\"ListItem\",\"position\":3,\"name\":\"Alle producten\",\"item\":\"https:\/\/koningdrone.be\/categorie\/alle-producten\/\"},{\"@type\":\"ListItem\",\"position\":4,\"name\":\"D-RTK 3 Multifunctional Station\"}]},{\"@type\":\"WebSite\",\"@id\":\"https:\/\/koningdrone.be\/#website\",\"url\":\"https:\/\/koningdrone.be\/\",\"name\":\"Koningdrone.be - Uw online specialist in drones, gimbals, camera's en power stations.\",\"description\":\"De webshop in drones en gimbals\",\"publisher\":{\"@id\":\"https:\/\/koningdrone.be\/#organization\"},\"potentialAction\":[{\"@type\":\"SearchAction\",\"target\":{\"@type\":\"EntryPoint\",\"urlTemplate\":\"https:\/\/koningdrone.be\/?s={search_term_string}\"},\"query-input\":{\"@type\":\"PropertyValueSpecification\",\"valueRequired\":true,\"valueName\":\"search_term_string\"}}],\"inLanguage\":\"es\"},{\"@type\":\"Organization\",\"@id\":\"https:\/\/koningdrone.be\/#organization\",\"name\":\"Koningdrone.be\",\"url\":\"https:\/\/koningdrone.be\/\",\"logo\":{\"@type\":\"ImageObject\",\"inLanguage\":\"es\",\"@id\":\"https:\/\/koningdrone.be\/#\/schema\/logo\/image\/\",\"url\":\"https:\/\/koningdrone.be\/wp-content\/uploads\/sites\/13\/2025\/04\/koningdrone-copyright-logo.svg\",\"contentUrl\":\"https:\/\/koningdrone.be\/wp-content\/uploads\/sites\/13\/2025\/04\/koningdrone-copyright-logo.svg\",\"width\":227,\"height\":38,\"caption\":\"Koningdrone.be\"},\"image\":{\"@id\":\"https:\/\/koningdrone.be\/#\/schema\/logo\/image\/\"}}]}<\/script>\n<!-- \/ Yoast SEO Premium plugin. -->","yoast_head_json":{"title":"D-RTK 3 Multifunctional Station - koningdrone.be","robots":{"index":"index","follow":"follow","max-snippet":"max-snippet:-1","max-image-preview":"max-image-preview:large","max-video-preview":"max-video-preview:-1"},"canonical":"https:\/\/koningdrone.be\/es\/producto\/d-rtk-3-multifunctional-station\/","og_locale":"es_ES","og_type":"article","og_title":"D-RTK 3 Multifunctional Station","og_description":"Centimeter\u2011niveau positionering voor meerdere drones tegelijk  Ondersteunt base station, relay station en rover station modes  Verhoogt operationele afstand tussen drone en controller  Robuuste IP67\u2011beschermde behuizing voor buitengebruik  Eenvoudige set\u2011up met meegeleverde antennes en kabels","og_url":"https:\/\/koningdrone.be\/es\/producto\/d-rtk-3-multifunctional-station\/","og_site_name":"koningdrone.be","article_modified_time":"2026-04-29T01:31:06+00:00","og_image":[{"width":2048,"height":2048,"url":"https:\/\/koningdrone.be\/wp-content\/uploads\/sites\/13\/2026\/03\/Product-D-RTK-3-Multifunctional-Station.webp","type":"image\/webp"}],"twitter_card":"summary_large_image","twitter_misc":{"Tiempo de lectura":"2 minutos"},"schema":{"@context":"https:\/\/schema.org","@graph":[{"@type":"WebPage","@id":"https:\/\/koningdrone.be\/product\/d-rtk-3-multifunctional-station\/","url":"https:\/\/koningdrone.be\/product\/d-rtk-3-multifunctional-station\/","name":"D-RTK 3 Multifunctional Station - koningdrone.be","isPartOf":{"@id":"https:\/\/koningdrone.be\/#website"},"primaryImageOfPage":{"@id":"https:\/\/koningdrone.be\/product\/d-rtk-3-multifunctional-station\/#primaryimage"},"image":{"@id":"https:\/\/koningdrone.be\/product\/d-rtk-3-multifunctional-station\/#primaryimage"},"thumbnailUrl":"https:\/\/koningdrone.be\/wp-content\/uploads\/sites\/13\/2026\/03\/Product-D-RTK-3-Multifunctional-Station.webp","datePublished":"2025-02-25T05:50:44+00:00","dateModified":"2026-04-29T01:31:06+00:00","breadcrumb":{"@id":"https:\/\/koningdrone.be\/product\/d-rtk-3-multifunctional-station\/#breadcrumb"},"inLanguage":"es","potentialAction":[{"@type":"ReadAction","target":["https:\/\/koningdrone.be\/product\/d-rtk-3-multifunctional-station\/"]}]},{"@type":"ImageObject","inLanguage":"es","@id":"https:\/\/koningdrone.be\/product\/d-rtk-3-multifunctional-station\/#primaryimage","url":"https:\/\/koningdrone.be\/wp-content\/uploads\/sites\/13\/2026\/03\/Product-D-RTK-3-Multifunctional-Station.webp","contentUrl":"https:\/\/koningdrone.be\/wp-content\/uploads\/sites\/13\/2026\/03\/Product-D-RTK-3-Multifunctional-Station.webp","width":2048,"height":2048},{"@type":"BreadcrumbList","@id":"https:\/\/koningdrone.be\/product\/d-rtk-3-multifunctional-station\/#breadcrumb","itemListElement":[{"@type":"ListItem","position":1,"name":"Home","item":"https:\/\/koningdrone.be\/"},{"@type":"ListItem","position":2,"name":"AVSS Parachute Recovery System for DJI Matrice 300\/350","item":"https:\/\/koningdrone.be\/product\/avss-parachute-recovery-system-for-dji-matrice-300-350\/"},{"@type":"ListItem","position":3,"name":"Alle producten","item":"https:\/\/koningdrone.be\/categorie\/alle-producten\/"},{"@type":"ListItem","position":4,"name":"D-RTK 3 Multifunctional Station"}]},{"@type":"WebSite","@id":"https:\/\/koningdrone.be\/#website","url":"https:\/\/koningdrone.be\/","name":"Koningdrone.be - Su especialista en l\u00ednea en drones, cardanes, c\u00e1maras y centrales el\u00e9ctricas.","description":"La tienda virtual de drones y cardanes","publisher":{"@id":"https:\/\/koningdrone.be\/#organization"},"potentialAction":[{"@type":"SearchAction","target":{"@type":"EntryPoint","urlTemplate":"https:\/\/koningdrone.be\/?s={search_term_string}"},"query-input":{"@type":"PropertyValueSpecification","valueRequired":true,"valueName":"search_term_string"}}],"inLanguage":"es"},{"@type":"Organization","@id":"https:\/\/koningdrone.be\/#organization","name":"Kingdrone.es","url":"https:\/\/koningdrone.be\/","logo":{"@type":"ImageObject","inLanguage":"es","@id":"https:\/\/koningdrone.be\/#\/schema\/logo\/image\/","url":"https:\/\/koningdrone.be\/wp-content\/uploads\/sites\/13\/2025\/04\/koningdrone-copyright-logo.svg","contentUrl":"https:\/\/koningdrone.be\/wp-content\/uploads\/sites\/13\/2025\/04\/koningdrone-copyright-logo.svg","width":227,"height":38,"caption":"Koningdrone.be"},"image":{"@id":"https:\/\/koningdrone.be\/#\/schema\/logo\/image\/"}}]}},"df_price":1599,"df_sale_price":"","df_regular_price":1599,"df_image_link":"https:\/\/koningdrone.be\/wp-content\/uploads\/sites\/13\/2026\/03\/Product-D-RTK-3-Multifunctional-Station-300x300.webp","_links":{"self":[{"href":"https:\/\/koningdrone.be\/es\/wp-json\/wp\/v2\/product\/1129","targetHints":{"allow":["GET"]}}],"collection":[{"href":"https:\/\/koningdrone.be\/es\/wp-json\/wp\/v2\/product"}],"about":[{"href":"https:\/\/koningdrone.be\/es\/wp-json\/wp\/v2\/types\/product"}],"wp:featuredmedia":[{"embeddable":true,"href":"https:\/\/koningdrone.be\/es\/wp-json\/wp\/v2\/media\/17229"}],"wp:attachment":[{"href":"https:\/\/koningdrone.be\/es\/wp-json\/wp\/v2\/media?parent=1129"}],"wp:term":[{"taxonomy":"product_brand","embeddable":true,"href":"https:\/\/koningdrone.be\/es\/wp-json\/wp\/v2\/product_brand?post=1129"},{"taxonomy":"product_cat","embeddable":true,"href":"https:\/\/koningdrone.be\/es\/wp-json\/wp\/v2\/product_cat?post=1129"},{"taxonomy":"product_tag","embeddable":true,"href":"https:\/\/koningdrone.be\/es\/wp-json\/wp\/v2\/product_tag?post=1129"}],"curies":[{"name":"wp","href":"https:\/\/api.w.org\/{rel}","templated":true}]}}