{"id":1123,"date":"2025-02-25T06:50:44","date_gmt":"2025-02-25T05:50:44","guid":{"rendered":"https:\/\/koningdrone.nl\/kon\/product\/dji-matrice-4-series-battery\/"},"modified":"2026-04-29T03:50:21","modified_gmt":"2026-04-29T01:50:21","slug":"dji-matrice-4-series-battery","status":"publish","type":"product","link":"https:\/\/koningdrone.be\/es\/producto\/dji-matrice-4-series-battery\/","title":{"rendered":"Bater\u00eda DJI Matrice Serie 4"},"content":{"rendered":"<h3>Bater\u00eda DJI Matrice Serie 4<\/h3>\n<p><iframe loading=\"lazy\" title=\"El REY de los cargadores r\u00e1pidos simult\u00e1neos para la serie de bater\u00edas DJI Matrice M4.\" width=\"800\" height=\"450\" src=\"https:\/\/www.youtube.com\/embed\/mxlszN5eA7w?feature=oembed&#038;enablejsapi=1&#038;origin=https:\/\/koningdrone.be\" frameborder=\"0\" allow=\"accelerometer; autoplay; clipboard-write; encrypted-media; gyroscope; picture-in-picture; web-share\" referrerpolicy=\"strict-origin-when-cross-origin\" allowfullscreen><\/iframe><\/p>\n<p style=\"margin-top: 20px\">En <strong>Bater\u00eda DJI Matrice Serie 4<\/strong> es una bater\u00eda de vuelo inteligente desarrollada espec\u00edficamente para los drones empresariales de la serie DJI Matrice 4. Esta potente bater\u00eda de iones de litio proporciona la energ\u00eda necesaria para misiones largas y fiables con drones, como cartograf\u00eda, inspecciones y operaciones de seguridad p\u00fablica. Su gran capacidad y sus avanzados sistemas de gesti\u00f3n de la energ\u00eda permiten a los operadores permanecer en el aire m\u00e1s tiempo y trabajar de forma m\u00e1s eficiente durante operaciones cr\u00edticas.<\/p>\n<p style=\"margin-bottom: 20px\">Con una capacidad energ\u00e9tica de <strong>99 Wh<\/strong> esta bater\u00eda soporta duraciones de vuelo de hasta unos <strong>49 minutos<\/strong>, en funci\u00f3n de las condiciones de vuelo y de la carga \u00fatil. Esto permite inspeccionar o escanear zonas m\u00e1s amplias sin tener que cambiar frecuentemente de bater\u00eda.<\/p>\n<p><a href=\"https:\/\/koningdrone.nl\/wp-content\/uploads\/2025\/02\/DJI-Matrice-4-Series-Battery-Product.webp\"><img loading=\"lazy\" decoding=\"async\" class=\"alignnone size-full wp-image-467100\" src=\"https:\/\/koningdrone.nl\/wp-content\/uploads\/2025\/02\/DJI-Matrice-4-Series-Battery-Product.webp\" alt=\"DJI Matrice 4 Series Battery Product\" width=\"1200\" height=\"800\" \/><\/a><\/p>\n<h4>Rendimiento y funcionalidad<\/h4>\n<p>La bater\u00eda del Matrice Serie 4 est\u00e1 equipada con un <strong>6741 mAh de capacidad<\/strong> y un <strong>Estructura de la c\u00e9lula Li-ion 4S<\/strong>, garantizando un rendimiento estable y una producci\u00f3n de energ\u00eda constante durante el vuelo. El sistema inteligente de gesti\u00f3n de la bater\u00eda supervisa continuamente par\u00e1metros clave como el voltaje, la temperatura y el estado de carga para garantizar la m\u00e1xima seguridad y eficiencia.<\/p>\n<p>La bater\u00eda admite una carga eficiente a trav\u00e9s del <strong>Hub de carga DJI Matrice 4<\/strong>, que permite cargar varias bater\u00edas de forma secuencial. La alta velocidad de descarga y la \u00f3ptima eficiencia energ\u00e9tica permiten al dron ofrecer un potente rendimiento durante largos vuelos de inspecci\u00f3n, misiones cartogr\u00e1ficas y operaciones industriales.<\/p>\n<h4>Calidad de construcci\u00f3n y dise\u00f1o<\/h4>\n<p>Dise\u00f1ada para operaciones profesionales con drones, la bater\u00eda cuenta con una carcasa robusta para soportar un uso intensivo en entornos exigentes. La alta calidad <strong>Composici\u00f3n qu\u00edmica de LiNiMnCoO2<\/strong> garantiza un rendimiento fiable y una larga vida \u00fatil.<\/p>\n<p>Con un peso aproximado de <strong>401 gramos<\/strong> la bater\u00eda ofrece un excelente equilibrio entre capacidad y peso, lo que permite al dron alcanzar el m\u00e1ximo tiempo de vuelo sin carga adicional. La bater\u00eda puede cargarse con seguridad a temperaturas entre <strong>5 \u00b0C y 40 \u00b0C<\/strong>, por lo que se adapta a una gran variedad de condiciones operativas.<\/p>\n<p style=\"text-align: center\"><a href=\"https:\/\/koningdrone.nl\/wp-content\/uploads\/2025\/02\/Matrice-4-Series-Battery-DJI.webp\"><img loading=\"lazy\" decoding=\"async\" class=\"aligncenter wp-image-467096 size-medium\" src=\"https:\/\/koningdrone.nl\/wp-content\/uploads\/2025\/02\/Matrice-4-Series-Battery-DJI-300x300.webp\" alt=\"Matrice 4 Series Battery DJI\" width=\"300\" height=\"300\" \/><\/a><\/p>\n<h4>Por qu\u00e9 lo necesita<\/h4>\n<p>Para los operadores profesionales de drones que dependen de un rendimiento constante, la Bater\u00eda DJI Matrice Serie 4 es una parte esencial de su equipo. La combinaci\u00f3n de un tiempo de vuelo prolongado, una gesti\u00f3n inteligente de la bater\u00eda y una salida de energ\u00eda fiable permite llevar a cabo las misiones de forma m\u00e1s eficiente. Ya sea para inspecci\u00f3n de infraestructuras, topograf\u00eda u operaciones de respuesta ante emergencias, esta bater\u00eda proporciona la energ\u00eda necesaria para completar con \u00e9xito cualquier misi\u00f3n.<\/p>","protected":false},"excerpt":{"rendered":"<ul>\n<li>Gran capacidad de 99 Wh para vuelos largos y fiables de drones<\/li>\n<li>Admite hasta unos 49 minutos de vuelo en funci\u00f3n de las condiciones<\/li>\n<li>Gesti\u00f3n inteligente de la bater\u00eda para un control seguro y eficiente de la energ\u00eda<\/li>\n<li>Tecnolog\u00eda de bater\u00eda Li-ion 4S con rendimiento estable<\/li>\n<li>Especialmente dise\u00f1ado para los drones empresariales de la serie DJI Matrice 4<\/li>\n<\/ul>","protected":false},"featured_media":17008,"template":"","meta":{"_acf_changed":false},"product_brand":[],"product_cat":[98,1735],"product_tag":[],"class_list":{"0":"post-1123","1":"product","2":"type-product","3":"status-publish","4":"has-post-thumbnail","6":"product_cat-dji-matrice-4","7":"product_cat-dji-matrice-4-serie","8":"product_shipping_class-uavspacesshowall","9":"pa_brand-dji","10":"pa_producttype-batterij","11":"pa_series-matrice","13":"first","14":"instock","15":"taxable","16":"shipping-taxable","17":"purchasable","18":"product-type-simple"},"acf":[],"yoast_head":"<!-- This site is optimized with the Yoast SEO Premium plugin v27.2 (Yoast SEO v27.2) - https:\/\/yoast.com\/product\/yoast-seo-premium-wordpress\/ -->\n<title>DJI Matrice 4 Series Battery - koningdrone.be<\/title>\n<meta name=\"robots\" content=\"index, follow, max-snippet:-1, max-image-preview:large, max-video-preview:-1\" \/>\n<link rel=\"canonical\" href=\"https:\/\/koningdrone.be\/es\/producto\/dji-matrice-4-series-battery\/\" \/>\n<meta property=\"og:locale\" content=\"es_ES\" \/>\n<meta property=\"og:type\" content=\"article\" \/>\n<meta property=\"og:title\" content=\"DJI Matrice 4 Series Battery\" \/>\n<meta property=\"og:description\" content=\"Hoge capaciteit van 99 Wh voor lange en betrouwbare drone-vluchten  Ondersteunt tot ongeveer 49 minuten vliegtijd afhankelijk van omstandigheden  Intelligent batterijbeheer voor veilige en effici\u00ebnte energiecontrole  Li-ion 4S batterijtechnologie met stabiele prestaties  Speciaal ontworpen voor de DJI Matrice 4-serie enterprise drones\" \/>\n<meta property=\"og:url\" content=\"https:\/\/koningdrone.be\/es\/producto\/dji-matrice-4-series-battery\/\" \/>\n<meta property=\"og:site_name\" content=\"koningdrone.be\" \/>\n<meta property=\"article:modified_time\" content=\"2026-04-29T01:50:21+00:00\" \/>\n<meta property=\"og:image\" content=\"https:\/\/koningdrone.be\/wp-content\/uploads\/sites\/13\/2026\/03\/DJI-Matrice-4-Series-Battery.webp\" \/>\n\t<meta property=\"og:image:width\" content=\"2048\" \/>\n\t<meta property=\"og:image:height\" content=\"2048\" \/>\n\t<meta property=\"og:image:type\" content=\"image\/webp\" \/>\n<meta name=\"twitter:card\" content=\"summary_large_image\" \/>\n<meta name=\"twitter:label1\" content=\"Tiempo de lectura\" \/>\n\t<meta name=\"twitter:data1\" content=\"2 minutos\" \/>\n<script type=\"application\/ld+json\" class=\"yoast-schema-graph\">{\"@context\":\"https:\/\/schema.org\",\"@graph\":[{\"@type\":\"WebPage\",\"@id\":\"https:\/\/koningdrone.be\/product\/dji-matrice-4-series-battery\/\",\"url\":\"https:\/\/koningdrone.be\/product\/dji-matrice-4-series-battery\/\",\"name\":\"DJI Matrice 4 Series Battery - koningdrone.be\",\"isPartOf\":{\"@id\":\"https:\/\/koningdrone.be\/#website\"},\"primaryImageOfPage\":{\"@id\":\"https:\/\/koningdrone.be\/product\/dji-matrice-4-series-battery\/#primaryimage\"},\"image\":{\"@id\":\"https:\/\/koningdrone.be\/product\/dji-matrice-4-series-battery\/#primaryimage\"},\"thumbnailUrl\":\"https:\/\/koningdrone.be\/wp-content\/uploads\/sites\/13\/2026\/03\/DJI-Matrice-4-Series-Battery.webp\",\"datePublished\":\"2025-02-25T05:50:44+00:00\",\"dateModified\":\"2026-04-29T01:50:21+00:00\",\"breadcrumb\":{\"@id\":\"https:\/\/koningdrone.be\/product\/dji-matrice-4-series-battery\/#breadcrumb\"},\"inLanguage\":\"es\",\"potentialAction\":[{\"@type\":\"ReadAction\",\"target\":[\"https:\/\/koningdrone.be\/product\/dji-matrice-4-series-battery\/\"]}]},{\"@type\":\"ImageObject\",\"inLanguage\":\"es\",\"@id\":\"https:\/\/koningdrone.be\/product\/dji-matrice-4-series-battery\/#primaryimage\",\"url\":\"https:\/\/koningdrone.be\/wp-content\/uploads\/sites\/13\/2026\/03\/DJI-Matrice-4-Series-Battery.webp\",\"contentUrl\":\"https:\/\/koningdrone.be\/wp-content\/uploads\/sites\/13\/2026\/03\/DJI-Matrice-4-Series-Battery.webp\",\"width\":2048,\"height\":2048},{\"@type\":\"BreadcrumbList\",\"@id\":\"https:\/\/koningdrone.be\/product\/dji-matrice-4-series-battery\/#breadcrumb\",\"itemListElement\":[{\"@type\":\"ListItem\",\"position\":1,\"name\":\"Home\",\"item\":\"https:\/\/koningdrone.be\/\"},{\"@type\":\"ListItem\",\"position\":2,\"name\":\"AVSS Parachute Recovery System for DJI Matrice 300\/350\",\"item\":\"https:\/\/koningdrone.be\/product\/avss-parachute-recovery-system-for-dji-matrice-300-350\/\"},{\"@type\":\"ListItem\",\"position\":3,\"name\":\"DJI Matrice 4\",\"item\":\"https:\/\/koningdrone.be\/categorie\/dji-matrice-4\/\"},{\"@type\":\"ListItem\",\"position\":4,\"name\":\"DJI Matrice 4 Series Battery\"}]},{\"@type\":\"WebSite\",\"@id\":\"https:\/\/koningdrone.be\/#website\",\"url\":\"https:\/\/koningdrone.be\/\",\"name\":\"Koningdrone.be - Uw online specialist in drones, gimbals, camera's en power stations.\",\"description\":\"De webshop in drones en gimbals\",\"publisher\":{\"@id\":\"https:\/\/koningdrone.be\/#organization\"},\"potentialAction\":[{\"@type\":\"SearchAction\",\"target\":{\"@type\":\"EntryPoint\",\"urlTemplate\":\"https:\/\/koningdrone.be\/?s={search_term_string}\"},\"query-input\":{\"@type\":\"PropertyValueSpecification\",\"valueRequired\":true,\"valueName\":\"search_term_string\"}}],\"inLanguage\":\"es\"},{\"@type\":\"Organization\",\"@id\":\"https:\/\/koningdrone.be\/#organization\",\"name\":\"Koningdrone.be\",\"url\":\"https:\/\/koningdrone.be\/\",\"logo\":{\"@type\":\"ImageObject\",\"inLanguage\":\"es\",\"@id\":\"https:\/\/koningdrone.be\/#\/schema\/logo\/image\/\",\"url\":\"https:\/\/koningdrone.be\/wp-content\/uploads\/sites\/13\/2025\/04\/koningdrone-copyright-logo.svg\",\"contentUrl\":\"https:\/\/koningdrone.be\/wp-content\/uploads\/sites\/13\/2025\/04\/koningdrone-copyright-logo.svg\",\"width\":227,\"height\":38,\"caption\":\"Koningdrone.be\"},\"image\":{\"@id\":\"https:\/\/koningdrone.be\/#\/schema\/logo\/image\/\"}}]}<\/script>\n<!-- \/ Yoast SEO Premium plugin. -->","yoast_head_json":{"title":"DJI Matrice 4 Series Battery - koningdrone.be","robots":{"index":"index","follow":"follow","max-snippet":"max-snippet:-1","max-image-preview":"max-image-preview:large","max-video-preview":"max-video-preview:-1"},"canonical":"https:\/\/koningdrone.be\/es\/producto\/dji-matrice-4-series-battery\/","og_locale":"es_ES","og_type":"article","og_title":"DJI Matrice 4 Series Battery","og_description":"Hoge capaciteit van 99 Wh voor lange en betrouwbare drone-vluchten  Ondersteunt tot ongeveer 49 minuten vliegtijd afhankelijk van omstandigheden  Intelligent batterijbeheer voor veilige en effici\u00ebnte energiecontrole  Li-ion 4S batterijtechnologie met stabiele prestaties  Speciaal ontworpen voor de DJI Matrice 4-serie enterprise drones","og_url":"https:\/\/koningdrone.be\/es\/producto\/dji-matrice-4-series-battery\/","og_site_name":"koningdrone.be","article_modified_time":"2026-04-29T01:50:21+00:00","og_image":[{"width":2048,"height":2048,"url":"https:\/\/koningdrone.be\/wp-content\/uploads\/sites\/13\/2026\/03\/DJI-Matrice-4-Series-Battery.webp","type":"image\/webp"}],"twitter_card":"summary_large_image","twitter_misc":{"Tiempo de lectura":"2 minutos"},"schema":{"@context":"https:\/\/schema.org","@graph":[{"@type":"WebPage","@id":"https:\/\/koningdrone.be\/product\/dji-matrice-4-series-battery\/","url":"https:\/\/koningdrone.be\/product\/dji-matrice-4-series-battery\/","name":"DJI Matrice 4 Series Battery - koningdrone.be","isPartOf":{"@id":"https:\/\/koningdrone.be\/#website"},"primaryImageOfPage":{"@id":"https:\/\/koningdrone.be\/product\/dji-matrice-4-series-battery\/#primaryimage"},"image":{"@id":"https:\/\/koningdrone.be\/product\/dji-matrice-4-series-battery\/#primaryimage"},"thumbnailUrl":"https:\/\/koningdrone.be\/wp-content\/uploads\/sites\/13\/2026\/03\/DJI-Matrice-4-Series-Battery.webp","datePublished":"2025-02-25T05:50:44+00:00","dateModified":"2026-04-29T01:50:21+00:00","breadcrumb":{"@id":"https:\/\/koningdrone.be\/product\/dji-matrice-4-series-battery\/#breadcrumb"},"inLanguage":"es","potentialAction":[{"@type":"ReadAction","target":["https:\/\/koningdrone.be\/product\/dji-matrice-4-series-battery\/"]}]},{"@type":"ImageObject","inLanguage":"es","@id":"https:\/\/koningdrone.be\/product\/dji-matrice-4-series-battery\/#primaryimage","url":"https:\/\/koningdrone.be\/wp-content\/uploads\/sites\/13\/2026\/03\/DJI-Matrice-4-Series-Battery.webp","contentUrl":"https:\/\/koningdrone.be\/wp-content\/uploads\/sites\/13\/2026\/03\/DJI-Matrice-4-Series-Battery.webp","width":2048,"height":2048},{"@type":"BreadcrumbList","@id":"https:\/\/koningdrone.be\/product\/dji-matrice-4-series-battery\/#breadcrumb","itemListElement":[{"@type":"ListItem","position":1,"name":"Home","item":"https:\/\/koningdrone.be\/"},{"@type":"ListItem","position":2,"name":"AVSS Parachute Recovery System for DJI Matrice 300\/350","item":"https:\/\/koningdrone.be\/product\/avss-parachute-recovery-system-for-dji-matrice-300-350\/"},{"@type":"ListItem","position":3,"name":"DJI Matrice 4","item":"https:\/\/koningdrone.be\/categorie\/dji-matrice-4\/"},{"@type":"ListItem","position":4,"name":"DJI Matrice 4 Series Battery"}]},{"@type":"WebSite","@id":"https:\/\/koningdrone.be\/#website","url":"https:\/\/koningdrone.be\/","name":"Koningdrone.be - Su especialista en l\u00ednea en drones, cardanes, c\u00e1maras y centrales el\u00e9ctricas.","description":"La tienda virtual de drones y cardanes","publisher":{"@id":"https:\/\/koningdrone.be\/#organization"},"potentialAction":[{"@type":"SearchAction","target":{"@type":"EntryPoint","urlTemplate":"https:\/\/koningdrone.be\/?s={search_term_string}"},"query-input":{"@type":"PropertyValueSpecification","valueRequired":true,"valueName":"search_term_string"}}],"inLanguage":"es"},{"@type":"Organization","@id":"https:\/\/koningdrone.be\/#organization","name":"Kingdrone.es","url":"https:\/\/koningdrone.be\/","logo":{"@type":"ImageObject","inLanguage":"es","@id":"https:\/\/koningdrone.be\/#\/schema\/logo\/image\/","url":"https:\/\/koningdrone.be\/wp-content\/uploads\/sites\/13\/2025\/04\/koningdrone-copyright-logo.svg","contentUrl":"https:\/\/koningdrone.be\/wp-content\/uploads\/sites\/13\/2025\/04\/koningdrone-copyright-logo.svg","width":227,"height":38,"caption":"Koningdrone.be"},"image":{"@id":"https:\/\/koningdrone.be\/#\/schema\/logo\/image\/"}}]}},"df_price":189,"df_sale_price":"","df_regular_price":189,"df_image_link":"https:\/\/koningdrone.be\/wp-content\/uploads\/sites\/13\/2026\/03\/DJI-Matrice-4-Series-Battery-300x300.webp","_links":{"self":[{"href":"https:\/\/koningdrone.be\/es\/wp-json\/wp\/v2\/product\/1123","targetHints":{"allow":["GET"]}}],"collection":[{"href":"https:\/\/koningdrone.be\/es\/wp-json\/wp\/v2\/product"}],"about":[{"href":"https:\/\/koningdrone.be\/es\/wp-json\/wp\/v2\/types\/product"}],"wp:featuredmedia":[{"embeddable":true,"href":"https:\/\/koningdrone.be\/es\/wp-json\/wp\/v2\/media\/17008"}],"wp:attachment":[{"href":"https:\/\/koningdrone.be\/es\/wp-json\/wp\/v2\/media?parent=1123"}],"wp:term":[{"taxonomy":"product_brand","embeddable":true,"href":"https:\/\/koningdrone.be\/es\/wp-json\/wp\/v2\/product_brand?post=1123"},{"taxonomy":"product_cat","embeddable":true,"href":"https:\/\/koningdrone.be\/es\/wp-json\/wp\/v2\/product_cat?post=1123"},{"taxonomy":"product_tag","embeddable":true,"href":"https:\/\/koningdrone.be\/es\/wp-json\/wp\/v2\/product_tag?post=1123"}],"curies":[{"name":"wp","href":"https:\/\/api.w.org\/{rel}","templated":true}]}}