{"id":1117,"date":"2025-02-25T06:50:44","date_gmt":"2025-02-25T05:50:44","guid":{"rendered":"https:\/\/koningdrone.nl\/kon\/product\/dji-matrice-4-series-battery-charging-hub100w\/"},"modified":"2026-04-29T04:30:57","modified_gmt":"2026-04-29T02:30:57","slug":"dji-matrice-4-series-battery-charging-hub-200w","status":"publish","type":"product","link":"https:\/\/koningdrone.be\/es\/producto\/dji-matrice-4-series-battery-charging-hub-200w\/","title":{"rendered":"Concentrador de carga DJI Matrice serie 4 de 200 W"},"content":{"rendered":"<h3>Concentrador de carga DJI Matrice serie 4 de 200 W<\/h3>\n<p><iframe loading=\"lazy\" title=\"El REY de los cargadores r\u00e1pidos simult\u00e1neos para la serie de bater\u00edas DJI Matrice M4.\" width=\"800\" height=\"450\" src=\"https:\/\/www.youtube.com\/embed\/mxlszN5eA7w?start=984&#038;feature=oembed&#038;enablejsapi=1&#038;origin=https:\/\/koningdrone.be\" frameborder=\"0\" allow=\"accelerometer; autoplay; clipboard-write; encrypted-media; gyroscope; picture-in-picture; web-share\" referrerpolicy=\"strict-origin-when-cross-origin\" allowfullscreen><\/iframe><\/p>\n<p style=\"margin-top: 20px\">En <strong>Concentrador de carga DJI Matrice Serie 4 (200 W)<\/strong> es una soluci\u00f3n de carga profesional dise\u00f1ada espec\u00edficamente para las bater\u00edas de vuelo inteligente de la serie DJI Matrice 4. Esta estaci\u00f3n de carga compacta y eficiente permite gestionar y cargar f\u00e1cilmente varias bater\u00edas, por lo que los operadores de drones pasan menos tiempo cambiando las bater\u00edas durante las misiones. El sistema es ideal para aplicaciones profesionales como inspecciones, cartograf\u00eda y seguridad p\u00fablica, donde el despliegue r\u00e1pido es esencial.<\/p>\n<p style=\"margin-bottom: 20px\">El concentrador puede <strong>hasta tres bater\u00edas de vuelo inteligente Matrice 4<\/strong> lugares y los carga autom\u00e1ticamente <strong>secuencialmente de mayor a menor nivel de carga<\/strong>. Esto optimiza la distribuci\u00f3n de la energ\u00eda disponible y mantiene las bater\u00edas disponibles m\u00e1s r\u00e1pidamente para el siguiente vuelo.<\/p>\n<p style=\"text-align: center\"><a href=\"https:\/\/koningdrone.nl\/wp-content\/uploads\/2025\/02\/DJI-Matrice-4-series-Charging-Hub-200W.webp\"><img loading=\"lazy\" decoding=\"async\" class=\"alignnone size-full wp-image-467142\" src=\"https:\/\/koningdrone.nl\/wp-content\/uploads\/2025\/02\/DJI-Matrice-4-series-Charging-Hub-200W.webp\" alt=\"DJI Matrice 4 series Charging Hub 200W\" width=\"1200\" height=\"800\" \/><\/a><\/p>\n<h4>Rendimiento y funcionalidad<\/h4>\n<p>El Charging Hub admite dos modos de carga inteligentes: <strong>Modo est\u00e1ndar<\/strong> y <strong>Modo listo para volar<\/strong>. En el modo est\u00e1ndar, las pilas se cargan completamente hasta que <strong>100%<\/strong>, para que est\u00e9n listas para volar el m\u00e1ximo tiempo posible. El modo listo para volar carga las bater\u00edas hasta <strong>sobre 90%<\/strong>, que es ideal para un despliegue r\u00e1pido cuando se necesitan drones inmediatamente para las operaciones.<\/p>\n<p>El centro trabaja conjuntamente con el <strong>Cargador port\u00e1til DJI 240W<\/strong> o <strong>DJI Power 1000<\/strong>, que permite una transferencia de energ\u00eda potente y eficiente. Gracias a la gesti\u00f3n inteligente de la carga, las bater\u00edas se cargan de forma segura y eficiente, al tiempo que se protege su vida \u00fatil.<\/p>\n<h4>Calidad de construcci\u00f3n y dise\u00f1o<\/h4>\n<p>El Hub de Carga DJI Matrice Serie 4 tiene un dise\u00f1o robusto y compacto adecuado para uso profesional sobre el terreno. Est\u00e1 dise\u00f1ado con componentes de alta calidad y sistemas de seguridad para garantizar un funcionamiento seguro durante un uso prolongado.<\/p>\n<p>El concentrador admite un amplio rango de temperaturas para la carga y cuenta con una interfaz de bater\u00eda estable que proporciona una conexi\u00f3n fiable a las bater\u00edas Matrice 4. Gracias a su dise\u00f1o ligero y port\u00e1til, los operadores de drones pueden llevarse f\u00e1cilmente la estaci\u00f3n de carga a distintos lugares de trabajo.<\/p>\n<p style=\"text-align: center\"><a href=\"https:\/\/koningdrone.nl\/wp-content\/uploads\/2025\/02\/Product-DJI-Matrice-4-series-Charging-Hub-200W.webp\"><img loading=\"lazy\" decoding=\"async\" class=\"aligncenter wp-image-467140 size-medium\" src=\"https:\/\/koningdrone.nl\/wp-content\/uploads\/2025\/02\/Product-DJI-Matrice-4-series-Charging-Hub-200W-300x300.webp\" alt=\"Product DJI Matrice 4 series Charging Hub 200W\" width=\"300\" height=\"300\" \/><\/a><\/p>\n<h4>Por qu\u00e9 lo necesita<\/h4>\n<p data-path-to-node=\"9\">Para los profesionales de los drones que dependen de operaciones de vuelo continuas, el Hub de Carga DJI Matrice Serie 4 es un accesorio esencial. Al gestionar de forma eficiente y cargar autom\u00e1ticamente varias bater\u00edas, reduce el tiempo de inactividad y aumenta la productividad durante las misiones. Es la soluci\u00f3n ideal para los operadores que quieren que sus drones Matrice 4 vuelvan a volar r\u00e1pidamente.<\/p>","protected":false},"excerpt":{"rendered":"<ul>\n<li>Carga hasta tres bater\u00edas de vuelo inteligente DJI Matrice 4 de forma secuencial<\/li>\n<li>Admite el modo est\u00e1ndar (100%) y el modo listo para volar (90%)<\/li>\n<li>Potencia de carga de 200 W para una transferencia de energ\u00eda eficiente<\/li>\n<li>Dise\u00f1ado para uso profesional con drones Matrice 4<\/li>\n<li>Dise\u00f1o compacto y port\u00e1til para uso in situ<\/li>\n<\/ul>","protected":false},"featured_media":17013,"template":"","meta":{"_acf_changed":false},"product_brand":[],"product_cat":[98,1735],"product_tag":[],"class_list":{"0":"post-1117","1":"product","2":"type-product","3":"status-publish","4":"has-post-thumbnail","6":"product_cat-dji-matrice-4","7":"product_cat-dji-matrice-4-serie","8":"product_shipping_class-dronelandall","9":"pa_brand-dji","10":"pa_producttype-oplaadstation","11":"pa_series-matrice","13":"first","14":"instock","15":"taxable","16":"shipping-taxable","17":"purchasable","18":"product-type-simple"},"acf":[],"yoast_head":"<!-- This site is optimized with the Yoast SEO Premium plugin v27.2 (Yoast SEO v27.2) - https:\/\/yoast.com\/product\/yoast-seo-premium-wordpress\/ -->\n<title>DJI Matrice 4 series Charging Hub 200W - koningdrone.be<\/title>\n<meta name=\"robots\" content=\"index, follow, max-snippet:-1, max-image-preview:large, max-video-preview:-1\" \/>\n<link rel=\"canonical\" href=\"https:\/\/koningdrone.be\/es\/producto\/dji-matrice-4-series-battery-charging-hub-200w\/\" \/>\n<meta property=\"og:locale\" content=\"es_ES\" \/>\n<meta property=\"og:type\" content=\"article\" \/>\n<meta property=\"og:title\" content=\"DJI Matrice 4 series Charging Hub 200W\" \/>\n<meta property=\"og:description\" content=\"Laad tot drie DJI Matrice 4 Intelligent Flight Batteries sequentieel op  Ondersteunt Standard Mode (100%) en Ready-to-Fly Mode (90%)  200W laadvermogen voor effici\u00ebnte energieoverdracht  Ontworpen voor professioneel gebruik met Matrice 4 drones  Compact en draagbaar ontwerp voor gebruik op locatie\" \/>\n<meta property=\"og:url\" content=\"https:\/\/koningdrone.be\/es\/producto\/dji-matrice-4-series-battery-charging-hub-200w\/\" \/>\n<meta property=\"og:site_name\" content=\"koningdrone.be\" \/>\n<meta property=\"article:modified_time\" content=\"2026-04-29T02:30:57+00:00\" \/>\n<meta property=\"og:image\" content=\"https:\/\/koningdrone.be\/wp-content\/uploads\/sites\/13\/2026\/03\/DJI-Matrice-4-series-Charging-Hub-200W-Product.webp\" \/>\n\t<meta property=\"og:image:width\" content=\"2048\" \/>\n\t<meta property=\"og:image:height\" content=\"2048\" \/>\n\t<meta property=\"og:image:type\" content=\"image\/webp\" \/>\n<meta name=\"twitter:card\" content=\"summary_large_image\" \/>\n<meta name=\"twitter:label1\" content=\"Tiempo de lectura\" \/>\n\t<meta name=\"twitter:data1\" content=\"2 minutos\" \/>\n<script type=\"application\/ld+json\" class=\"yoast-schema-graph\">{\"@context\":\"https:\/\/schema.org\",\"@graph\":[{\"@type\":\"WebPage\",\"@id\":\"https:\/\/koningdrone.be\/product\/dji-matrice-4-series-battery-charging-hub-200w\/\",\"url\":\"https:\/\/koningdrone.be\/product\/dji-matrice-4-series-battery-charging-hub-200w\/\",\"name\":\"DJI Matrice 4 series Charging Hub 200W - koningdrone.be\",\"isPartOf\":{\"@id\":\"https:\/\/koningdrone.be\/#website\"},\"primaryImageOfPage\":{\"@id\":\"https:\/\/koningdrone.be\/product\/dji-matrice-4-series-battery-charging-hub-200w\/#primaryimage\"},\"image\":{\"@id\":\"https:\/\/koningdrone.be\/product\/dji-matrice-4-series-battery-charging-hub-200w\/#primaryimage\"},\"thumbnailUrl\":\"https:\/\/koningdrone.be\/wp-content\/uploads\/sites\/13\/2026\/03\/DJI-Matrice-4-series-Charging-Hub-200W-Product.webp\",\"datePublished\":\"2025-02-25T05:50:44+00:00\",\"dateModified\":\"2026-04-29T02:30:57+00:00\",\"breadcrumb\":{\"@id\":\"https:\/\/koningdrone.be\/product\/dji-matrice-4-series-battery-charging-hub-200w\/#breadcrumb\"},\"inLanguage\":\"es\",\"potentialAction\":[{\"@type\":\"ReadAction\",\"target\":[\"https:\/\/koningdrone.be\/product\/dji-matrice-4-series-battery-charging-hub-200w\/\"]}]},{\"@type\":\"ImageObject\",\"inLanguage\":\"es\",\"@id\":\"https:\/\/koningdrone.be\/product\/dji-matrice-4-series-battery-charging-hub-200w\/#primaryimage\",\"url\":\"https:\/\/koningdrone.be\/wp-content\/uploads\/sites\/13\/2026\/03\/DJI-Matrice-4-series-Charging-Hub-200W-Product.webp\",\"contentUrl\":\"https:\/\/koningdrone.be\/wp-content\/uploads\/sites\/13\/2026\/03\/DJI-Matrice-4-series-Charging-Hub-200W-Product.webp\",\"width\":2048,\"height\":2048},{\"@type\":\"BreadcrumbList\",\"@id\":\"https:\/\/koningdrone.be\/product\/dji-matrice-4-series-battery-charging-hub-200w\/#breadcrumb\",\"itemListElement\":[{\"@type\":\"ListItem\",\"position\":1,\"name\":\"Home\",\"item\":\"https:\/\/koningdrone.be\/\"},{\"@type\":\"ListItem\",\"position\":2,\"name\":\"AVSS Parachute Recovery System for DJI Matrice 300\/350\",\"item\":\"https:\/\/koningdrone.be\/product\/avss-parachute-recovery-system-for-dji-matrice-300-350\/\"},{\"@type\":\"ListItem\",\"position\":3,\"name\":\"DJI Matrice 4\",\"item\":\"https:\/\/koningdrone.be\/categorie\/dji-matrice-4\/\"},{\"@type\":\"ListItem\",\"position\":4,\"name\":\"DJI Matrice 4 series Charging Hub 200W\"}]},{\"@type\":\"WebSite\",\"@id\":\"https:\/\/koningdrone.be\/#website\",\"url\":\"https:\/\/koningdrone.be\/\",\"name\":\"Koningdrone.be - Uw online specialist in drones, gimbals, camera's en power stations.\",\"description\":\"De webshop in drones en gimbals\",\"publisher\":{\"@id\":\"https:\/\/koningdrone.be\/#organization\"},\"potentialAction\":[{\"@type\":\"SearchAction\",\"target\":{\"@type\":\"EntryPoint\",\"urlTemplate\":\"https:\/\/koningdrone.be\/?s={search_term_string}\"},\"query-input\":{\"@type\":\"PropertyValueSpecification\",\"valueRequired\":true,\"valueName\":\"search_term_string\"}}],\"inLanguage\":\"es\"},{\"@type\":\"Organization\",\"@id\":\"https:\/\/koningdrone.be\/#organization\",\"name\":\"Koningdrone.be\",\"url\":\"https:\/\/koningdrone.be\/\",\"logo\":{\"@type\":\"ImageObject\",\"inLanguage\":\"es\",\"@id\":\"https:\/\/koningdrone.be\/#\/schema\/logo\/image\/\",\"url\":\"https:\/\/koningdrone.be\/wp-content\/uploads\/sites\/13\/2025\/04\/koningdrone-copyright-logo.svg\",\"contentUrl\":\"https:\/\/koningdrone.be\/wp-content\/uploads\/sites\/13\/2025\/04\/koningdrone-copyright-logo.svg\",\"width\":227,\"height\":38,\"caption\":\"Koningdrone.be\"},\"image\":{\"@id\":\"https:\/\/koningdrone.be\/#\/schema\/logo\/image\/\"}}]}<\/script>\n<!-- \/ Yoast SEO Premium plugin. -->","yoast_head_json":{"title":"DJI Matrice 4 series Charging Hub 200W - koningdrone.be","robots":{"index":"index","follow":"follow","max-snippet":"max-snippet:-1","max-image-preview":"max-image-preview:large","max-video-preview":"max-video-preview:-1"},"canonical":"https:\/\/koningdrone.be\/es\/producto\/dji-matrice-4-series-battery-charging-hub-200w\/","og_locale":"es_ES","og_type":"article","og_title":"DJI Matrice 4 series Charging Hub 200W","og_description":"Laad tot drie DJI Matrice 4 Intelligent Flight Batteries sequentieel op  Ondersteunt Standard Mode (100%) en Ready-to-Fly Mode (90%)  200W laadvermogen voor effici\u00ebnte energieoverdracht  Ontworpen voor professioneel gebruik met Matrice 4 drones  Compact en draagbaar ontwerp voor gebruik op locatie","og_url":"https:\/\/koningdrone.be\/es\/producto\/dji-matrice-4-series-battery-charging-hub-200w\/","og_site_name":"koningdrone.be","article_modified_time":"2026-04-29T02:30:57+00:00","og_image":[{"width":2048,"height":2048,"url":"https:\/\/koningdrone.be\/wp-content\/uploads\/sites\/13\/2026\/03\/DJI-Matrice-4-series-Charging-Hub-200W-Product.webp","type":"image\/webp"}],"twitter_card":"summary_large_image","twitter_misc":{"Tiempo de lectura":"2 minutos"},"schema":{"@context":"https:\/\/schema.org","@graph":[{"@type":"WebPage","@id":"https:\/\/koningdrone.be\/product\/dji-matrice-4-series-battery-charging-hub-200w\/","url":"https:\/\/koningdrone.be\/product\/dji-matrice-4-series-battery-charging-hub-200w\/","name":"DJI Matrice 4 series Charging Hub 200W - koningdrone.be","isPartOf":{"@id":"https:\/\/koningdrone.be\/#website"},"primaryImageOfPage":{"@id":"https:\/\/koningdrone.be\/product\/dji-matrice-4-series-battery-charging-hub-200w\/#primaryimage"},"image":{"@id":"https:\/\/koningdrone.be\/product\/dji-matrice-4-series-battery-charging-hub-200w\/#primaryimage"},"thumbnailUrl":"https:\/\/koningdrone.be\/wp-content\/uploads\/sites\/13\/2026\/03\/DJI-Matrice-4-series-Charging-Hub-200W-Product.webp","datePublished":"2025-02-25T05:50:44+00:00","dateModified":"2026-04-29T02:30:57+00:00","breadcrumb":{"@id":"https:\/\/koningdrone.be\/product\/dji-matrice-4-series-battery-charging-hub-200w\/#breadcrumb"},"inLanguage":"es","potentialAction":[{"@type":"ReadAction","target":["https:\/\/koningdrone.be\/product\/dji-matrice-4-series-battery-charging-hub-200w\/"]}]},{"@type":"ImageObject","inLanguage":"es","@id":"https:\/\/koningdrone.be\/product\/dji-matrice-4-series-battery-charging-hub-200w\/#primaryimage","url":"https:\/\/koningdrone.be\/wp-content\/uploads\/sites\/13\/2026\/03\/DJI-Matrice-4-series-Charging-Hub-200W-Product.webp","contentUrl":"https:\/\/koningdrone.be\/wp-content\/uploads\/sites\/13\/2026\/03\/DJI-Matrice-4-series-Charging-Hub-200W-Product.webp","width":2048,"height":2048},{"@type":"BreadcrumbList","@id":"https:\/\/koningdrone.be\/product\/dji-matrice-4-series-battery-charging-hub-200w\/#breadcrumb","itemListElement":[{"@type":"ListItem","position":1,"name":"Home","item":"https:\/\/koningdrone.be\/"},{"@type":"ListItem","position":2,"name":"AVSS Parachute Recovery System for DJI Matrice 300\/350","item":"https:\/\/koningdrone.be\/product\/avss-parachute-recovery-system-for-dji-matrice-300-350\/"},{"@type":"ListItem","position":3,"name":"DJI Matrice 4","item":"https:\/\/koningdrone.be\/categorie\/dji-matrice-4\/"},{"@type":"ListItem","position":4,"name":"DJI Matrice 4 series Charging Hub 200W"}]},{"@type":"WebSite","@id":"https:\/\/koningdrone.be\/#website","url":"https:\/\/koningdrone.be\/","name":"Koningdrone.be - Su especialista en l\u00ednea en drones, cardanes, c\u00e1maras y centrales el\u00e9ctricas.","description":"La tienda virtual de drones y cardanes","publisher":{"@id":"https:\/\/koningdrone.be\/#organization"},"potentialAction":[{"@type":"SearchAction","target":{"@type":"EntryPoint","urlTemplate":"https:\/\/koningdrone.be\/?s={search_term_string}"},"query-input":{"@type":"PropertyValueSpecification","valueRequired":true,"valueName":"search_term_string"}}],"inLanguage":"es"},{"@type":"Organization","@id":"https:\/\/koningdrone.be\/#organization","name":"Kingdrone.es","url":"https:\/\/koningdrone.be\/","logo":{"@type":"ImageObject","inLanguage":"es","@id":"https:\/\/koningdrone.be\/#\/schema\/logo\/image\/","url":"https:\/\/koningdrone.be\/wp-content\/uploads\/sites\/13\/2025\/04\/koningdrone-copyright-logo.svg","contentUrl":"https:\/\/koningdrone.be\/wp-content\/uploads\/sites\/13\/2025\/04\/koningdrone-copyright-logo.svg","width":227,"height":38,"caption":"Koningdrone.be"},"image":{"@id":"https:\/\/koningdrone.be\/#\/schema\/logo\/image\/"}}]}},"df_price":101,"df_sale_price":"","df_regular_price":101,"df_image_link":"https:\/\/koningdrone.be\/wp-content\/uploads\/sites\/13\/2026\/03\/DJI-Matrice-4-series-Charging-Hub-200W-Product-300x300.webp","_links":{"self":[{"href":"https:\/\/koningdrone.be\/es\/wp-json\/wp\/v2\/product\/1117","targetHints":{"allow":["GET"]}}],"collection":[{"href":"https:\/\/koningdrone.be\/es\/wp-json\/wp\/v2\/product"}],"about":[{"href":"https:\/\/koningdrone.be\/es\/wp-json\/wp\/v2\/types\/product"}],"wp:featuredmedia":[{"embeddable":true,"href":"https:\/\/koningdrone.be\/es\/wp-json\/wp\/v2\/media\/17013"}],"wp:attachment":[{"href":"https:\/\/koningdrone.be\/es\/wp-json\/wp\/v2\/media?parent=1117"}],"wp:term":[{"taxonomy":"product_brand","embeddable":true,"href":"https:\/\/koningdrone.be\/es\/wp-json\/wp\/v2\/product_brand?post=1117"},{"taxonomy":"product_cat","embeddable":true,"href":"https:\/\/koningdrone.be\/es\/wp-json\/wp\/v2\/product_cat?post=1117"},{"taxonomy":"product_tag","embeddable":true,"href":"https:\/\/koningdrone.be\/es\/wp-json\/wp\/v2\/product_tag?post=1117"}],"curies":[{"name":"wp","href":"https:\/\/api.w.org\/{rel}","templated":true}]}}