{"id":1084,"date":"2025-04-14T09:49:47","date_gmt":"2025-04-14T09:49:47","guid":{"rendered":"https:\/\/koningdrone.nl\/kon\/product\/czi-mp10e-broadcast-and-sound-pickup-system\/"},"modified":"2025-04-29T11:06:56","modified_gmt":"2025-04-29T11:06:56","slug":"czi-mp10e-broadcast-and-sound-pickup-system","status":"publish","type":"product","link":"https:\/\/koningdrone.be\/es\/producto\/czi-mp10e-broadcast-and-sound-pickup-system\/","title":{"rendered":"CZI MP10E Sistema de captaci\u00f3n de radiodifusi\u00f3n y sonido"},"content":{"rendered":"<p>El sistema de retransmisi\u00f3n y captaci\u00f3n de sonido CZI MP10E mejora los drones DJI Mavic 3 Enterprise a\u00f1adiendo capacidades de comunicaci\u00f3n visual y de audio. Incorpora luces intermitentes rojas y azules para mayor visibilidad y un sistema de altavoz\/micr\u00f3fono para retransmisi\u00f3n y comunicaci\u00f3n bidireccional. El micr\u00f3fono tiene un alcance de 10 metros, mientras que el altavoz puede alcanzar hasta 110 dB. El sistema se integra perfectamente con el dron, por lo que resulta ideal para operaciones policiales, de b\u00fasqueda y rescate y de emergencia.<\/p>","protected":false},"excerpt":{"rendered":"<ul>\n<li>Micr\u00f3fono con 33\u2032 de alcance<\/li>\n<li>Micr\u00f3fono con supresi\u00f3n de ruido<\/li>\n<li>Bocina + bocina para audio de 110 dB<\/li>\n<li>Transmisi\u00f3n de archivos o voz en tiempo real<\/li>\n<li>Micr\u00f3fono transmisor incluido<\/li>\n<li>Pantalla en color de 1,8\" integrada<\/li>\n<li>Luz intermitente roja y azul<\/li>\n<\/ul>","protected":false},"featured_media":1083,"template":"","meta":{"_acf_changed":false},"product_brand":[],"product_cat":[58],"product_tag":[],"class_list":{"0":"post-1084","1":"product","2":"type-product","3":"status-publish","4":"has-post-thumbnail","6":"product_cat-uncategorized","7":"pa_brand-czi","8":"pa_producttype-pick-up-systeem-voor-uitzending-en-geluid","10":"first","11":"outofstock","12":"taxable","13":"shipping-taxable","14":"product-type-simple"},"acf":[],"yoast_head":"<!-- This site is optimized with the Yoast SEO Premium plugin v27.2 (Yoast SEO v27.2) - https:\/\/yoast.com\/product\/yoast-seo-premium-wordpress\/ -->\n<title>CZI MP10E Broadcast and Sound Pickup System - koningdrone.be<\/title>\n<meta name=\"robots\" content=\"index, follow, max-snippet:-1, max-image-preview:large, max-video-preview:-1\" \/>\n<link rel=\"canonical\" href=\"https:\/\/koningdrone.be\/es\/producto\/czi-mp10e-broadcast-and-sound-pickup-system\/\" \/>\n<meta property=\"og:locale\" content=\"es_ES\" \/>\n<meta property=\"og:type\" content=\"article\" \/>\n<meta property=\"og:title\" content=\"CZI MP10E Broadcast and Sound Pickup System\" \/>\n<meta property=\"og:description\" content=\"Microfoon met 33&#039; bereikRuisonderdrukking microfoonHoorn + hoorn voor 110 dB audioBestanden of real-time spraak uitzendenMicrofoonzender inbegrepenIngebouwd 1,8\u201d kleurenschermRood en blauw knipperend licht\" \/>\n<meta property=\"og:url\" content=\"https:\/\/koningdrone.be\/es\/producto\/czi-mp10e-broadcast-and-sound-pickup-system\/\" \/>\n<meta property=\"og:site_name\" content=\"koningdrone.be\" \/>\n<meta property=\"article:modified_time\" content=\"2025-04-29T11:06:56+00:00\" \/>\n<meta property=\"og:image\" content=\"https:\/\/koningdrone.be\/wp-content\/uploads\/sites\/13\/2025\/04\/1716303933_1814932.jpg\" \/>\n\t<meta property=\"og:image:width\" content=\"500\" \/>\n\t<meta property=\"og:image:height\" content=\"500\" \/>\n\t<meta property=\"og:image:type\" content=\"image\/jpeg\" \/>\n<meta name=\"twitter:card\" content=\"summary_large_image\" \/>\n<script type=\"application\/ld+json\" class=\"yoast-schema-graph\">{\"@context\":\"https:\/\/schema.org\",\"@graph\":[{\"@type\":\"WebPage\",\"@id\":\"https:\/\/koningdrone.be\/product\/czi-mp10e-broadcast-and-sound-pickup-system\/\",\"url\":\"https:\/\/koningdrone.be\/product\/czi-mp10e-broadcast-and-sound-pickup-system\/\",\"name\":\"CZI MP10E Broadcast and Sound Pickup System - koningdrone.be\",\"isPartOf\":{\"@id\":\"https:\/\/koningdrone.be\/#website\"},\"primaryImageOfPage\":{\"@id\":\"https:\/\/koningdrone.be\/product\/czi-mp10e-broadcast-and-sound-pickup-system\/#primaryimage\"},\"image\":{\"@id\":\"https:\/\/koningdrone.be\/product\/czi-mp10e-broadcast-and-sound-pickup-system\/#primaryimage\"},\"thumbnailUrl\":\"https:\/\/koningdrone.be\/wp-content\/uploads\/sites\/13\/2025\/04\/1716303933_1814932.jpg\",\"datePublished\":\"2025-04-14T09:49:47+00:00\",\"dateModified\":\"2025-04-29T11:06:56+00:00\",\"breadcrumb\":{\"@id\":\"https:\/\/koningdrone.be\/product\/czi-mp10e-broadcast-and-sound-pickup-system\/#breadcrumb\"},\"inLanguage\":\"es\",\"potentialAction\":[{\"@type\":\"ReadAction\",\"target\":[\"https:\/\/koningdrone.be\/product\/czi-mp10e-broadcast-and-sound-pickup-system\/\"]}]},{\"@type\":\"ImageObject\",\"inLanguage\":\"es\",\"@id\":\"https:\/\/koningdrone.be\/product\/czi-mp10e-broadcast-and-sound-pickup-system\/#primaryimage\",\"url\":\"https:\/\/koningdrone.be\/wp-content\/uploads\/sites\/13\/2025\/04\/1716303933_1814932.jpg\",\"contentUrl\":\"https:\/\/koningdrone.be\/wp-content\/uploads\/sites\/13\/2025\/04\/1716303933_1814932.jpg\",\"width\":500,\"height\":500},{\"@type\":\"BreadcrumbList\",\"@id\":\"https:\/\/koningdrone.be\/product\/czi-mp10e-broadcast-and-sound-pickup-system\/#breadcrumb\",\"itemListElement\":[{\"@type\":\"ListItem\",\"position\":1,\"name\":\"Home\",\"item\":\"https:\/\/koningdrone.be\/\"},{\"@type\":\"ListItem\",\"position\":2,\"name\":\"AVSS Parachute Recovery System for DJI Matrice 300\/350\",\"item\":\"https:\/\/koningdrone.be\/product\/avss-parachute-recovery-system-for-dji-matrice-300-350\/\"},{\"@type\":\"ListItem\",\"position\":3,\"name\":\"Uncategorized\",\"item\":\"https:\/\/koningdrone.be\/categorie\/uncategorized\/\"},{\"@type\":\"ListItem\",\"position\":4,\"name\":\"CZI MP10E Broadcast and Sound Pickup System\"}]},{\"@type\":\"WebSite\",\"@id\":\"https:\/\/koningdrone.be\/#website\",\"url\":\"https:\/\/koningdrone.be\/\",\"name\":\"Koningdrone.be - Uw online specialist in drones, gimbals, camera's en power stations.\",\"description\":\"De webshop in drones en gimbals\",\"publisher\":{\"@id\":\"https:\/\/koningdrone.be\/#organization\"},\"potentialAction\":[{\"@type\":\"SearchAction\",\"target\":{\"@type\":\"EntryPoint\",\"urlTemplate\":\"https:\/\/koningdrone.be\/?s={search_term_string}\"},\"query-input\":{\"@type\":\"PropertyValueSpecification\",\"valueRequired\":true,\"valueName\":\"search_term_string\"}}],\"inLanguage\":\"es\"},{\"@type\":\"Organization\",\"@id\":\"https:\/\/koningdrone.be\/#organization\",\"name\":\"Koningdrone.be\",\"url\":\"https:\/\/koningdrone.be\/\",\"logo\":{\"@type\":\"ImageObject\",\"inLanguage\":\"es\",\"@id\":\"https:\/\/koningdrone.be\/#\/schema\/logo\/image\/\",\"url\":\"https:\/\/koningdrone.be\/wp-content\/uploads\/sites\/13\/2025\/04\/koningdrone-copyright-logo.svg\",\"contentUrl\":\"https:\/\/koningdrone.be\/wp-content\/uploads\/sites\/13\/2025\/04\/koningdrone-copyright-logo.svg\",\"width\":227,\"height\":38,\"caption\":\"Koningdrone.be\"},\"image\":{\"@id\":\"https:\/\/koningdrone.be\/#\/schema\/logo\/image\/\"}}]}<\/script>\n<!-- \/ Yoast SEO Premium plugin. -->","yoast_head_json":{"title":"CZI MP10E Broadcast and Sound Pickup System - koningdrone.be","robots":{"index":"index","follow":"follow","max-snippet":"max-snippet:-1","max-image-preview":"max-image-preview:large","max-video-preview":"max-video-preview:-1"},"canonical":"https:\/\/koningdrone.be\/es\/producto\/czi-mp10e-broadcast-and-sound-pickup-system\/","og_locale":"es_ES","og_type":"article","og_title":"CZI MP10E Broadcast and Sound Pickup System","og_description":"Microfoon met 33' bereikRuisonderdrukking microfoonHoorn + hoorn voor 110 dB audioBestanden of real-time spraak uitzendenMicrofoonzender inbegrepenIngebouwd 1,8\u201d kleurenschermRood en blauw knipperend licht","og_url":"https:\/\/koningdrone.be\/es\/producto\/czi-mp10e-broadcast-and-sound-pickup-system\/","og_site_name":"koningdrone.be","article_modified_time":"2025-04-29T11:06:56+00:00","og_image":[{"width":500,"height":500,"url":"https:\/\/koningdrone.be\/wp-content\/uploads\/sites\/13\/2025\/04\/1716303933_1814932.jpg","type":"image\/jpeg"}],"twitter_card":"summary_large_image","schema":{"@context":"https:\/\/schema.org","@graph":[{"@type":"WebPage","@id":"https:\/\/koningdrone.be\/product\/czi-mp10e-broadcast-and-sound-pickup-system\/","url":"https:\/\/koningdrone.be\/product\/czi-mp10e-broadcast-and-sound-pickup-system\/","name":"CZI MP10E Broadcast and Sound Pickup System - koningdrone.be","isPartOf":{"@id":"https:\/\/koningdrone.be\/#website"},"primaryImageOfPage":{"@id":"https:\/\/koningdrone.be\/product\/czi-mp10e-broadcast-and-sound-pickup-system\/#primaryimage"},"image":{"@id":"https:\/\/koningdrone.be\/product\/czi-mp10e-broadcast-and-sound-pickup-system\/#primaryimage"},"thumbnailUrl":"https:\/\/koningdrone.be\/wp-content\/uploads\/sites\/13\/2025\/04\/1716303933_1814932.jpg","datePublished":"2025-04-14T09:49:47+00:00","dateModified":"2025-04-29T11:06:56+00:00","breadcrumb":{"@id":"https:\/\/koningdrone.be\/product\/czi-mp10e-broadcast-and-sound-pickup-system\/#breadcrumb"},"inLanguage":"es","potentialAction":[{"@type":"ReadAction","target":["https:\/\/koningdrone.be\/product\/czi-mp10e-broadcast-and-sound-pickup-system\/"]}]},{"@type":"ImageObject","inLanguage":"es","@id":"https:\/\/koningdrone.be\/product\/czi-mp10e-broadcast-and-sound-pickup-system\/#primaryimage","url":"https:\/\/koningdrone.be\/wp-content\/uploads\/sites\/13\/2025\/04\/1716303933_1814932.jpg","contentUrl":"https:\/\/koningdrone.be\/wp-content\/uploads\/sites\/13\/2025\/04\/1716303933_1814932.jpg","width":500,"height":500},{"@type":"BreadcrumbList","@id":"https:\/\/koningdrone.be\/product\/czi-mp10e-broadcast-and-sound-pickup-system\/#breadcrumb","itemListElement":[{"@type":"ListItem","position":1,"name":"Home","item":"https:\/\/koningdrone.be\/"},{"@type":"ListItem","position":2,"name":"AVSS Parachute Recovery System for DJI Matrice 300\/350","item":"https:\/\/koningdrone.be\/product\/avss-parachute-recovery-system-for-dji-matrice-300-350\/"},{"@type":"ListItem","position":3,"name":"Uncategorized","item":"https:\/\/koningdrone.be\/categorie\/uncategorized\/"},{"@type":"ListItem","position":4,"name":"CZI MP10E Broadcast and Sound Pickup System"}]},{"@type":"WebSite","@id":"https:\/\/koningdrone.be\/#website","url":"https:\/\/koningdrone.be\/","name":"Koningdrone.be - Su especialista en l\u00ednea en drones, cardanes, c\u00e1maras y centrales el\u00e9ctricas.","description":"La tienda virtual de drones y cardanes","publisher":{"@id":"https:\/\/koningdrone.be\/#organization"},"potentialAction":[{"@type":"SearchAction","target":{"@type":"EntryPoint","urlTemplate":"https:\/\/koningdrone.be\/?s={search_term_string}"},"query-input":{"@type":"PropertyValueSpecification","valueRequired":true,"valueName":"search_term_string"}}],"inLanguage":"es"},{"@type":"Organization","@id":"https:\/\/koningdrone.be\/#organization","name":"Kingdrone.es","url":"https:\/\/koningdrone.be\/","logo":{"@type":"ImageObject","inLanguage":"es","@id":"https:\/\/koningdrone.be\/#\/schema\/logo\/image\/","url":"https:\/\/koningdrone.be\/wp-content\/uploads\/sites\/13\/2025\/04\/koningdrone-copyright-logo.svg","contentUrl":"https:\/\/koningdrone.be\/wp-content\/uploads\/sites\/13\/2025\/04\/koningdrone-copyright-logo.svg","width":227,"height":38,"caption":"Koningdrone.be"},"image":{"@id":"https:\/\/koningdrone.be\/#\/schema\/logo\/image\/"}}]}},"df_price":"","df_sale_price":"","df_regular_price":"","df_image_link":"https:\/\/koningdrone.be\/wp-content\/uploads\/sites\/13\/2025\/04\/1716303933_1814932-300x300.jpg","_links":{"self":[{"href":"https:\/\/koningdrone.be\/es\/wp-json\/wp\/v2\/product\/1084","targetHints":{"allow":["GET"]}}],"collection":[{"href":"https:\/\/koningdrone.be\/es\/wp-json\/wp\/v2\/product"}],"about":[{"href":"https:\/\/koningdrone.be\/es\/wp-json\/wp\/v2\/types\/product"}],"wp:featuredmedia":[{"embeddable":true,"href":"https:\/\/koningdrone.be\/es\/wp-json\/wp\/v2\/media\/1083"}],"wp:attachment":[{"href":"https:\/\/koningdrone.be\/es\/wp-json\/wp\/v2\/media?parent=1084"}],"wp:term":[{"taxonomy":"product_brand","embeddable":true,"href":"https:\/\/koningdrone.be\/es\/wp-json\/wp\/v2\/product_brand?post=1084"},{"taxonomy":"product_cat","embeddable":true,"href":"https:\/\/koningdrone.be\/es\/wp-json\/wp\/v2\/product_cat?post=1084"},{"taxonomy":"product_tag","embeddable":true,"href":"https:\/\/koningdrone.be\/es\/wp-json\/wp\/v2\/product_tag?post=1084"}],"curies":[{"name":"wp","href":"https:\/\/api.w.org\/{rel}","templated":true}]}}