{"id":10838,"date":"2025-06-10T14:22:50","date_gmt":"2025-06-10T12:22:50","guid":{"rendered":"https:\/\/koningdrone.be\/product\/anker-solix-compleet-balkonsysteem-2x-rs40b-paneel-410w-micro-omvormer-600w-800w-balkonbeugels\/"},"modified":"2025-08-20T16:18:24","modified_gmt":"2025-08-20T14:18:24","slug":"anker-solix-compleet-balkonsysteem-2x-rs40b-paneel-410w-micro-omvormer-600w-800w-balkonbeugels","status":"publish","type":"product","link":"https:\/\/koningdrone.be\/es\/producto\/anker-solix-compleet-balkonsysteem-2x-rs40b-paneel-410w-micro-omvormer-600w-800w-balkonbeugels\/","title":{"rendered":"Sistema completo para balc\u00f3n Anchor SOLIX (2\u00d7 panel RS40B 410W, microinversor 600W\/800W, soportes para balc\u00f3n)"},"content":{"rendered":"<p><strong>F\u00e1cil instalaci\u00f3n<\/strong><\/p>\n<p>Dise\u00f1o duradero y robusto<\/p>\n<p>Almacenamiento inteligente de energ\u00eda<\/p>\n<p>Integraci\u00f3n de aplicaciones<\/p>\n<p>Dise\u00f1o est\u00e9tico<\/p>\n<p>Alta eficiencia energ\u00e9tica<\/p>\n<p>Anker SOLIX RS40B ofrece una pr\u00e1ctica soluci\u00f3n solar para balcones, ideal para entornos urbanos con espacio limitado. El sistema es f\u00e1cil de instalar y duradero, con una aplicaci\u00f3n que ayuda a controlar el rendimiento energ\u00e9tico. A pesar de su dependencia de la tecnolog\u00eda moderna, ofrece un rendimiento fiable y eficaz, lo que lo convierte en un valioso complemento para la generaci\u00f3n de energ\u00eda verde.<\/p>\n<p><strong>Conectividad<\/strong> Wi-Fi (2,4 GHz) WAP2<\/p>\n<p><strong>Eficacia<\/strong> 0.23<\/p>\n<p><strong>Tecnolog\u00eda fotovoltaica<\/strong> Panel solar PERC<\/p>\n<p><strong>Rendimiento<\/strong> 410 W (cada uno)<\/p>\n<p><strong>Microinversor<\/strong> 600\/800W<\/p>\n<p><strong>Contenido del paquete<\/strong><\/p>\n<ul>\n<li>2 paneles solares de 410 W<\/li>\n<li>1x microinversor de 600 W (ampliable hasta 800 W)<\/li>\n<li>1x Cable de carga de 5 m<\/li>\n<li>4x Soportes de balc\u00f3n<\/li>\n<li>1x Juego de herramientas<\/li>\n<li>1x Manual de usuario en l\u00ednea<\/li>\n<li>1x Ficha de datos de seguridad<\/li>\n<\/ul>","protected":false},"excerpt":{"rendered":"<ul>\n<li><strong>F\u00e1cil instalaci\u00f3n<\/strong>El sistema est\u00e1 dise\u00f1ado para una instalaci\u00f3n sencilla, ideal para entornos urbanos.<\/li>\n<li><strong>Dise\u00f1o duradero y robusto<\/strong>Anker SOLIX RS40B est\u00e1 fabricado para durar y soportar una gran variedad de condiciones meteorol\u00f3gicas.<\/li>\n<li><strong>Almacenamiento inteligente de energ\u00eda<\/strong>Controla tu consumo de energ\u00eda y rendimiento mediante una c\u00f3moda integraci\u00f3n con la aplicaci\u00f3n.<\/li>\n<li><strong>Integraci\u00f3n de aplicaciones<\/strong>La aplicaci\u00f3n ayuda a controlar el rendimiento energ\u00e9tico, contribuyendo a una gesti\u00f3n m\u00e1s eficiente de la energ\u00eda.<\/li>\n<li><strong>Dise\u00f1o est\u00e9tico<\/strong>El moderno dise\u00f1o de los paneles solares se integra perfectamente en su balc\u00f3n o espacio exterior.<\/li>\n<li><strong>Alta eficiencia energ\u00e9tica<\/strong>Con una eficiencia de 23%, aprovecha al m\u00e1ximo tu sistema de paneles solares incluso en condiciones meteorol\u00f3gicas poco favorables.<\/li>\n<\/ul>\n<p>Anker SOLIX RS40B ofrece una pr\u00e1ctica soluci\u00f3n solar para balcones, ideal para entornos urbanos con espacio limitado. El sistema es f\u00e1cil de instalar y duradero, con una aplicaci\u00f3n que ayuda a controlar el rendimiento energ\u00e9tico. A pesar de su dependencia de la tecnolog\u00eda moderna, ofrece un rendimiento fiable y eficaz, lo que lo convierte en un valioso complemento para la generaci\u00f3n de energ\u00eda verde.<\/p>\n<p><strong>Conectividad<\/strong>Wifi (2,4 GHz) WAP2<\/p>\n<p><strong>Eficacia<\/strong>: 0.23<\/p>\n<p><strong>Tecnolog\u00eda fotovoltaica<\/strong>Panel solar PERC<\/p>\n<p><strong>Rendimiento<\/strong>410 W (cada uno)<\/p>\n<p><strong>Microinversor<\/strong>: 600\/800W<\/p>\n<p><strong>Contenido del paquete<\/strong><\/p>\n<ul>\n<li>2 paneles solares de 410 W<\/li>\n<li>1x microinversor de 600 W (ampliable hasta 800 W)<\/li>\n<li>1x Cable de carga de 5 m<\/li>\n<li>4x Soportes de balc\u00f3n<\/li>\n<li>1x Juego de herramientas<\/li>\n<li>1x Manual de usuario en l\u00ednea<\/li>\n<li>1x Ficha de datos de seguridad<\/li>\n<\/ul>","protected":false},"featured_media":0,"template":"","meta":{"_acf_changed":false},"product_brand":[],"product_cat":[58],"product_tag":[],"class_list":{"0":"post-10838","1":"product","2":"type-product","3":"status-publish","5":"product_cat-uncategorized","7":"first","8":"instock","9":"product-type-simple"},"acf":[],"yoast_head":"<!-- This site is optimized with the Yoast SEO Premium plugin v27.2 (Yoast SEO v27.2) - https:\/\/yoast.com\/product\/yoast-seo-premium-wordpress\/ -->\n<title>Anker SOLIX Compleet Balkonsysteem (2\u00d7 RS40B paneel 410W, micro-omvormer 600W\/800W, balkonbeugels) - koningdrone.be<\/title>\n<meta name=\"robots\" content=\"index, follow, max-snippet:-1, max-image-preview:large, max-video-preview:-1\" \/>\n<link rel=\"canonical\" href=\"https:\/\/koningdrone.be\/es\/producto\/anker-solix-compleet-balkonsysteem-2x-rs40b-paneel-410w-micro-omvormer-600w-800w-balkonbeugels\/\" \/>\n<meta property=\"og:locale\" content=\"es_ES\" \/>\n<meta property=\"og:type\" content=\"article\" \/>\n<meta property=\"og:title\" content=\"Anker SOLIX Compleet Balkonsysteem (2\u00d7 RS40B paneel 410W, micro-omvormer 600W\/800W, balkonbeugels)\" \/>\n<meta property=\"og:description\" content=\"Eenvoudige installatie: Het systeem is ontworpen voor eenvoudige installatie, ideaal voor stedelijke omgevingen.  Duurzaam en robuust ontwerp: De Anker SOLIX RS40B is gebouwd om lang mee te gaan en bestand tegen verschillende weersomstandigheden.  Slimme energieopslag: Houd je energieverbruik en prestaties bij via een handige app-integratie.  App-integratie: De app helpt je energieprestaties te monitoren, wat bijdraagt aan effici\u00ebnter energiebeheer.  Esthetisch design: Het moderne ontwerp van de zonnepanelen voegt zich naadloos in je balkon of buitenruimte.  Hoge energie-effici\u00ebntie: Met een effici\u00ebntie van 23% haal je het meeste uit je zonnepaneelsysteem, zelfs bij minder ideale weersomstandigheden.  De Anker SOLIX RS40B biedt een praktische oplossing voor zonne-energie op balkons, ideaal voor stedelijke omgevingen met beperkte ruimte. Het systeem is makkelijk te installeren en duurzaam, met een app die helpt bij het monitoren van energieprestaties. Ondanks de afhankelijkheid van moderne technologie, levert het betrouwbare en effectieve prestaties, waardoor het een waardevolle toevoeging is voor het opwekken van groene energie. Connectiviteit: Wifi (2,4 GHz) WAP2 Effici\u00ebntie: 0.23 PV-technologie: PERC-zonnepaneel Prestatie: 410W (elk) Micro-omvormer: 600\/800W Verpakkingsinhoud  2x 410W Zonnepaneel  1x 600 W Micro-omvormer (uitbreidbaar tot 800 W)  1x 5m Oplaadkabel  4x Balkonbeugels  1x Gereedschapset  1x Online gebruiksaanwijzing  1x Veiligheidsinformatieblad\" \/>\n<meta property=\"og:url\" content=\"https:\/\/koningdrone.be\/es\/producto\/anker-solix-compleet-balkonsysteem-2x-rs40b-paneel-410w-micro-omvormer-600w-800w-balkonbeugels\/\" \/>\n<meta property=\"og:site_name\" content=\"koningdrone.be\" \/>\n<meta property=\"article:modified_time\" content=\"2025-08-20T14:18:24+00:00\" \/>\n<meta name=\"twitter:card\" content=\"summary_large_image\" \/>\n<meta name=\"twitter:label1\" content=\"Tiempo de lectura\" \/>\n\t<meta name=\"twitter:data1\" content=\"1 minuto\" \/>\n<script type=\"application\/ld+json\" class=\"yoast-schema-graph\">{\"@context\":\"https:\/\/schema.org\",\"@graph\":[{\"@type\":\"WebPage\",\"@id\":\"https:\/\/koningdrone.be\/product\/anker-solix-compleet-balkonsysteem-2x-rs40b-paneel-410w-micro-omvormer-600w-800w-balkonbeugels\/\",\"url\":\"https:\/\/koningdrone.be\/product\/anker-solix-compleet-balkonsysteem-2x-rs40b-paneel-410w-micro-omvormer-600w-800w-balkonbeugels\/\",\"name\":\"Anker SOLIX Compleet Balkonsysteem (2\u00d7 RS40B paneel 410W, micro-omvormer 600W\/800W, balkonbeugels) - koningdrone.be\",\"isPartOf\":{\"@id\":\"https:\/\/koningdrone.be\/#website\"},\"datePublished\":\"2025-06-10T12:22:50+00:00\",\"dateModified\":\"2025-08-20T14:18:24+00:00\",\"breadcrumb\":{\"@id\":\"https:\/\/koningdrone.be\/product\/anker-solix-compleet-balkonsysteem-2x-rs40b-paneel-410w-micro-omvormer-600w-800w-balkonbeugels\/#breadcrumb\"},\"inLanguage\":\"es\",\"potentialAction\":[{\"@type\":\"ReadAction\",\"target\":[\"https:\/\/koningdrone.be\/product\/anker-solix-compleet-balkonsysteem-2x-rs40b-paneel-410w-micro-omvormer-600w-800w-balkonbeugels\/\"]}]},{\"@type\":\"BreadcrumbList\",\"@id\":\"https:\/\/koningdrone.be\/product\/anker-solix-compleet-balkonsysteem-2x-rs40b-paneel-410w-micro-omvormer-600w-800w-balkonbeugels\/#breadcrumb\",\"itemListElement\":[{\"@type\":\"ListItem\",\"position\":1,\"name\":\"Home\",\"item\":\"https:\/\/koningdrone.be\/\"},{\"@type\":\"ListItem\",\"position\":2,\"name\":\"AVSS Parachute Recovery System for DJI Matrice 300\/350\",\"item\":\"https:\/\/koningdrone.be\/product\/avss-parachute-recovery-system-for-dji-matrice-300-350\/\"},{\"@type\":\"ListItem\",\"position\":3,\"name\":\"Uncategorized\",\"item\":\"https:\/\/koningdrone.be\/categorie\/uncategorized\/\"},{\"@type\":\"ListItem\",\"position\":4,\"name\":\"Anker SOLIX Compleet Balkonsysteem (2\u00d7 RS40B paneel 410W, micro-omvormer 600W\/800W, balkonbeugels)\"}]},{\"@type\":\"WebSite\",\"@id\":\"https:\/\/koningdrone.be\/#website\",\"url\":\"https:\/\/koningdrone.be\/\",\"name\":\"Koningdrone.be - Uw online specialist in drones, gimbals, camera's en power stations.\",\"description\":\"De webshop in drones en gimbals\",\"publisher\":{\"@id\":\"https:\/\/koningdrone.be\/#organization\"},\"potentialAction\":[{\"@type\":\"SearchAction\",\"target\":{\"@type\":\"EntryPoint\",\"urlTemplate\":\"https:\/\/koningdrone.be\/?s={search_term_string}\"},\"query-input\":{\"@type\":\"PropertyValueSpecification\",\"valueRequired\":true,\"valueName\":\"search_term_string\"}}],\"inLanguage\":\"es\"},{\"@type\":\"Organization\",\"@id\":\"https:\/\/koningdrone.be\/#organization\",\"name\":\"Koningdrone.be\",\"url\":\"https:\/\/koningdrone.be\/\",\"logo\":{\"@type\":\"ImageObject\",\"inLanguage\":\"es\",\"@id\":\"https:\/\/koningdrone.be\/#\/schema\/logo\/image\/\",\"url\":\"https:\/\/koningdrone.be\/wp-content\/uploads\/sites\/13\/2025\/04\/koningdrone-copyright-logo.svg\",\"contentUrl\":\"https:\/\/koningdrone.be\/wp-content\/uploads\/sites\/13\/2025\/04\/koningdrone-copyright-logo.svg\",\"width\":227,\"height\":38,\"caption\":\"Koningdrone.be\"},\"image\":{\"@id\":\"https:\/\/koningdrone.be\/#\/schema\/logo\/image\/\"}}]}<\/script>\n<!-- \/ Yoast SEO Premium plugin. -->","yoast_head_json":{"title":"Anker SOLIX Compleet Balkonsysteem (2\u00d7 RS40B paneel 410W, micro-omvormer 600W\/800W, balkonbeugels) - koningdrone.be","robots":{"index":"index","follow":"follow","max-snippet":"max-snippet:-1","max-image-preview":"max-image-preview:large","max-video-preview":"max-video-preview:-1"},"canonical":"https:\/\/koningdrone.be\/es\/producto\/anker-solix-compleet-balkonsysteem-2x-rs40b-paneel-410w-micro-omvormer-600w-800w-balkonbeugels\/","og_locale":"es_ES","og_type":"article","og_title":"Anker SOLIX Compleet Balkonsysteem (2\u00d7 RS40B paneel 410W, micro-omvormer 600W\/800W, balkonbeugels)","og_description":"Eenvoudige installatie: Het systeem is ontworpen voor eenvoudige installatie, ideaal voor stedelijke omgevingen.  Duurzaam en robuust ontwerp: De Anker SOLIX RS40B is gebouwd om lang mee te gaan en bestand tegen verschillende weersomstandigheden.  Slimme energieopslag: Houd je energieverbruik en prestaties bij via een handige app-integratie.  App-integratie: De app helpt je energieprestaties te monitoren, wat bijdraagt aan effici\u00ebnter energiebeheer.  Esthetisch design: Het moderne ontwerp van de zonnepanelen voegt zich naadloos in je balkon of buitenruimte.  Hoge energie-effici\u00ebntie: Met een effici\u00ebntie van 23% haal je het meeste uit je zonnepaneelsysteem, zelfs bij minder ideale weersomstandigheden.  De Anker SOLIX RS40B biedt een praktische oplossing voor zonne-energie op balkons, ideaal voor stedelijke omgevingen met beperkte ruimte. Het systeem is makkelijk te installeren en duurzaam, met een app die helpt bij het monitoren van energieprestaties. Ondanks de afhankelijkheid van moderne technologie, levert het betrouwbare en effectieve prestaties, waardoor het een waardevolle toevoeging is voor het opwekken van groene energie. Connectiviteit: Wifi (2,4 GHz) WAP2 Effici\u00ebntie: 0.23 PV-technologie: PERC-zonnepaneel Prestatie: 410W (elk) Micro-omvormer: 600\/800W Verpakkingsinhoud  2x 410W Zonnepaneel  1x 600 W Micro-omvormer (uitbreidbaar tot 800 W)  1x 5m Oplaadkabel  4x Balkonbeugels  1x Gereedschapset  1x Online gebruiksaanwijzing  1x Veiligheidsinformatieblad","og_url":"https:\/\/koningdrone.be\/es\/producto\/anker-solix-compleet-balkonsysteem-2x-rs40b-paneel-410w-micro-omvormer-600w-800w-balkonbeugels\/","og_site_name":"koningdrone.be","article_modified_time":"2025-08-20T14:18:24+00:00","twitter_card":"summary_large_image","twitter_misc":{"Tiempo de lectura":"1 minuto"},"schema":{"@context":"https:\/\/schema.org","@graph":[{"@type":"WebPage","@id":"https:\/\/koningdrone.be\/product\/anker-solix-compleet-balkonsysteem-2x-rs40b-paneel-410w-micro-omvormer-600w-800w-balkonbeugels\/","url":"https:\/\/koningdrone.be\/product\/anker-solix-compleet-balkonsysteem-2x-rs40b-paneel-410w-micro-omvormer-600w-800w-balkonbeugels\/","name":"Anker SOLIX Compleet Balkonsysteem (2\u00d7 RS40B paneel 410W, micro-omvormer 600W\/800W, balkonbeugels) - koningdrone.be","isPartOf":{"@id":"https:\/\/koningdrone.be\/#website"},"datePublished":"2025-06-10T12:22:50+00:00","dateModified":"2025-08-20T14:18:24+00:00","breadcrumb":{"@id":"https:\/\/koningdrone.be\/product\/anker-solix-compleet-balkonsysteem-2x-rs40b-paneel-410w-micro-omvormer-600w-800w-balkonbeugels\/#breadcrumb"},"inLanguage":"es","potentialAction":[{"@type":"ReadAction","target":["https:\/\/koningdrone.be\/product\/anker-solix-compleet-balkonsysteem-2x-rs40b-paneel-410w-micro-omvormer-600w-800w-balkonbeugels\/"]}]},{"@type":"BreadcrumbList","@id":"https:\/\/koningdrone.be\/product\/anker-solix-compleet-balkonsysteem-2x-rs40b-paneel-410w-micro-omvormer-600w-800w-balkonbeugels\/#breadcrumb","itemListElement":[{"@type":"ListItem","position":1,"name":"Home","item":"https:\/\/koningdrone.be\/"},{"@type":"ListItem","position":2,"name":"AVSS Parachute Recovery System for DJI Matrice 300\/350","item":"https:\/\/koningdrone.be\/product\/avss-parachute-recovery-system-for-dji-matrice-300-350\/"},{"@type":"ListItem","position":3,"name":"Uncategorized","item":"https:\/\/koningdrone.be\/categorie\/uncategorized\/"},{"@type":"ListItem","position":4,"name":"Anker SOLIX Compleet Balkonsysteem (2\u00d7 RS40B paneel 410W, micro-omvormer 600W\/800W, balkonbeugels)"}]},{"@type":"WebSite","@id":"https:\/\/koningdrone.be\/#website","url":"https:\/\/koningdrone.be\/","name":"Koningdrone.be - Su especialista en l\u00ednea en drones, cardanes, c\u00e1maras y centrales el\u00e9ctricas.","description":"La tienda virtual de drones y cardanes","publisher":{"@id":"https:\/\/koningdrone.be\/#organization"},"potentialAction":[{"@type":"SearchAction","target":{"@type":"EntryPoint","urlTemplate":"https:\/\/koningdrone.be\/?s={search_term_string}"},"query-input":{"@type":"PropertyValueSpecification","valueRequired":true,"valueName":"search_term_string"}}],"inLanguage":"es"},{"@type":"Organization","@id":"https:\/\/koningdrone.be\/#organization","name":"Kingdrone.es","url":"https:\/\/koningdrone.be\/","logo":{"@type":"ImageObject","inLanguage":"es","@id":"https:\/\/koningdrone.be\/#\/schema\/logo\/image\/","url":"https:\/\/koningdrone.be\/wp-content\/uploads\/sites\/13\/2025\/04\/koningdrone-copyright-logo.svg","contentUrl":"https:\/\/koningdrone.be\/wp-content\/uploads\/sites\/13\/2025\/04\/koningdrone-copyright-logo.svg","width":227,"height":38,"caption":"Koningdrone.be"},"image":{"@id":"https:\/\/koningdrone.be\/#\/schema\/logo\/image\/"}}]}},"df_price":"","df_sale_price":"","df_regular_price":"","df_image_link":"https:\/\/koningdrone.be\/wp-content\/uploads\/sites\/13\/woocommerce-placeholder-300x300.png","_links":{"self":[{"href":"https:\/\/koningdrone.be\/es\/wp-json\/wp\/v2\/product\/10838","targetHints":{"allow":["GET"]}}],"collection":[{"href":"https:\/\/koningdrone.be\/es\/wp-json\/wp\/v2\/product"}],"about":[{"href":"https:\/\/koningdrone.be\/es\/wp-json\/wp\/v2\/types\/product"}],"wp:attachment":[{"href":"https:\/\/koningdrone.be\/es\/wp-json\/wp\/v2\/media?parent=10838"}],"wp:term":[{"taxonomy":"product_brand","embeddable":true,"href":"https:\/\/koningdrone.be\/es\/wp-json\/wp\/v2\/product_brand?post=10838"},{"taxonomy":"product_cat","embeddable":true,"href":"https:\/\/koningdrone.be\/es\/wp-json\/wp\/v2\/product_cat?post=10838"},{"taxonomy":"product_tag","embeddable":true,"href":"https:\/\/koningdrone.be\/es\/wp-json\/wp\/v2\/product_tag?post=10838"}],"curies":[{"name":"wp","href":"https:\/\/api.w.org\/{rel}","templated":true}]}}