{"id":10830,"date":"2025-06-10T14:22:50","date_gmt":"2025-06-10T12:22:50","guid":{"rendered":"https:\/\/koningdrone.be\/product\/anker-solix-531\/"},"modified":"2025-08-20T16:18:38","modified_gmt":"2025-08-20T14:18:38","slug":"anker-solix-531","status":"publish","type":"product","link":"https:\/\/koningdrone.be\/es\/producto\/anker-solix-531\/","title":{"rendered":"Ancla SOLIX 531"},"content":{"rendered":"<p>El panel solar Anker 531 est\u00e1 especialmente dise\u00f1ado para los entusiastas de las actividades al aire libre que necesitan energ\u00eda fiable durante sus expediciones. Gracias a su avanzada tecnolog\u00eda de c\u00e9lula solar monocristalina, alcanza una tasa de conversi\u00f3n de hasta 23% y puede producir hasta 200 W de potencia. Su grado de impermeabilidad IP67 garantiza que pueda soportar condiciones meteorol\u00f3gicas adversas, ideal para diversas actividades al aire libre, como senderismo y acampadas prolongadas.<\/p>\n<p>&nbsp;<\/p>\n<p><strong>Caracter\u00edsticas principales<\/strong><\/p>\n<p>El Anchor 531 tiene un \u00e1ngulo de inclinaci\u00f3n regulable con ajustes de 40\u00b0, 50\u00b0 y 60\u00b0, lo que mejora la absorci\u00f3n de la energ\u00eda solar. Presenta una alta eficiencia de conversi\u00f3n gracias a sus c\u00e9lulas monocristalinas, que garantizan una producci\u00f3n \u00f3ptima de energ\u00eda el\u00e9ctrica. Dise\u00f1ado para su uso en exteriores, es resistente al agua y robusto. El panel tambi\u00e9n es port\u00e1til, se pliega para facilitar su transporte y cuenta con una garant\u00eda ampliada de 5 a\u00f1os para mayor tranquilidad.<\/p>\n<p>&nbsp;<\/p>\n<p><strong>Compatibilidad y contenido<\/strong><\/p>\n<p>Este panel solar es compatible con los dispositivos de alimentaci\u00f3n Anker 757, Anker 535 y Anker 521. El paquete incluye el panel solar Anker 531, un cable de carga solar, un conector XT-60 para DC7909, un manual de usuario y 1,5 a\u00f1os de garant\u00eda, proporcionando todo lo necesario para empezar a aprovechar la energ\u00eda solar de inmediato.<\/p>\n<p>&nbsp;<\/p>\n<p>Tanto si tiene experiencia en el uso de dispositivos solares como si est\u00e1 planeando su primera incursi\u00f3n en soluciones energ\u00e9ticas sostenibles para exteriores, el Anchor 531 ofrece una combinaci\u00f3n de durabilidad, eficiencia y portabilidad, lo que lo convierte en la mejor opci\u00f3n para obtener energ\u00eda fiable sin conexi\u00f3n a la red.<\/p>","protected":false},"excerpt":{"rendered":"<ul>\n<li>Dise\u00f1ado para los entusiastas de las actividades al aire libre: ideal para actividades de senderismo y acampada, proporciona energ\u00eda fiable en cualquier condici\u00f3n meteorol\u00f3gica.<\/li>\n<li>Alta eficiencia: tecnolog\u00eda de c\u00e9lula solar monocristalina con un \u00edndice de conversi\u00f3n de hasta 23%, lo que se traduce en una potencia m\u00e1xima de 200W.<\/li>\n<li>Resistente al agua y robusto: la estanqueidad IP67 garantiza que el panel pueda soportar condiciones clim\u00e1ticas adversas.<\/li>\n<li>\u00c1ngulo de inclinaci\u00f3n ajustable: \u00e1ngulos ajustables de 40\u00b0, 50\u00b0 y 60\u00b0 para mejorar la absorci\u00f3n solar.<\/li>\n<li>Port\u00e1til y plegable: f\u00e1cil de transportar y guardar, ideal para aventuras al aire libre.<\/li>\n<li>Garant\u00eda ampliada: viene con una garant\u00eda de 5 a\u00f1os para mayor tranquilidad y durabilidad.<\/li>\n<li>Compatible con dispositivos de alimentaci\u00f3n Anker: Funciona perfectamente con los dispositivos de alimentaci\u00f3n Anker 757, 535 y 521 para una integraci\u00f3n perfecta.<\/li>\n<li>Juego completo: Incluye panel solar, cable de carga, conector XT-60, manual de usuario y 1,5 a\u00f1os de garant\u00eda para un uso inmediato.<\/li>\n<\/ul>","protected":false},"featured_media":10827,"template":"","meta":{"_acf_changed":false},"product_brand":[],"product_cat":[58],"product_tag":[],"class_list":{"0":"post-10830","1":"product","2":"type-product","3":"status-publish","4":"has-post-thumbnail","6":"product_cat-uncategorized","8":"first","9":"instock","10":"product-type-simple"},"acf":[],"yoast_head":"<!-- This site is optimized with the Yoast SEO Premium plugin v27.2 (Yoast SEO v27.2) - https:\/\/yoast.com\/product\/yoast-seo-premium-wordpress\/ -->\n<title>Anker SOLIX 531 - koningdrone.be<\/title>\n<meta name=\"robots\" content=\"index, follow, max-snippet:-1, max-image-preview:large, max-video-preview:-1\" \/>\n<link rel=\"canonical\" href=\"https:\/\/koningdrone.be\/es\/producto\/anker-solix-531\/\" \/>\n<meta property=\"og:locale\" content=\"es_ES\" \/>\n<meta property=\"og:type\" content=\"article\" \/>\n<meta property=\"og:title\" content=\"Anker SOLIX 531\" \/>\n<meta property=\"og:description\" content=\"Ontworpen voor buitenliefhebbers: Ideaal voor wandel- en kampeeractiviteiten, biedt betrouwbare stroom in alle weersomstandigheden.  Hoge effici\u00ebntie: Monokristallijne zonneceltechnologie met een conversiepercentage tot 23%, wat resulteert in een maximaal vermogen van 200W.  Waterdicht en robuust: IP67-waterdichtheid zorgt ervoor dat het paneel bestand is tegen zware weersomstandigheden.  Verstelbare kantelhoek: Aanpasbare hoeken van 40\u00b0, 50\u00b0 en 60\u00b0 voor verbeterde zonne-energie absorptie.  Draagbaar en opvouwbaar: Eenvoudig mee te nemen en op te bergen, ideaal voor avonturen buitenshuis.  Uitgebreide garantie: Wordt geleverd met 5 jaar garantie voor gemoedsrust en duurzaamheid.  Compatibel met Anker stroomapparaten: Werkt perfect met Anker 757-, 535- en 521-stroomapparaten voor naadloze integratie.  Complete set: Inclusief zonnepaneel, oplaadkabel, XT-60-connector, gebruikershandleiding en 1,5 jaar garantie voor onmiddellijke bruikbaarheid.\" \/>\n<meta property=\"og:url\" content=\"https:\/\/koningdrone.be\/es\/producto\/anker-solix-531\/\" \/>\n<meta property=\"og:site_name\" content=\"koningdrone.be\" \/>\n<meta property=\"article:modified_time\" content=\"2025-08-20T14:18:38+00:00\" \/>\n<meta property=\"og:image\" content=\"https:\/\/koningdrone.be\/wp-content\/uploads\/sites\/13\/2025\/06\/Anker-531-img1.jpg\" \/>\n\t<meta property=\"og:image:width\" content=\"600\" \/>\n\t<meta property=\"og:image:height\" content=\"600\" \/>\n\t<meta property=\"og:image:type\" content=\"image\/jpeg\" \/>\n<meta name=\"twitter:card\" content=\"summary_large_image\" \/>\n<meta name=\"twitter:label1\" content=\"Tiempo de lectura\" \/>\n\t<meta name=\"twitter:data1\" content=\"1 minuto\" \/>\n<script type=\"application\/ld+json\" class=\"yoast-schema-graph\">{\"@context\":\"https:\/\/schema.org\",\"@graph\":[{\"@type\":\"WebPage\",\"@id\":\"https:\/\/koningdrone.be\/product\/anker-solix-531\/\",\"url\":\"https:\/\/koningdrone.be\/product\/anker-solix-531\/\",\"name\":\"Anker SOLIX 531 - koningdrone.be\",\"isPartOf\":{\"@id\":\"https:\/\/koningdrone.be\/#website\"},\"primaryImageOfPage\":{\"@id\":\"https:\/\/koningdrone.be\/product\/anker-solix-531\/#primaryimage\"},\"image\":{\"@id\":\"https:\/\/koningdrone.be\/product\/anker-solix-531\/#primaryimage\"},\"thumbnailUrl\":\"https:\/\/koningdrone.be\/wp-content\/uploads\/sites\/13\/2025\/06\/Anker-531-img1.jpg\",\"datePublished\":\"2025-06-10T12:22:50+00:00\",\"dateModified\":\"2025-08-20T14:18:38+00:00\",\"breadcrumb\":{\"@id\":\"https:\/\/koningdrone.be\/product\/anker-solix-531\/#breadcrumb\"},\"inLanguage\":\"es\",\"potentialAction\":[{\"@type\":\"ReadAction\",\"target\":[\"https:\/\/koningdrone.be\/product\/anker-solix-531\/\"]}]},{\"@type\":\"ImageObject\",\"inLanguage\":\"es\",\"@id\":\"https:\/\/koningdrone.be\/product\/anker-solix-531\/#primaryimage\",\"url\":\"https:\/\/koningdrone.be\/wp-content\/uploads\/sites\/13\/2025\/06\/Anker-531-img1.jpg\",\"contentUrl\":\"https:\/\/koningdrone.be\/wp-content\/uploads\/sites\/13\/2025\/06\/Anker-531-img1.jpg\",\"width\":600,\"height\":600},{\"@type\":\"BreadcrumbList\",\"@id\":\"https:\/\/koningdrone.be\/product\/anker-solix-531\/#breadcrumb\",\"itemListElement\":[{\"@type\":\"ListItem\",\"position\":1,\"name\":\"Home\",\"item\":\"https:\/\/koningdrone.be\/\"},{\"@type\":\"ListItem\",\"position\":2,\"name\":\"AVSS Parachute Recovery System for DJI Matrice 300\/350\",\"item\":\"https:\/\/koningdrone.be\/product\/avss-parachute-recovery-system-for-dji-matrice-300-350\/\"},{\"@type\":\"ListItem\",\"position\":3,\"name\":\"Uncategorized\",\"item\":\"https:\/\/koningdrone.be\/categorie\/uncategorized\/\"},{\"@type\":\"ListItem\",\"position\":4,\"name\":\"Anker SOLIX 531\"}]},{\"@type\":\"WebSite\",\"@id\":\"https:\/\/koningdrone.be\/#website\",\"url\":\"https:\/\/koningdrone.be\/\",\"name\":\"Koningdrone.be - Uw online specialist in drones, gimbals, camera's en power stations.\",\"description\":\"De webshop in drones en gimbals\",\"publisher\":{\"@id\":\"https:\/\/koningdrone.be\/#organization\"},\"potentialAction\":[{\"@type\":\"SearchAction\",\"target\":{\"@type\":\"EntryPoint\",\"urlTemplate\":\"https:\/\/koningdrone.be\/?s={search_term_string}\"},\"query-input\":{\"@type\":\"PropertyValueSpecification\",\"valueRequired\":true,\"valueName\":\"search_term_string\"}}],\"inLanguage\":\"es\"},{\"@type\":\"Organization\",\"@id\":\"https:\/\/koningdrone.be\/#organization\",\"name\":\"Koningdrone.be\",\"url\":\"https:\/\/koningdrone.be\/\",\"logo\":{\"@type\":\"ImageObject\",\"inLanguage\":\"es\",\"@id\":\"https:\/\/koningdrone.be\/#\/schema\/logo\/image\/\",\"url\":\"https:\/\/koningdrone.be\/wp-content\/uploads\/sites\/13\/2025\/04\/koningdrone-copyright-logo.svg\",\"contentUrl\":\"https:\/\/koningdrone.be\/wp-content\/uploads\/sites\/13\/2025\/04\/koningdrone-copyright-logo.svg\",\"width\":227,\"height\":38,\"caption\":\"Koningdrone.be\"},\"image\":{\"@id\":\"https:\/\/koningdrone.be\/#\/schema\/logo\/image\/\"}}]}<\/script>\n<!-- \/ Yoast SEO Premium plugin. -->","yoast_head_json":{"title":"Anker SOLIX 531 - koningdrone.be","robots":{"index":"index","follow":"follow","max-snippet":"max-snippet:-1","max-image-preview":"max-image-preview:large","max-video-preview":"max-video-preview:-1"},"canonical":"https:\/\/koningdrone.be\/es\/producto\/anker-solix-531\/","og_locale":"es_ES","og_type":"article","og_title":"Anker SOLIX 531","og_description":"Ontworpen voor buitenliefhebbers: Ideaal voor wandel- en kampeeractiviteiten, biedt betrouwbare stroom in alle weersomstandigheden.  Hoge effici\u00ebntie: Monokristallijne zonneceltechnologie met een conversiepercentage tot 23%, wat resulteert in een maximaal vermogen van 200W.  Waterdicht en robuust: IP67-waterdichtheid zorgt ervoor dat het paneel bestand is tegen zware weersomstandigheden.  Verstelbare kantelhoek: Aanpasbare hoeken van 40\u00b0, 50\u00b0 en 60\u00b0 voor verbeterde zonne-energie absorptie.  Draagbaar en opvouwbaar: Eenvoudig mee te nemen en op te bergen, ideaal voor avonturen buitenshuis.  Uitgebreide garantie: Wordt geleverd met 5 jaar garantie voor gemoedsrust en duurzaamheid.  Compatibel met Anker stroomapparaten: Werkt perfect met Anker 757-, 535- en 521-stroomapparaten voor naadloze integratie.  Complete set: Inclusief zonnepaneel, oplaadkabel, XT-60-connector, gebruikershandleiding en 1,5 jaar garantie voor onmiddellijke bruikbaarheid.","og_url":"https:\/\/koningdrone.be\/es\/producto\/anker-solix-531\/","og_site_name":"koningdrone.be","article_modified_time":"2025-08-20T14:18:38+00:00","og_image":[{"width":600,"height":600,"url":"https:\/\/koningdrone.be\/wp-content\/uploads\/sites\/13\/2025\/06\/Anker-531-img1.jpg","type":"image\/jpeg"}],"twitter_card":"summary_large_image","twitter_misc":{"Tiempo de lectura":"1 minuto"},"schema":{"@context":"https:\/\/schema.org","@graph":[{"@type":"WebPage","@id":"https:\/\/koningdrone.be\/product\/anker-solix-531\/","url":"https:\/\/koningdrone.be\/product\/anker-solix-531\/","name":"Anker SOLIX 531 - koningdrone.be","isPartOf":{"@id":"https:\/\/koningdrone.be\/#website"},"primaryImageOfPage":{"@id":"https:\/\/koningdrone.be\/product\/anker-solix-531\/#primaryimage"},"image":{"@id":"https:\/\/koningdrone.be\/product\/anker-solix-531\/#primaryimage"},"thumbnailUrl":"https:\/\/koningdrone.be\/wp-content\/uploads\/sites\/13\/2025\/06\/Anker-531-img1.jpg","datePublished":"2025-06-10T12:22:50+00:00","dateModified":"2025-08-20T14:18:38+00:00","breadcrumb":{"@id":"https:\/\/koningdrone.be\/product\/anker-solix-531\/#breadcrumb"},"inLanguage":"es","potentialAction":[{"@type":"ReadAction","target":["https:\/\/koningdrone.be\/product\/anker-solix-531\/"]}]},{"@type":"ImageObject","inLanguage":"es","@id":"https:\/\/koningdrone.be\/product\/anker-solix-531\/#primaryimage","url":"https:\/\/koningdrone.be\/wp-content\/uploads\/sites\/13\/2025\/06\/Anker-531-img1.jpg","contentUrl":"https:\/\/koningdrone.be\/wp-content\/uploads\/sites\/13\/2025\/06\/Anker-531-img1.jpg","width":600,"height":600},{"@type":"BreadcrumbList","@id":"https:\/\/koningdrone.be\/product\/anker-solix-531\/#breadcrumb","itemListElement":[{"@type":"ListItem","position":1,"name":"Home","item":"https:\/\/koningdrone.be\/"},{"@type":"ListItem","position":2,"name":"AVSS Parachute Recovery System for DJI Matrice 300\/350","item":"https:\/\/koningdrone.be\/product\/avss-parachute-recovery-system-for-dji-matrice-300-350\/"},{"@type":"ListItem","position":3,"name":"Uncategorized","item":"https:\/\/koningdrone.be\/categorie\/uncategorized\/"},{"@type":"ListItem","position":4,"name":"Anker SOLIX 531"}]},{"@type":"WebSite","@id":"https:\/\/koningdrone.be\/#website","url":"https:\/\/koningdrone.be\/","name":"Koningdrone.be - Su especialista en l\u00ednea en drones, cardanes, c\u00e1maras y centrales el\u00e9ctricas.","description":"La tienda virtual de drones y cardanes","publisher":{"@id":"https:\/\/koningdrone.be\/#organization"},"potentialAction":[{"@type":"SearchAction","target":{"@type":"EntryPoint","urlTemplate":"https:\/\/koningdrone.be\/?s={search_term_string}"},"query-input":{"@type":"PropertyValueSpecification","valueRequired":true,"valueName":"search_term_string"}}],"inLanguage":"es"},{"@type":"Organization","@id":"https:\/\/koningdrone.be\/#organization","name":"Kingdrone.es","url":"https:\/\/koningdrone.be\/","logo":{"@type":"ImageObject","inLanguage":"es","@id":"https:\/\/koningdrone.be\/#\/schema\/logo\/image\/","url":"https:\/\/koningdrone.be\/wp-content\/uploads\/sites\/13\/2025\/04\/koningdrone-copyright-logo.svg","contentUrl":"https:\/\/koningdrone.be\/wp-content\/uploads\/sites\/13\/2025\/04\/koningdrone-copyright-logo.svg","width":227,"height":38,"caption":"Koningdrone.be"},"image":{"@id":"https:\/\/koningdrone.be\/#\/schema\/logo\/image\/"}}]}},"df_price":"","df_sale_price":"","df_regular_price":"","df_image_link":"https:\/\/koningdrone.be\/wp-content\/uploads\/sites\/13\/2025\/06\/Anker-531-img1-300x300.jpg","_links":{"self":[{"href":"https:\/\/koningdrone.be\/es\/wp-json\/wp\/v2\/product\/10830","targetHints":{"allow":["GET"]}}],"collection":[{"href":"https:\/\/koningdrone.be\/es\/wp-json\/wp\/v2\/product"}],"about":[{"href":"https:\/\/koningdrone.be\/es\/wp-json\/wp\/v2\/types\/product"}],"wp:featuredmedia":[{"embeddable":true,"href":"https:\/\/koningdrone.be\/es\/wp-json\/wp\/v2\/media\/10827"}],"wp:attachment":[{"href":"https:\/\/koningdrone.be\/es\/wp-json\/wp\/v2\/media?parent=10830"}],"wp:term":[{"taxonomy":"product_brand","embeddable":true,"href":"https:\/\/koningdrone.be\/es\/wp-json\/wp\/v2\/product_brand?post=10830"},{"taxonomy":"product_cat","embeddable":true,"href":"https:\/\/koningdrone.be\/es\/wp-json\/wp\/v2\/product_cat?post=10830"},{"taxonomy":"product_tag","embeddable":true,"href":"https:\/\/koningdrone.be\/es\/wp-json\/wp\/v2\/product_tag?post=10830"}],"curies":[{"name":"wp","href":"https:\/\/api.w.org\/{rel}","templated":true}]}}