{"id":10826,"date":"2025-06-10T14:22:50","date_gmt":"2025-06-10T12:22:50","guid":{"rendered":"https:\/\/koningdrone.be\/product\/anker-solix-solarbank-2-e1600-pro\/"},"modified":"2026-04-30T06:50:54","modified_gmt":"2026-04-30T04:50:54","slug":"anker-solix-solarbank-2-e1600-pro","status":"publish","type":"product","link":"https:\/\/koningdrone.be\/es\/producto\/anker-solix-solarbank-2-e1600-pro\/","title":{"rendered":"Anker SOLIX Solarbank 2 E1600 PRO"},"content":{"rendered":"<p>El SOLIX Solarbank 2 E1600 Pro es una innovadora estaci\u00f3n de energ\u00eda para balc\u00f3n que proporciona un suministro de energ\u00eda sostenible y potente y es apto para hasta 2400 vatios de energ\u00eda solar. Con el pedido anticipado antes del 17.06.2024, recibir\u00e1 un contador inteligente gratis.<\/p>\n<p>&nbsp;<\/p>\n<p><strong>Caracter\u00edsticas principales<\/strong><\/p>\n<p>El banco de energ\u00eda tiene 4 sistemas MPPT para una eficiencia solar \u00f3ptima, una bater\u00eda de 1600 Wh con una potencia de red de 800 W, una vida \u00fatil de 6000 ciclos de carga y almacenamiento ampliable hasta 9,6 kWh.<\/p>\n<p>&nbsp;<\/p>\n<p><strong>Dise\u00f1o e instalaci\u00f3n<\/strong><\/p>\n<p>F\u00e1cil instalaci\u00f3n gracias al inversor integrado, resistente al polvo y al agua (IP65) con una temperatura de funcionamiento de -20 a 50 \u00b0C, y carcasa de aluminio robusto.<\/p>\n<p>&nbsp;<\/p>\n<p><strong>De por vida<\/strong><\/p>\n<p>Funcionamiento a largo plazo gracias a las celdas de bater\u00eda LFP durante 15 a\u00f1os y 10 a\u00f1os de garant\u00eda.<\/p>\n<p>&nbsp;<\/p>\n<p><strong>Control de la energ\u00eda en tiempo real<\/strong><\/p>\n<p>Controla tu consumo de energ\u00eda en directo con el medidor inteligente SOLIG de Anker que regula el suministro el\u00e9ctrico en 3 segundos.<\/p>\n<p>&nbsp;<\/p>\n<p><strong>Especificaciones t\u00e9cnicas<\/strong><\/p>\n<p>Tipo de bater\u00eda: LiFePO4, Rango de tensi\u00f3n por entrada: 16-60 V, Rango de temperatura de carga: -20\u00b0C a +55\u00b0C, Dimensiones: 460 x 249 x 254 mm, Peso: 21,8 kg.<\/p>\n<p>&nbsp;<\/p>","protected":false},"excerpt":{"rendered":"<ul>\n<li>Innovadora estaci\u00f3n de energ\u00eda para balcones con 2400 W de potencia solar<\/li>\n<li>4 sistemas MPPT para un rendimiento solar \u00f3ptimo<\/li>\n<li>Bater\u00eda de 1600 Wh con una potencia de red de 800 W y almacenamiento ampliable hasta 9,6 kWh<\/li>\n<li>Vida \u00fatil de 6000 ciclos de carga y celdas de bater\u00eda LFP durante 15 a\u00f1os<\/li>\n<li>Dise\u00f1o resistente al polvo y al agua (IP65) con temperatura de funcionamiento de -20\u00b0C a 50\u00b0C<\/li>\n<li>Inversor integrado para facilitar la instalaci\u00f3n<\/li>\n<li>10 a\u00f1os de garant\u00eda para un funcionamiento duradero<\/li>\n<li>Control del consumo de energ\u00eda en tiempo real mediante el contador inteligente SOLIG de Anker<\/li>\n<li>Especificaciones t\u00e9cnicas: Tipo de bater\u00eda LiFePO4, rango de tensi\u00f3n de 16-60 V, temperatura de carga de -20\u00b0C a +55\u00b0C, dimensiones de 460 x 249 x 254 mm, peso de 21,8 kg.<\/li>\n<\/ul>","protected":false},"featured_media":10825,"template":"","meta":{"_acf_changed":false},"product_brand":[],"product_cat":[58],"product_tag":[],"class_list":{"0":"post-10826","1":"product","2":"type-product","3":"status-publish","4":"has-post-thumbnail","6":"product_cat-uncategorized","7":"product_shipping_class-outofstock","9":"first","10":"outofstock","11":"taxable","12":"shipping-taxable","13":"product-type-simple"},"acf":[],"yoast_head":"<!-- This site is optimized with the Yoast SEO Premium plugin v27.2 (Yoast SEO v27.2) - https:\/\/yoast.com\/product\/yoast-seo-premium-wordpress\/ -->\n<title>Anker SOLIX Solarbank 2 E1600 PRO - koningdrone.be<\/title>\n<meta name=\"robots\" content=\"index, follow, max-snippet:-1, max-image-preview:large, max-video-preview:-1\" \/>\n<link rel=\"canonical\" href=\"https:\/\/koningdrone.be\/es\/producto\/anker-solix-solarbank-2-e1600-pro\/\" \/>\n<meta property=\"og:locale\" content=\"es_ES\" \/>\n<meta property=\"og:type\" content=\"article\" \/>\n<meta property=\"og:title\" content=\"Anker SOLIX Solarbank 2 E1600 PRO\" \/>\n<meta property=\"og:description\" content=\"Innovatief balkonenergiestation met 2400W zonne-energiecapaciteit  4 MPPT-systemen voor optimaal zonnerendement  1600 Wh accu met netwerkuitvoer van 800 W en uitbreidbare opslag tot 9,6 kWh  Levensduur van 6000 oplaadcycli en LFP accucellen voor 15 jaar  Stof- en waterdicht ontwerp (IP65) met werktemperatuur van -20\u00b0C tot 50\u00b0C  Ge\u00efntegreerde omvormer voor eenvoudige installatie  10 jaar garantie voor langdurige werking  Realtime energieverbruikmonitoring via de Anker SOLIG smart meter  Technische specificaties: LiFePO4 batterijtype, spanningsbereik van 16-60 V, oplaadtemperatuur van -20\u00b0C tot +55\u00b0C, afmetingen van 460 x 249 x 254 mm, gewicht 21.8 kg\" \/>\n<meta property=\"og:url\" content=\"https:\/\/koningdrone.be\/es\/producto\/anker-solix-solarbank-2-e1600-pro\/\" \/>\n<meta property=\"og:site_name\" content=\"koningdrone.be\" \/>\n<meta property=\"article:modified_time\" content=\"2026-04-30T04:50:54+00:00\" \/>\n<meta property=\"og:image\" content=\"https:\/\/koningdrone.be\/wp-content\/uploads\/sites\/13\/2025\/06\/ANKER_SOL2_PRO_01.jpg\" \/>\n\t<meta property=\"og:image:width\" content=\"300\" \/>\n\t<meta property=\"og:image:height\" content=\"300\" \/>\n\t<meta property=\"og:image:type\" content=\"image\/jpeg\" \/>\n<meta name=\"twitter:card\" content=\"summary_large_image\" \/>\n<meta name=\"twitter:label1\" content=\"Tiempo de lectura\" \/>\n\t<meta name=\"twitter:data1\" content=\"1 minuto\" \/>\n<script type=\"application\/ld+json\" class=\"yoast-schema-graph\">{\"@context\":\"https:\/\/schema.org\",\"@graph\":[{\"@type\":\"WebPage\",\"@id\":\"https:\/\/koningdrone.be\/product\/anker-solix-solarbank-2-e1600-pro\/\",\"url\":\"https:\/\/koningdrone.be\/product\/anker-solix-solarbank-2-e1600-pro\/\",\"name\":\"Anker SOLIX Solarbank 2 E1600 PRO - koningdrone.be\",\"isPartOf\":{\"@id\":\"https:\/\/koningdrone.be\/#website\"},\"primaryImageOfPage\":{\"@id\":\"https:\/\/koningdrone.be\/product\/anker-solix-solarbank-2-e1600-pro\/#primaryimage\"},\"image\":{\"@id\":\"https:\/\/koningdrone.be\/product\/anker-solix-solarbank-2-e1600-pro\/#primaryimage\"},\"thumbnailUrl\":\"https:\/\/koningdrone.be\/wp-content\/uploads\/sites\/13\/2025\/06\/ANKER_SOL2_PRO_01.jpg\",\"datePublished\":\"2025-06-10T12:22:50+00:00\",\"dateModified\":\"2026-04-30T04:50:54+00:00\",\"breadcrumb\":{\"@id\":\"https:\/\/koningdrone.be\/product\/anker-solix-solarbank-2-e1600-pro\/#breadcrumb\"},\"inLanguage\":\"es\",\"potentialAction\":[{\"@type\":\"ReadAction\",\"target\":[\"https:\/\/koningdrone.be\/product\/anker-solix-solarbank-2-e1600-pro\/\"]}]},{\"@type\":\"ImageObject\",\"inLanguage\":\"es\",\"@id\":\"https:\/\/koningdrone.be\/product\/anker-solix-solarbank-2-e1600-pro\/#primaryimage\",\"url\":\"https:\/\/koningdrone.be\/wp-content\/uploads\/sites\/13\/2025\/06\/ANKER_SOL2_PRO_01.jpg\",\"contentUrl\":\"https:\/\/koningdrone.be\/wp-content\/uploads\/sites\/13\/2025\/06\/ANKER_SOL2_PRO_01.jpg\",\"width\":300,\"height\":300},{\"@type\":\"BreadcrumbList\",\"@id\":\"https:\/\/koningdrone.be\/product\/anker-solix-solarbank-2-e1600-pro\/#breadcrumb\",\"itemListElement\":[{\"@type\":\"ListItem\",\"position\":1,\"name\":\"Home\",\"item\":\"https:\/\/koningdrone.be\/\"},{\"@type\":\"ListItem\",\"position\":2,\"name\":\"AVSS Parachute Recovery System for DJI Matrice 300\/350\",\"item\":\"https:\/\/koningdrone.be\/product\/avss-parachute-recovery-system-for-dji-matrice-300-350\/\"},{\"@type\":\"ListItem\",\"position\":3,\"name\":\"Uncategorized\",\"item\":\"https:\/\/koningdrone.be\/categorie\/uncategorized\/\"},{\"@type\":\"ListItem\",\"position\":4,\"name\":\"Anker SOLIX Solarbank 2 E1600 PRO\"}]},{\"@type\":\"WebSite\",\"@id\":\"https:\/\/koningdrone.be\/#website\",\"url\":\"https:\/\/koningdrone.be\/\",\"name\":\"Koningdrone.be - Uw online specialist in drones, gimbals, camera's en power stations.\",\"description\":\"De webshop in drones en gimbals\",\"publisher\":{\"@id\":\"https:\/\/koningdrone.be\/#organization\"},\"potentialAction\":[{\"@type\":\"SearchAction\",\"target\":{\"@type\":\"EntryPoint\",\"urlTemplate\":\"https:\/\/koningdrone.be\/?s={search_term_string}\"},\"query-input\":{\"@type\":\"PropertyValueSpecification\",\"valueRequired\":true,\"valueName\":\"search_term_string\"}}],\"inLanguage\":\"es\"},{\"@type\":\"Organization\",\"@id\":\"https:\/\/koningdrone.be\/#organization\",\"name\":\"Koningdrone.be\",\"url\":\"https:\/\/koningdrone.be\/\",\"logo\":{\"@type\":\"ImageObject\",\"inLanguage\":\"es\",\"@id\":\"https:\/\/koningdrone.be\/#\/schema\/logo\/image\/\",\"url\":\"https:\/\/koningdrone.be\/wp-content\/uploads\/sites\/13\/2025\/04\/koningdrone-copyright-logo.svg\",\"contentUrl\":\"https:\/\/koningdrone.be\/wp-content\/uploads\/sites\/13\/2025\/04\/koningdrone-copyright-logo.svg\",\"width\":227,\"height\":38,\"caption\":\"Koningdrone.be\"},\"image\":{\"@id\":\"https:\/\/koningdrone.be\/#\/schema\/logo\/image\/\"}}]}<\/script>\n<!-- \/ Yoast SEO Premium plugin. -->","yoast_head_json":{"title":"Anker SOLIX Solarbank 2 E1600 PRO - koningdrone.be","robots":{"index":"index","follow":"follow","max-snippet":"max-snippet:-1","max-image-preview":"max-image-preview:large","max-video-preview":"max-video-preview:-1"},"canonical":"https:\/\/koningdrone.be\/es\/producto\/anker-solix-solarbank-2-e1600-pro\/","og_locale":"es_ES","og_type":"article","og_title":"Anker SOLIX Solarbank 2 E1600 PRO","og_description":"Innovatief balkonenergiestation met 2400W zonne-energiecapaciteit  4 MPPT-systemen voor optimaal zonnerendement  1600 Wh accu met netwerkuitvoer van 800 W en uitbreidbare opslag tot 9,6 kWh  Levensduur van 6000 oplaadcycli en LFP accucellen voor 15 jaar  Stof- en waterdicht ontwerp (IP65) met werktemperatuur van -20\u00b0C tot 50\u00b0C  Ge\u00efntegreerde omvormer voor eenvoudige installatie  10 jaar garantie voor langdurige werking  Realtime energieverbruikmonitoring via de Anker SOLIG smart meter  Technische specificaties: LiFePO4 batterijtype, spanningsbereik van 16-60 V, oplaadtemperatuur van -20\u00b0C tot +55\u00b0C, afmetingen van 460 x 249 x 254 mm, gewicht 21.8 kg","og_url":"https:\/\/koningdrone.be\/es\/producto\/anker-solix-solarbank-2-e1600-pro\/","og_site_name":"koningdrone.be","article_modified_time":"2026-04-30T04:50:54+00:00","og_image":[{"width":300,"height":300,"url":"https:\/\/koningdrone.be\/wp-content\/uploads\/sites\/13\/2025\/06\/ANKER_SOL2_PRO_01.jpg","type":"image\/jpeg"}],"twitter_card":"summary_large_image","twitter_misc":{"Tiempo de lectura":"1 minuto"},"schema":{"@context":"https:\/\/schema.org","@graph":[{"@type":"WebPage","@id":"https:\/\/koningdrone.be\/product\/anker-solix-solarbank-2-e1600-pro\/","url":"https:\/\/koningdrone.be\/product\/anker-solix-solarbank-2-e1600-pro\/","name":"Anker SOLIX Solarbank 2 E1600 PRO - koningdrone.be","isPartOf":{"@id":"https:\/\/koningdrone.be\/#website"},"primaryImageOfPage":{"@id":"https:\/\/koningdrone.be\/product\/anker-solix-solarbank-2-e1600-pro\/#primaryimage"},"image":{"@id":"https:\/\/koningdrone.be\/product\/anker-solix-solarbank-2-e1600-pro\/#primaryimage"},"thumbnailUrl":"https:\/\/koningdrone.be\/wp-content\/uploads\/sites\/13\/2025\/06\/ANKER_SOL2_PRO_01.jpg","datePublished":"2025-06-10T12:22:50+00:00","dateModified":"2026-04-30T04:50:54+00:00","breadcrumb":{"@id":"https:\/\/koningdrone.be\/product\/anker-solix-solarbank-2-e1600-pro\/#breadcrumb"},"inLanguage":"es","potentialAction":[{"@type":"ReadAction","target":["https:\/\/koningdrone.be\/product\/anker-solix-solarbank-2-e1600-pro\/"]}]},{"@type":"ImageObject","inLanguage":"es","@id":"https:\/\/koningdrone.be\/product\/anker-solix-solarbank-2-e1600-pro\/#primaryimage","url":"https:\/\/koningdrone.be\/wp-content\/uploads\/sites\/13\/2025\/06\/ANKER_SOL2_PRO_01.jpg","contentUrl":"https:\/\/koningdrone.be\/wp-content\/uploads\/sites\/13\/2025\/06\/ANKER_SOL2_PRO_01.jpg","width":300,"height":300},{"@type":"BreadcrumbList","@id":"https:\/\/koningdrone.be\/product\/anker-solix-solarbank-2-e1600-pro\/#breadcrumb","itemListElement":[{"@type":"ListItem","position":1,"name":"Home","item":"https:\/\/koningdrone.be\/"},{"@type":"ListItem","position":2,"name":"AVSS Parachute Recovery System for DJI Matrice 300\/350","item":"https:\/\/koningdrone.be\/product\/avss-parachute-recovery-system-for-dji-matrice-300-350\/"},{"@type":"ListItem","position":3,"name":"Uncategorized","item":"https:\/\/koningdrone.be\/categorie\/uncategorized\/"},{"@type":"ListItem","position":4,"name":"Anker SOLIX Solarbank 2 E1600 PRO"}]},{"@type":"WebSite","@id":"https:\/\/koningdrone.be\/#website","url":"https:\/\/koningdrone.be\/","name":"Koningdrone.be - Su especialista en l\u00ednea en drones, cardanes, c\u00e1maras y centrales el\u00e9ctricas.","description":"La tienda virtual de drones y cardanes","publisher":{"@id":"https:\/\/koningdrone.be\/#organization"},"potentialAction":[{"@type":"SearchAction","target":{"@type":"EntryPoint","urlTemplate":"https:\/\/koningdrone.be\/?s={search_term_string}"},"query-input":{"@type":"PropertyValueSpecification","valueRequired":true,"valueName":"search_term_string"}}],"inLanguage":"es"},{"@type":"Organization","@id":"https:\/\/koningdrone.be\/#organization","name":"Kingdrone.es","url":"https:\/\/koningdrone.be\/","logo":{"@type":"ImageObject","inLanguage":"es","@id":"https:\/\/koningdrone.be\/#\/schema\/logo\/image\/","url":"https:\/\/koningdrone.be\/wp-content\/uploads\/sites\/13\/2025\/04\/koningdrone-copyright-logo.svg","contentUrl":"https:\/\/koningdrone.be\/wp-content\/uploads\/sites\/13\/2025\/04\/koningdrone-copyright-logo.svg","width":227,"height":38,"caption":"Koningdrone.be"},"image":{"@id":"https:\/\/koningdrone.be\/#\/schema\/logo\/image\/"}}]}},"df_price":"","df_sale_price":"","df_regular_price":"","df_image_link":"https:\/\/koningdrone.be\/wp-content\/uploads\/sites\/13\/2025\/06\/ANKER_SOL2_PRO_01.jpg","_links":{"self":[{"href":"https:\/\/koningdrone.be\/es\/wp-json\/wp\/v2\/product\/10826","targetHints":{"allow":["GET"]}}],"collection":[{"href":"https:\/\/koningdrone.be\/es\/wp-json\/wp\/v2\/product"}],"about":[{"href":"https:\/\/koningdrone.be\/es\/wp-json\/wp\/v2\/types\/product"}],"wp:featuredmedia":[{"embeddable":true,"href":"https:\/\/koningdrone.be\/es\/wp-json\/wp\/v2\/media\/10825"}],"wp:attachment":[{"href":"https:\/\/koningdrone.be\/es\/wp-json\/wp\/v2\/media?parent=10826"}],"wp:term":[{"taxonomy":"product_brand","embeddable":true,"href":"https:\/\/koningdrone.be\/es\/wp-json\/wp\/v2\/product_brand?post=10826"},{"taxonomy":"product_cat","embeddable":true,"href":"https:\/\/koningdrone.be\/es\/wp-json\/wp\/v2\/product_cat?post=10826"},{"taxonomy":"product_tag","embeddable":true,"href":"https:\/\/koningdrone.be\/es\/wp-json\/wp\/v2\/product_tag?post=10826"}],"curies":[{"name":"wp","href":"https:\/\/api.w.org\/{rel}","templated":true}]}}