{"id":10824,"date":"2025-06-10T14:22:50","date_gmt":"2025-06-10T12:22:50","guid":{"rendered":"https:\/\/koningdrone.be\/product\/anker-solix-c1000\/"},"modified":"2025-08-20T16:18:50","modified_gmt":"2025-08-20T14:18:50","slug":"anker-solix-c1000","status":"publish","type":"product","link":"https:\/\/koningdrone.be\/es\/producto\/anker-solix-c1000\/","title":{"rendered":"Ancla SOLIX C1000"},"content":{"rendered":"<p><strong>La estaci\u00f3n de alimentaci\u00f3n port\u00e1til Anker SOLIX C1000X te da acceso a una fuente de alimentaci\u00f3n fiable y r\u00e1pida como el rayo en cualquier momento y lugar.<\/strong> Gracias a la innovadora tecnolog\u00eda HyperFlash, esta estaci\u00f3n de carga port\u00e1til se carga completamente de 0 a 100% en s\u00f3lo 58 minutos. Como resultado, tendr\u00e1s la energ\u00eda que necesitas para todos tus dispositivos esenciales en un abrir y cerrar de ojos, dondequiera que te lleve tu aventura.<\/p>\n<p>La SOLIX C1000X est\u00e1 equipada con una bater\u00eda de 1064Wh respaldada por la duradera tecnolog\u00eda de bater\u00eda LFP que puede soportar m\u00e1s de 3000 ciclos de carga. Con una salida continua de 1800W y hasta 600W de entrada solar a trav\u00e9s de paneles solares, esta soluci\u00f3n de energ\u00eda port\u00e1til ofrece un rendimiento impresionante para diversas aplicaciones.<\/p>\n<p>Con 4 tomas de corriente, 2 puertos USB-C, 2 puertos USB-A y una toma de 12 V para coche, la SOLIX C1000X ofrece una vers\u00e1til gama de opciones de conexi\u00f3n. Tanto si quieres cargar tus dispositivos, alimentar tu equipo de camping o simplemente disfrutar de la comodidad de la electricidad al aire libre, esta central el\u00e9ctrica tiene todo lo que necesitas. Adem\u00e1s, es ampliable hasta 2 kWh con la Bater\u00eda de Expansi\u00f3n opcional (se vende por separado), lo que le permite disfrutar de energ\u00eda independiente durante a\u00fan m\u00e1s tiempo.<\/p>\n<p>El funcionamiento y la supervisi\u00f3n de la SOLIX C1000X son sencillos gracias a la app gratuita Anker SOLIX, que te permite ver de forma remota el estado de la Power Station y ajustar la configuraci\u00f3n. Ideal tanto para emergencias como para aventuras fuera de la red. Adem\u00e1s, la SOLIX C1000X act\u00faa como una pr\u00e1ctica fuente de alimentaci\u00f3n de emergencia con una funcionalidad SAI de 20 ms, que te permite cambiar inmediatamente a la alimentaci\u00f3n de la bater\u00eda en caso de corte del suministro el\u00e9ctrico.<\/p>\n<p>Tanto si viajas en tu autocaravana o caravana, como si pasas tiempo en la naturaleza o te preparas para posibles cortes de electricidad, la estaci\u00f3n de alimentaci\u00f3n port\u00e1til Anker SOLIX C1000X ofrece un almacenamiento de energ\u00eda fiable y port\u00e1til con tecnolog\u00eda avanzada y funciones f\u00e1ciles de usar para que puedas disfrutar de tus aventuras con comodidad.<\/p>","protected":false},"excerpt":{"rendered":"<ul>\n<li>Carga r\u00e1pida como un rayo: carga completamente de 0% a 100% en s\u00f3lo 58 minutos gracias a la tecnolog\u00eda HyperFlash.<\/li>\n<li>Gran capacidad: equipado con una bater\u00eda de 1064 Wh, respaldada por la duradera tecnolog\u00eda de bater\u00eda LFP para m\u00e1s de 3.000 ciclos de carga.<\/li>\n<li>Opciones de conexi\u00f3n vers\u00e1tiles: 4 tomas, 2 puertos USB-C, 2 puertos USB-A y una toma de coche de 12 V para una alimentaci\u00f3n flexible.<\/li>\n<li>Ampliable: El sistema puede ampliarse hasta 2 kWh con la Bater\u00eda de Expansi\u00f3n opcional (se vende por separado) para un mayor tiempo de funcionamiento.<\/li>\n<li>F\u00e1cil manejo: supervisa y gestiona la central el\u00e9ctrica a trav\u00e9s de la app gratuita Anker SOLIX, disponible para uso remoto.<\/li>\n<li>Ideal para emergencias: Con la funci\u00f3n SAI de 20 ms, la estaci\u00f3n pasa inmediatamente a la alimentaci\u00f3n por bater\u00eda en caso de corte de corriente.<\/li>\n<li>Adecuado para diversas aplicaciones: Perfecta para acampar, viajar en tu autocaravana o caravana y proporcionar energ\u00eda de emergencia durante apagones.<\/li>\n<li>Tecnolog\u00eda avanzada: Proporciona almacenamiento de energ\u00eda fiable y port\u00e1til con funciones f\u00e1ciles de usar para aventureros y aplicaciones sin conexi\u00f3n a la red.<\/li>\n<\/ul>","protected":false},"featured_media":10816,"template":"","meta":{"_acf_changed":false},"product_brand":[],"product_cat":[58],"product_tag":[],"class_list":{"0":"post-10824","1":"product","2":"type-product","3":"status-publish","4":"has-post-thumbnail","6":"product_cat-uncategorized","8":"first","9":"instock","10":"product-type-simple"},"acf":[],"yoast_head":"<!-- This site is optimized with the Yoast SEO Premium plugin v27.2 (Yoast SEO v27.2) - https:\/\/yoast.com\/product\/yoast-seo-premium-wordpress\/ -->\n<title>Anker SOLIX C1000 - koningdrone.be<\/title>\n<meta name=\"robots\" content=\"index, follow, max-snippet:-1, max-image-preview:large, max-video-preview:-1\" \/>\n<link rel=\"canonical\" href=\"https:\/\/koningdrone.be\/es\/produkt\/anker-solix-c1000\/\" \/>\n<meta property=\"og:locale\" content=\"es_ES\" \/>\n<meta property=\"og:type\" content=\"article\" \/>\n<meta property=\"og:title\" content=\"Anker SOLIX C1000\" \/>\n<meta property=\"og:description\" content=\"Razendsnelle oplading: Laadt volledig op van 0% naar 100% in slechts 58 minuten dankzij HyperFlash technologie.  Hoge capaciteit: Uitgerust met een 1064Wh batterij, ondersteund door duurzame LFP batterijtechnologie voor meer dan 3000 laadcycli.  Veelzijdige aansluitmogelijkheden: 4 stopcontacten, 2 USB-C poorten, 2 USB-A poorten en een 12V auto-aansluiting voor flexibele stroomvoorziening.  Uitbreidbaar: Het systeem kan worden uitgebreid tot 2 kWh met de optionele Expansion Battery (apart verkrijgbaar) voor langere gebruiksduur.  Eenvoudige bediening: Monitor en beheer het power station via de gratis Anker SOLIX app, beschikbaar voor gebruik op afstand.  Ideaal voor noodgevallen: Met de 20ms UPS functionaliteit schakelt het station direct over op batterijvoeding bij stroomuitval.  Geschikt voor diverse toepassingen: Perfect voor kamperen, reizen in je camper of caravan, en het bieden van noodstroom tijdens uitval.  Geavanceerde technologie: Biedt betrouwbare, draagbare energieopslag met gebruiksvriendelijke functies voor avonturiers en off-grid toepassingen.\" \/>\n<meta property=\"og:url\" content=\"https:\/\/koningdrone.be\/es\/produkt\/anker-solix-c1000\/\" \/>\n<meta property=\"og:site_name\" content=\"koningdrone.be\" \/>\n<meta property=\"article:modified_time\" content=\"2025-08-20T14:18:50+00:00\" \/>\n<meta property=\"og:image\" content=\"https:\/\/koningdrone.be\/wp-content\/uploads\/sites\/13\/2025\/06\/A1761_-__png_3840x-scaled-1.webp\" \/>\n\t<meta property=\"og:image:width\" content=\"2560\" \/>\n\t<meta property=\"og:image:height\" content=\"2560\" \/>\n\t<meta property=\"og:image:type\" content=\"image\/webp\" \/>\n<meta name=\"twitter:card\" content=\"summary_large_image\" \/>\n<meta name=\"twitter:label1\" content=\"Tiempo de lectura\" \/>\n\t<meta name=\"twitter:data1\" content=\"1 minuto\" \/>\n<script type=\"application\/ld+json\" class=\"yoast-schema-graph\">{\"@context\":\"https:\/\/schema.org\",\"@graph\":[{\"@type\":\"WebPage\",\"@id\":\"https:\/\/koningdrone.be\/de\/produkt\/anker-solix-c1000\/\",\"url\":\"https:\/\/koningdrone.be\/de\/produkt\/anker-solix-c1000\/\",\"name\":\"Anker SOLIX C1000 - koningdrone.be\",\"isPartOf\":{\"@id\":\"https:\/\/koningdrone.be\/#website\"},\"primaryImageOfPage\":{\"@id\":\"https:\/\/koningdrone.be\/de\/produkt\/anker-solix-c1000\/#primaryimage\"},\"image\":{\"@id\":\"https:\/\/koningdrone.be\/de\/produkt\/anker-solix-c1000\/#primaryimage\"},\"thumbnailUrl\":\"https:\/\/koningdrone.be\/wp-content\/uploads\/sites\/13\/2025\/06\/A1761_-__png_3840x-scaled-1.webp\",\"datePublished\":\"2025-06-10T12:22:50+00:00\",\"dateModified\":\"2025-08-20T14:18:50+00:00\",\"breadcrumb\":{\"@id\":\"https:\/\/koningdrone.be\/de\/produkt\/anker-solix-c1000\/#breadcrumb\"},\"inLanguage\":\"es\",\"potentialAction\":[{\"@type\":\"ReadAction\",\"target\":[\"https:\/\/koningdrone.be\/de\/produkt\/anker-solix-c1000\/\"]}]},{\"@type\":\"ImageObject\",\"inLanguage\":\"es\",\"@id\":\"https:\/\/koningdrone.be\/de\/produkt\/anker-solix-c1000\/#primaryimage\",\"url\":\"https:\/\/koningdrone.be\/wp-content\/uploads\/sites\/13\/2025\/06\/A1761_-__png_3840x-scaled-1.webp\",\"contentUrl\":\"https:\/\/koningdrone.be\/wp-content\/uploads\/sites\/13\/2025\/06\/A1761_-__png_3840x-scaled-1.webp\",\"width\":2560,\"height\":2560},{\"@type\":\"BreadcrumbList\",\"@id\":\"https:\/\/koningdrone.be\/de\/produkt\/anker-solix-c1000\/#breadcrumb\",\"itemListElement\":[{\"@type\":\"ListItem\",\"position\":1,\"name\":\"Home\",\"item\":\"https:\/\/koningdrone.be\/\"},{\"@type\":\"ListItem\",\"position\":2,\"name\":\"AVSS Parachute Recovery System for DJI Matrice 300\/350\",\"item\":\"https:\/\/koningdrone.be\/product\/avss-parachute-recovery-system-for-dji-matrice-300-350\/\"},{\"@type\":\"ListItem\",\"position\":3,\"name\":\"Uncategorized\",\"item\":\"https:\/\/koningdrone.be\/categorie\/uncategorized\/\"},{\"@type\":\"ListItem\",\"position\":4,\"name\":\"Anker SOLIX C1000\"}]},{\"@type\":\"WebSite\",\"@id\":\"https:\/\/koningdrone.be\/#website\",\"url\":\"https:\/\/koningdrone.be\/\",\"name\":\"Koningdrone.be - Uw online specialist in drones, gimbals, camera's en power stations.\",\"description\":\"De webshop in drones en gimbals\",\"publisher\":{\"@id\":\"https:\/\/koningdrone.be\/#organization\"},\"potentialAction\":[{\"@type\":\"SearchAction\",\"target\":{\"@type\":\"EntryPoint\",\"urlTemplate\":\"https:\/\/koningdrone.be\/?s={search_term_string}\"},\"query-input\":{\"@type\":\"PropertyValueSpecification\",\"valueRequired\":true,\"valueName\":\"search_term_string\"}}],\"inLanguage\":\"es\"},{\"@type\":\"Organization\",\"@id\":\"https:\/\/koningdrone.be\/#organization\",\"name\":\"Koningdrone.be\",\"url\":\"https:\/\/koningdrone.be\/\",\"logo\":{\"@type\":\"ImageObject\",\"inLanguage\":\"es\",\"@id\":\"https:\/\/koningdrone.be\/#\/schema\/logo\/image\/\",\"url\":\"https:\/\/koningdrone.be\/wp-content\/uploads\/sites\/13\/2025\/04\/koningdrone-copyright-logo.svg\",\"contentUrl\":\"https:\/\/koningdrone.be\/wp-content\/uploads\/sites\/13\/2025\/04\/koningdrone-copyright-logo.svg\",\"width\":227,\"height\":38,\"caption\":\"Koningdrone.be\"},\"image\":{\"@id\":\"https:\/\/koningdrone.be\/#\/schema\/logo\/image\/\"}}]}<\/script>\n<!-- \/ Yoast SEO Premium plugin. -->","yoast_head_json":{"title":"Anker SOLIX C1000 - koningdrone.be","robots":{"index":"index","follow":"follow","max-snippet":"max-snippet:-1","max-image-preview":"max-image-preview:large","max-video-preview":"max-video-preview:-1"},"canonical":"https:\/\/koningdrone.be\/es\/produkt\/anker-solix-c1000\/","og_locale":"es_ES","og_type":"article","og_title":"Anker SOLIX C1000","og_description":"Razendsnelle oplading: Laadt volledig op van 0% naar 100% in slechts 58 minuten dankzij HyperFlash technologie.  Hoge capaciteit: Uitgerust met een 1064Wh batterij, ondersteund door duurzame LFP batterijtechnologie voor meer dan 3000 laadcycli.  Veelzijdige aansluitmogelijkheden: 4 stopcontacten, 2 USB-C poorten, 2 USB-A poorten en een 12V auto-aansluiting voor flexibele stroomvoorziening.  Uitbreidbaar: Het systeem kan worden uitgebreid tot 2 kWh met de optionele Expansion Battery (apart verkrijgbaar) voor langere gebruiksduur.  Eenvoudige bediening: Monitor en beheer het power station via de gratis Anker SOLIX app, beschikbaar voor gebruik op afstand.  Ideaal voor noodgevallen: Met de 20ms UPS functionaliteit schakelt het station direct over op batterijvoeding bij stroomuitval.  Geschikt voor diverse toepassingen: Perfect voor kamperen, reizen in je camper of caravan, en het bieden van noodstroom tijdens uitval.  Geavanceerde technologie: Biedt betrouwbare, draagbare energieopslag met gebruiksvriendelijke functies voor avonturiers en off-grid toepassingen.","og_url":"https:\/\/koningdrone.be\/es\/produkt\/anker-solix-c1000\/","og_site_name":"koningdrone.be","article_modified_time":"2025-08-20T14:18:50+00:00","og_image":[{"width":2560,"height":2560,"url":"https:\/\/koningdrone.be\/wp-content\/uploads\/sites\/13\/2025\/06\/A1761_-__png_3840x-scaled-1.webp","type":"image\/webp"}],"twitter_card":"summary_large_image","twitter_misc":{"Tiempo de lectura":"1 minuto"},"schema":{"@context":"https:\/\/schema.org","@graph":[{"@type":"WebPage","@id":"https:\/\/koningdrone.be\/de\/produkt\/anker-solix-c1000\/","url":"https:\/\/koningdrone.be\/de\/produkt\/anker-solix-c1000\/","name":"Anker SOLIX C1000 - koningdrone.be","isPartOf":{"@id":"https:\/\/koningdrone.be\/#website"},"primaryImageOfPage":{"@id":"https:\/\/koningdrone.be\/de\/produkt\/anker-solix-c1000\/#primaryimage"},"image":{"@id":"https:\/\/koningdrone.be\/de\/produkt\/anker-solix-c1000\/#primaryimage"},"thumbnailUrl":"https:\/\/koningdrone.be\/wp-content\/uploads\/sites\/13\/2025\/06\/A1761_-__png_3840x-scaled-1.webp","datePublished":"2025-06-10T12:22:50+00:00","dateModified":"2025-08-20T14:18:50+00:00","breadcrumb":{"@id":"https:\/\/koningdrone.be\/de\/produkt\/anker-solix-c1000\/#breadcrumb"},"inLanguage":"es","potentialAction":[{"@type":"ReadAction","target":["https:\/\/koningdrone.be\/de\/produkt\/anker-solix-c1000\/"]}]},{"@type":"ImageObject","inLanguage":"es","@id":"https:\/\/koningdrone.be\/de\/produkt\/anker-solix-c1000\/#primaryimage","url":"https:\/\/koningdrone.be\/wp-content\/uploads\/sites\/13\/2025\/06\/A1761_-__png_3840x-scaled-1.webp","contentUrl":"https:\/\/koningdrone.be\/wp-content\/uploads\/sites\/13\/2025\/06\/A1761_-__png_3840x-scaled-1.webp","width":2560,"height":2560},{"@type":"BreadcrumbList","@id":"https:\/\/koningdrone.be\/de\/produkt\/anker-solix-c1000\/#breadcrumb","itemListElement":[{"@type":"ListItem","position":1,"name":"Home","item":"https:\/\/koningdrone.be\/"},{"@type":"ListItem","position":2,"name":"AVSS Parachute Recovery System for DJI Matrice 300\/350","item":"https:\/\/koningdrone.be\/product\/avss-parachute-recovery-system-for-dji-matrice-300-350\/"},{"@type":"ListItem","position":3,"name":"Uncategorized","item":"https:\/\/koningdrone.be\/categorie\/uncategorized\/"},{"@type":"ListItem","position":4,"name":"Anker SOLIX C1000"}]},{"@type":"WebSite","@id":"https:\/\/koningdrone.be\/#website","url":"https:\/\/koningdrone.be\/","name":"Koningdrone.be - Su especialista en l\u00ednea en drones, cardanes, c\u00e1maras y centrales el\u00e9ctricas.","description":"La tienda virtual de drones y cardanes","publisher":{"@id":"https:\/\/koningdrone.be\/#organization"},"potentialAction":[{"@type":"SearchAction","target":{"@type":"EntryPoint","urlTemplate":"https:\/\/koningdrone.be\/?s={search_term_string}"},"query-input":{"@type":"PropertyValueSpecification","valueRequired":true,"valueName":"search_term_string"}}],"inLanguage":"es"},{"@type":"Organization","@id":"https:\/\/koningdrone.be\/#organization","name":"Kingdrone.es","url":"https:\/\/koningdrone.be\/","logo":{"@type":"ImageObject","inLanguage":"es","@id":"https:\/\/koningdrone.be\/#\/schema\/logo\/image\/","url":"https:\/\/koningdrone.be\/wp-content\/uploads\/sites\/13\/2025\/04\/koningdrone-copyright-logo.svg","contentUrl":"https:\/\/koningdrone.be\/wp-content\/uploads\/sites\/13\/2025\/04\/koningdrone-copyright-logo.svg","width":227,"height":38,"caption":"Koningdrone.be"},"image":{"@id":"https:\/\/koningdrone.be\/#\/schema\/logo\/image\/"}}]}},"df_price":"","df_sale_price":"","df_regular_price":"","df_image_link":"https:\/\/koningdrone.be\/wp-content\/uploads\/sites\/13\/2025\/06\/A1761_-__png_3840x-scaled-1-300x300.webp","_links":{"self":[{"href":"https:\/\/koningdrone.be\/es\/wp-json\/wp\/v2\/product\/10824","targetHints":{"allow":["GET"]}}],"collection":[{"href":"https:\/\/koningdrone.be\/es\/wp-json\/wp\/v2\/product"}],"about":[{"href":"https:\/\/koningdrone.be\/es\/wp-json\/wp\/v2\/types\/product"}],"wp:featuredmedia":[{"embeddable":true,"href":"https:\/\/koningdrone.be\/es\/wp-json\/wp\/v2\/media\/10816"}],"wp:attachment":[{"href":"https:\/\/koningdrone.be\/es\/wp-json\/wp\/v2\/media?parent=10824"}],"wp:term":[{"taxonomy":"product_brand","embeddable":true,"href":"https:\/\/koningdrone.be\/es\/wp-json\/wp\/v2\/product_brand?post=10824"},{"taxonomy":"product_cat","embeddable":true,"href":"https:\/\/koningdrone.be\/es\/wp-json\/wp\/v2\/product_cat?post=10824"},{"taxonomy":"product_tag","embeddable":true,"href":"https:\/\/koningdrone.be\/es\/wp-json\/wp\/v2\/product_tag?post=10824"}],"curies":[{"name":"wp","href":"https:\/\/api.w.org\/{rel}","templated":true}]}}