{"id":10800,"date":"2025-06-25T16:26:21","date_gmt":"2025-06-25T14:26:21","guid":{"rendered":"https:\/\/koningdrone.be\/product\/dji-matrice-400-2510f-propeller\/"},"modified":"2026-04-29T03:30:39","modified_gmt":"2026-04-29T01:30:39","slug":"dji-matrice-400-2510f-propeller","status":"publish","type":"product","link":"https:\/\/koningdrone.be\/es\/producto\/dji-matrice-400-2510f-propeller\/","title":{"rendered":"H\u00e9lice DJI Matrice 400 2510F"},"content":{"rendered":"<p>En <strong>H\u00e9lices DJI Matrice 400 2510F (Pareja)<\/strong> son los rotores de alto empuje ajustados de f\u00e1brica para la plataforma Matrice 400. Las palas compuestas de fibra de carbono de 25 \u00d7 10 pulgadas se pliegan para el transporte pero se bloquean r\u00edgidamente bajo carga, proporcionando una elevaci\u00f3n estable para la autonom\u00eda de 59 minutos y la carga \u00fatil de 6 kg del M400, al tiempo que mantienen la protecci\u00f3n medioambiental IP55.<\/p>\n<p><strong>Consejos<\/strong><\/p>\n<ul>\n<li>Las h\u00e9lices 2510F son exclusivas de la serie Matrice 400. No mezclar con otros modelos de h\u00e9lices.<\/li>\n<li>Inspeccione las cuchillas antes de cada vuelo; sustit\u00fayalas inmediatamente si se descascarillan, agrietan o deforman.<\/li>\n<li>Utilice siempre tornillos nuevos al sustituir las h\u00e9lices y aplique fijador de roscas de resistencia media.<\/li>\n<li>Apriete los tornillos seg\u00fan el par de apriete indicado en el manual de usuario del M400 para evitar desequilibrios o da\u00f1os en el motor.<\/li>\n<\/ul>\n<p><strong>Compatibilidad<\/strong><\/p>\n<ul>\n<li>DJI Matrice serie 400<\/li>\n<\/ul>","protected":false},"excerpt":{"rendered":"<ul>\n<li>H\u00e9lices ajustadas de f\u00e1brica para la DJI Matrice 400<\/li>\n<li>Dise\u00f1o de alto empuje para vuelos estables<\/li>\n<li>Adecuado para uso prolongado y cargas pesadas<\/li>\n<li>Se suministra en pareja (2 h\u00e9lices)<\/li>\n<\/ul>","protected":false},"featured_media":10797,"template":"","meta":{"_acf_changed":false},"product_brand":[],"product_cat":[97,128,1583],"product_tag":[],"class_list":{"0":"post-10800","1":"product","2":"type-product","3":"status-publish","4":"has-post-thumbnail","6":"product_cat-alle-producten","7":"product_cat-alle-propellers","8":"product_cat-dji-matrice-400","9":"product_shipping_class-uavspacesall","10":"pa_brand-dji","11":"pa_producttype-propeller","12":"pa_series-matrice-400","14":"first","15":"instock","16":"taxable","17":"shipping-taxable","18":"purchasable","19":"product-type-simple"},"acf":[],"yoast_head":"<!-- This site is optimized with the Yoast SEO Premium plugin v27.2 (Yoast SEO v27.2) - https:\/\/yoast.com\/product\/yoast-seo-premium-wordpress\/ -->\n<title>DJI Matrice 400 2510F Propeller - koningdrone.be<\/title>\n<meta name=\"robots\" content=\"index, follow, max-snippet:-1, max-image-preview:large, max-video-preview:-1\" \/>\n<link rel=\"canonical\" href=\"https:\/\/koningdrone.be\/es\/producto\/dji-matrice-400-2510f-propeller\/\" \/>\n<meta property=\"og:locale\" content=\"es_ES\" \/>\n<meta property=\"og:type\" content=\"article\" \/>\n<meta property=\"og:title\" content=\"DJI Matrice 400 2510F Propeller\" \/>\n<meta property=\"og:description\" content=\"Fabrieksmatig afgestemde propellers voor de DJI Matrice 400  Hoog-stuwkracht ontwerp voor stabiele vluchten  Geschikt voor langdurige inzet en zware ladingen  Wordt geleverd als een paar (2 propellers)\" \/>\n<meta property=\"og:url\" content=\"https:\/\/koningdrone.be\/es\/producto\/dji-matrice-400-2510f-propeller\/\" \/>\n<meta property=\"og:site_name\" content=\"koningdrone.be\" \/>\n<meta property=\"article:modified_time\" content=\"2026-04-29T01:30:39+00:00\" \/>\n<meta property=\"og:image\" content=\"https:\/\/koningdrone.be\/wp-content\/uploads\/sites\/13\/2025\/06\/ezgif-596717f3d3e916.jpg\" \/>\n\t<meta property=\"og:image:width\" content=\"700\" \/>\n\t<meta property=\"og:image:height\" content=\"700\" \/>\n\t<meta property=\"og:image:type\" content=\"image\/jpeg\" \/>\n<meta name=\"twitter:card\" content=\"summary_large_image\" \/>\n<meta name=\"twitter:label1\" content=\"Tiempo de lectura\" \/>\n\t<meta name=\"twitter:data1\" content=\"1 minuto\" \/>\n<script type=\"application\/ld+json\" class=\"yoast-schema-graph\">{\"@context\":\"https:\/\/schema.org\",\"@graph\":[{\"@type\":\"WebPage\",\"@id\":\"https:\/\/koningdrone.be\/product\/dji-matrice-400-2510f-propeller\/\",\"url\":\"https:\/\/koningdrone.be\/product\/dji-matrice-400-2510f-propeller\/\",\"name\":\"DJI Matrice 400 2510F Propeller - koningdrone.be\",\"isPartOf\":{\"@id\":\"https:\/\/koningdrone.be\/#website\"},\"primaryImageOfPage\":{\"@id\":\"https:\/\/koningdrone.be\/product\/dji-matrice-400-2510f-propeller\/#primaryimage\"},\"image\":{\"@id\":\"https:\/\/koningdrone.be\/product\/dji-matrice-400-2510f-propeller\/#primaryimage\"},\"thumbnailUrl\":\"https:\/\/koningdrone.be\/wp-content\/uploads\/sites\/13\/2025\/06\/ezgif-596717f3d3e916.jpg\",\"datePublished\":\"2025-06-25T14:26:21+00:00\",\"dateModified\":\"2026-04-29T01:30:39+00:00\",\"breadcrumb\":{\"@id\":\"https:\/\/koningdrone.be\/product\/dji-matrice-400-2510f-propeller\/#breadcrumb\"},\"inLanguage\":\"es\",\"potentialAction\":[{\"@type\":\"ReadAction\",\"target\":[\"https:\/\/koningdrone.be\/product\/dji-matrice-400-2510f-propeller\/\"]}]},{\"@type\":\"ImageObject\",\"inLanguage\":\"es\",\"@id\":\"https:\/\/koningdrone.be\/product\/dji-matrice-400-2510f-propeller\/#primaryimage\",\"url\":\"https:\/\/koningdrone.be\/wp-content\/uploads\/sites\/13\/2025\/06\/ezgif-596717f3d3e916.jpg\",\"contentUrl\":\"https:\/\/koningdrone.be\/wp-content\/uploads\/sites\/13\/2025\/06\/ezgif-596717f3d3e916.jpg\",\"width\":700,\"height\":700},{\"@type\":\"BreadcrumbList\",\"@id\":\"https:\/\/koningdrone.be\/product\/dji-matrice-400-2510f-propeller\/#breadcrumb\",\"itemListElement\":[{\"@type\":\"ListItem\",\"position\":1,\"name\":\"Home\",\"item\":\"https:\/\/koningdrone.be\/\"},{\"@type\":\"ListItem\",\"position\":2,\"name\":\"AVSS Parachute Recovery System for DJI Matrice 300\/350\",\"item\":\"https:\/\/koningdrone.be\/product\/avss-parachute-recovery-system-for-dji-matrice-300-350\/\"},{\"@type\":\"ListItem\",\"position\":3,\"name\":\"Alle producten\",\"item\":\"https:\/\/koningdrone.be\/categorie\/alle-producten\/\"},{\"@type\":\"ListItem\",\"position\":4,\"name\":\"DJI Matrice 400 2510F Propeller\"}]},{\"@type\":\"WebSite\",\"@id\":\"https:\/\/koningdrone.be\/#website\",\"url\":\"https:\/\/koningdrone.be\/\",\"name\":\"Koningdrone.be - Uw online specialist in drones, gimbals, camera's en power stations.\",\"description\":\"De webshop in drones en gimbals\",\"publisher\":{\"@id\":\"https:\/\/koningdrone.be\/#organization\"},\"potentialAction\":[{\"@type\":\"SearchAction\",\"target\":{\"@type\":\"EntryPoint\",\"urlTemplate\":\"https:\/\/koningdrone.be\/?s={search_term_string}\"},\"query-input\":{\"@type\":\"PropertyValueSpecification\",\"valueRequired\":true,\"valueName\":\"search_term_string\"}}],\"inLanguage\":\"es\"},{\"@type\":\"Organization\",\"@id\":\"https:\/\/koningdrone.be\/#organization\",\"name\":\"Koningdrone.be\",\"url\":\"https:\/\/koningdrone.be\/\",\"logo\":{\"@type\":\"ImageObject\",\"inLanguage\":\"es\",\"@id\":\"https:\/\/koningdrone.be\/#\/schema\/logo\/image\/\",\"url\":\"https:\/\/koningdrone.be\/wp-content\/uploads\/sites\/13\/2025\/04\/koningdrone-copyright-logo.svg\",\"contentUrl\":\"https:\/\/koningdrone.be\/wp-content\/uploads\/sites\/13\/2025\/04\/koningdrone-copyright-logo.svg\",\"width\":227,\"height\":38,\"caption\":\"Koningdrone.be\"},\"image\":{\"@id\":\"https:\/\/koningdrone.be\/#\/schema\/logo\/image\/\"}}]}<\/script>\n<!-- \/ Yoast SEO Premium plugin. -->","yoast_head_json":{"title":"DJI Matrice 400 2510F Propeller - koningdrone.be","robots":{"index":"index","follow":"follow","max-snippet":"max-snippet:-1","max-image-preview":"max-image-preview:large","max-video-preview":"max-video-preview:-1"},"canonical":"https:\/\/koningdrone.be\/es\/producto\/dji-matrice-400-2510f-propeller\/","og_locale":"es_ES","og_type":"article","og_title":"DJI Matrice 400 2510F Propeller","og_description":"Fabrieksmatig afgestemde propellers voor de DJI Matrice 400  Hoog-stuwkracht ontwerp voor stabiele vluchten  Geschikt voor langdurige inzet en zware ladingen  Wordt geleverd als een paar (2 propellers)","og_url":"https:\/\/koningdrone.be\/es\/producto\/dji-matrice-400-2510f-propeller\/","og_site_name":"koningdrone.be","article_modified_time":"2026-04-29T01:30:39+00:00","og_image":[{"width":700,"height":700,"url":"https:\/\/koningdrone.be\/wp-content\/uploads\/sites\/13\/2025\/06\/ezgif-596717f3d3e916.jpg","type":"image\/jpeg"}],"twitter_card":"summary_large_image","twitter_misc":{"Tiempo de lectura":"1 minuto"},"schema":{"@context":"https:\/\/schema.org","@graph":[{"@type":"WebPage","@id":"https:\/\/koningdrone.be\/product\/dji-matrice-400-2510f-propeller\/","url":"https:\/\/koningdrone.be\/product\/dji-matrice-400-2510f-propeller\/","name":"DJI Matrice 400 2510F Propeller - koningdrone.be","isPartOf":{"@id":"https:\/\/koningdrone.be\/#website"},"primaryImageOfPage":{"@id":"https:\/\/koningdrone.be\/product\/dji-matrice-400-2510f-propeller\/#primaryimage"},"image":{"@id":"https:\/\/koningdrone.be\/product\/dji-matrice-400-2510f-propeller\/#primaryimage"},"thumbnailUrl":"https:\/\/koningdrone.be\/wp-content\/uploads\/sites\/13\/2025\/06\/ezgif-596717f3d3e916.jpg","datePublished":"2025-06-25T14:26:21+00:00","dateModified":"2026-04-29T01:30:39+00:00","breadcrumb":{"@id":"https:\/\/koningdrone.be\/product\/dji-matrice-400-2510f-propeller\/#breadcrumb"},"inLanguage":"es","potentialAction":[{"@type":"ReadAction","target":["https:\/\/koningdrone.be\/product\/dji-matrice-400-2510f-propeller\/"]}]},{"@type":"ImageObject","inLanguage":"es","@id":"https:\/\/koningdrone.be\/product\/dji-matrice-400-2510f-propeller\/#primaryimage","url":"https:\/\/koningdrone.be\/wp-content\/uploads\/sites\/13\/2025\/06\/ezgif-596717f3d3e916.jpg","contentUrl":"https:\/\/koningdrone.be\/wp-content\/uploads\/sites\/13\/2025\/06\/ezgif-596717f3d3e916.jpg","width":700,"height":700},{"@type":"BreadcrumbList","@id":"https:\/\/koningdrone.be\/product\/dji-matrice-400-2510f-propeller\/#breadcrumb","itemListElement":[{"@type":"ListItem","position":1,"name":"Home","item":"https:\/\/koningdrone.be\/"},{"@type":"ListItem","position":2,"name":"AVSS Parachute Recovery System for DJI Matrice 300\/350","item":"https:\/\/koningdrone.be\/product\/avss-parachute-recovery-system-for-dji-matrice-300-350\/"},{"@type":"ListItem","position":3,"name":"Alle producten","item":"https:\/\/koningdrone.be\/categorie\/alle-producten\/"},{"@type":"ListItem","position":4,"name":"DJI Matrice 400 2510F Propeller"}]},{"@type":"WebSite","@id":"https:\/\/koningdrone.be\/#website","url":"https:\/\/koningdrone.be\/","name":"Koningdrone.be - Su especialista en l\u00ednea en drones, cardanes, c\u00e1maras y centrales el\u00e9ctricas.","description":"La tienda virtual de drones y cardanes","publisher":{"@id":"https:\/\/koningdrone.be\/#organization"},"potentialAction":[{"@type":"SearchAction","target":{"@type":"EntryPoint","urlTemplate":"https:\/\/koningdrone.be\/?s={search_term_string}"},"query-input":{"@type":"PropertyValueSpecification","valueRequired":true,"valueName":"search_term_string"}}],"inLanguage":"es"},{"@type":"Organization","@id":"https:\/\/koningdrone.be\/#organization","name":"Kingdrone.es","url":"https:\/\/koningdrone.be\/","logo":{"@type":"ImageObject","inLanguage":"es","@id":"https:\/\/koningdrone.be\/#\/schema\/logo\/image\/","url":"https:\/\/koningdrone.be\/wp-content\/uploads\/sites\/13\/2025\/04\/koningdrone-copyright-logo.svg","contentUrl":"https:\/\/koningdrone.be\/wp-content\/uploads\/sites\/13\/2025\/04\/koningdrone-copyright-logo.svg","width":227,"height":38,"caption":"Koningdrone.be"},"image":{"@id":"https:\/\/koningdrone.be\/#\/schema\/logo\/image\/"}}]}},"df_price":41,"df_sale_price":"","df_regular_price":41,"df_image_link":"https:\/\/koningdrone.be\/wp-content\/uploads\/sites\/13\/2025\/06\/ezgif-596717f3d3e916-300x300.jpg","_links":{"self":[{"href":"https:\/\/koningdrone.be\/es\/wp-json\/wp\/v2\/product\/10800","targetHints":{"allow":["GET"]}}],"collection":[{"href":"https:\/\/koningdrone.be\/es\/wp-json\/wp\/v2\/product"}],"about":[{"href":"https:\/\/koningdrone.be\/es\/wp-json\/wp\/v2\/types\/product"}],"wp:featuredmedia":[{"embeddable":true,"href":"https:\/\/koningdrone.be\/es\/wp-json\/wp\/v2\/media\/10797"}],"wp:attachment":[{"href":"https:\/\/koningdrone.be\/es\/wp-json\/wp\/v2\/media?parent=10800"}],"wp:term":[{"taxonomy":"product_brand","embeddable":true,"href":"https:\/\/koningdrone.be\/es\/wp-json\/wp\/v2\/product_brand?post=10800"},{"taxonomy":"product_cat","embeddable":true,"href":"https:\/\/koningdrone.be\/es\/wp-json\/wp\/v2\/product_cat?post=10800"},{"taxonomy":"product_tag","embeddable":true,"href":"https:\/\/koningdrone.be\/es\/wp-json\/wp\/v2\/product_tag?post=10800"}],"curies":[{"name":"wp","href":"https:\/\/api.w.org\/{rel}","templated":true}]}}