{"id":1080,"date":"2025-04-14T09:49:47","date_gmt":"2025-04-14T07:49:47","guid":{"rendered":"https:\/\/koningdrone.nl\/kon\/product\/czi-lp35-searchlight-and-broadcasting-system\/"},"modified":"2026-03-16T15:36:15","modified_gmt":"2026-03-16T14:36:15","slug":"czi-lp35-searchlight-and-broadcasting-system","status":"publish","type":"product","link":"https:\/\/koningdrone.be\/es\/producto\/czi-lp35-searchlight-and-broadcasting-system\/","title":{"rendered":"CZI LP35 Proyector y sistema de radiodifusi\u00f3n"},"content":{"rendered":"<p>El reflector y sistema de megafon\u00eda CZI LP35 es un dispositivo multifuncional montado en dron que combina iluminaci\u00f3n de alta intensidad con un altavoz integrado para megafon\u00eda a\u00e9rea. Dise\u00f1ado para aplicaciones de seguridad p\u00fablica, respuesta ante cat\u00e1strofes y cumplimiento de la ley, proporciona una potente iluminaci\u00f3n para operaciones nocturnas y una transmisi\u00f3n de audio clara para misiones de control de multitudes o rescate. Su dise\u00f1o ligero y su perfecta compatibilidad con drones garantizan una comunicaci\u00f3n y visibilidad a\u00e9reas eficientes y eficaces.<\/p>","protected":false},"excerpt":{"rendered":"<ul>\n<li>Combina un potente reflector con un sistema de megafon\u00eda integrado.<\/li>\n<li>Mejora la visibilidad nocturna para la seguridad p\u00fablica y los servicios de emergencia.<\/li>\n<li>Permite una comunicaci\u00f3n a\u00e9rea clara y eficaz.<\/li>\n<li>Ideal para las fuerzas del orden, b\u00fasqueda y rescate y control de multitudes.<\/li>\n<li>Dise\u00f1ado para una integraci\u00f3n perfecta con los sistemas de drones.<\/li>\n<li>Ligero y de bajo consumo para un uso prolongado.<\/li>\n<\/ul>","protected":false},"featured_media":1075,"template":"","meta":{"_acf_changed":false},"product_brand":[],"product_cat":[126,97,152,153],"product_tag":[],"class_list":{"0":"post-1080","1":"product","2":"type-product","3":"status-publish","4":"has-post-thumbnail","6":"product_cat-alle-payloads","7":"product_cat-alle-producten","8":"product_cat-dji-matrice-300","9":"product_cat-dji-matrice-350","10":"pa_brand-czi","11":"pa_producttype-zoeklichtsysteem","13":"first","14":"outofstock","15":"taxable","16":"shipping-taxable","17":"product-type-simple"},"acf":[],"yoast_head":"<!-- This site is optimized with the Yoast SEO Premium plugin v27.2 (Yoast SEO v27.2) - https:\/\/yoast.com\/product\/yoast-seo-premium-wordpress\/ -->\n<title>CZI LP35 Searchlight and Broadcasting System - koningdrone.be<\/title>\n<meta name=\"robots\" content=\"index, follow, max-snippet:-1, max-image-preview:large, max-video-preview:-1\" \/>\n<link rel=\"canonical\" href=\"https:\/\/koningdrone.be\/es\/producto\/czi-lp35-searchlight-and-broadcasting-system\/\" \/>\n<meta property=\"og:locale\" content=\"es_ES\" \/>\n<meta property=\"og:type\" content=\"article\" \/>\n<meta property=\"og:title\" content=\"CZI LP35 Searchlight and Broadcasting System\" \/>\n<meta property=\"og:description\" content=\"Combineert een krachtig zoeklicht met een ge\u00efntegreerd omroepsysteem.Verbetert &#039;s nachts de zichtbaarheid voor openbare veiligheid en hulpdiensten.Maakt duidelijke en effectieve communicatie vanuit de lucht mogelijk.Ideaal voor wetshandhaving, zoek- en reddingsacties en crowd management.Ontworpen voor naadloze integratie met dronesystemen.Lichtgewicht en energiezuinig voor langdurig gebruik.\" \/>\n<meta property=\"og:url\" content=\"https:\/\/koningdrone.be\/es\/producto\/czi-lp35-searchlight-and-broadcasting-system\/\" \/>\n<meta property=\"og:site_name\" content=\"koningdrone.be\" \/>\n<meta property=\"article:modified_time\" content=\"2026-03-16T14:36:15+00:00\" \/>\n<meta property=\"og:image\" content=\"https:\/\/koningdrone.be\/wp-content\/uploads\/sites\/13\/2025\/04\/LP35_0351dc96-6652-4c4a-8f2e-08fd293dc49c_700x700.png\" \/>\n\t<meta property=\"og:image:width\" content=\"700\" \/>\n\t<meta property=\"og:image:height\" content=\"700\" \/>\n\t<meta property=\"og:image:type\" content=\"image\/png\" \/>\n<meta name=\"twitter:card\" content=\"summary_large_image\" \/>\n<script type=\"application\/ld+json\" class=\"yoast-schema-graph\">{\"@context\":\"https:\/\/schema.org\",\"@graph\":[{\"@type\":\"WebPage\",\"@id\":\"https:\/\/koningdrone.be\/product\/czi-lp35-searchlight-and-broadcasting-system\/\",\"url\":\"https:\/\/koningdrone.be\/product\/czi-lp35-searchlight-and-broadcasting-system\/\",\"name\":\"CZI LP35 Searchlight and Broadcasting System - koningdrone.be\",\"isPartOf\":{\"@id\":\"https:\/\/koningdrone.be\/#website\"},\"primaryImageOfPage\":{\"@id\":\"https:\/\/koningdrone.be\/product\/czi-lp35-searchlight-and-broadcasting-system\/#primaryimage\"},\"image\":{\"@id\":\"https:\/\/koningdrone.be\/product\/czi-lp35-searchlight-and-broadcasting-system\/#primaryimage\"},\"thumbnailUrl\":\"https:\/\/koningdrone.be\/wp-content\/uploads\/sites\/13\/2025\/04\/LP35_0351dc96-6652-4c4a-8f2e-08fd293dc49c_700x700.png\",\"datePublished\":\"2025-04-14T07:49:47+00:00\",\"dateModified\":\"2026-03-16T14:36:15+00:00\",\"breadcrumb\":{\"@id\":\"https:\/\/koningdrone.be\/product\/czi-lp35-searchlight-and-broadcasting-system\/#breadcrumb\"},\"inLanguage\":\"es\",\"potentialAction\":[{\"@type\":\"ReadAction\",\"target\":[\"https:\/\/koningdrone.be\/product\/czi-lp35-searchlight-and-broadcasting-system\/\"]}]},{\"@type\":\"ImageObject\",\"inLanguage\":\"es\",\"@id\":\"https:\/\/koningdrone.be\/product\/czi-lp35-searchlight-and-broadcasting-system\/#primaryimage\",\"url\":\"https:\/\/koningdrone.be\/wp-content\/uploads\/sites\/13\/2025\/04\/LP35_0351dc96-6652-4c4a-8f2e-08fd293dc49c_700x700.png\",\"contentUrl\":\"https:\/\/koningdrone.be\/wp-content\/uploads\/sites\/13\/2025\/04\/LP35_0351dc96-6652-4c4a-8f2e-08fd293dc49c_700x700.png\",\"width\":700,\"height\":700},{\"@type\":\"BreadcrumbList\",\"@id\":\"https:\/\/koningdrone.be\/product\/czi-lp35-searchlight-and-broadcasting-system\/#breadcrumb\",\"itemListElement\":[{\"@type\":\"ListItem\",\"position\":1,\"name\":\"Home\",\"item\":\"https:\/\/koningdrone.be\/\"},{\"@type\":\"ListItem\",\"position\":2,\"name\":\"AVSS Parachute Recovery System for DJI Matrice 300\/350\",\"item\":\"https:\/\/koningdrone.be\/product\/avss-parachute-recovery-system-for-dji-matrice-300-350\/\"},{\"@type\":\"ListItem\",\"position\":3,\"name\":\"Uncategorized\",\"item\":\"https:\/\/koningdrone.be\/categorie\/uncategorized\/\"},{\"@type\":\"ListItem\",\"position\":4,\"name\":\"CZI LP35 Searchlight and Broadcasting System\"}]},{\"@type\":\"WebSite\",\"@id\":\"https:\/\/koningdrone.be\/#website\",\"url\":\"https:\/\/koningdrone.be\/\",\"name\":\"Koningdrone.be - Uw online specialist in drones, gimbals, camera's en power stations.\",\"description\":\"De webshop in drones en gimbals\",\"publisher\":{\"@id\":\"https:\/\/koningdrone.be\/#organization\"},\"potentialAction\":[{\"@type\":\"SearchAction\",\"target\":{\"@type\":\"EntryPoint\",\"urlTemplate\":\"https:\/\/koningdrone.be\/?s={search_term_string}\"},\"query-input\":{\"@type\":\"PropertyValueSpecification\",\"valueRequired\":true,\"valueName\":\"search_term_string\"}}],\"inLanguage\":\"es\"},{\"@type\":\"Organization\",\"@id\":\"https:\/\/koningdrone.be\/#organization\",\"name\":\"Koningdrone.be\",\"url\":\"https:\/\/koningdrone.be\/\",\"logo\":{\"@type\":\"ImageObject\",\"inLanguage\":\"es\",\"@id\":\"https:\/\/koningdrone.be\/#\/schema\/logo\/image\/\",\"url\":\"https:\/\/koningdrone.be\/wp-content\/uploads\/sites\/13\/2025\/04\/koningdrone-copyright-logo.svg\",\"contentUrl\":\"https:\/\/koningdrone.be\/wp-content\/uploads\/sites\/13\/2025\/04\/koningdrone-copyright-logo.svg\",\"width\":227,\"height\":38,\"caption\":\"Koningdrone.be\"},\"image\":{\"@id\":\"https:\/\/koningdrone.be\/#\/schema\/logo\/image\/\"}}]}<\/script>\n<!-- \/ Yoast SEO Premium plugin. -->","yoast_head_json":{"title":"CZI LP35 Searchlight and Broadcasting System - koningdrone.be","robots":{"index":"index","follow":"follow","max-snippet":"max-snippet:-1","max-image-preview":"max-image-preview:large","max-video-preview":"max-video-preview:-1"},"canonical":"https:\/\/koningdrone.be\/es\/producto\/czi-lp35-searchlight-and-broadcasting-system\/","og_locale":"es_ES","og_type":"article","og_title":"CZI LP35 Searchlight and Broadcasting System","og_description":"Combineert een krachtig zoeklicht met een ge\u00efntegreerd omroepsysteem.Verbetert 's nachts de zichtbaarheid voor openbare veiligheid en hulpdiensten.Maakt duidelijke en effectieve communicatie vanuit de lucht mogelijk.Ideaal voor wetshandhaving, zoek- en reddingsacties en crowd management.Ontworpen voor naadloze integratie met dronesystemen.Lichtgewicht en energiezuinig voor langdurig gebruik.","og_url":"https:\/\/koningdrone.be\/es\/producto\/czi-lp35-searchlight-and-broadcasting-system\/","og_site_name":"koningdrone.be","article_modified_time":"2026-03-16T14:36:15+00:00","og_image":[{"width":700,"height":700,"url":"https:\/\/koningdrone.be\/wp-content\/uploads\/sites\/13\/2025\/04\/LP35_0351dc96-6652-4c4a-8f2e-08fd293dc49c_700x700.png","type":"image\/png"}],"twitter_card":"summary_large_image","schema":{"@context":"https:\/\/schema.org","@graph":[{"@type":"WebPage","@id":"https:\/\/koningdrone.be\/product\/czi-lp35-searchlight-and-broadcasting-system\/","url":"https:\/\/koningdrone.be\/product\/czi-lp35-searchlight-and-broadcasting-system\/","name":"CZI LP35 Searchlight and Broadcasting System - koningdrone.be","isPartOf":{"@id":"https:\/\/koningdrone.be\/#website"},"primaryImageOfPage":{"@id":"https:\/\/koningdrone.be\/product\/czi-lp35-searchlight-and-broadcasting-system\/#primaryimage"},"image":{"@id":"https:\/\/koningdrone.be\/product\/czi-lp35-searchlight-and-broadcasting-system\/#primaryimage"},"thumbnailUrl":"https:\/\/koningdrone.be\/wp-content\/uploads\/sites\/13\/2025\/04\/LP35_0351dc96-6652-4c4a-8f2e-08fd293dc49c_700x700.png","datePublished":"2025-04-14T07:49:47+00:00","dateModified":"2026-03-16T14:36:15+00:00","breadcrumb":{"@id":"https:\/\/koningdrone.be\/product\/czi-lp35-searchlight-and-broadcasting-system\/#breadcrumb"},"inLanguage":"es","potentialAction":[{"@type":"ReadAction","target":["https:\/\/koningdrone.be\/product\/czi-lp35-searchlight-and-broadcasting-system\/"]}]},{"@type":"ImageObject","inLanguage":"es","@id":"https:\/\/koningdrone.be\/product\/czi-lp35-searchlight-and-broadcasting-system\/#primaryimage","url":"https:\/\/koningdrone.be\/wp-content\/uploads\/sites\/13\/2025\/04\/LP35_0351dc96-6652-4c4a-8f2e-08fd293dc49c_700x700.png","contentUrl":"https:\/\/koningdrone.be\/wp-content\/uploads\/sites\/13\/2025\/04\/LP35_0351dc96-6652-4c4a-8f2e-08fd293dc49c_700x700.png","width":700,"height":700},{"@type":"BreadcrumbList","@id":"https:\/\/koningdrone.be\/product\/czi-lp35-searchlight-and-broadcasting-system\/#breadcrumb","itemListElement":[{"@type":"ListItem","position":1,"name":"Home","item":"https:\/\/koningdrone.be\/"},{"@type":"ListItem","position":2,"name":"AVSS Parachute Recovery System for DJI Matrice 300\/350","item":"https:\/\/koningdrone.be\/product\/avss-parachute-recovery-system-for-dji-matrice-300-350\/"},{"@type":"ListItem","position":3,"name":"Uncategorized","item":"https:\/\/koningdrone.be\/categorie\/uncategorized\/"},{"@type":"ListItem","position":4,"name":"CZI LP35 Searchlight and Broadcasting System"}]},{"@type":"WebSite","@id":"https:\/\/koningdrone.be\/#website","url":"https:\/\/koningdrone.be\/","name":"Koningdrone.be - Su especialista en l\u00ednea en drones, cardanes, c\u00e1maras y centrales el\u00e9ctricas.","description":"La tienda virtual de drones y cardanes","publisher":{"@id":"https:\/\/koningdrone.be\/#organization"},"potentialAction":[{"@type":"SearchAction","target":{"@type":"EntryPoint","urlTemplate":"https:\/\/koningdrone.be\/?s={search_term_string}"},"query-input":{"@type":"PropertyValueSpecification","valueRequired":true,"valueName":"search_term_string"}}],"inLanguage":"es"},{"@type":"Organization","@id":"https:\/\/koningdrone.be\/#organization","name":"Kingdrone.es","url":"https:\/\/koningdrone.be\/","logo":{"@type":"ImageObject","inLanguage":"es","@id":"https:\/\/koningdrone.be\/#\/schema\/logo\/image\/","url":"https:\/\/koningdrone.be\/wp-content\/uploads\/sites\/13\/2025\/04\/koningdrone-copyright-logo.svg","contentUrl":"https:\/\/koningdrone.be\/wp-content\/uploads\/sites\/13\/2025\/04\/koningdrone-copyright-logo.svg","width":227,"height":38,"caption":"Koningdrone.be"},"image":{"@id":"https:\/\/koningdrone.be\/#\/schema\/logo\/image\/"}}]}},"df_price":"","df_sale_price":"","df_regular_price":"","df_image_link":"https:\/\/koningdrone.be\/wp-content\/uploads\/sites\/13\/2025\/04\/LP35_0351dc96-6652-4c4a-8f2e-08fd293dc49c_700x700-300x300.png","_links":{"self":[{"href":"https:\/\/koningdrone.be\/es\/wp-json\/wp\/v2\/product\/1080","targetHints":{"allow":["GET"]}}],"collection":[{"href":"https:\/\/koningdrone.be\/es\/wp-json\/wp\/v2\/product"}],"about":[{"href":"https:\/\/koningdrone.be\/es\/wp-json\/wp\/v2\/types\/product"}],"wp:featuredmedia":[{"embeddable":true,"href":"https:\/\/koningdrone.be\/es\/wp-json\/wp\/v2\/media\/1075"}],"wp:attachment":[{"href":"https:\/\/koningdrone.be\/es\/wp-json\/wp\/v2\/media?parent=1080"}],"wp:term":[{"taxonomy":"product_brand","embeddable":true,"href":"https:\/\/koningdrone.be\/es\/wp-json\/wp\/v2\/product_brand?post=1080"},{"taxonomy":"product_cat","embeddable":true,"href":"https:\/\/koningdrone.be\/es\/wp-json\/wp\/v2\/product_cat?post=1080"},{"taxonomy":"product_tag","embeddable":true,"href":"https:\/\/koningdrone.be\/es\/wp-json\/wp\/v2\/product_tag?post=1080"}],"curies":[{"name":"wp","href":"https:\/\/api.w.org\/{rel}","templated":true}]}}