{"id":10794,"date":"2025-06-25T16:26:21","date_gmt":"2025-06-25T14:26:21","guid":{"rendered":"https:\/\/koningdrone.be\/product\/dji-bs100-intelligent-battery-station\/"},"modified":"2026-04-29T03:30:37","modified_gmt":"2026-04-29T01:30:37","slug":"dji-bs100-intelligent-battery-station","status":"publish","type":"product","link":"https:\/\/koningdrone.be\/es\/producto\/dji-bs100-intelligent-battery-station\/","title":{"rendered":"Estaci\u00f3n de bater\u00eda inteligente DJI BS100"},"content":{"rendered":"<p>La soluci\u00f3n profesional de gesti\u00f3n de la energ\u00eda: carga inteligente, modos adaptativos y optimizaci\u00f3n autom\u00e1tica para sus bater\u00edas TB100.<\/p>\n<p><strong>Optimice la gesti\u00f3n de sus bater\u00edas con la estaci\u00f3n de bater\u00edas inteligente BS100<\/strong><\/p>\n<p>La Estaci\u00f3n de Bater\u00eda Inteligente BS100 representa la evoluci\u00f3n definitiva en la gesti\u00f3n profesional de bater\u00edas para drones. Especialmente dise\u00f1ada para acompa\u00f1ar al DJI Matrice 400, esta estaci\u00f3n de carga inteligente transforma la forma en que los profesionales gestionan la energ\u00eda de sus equipos a\u00e9reos. Con tecnolog\u00edas avanzadas de gesti\u00f3n de la energ\u00eda y modos de carga adaptables, la BS100 garantiza el m\u00e1ximo tiempo de actividad de tus drones, al tiempo que preserva la vida \u00fatil de tus inversiones en bater\u00edas.<\/p>\n<p>Esta revolucionaria estaci\u00f3n incorpora inteligencia artificial para la gesti\u00f3n de la energ\u00eda que analiza el estado de cada bater\u00eda en tiempo real, optimiza los ciclos de carga y descarga y ajusta autom\u00e1ticamente los par\u00e1metros en funci\u00f3n de las condiciones de funcionamiento. Para los profesionales que dependen de la fiabilidad de sus equipos, la BS100 elimina las conjeturas sobre la gesti\u00f3n de las bater\u00edas y garantiza una preparaci\u00f3n \u00f3ptima para cada tarea.<\/p>\n<p><strong>Tecnolog\u00eda avanzada de carga inteligente<\/strong><\/p>\n<p>En el coraz\u00f3n de la Estaci\u00f3n Inteligente de Bater\u00edas BS100 se encuentra un sistema de carga inteligente multicriterio que revoluciona la gesti\u00f3n de las bater\u00edas TB100. Esta tecnolog\u00eda analiza continuamente la temperatura, el voltaje, la corriente y el historial de carga de cada bater\u00eda para determinar la estrategia de carga \u00f3ptima. El sistema ajusta autom\u00e1ticamente la potencia de carga, los tiempos de ciclo y las etapas de refrigeraci\u00f3n para maximizar el rendimiento y la vida \u00fatil de la bater\u00eda.<\/p>\n<p>La estaci\u00f3n incorpora algoritmos predictivos que anticipan las necesidades energ\u00e9ticas en funci\u00f3n de los perfiles de uso, lo que permite una preparaci\u00f3n proactiva de las bater\u00edas. Este enfoque inteligente reduce significativamente el tiempo de espera entre misiones y optimiza la rotaci\u00f3n de las bater\u00edas en operaciones intensivas. Los profesionales se benefician de una gesti\u00f3n automatizada que les libera tiempo para sus tareas principales.<\/p>\n<p><strong>Modos de carga adaptativos para todos los escenarios<\/strong><\/p>\n<p>La BS100 ofrece cuatro modos de carga especializados dise\u00f1ados para satisfacer los diversos requisitos de las operaciones profesionales. El modo normal proporciona una carga equilibrada que maximiza la duraci\u00f3n de la bater\u00eda para el uso diario. El modo r\u00e1pido maximiza la velocidad de carga para emergencias o misiones de secuencia r\u00e1pida, al tiempo que mantiene la integridad de la c\u00e9lula mediante una gesti\u00f3n t\u00e9rmica avanzada.<\/p>\n<p>El modo Silencio reduce el ruido en entornos sensibles al ruido, mientras que el modo Almacenamiento mantiene autom\u00e1ticamente las bater\u00edas en niveles \u00f3ptimos de carga durante largos periodos de inactividad. Esta diversidad de modos permite a los profesionales ajustar la gesti\u00f3n de la energ\u00eda a sus limitaciones operativas espec\u00edficas.<\/p>\n<p><strong>Gesti\u00f3n t\u00e9rmica y seguridad<\/strong><\/p>\n<p>La gesti\u00f3n t\u00e9rmica avanzada de la BS100 es un elemento crucial para la conservaci\u00f3n de la bater\u00eda y la seguridad de las operaciones. El sistema incluye sensores de temperatura en m\u00faltiples puntos que supervisan continuamente el calor generado durante los ciclos de carga. Los ventiladores adaptables se activan autom\u00e1ticamente para mantener la temperatura \u00f3ptima, mientras que los disipadores t\u00e9rmicos disipan eficazmente el exceso de calor.<\/p>\n<p>Las protecciones de seguridad incorporadas incluyen la supervisi\u00f3n de sobretensi\u00f3n, sobrecorriente, sobretemperatura y cortocircuito. Si se detecta una anomal\u00eda, la estaci\u00f3n detiene autom\u00e1ticamente la carga y activa los procedimientos de seguridad para proteger las bater\u00edas y el equipo. Este enfoque proactivo de la seguridad garantiza un funcionamiento sin problemas incluso en los entornos m\u00e1s exigentes.<\/p>\n<p><strong>Interfaz de usuario y conectividad<\/strong><\/p>\n<p><strong>Pantalla de control e indicadores<\/strong><\/p>\n<p>La intuitiva interfaz de usuario del BS100 proporciona un control total y visibilidad en tiempo real del estado de carga de la bater\u00eda. La pantalla LCD de alta resoluci\u00f3n muestra informaci\u00f3n esencial: nivel de carga, modo activo, temperatura, tiempo restante e historial de ciclos. Los indicadores LED proporcionan informaci\u00f3n visual instant\u00e1nea sobre el estado de cada bater\u00eda, lo que permite una r\u00e1pida supervisi\u00f3n remota.<\/p>\n<p>Los controles t\u00e1ctiles facilitan el cambio entre modos de carga y el acceso a ajustes avanzados. La interfaz tambi\u00e9n proporciona notificaciones configurables para se\u00f1alar el final de la carga, las anomal\u00edas detectadas o el mantenimiento preventivo recomendado. Dise\u00f1ada para profesionales, su ergonom\u00eda facilita la integraci\u00f3n de la estaci\u00f3n en los flujos de trabajo operativos existentes.<\/p>\n<p><strong>Conectividad e integraci\u00f3n<\/strong><\/p>\n<p>La amplia conectividad de la BS100 facilita la integraci\u00f3n en ecosistemas tecnol\u00f3gicos profesionales. El puerto USB-C de 65 W permite la carga simult\u00e1nea de accesorios como los mandos a distancia DJI RC Plus 2, optimizando la eficiencia de preparaci\u00f3n de los equipos. La compatibilidad con protocolos de carga PD garantiza una carga r\u00e1pida y segura de dispositivos de terceros.<\/p>\n<p>Las interfaces de comunicaci\u00f3n permiten la supervisi\u00f3n remota y la integraci\u00f3n en sistemas de gesti\u00f3n de flotas. Los datos de carga, las estad\u00edsticas de uso y los informes de mantenimiento pueden centralizarse para optimizar la gesti\u00f3n energ\u00e9tica dentro de la organizaci\u00f3n.<\/p>\n<p><strong>Aplicaciones empresariales y casos de uso<\/strong><\/p>\n<p><strong>Operaciones sobre el terreno y misiones ampliadas<\/strong><\/p>\n<p>Para operaciones de campo prolongadas, la estaci\u00f3n de bater\u00edas inteligente BS100 se convierte en una pieza central de la log\u00edstica energ\u00e9tica. Su dise\u00f1o port\u00e1til y su robustez permiten su despliegue en entornos dif\u00edciles manteniendo un rendimiento \u00f3ptimo. Los profesionales de la cartograf\u00eda, la inspecci\u00f3n y la supervisi\u00f3n se benefician de una mayor autonom\u00eda energ\u00e9tica que elimina los inconvenientes de los frecuentes regresos a la base.<\/p>\n<p>La gesti\u00f3n inteligente de los ciclos de carga optimiza autom\u00e1ticamente la rotaci\u00f3n de las bater\u00edas en funci\u00f3n de los perfiles de las misiones. Para las operaciones que requieren vuelos consecutivos, la estaci\u00f3n da prioridad a la carga r\u00e1pida de las bater\u00edas m\u00e1s cargadas, al tiempo que mantiene un stock \u00f3ptimo de bater\u00edas de repuesto. Esta orquestaci\u00f3n autom\u00e1tica maximiza la disponibilidad operativa y reduce el tiempo de inactividad.<\/p>\n<p><strong>Centros de formaci\u00f3n y escuelas de vuelo<\/strong><\/p>\n<p>En centros de formaci\u00f3n y escuelas de vuelo de drones, el BS100 simplifica enormemente la gesti\u00f3n de los equipos educativos. Los m\u00faltiples modos de carga simult\u00e1nea y adaptable garantizan que el suministro de bater\u00eda est\u00e9 siempre listo para las sesiones de formaci\u00f3n. Los instructores pueden concentrarse en la ense\u00f1anza sin preocuparse de la log\u00edstica energ\u00e9tica.<\/p>\n<p>Las funciones de supervisi\u00f3n ayudan a realizar un seguimiento del uso de las bater\u00edas por parte de los alumnos y a identificar las necesidades de mantenimiento preventivo. Esta trazabilidad ayuda a optimizar los costes operativos y a prolongar la vida \u00fatil de los equipos did\u00e1cticos. La estaci\u00f3n se convierte as\u00ed en una herramienta de gesti\u00f3n esencial para los centros de formaci\u00f3n profesional.<\/p>\n<p><strong>Instalaci\u00f3n e integraci\u00f3n<\/strong><\/p>\n<p><strong>Configuraci\u00f3n y puesta en servicio<\/strong><\/p>\n<p>La instalaci\u00f3n de la BS100 est\u00e1 dise\u00f1ada para ofrecer la m\u00e1xima sencillez, al tiempo que proporciona flexibilidad para integrarse en distintos entornos empresariales. La central no requiere ninguna configuraci\u00f3n compleja y se adapta autom\u00e1ticamente a las caracter\u00edsticas de la red el\u00e9ctrica local. Los conectores universales permiten su uso directo en la mayor\u00eda de los pa\u00edses sin necesidad de adaptadores especiales.<\/p>\n<p>La puesta en marcha se realiza en unos sencillos pasos gracias al asistente de configuraci\u00f3n integrado. La interfaz gu\u00eda al usuario a trav\u00e9s de los par\u00e1metros esenciales y ofrece configuraciones preestablecidas en funci\u00f3n de los tipos de uso. Este enfoque de f\u00e1cil uso permite a los profesionales disfrutar inmediatamente de las ventajas de la carga inteligente sin necesidad de una amplia formaci\u00f3n t\u00e9cnica.<\/p>\n<p><strong>Mantenimiento y asistencia<\/strong><\/p>\n<p>El mantenimiento de la BS100 se reduce al m\u00ednimo gracias a su dise\u00f1o robusto y sus componentes industriales. Los diagn\u00f3sticos autom\u00e1ticos supervisan continuamente el estado de los componentes internos y alertan cuando es necesario un mantenimiento preventivo. Este enfoque proactivo evita tiempos de inactividad inesperados y maximiza la disponibilidad de la planta.<\/p>\n<p>El Servicio de Asistencia T\u00e9cnica de DJI presta apoyo a los usuarios profesionales con conocimientos especializados en gesti\u00f3n de energ\u00eda para drones. Las actualizaciones peri\u00f3dicas del firmware aportan nuevas funciones y optimizaciones, lo que garantiza una evoluci\u00f3n continua del rendimiento de la emisora.<\/p>","protected":false},"excerpt":{"rendered":"<ul>\n<li>Revolucionaria gesti\u00f3n de la bater\u00eda para la DJI Matrice 400<\/li>\n<li>Especialmente dise\u00f1ado para cargar y gestionar bater\u00edas TB100<\/li>\n<li>Admite la gesti\u00f3n autom\u00e1tica de la energ\u00eda y la supervisi\u00f3n del estado<\/li>\n<li>Carga optimizada con m\u00faltiples modos de carga<\/li>\n<li>Almacenamiento seguro y mayor duraci\u00f3n de las pilas<\/li>\n<\/ul>","protected":false},"featured_media":10792,"template":"","meta":{"_acf_changed":false},"product_brand":[],"product_cat":[111,97,1583,624],"product_tag":[],"class_list":{"0":"post-10794","1":"product","2":"type-product","3":"status-publish","4":"has-post-thumbnail","6":"product_cat-alle-opladers","7":"product_cat-alle-producten","8":"product_cat-dji-matrice-400","9":"product_cat-enterprise-accessoires","10":"product_shipping_class-uavspacesall","11":"pa_brand-dji","12":"pa_producttype-batterijstation","13":"pa_series-matrice-400","15":"first","16":"instock","17":"taxable","18":"shipping-taxable","19":"purchasable","20":"product-type-simple"},"acf":[],"yoast_head":"<!-- This site is optimized with the Yoast SEO Premium plugin v27.2 (Yoast SEO v27.2) - https:\/\/yoast.com\/product\/yoast-seo-premium-wordpress\/ -->\n<title>DJI BS100 Intelligent Battery Station - koningdrone.be<\/title>\n<meta name=\"robots\" content=\"index, follow, max-snippet:-1, max-image-preview:large, max-video-preview:-1\" \/>\n<link rel=\"canonical\" href=\"https:\/\/koningdrone.be\/es\/producto\/dji-bs100-intelligent-battery-station\/\" \/>\n<meta property=\"og:locale\" content=\"es_ES\" \/>\n<meta property=\"og:type\" content=\"article\" \/>\n<meta property=\"og:title\" content=\"DJI BS100 Intelligent Battery Station\" \/>\n<meta property=\"og:description\" content=\"Revolutionair batterijbeheer voor de DJI Matrice 400  Speciaal ontworpen voor het laden en beheren van TB100-batterijen  Ondersteunt automatisch energiemanagement en statusmonitoring  Geoptimaliseerd laden met meerdere laadmodi  Veilige opslag en langere levensduur van batterijen\" \/>\n<meta property=\"og:url\" content=\"https:\/\/koningdrone.be\/es\/producto\/dji-bs100-intelligent-battery-station\/\" \/>\n<meta property=\"og:site_name\" content=\"koningdrone.be\" \/>\n<meta property=\"article:modified_time\" content=\"2026-04-29T01:30:37+00:00\" \/>\n<meta property=\"og:image\" content=\"https:\/\/koningdrone.be\/wp-content\/uploads\/sites\/13\/2025\/06\/ezgif-53e528c961cb5d.jpg\" \/>\n\t<meta property=\"og:image:width\" content=\"700\" \/>\n\t<meta property=\"og:image:height\" content=\"700\" \/>\n\t<meta property=\"og:image:type\" content=\"image\/jpeg\" \/>\n<meta name=\"twitter:card\" content=\"summary_large_image\" \/>\n<meta name=\"twitter:label1\" content=\"Tiempo de lectura\" \/>\n\t<meta name=\"twitter:data1\" content=\"5 minutos\" \/>\n<script type=\"application\/ld+json\" class=\"yoast-schema-graph\">{\"@context\":\"https:\/\/schema.org\",\"@graph\":[{\"@type\":\"WebPage\",\"@id\":\"https:\/\/koningdrone.be\/product\/dji-bs100-intelligent-battery-station\/\",\"url\":\"https:\/\/koningdrone.be\/product\/dji-bs100-intelligent-battery-station\/\",\"name\":\"DJI BS100 Intelligent Battery Station - koningdrone.be\",\"isPartOf\":{\"@id\":\"https:\/\/koningdrone.be\/#website\"},\"primaryImageOfPage\":{\"@id\":\"https:\/\/koningdrone.be\/product\/dji-bs100-intelligent-battery-station\/#primaryimage\"},\"image\":{\"@id\":\"https:\/\/koningdrone.be\/product\/dji-bs100-intelligent-battery-station\/#primaryimage\"},\"thumbnailUrl\":\"https:\/\/koningdrone.be\/wp-content\/uploads\/sites\/13\/2025\/06\/ezgif-53e528c961cb5d.jpg\",\"datePublished\":\"2025-06-25T14:26:21+00:00\",\"dateModified\":\"2026-04-29T01:30:37+00:00\",\"breadcrumb\":{\"@id\":\"https:\/\/koningdrone.be\/product\/dji-bs100-intelligent-battery-station\/#breadcrumb\"},\"inLanguage\":\"es\",\"potentialAction\":[{\"@type\":\"ReadAction\",\"target\":[\"https:\/\/koningdrone.be\/product\/dji-bs100-intelligent-battery-station\/\"]}]},{\"@type\":\"ImageObject\",\"inLanguage\":\"es\",\"@id\":\"https:\/\/koningdrone.be\/product\/dji-bs100-intelligent-battery-station\/#primaryimage\",\"url\":\"https:\/\/koningdrone.be\/wp-content\/uploads\/sites\/13\/2025\/06\/ezgif-53e528c961cb5d.jpg\",\"contentUrl\":\"https:\/\/koningdrone.be\/wp-content\/uploads\/sites\/13\/2025\/06\/ezgif-53e528c961cb5d.jpg\",\"width\":700,\"height\":700},{\"@type\":\"BreadcrumbList\",\"@id\":\"https:\/\/koningdrone.be\/product\/dji-bs100-intelligent-battery-station\/#breadcrumb\",\"itemListElement\":[{\"@type\":\"ListItem\",\"position\":1,\"name\":\"Home\",\"item\":\"https:\/\/koningdrone.be\/\"},{\"@type\":\"ListItem\",\"position\":2,\"name\":\"AVSS Parachute Recovery System for DJI Matrice 300\/350\",\"item\":\"https:\/\/koningdrone.be\/product\/avss-parachute-recovery-system-for-dji-matrice-300-350\/\"},{\"@type\":\"ListItem\",\"position\":3,\"name\":\"Alle opladers\",\"item\":\"https:\/\/koningdrone.be\/categorie\/alle-opladers\/\"},{\"@type\":\"ListItem\",\"position\":4,\"name\":\"DJI BS100 Intelligent Battery Station\"}]},{\"@type\":\"WebSite\",\"@id\":\"https:\/\/koningdrone.be\/#website\",\"url\":\"https:\/\/koningdrone.be\/\",\"name\":\"Koningdrone.be - Uw online specialist in drones, gimbals, camera's en power stations.\",\"description\":\"De webshop in drones en gimbals\",\"publisher\":{\"@id\":\"https:\/\/koningdrone.be\/#organization\"},\"potentialAction\":[{\"@type\":\"SearchAction\",\"target\":{\"@type\":\"EntryPoint\",\"urlTemplate\":\"https:\/\/koningdrone.be\/?s={search_term_string}\"},\"query-input\":{\"@type\":\"PropertyValueSpecification\",\"valueRequired\":true,\"valueName\":\"search_term_string\"}}],\"inLanguage\":\"es\"},{\"@type\":\"Organization\",\"@id\":\"https:\/\/koningdrone.be\/#organization\",\"name\":\"Koningdrone.be\",\"url\":\"https:\/\/koningdrone.be\/\",\"logo\":{\"@type\":\"ImageObject\",\"inLanguage\":\"es\",\"@id\":\"https:\/\/koningdrone.be\/#\/schema\/logo\/image\/\",\"url\":\"https:\/\/koningdrone.be\/wp-content\/uploads\/sites\/13\/2025\/04\/koningdrone-copyright-logo.svg\",\"contentUrl\":\"https:\/\/koningdrone.be\/wp-content\/uploads\/sites\/13\/2025\/04\/koningdrone-copyright-logo.svg\",\"width\":227,\"height\":38,\"caption\":\"Koningdrone.be\"},\"image\":{\"@id\":\"https:\/\/koningdrone.be\/#\/schema\/logo\/image\/\"}}]}<\/script>\n<!-- \/ Yoast SEO Premium plugin. -->","yoast_head_json":{"title":"Estaci\u00f3n de bater\u00eda inteligente DJI BS100 - kingdrone.es","robots":{"index":"index","follow":"follow","max-snippet":"max-snippet:-1","max-image-preview":"max-image-preview:large","max-video-preview":"max-video-preview:-1"},"canonical":"https:\/\/koningdrone.be\/es\/producto\/dji-bs100-intelligent-battery-station\/","og_locale":"es_ES","og_type":"article","og_title":"DJI BS100 Intelligent Battery Station","og_description":"Revolutionair batterijbeheer voor de DJI Matrice 400  Speciaal ontworpen voor het laden en beheren van TB100-batterijen  Ondersteunt automatisch energiemanagement en statusmonitoring  Geoptimaliseerd laden met meerdere laadmodi  Veilige opslag en langere levensduur van batterijen","og_url":"https:\/\/koningdrone.be\/es\/producto\/dji-bs100-intelligent-battery-station\/","og_site_name":"koningdrone.be","article_modified_time":"2026-04-29T01:30:37+00:00","og_image":[{"width":700,"height":700,"url":"https:\/\/koningdrone.be\/wp-content\/uploads\/sites\/13\/2025\/06\/ezgif-53e528c961cb5d.jpg","type":"image\/jpeg"}],"twitter_card":"summary_large_image","twitter_misc":{"Tiempo de lectura":"5 minutos"},"schema":{"@context":"https:\/\/schema.org","@graph":[{"@type":"WebPage","@id":"https:\/\/koningdrone.be\/product\/dji-bs100-intelligent-battery-station\/","url":"https:\/\/koningdrone.be\/product\/dji-bs100-intelligent-battery-station\/","name":"Estaci\u00f3n de bater\u00eda inteligente DJI BS100 - kingdrone.es","isPartOf":{"@id":"https:\/\/koningdrone.be\/#website"},"primaryImageOfPage":{"@id":"https:\/\/koningdrone.be\/product\/dji-bs100-intelligent-battery-station\/#primaryimage"},"image":{"@id":"https:\/\/koningdrone.be\/product\/dji-bs100-intelligent-battery-station\/#primaryimage"},"thumbnailUrl":"https:\/\/koningdrone.be\/wp-content\/uploads\/sites\/13\/2025\/06\/ezgif-53e528c961cb5d.jpg","datePublished":"2025-06-25T14:26:21+00:00","dateModified":"2026-04-29T01:30:37+00:00","breadcrumb":{"@id":"https:\/\/koningdrone.be\/product\/dji-bs100-intelligent-battery-station\/#breadcrumb"},"inLanguage":"es","potentialAction":[{"@type":"ReadAction","target":["https:\/\/koningdrone.be\/product\/dji-bs100-intelligent-battery-station\/"]}]},{"@type":"ImageObject","inLanguage":"es","@id":"https:\/\/koningdrone.be\/product\/dji-bs100-intelligent-battery-station\/#primaryimage","url":"https:\/\/koningdrone.be\/wp-content\/uploads\/sites\/13\/2025\/06\/ezgif-53e528c961cb5d.jpg","contentUrl":"https:\/\/koningdrone.be\/wp-content\/uploads\/sites\/13\/2025\/06\/ezgif-53e528c961cb5d.jpg","width":700,"height":700},{"@type":"BreadcrumbList","@id":"https:\/\/koningdrone.be\/product\/dji-bs100-intelligent-battery-station\/#breadcrumb","itemListElement":[{"@type":"ListItem","position":1,"name":"Home","item":"https:\/\/koningdrone.be\/"},{"@type":"ListItem","position":2,"name":"AVSS Parachute Recovery System for DJI Matrice 300\/350","item":"https:\/\/koningdrone.be\/product\/avss-parachute-recovery-system-for-dji-matrice-300-350\/"},{"@type":"ListItem","position":3,"name":"Alle opladers","item":"https:\/\/koningdrone.be\/categorie\/alle-opladers\/"},{"@type":"ListItem","position":4,"name":"DJI BS100 Intelligent Battery Station"}]},{"@type":"WebSite","@id":"https:\/\/koningdrone.be\/#website","url":"https:\/\/koningdrone.be\/","name":"Koningdrone.be - Su especialista en l\u00ednea en drones, cardanes, c\u00e1maras y centrales el\u00e9ctricas.","description":"La tienda virtual de drones y cardanes","publisher":{"@id":"https:\/\/koningdrone.be\/#organization"},"potentialAction":[{"@type":"SearchAction","target":{"@type":"EntryPoint","urlTemplate":"https:\/\/koningdrone.be\/?s={search_term_string}"},"query-input":{"@type":"PropertyValueSpecification","valueRequired":true,"valueName":"search_term_string"}}],"inLanguage":"es"},{"@type":"Organization","@id":"https:\/\/koningdrone.be\/#organization","name":"Kingdrone.es","url":"https:\/\/koningdrone.be\/","logo":{"@type":"ImageObject","inLanguage":"es","@id":"https:\/\/koningdrone.be\/#\/schema\/logo\/image\/","url":"https:\/\/koningdrone.be\/wp-content\/uploads\/sites\/13\/2025\/04\/koningdrone-copyright-logo.svg","contentUrl":"https:\/\/koningdrone.be\/wp-content\/uploads\/sites\/13\/2025\/04\/koningdrone-copyright-logo.svg","width":227,"height":38,"caption":"Koningdrone.be"},"image":{"@id":"https:\/\/koningdrone.be\/#\/schema\/logo\/image\/"}}]}},"df_price":1348,"df_sale_price":"","df_regular_price":1348,"df_image_link":"https:\/\/koningdrone.be\/wp-content\/uploads\/sites\/13\/2025\/06\/ezgif-53e528c961cb5d-300x300.jpg","_links":{"self":[{"href":"https:\/\/koningdrone.be\/es\/wp-json\/wp\/v2\/product\/10794","targetHints":{"allow":["GET"]}}],"collection":[{"href":"https:\/\/koningdrone.be\/es\/wp-json\/wp\/v2\/product"}],"about":[{"href":"https:\/\/koningdrone.be\/es\/wp-json\/wp\/v2\/types\/product"}],"wp:featuredmedia":[{"embeddable":true,"href":"https:\/\/koningdrone.be\/es\/wp-json\/wp\/v2\/media\/10792"}],"wp:attachment":[{"href":"https:\/\/koningdrone.be\/es\/wp-json\/wp\/v2\/media?parent=10794"}],"wp:term":[{"taxonomy":"product_brand","embeddable":true,"href":"https:\/\/koningdrone.be\/es\/wp-json\/wp\/v2\/product_brand?post=10794"},{"taxonomy":"product_cat","embeddable":true,"href":"https:\/\/koningdrone.be\/es\/wp-json\/wp\/v2\/product_cat?post=10794"},{"taxonomy":"product_tag","embeddable":true,"href":"https:\/\/koningdrone.be\/es\/wp-json\/wp\/v2\/product_tag?post=10794"}],"curies":[{"name":"wp","href":"https:\/\/api.w.org\/{rel}","templated":true}]}}