{"id":10788,"date":"2025-06-25T16:26:21","date_gmt":"2025-06-25T14:26:21","guid":{"rendered":"https:\/\/koningdrone.be\/product\/dji-matrice-4d\/"},"modified":"2026-04-29T03:30:45","modified_gmt":"2026-04-29T01:30:45","slug":"dji-matrice-4d","status":"publish","type":"product","link":"https:\/\/koningdrone.be\/es\/producto\/dji-matrice-4d\/","title":{"rendered":"DJI Matrice 4D (Versi\u00f3n Dock 3)"},"content":{"rendered":"<h3>DJI Matrice 4D (versi\u00f3n Dock 3): la vanguardia de la inspecci\u00f3n industrial aut\u00f3noma<\/h3>\n<p><iframe loading=\"lazy\" title=\"DJI Matrice Serie 4D\uff5cPrimer uso\" width=\"800\" height=\"450\" src=\"https:\/\/www.youtube.com\/embed\/LldOiJmq6pA?feature=oembed&#038;enablejsapi=1&#038;origin=https:\/\/koningdrone.be\" frameborder=\"0\" allow=\"accelerometer; autoplay; clipboard-write; encrypted-media; gyroscope; picture-in-picture; web-share\" referrerpolicy=\"strict-origin-when-cross-origin\" allowfullscreen><\/iframe><\/p>\n<p style=\"margin: 20px 0\">En <strong>DJI Matrice 4D (Versi\u00f3n Dock 3)<\/strong>\u00a0define el futuro de las operaciones a\u00e9reas remotas. Con un dise\u00f1o \u00fanico como n\u00facleo operativo de la arquitectura DJI Dock 3, esta plataforma posee simult\u00e1neamente el rendimiento bruto para completar las misiones m\u00e1s desafiantes como aeronave independiente. Ya sea una monitorizaci\u00f3n 24\/7 totalmente automatizada desde una estaci\u00f3n de acoplamiento o inspecciones de precisi\u00f3n bajo control manual con el DJI RC Plus 2, el Matrice 4D ofrece una versatilidad sin precedentes para infraestructuras cr\u00edticas y proyectos de cartograf\u00eda a gran escala.<\/p>\n<p><a href=\"https:\/\/koningdrone.nl\/wp-content\/uploads\/2025\/06\/Product-Matrice-4D-DJI.webp\"><img loading=\"lazy\" decoding=\"async\" class=\"alignnone size-full wp-image-466909\" src=\"https:\/\/koningdrone.nl\/wp-content\/uploads\/2025\/06\/Product-Matrice-4D-DJI.webp\" alt=\"Product Matrice 4D DJI\" width=\"1200\" height=\"800\" \/><\/a><\/p>\n<h4>Sensores avanzados y precisi\u00f3n \u00f3ptica<\/h4>\n<p>El Matrice 4D cuenta con un sofisticado ecosistema \u00f3ptico que no pasa por alto ning\u00fan detalle. La combinaci\u00f3n de un <strong>c\u00e1mara gran angular, teleobjetivo medio y un potente teleobjetivo<\/strong> permite a los operadores recoger datos visuales de alt\u00edsima resoluci\u00f3n desde una distancia segura. El sistema integrado <strong>distanci\u00f3metro l\u00e1ser (LRF)<\/strong> con un alcance de hasta <strong>1800 metros<\/strong> proporciona geolocalizaci\u00f3n instant\u00e1nea y mediciones precisas de la distancia a la que se encuentran los objetos. Este arsenal de sensores convierte al dron en la herramienta definitiva tanto para inspecciones t\u00e9cnicas detalladas como para la vigilancia estrat\u00e9gica del medio ambiente.<\/p>\n<h4>Navegaci\u00f3n inteligente y m\u00e1xima seguridad<\/h4>\n<p>La seguridad y la autonom\u00eda est\u00e1n en el coraz\u00f3n del Matrice 4D. Con un impresionante tiempo de vuelo de hasta <strong>47 minutos<\/strong> y un avanzado sistema de detecci\u00f3n h\u00edbrido, que utiliza tanto <strong>LiDAR como radar<\/strong> - navega sin problemas por entornos complejos y propensos a los obst\u00e1culos. Algoritmos inteligentes como <strong>Captura 3D inteligente<\/strong> automatizan el proceso de cartograf\u00eda optimizando trayectorias complejas de forma independiente para obtener la mejor superposici\u00f3n de datos. Como resultado, el sistema ofrece resultados coherentes y de alta calidad para gemelos digitales y modelos de terreno precisos, independientemente de la complejidad del emplazamiento.<\/p>\n<p style=\"text-align: center\"><a href=\"https:\/\/koningdrone.nl\/wp-content\/uploads\/2025\/06\/Matrice-4D-Product-DJI.webp\"><img loading=\"lazy\" decoding=\"async\" class=\"alignnone wp-image-466908 size-medium\" src=\"https:\/\/koningdrone.nl\/wp-content\/uploads\/2025\/06\/Matrice-4D-Product-DJI-300x200.webp\" alt=\"Matrice 4D Product DJI\" width=\"300\" height=\"200\" \/><\/a><\/p>\n<h4>Fiabilidad y dise\u00f1o industrial<\/h4>\n<p>Fabricado para funcionar en los entornos m\u00e1s hostiles, el chasis del Matrice 4D cuenta con un <strong>Clasificaci\u00f3n IP55<\/strong>, El sistema de gesti\u00f3n de la iluminaci\u00f3n de la cabina garantiza el funcionamiento en condiciones de lluvia, polvo y temperaturas extremas. La perfecta integraci\u00f3n con el <strong>DJI RC Plus 2 Enterprise<\/strong> proporciona una interfaz ergon\u00f3mica y altamente fiable para los pilotos, mientras que su compatibilidad con DJI Dock 3 allana el camino para un flujo de trabajo completamente libre de personas. Esto convierte al Matrice 4D en una inversi\u00f3n sostenible para organizaciones en las que el tiempo de inactividad no es una opci\u00f3n.<\/p>","protected":false},"excerpt":{"rendered":"<ul>\n<li>Tiempo de vuelo muy largo de hasta 54 minutos para misiones prolongadas.<\/li>\n<li>Sistema h\u00edbrido de c\u00e1mara y l\u00e1ser para cartograf\u00eda e inspecciones detalladas.<\/li>\n<li>Protecci\u00f3n IP55 contra el polvo y el agua para un rendimiento fiable.<\/li>\n<li>Captura 3D inteligente y planificaci\u00f3n de vuelo avanzada para flujos de trabajo profesionales.<\/li>\n<li>Construcci\u00f3n robusta para uso en entornos dif\u00edciles.<\/li>\n<\/ul>","protected":false},"featured_media":16988,"template":"","meta":{"_acf_changed":false},"product_brand":[],"product_cat":[1587,1732],"product_tag":[],"class_list":{"0":"post-10788","1":"product","2":"type-product","3":"status-publish","4":"has-post-thumbnail","6":"product_cat-dji-dock","7":"product_cat-dji-matrice-4d","8":"product_shipping_class-uavspacesall","9":"pa_brand-dji","10":"pa_producttype-enterprise-drone","11":"pa_series-matrice","13":"first","14":"instock","15":"taxable","16":"shipping-taxable","17":"purchasable","18":"product-type-simple"},"acf":[],"yoast_head":"<!-- This site is optimized with the Yoast SEO Premium plugin v27.2 (Yoast SEO v27.2) - https:\/\/yoast.com\/product\/yoast-seo-premium-wordpress\/ -->\n<title>DJI Matrice 4D (Dock 3 Version) - koningdrone.be<\/title>\n<meta name=\"robots\" content=\"index, follow, max-snippet:-1, max-image-preview:large, max-video-preview:-1\" \/>\n<link rel=\"canonical\" href=\"https:\/\/koningdrone.be\/es\/producto\/dji-matrice-4d\/\" \/>\n<meta property=\"og:locale\" content=\"es_ES\" \/>\n<meta property=\"og:type\" content=\"article\" \/>\n<meta property=\"og:title\" content=\"DJI Matrice 4D (Dock 3 Version)\" \/>\n<meta property=\"og:description\" content=\"Zeer lange vliegtijd tot 54 minuten voor uitgebreide missies.  Hybrid camera\u2011 en lasersysteem voor gedetailleerde mapping en inspecties.  IP55\u2011bescherming tegen stof en water voor betrouwbare prestaties.  Smart 3D Capture en geavanceerde vluchtplanning voor professionele workflows.  Robuuste constructie voor gebruik in moeilijke omgevingen.\" \/>\n<meta property=\"og:url\" content=\"https:\/\/koningdrone.be\/es\/producto\/dji-matrice-4d\/\" \/>\n<meta property=\"og:site_name\" content=\"koningdrone.be\" \/>\n<meta property=\"article:modified_time\" content=\"2026-04-29T01:30:45+00:00\" \/>\n<meta property=\"og:image\" content=\"https:\/\/koningdrone.be\/wp-content\/uploads\/sites\/13\/2026\/03\/DJI-Matrice-4D.webp\" \/>\n\t<meta property=\"og:image:width\" content=\"2048\" \/>\n\t<meta property=\"og:image:height\" content=\"2048\" \/>\n\t<meta property=\"og:image:type\" content=\"image\/webp\" \/>\n<meta name=\"twitter:card\" content=\"summary_large_image\" \/>\n<meta name=\"twitter:label1\" content=\"Tiempo de lectura\" \/>\n\t<meta name=\"twitter:data1\" content=\"2 minutos\" \/>\n<script type=\"application\/ld+json\" class=\"yoast-schema-graph\">{\"@context\":\"https:\/\/schema.org\",\"@graph\":[{\"@type\":\"WebPage\",\"@id\":\"https:\/\/koningdrone.be\/product\/dji-matrice-4d\/\",\"url\":\"https:\/\/koningdrone.be\/product\/dji-matrice-4d\/\",\"name\":\"DJI Matrice 4D (Dock 3 Version) - koningdrone.be\",\"isPartOf\":{\"@id\":\"https:\/\/koningdrone.be\/#website\"},\"primaryImageOfPage\":{\"@id\":\"https:\/\/koningdrone.be\/product\/dji-matrice-4d\/#primaryimage\"},\"image\":{\"@id\":\"https:\/\/koningdrone.be\/product\/dji-matrice-4d\/#primaryimage\"},\"thumbnailUrl\":\"https:\/\/koningdrone.be\/wp-content\/uploads\/sites\/13\/2026\/03\/DJI-Matrice-4D.webp\",\"datePublished\":\"2025-06-25T14:26:21+00:00\",\"dateModified\":\"2026-04-29T01:30:45+00:00\",\"breadcrumb\":{\"@id\":\"https:\/\/koningdrone.be\/product\/dji-matrice-4d\/#breadcrumb\"},\"inLanguage\":\"es\",\"potentialAction\":[{\"@type\":\"ReadAction\",\"target\":[\"https:\/\/koningdrone.be\/product\/dji-matrice-4d\/\"]}]},{\"@type\":\"ImageObject\",\"inLanguage\":\"es\",\"@id\":\"https:\/\/koningdrone.be\/product\/dji-matrice-4d\/#primaryimage\",\"url\":\"https:\/\/koningdrone.be\/wp-content\/uploads\/sites\/13\/2026\/03\/DJI-Matrice-4D.webp\",\"contentUrl\":\"https:\/\/koningdrone.be\/wp-content\/uploads\/sites\/13\/2026\/03\/DJI-Matrice-4D.webp\",\"width\":2048,\"height\":2048},{\"@type\":\"BreadcrumbList\",\"@id\":\"https:\/\/koningdrone.be\/product\/dji-matrice-4d\/#breadcrumb\",\"itemListElement\":[{\"@type\":\"ListItem\",\"position\":1,\"name\":\"Home\",\"item\":\"https:\/\/koningdrone.be\/\"},{\"@type\":\"ListItem\",\"position\":2,\"name\":\"AVSS Parachute Recovery System for DJI Matrice 300\/350\",\"item\":\"https:\/\/koningdrone.be\/product\/avss-parachute-recovery-system-for-dji-matrice-300-350\/\"},{\"@type\":\"ListItem\",\"position\":3,\"name\":\"DJI Dock\",\"item\":\"https:\/\/koningdrone.be\/categorie\/dji-dock\/\"},{\"@type\":\"ListItem\",\"position\":4,\"name\":\"DJI Matrice 4D (Dock 3 Version)\"}]},{\"@type\":\"WebSite\",\"@id\":\"https:\/\/koningdrone.be\/#website\",\"url\":\"https:\/\/koningdrone.be\/\",\"name\":\"Koningdrone.be - Uw online specialist in drones, gimbals, camera's en power stations.\",\"description\":\"De webshop in drones en gimbals\",\"publisher\":{\"@id\":\"https:\/\/koningdrone.be\/#organization\"},\"potentialAction\":[{\"@type\":\"SearchAction\",\"target\":{\"@type\":\"EntryPoint\",\"urlTemplate\":\"https:\/\/koningdrone.be\/?s={search_term_string}\"},\"query-input\":{\"@type\":\"PropertyValueSpecification\",\"valueRequired\":true,\"valueName\":\"search_term_string\"}}],\"inLanguage\":\"es\"},{\"@type\":\"Organization\",\"@id\":\"https:\/\/koningdrone.be\/#organization\",\"name\":\"Koningdrone.be\",\"url\":\"https:\/\/koningdrone.be\/\",\"logo\":{\"@type\":\"ImageObject\",\"inLanguage\":\"es\",\"@id\":\"https:\/\/koningdrone.be\/#\/schema\/logo\/image\/\",\"url\":\"https:\/\/koningdrone.be\/wp-content\/uploads\/sites\/13\/2025\/04\/koningdrone-copyright-logo.svg\",\"contentUrl\":\"https:\/\/koningdrone.be\/wp-content\/uploads\/sites\/13\/2025\/04\/koningdrone-copyright-logo.svg\",\"width\":227,\"height\":38,\"caption\":\"Koningdrone.be\"},\"image\":{\"@id\":\"https:\/\/koningdrone.be\/#\/schema\/logo\/image\/\"}}]}<\/script>\n<!-- \/ Yoast SEO Premium plugin. -->","yoast_head_json":{"title":"DJI Matrice 4D (Dock 3 Version) - koningdrone.be","robots":{"index":"index","follow":"follow","max-snippet":"max-snippet:-1","max-image-preview":"max-image-preview:large","max-video-preview":"max-video-preview:-1"},"canonical":"https:\/\/koningdrone.be\/es\/producto\/dji-matrice-4d\/","og_locale":"es_ES","og_type":"article","og_title":"DJI Matrice 4D (Dock 3 Version)","og_description":"Zeer lange vliegtijd tot 54 minuten voor uitgebreide missies.  Hybrid camera\u2011 en lasersysteem voor gedetailleerde mapping en inspecties.  IP55\u2011bescherming tegen stof en water voor betrouwbare prestaties.  Smart 3D Capture en geavanceerde vluchtplanning voor professionele workflows.  Robuuste constructie voor gebruik in moeilijke omgevingen.","og_url":"https:\/\/koningdrone.be\/es\/producto\/dji-matrice-4d\/","og_site_name":"koningdrone.be","article_modified_time":"2026-04-29T01:30:45+00:00","og_image":[{"width":2048,"height":2048,"url":"https:\/\/koningdrone.be\/wp-content\/uploads\/sites\/13\/2026\/03\/DJI-Matrice-4D.webp","type":"image\/webp"}],"twitter_card":"summary_large_image","twitter_misc":{"Tiempo de lectura":"2 minutos"},"schema":{"@context":"https:\/\/schema.org","@graph":[{"@type":"WebPage","@id":"https:\/\/koningdrone.be\/product\/dji-matrice-4d\/","url":"https:\/\/koningdrone.be\/product\/dji-matrice-4d\/","name":"DJI Matrice 4D (Dock 3 Version) - koningdrone.be","isPartOf":{"@id":"https:\/\/koningdrone.be\/#website"},"primaryImageOfPage":{"@id":"https:\/\/koningdrone.be\/product\/dji-matrice-4d\/#primaryimage"},"image":{"@id":"https:\/\/koningdrone.be\/product\/dji-matrice-4d\/#primaryimage"},"thumbnailUrl":"https:\/\/koningdrone.be\/wp-content\/uploads\/sites\/13\/2026\/03\/DJI-Matrice-4D.webp","datePublished":"2025-06-25T14:26:21+00:00","dateModified":"2026-04-29T01:30:45+00:00","breadcrumb":{"@id":"https:\/\/koningdrone.be\/product\/dji-matrice-4d\/#breadcrumb"},"inLanguage":"es","potentialAction":[{"@type":"ReadAction","target":["https:\/\/koningdrone.be\/product\/dji-matrice-4d\/"]}]},{"@type":"ImageObject","inLanguage":"es","@id":"https:\/\/koningdrone.be\/product\/dji-matrice-4d\/#primaryimage","url":"https:\/\/koningdrone.be\/wp-content\/uploads\/sites\/13\/2026\/03\/DJI-Matrice-4D.webp","contentUrl":"https:\/\/koningdrone.be\/wp-content\/uploads\/sites\/13\/2026\/03\/DJI-Matrice-4D.webp","width":2048,"height":2048},{"@type":"BreadcrumbList","@id":"https:\/\/koningdrone.be\/product\/dji-matrice-4d\/#breadcrumb","itemListElement":[{"@type":"ListItem","position":1,"name":"Home","item":"https:\/\/koningdrone.be\/"},{"@type":"ListItem","position":2,"name":"AVSS Parachute Recovery System for DJI Matrice 300\/350","item":"https:\/\/koningdrone.be\/product\/avss-parachute-recovery-system-for-dji-matrice-300-350\/"},{"@type":"ListItem","position":3,"name":"DJI Dock","item":"https:\/\/koningdrone.be\/categorie\/dji-dock\/"},{"@type":"ListItem","position":4,"name":"DJI Matrice 4D (Dock 3 Version)"}]},{"@type":"WebSite","@id":"https:\/\/koningdrone.be\/#website","url":"https:\/\/koningdrone.be\/","name":"Koningdrone.be - Su especialista en l\u00ednea en drones, cardanes, c\u00e1maras y centrales el\u00e9ctricas.","description":"La tienda virtual de drones y cardanes","publisher":{"@id":"https:\/\/koningdrone.be\/#organization"},"potentialAction":[{"@type":"SearchAction","target":{"@type":"EntryPoint","urlTemplate":"https:\/\/koningdrone.be\/?s={search_term_string}"},"query-input":{"@type":"PropertyValueSpecification","valueRequired":true,"valueName":"search_term_string"}}],"inLanguage":"es"},{"@type":"Organization","@id":"https:\/\/koningdrone.be\/#organization","name":"Kingdrone.es","url":"https:\/\/koningdrone.be\/","logo":{"@type":"ImageObject","inLanguage":"es","@id":"https:\/\/koningdrone.be\/#\/schema\/logo\/image\/","url":"https:\/\/koningdrone.be\/wp-content\/uploads\/sites\/13\/2025\/04\/koningdrone-copyright-logo.svg","contentUrl":"https:\/\/koningdrone.be\/wp-content\/uploads\/sites\/13\/2025\/04\/koningdrone-copyright-logo.svg","width":227,"height":38,"caption":"Koningdrone.be"},"image":{"@id":"https:\/\/koningdrone.be\/#\/schema\/logo\/image\/"}}]}},"df_price":4780,"df_sale_price":"","df_regular_price":4780,"df_image_link":"https:\/\/koningdrone.be\/wp-content\/uploads\/sites\/13\/2026\/03\/DJI-Matrice-4D-300x300.webp","_links":{"self":[{"href":"https:\/\/koningdrone.be\/es\/wp-json\/wp\/v2\/product\/10788","targetHints":{"allow":["GET"]}}],"collection":[{"href":"https:\/\/koningdrone.be\/es\/wp-json\/wp\/v2\/product"}],"about":[{"href":"https:\/\/koningdrone.be\/es\/wp-json\/wp\/v2\/types\/product"}],"wp:featuredmedia":[{"embeddable":true,"href":"https:\/\/koningdrone.be\/es\/wp-json\/wp\/v2\/media\/16988"}],"wp:attachment":[{"href":"https:\/\/koningdrone.be\/es\/wp-json\/wp\/v2\/media?parent=10788"}],"wp:term":[{"taxonomy":"product_brand","embeddable":true,"href":"https:\/\/koningdrone.be\/es\/wp-json\/wp\/v2\/product_brand?post=10788"},{"taxonomy":"product_cat","embeddable":true,"href":"https:\/\/koningdrone.be\/es\/wp-json\/wp\/v2\/product_cat?post=10788"},{"taxonomy":"product_tag","embeddable":true,"href":"https:\/\/koningdrone.be\/es\/wp-json\/wp\/v2\/product_tag?post=10788"}],"curies":[{"name":"wp","href":"https:\/\/api.w.org\/{rel}","templated":true}]}}