{"id":10781,"date":"2025-06-25T16:26:21","date_gmt":"2025-06-25T14:26:21","guid":{"rendered":"https:\/\/koningdrone.be\/product\/dji-rc-plus-2-sub2g-sdr-module\/"},"modified":"2026-04-29T03:31:12","modified_gmt":"2026-04-29T01:31:12","slug":"dji-rc-plus-2-sub2g-sdr-module","status":"publish","type":"product","link":"https:\/\/koningdrone.be\/es\/producto\/dji-rc-plus-2-sub2g-sdr-module\/","title":{"rendered":"M\u00f3dulo SDR DJI RC Plus 2 sub2G"},"content":{"rendered":"<h3>M\u00f3dulo SDR DJI RC Plus 2 sub2G<\/h3>\n<p>El M\u00f3dulo DJI RC Plus 2 sub2G SDR es un m\u00f3dulo de expansi\u00f3n para el mando a distancia DJI RC Plus 2 Enterprise Enhanced. El m\u00f3dulo permite el uso de frecuencias sub-2 GHz (902-928 MHz y 1.430-1.444 GHz), mejorando significativamente la penetraci\u00f3n de la se\u00f1al a trav\u00e9s de obst\u00e1culos como edificios, \u00e1rboles y terrenos accidentados. Este accesorio est\u00e1 pensado para pilotos profesionales de drones que desean el m\u00e1ximo control y estabilidad de la se\u00f1al, especialmente durante grandes esfuerzos o fuera de las l\u00edneas de visi\u00f3n.<\/p>\n<p><a href=\"https:\/\/koningdrone.nl\/wp-content\/uploads\/2025\/06\/Product-DJI-RC-Plus-2-sub2G-SDR-Module-scaled.jpg\"><img loading=\"lazy\" decoding=\"async\" class=\"size-medium wp-image-471380 aligncenter\" src=\"https:\/\/koningdrone.nl\/wp-content\/uploads\/2025\/06\/Product-DJI-RC-Plus-2-sub2G-SDR-Module-300x200.jpg\" alt=\"Product DJI RC Plus 2 sub2G SDR Module\" width=\"300\" height=\"200\" \/><\/a><\/p>\n<h4>Rendimiento y funcionalidad<\/h4>\n<p>Gracias a las bandas de frecuencia sub-2 GHz, este m\u00f3dulo SDR ofrece un rendimiento de comunicaci\u00f3n mejorado en comparaci\u00f3n con los sistemas est\u00e1ndar de 2,4 GHz y 5,8 GHz. Esto se traduce en enlaces de mayor distancia y m\u00e1s estables con se\u00f1ales de v\u00eddeo y control en entornos en los que las bandas tradicionales presentan dificultades, por ejemplo en zonas urbanas o bosques densos. El LED tricolor de estado integrado proporciona informaci\u00f3n visual sobre la selecci\u00f3n de banda y el estado del enlace, lo que ofrece una visi\u00f3n clara durante el vuelo.<\/p>\n<h4>Calidad de construcci\u00f3n y dise\u00f1o<\/h4>\n<p>El m\u00f3dulo tiene un dise\u00f1o compacto y robusto con un conjunto de antenas duales de alta potencia para comunicaci\u00f3n MIMO. Est\u00e1 dise\u00f1ado para montarse en la parte posterior del mando a distancia DJI RC Plus 2 mediante una ubicaci\u00f3n deslizante con tornillos de montaje incluidos. Sus materiales y construcci\u00f3n soportan un funcionamiento fiable a temperaturas que oscilan aproximadamente entre -20 \u00b0C y +50 \u00b0C, lo que la hace adecuada para aplicaciones profesionales e industriales.<\/p>\n<p><a href=\"https:\/\/koningdrone.nl\/wp-content\/uploads\/2025\/06\/DJI-RC-Plus-2-sub2G-SDR-Module-Product-scaled.jpg\"><img loading=\"lazy\" decoding=\"async\" class=\"size-medium wp-image-471378 aligncenter\" src=\"https:\/\/koningdrone.nl\/wp-content\/uploads\/2025\/06\/DJI-RC-Plus-2-sub2G-SDR-Module-Product-300x200.jpg\" alt=\"DJI RC Plus 2 sub2G SDR Module Product\" width=\"300\" height=\"200\" \/><\/a><\/p>\n<h4>Por qu\u00e9 lo necesita<\/h4>\n<p>Si quieres ampliar la capacidad de alcance de control y v\u00eddeo de tu DJI RC Plus 2 Enterprise Enhanced, especialmente en misiones exigentes o fuera del alcance de la vista, este m\u00f3dulo SDR es una valiosa actualizaci\u00f3n. Mejora la estabilidad de las comunicaciones, el alcance de la se\u00f1al y la penetraci\u00f3n a trav\u00e9s de obst\u00e1culos, mejorando la seguridad operativa y la fiabilidad de los vuelos con drones.<\/p>","protected":false},"excerpt":{"rendered":"<ul>\n<li>Admite frecuencias inferiores a 2 GHz para mejorar la penetraci\u00f3n de la se\u00f1al en entornos dif\u00edciles.<\/li>\n<li>Conjunto de antenas de alta potencia con tecnolog\u00eda de comunicaci\u00f3n MIMO.<\/li>\n<li>Indicador LED integrado para conocer el estado de la banda en tiempo real.<\/li>\n<li>F\u00e1cil montaje en la parte posterior del mando RC Plus 2.<\/li>\n<li>Aumenta la fiabilidad y el alcance de los vuelos de drones profesionales.<\/li>\n<\/ul>","protected":false},"featured_media":18196,"template":"","meta":{"_acf_changed":false},"product_brand":[],"product_cat":[1583],"product_tag":[],"class_list":{"0":"post-10781","1":"product","2":"type-product","3":"status-publish","4":"has-post-thumbnail","6":"product_cat-dji-matrice-400","7":"product_shipping_class-uavspacesall","8":"pa_brand-dji","9":"pa_producttype-transmissiemodule","10":"pa_series-rc","12":"first","13":"instock","14":"taxable","15":"shipping-taxable","16":"purchasable","17":"product-type-simple"},"acf":[],"yoast_head":"<!-- This site is optimized with the Yoast SEO Premium plugin v27.2 (Yoast SEO v27.2) - https:\/\/yoast.com\/product\/yoast-seo-premium-wordpress\/ -->\n<title>DJI RC Plus 2 sub2G SDR Module - koningdrone.be<\/title>\n<meta name=\"robots\" content=\"index, follow, max-snippet:-1, max-image-preview:large, max-video-preview:-1\" \/>\n<link rel=\"canonical\" href=\"https:\/\/koningdrone.be\/es\/producto\/dji-rc-plus-2-sub2g-sdr-module\/\" \/>\n<meta property=\"og:locale\" content=\"es_ES\" \/>\n<meta property=\"og:type\" content=\"article\" \/>\n<meta property=\"og:title\" content=\"DJI RC Plus 2 sub2G SDR Module\" \/>\n<meta property=\"og:description\" content=\"Ondersteunt sub\u20112\u202fGHz frequenties voor betere signaalpenetratie in moeilijke omgevingen.  Hoog\u2011vermogen antenne array met MIMO\u2011communicatie techniek.  Ingebouwde LED\u2011indicator voor real\u2011time status en band\u2011feedback.  Eenvoudige montage op de achterzijde van de RC Plus 2 controller.  Verhoogt betrouwbaarheid en bereik voor professionele dronevluchten.\" \/>\n<meta property=\"og:url\" content=\"https:\/\/koningdrone.be\/es\/producto\/dji-rc-plus-2-sub2g-sdr-module\/\" \/>\n<meta property=\"og:site_name\" content=\"koningdrone.be\" \/>\n<meta property=\"article:modified_time\" content=\"2026-04-29T01:31:12+00:00\" \/>\n<meta property=\"og:image\" content=\"https:\/\/koningdrone.be\/wp-content\/uploads\/sites\/13\/2026\/04\/DJI-RC-Plus-2-sub2G-SDR-Module-scaled-1.jpg\" \/>\n\t<meta property=\"og:image:width\" content=\"2560\" \/>\n\t<meta property=\"og:image:height\" content=\"1707\" \/>\n\t<meta property=\"og:image:type\" content=\"image\/jpeg\" \/>\n<meta name=\"twitter:card\" content=\"summary_large_image\" \/>\n<meta name=\"twitter:label1\" content=\"Tiempo de lectura\" \/>\n\t<meta name=\"twitter:data1\" content=\"1 minuto\" \/>\n<script type=\"application\/ld+json\" class=\"yoast-schema-graph\">{\"@context\":\"https:\/\/schema.org\",\"@graph\":[{\"@type\":\"WebPage\",\"@id\":\"https:\/\/koningdrone.be\/product\/dji-rc-plus-2-sub2g-sdr-module\/\",\"url\":\"https:\/\/koningdrone.be\/product\/dji-rc-plus-2-sub2g-sdr-module\/\",\"name\":\"DJI RC Plus 2 sub2G SDR Module - koningdrone.be\",\"isPartOf\":{\"@id\":\"https:\/\/koningdrone.be\/#website\"},\"primaryImageOfPage\":{\"@id\":\"https:\/\/koningdrone.be\/product\/dji-rc-plus-2-sub2g-sdr-module\/#primaryimage\"},\"image\":{\"@id\":\"https:\/\/koningdrone.be\/product\/dji-rc-plus-2-sub2g-sdr-module\/#primaryimage\"},\"thumbnailUrl\":\"https:\/\/koningdrone.be\/wp-content\/uploads\/sites\/13\/2026\/04\/DJI-RC-Plus-2-sub2G-SDR-Module-scaled-1.jpg\",\"datePublished\":\"2025-06-25T14:26:21+00:00\",\"dateModified\":\"2026-04-29T01:31:12+00:00\",\"breadcrumb\":{\"@id\":\"https:\/\/koningdrone.be\/product\/dji-rc-plus-2-sub2g-sdr-module\/#breadcrumb\"},\"inLanguage\":\"es\",\"potentialAction\":[{\"@type\":\"ReadAction\",\"target\":[\"https:\/\/koningdrone.be\/product\/dji-rc-plus-2-sub2g-sdr-module\/\"]}]},{\"@type\":\"ImageObject\",\"inLanguage\":\"es\",\"@id\":\"https:\/\/koningdrone.be\/product\/dji-rc-plus-2-sub2g-sdr-module\/#primaryimage\",\"url\":\"https:\/\/koningdrone.be\/wp-content\/uploads\/sites\/13\/2026\/04\/DJI-RC-Plus-2-sub2G-SDR-Module-scaled-1.jpg\",\"contentUrl\":\"https:\/\/koningdrone.be\/wp-content\/uploads\/sites\/13\/2026\/04\/DJI-RC-Plus-2-sub2G-SDR-Module-scaled-1.jpg\",\"width\":2560,\"height\":1707},{\"@type\":\"BreadcrumbList\",\"@id\":\"https:\/\/koningdrone.be\/product\/dji-rc-plus-2-sub2g-sdr-module\/#breadcrumb\",\"itemListElement\":[{\"@type\":\"ListItem\",\"position\":1,\"name\":\"Home\",\"item\":\"https:\/\/koningdrone.be\/\"},{\"@type\":\"ListItem\",\"position\":2,\"name\":\"AVSS Parachute Recovery System for DJI Matrice 300\/350\",\"item\":\"https:\/\/koningdrone.be\/product\/avss-parachute-recovery-system-for-dji-matrice-300-350\/\"},{\"@type\":\"ListItem\",\"position\":3,\"name\":\"DJI Matrice 400\",\"item\":\"https:\/\/koningdrone.be\/categorie\/dji-matrice-400\/\"},{\"@type\":\"ListItem\",\"position\":4,\"name\":\"DJI RC Plus 2 sub2G SDR Module\"}]},{\"@type\":\"WebSite\",\"@id\":\"https:\/\/koningdrone.be\/#website\",\"url\":\"https:\/\/koningdrone.be\/\",\"name\":\"Koningdrone.be - Uw online specialist in drones, gimbals, camera's en power stations.\",\"description\":\"De webshop in drones en gimbals\",\"publisher\":{\"@id\":\"https:\/\/koningdrone.be\/#organization\"},\"potentialAction\":[{\"@type\":\"SearchAction\",\"target\":{\"@type\":\"EntryPoint\",\"urlTemplate\":\"https:\/\/koningdrone.be\/?s={search_term_string}\"},\"query-input\":{\"@type\":\"PropertyValueSpecification\",\"valueRequired\":true,\"valueName\":\"search_term_string\"}}],\"inLanguage\":\"es\"},{\"@type\":\"Organization\",\"@id\":\"https:\/\/koningdrone.be\/#organization\",\"name\":\"Koningdrone.be\",\"url\":\"https:\/\/koningdrone.be\/\",\"logo\":{\"@type\":\"ImageObject\",\"inLanguage\":\"es\",\"@id\":\"https:\/\/koningdrone.be\/#\/schema\/logo\/image\/\",\"url\":\"https:\/\/koningdrone.be\/wp-content\/uploads\/sites\/13\/2025\/04\/koningdrone-copyright-logo.svg\",\"contentUrl\":\"https:\/\/koningdrone.be\/wp-content\/uploads\/sites\/13\/2025\/04\/koningdrone-copyright-logo.svg\",\"width\":227,\"height\":38,\"caption\":\"Koningdrone.be\"},\"image\":{\"@id\":\"https:\/\/koningdrone.be\/#\/schema\/logo\/image\/\"}}]}<\/script>\n<!-- \/ Yoast SEO Premium plugin. -->","yoast_head_json":{"title":"DJI RC Plus 2 sub2G SDR Module - koningdrone.be","robots":{"index":"index","follow":"follow","max-snippet":"max-snippet:-1","max-image-preview":"max-image-preview:large","max-video-preview":"max-video-preview:-1"},"canonical":"https:\/\/koningdrone.be\/es\/producto\/dji-rc-plus-2-sub2g-sdr-module\/","og_locale":"es_ES","og_type":"article","og_title":"DJI RC Plus 2 sub2G SDR Module","og_description":"Ondersteunt sub\u20112\u202fGHz frequenties voor betere signaalpenetratie in moeilijke omgevingen.  Hoog\u2011vermogen antenne array met MIMO\u2011communicatie techniek.  Ingebouwde LED\u2011indicator voor real\u2011time status en band\u2011feedback.  Eenvoudige montage op de achterzijde van de RC Plus 2 controller.  Verhoogt betrouwbaarheid en bereik voor professionele dronevluchten.","og_url":"https:\/\/koningdrone.be\/es\/producto\/dji-rc-plus-2-sub2g-sdr-module\/","og_site_name":"koningdrone.be","article_modified_time":"2026-04-29T01:31:12+00:00","og_image":[{"width":2560,"height":1707,"url":"https:\/\/koningdrone.be\/wp-content\/uploads\/sites\/13\/2026\/04\/DJI-RC-Plus-2-sub2G-SDR-Module-scaled-1.jpg","type":"image\/jpeg"}],"twitter_card":"summary_large_image","twitter_misc":{"Tiempo de lectura":"1 minuto"},"schema":{"@context":"https:\/\/schema.org","@graph":[{"@type":"WebPage","@id":"https:\/\/koningdrone.be\/product\/dji-rc-plus-2-sub2g-sdr-module\/","url":"https:\/\/koningdrone.be\/product\/dji-rc-plus-2-sub2g-sdr-module\/","name":"DJI RC Plus 2 sub2G SDR Module - koningdrone.be","isPartOf":{"@id":"https:\/\/koningdrone.be\/#website"},"primaryImageOfPage":{"@id":"https:\/\/koningdrone.be\/product\/dji-rc-plus-2-sub2g-sdr-module\/#primaryimage"},"image":{"@id":"https:\/\/koningdrone.be\/product\/dji-rc-plus-2-sub2g-sdr-module\/#primaryimage"},"thumbnailUrl":"https:\/\/koningdrone.be\/wp-content\/uploads\/sites\/13\/2026\/04\/DJI-RC-Plus-2-sub2G-SDR-Module-scaled-1.jpg","datePublished":"2025-06-25T14:26:21+00:00","dateModified":"2026-04-29T01:31:12+00:00","breadcrumb":{"@id":"https:\/\/koningdrone.be\/product\/dji-rc-plus-2-sub2g-sdr-module\/#breadcrumb"},"inLanguage":"es","potentialAction":[{"@type":"ReadAction","target":["https:\/\/koningdrone.be\/product\/dji-rc-plus-2-sub2g-sdr-module\/"]}]},{"@type":"ImageObject","inLanguage":"es","@id":"https:\/\/koningdrone.be\/product\/dji-rc-plus-2-sub2g-sdr-module\/#primaryimage","url":"https:\/\/koningdrone.be\/wp-content\/uploads\/sites\/13\/2026\/04\/DJI-RC-Plus-2-sub2G-SDR-Module-scaled-1.jpg","contentUrl":"https:\/\/koningdrone.be\/wp-content\/uploads\/sites\/13\/2026\/04\/DJI-RC-Plus-2-sub2G-SDR-Module-scaled-1.jpg","width":2560,"height":1707},{"@type":"BreadcrumbList","@id":"https:\/\/koningdrone.be\/product\/dji-rc-plus-2-sub2g-sdr-module\/#breadcrumb","itemListElement":[{"@type":"ListItem","position":1,"name":"Home","item":"https:\/\/koningdrone.be\/"},{"@type":"ListItem","position":2,"name":"AVSS Parachute Recovery System for DJI Matrice 300\/350","item":"https:\/\/koningdrone.be\/product\/avss-parachute-recovery-system-for-dji-matrice-300-350\/"},{"@type":"ListItem","position":3,"name":"DJI Matrice 400","item":"https:\/\/koningdrone.be\/categorie\/dji-matrice-400\/"},{"@type":"ListItem","position":4,"name":"DJI RC Plus 2 sub2G SDR Module"}]},{"@type":"WebSite","@id":"https:\/\/koningdrone.be\/#website","url":"https:\/\/koningdrone.be\/","name":"Koningdrone.be - Su especialista en l\u00ednea en drones, cardanes, c\u00e1maras y centrales el\u00e9ctricas.","description":"La tienda virtual de drones y cardanes","publisher":{"@id":"https:\/\/koningdrone.be\/#organization"},"potentialAction":[{"@type":"SearchAction","target":{"@type":"EntryPoint","urlTemplate":"https:\/\/koningdrone.be\/?s={search_term_string}"},"query-input":{"@type":"PropertyValueSpecification","valueRequired":true,"valueName":"search_term_string"}}],"inLanguage":"es"},{"@type":"Organization","@id":"https:\/\/koningdrone.be\/#organization","name":"Kingdrone.es","url":"https:\/\/koningdrone.be\/","logo":{"@type":"ImageObject","inLanguage":"es","@id":"https:\/\/koningdrone.be\/#\/schema\/logo\/image\/","url":"https:\/\/koningdrone.be\/wp-content\/uploads\/sites\/13\/2025\/04\/koningdrone-copyright-logo.svg","contentUrl":"https:\/\/koningdrone.be\/wp-content\/uploads\/sites\/13\/2025\/04\/koningdrone-copyright-logo.svg","width":227,"height":38,"caption":"Koningdrone.be"},"image":{"@id":"https:\/\/koningdrone.be\/#\/schema\/logo\/image\/"}}]}},"df_price":129,"df_sale_price":"","df_regular_price":129,"df_image_link":"https:\/\/koningdrone.be\/wp-content\/uploads\/sites\/13\/2026\/04\/DJI-RC-Plus-2-sub2G-SDR-Module-scaled-1-300x200.jpg","_links":{"self":[{"href":"https:\/\/koningdrone.be\/es\/wp-json\/wp\/v2\/product\/10781","targetHints":{"allow":["GET"]}}],"collection":[{"href":"https:\/\/koningdrone.be\/es\/wp-json\/wp\/v2\/product"}],"about":[{"href":"https:\/\/koningdrone.be\/es\/wp-json\/wp\/v2\/types\/product"}],"wp:featuredmedia":[{"embeddable":true,"href":"https:\/\/koningdrone.be\/es\/wp-json\/wp\/v2\/media\/18196"}],"wp:attachment":[{"href":"https:\/\/koningdrone.be\/es\/wp-json\/wp\/v2\/media?parent=10781"}],"wp:term":[{"taxonomy":"product_brand","embeddable":true,"href":"https:\/\/koningdrone.be\/es\/wp-json\/wp\/v2\/product_brand?post=10781"},{"taxonomy":"product_cat","embeddable":true,"href":"https:\/\/koningdrone.be\/es\/wp-json\/wp\/v2\/product_cat?post=10781"},{"taxonomy":"product_tag","embeddable":true,"href":"https:\/\/koningdrone.be\/es\/wp-json\/wp\/v2\/product_tag?post=10781"}],"curies":[{"name":"wp","href":"https:\/\/api.w.org\/{rel}","templated":true}]}}