{"id":10780,"date":"2025-06-25T16:26:21","date_gmt":"2025-06-25T14:26:21","guid":{"rendered":"https:\/\/koningdrone.be\/product\/dji-matrice-400-tb100-intelligent-flight-battery\/"},"modified":"2026-04-29T03:30:09","modified_gmt":"2026-04-29T01:30:09","slug":"dji-matrice-400-tb100-intelligent-flight-battery","status":"publish","type":"product","link":"https:\/\/koningdrone.be\/es\/producto\/dji-matrice-400-tb100-intelligent-flight-battery\/","title":{"rendered":"Bater\u00eda de vuelo inteligente DJI Matrice 400 TB100"},"content":{"rendered":"<h3>Bater\u00eda de vuelo inteligente DJI Matrice 400 TB100<\/h3>\n<p><iframe loading=\"lazy\" title=\"DJI Matrice 400\uff5cUso de la estaci\u00f3n de bater\u00eda y bater\u00eda\" width=\"800\" height=\"450\" src=\"https:\/\/www.youtube.com\/embed\/DW2VgLXmBmI?feature=oembed\" frameborder=\"0\" allow=\"accelerometer; autoplay; clipboard-write; encrypted-media; gyroscope; picture-in-picture; web-share\" referrerpolicy=\"strict-origin-when-cross-origin\" allowfullscreen><\/iframe><\/p>\n<p data-start=\"227\" data-end=\"587\">La Bater\u00eda de Vuelo Inteligente DJI TB100 es una bater\u00eda inteligente de alto rendimiento dise\u00f1ada espec\u00edficamente para proporcionar energ\u00eda fiable para misiones profesionales con drones. Esta bater\u00eda es ideal para operadores que necesitan una fuente de alimentaci\u00f3n estable y consistente para aplicaciones como topograf\u00eda, inspecciones, seguridad p\u00fablica y otros despliegues comerciales.<\/p>\n<p data-start=\"589\" data-end=\"733\">La bater\u00eda ofrece un rendimiento constante y es compatible con drones potentes como la serie Matrice, lo que la hace perfecta para un uso intensivo.<\/p>\n<p><a href=\"https:\/\/koningdrone.nl\/wp-content\/uploads\/2025\/06\/DJI-TB100-Intelli.-Flight-Batt.webp\"><img loading=\"lazy\" decoding=\"async\" class=\"alignnone wp-image-466797 size-full\" src=\"https:\/\/koningdrone.nl\/wp-content\/uploads\/2025\/06\/DJI-TB100-Intelli.-Flight-Batt.webp\" alt=\"DJI TB100 Intelli. Flight Batt.\" width=\"2000\" height=\"1333\" \/><\/a><\/p>\n<h4>Rendimiento y funcionalidad<\/h4>\n<p>Cada bater\u00eda TB100 tiene un <strong>alta densidad energ\u00e9tica<\/strong> de aproximadamente <strong>20.254 mAh \/ 977 Wh<\/strong>, La duraci\u00f3n de la bater\u00eda es superior a la de las bater\u00edas est\u00e1ndar. Gracias al sistema de gesti\u00f3n inteligente, la temperatura, el voltaje y el consumo de energ\u00eda se controlan continuamente para evitar el sobrecalentamiento y las descargas profundas. El sitio <strong>funci\u00f3n hot-swap<\/strong> permite cambiar las bater\u00edas r\u00e1pidamente sin que el dron falle o pierda la se\u00f1al GPS, lo que ahorra tiempo y mejora la continuidad operativa.<\/p>\n<h4>Construcci\u00f3n y dise\u00f1o<\/h4>\n<p>Las bater\u00edas TB100 est\u00e1n fabricadas con celdas de iones de litio de alta calidad y un <strong>Configuraci\u00f3n 13S<\/strong> que proporciona una entrega de energ\u00eda y una estabilidad \u00f3ptimas. El dise\u00f1o admite un gran n\u00famero de ciclos de carga y descarga, hasta aproximadamente <strong>400 ciclos<\/strong>, prolongando la duraci\u00f3n total de la bater\u00eda. El dise\u00f1o ergon\u00f3mico top-in facilita y agiliza el cambio de bater\u00edas sobre el terreno sin necesidad de herramientas, lo que resulta especialmente \u00fatil durante operaciones intensivas.<\/p>\n<p style=\"text-align: center\"><a href=\"https:\/\/koningdrone.nl\/wp-content\/uploads\/2025\/06\/Intelligent-Flight-Battery-DJI-Matrice-400-TB100.webp\"><img loading=\"lazy\" decoding=\"async\" class=\"alignnone size-medium wp-image-466744\" src=\"https:\/\/koningdrone.nl\/wp-content\/uploads\/2025\/06\/Intelligent-Flight-Battery-DJI-Matrice-400-TB100-300x300.webp\" alt=\"Intelligent Flight Battery DJI Matrice 400 TB100\" width=\"300\" height=\"300\" \/><\/a><\/p>\n<h4>Por qu\u00e9 lo necesita<\/h4>\n<p style=\"margin: 20px 0\">Para los pilotos profesionales de drones que necesitan una larga duraci\u00f3n de vuelo y un tiempo de inactividad m\u00ednimo, un pack de 3 bater\u00edas TB100 es una inversi\u00f3n que merece la pena. Al disponer de varias bater\u00edas a la vez, puedes cambiarlas r\u00e1pidamente y garantizar sesiones operativas m\u00e1s largas sin tener que esperar a que se recarguen. Este juego de bater\u00edas aumenta la productividad y le permite completar tareas complejas de una sola vez.<\/p>\n<p><iframe loading=\"lazy\" title=\"DJI Matrice 400: Todo lo que necesitas saber\" width=\"800\" height=\"450\" src=\"https:\/\/www.youtube.com\/embed\/Cc7UMhmshpI?feature=oembed&#038;enablejsapi=1&#038;origin=https:\/\/koningdrone.be\" frameborder=\"0\" allow=\"accelerometer; autoplay; clipboard-write; encrypted-media; gyroscope; picture-in-picture; web-share\" referrerpolicy=\"strict-origin-when-cross-origin\" allowfullscreen><\/iframe><\/p>","protected":false},"excerpt":{"rendered":"<ul>\n<li>Alta capacidad de energ\u00eda (~20.254 mAh \/ 977 Wh) para una mayor duraci\u00f3n del vuelo.<\/li>\n<li>Gracias a su dise\u00f1o intercambiable en caliente, puedes cambiar las pilas sin perder potencia ni se\u00f1al GPS.<\/li>\n<li>Supervisi\u00f3n inteligente integrada para gestionar en tiempo real la seguridad y el rendimiento.<\/li>\n<li>Soporta hasta ~400 ciclos de carga\/descarga para una fiabilidad a largo plazo.<\/li>\n<li>Dise\u00f1o ergon\u00f3mico con inserci\u00f3n superior para un cambio de pilas m\u00e1s r\u00e1pido sobre el terreno.<\/li>\n<\/ul>","protected":false},"featured_media":16958,"template":"","meta":{"_acf_changed":false},"product_brand":[],"product_cat":[97,1729,1583,624],"product_tag":[],"class_list":{"0":"post-10780","1":"product","2":"type-product","3":"status-publish","4":"has-post-thumbnail","6":"product_cat-alle-producten","7":"product_cat-dji-batterijen","8":"product_cat-dji-matrice-400","9":"product_cat-enterprise-accessoires","10":"product_shipping_class-uavspacesall","11":"pa_brand-dji","12":"pa_producttype-lithium-ion-vliegaccu-voor-drones","14":"first","15":"instock","16":"taxable","17":"shipping-taxable","18":"purchasable","19":"product-type-simple"},"acf":[],"yoast_head":"<!-- This site is optimized with the Yoast SEO Premium plugin v27.2 (Yoast SEO v27.2) - https:\/\/yoast.com\/product\/yoast-seo-premium-wordpress\/ -->\n<title>DJI Matrice 400 TB100 Intelligent Flight Battery - koningdrone.be<\/title>\n<meta name=\"robots\" content=\"index, follow, max-snippet:-1, max-image-preview:large, max-video-preview:-1\" \/>\n<link rel=\"canonical\" href=\"https:\/\/koningdrone.be\/es\/producto\/dji-matrice-400-tb100-intelligent-flight-battery\/\" \/>\n<meta property=\"og:locale\" content=\"es_ES\" \/>\n<meta property=\"og:type\" content=\"article\" \/>\n<meta property=\"og:title\" content=\"DJI Matrice 400 TB100 Intelligent Flight Battery\" \/>\n<meta property=\"og:description\" content=\"Hoge energiecapaciteit (~20.254 mAh \/ 977 Wh) voor langere vluchtduur.  Dankzij het hot-swappable ontwerp kunt u batterijen vervangen zonder stroomverlies of verlies van GPS-signaal.  Intelligente ingebouwde monitoring voor realtime beheer van veiligheid en prestaties.  Ondersteunt tot ~400 laad-\/ontlaadcycli voor langdurige betrouwbaarheid.  Ergonomisch ontwerp met boveninzetstuk voor snellere batterijwissels in het veld.\" \/>\n<meta property=\"og:url\" content=\"https:\/\/koningdrone.be\/es\/producto\/dji-matrice-400-tb100-intelligent-flight-battery\/\" \/>\n<meta property=\"og:site_name\" content=\"koningdrone.be\" \/>\n<meta property=\"article:modified_time\" content=\"2026-04-29T01:30:09+00:00\" \/>\n<meta property=\"og:image\" content=\"https:\/\/koningdrone.be\/wp-content\/uploads\/sites\/13\/2026\/03\/DJI-Matrice-400-TB100-Intelligent-Flight-Battery.webp\" \/>\n\t<meta property=\"og:image:width\" content=\"2048\" \/>\n\t<meta property=\"og:image:height\" content=\"2048\" \/>\n\t<meta property=\"og:image:type\" content=\"image\/webp\" \/>\n<meta name=\"twitter:card\" content=\"summary_large_image\" \/>\n<meta name=\"twitter:label1\" content=\"Tiempo de lectura\" \/>\n\t<meta name=\"twitter:data1\" content=\"2 minutos\" \/>\n<script type=\"application\/ld+json\" class=\"yoast-schema-graph\">{\"@context\":\"https:\/\/schema.org\",\"@graph\":[{\"@type\":\"WebPage\",\"@id\":\"https:\/\/koningdrone.be\/product\/dji-matrice-400-tb100-intelligent-flight-battery\/\",\"url\":\"https:\/\/koningdrone.be\/product\/dji-matrice-400-tb100-intelligent-flight-battery\/\",\"name\":\"DJI Matrice 400 TB100 Intelligent Flight Battery - koningdrone.be\",\"isPartOf\":{\"@id\":\"https:\/\/koningdrone.be\/#website\"},\"primaryImageOfPage\":{\"@id\":\"https:\/\/koningdrone.be\/product\/dji-matrice-400-tb100-intelligent-flight-battery\/#primaryimage\"},\"image\":{\"@id\":\"https:\/\/koningdrone.be\/product\/dji-matrice-400-tb100-intelligent-flight-battery\/#primaryimage\"},\"thumbnailUrl\":\"https:\/\/koningdrone.be\/wp-content\/uploads\/sites\/13\/2026\/03\/DJI-Matrice-400-TB100-Intelligent-Flight-Battery.webp\",\"datePublished\":\"2025-06-25T14:26:21+00:00\",\"dateModified\":\"2026-04-29T01:30:09+00:00\",\"breadcrumb\":{\"@id\":\"https:\/\/koningdrone.be\/product\/dji-matrice-400-tb100-intelligent-flight-battery\/#breadcrumb\"},\"inLanguage\":\"es\",\"potentialAction\":[{\"@type\":\"ReadAction\",\"target\":[\"https:\/\/koningdrone.be\/product\/dji-matrice-400-tb100-intelligent-flight-battery\/\"]}]},{\"@type\":\"ImageObject\",\"inLanguage\":\"es\",\"@id\":\"https:\/\/koningdrone.be\/product\/dji-matrice-400-tb100-intelligent-flight-battery\/#primaryimage\",\"url\":\"https:\/\/koningdrone.be\/wp-content\/uploads\/sites\/13\/2026\/03\/DJI-Matrice-400-TB100-Intelligent-Flight-Battery.webp\",\"contentUrl\":\"https:\/\/koningdrone.be\/wp-content\/uploads\/sites\/13\/2026\/03\/DJI-Matrice-400-TB100-Intelligent-Flight-Battery.webp\",\"width\":2048,\"height\":2048},{\"@type\":\"BreadcrumbList\",\"@id\":\"https:\/\/koningdrone.be\/product\/dji-matrice-400-tb100-intelligent-flight-battery\/#breadcrumb\",\"itemListElement\":[{\"@type\":\"ListItem\",\"position\":1,\"name\":\"Home\",\"item\":\"https:\/\/koningdrone.be\/\"},{\"@type\":\"ListItem\",\"position\":2,\"name\":\"AVSS Parachute Recovery System for DJI Matrice 300\/350\",\"item\":\"https:\/\/koningdrone.be\/product\/avss-parachute-recovery-system-for-dji-matrice-300-350\/\"},{\"@type\":\"ListItem\",\"position\":3,\"name\":\"Alle producten\",\"item\":\"https:\/\/koningdrone.be\/categorie\/alle-producten\/\"},{\"@type\":\"ListItem\",\"position\":4,\"name\":\"DJI Matrice 400 TB100 Intelligent Flight Battery\"}]},{\"@type\":\"WebSite\",\"@id\":\"https:\/\/koningdrone.be\/#website\",\"url\":\"https:\/\/koningdrone.be\/\",\"name\":\"Koningdrone.be - Uw online specialist in drones, gimbals, camera's en power stations.\",\"description\":\"De webshop in drones en gimbals\",\"publisher\":{\"@id\":\"https:\/\/koningdrone.be\/#organization\"},\"potentialAction\":[{\"@type\":\"SearchAction\",\"target\":{\"@type\":\"EntryPoint\",\"urlTemplate\":\"https:\/\/koningdrone.be\/?s={search_term_string}\"},\"query-input\":{\"@type\":\"PropertyValueSpecification\",\"valueRequired\":true,\"valueName\":\"search_term_string\"}}],\"inLanguage\":\"es\"},{\"@type\":\"Organization\",\"@id\":\"https:\/\/koningdrone.be\/#organization\",\"name\":\"Koningdrone.be\",\"url\":\"https:\/\/koningdrone.be\/\",\"logo\":{\"@type\":\"ImageObject\",\"inLanguage\":\"es\",\"@id\":\"https:\/\/koningdrone.be\/#\/schema\/logo\/image\/\",\"url\":\"https:\/\/koningdrone.be\/wp-content\/uploads\/sites\/13\/2025\/04\/koningdrone-copyright-logo.svg\",\"contentUrl\":\"https:\/\/koningdrone.be\/wp-content\/uploads\/sites\/13\/2025\/04\/koningdrone-copyright-logo.svg\",\"width\":227,\"height\":38,\"caption\":\"Koningdrone.be\"},\"image\":{\"@id\":\"https:\/\/koningdrone.be\/#\/schema\/logo\/image\/\"}}]}<\/script>\n<!-- \/ Yoast SEO Premium plugin. -->","yoast_head_json":{"title":"DJI Matrice 400 TB100 Intelligent Flight Battery - koningdrone.be","robots":{"index":"index","follow":"follow","max-snippet":"max-snippet:-1","max-image-preview":"max-image-preview:large","max-video-preview":"max-video-preview:-1"},"canonical":"https:\/\/koningdrone.be\/es\/producto\/dji-matrice-400-tb100-intelligent-flight-battery\/","og_locale":"es_ES","og_type":"article","og_title":"DJI Matrice 400 TB100 Intelligent Flight Battery","og_description":"Hoge energiecapaciteit (~20.254 mAh \/ 977 Wh) voor langere vluchtduur.  Dankzij het hot-swappable ontwerp kunt u batterijen vervangen zonder stroomverlies of verlies van GPS-signaal.  Intelligente ingebouwde monitoring voor realtime beheer van veiligheid en prestaties.  Ondersteunt tot ~400 laad-\/ontlaadcycli voor langdurige betrouwbaarheid.  Ergonomisch ontwerp met boveninzetstuk voor snellere batterijwissels in het veld.","og_url":"https:\/\/koningdrone.be\/es\/producto\/dji-matrice-400-tb100-intelligent-flight-battery\/","og_site_name":"koningdrone.be","article_modified_time":"2026-04-29T01:30:09+00:00","og_image":[{"width":2048,"height":2048,"url":"https:\/\/koningdrone.be\/wp-content\/uploads\/sites\/13\/2026\/03\/DJI-Matrice-400-TB100-Intelligent-Flight-Battery.webp","type":"image\/webp"}],"twitter_card":"summary_large_image","twitter_misc":{"Tiempo de lectura":"2 minutos"},"schema":{"@context":"https:\/\/schema.org","@graph":[{"@type":"WebPage","@id":"https:\/\/koningdrone.be\/product\/dji-matrice-400-tb100-intelligent-flight-battery\/","url":"https:\/\/koningdrone.be\/product\/dji-matrice-400-tb100-intelligent-flight-battery\/","name":"DJI Matrice 400 TB100 Intelligent Flight Battery - koningdrone.be","isPartOf":{"@id":"https:\/\/koningdrone.be\/#website"},"primaryImageOfPage":{"@id":"https:\/\/koningdrone.be\/product\/dji-matrice-400-tb100-intelligent-flight-battery\/#primaryimage"},"image":{"@id":"https:\/\/koningdrone.be\/product\/dji-matrice-400-tb100-intelligent-flight-battery\/#primaryimage"},"thumbnailUrl":"https:\/\/koningdrone.be\/wp-content\/uploads\/sites\/13\/2026\/03\/DJI-Matrice-400-TB100-Intelligent-Flight-Battery.webp","datePublished":"2025-06-25T14:26:21+00:00","dateModified":"2026-04-29T01:30:09+00:00","breadcrumb":{"@id":"https:\/\/koningdrone.be\/product\/dji-matrice-400-tb100-intelligent-flight-battery\/#breadcrumb"},"inLanguage":"es","potentialAction":[{"@type":"ReadAction","target":["https:\/\/koningdrone.be\/product\/dji-matrice-400-tb100-intelligent-flight-battery\/"]}]},{"@type":"ImageObject","inLanguage":"es","@id":"https:\/\/koningdrone.be\/product\/dji-matrice-400-tb100-intelligent-flight-battery\/#primaryimage","url":"https:\/\/koningdrone.be\/wp-content\/uploads\/sites\/13\/2026\/03\/DJI-Matrice-400-TB100-Intelligent-Flight-Battery.webp","contentUrl":"https:\/\/koningdrone.be\/wp-content\/uploads\/sites\/13\/2026\/03\/DJI-Matrice-400-TB100-Intelligent-Flight-Battery.webp","width":2048,"height":2048},{"@type":"BreadcrumbList","@id":"https:\/\/koningdrone.be\/product\/dji-matrice-400-tb100-intelligent-flight-battery\/#breadcrumb","itemListElement":[{"@type":"ListItem","position":1,"name":"Home","item":"https:\/\/koningdrone.be\/"},{"@type":"ListItem","position":2,"name":"AVSS Parachute Recovery System for DJI Matrice 300\/350","item":"https:\/\/koningdrone.be\/product\/avss-parachute-recovery-system-for-dji-matrice-300-350\/"},{"@type":"ListItem","position":3,"name":"Alle producten","item":"https:\/\/koningdrone.be\/categorie\/alle-producten\/"},{"@type":"ListItem","position":4,"name":"DJI Matrice 400 TB100 Intelligent Flight Battery"}]},{"@type":"WebSite","@id":"https:\/\/koningdrone.be\/#website","url":"https:\/\/koningdrone.be\/","name":"Koningdrone.be - Su especialista en l\u00ednea en drones, cardanes, c\u00e1maras y centrales el\u00e9ctricas.","description":"La tienda virtual de drones y cardanes","publisher":{"@id":"https:\/\/koningdrone.be\/#organization"},"potentialAction":[{"@type":"SearchAction","target":{"@type":"EntryPoint","urlTemplate":"https:\/\/koningdrone.be\/?s={search_term_string}"},"query-input":{"@type":"PropertyValueSpecification","valueRequired":true,"valueName":"search_term_string"}}],"inLanguage":"es"},{"@type":"Organization","@id":"https:\/\/koningdrone.be\/#organization","name":"Kingdrone.es","url":"https:\/\/koningdrone.be\/","logo":{"@type":"ImageObject","inLanguage":"es","@id":"https:\/\/koningdrone.be\/#\/schema\/logo\/image\/","url":"https:\/\/koningdrone.be\/wp-content\/uploads\/sites\/13\/2025\/04\/koningdrone-copyright-logo.svg","contentUrl":"https:\/\/koningdrone.be\/wp-content\/uploads\/sites\/13\/2025\/04\/koningdrone-copyright-logo.svg","width":227,"height":38,"caption":"Koningdrone.be"},"image":{"@id":"https:\/\/koningdrone.be\/#\/schema\/logo\/image\/"}}]}},"df_price":1515,"df_sale_price":"","df_regular_price":1515,"df_image_link":"https:\/\/koningdrone.be\/wp-content\/uploads\/sites\/13\/2026\/03\/DJI-Matrice-400-TB100-Intelligent-Flight-Battery-300x300.webp","_links":{"self":[{"href":"https:\/\/koningdrone.be\/es\/wp-json\/wp\/v2\/product\/10780","targetHints":{"allow":["GET"]}}],"collection":[{"href":"https:\/\/koningdrone.be\/es\/wp-json\/wp\/v2\/product"}],"about":[{"href":"https:\/\/koningdrone.be\/es\/wp-json\/wp\/v2\/types\/product"}],"wp:featuredmedia":[{"embeddable":true,"href":"https:\/\/koningdrone.be\/es\/wp-json\/wp\/v2\/media\/16958"}],"wp:attachment":[{"href":"https:\/\/koningdrone.be\/es\/wp-json\/wp\/v2\/media?parent=10780"}],"wp:term":[{"taxonomy":"product_brand","embeddable":true,"href":"https:\/\/koningdrone.be\/es\/wp-json\/wp\/v2\/product_brand?post=10780"},{"taxonomy":"product_cat","embeddable":true,"href":"https:\/\/koningdrone.be\/es\/wp-json\/wp\/v2\/product_cat?post=10780"},{"taxonomy":"product_tag","embeddable":true,"href":"https:\/\/koningdrone.be\/es\/wp-json\/wp\/v2\/product_tag?post=10780"}],"curies":[{"name":"wp","href":"https:\/\/api.w.org\/{rel}","templated":true}]}}