{"id":10776,"date":"2025-06-25T16:26:21","date_gmt":"2025-06-25T14:26:21","guid":{"rendered":"https:\/\/koningdrone.be\/product\/dji-dock-3\/"},"modified":"2026-04-29T03:30:42","modified_gmt":"2026-04-29T01:30:42","slug":"dji-dock-3","status":"publish","type":"product","link":"https:\/\/koningdrone.be\/es\/producto\/dji-dock-3\/","title":{"rendered":"DJI Dock 3"},"content":{"rendered":"<h3>DJI Dock 3: la revoluci\u00f3n en operaciones a\u00e9reas aut\u00f3nomas<\/h3>\n<p><iframe loading=\"lazy\" title=\"Presentamos DJI Dock 3: a la altura de cualquier desaf\u00edo\" width=\"800\" height=\"450\" src=\"https:\/\/www.youtube.com\/embed\/OwUwgpqgcMA?feature=oembed&#038;enablejsapi=1&#038;origin=https:\/\/koningdrone.be\" frameborder=\"0\" allow=\"accelerometer; autoplay; clipboard-write; encrypted-media; gyroscope; picture-in-picture; web-share\" referrerpolicy=\"strict-origin-when-cross-origin\" allowfullscreen><\/iframe><\/p>\n<p style=\"margin: 20px 0\">En <strong>DJI Dock 3<\/strong>\u00a0marca un cambio de paradigma en el sector de los drones comerciales. Como sistema \u201cDrone-in-a-Box\u201d totalmente aut\u00f3nomo, el Dock 3 est\u00e1 dise\u00f1ado para eliminar el factor humano in situ y garantizar un despliegue operativo 24\/7. Optimizado para el <strong>DJI Matrice 4D y 4TD<\/strong> serie, este sistema proporciona una infraestructura inigualable para inspecciones a gran escala, vigilancia de fronteras y control industrial, donde la adquisici\u00f3n de datos est\u00e1 totalmente digitalizada y automatizada.<\/p>\n<p><a href=\"https:\/\/koningdrone.nl\/wp-content\/uploads\/2025\/06\/DJI-Dock-3-Overseas-Edition.webp\"><img loading=\"lazy\" decoding=\"async\" class=\"size-full wp-image-466827 aligncenter\" src=\"https:\/\/koningdrone.nl\/wp-content\/uploads\/2025\/06\/DJI-Dock-3-Overseas-Edition.webp\" alt=\"DJI Dock 3 Overseas Edition\" width=\"1200\" height=\"800\" \/><\/a><\/p>\n<h4>Rendimiento e inteligencia operativa sin l\u00edmites<\/h4>\n<p>El DJI Dock 3 act\u00faa como un centro de mando inteligente para misiones no tripuladas. Gracias a la perfecta integraci\u00f3n con <strong>DJI FlightHub 2<\/strong> Se pueden programar y supervisar a distancia complejas v\u00edas de evacuaci\u00f3n y calendarios de inspecci\u00f3n. El sistema est\u00e1 equipado con un <strong>Estaci\u00f3n base RTK<\/strong>, que garantiza aterrizajes y navegaci\u00f3n con precisi\u00f3n centim\u00e9trica, incluso en entornos electromagn\u00e9ticos dif\u00edciles. La tecnolog\u00eda de carga r\u00e1pida minimiza los tiempos de inactividad intermedios, lo que permite a la flota permanecer en el aire casi continuamente para lograr la m\u00e1xima eficiencia.<\/p>\n<h4>Dise\u00f1o indestructible y flexibilidad m\u00f3vil<\/h4>\n<p style=\"margin-bottom: 20px\">Dise\u00f1ado para rendir donde otros se rinden; el DJI Dock 3 cuenta con un <strong>Grado de protecci\u00f3n IP56<\/strong> viviendas capaces de soportar las condiciones clim\u00e1ticas m\u00e1s extremas. Ya sea un calor abrasador a <strong>50\u00b0C<\/strong> o el fr\u00edo \u00e1rtico de <strong>-30\u00b0C<\/strong>, el climatizador interno mantiene el dron y sus componentes electr\u00f3nicos en condiciones \u00f3ptimas. Lo que hace \u00fanico al Dock 3 es su compatibilidad con <strong>montaje de veh\u00edculos<\/strong>, convirtiendo un muelle est\u00e1tico en una base de operaciones m\u00f3vil para operaciones din\u00e1micas en vastas zonas.<\/p>\n<p><a href=\"https:\/\/koningdrone.nl\/wp-content\/uploads\/2025\/06\/Dock-3-Overseas-Edition.webp\"><img loading=\"lazy\" decoding=\"async\" class=\"size-full wp-image-466826 aligncenter\" src=\"https:\/\/koningdrone.nl\/wp-content\/uploads\/2025\/06\/Dock-3-Overseas-Edition.webp\" alt=\"Dock 3 Overseas Edition\" width=\"1200\" height=\"800\" \/><\/a><\/p>\n<h4 style=\"margin-top: 20px\">Por qu\u00e9 el DJI Dock 3 es esencial<\/h4>\n<p>Para las organizaciones que buscan un flujo de trabajo in situ \u201csin personal\u201d, DJI Dock 3 ofrece la soluci\u00f3n definitiva. El sistema reduce dr\u00e1sticamente los costes operativos al minimizar el tiempo del personal y maximizar la coherencia de la recopilaci\u00f3n de datos. En un mundo en el que la informaci\u00f3n en tiempo real es fundamental para la seguridad y el mantenimiento, DJI Dock 3 ofrece la fiabilidad y escalabilidad necesarias para las misiones del futuro.<\/p>","protected":false},"excerpt":{"rendered":"<ul>\n<li>Despegue y aterrizaje autom\u00e1ticos de drones para operaciones continuas 24 horas al d\u00eda, 7 d\u00edas a la semana.<\/li>\n<li>Construcci\u00f3n resistente a la intemperie IP56 para temperaturas y condiciones extremas.<\/li>\n<li>Admite el montaje en veh\u00edculos para un despliegue flexible.<\/li>\n<li>Integraci\u00f3n con DJI FlightHub 2 para la planificaci\u00f3n inteligente de misiones.<\/li>\n<li>Adecuado para los drones Matrice 4D y Matrice 4TD.<\/li>\n<\/ul>","protected":false},"featured_media":16971,"template":"","meta":{"_acf_changed":false},"product_brand":[],"product_cat":[1587,1588,624],"product_tag":[],"class_list":{"0":"post-10776","1":"product","2":"type-product","3":"status-publish","4":"has-post-thumbnail","6":"product_cat-dji-dock","7":"product_cat-dji-dock-3","8":"product_cat-enterprise-accessoires","9":"product_shipping_class-uavspacesall","10":"pa_brand-dji","11":"pa_producttype-drone-dock","12":"pa_series-dock-3","14":"first","15":"instock","16":"taxable","17":"shipping-taxable","18":"purchasable","19":"product-type-simple"},"acf":[],"yoast_head":"<!-- This site is optimized with the Yoast SEO Premium plugin v27.2 (Yoast SEO v27.2) - https:\/\/yoast.com\/product\/yoast-seo-premium-wordpress\/ -->\n<title>DJI Dock 3 - koningdrone.be<\/title>\n<meta name=\"robots\" content=\"index, follow, max-snippet:-1, max-image-preview:large, max-video-preview:-1\" \/>\n<link rel=\"canonical\" href=\"https:\/\/koningdrone.be\/es\/producto\/dji-dock-3\/\" \/>\n<meta property=\"og:locale\" content=\"es_ES\" \/>\n<meta property=\"og:type\" content=\"article\" \/>\n<meta property=\"og:title\" content=\"DJI Dock 3\" \/>\n<meta property=\"og:description\" content=\"Automatische drone\u2011opstart en landing voor continue 24\/7\u2011operaties.  Weerbestendige IP56\u2011constructie voor extreme temperaturen en omstandigheden.  Ondersteunt voertuigmontage voor flexibele inzet.  Integratie met DJI FlightHub 2 voor intelligente missieplanning.  Geschikt voor Matrice 4D en Matrice 4TD enterprise drones.\" \/>\n<meta property=\"og:url\" content=\"https:\/\/koningdrone.be\/es\/producto\/dji-dock-3\/\" \/>\n<meta property=\"og:site_name\" content=\"koningdrone.be\" \/>\n<meta property=\"article:modified_time\" content=\"2026-04-29T01:30:42+00:00\" \/>\n<meta property=\"og:image\" content=\"https:\/\/koningdrone.be\/wp-content\/uploads\/sites\/13\/2026\/03\/DJI-Dock-3-Edition.webp\" \/>\n\t<meta property=\"og:image:width\" content=\"2048\" \/>\n\t<meta property=\"og:image:height\" content=\"2048\" \/>\n\t<meta property=\"og:image:type\" content=\"image\/webp\" \/>\n<meta name=\"twitter:card\" content=\"summary_large_image\" \/>\n<meta name=\"twitter:label1\" content=\"Tiempo de lectura\" \/>\n\t<meta name=\"twitter:data1\" content=\"2 minutos\" \/>\n<script type=\"application\/ld+json\" class=\"yoast-schema-graph\">{\"@context\":\"https:\/\/schema.org\",\"@graph\":[{\"@type\":\"WebPage\",\"@id\":\"https:\/\/koningdrone.be\/product\/dji-dock-3\/\",\"url\":\"https:\/\/koningdrone.be\/product\/dji-dock-3\/\",\"name\":\"DJI Dock 3 - koningdrone.be\",\"isPartOf\":{\"@id\":\"https:\/\/koningdrone.be\/#website\"},\"primaryImageOfPage\":{\"@id\":\"https:\/\/koningdrone.be\/product\/dji-dock-3\/#primaryimage\"},\"image\":{\"@id\":\"https:\/\/koningdrone.be\/product\/dji-dock-3\/#primaryimage\"},\"thumbnailUrl\":\"https:\/\/koningdrone.be\/wp-content\/uploads\/sites\/13\/2026\/03\/DJI-Dock-3-Edition.webp\",\"datePublished\":\"2025-06-25T14:26:21+00:00\",\"dateModified\":\"2026-04-29T01:30:42+00:00\",\"breadcrumb\":{\"@id\":\"https:\/\/koningdrone.be\/product\/dji-dock-3\/#breadcrumb\"},\"inLanguage\":\"es\",\"potentialAction\":[{\"@type\":\"ReadAction\",\"target\":[\"https:\/\/koningdrone.be\/product\/dji-dock-3\/\"]}]},{\"@type\":\"ImageObject\",\"inLanguage\":\"es\",\"@id\":\"https:\/\/koningdrone.be\/product\/dji-dock-3\/#primaryimage\",\"url\":\"https:\/\/koningdrone.be\/wp-content\/uploads\/sites\/13\/2026\/03\/DJI-Dock-3-Edition.webp\",\"contentUrl\":\"https:\/\/koningdrone.be\/wp-content\/uploads\/sites\/13\/2026\/03\/DJI-Dock-3-Edition.webp\",\"width\":2048,\"height\":2048},{\"@type\":\"BreadcrumbList\",\"@id\":\"https:\/\/koningdrone.be\/product\/dji-dock-3\/#breadcrumb\",\"itemListElement\":[{\"@type\":\"ListItem\",\"position\":1,\"name\":\"Home\",\"item\":\"https:\/\/koningdrone.be\/\"},{\"@type\":\"ListItem\",\"position\":2,\"name\":\"AVSS Parachute Recovery System for DJI Matrice 300\/350\",\"item\":\"https:\/\/koningdrone.be\/product\/avss-parachute-recovery-system-for-dji-matrice-300-350\/\"},{\"@type\":\"ListItem\",\"position\":3,\"name\":\"DJI Dock\",\"item\":\"https:\/\/koningdrone.be\/categorie\/dji-dock\/\"},{\"@type\":\"ListItem\",\"position\":4,\"name\":\"DJI Dock 3\"}]},{\"@type\":\"WebSite\",\"@id\":\"https:\/\/koningdrone.be\/#website\",\"url\":\"https:\/\/koningdrone.be\/\",\"name\":\"Koningdrone.be - Uw online specialist in drones, gimbals, camera's en power stations.\",\"description\":\"De webshop in drones en gimbals\",\"publisher\":{\"@id\":\"https:\/\/koningdrone.be\/#organization\"},\"potentialAction\":[{\"@type\":\"SearchAction\",\"target\":{\"@type\":\"EntryPoint\",\"urlTemplate\":\"https:\/\/koningdrone.be\/?s={search_term_string}\"},\"query-input\":{\"@type\":\"PropertyValueSpecification\",\"valueRequired\":true,\"valueName\":\"search_term_string\"}}],\"inLanguage\":\"es\"},{\"@type\":\"Organization\",\"@id\":\"https:\/\/koningdrone.be\/#organization\",\"name\":\"Koningdrone.be\",\"url\":\"https:\/\/koningdrone.be\/\",\"logo\":{\"@type\":\"ImageObject\",\"inLanguage\":\"es\",\"@id\":\"https:\/\/koningdrone.be\/#\/schema\/logo\/image\/\",\"url\":\"https:\/\/koningdrone.be\/wp-content\/uploads\/sites\/13\/2025\/04\/koningdrone-copyright-logo.svg\",\"contentUrl\":\"https:\/\/koningdrone.be\/wp-content\/uploads\/sites\/13\/2025\/04\/koningdrone-copyright-logo.svg\",\"width\":227,\"height\":38,\"caption\":\"Koningdrone.be\"},\"image\":{\"@id\":\"https:\/\/koningdrone.be\/#\/schema\/logo\/image\/\"}}]}<\/script>\n<!-- \/ Yoast SEO Premium plugin. -->","yoast_head_json":{"title":"DJI Dock 3 - koningdrone.be","robots":{"index":"index","follow":"follow","max-snippet":"max-snippet:-1","max-image-preview":"max-image-preview:large","max-video-preview":"max-video-preview:-1"},"canonical":"https:\/\/koningdrone.be\/es\/producto\/dji-dock-3\/","og_locale":"es_ES","og_type":"article","og_title":"DJI Dock 3","og_description":"Automatische drone\u2011opstart en landing voor continue 24\/7\u2011operaties.  Weerbestendige IP56\u2011constructie voor extreme temperaturen en omstandigheden.  Ondersteunt voertuigmontage voor flexibele inzet.  Integratie met DJI FlightHub 2 voor intelligente missieplanning.  Geschikt voor Matrice 4D en Matrice 4TD enterprise drones.","og_url":"https:\/\/koningdrone.be\/es\/producto\/dji-dock-3\/","og_site_name":"koningdrone.be","article_modified_time":"2026-04-29T01:30:42+00:00","og_image":[{"width":2048,"height":2048,"url":"https:\/\/koningdrone.be\/wp-content\/uploads\/sites\/13\/2026\/03\/DJI-Dock-3-Edition.webp","type":"image\/webp"}],"twitter_card":"summary_large_image","twitter_misc":{"Tiempo de lectura":"2 minutos"},"schema":{"@context":"https:\/\/schema.org","@graph":[{"@type":"WebPage","@id":"https:\/\/koningdrone.be\/product\/dji-dock-3\/","url":"https:\/\/koningdrone.be\/product\/dji-dock-3\/","name":"DJI Dock 3 - koningdrone.be","isPartOf":{"@id":"https:\/\/koningdrone.be\/#website"},"primaryImageOfPage":{"@id":"https:\/\/koningdrone.be\/product\/dji-dock-3\/#primaryimage"},"image":{"@id":"https:\/\/koningdrone.be\/product\/dji-dock-3\/#primaryimage"},"thumbnailUrl":"https:\/\/koningdrone.be\/wp-content\/uploads\/sites\/13\/2026\/03\/DJI-Dock-3-Edition.webp","datePublished":"2025-06-25T14:26:21+00:00","dateModified":"2026-04-29T01:30:42+00:00","breadcrumb":{"@id":"https:\/\/koningdrone.be\/product\/dji-dock-3\/#breadcrumb"},"inLanguage":"es","potentialAction":[{"@type":"ReadAction","target":["https:\/\/koningdrone.be\/product\/dji-dock-3\/"]}]},{"@type":"ImageObject","inLanguage":"es","@id":"https:\/\/koningdrone.be\/product\/dji-dock-3\/#primaryimage","url":"https:\/\/koningdrone.be\/wp-content\/uploads\/sites\/13\/2026\/03\/DJI-Dock-3-Edition.webp","contentUrl":"https:\/\/koningdrone.be\/wp-content\/uploads\/sites\/13\/2026\/03\/DJI-Dock-3-Edition.webp","width":2048,"height":2048},{"@type":"BreadcrumbList","@id":"https:\/\/koningdrone.be\/product\/dji-dock-3\/#breadcrumb","itemListElement":[{"@type":"ListItem","position":1,"name":"Home","item":"https:\/\/koningdrone.be\/"},{"@type":"ListItem","position":2,"name":"AVSS Parachute Recovery System for DJI Matrice 300\/350","item":"https:\/\/koningdrone.be\/product\/avss-parachute-recovery-system-for-dji-matrice-300-350\/"},{"@type":"ListItem","position":3,"name":"DJI Dock","item":"https:\/\/koningdrone.be\/categorie\/dji-dock\/"},{"@type":"ListItem","position":4,"name":"DJI Dock 3"}]},{"@type":"WebSite","@id":"https:\/\/koningdrone.be\/#website","url":"https:\/\/koningdrone.be\/","name":"Koningdrone.be - Su especialista en l\u00ednea en drones, cardanes, c\u00e1maras y centrales el\u00e9ctricas.","description":"La tienda virtual de drones y cardanes","publisher":{"@id":"https:\/\/koningdrone.be\/#organization"},"potentialAction":[{"@type":"SearchAction","target":{"@type":"EntryPoint","urlTemplate":"https:\/\/koningdrone.be\/?s={search_term_string}"},"query-input":{"@type":"PropertyValueSpecification","valueRequired":true,"valueName":"search_term_string"}}],"inLanguage":"es"},{"@type":"Organization","@id":"https:\/\/koningdrone.be\/#organization","name":"Kingdrone.es","url":"https:\/\/koningdrone.be\/","logo":{"@type":"ImageObject","inLanguage":"es","@id":"https:\/\/koningdrone.be\/#\/schema\/logo\/image\/","url":"https:\/\/koningdrone.be\/wp-content\/uploads\/sites\/13\/2025\/04\/koningdrone-copyright-logo.svg","contentUrl":"https:\/\/koningdrone.be\/wp-content\/uploads\/sites\/13\/2025\/04\/koningdrone-copyright-logo.svg","width":227,"height":38,"caption":"Koningdrone.be"},"image":{"@id":"https:\/\/koningdrone.be\/#\/schema\/logo\/image\/"}}]}},"df_price":11445,"df_sale_price":"","df_regular_price":11445,"df_image_link":"https:\/\/koningdrone.be\/wp-content\/uploads\/sites\/13\/2026\/03\/DJI-Dock-3-Edition-300x300.webp","_links":{"self":[{"href":"https:\/\/koningdrone.be\/es\/wp-json\/wp\/v2\/product\/10776","targetHints":{"allow":["GET"]}}],"collection":[{"href":"https:\/\/koningdrone.be\/es\/wp-json\/wp\/v2\/product"}],"about":[{"href":"https:\/\/koningdrone.be\/es\/wp-json\/wp\/v2\/types\/product"}],"wp:featuredmedia":[{"embeddable":true,"href":"https:\/\/koningdrone.be\/es\/wp-json\/wp\/v2\/media\/16971"}],"wp:attachment":[{"href":"https:\/\/koningdrone.be\/es\/wp-json\/wp\/v2\/media?parent=10776"}],"wp:term":[{"taxonomy":"product_brand","embeddable":true,"href":"https:\/\/koningdrone.be\/es\/wp-json\/wp\/v2\/product_brand?post=10776"},{"taxonomy":"product_cat","embeddable":true,"href":"https:\/\/koningdrone.be\/es\/wp-json\/wp\/v2\/product_cat?post=10776"},{"taxonomy":"product_tag","embeddable":true,"href":"https:\/\/koningdrone.be\/es\/wp-json\/wp\/v2\/product_tag?post=10776"}],"curies":[{"name":"wp","href":"https:\/\/api.w.org\/{rel}","templated":true}]}}