{"id":10773,"date":"2025-06-25T16:26:21","date_gmt":"2025-06-25T14:26:21","guid":{"rendered":"https:\/\/koningdrone.be\/product\/dji-matrice-4d-series-240w-charging-hub\/"},"modified":"2026-04-29T03:30:48","modified_gmt":"2026-04-29T01:30:48","slug":"dji-matrice-4d-series-240w-charging-hub","status":"publish","type":"product","link":"https:\/\/koningdrone.be\/es\/producto\/dji-matrice-4d-series-240w-charging-hub\/","title":{"rendered":"Hub de carga DJI Matrice Serie 4D 240W"},"content":{"rendered":"<h3>Hub de carga DJI Matrice Serie 4D 240W<\/h3>\n<p><iframe loading=\"lazy\" title=\"DJI Matrice Serie 4D\uff5cPrimer uso\" width=\"800\" height=\"450\" src=\"https:\/\/www.youtube.com\/embed\/LldOiJmq6pA?start=1&#038;feature=oembed&#038;enablejsapi=1&#038;origin=https:\/\/koningdrone.be\" frameborder=\"0\" allow=\"accelerometer; autoplay; clipboard-write; encrypted-media; gyroscope; picture-in-picture; web-share\" referrerpolicy=\"strict-origin-when-cross-origin\" allowfullscreen><\/iframe><\/p>\n<p style=\"margin: 20px 0\">El Hub de Carga DJI Matrice Serie 4D 240W es una soluci\u00f3n de carga profesional dise\u00f1ada espec\u00edficamente para las bater\u00edas de vuelo inteligente Matrice Serie 4D. Este concentrador de carga compacto permite a los operadores gestionar y cargar de forma eficiente varias bater\u00edas durante las operaciones con drones. El sistema permite conectar hasta tres bater\u00edas simult\u00e1neamente, tras lo cual se cargan autom\u00e1ticamente en el orden m\u00e1s eficiente. Esto lo convierte en una herramienta esencial para los equipos que trabajan con drones profesionales en aplicaciones de inspecci\u00f3n, cartograf\u00eda, seguridad e industriales.<\/p>\n<p><a href=\"https:\/\/koningdrone.nl\/wp-content\/uploads\/2026\/03\/DJI-Matrice-4D-Series-240W-Charging-Hub.jpg\"><img loading=\"lazy\" decoding=\"async\" class=\"aligncenter wp-image-467590 size-full\" src=\"https:\/\/koningdrone.nl\/wp-content\/uploads\/2026\/03\/DJI-Matrice-4D-Series-240W-Charging-Hub.jpg\" alt=\"DJI Matrice 4D Series 240W Charging Hub\" width=\"1200\" height=\"800\" \/><\/a><\/p>\n<h4>Rendimiento y funcionalidad<\/h4>\n<p>El concentrador de carga admite funciones inteligentes de gesti\u00f3n de la energ\u00eda y carga secuencialmente las bater\u00edas desde el nivel de carga m\u00e1s alto al m\u00e1s bajo. Esto maximiza la eficiencia del proceso de carga y permite a los operadores volver al aire m\u00e1s r\u00e1pidamente. El concentrador ofrece dos modos de carga: <strong>Modo est\u00e1ndar<\/strong>, cargando cada bater\u00eda completamente hasta 100%, y <strong>Modo listo para volar<\/strong>, cargando las bater\u00edas a aproximadamente 90% para que permanezcan desplegables al instante en misiones de alta velocidad. Combinado con el adaptador de corriente DJI 240W o una fuente de alimentaci\u00f3n compatible, el sistema proporciona una soluci\u00f3n de carga estable y fiable para operaciones profesionales con drones.<\/p>\n<h4>Calidad de construcci\u00f3n y dise\u00f1o<\/h4>\n<p>El concentrador est\u00e1 dise\u00f1ado con una construcci\u00f3n compacta y robusta adecuada tanto para su uso sobre el terreno como en talleres. La electr\u00f3nica inteligente y la interfaz de bater\u00eda segura protegen las bater\u00edas de sobretensiones, sobrecalentamientos y otros riesgos el\u00e9ctricos. Su dise\u00f1o ligero facilita el transporte, mientras que los resistentes puertos de conexi\u00f3n garantizan una conexi\u00f3n fiable a las bater\u00edas y accesorios de la serie Matrice 4D.<\/p>\n<h4>Por qu\u00e9 lo necesita<\/h4>\n<p>Para los operadores de drones que trabajan con la serie Matrice 4D, el Hub de Carga DJI 240W es una herramienta indispensable para gestionar eficientemente m\u00faltiples bater\u00edas. Mediante modos de carga inteligentes y una gesti\u00f3n optimizada de la energ\u00eda, el hub minimiza los tiempos de espera entre vuelos y garantiza que las bater\u00edas est\u00e9n siempre listas para la siguiente misi\u00f3n.<\/p>","protected":false},"excerpt":{"rendered":"<ul>\n<li>Carga hasta tres bater\u00edas Matrice 4D a trav\u00e9s de un concentrador<\/li>\n<li>Tecnolog\u00eda de carga secuencial inteligente para una gesti\u00f3n m\u00e1s eficiente de la energ\u00eda<\/li>\n<li>Admite el modo est\u00e1ndar (100%) y el modo listo para volar (90%)<\/li>\n<li>Funciona con el adaptador de corriente DJI 240W o DJI Power 1000<\/li>\n<li>Dise\u00f1o compacto ideal para operaciones profesionales con drones<\/li>\n<\/ul>","protected":false},"featured_media":17286,"template":"","meta":{"_acf_changed":false},"product_brand":[],"product_cat":[1732],"product_tag":[],"class_list":{"0":"post-10773","1":"product","2":"type-product","3":"status-publish","4":"has-post-thumbnail","6":"product_cat-dji-matrice-4d","7":"product_shipping_class-uavspacesall","8":"pa_brand-dji","9":"pa_producttype-acculader","10":"pa_series-matrice","12":"first","13":"instock","14":"taxable","15":"shipping-taxable","16":"purchasable","17":"product-type-simple"},"acf":[],"yoast_head":"<!-- This site is optimized with the Yoast SEO Premium plugin v27.2 (Yoast SEO v27.2) - https:\/\/yoast.com\/product\/yoast-seo-premium-wordpress\/ -->\n<title>DJI Matrice 4D Series 240W Charging Hub - koningdrone.be<\/title>\n<meta name=\"robots\" content=\"index, follow, max-snippet:-1, max-image-preview:large, max-video-preview:-1\" \/>\n<link rel=\"canonical\" href=\"https:\/\/koningdrone.be\/es\/producto\/dji-matrice-4d-series-240w-charging-hub\/\" \/>\n<meta property=\"og:locale\" content=\"es_ES\" \/>\n<meta property=\"og:type\" content=\"article\" \/>\n<meta property=\"og:title\" content=\"DJI Matrice 4D Series 240W Charging Hub\" \/>\n<meta property=\"og:description\" content=\"Laadt tot drie Matrice 4D batterijen via \u00e9\u00e9n hub  Intelligente sequenti\u00eble laadtechnologie voor effici\u00ebnter energiebeheer  Ondersteunt Standard Mode (100%) en Ready-to-Fly Mode (90%)  Werkt met DJI 240W Power Adapter of DJI Power 1000  Compact ontwerp ideaal voor professionele drone-operaties\" \/>\n<meta property=\"og:url\" content=\"https:\/\/koningdrone.be\/es\/producto\/dji-matrice-4d-series-240w-charging-hub\/\" \/>\n<meta property=\"og:site_name\" content=\"koningdrone.be\" \/>\n<meta property=\"article:modified_time\" content=\"2026-04-29T01:30:48+00:00\" \/>\n<meta property=\"og:image\" content=\"https:\/\/koningdrone.be\/wp-content\/uploads\/sites\/13\/2026\/03\/DJI-Matrice-4D-Series-240W-Charging-Hub-Product.webp\" \/>\n\t<meta property=\"og:image:width\" content=\"2048\" \/>\n\t<meta property=\"og:image:height\" content=\"2048\" \/>\n\t<meta property=\"og:image:type\" content=\"image\/webp\" \/>\n<meta name=\"twitter:card\" content=\"summary_large_image\" \/>\n<meta name=\"twitter:label1\" content=\"Tiempo de lectura\" \/>\n\t<meta name=\"twitter:data1\" content=\"2 minutos\" \/>\n<script type=\"application\/ld+json\" class=\"yoast-schema-graph\">{\"@context\":\"https:\/\/schema.org\",\"@graph\":[{\"@type\":\"WebPage\",\"@id\":\"https:\/\/koningdrone.be\/product\/dji-matrice-4d-series-240w-charging-hub\/\",\"url\":\"https:\/\/koningdrone.be\/product\/dji-matrice-4d-series-240w-charging-hub\/\",\"name\":\"DJI Matrice 4D Series 240W Charging Hub - koningdrone.be\",\"isPartOf\":{\"@id\":\"https:\/\/koningdrone.be\/#website\"},\"primaryImageOfPage\":{\"@id\":\"https:\/\/koningdrone.be\/product\/dji-matrice-4d-series-240w-charging-hub\/#primaryimage\"},\"image\":{\"@id\":\"https:\/\/koningdrone.be\/product\/dji-matrice-4d-series-240w-charging-hub\/#primaryimage\"},\"thumbnailUrl\":\"https:\/\/koningdrone.be\/wp-content\/uploads\/sites\/13\/2026\/03\/DJI-Matrice-4D-Series-240W-Charging-Hub-Product.webp\",\"datePublished\":\"2025-06-25T14:26:21+00:00\",\"dateModified\":\"2026-04-29T01:30:48+00:00\",\"breadcrumb\":{\"@id\":\"https:\/\/koningdrone.be\/product\/dji-matrice-4d-series-240w-charging-hub\/#breadcrumb\"},\"inLanguage\":\"es\",\"potentialAction\":[{\"@type\":\"ReadAction\",\"target\":[\"https:\/\/koningdrone.be\/product\/dji-matrice-4d-series-240w-charging-hub\/\"]}]},{\"@type\":\"ImageObject\",\"inLanguage\":\"es\",\"@id\":\"https:\/\/koningdrone.be\/product\/dji-matrice-4d-series-240w-charging-hub\/#primaryimage\",\"url\":\"https:\/\/koningdrone.be\/wp-content\/uploads\/sites\/13\/2026\/03\/DJI-Matrice-4D-Series-240W-Charging-Hub-Product.webp\",\"contentUrl\":\"https:\/\/koningdrone.be\/wp-content\/uploads\/sites\/13\/2026\/03\/DJI-Matrice-4D-Series-240W-Charging-Hub-Product.webp\",\"width\":2048,\"height\":2048},{\"@type\":\"BreadcrumbList\",\"@id\":\"https:\/\/koningdrone.be\/product\/dji-matrice-4d-series-240w-charging-hub\/#breadcrumb\",\"itemListElement\":[{\"@type\":\"ListItem\",\"position\":1,\"name\":\"Home\",\"item\":\"https:\/\/koningdrone.be\/\"},{\"@type\":\"ListItem\",\"position\":2,\"name\":\"AVSS Parachute Recovery System for DJI Matrice 300\/350\",\"item\":\"https:\/\/koningdrone.be\/product\/avss-parachute-recovery-system-for-dji-matrice-300-350\/\"},{\"@type\":\"ListItem\",\"position\":3,\"name\":\"DJI Matrice 4D\",\"item\":\"https:\/\/koningdrone.be\/categorie\/dji-matrice-4d\/\"},{\"@type\":\"ListItem\",\"position\":4,\"name\":\"DJI Matrice 4D Series 240W Charging Hub\"}]},{\"@type\":\"WebSite\",\"@id\":\"https:\/\/koningdrone.be\/#website\",\"url\":\"https:\/\/koningdrone.be\/\",\"name\":\"Koningdrone.be - Uw online specialist in drones, gimbals, camera's en power stations.\",\"description\":\"De webshop in drones en gimbals\",\"publisher\":{\"@id\":\"https:\/\/koningdrone.be\/#organization\"},\"potentialAction\":[{\"@type\":\"SearchAction\",\"target\":{\"@type\":\"EntryPoint\",\"urlTemplate\":\"https:\/\/koningdrone.be\/?s={search_term_string}\"},\"query-input\":{\"@type\":\"PropertyValueSpecification\",\"valueRequired\":true,\"valueName\":\"search_term_string\"}}],\"inLanguage\":\"es\"},{\"@type\":\"Organization\",\"@id\":\"https:\/\/koningdrone.be\/#organization\",\"name\":\"Koningdrone.be\",\"url\":\"https:\/\/koningdrone.be\/\",\"logo\":{\"@type\":\"ImageObject\",\"inLanguage\":\"es\",\"@id\":\"https:\/\/koningdrone.be\/#\/schema\/logo\/image\/\",\"url\":\"https:\/\/koningdrone.be\/wp-content\/uploads\/sites\/13\/2025\/04\/koningdrone-copyright-logo.svg\",\"contentUrl\":\"https:\/\/koningdrone.be\/wp-content\/uploads\/sites\/13\/2025\/04\/koningdrone-copyright-logo.svg\",\"width\":227,\"height\":38,\"caption\":\"Koningdrone.be\"},\"image\":{\"@id\":\"https:\/\/koningdrone.be\/#\/schema\/logo\/image\/\"}}]}<\/script>\n<!-- \/ Yoast SEO Premium plugin. -->","yoast_head_json":{"title":"DJI Matrice 4D Series 240W Charging Hub - koningdrone.be","robots":{"index":"index","follow":"follow","max-snippet":"max-snippet:-1","max-image-preview":"max-image-preview:large","max-video-preview":"max-video-preview:-1"},"canonical":"https:\/\/koningdrone.be\/es\/producto\/dji-matrice-4d-series-240w-charging-hub\/","og_locale":"es_ES","og_type":"article","og_title":"DJI Matrice 4D Series 240W Charging Hub","og_description":"Laadt tot drie Matrice 4D batterijen via \u00e9\u00e9n hub  Intelligente sequenti\u00eble laadtechnologie voor effici\u00ebnter energiebeheer  Ondersteunt Standard Mode (100%) en Ready-to-Fly Mode (90%)  Werkt met DJI 240W Power Adapter of DJI Power 1000  Compact ontwerp ideaal voor professionele drone-operaties","og_url":"https:\/\/koningdrone.be\/es\/producto\/dji-matrice-4d-series-240w-charging-hub\/","og_site_name":"koningdrone.be","article_modified_time":"2026-04-29T01:30:48+00:00","og_image":[{"width":2048,"height":2048,"url":"https:\/\/koningdrone.be\/wp-content\/uploads\/sites\/13\/2026\/03\/DJI-Matrice-4D-Series-240W-Charging-Hub-Product.webp","type":"image\/webp"}],"twitter_card":"summary_large_image","twitter_misc":{"Tiempo de lectura":"2 minutos"},"schema":{"@context":"https:\/\/schema.org","@graph":[{"@type":"WebPage","@id":"https:\/\/koningdrone.be\/product\/dji-matrice-4d-series-240w-charging-hub\/","url":"https:\/\/koningdrone.be\/product\/dji-matrice-4d-series-240w-charging-hub\/","name":"DJI Matrice 4D Series 240W Charging Hub - koningdrone.be","isPartOf":{"@id":"https:\/\/koningdrone.be\/#website"},"primaryImageOfPage":{"@id":"https:\/\/koningdrone.be\/product\/dji-matrice-4d-series-240w-charging-hub\/#primaryimage"},"image":{"@id":"https:\/\/koningdrone.be\/product\/dji-matrice-4d-series-240w-charging-hub\/#primaryimage"},"thumbnailUrl":"https:\/\/koningdrone.be\/wp-content\/uploads\/sites\/13\/2026\/03\/DJI-Matrice-4D-Series-240W-Charging-Hub-Product.webp","datePublished":"2025-06-25T14:26:21+00:00","dateModified":"2026-04-29T01:30:48+00:00","breadcrumb":{"@id":"https:\/\/koningdrone.be\/product\/dji-matrice-4d-series-240w-charging-hub\/#breadcrumb"},"inLanguage":"es","potentialAction":[{"@type":"ReadAction","target":["https:\/\/koningdrone.be\/product\/dji-matrice-4d-series-240w-charging-hub\/"]}]},{"@type":"ImageObject","inLanguage":"es","@id":"https:\/\/koningdrone.be\/product\/dji-matrice-4d-series-240w-charging-hub\/#primaryimage","url":"https:\/\/koningdrone.be\/wp-content\/uploads\/sites\/13\/2026\/03\/DJI-Matrice-4D-Series-240W-Charging-Hub-Product.webp","contentUrl":"https:\/\/koningdrone.be\/wp-content\/uploads\/sites\/13\/2026\/03\/DJI-Matrice-4D-Series-240W-Charging-Hub-Product.webp","width":2048,"height":2048},{"@type":"BreadcrumbList","@id":"https:\/\/koningdrone.be\/product\/dji-matrice-4d-series-240w-charging-hub\/#breadcrumb","itemListElement":[{"@type":"ListItem","position":1,"name":"Home","item":"https:\/\/koningdrone.be\/"},{"@type":"ListItem","position":2,"name":"AVSS Parachute Recovery System for DJI Matrice 300\/350","item":"https:\/\/koningdrone.be\/product\/avss-parachute-recovery-system-for-dji-matrice-300-350\/"},{"@type":"ListItem","position":3,"name":"DJI Matrice 4D","item":"https:\/\/koningdrone.be\/categorie\/dji-matrice-4d\/"},{"@type":"ListItem","position":4,"name":"DJI Matrice 4D Series 240W Charging Hub"}]},{"@type":"WebSite","@id":"https:\/\/koningdrone.be\/#website","url":"https:\/\/koningdrone.be\/","name":"Koningdrone.be - Su especialista en l\u00ednea en drones, cardanes, c\u00e1maras y centrales el\u00e9ctricas.","description":"La tienda virtual de drones y cardanes","publisher":{"@id":"https:\/\/koningdrone.be\/#organization"},"potentialAction":[{"@type":"SearchAction","target":{"@type":"EntryPoint","urlTemplate":"https:\/\/koningdrone.be\/?s={search_term_string}"},"query-input":{"@type":"PropertyValueSpecification","valueRequired":true,"valueName":"search_term_string"}}],"inLanguage":"es"},{"@type":"Organization","@id":"https:\/\/koningdrone.be\/#organization","name":"Kingdrone.es","url":"https:\/\/koningdrone.be\/","logo":{"@type":"ImageObject","inLanguage":"es","@id":"https:\/\/koningdrone.be\/#\/schema\/logo\/image\/","url":"https:\/\/koningdrone.be\/wp-content\/uploads\/sites\/13\/2025\/04\/koningdrone-copyright-logo.svg","contentUrl":"https:\/\/koningdrone.be\/wp-content\/uploads\/sites\/13\/2025\/04\/koningdrone-copyright-logo.svg","width":227,"height":38,"caption":"Koningdrone.be"},"image":{"@id":"https:\/\/koningdrone.be\/#\/schema\/logo\/image\/"}}]}},"df_price":89,"df_sale_price":"","df_regular_price":89,"df_image_link":"https:\/\/koningdrone.be\/wp-content\/uploads\/sites\/13\/2026\/03\/DJI-Matrice-4D-Series-240W-Charging-Hub-Product-300x300.webp","_links":{"self":[{"href":"https:\/\/koningdrone.be\/es\/wp-json\/wp\/v2\/product\/10773","targetHints":{"allow":["GET"]}}],"collection":[{"href":"https:\/\/koningdrone.be\/es\/wp-json\/wp\/v2\/product"}],"about":[{"href":"https:\/\/koningdrone.be\/es\/wp-json\/wp\/v2\/types\/product"}],"wp:featuredmedia":[{"embeddable":true,"href":"https:\/\/koningdrone.be\/es\/wp-json\/wp\/v2\/media\/17286"}],"wp:attachment":[{"href":"https:\/\/koningdrone.be\/es\/wp-json\/wp\/v2\/media?parent=10773"}],"wp:term":[{"taxonomy":"product_brand","embeddable":true,"href":"https:\/\/koningdrone.be\/es\/wp-json\/wp\/v2\/product_brand?post=10773"},{"taxonomy":"product_cat","embeddable":true,"href":"https:\/\/koningdrone.be\/es\/wp-json\/wp\/v2\/product_cat?post=10773"},{"taxonomy":"product_tag","embeddable":true,"href":"https:\/\/koningdrone.be\/es\/wp-json\/wp\/v2\/product_tag?post=10773"}],"curies":[{"name":"wp","href":"https:\/\/api.w.org\/{rel}","templated":true}]}}