{"id":10770,"date":"2025-06-25T16:26:21","date_gmt":"2025-06-25T14:26:21","guid":{"rendered":"https:\/\/koningdrone.be\/product\/dji-matrice-400\/"},"modified":"2026-04-29T03:30:34","modified_gmt":"2026-04-29T01:30:34","slug":"dji-matrice-400","status":"publish","type":"product","link":"https:\/\/koningdrone.be\/es\/producto\/dji-matrice-400\/","title":{"rendered":"DJI Matrice 400"},"content":{"rendered":"<h3>DJI Matrice 400 - Fuerza empresarial en el aire<\/h3>\n<p><iframe loading=\"lazy\" title=\"DJI Matrice 400: Todo lo que necesitas saber\" width=\"800\" height=\"450\" src=\"https:\/\/www.youtube.com\/embed\/Cc7UMhmshpI?feature=oembed&#038;enablejsapi=1&#038;origin=https:\/\/koningdrone.be\" frameborder=\"0\" allow=\"accelerometer; autoplay; clipboard-write; encrypted-media; gyroscope; picture-in-picture; web-share\" referrerpolicy=\"strict-origin-when-cross-origin\" allowfullscreen><\/iframe><\/p>\n<p style=\"margin: 20px 0\">En <strong>DJI Matrice 400<\/strong> est\u00e1 dise\u00f1ado para profesionales y ofrece una resistencia, capacidad de carga pesada y fiabilidad industrial inigualables. Desde inspecciones de l\u00edneas de alta tensi\u00f3n hasta b\u00fasqueda y rescate, cartograf\u00eda y operaciones en alta mar, este dron rinde cuando realmente importa.<\/p>\n<h4>Mayor tiempo de vuelo y alta velocidad<\/h4>\n<ul>\n<li><strong>Hasta 59 minutos de vuelo:<\/strong> Cubra grandes \u00e1reas, misiones de l\u00ednea y observaci\u00f3n de incendios forestales en una sola sesi\u00f3n de bater\u00eda.<\/li>\n<li><strong>Crucero a 25 m\/s (~56 mph):<\/strong> Reduzca los tiempos de desplazamiento y aumente la eficacia de cada misi\u00f3n.<\/li>\n<li><strong>Bater\u00edas inteligentes TB100:<\/strong> Autocalentamiento por debajo de 10 \u00b0C, hasta 400 ciclos, carga completa en s\u00f3lo 45 minutos.<\/li>\n<\/ul>\n<p><a href=\"https:\/\/koningdrone.nl\/wp-content\/uploads\/2025\/06\/DJI-Matrice-400-1.webp\"><img loading=\"lazy\" decoding=\"async\" class=\"aligncenter wp-image-466783 size-full\" style=\"margin: 20px 0\" src=\"https:\/\/koningdrone.nl\/wp-content\/uploads\/2025\/06\/DJI-Matrice-400-1.webp\" alt=\"DJI Matrice 400\" width=\"1925\" height=\"1155\" \/><\/a><\/p>\n<h4>Elevada carga \u00fatil y flexibilidad multiescena<\/h4>\n<ul>\n<li><strong>M\u00e1ximo 6 kg de carga \u00fatil:<\/strong> Vuele hasta siete cargas \u00fatiles simult\u00e1neamente mediante cuatro conectores E-Port V2, dos cardanes descendentes y un tercer card\u00e1n suspendido.<\/li>\n<li><strong>Cargas \u00fatiles compatibles:<br \/>\n<\/strong><\/li>\n<\/ul>\n<ul>\n<li style=\"list-style-type: none\">\n<ul>\n<li><strong>Serie Zenmuse H30:<\/strong> Pantalla panor\u00e1mica, zoom, t\u00e9rmica, tel\u00e9metro, NIR: ideal para operaciones diurnas y nocturnas.<\/li>\n<li><b>Zenmuse L3 LiDAR:<\/b><span style=\"font-weight: 400\"> Un revolucionario sistema LiDAR de 2.000.000 pts\/s con c\u00e1maras duales RGB de 100 MP para una cartograf\u00eda ultradetallada y de precisi\u00f3n centim\u00e9trica y una penetraci\u00f3n superior a trav\u00e9s de la vegetaci\u00f3n.<\/span><\/li>\n<li><strong>Fotogrametr\u00eda Zenmuse P1:<\/strong> Im\u00e1genes Full-frame de 45 MP a 0,7 s para topograf\u00eda y modelado 3D.<\/li>\n<li><strong>Foco Zenmuse S1 y Altavoz V1:<\/strong> Potente iluminaci\u00f3n de 32 W y megafon\u00eda de 114 dB para operaciones y comunicaciones nocturnas.<\/li>\n<li><strong>Colector 3 Ordenador:<\/strong> IA a bordo para una autonom\u00eda avanzada y procesamiento en tiempo real.<\/li>\n<\/ul>\n<\/li>\n<\/ul>\n<p><a href=\"https:\/\/koningdrone.nl\/wp-content\/uploads\/2025\/06\/Matrice-400-DJI.webp\"><img loading=\"lazy\" decoding=\"async\" class=\"aligncenter wp-image-466702 size-medium\" src=\"https:\/\/koningdrone.nl\/wp-content\/uploads\/2025\/06\/Matrice-400-DJI-300x300.webp\" alt=\"Matrice 400 DJI\" width=\"300\" height=\"300\" \/><\/a><\/p>\n<h4>Seguridad y fiabilidad en cualquier entorno<\/h4>\n<ul>\n<li><strong>IP55 Resistente a la intemperie:<\/strong> Llueva, haya polvo o niebla, la M400 sigue funcionando. Funciona entre -20 \u00b0C y 50 \u00b0C.<\/li>\n<li><strong>Detecci\u00f3n de obst\u00e1culos de tres capas:<\/strong> El LiDAR giratorio, el radar de ondas milim\u00e9tricas y la visi\u00f3n a todo color con poca luz detectan obst\u00e1culos de tan solo 21,6 mm, incluso en la oscuridad total.<\/li>\n<li><strong>Retransmisi\u00f3n a\u00e9rea y transmisi\u00f3n de v\u00eddeo:<\/strong> O4 Enterprise Enhanced transmite 1080p\/60fps hasta 40 km, con doble 4G y fallback sub-2 GHz para se\u00f1ales dif\u00edciles.<\/li>\n<\/ul>\n<h4>Vuelos inteligentes y eficiencia operativa<\/h4>\n<ul>\n<li><strong>Seguimiento inteligente y misiones autom\u00e1ticas:<\/strong> \u00d3rbita autom\u00e1tica, crucero y PDI para el seguimiento continuo de objetivos.<\/li>\n<li><strong>Seguimiento del terreno en tiempo real:<\/strong> Mantenga una altitud constante en pendientes o terrenos irregulares para SAR, fotogrametr\u00eda y gesti\u00f3n forestal.<\/li>\n<li><strong>Despegue y aterrizaje de buques:<\/strong> Reconocimiento de patrones de cubierta para operaciones seguras en buques de hasta 10 nudos.<\/li>\n<li><strong>Superposiciones AR:<\/strong> Marque las l\u00edneas el\u00e9ctricas, los edificios y los puntos importantes para reducir la carga de trabajo del piloto.<\/li>\n<\/ul>\n<p><a href=\"https:\/\/koningdrone.nl\/wp-content\/uploads\/2025\/06\/DJI-Matrice-400-drone.webp\"><img loading=\"lazy\" decoding=\"async\" class=\"aligncenter wp-image-466701 size-medium\" src=\"https:\/\/koningdrone.nl\/wp-content\/uploads\/2025\/06\/DJI-Matrice-400-drone-300x300.webp\" alt=\"DJI Matrice 400 drone\" width=\"300\" height=\"300\" \/><\/a><\/p>\n<h4>Ecosistema completo de accesorios<\/h4>\n<ul>\n<li><strong>DJI RC Plus 2 Enterprise Mejorado:<\/strong> Pantalla t\u00e1ctil de 7,02\u201d y 1400 nits, IP54, preparada para sub-2 GHz.<\/li>\n<li><strong>Estaci\u00f3n de bater\u00edas BS100:<\/strong> Carga tres bater\u00edas TB100 en 45 minutos, silenciosa como un susurro con 36 dB.<\/li>\n<li><strong>Estaci\u00f3n multifunci\u00f3n D-RTK 3:<\/strong> Base, rover o rel\u00e9; precisi\u00f3n centim\u00e9trica para varios drones.<\/li>\n<li><strong>Bater\u00eda anclada TB100C:<\/strong> Alimentaci\u00f3n 24\/7 para iluminaci\u00f3n de larga duraci\u00f3n o comunicaci\u00f3n en malla LTE.<\/li>\n<\/ul>\n<h4>Software y herramientas para desarrolladores<\/h4>\n<ul>\n<li><strong>DJI FlightHub 2:<\/strong> Gesti\u00f3n de flotas basada en la nube, multialimentaci\u00f3n en directo y control de vuelo remoto.<\/li>\n<li><strong>DJI Terra:<\/strong> Reconstrucci\u00f3n 2D\/3D r\u00e1pida a partir de RGB o LiDAR.<\/li>\n<li><strong>DJI Modificar:<\/strong> Limpieza de mallas y nubes de puntos asistida por IA para BIM y entregables as-built.<\/li>\n<li><strong>Ecosistema abierto de desarrolladores:<\/strong> PSDK 2.0, MSDK 5, Manifold 3 Integraci\u00f3n de IA y datos LiDAR\/radar sin procesar para an\u00e1lisis personalizados.<\/li>\n<\/ul>\n<p><a href=\"https:\/\/koningdrone.nl\/wp-content\/uploads\/2025\/06\/Matrice-400-DJI-drone.webp\"><img loading=\"lazy\" decoding=\"async\" class=\"aligncenter wp-image-466700 size-medium\" src=\"https:\/\/koningdrone.nl\/wp-content\/uploads\/2025\/06\/Matrice-400-DJI-drone-300x300.webp\" alt=\"Matrice 400 DJI drone\" width=\"300\" height=\"300\" \/><\/a><\/p>\n<h4>Por qu\u00e9 los profesionales eligen el DJI Matrice 400<\/h4>\n<p style=\"margin-bottom: 20px\">El Matrice 400 es m\u00e1s que un dron; es una soluci\u00f3n a\u00e9rea completa. Con la confianza de top\u00f3grafos, servicios de emergencia, ingenieros industriales y profesionales de la cartograf\u00eda, ofrece <strong>versatilidad, fiabilidad e inteligencia inigualables<\/strong>. Ya sea de d\u00eda o de noche, llueva o haga sol, en el interior o en alta mar, el M400 le permite <strong>cubrir m\u00e1s terreno en menos vuelos<\/strong>.<\/p>\n<p><iframe loading=\"lazy\" title=\"Este es DJI Matrice 400\" width=\"800\" height=\"450\" src=\"https:\/\/www.youtube.com\/embed\/3UrKq7xj7TI?feature=oembed\" frameborder=\"0\" allow=\"accelerometer; autoplay; clipboard-write; encrypted-media; gyroscope; picture-in-picture; web-share\" referrerpolicy=\"strict-origin-when-cross-origin\" allowfullscreen><\/iframe><\/p>","protected":false},"excerpt":{"rendered":"<ul>\n<li>Hasta 59 minutos de tiempo de vuelo real, incluso con carga.<\/li>\n<li>Carga \u00fatil m\u00e1xima de 6 kg con soporte para hasta siete sensores o herramientas montados.<\/li>\n<li>Detecci\u00f3n avanzada de obst\u00e1culos mediante LiDAR rotativo, radar de ondas milim\u00e9tricas y sistemas de visi\u00f3n.<\/li>\n<li>Transmisi\u00f3n de v\u00eddeo a largas distancias de hasta 40 km con el sistema O4 Enterprise Enhanced.<\/li>\n<li>Dise\u00f1o robusto IP55 y amplio rango de temperaturas para un funcionamiento fiable en entornos exigentes.<\/li>\n<\/ul>","protected":false},"featured_media":16954,"template":"","meta":{"_acf_changed":false},"product_brand":[],"product_cat":[135,1416,675,1583,100,101],"product_tag":[],"class_list":{"0":"post-10770","1":"product","2":"type-product","3":"status-publish","4":"has-post-thumbnail","6":"product_cat-alle-drones","7":"product_cat-alle-enterprise-drones","8":"product_cat-dji-enterprise-drones","9":"product_cat-dji-matrice-400","10":"product_cat-enterprise-drones","11":"product_cat-professionele-dji-drone","12":"product_shipping_class-uavspacesall","13":"pa_brand-dji","14":"pa_producttype-professionele-drone-voor-bedrijven","15":"pa_series-matrice","17":"first","18":"instock","19":"taxable","20":"shipping-taxable","21":"purchasable","22":"product-type-simple"},"acf":[],"yoast_head":"<!-- This site is optimized with the Yoast SEO Premium plugin v27.2 (Yoast SEO v27.2) - https:\/\/yoast.com\/product\/yoast-seo-premium-wordpress\/ -->\n<title>DJI Matrice 400 - koningdrone.be<\/title>\n<meta name=\"robots\" content=\"index, follow, max-snippet:-1, max-image-preview:large, max-video-preview:-1\" \/>\n<link rel=\"canonical\" href=\"https:\/\/koningdrone.be\/es\/producto\/dji-matrice-400\/\" \/>\n<meta property=\"og:locale\" content=\"es_ES\" \/>\n<meta property=\"og:type\" content=\"article\" \/>\n<meta property=\"og:title\" content=\"DJI Matrice 400\" \/>\n<meta property=\"og:description\" content=\"Tot 59 minuten echte vliegtijd, zelfs met lading.  Maximaal laadvermogen van 6 kg met ondersteuning voor maximaal zeven gemonteerde sensoren of gereedschappen.  Geavanceerde obstakeldetectie met behulp van roterende LiDAR, mmWave-radar en visiesystemen.  Videotransmissie over lange afstanden tot 40 km met het O4 Enterprise Enhanced-systeem.  Robuust IP55-ontwerp en breed temperatuurbereik voor betrouwbare werking in veeleisende omgevingen.\" \/>\n<meta property=\"og:url\" content=\"https:\/\/koningdrone.be\/es\/producto\/dji-matrice-400\/\" \/>\n<meta property=\"og:site_name\" content=\"koningdrone.be\" \/>\n<meta property=\"article:modified_time\" content=\"2026-04-29T01:30:34+00:00\" \/>\n<meta property=\"og:image\" content=\"https:\/\/koningdrone.be\/wp-content\/uploads\/sites\/13\/2026\/03\/DJI-Matrice-400.webp\" \/>\n\t<meta property=\"og:image:width\" content=\"2048\" \/>\n\t<meta property=\"og:image:height\" content=\"2048\" \/>\n\t<meta property=\"og:image:type\" content=\"image\/webp\" \/>\n<meta name=\"twitter:card\" content=\"summary_large_image\" \/>\n<meta name=\"twitter:label1\" content=\"Tiempo de lectura\" \/>\n\t<meta name=\"twitter:data1\" content=\"4 minutos\" \/>\n<script type=\"application\/ld+json\" class=\"yoast-schema-graph\">{\"@context\":\"https:\/\/schema.org\",\"@graph\":[{\"@type\":\"WebPage\",\"@id\":\"https:\/\/koningdrone.be\/product\/dji-matrice-400\/\",\"url\":\"https:\/\/koningdrone.be\/product\/dji-matrice-400\/\",\"name\":\"DJI Matrice 400 - koningdrone.be\",\"isPartOf\":{\"@id\":\"https:\/\/koningdrone.be\/#website\"},\"primaryImageOfPage\":{\"@id\":\"https:\/\/koningdrone.be\/product\/dji-matrice-400\/#primaryimage\"},\"image\":{\"@id\":\"https:\/\/koningdrone.be\/product\/dji-matrice-400\/#primaryimage\"},\"thumbnailUrl\":\"https:\/\/koningdrone.be\/wp-content\/uploads\/sites\/13\/2026\/03\/DJI-Matrice-400.webp\",\"datePublished\":\"2025-06-25T14:26:21+00:00\",\"dateModified\":\"2026-04-29T01:30:34+00:00\",\"breadcrumb\":{\"@id\":\"https:\/\/koningdrone.be\/product\/dji-matrice-400\/#breadcrumb\"},\"inLanguage\":\"es\",\"potentialAction\":[{\"@type\":\"ReadAction\",\"target\":[\"https:\/\/koningdrone.be\/product\/dji-matrice-400\/\"]}]},{\"@type\":\"ImageObject\",\"inLanguage\":\"es\",\"@id\":\"https:\/\/koningdrone.be\/product\/dji-matrice-400\/#primaryimage\",\"url\":\"https:\/\/koningdrone.be\/wp-content\/uploads\/sites\/13\/2026\/03\/DJI-Matrice-400.webp\",\"contentUrl\":\"https:\/\/koningdrone.be\/wp-content\/uploads\/sites\/13\/2026\/03\/DJI-Matrice-400.webp\",\"width\":2048,\"height\":2048},{\"@type\":\"BreadcrumbList\",\"@id\":\"https:\/\/koningdrone.be\/product\/dji-matrice-400\/#breadcrumb\",\"itemListElement\":[{\"@type\":\"ListItem\",\"position\":1,\"name\":\"Home\",\"item\":\"https:\/\/koningdrone.be\/\"},{\"@type\":\"ListItem\",\"position\":2,\"name\":\"AVSS Parachute Recovery System for DJI Matrice 300\/350\",\"item\":\"https:\/\/koningdrone.be\/product\/avss-parachute-recovery-system-for-dji-matrice-300-350\/\"},{\"@type\":\"ListItem\",\"position\":3,\"name\":\"Alle drones\",\"item\":\"https:\/\/koningdrone.be\/categorie\/alle-drones\/\"},{\"@type\":\"ListItem\",\"position\":4,\"name\":\"DJI Matrice 400\"}]},{\"@type\":\"WebSite\",\"@id\":\"https:\/\/koningdrone.be\/#website\",\"url\":\"https:\/\/koningdrone.be\/\",\"name\":\"Koningdrone.be - Uw online specialist in drones, gimbals, camera's en power stations.\",\"description\":\"De webshop in drones en gimbals\",\"publisher\":{\"@id\":\"https:\/\/koningdrone.be\/#organization\"},\"potentialAction\":[{\"@type\":\"SearchAction\",\"target\":{\"@type\":\"EntryPoint\",\"urlTemplate\":\"https:\/\/koningdrone.be\/?s={search_term_string}\"},\"query-input\":{\"@type\":\"PropertyValueSpecification\",\"valueRequired\":true,\"valueName\":\"search_term_string\"}}],\"inLanguage\":\"es\"},{\"@type\":\"Organization\",\"@id\":\"https:\/\/koningdrone.be\/#organization\",\"name\":\"Koningdrone.be\",\"url\":\"https:\/\/koningdrone.be\/\",\"logo\":{\"@type\":\"ImageObject\",\"inLanguage\":\"es\",\"@id\":\"https:\/\/koningdrone.be\/#\/schema\/logo\/image\/\",\"url\":\"https:\/\/koningdrone.be\/wp-content\/uploads\/sites\/13\/2025\/04\/koningdrone-copyright-logo.svg\",\"contentUrl\":\"https:\/\/koningdrone.be\/wp-content\/uploads\/sites\/13\/2025\/04\/koningdrone-copyright-logo.svg\",\"width\":227,\"height\":38,\"caption\":\"Koningdrone.be\"},\"image\":{\"@id\":\"https:\/\/koningdrone.be\/#\/schema\/logo\/image\/\"}}]}<\/script>\n<!-- \/ Yoast SEO Premium plugin. -->","yoast_head_json":{"title":"DJI Matrice 400 - koningdrone.be","robots":{"index":"index","follow":"follow","max-snippet":"max-snippet:-1","max-image-preview":"max-image-preview:large","max-video-preview":"max-video-preview:-1"},"canonical":"https:\/\/koningdrone.be\/es\/producto\/dji-matrice-400\/","og_locale":"es_ES","og_type":"article","og_title":"DJI Matrice 400","og_description":"Tot 59 minuten echte vliegtijd, zelfs met lading.  Maximaal laadvermogen van 6 kg met ondersteuning voor maximaal zeven gemonteerde sensoren of gereedschappen.  Geavanceerde obstakeldetectie met behulp van roterende LiDAR, mmWave-radar en visiesystemen.  Videotransmissie over lange afstanden tot 40 km met het O4 Enterprise Enhanced-systeem.  Robuust IP55-ontwerp en breed temperatuurbereik voor betrouwbare werking in veeleisende omgevingen.","og_url":"https:\/\/koningdrone.be\/es\/producto\/dji-matrice-400\/","og_site_name":"koningdrone.be","article_modified_time":"2026-04-29T01:30:34+00:00","og_image":[{"width":2048,"height":2048,"url":"https:\/\/koningdrone.be\/wp-content\/uploads\/sites\/13\/2026\/03\/DJI-Matrice-400.webp","type":"image\/webp"}],"twitter_card":"summary_large_image","twitter_misc":{"Tiempo de lectura":"4 minutos"},"schema":{"@context":"https:\/\/schema.org","@graph":[{"@type":"WebPage","@id":"https:\/\/koningdrone.be\/product\/dji-matrice-400\/","url":"https:\/\/koningdrone.be\/product\/dji-matrice-400\/","name":"DJI Matrice 400 - koningdrone.be","isPartOf":{"@id":"https:\/\/koningdrone.be\/#website"},"primaryImageOfPage":{"@id":"https:\/\/koningdrone.be\/product\/dji-matrice-400\/#primaryimage"},"image":{"@id":"https:\/\/koningdrone.be\/product\/dji-matrice-400\/#primaryimage"},"thumbnailUrl":"https:\/\/koningdrone.be\/wp-content\/uploads\/sites\/13\/2026\/03\/DJI-Matrice-400.webp","datePublished":"2025-06-25T14:26:21+00:00","dateModified":"2026-04-29T01:30:34+00:00","breadcrumb":{"@id":"https:\/\/koningdrone.be\/product\/dji-matrice-400\/#breadcrumb"},"inLanguage":"es","potentialAction":[{"@type":"ReadAction","target":["https:\/\/koningdrone.be\/product\/dji-matrice-400\/"]}]},{"@type":"ImageObject","inLanguage":"es","@id":"https:\/\/koningdrone.be\/product\/dji-matrice-400\/#primaryimage","url":"https:\/\/koningdrone.be\/wp-content\/uploads\/sites\/13\/2026\/03\/DJI-Matrice-400.webp","contentUrl":"https:\/\/koningdrone.be\/wp-content\/uploads\/sites\/13\/2026\/03\/DJI-Matrice-400.webp","width":2048,"height":2048},{"@type":"BreadcrumbList","@id":"https:\/\/koningdrone.be\/product\/dji-matrice-400\/#breadcrumb","itemListElement":[{"@type":"ListItem","position":1,"name":"Home","item":"https:\/\/koningdrone.be\/"},{"@type":"ListItem","position":2,"name":"AVSS Parachute Recovery System for DJI Matrice 300\/350","item":"https:\/\/koningdrone.be\/product\/avss-parachute-recovery-system-for-dji-matrice-300-350\/"},{"@type":"ListItem","position":3,"name":"Alle drones","item":"https:\/\/koningdrone.be\/categorie\/alle-drones\/"},{"@type":"ListItem","position":4,"name":"DJI Matrice 400"}]},{"@type":"WebSite","@id":"https:\/\/koningdrone.be\/#website","url":"https:\/\/koningdrone.be\/","name":"Koningdrone.be - Su especialista en l\u00ednea en drones, cardanes, c\u00e1maras y centrales el\u00e9ctricas.","description":"La tienda virtual de drones y cardanes","publisher":{"@id":"https:\/\/koningdrone.be\/#organization"},"potentialAction":[{"@type":"SearchAction","target":{"@type":"EntryPoint","urlTemplate":"https:\/\/koningdrone.be\/?s={search_term_string}"},"query-input":{"@type":"PropertyValueSpecification","valueRequired":true,"valueName":"search_term_string"}}],"inLanguage":"es"},{"@type":"Organization","@id":"https:\/\/koningdrone.be\/#organization","name":"Kingdrone.es","url":"https:\/\/koningdrone.be\/","logo":{"@type":"ImageObject","inLanguage":"es","@id":"https:\/\/koningdrone.be\/#\/schema\/logo\/image\/","url":"https:\/\/koningdrone.be\/wp-content\/uploads\/sites\/13\/2025\/04\/koningdrone-copyright-logo.svg","contentUrl":"https:\/\/koningdrone.be\/wp-content\/uploads\/sites\/13\/2025\/04\/koningdrone-copyright-logo.svg","width":227,"height":38,"caption":"Koningdrone.be"},"image":{"@id":"https:\/\/koningdrone.be\/#\/schema\/logo\/image\/"}}]}},"df_price":9375,"df_sale_price":"","df_regular_price":9375,"df_image_link":"https:\/\/koningdrone.be\/wp-content\/uploads\/sites\/13\/2026\/03\/DJI-Matrice-400-300x300.webp","_links":{"self":[{"href":"https:\/\/koningdrone.be\/es\/wp-json\/wp\/v2\/product\/10770","targetHints":{"allow":["GET"]}}],"collection":[{"href":"https:\/\/koningdrone.be\/es\/wp-json\/wp\/v2\/product"}],"about":[{"href":"https:\/\/koningdrone.be\/es\/wp-json\/wp\/v2\/types\/product"}],"wp:featuredmedia":[{"embeddable":true,"href":"https:\/\/koningdrone.be\/es\/wp-json\/wp\/v2\/media\/16954"}],"wp:attachment":[{"href":"https:\/\/koningdrone.be\/es\/wp-json\/wp\/v2\/media?parent=10770"}],"wp:term":[{"taxonomy":"product_brand","embeddable":true,"href":"https:\/\/koningdrone.be\/es\/wp-json\/wp\/v2\/product_brand?post=10770"},{"taxonomy":"product_cat","embeddable":true,"href":"https:\/\/koningdrone.be\/es\/wp-json\/wp\/v2\/product_cat?post=10770"},{"taxonomy":"product_tag","embeddable":true,"href":"https:\/\/koningdrone.be\/es\/wp-json\/wp\/v2\/product_tag?post=10770"}],"curies":[{"name":"wp","href":"https:\/\/api.w.org\/{rel}","templated":true}]}}