{"id":10756,"date":"2025-06-25T16:26:21","date_gmt":"2025-06-25T14:26:21","guid":{"rendered":"https:\/\/koningdrone.be\/product\/dji-matrice-4td\/"},"modified":"2026-04-29T03:30:43","modified_gmt":"2026-04-29T01:30:43","slug":"dji-matrice-4td","status":"publish","type":"product","link":"https:\/\/koningdrone.be\/es\/producto\/dji-matrice-4td\/","title":{"rendered":"DJI Matrice 4TD (Versi\u00f3n Dock 3)"},"content":{"rendered":"<h3>DJI Matrice 4TD (versi\u00f3n Dock 3) La potencia definitiva para misiones empresariales<\/h3>\n<p><iframe loading=\"lazy\" title=\"Presentaci\u00f3n de la serie DJI Matrice 4: la era del vuelo inteligente\" width=\"800\" height=\"450\" src=\"https:\/\/www.youtube.com\/embed\/uov1c1c8DKA?feature=oembed&#038;enablejsapi=1&#038;origin=https:\/\/koningdrone.be\" frameborder=\"0\" allow=\"accelerometer; autoplay; clipboard-write; encrypted-media; gyroscope; picture-in-picture; web-share\" referrerpolicy=\"strict-origin-when-cross-origin\" allowfullscreen><\/iframe><\/p>\n<p style=\"margin: 20px 0\">En <strong>DJI Matrice 4TD (Versi\u00f3n Dock 3)<\/strong>\u00a0no es un dron m\u00e1s; es una plataforma tecnol\u00f3gica voladora dise\u00f1ada espec\u00edficamente para ampliar los l\u00edmites de las inspecciones industriales y la seguridad p\u00fablica. Esta versi\u00f3n \u201cPlus\u201d combina un chasis robusto y aeronavegable con una sinergia de sensores sin precedentes, lo que permite a los profesionales recopilar datos complejos en condiciones en las que otros sistemas se quedan cortos. Ya se trate de detectar fugas t\u00e9rmicas en infraestructuras vitales o de coordinar operaciones de b\u00fasqueda y rescate, el Matrice 4TD ofrece la precisi\u00f3n y fiabilidad necesarias en misiones en las que cada segundo cuenta.<\/p>\n<p><a href=\"https:\/\/koningdrone.nl\/wp-content\/uploads\/2025\/06\/DJI-Matrice-4TD-SP-Plus-eu.webp\"><img loading=\"lazy\" decoding=\"async\" class=\"alignnone size-full wp-image-466894\" src=\"https:\/\/koningdrone.nl\/wp-content\/uploads\/2025\/06\/DJI-Matrice-4TD-SP-Plus-eu.webp\" alt=\"DJI Matrice 4TD SP Plus eu\" width=\"1200\" height=\"800\" \/><\/a><\/p>\n<h4>Rendimiento de vuelo y autonom\u00eda superiores<\/h4>\n<p>Con un impresionante tiempo de vuelo de hasta <strong>54 minutos<\/strong> el Matrice 4TD permite a los equipos cubrir zonas de gran extensi\u00f3n sin necesidad de cambiar la bater\u00eda con frecuencia. La unidad est\u00e1 construida para funcionar bajo una fuerte presi\u00f3n atmosf\u00e9rica, con una resistencia al viento de hasta <strong>12 m\/s<\/strong> y un avanzado sistema de propulsi\u00f3n que sigue siendo eficiente incluso a bajas temperaturas. Gracias al sistema integrado <strong>O3 Sistema de transmisi\u00f3n empresarial<\/strong> la conexi\u00f3n se mantiene n\u00edtida a distancias de hasta <strong>10 km<\/strong>, mientras que el redundante <strong>M\u00f3dulos RTK<\/strong> proporcionan un posicionamiento con precisi\u00f3n centim\u00e9trica, esencial para la cartograf\u00eda precisa y las tareas de inspecci\u00f3n repetitivas.<\/p>\n<h4>Fusi\u00f3n e inteligencia de sensores multiespectrales<\/h4>\n<p>La verdadera fuerza del 4TD reside en su arsenal visual. El dron est\u00e1 equipado con una carga \u00fatil combinada de una c\u00e1mara RGB de alta resoluci\u00f3n y una avanzada <strong>sensor t\u00e9rmico radiom\u00e9trico<\/strong>. Esta combinaci\u00f3n permite captar simult\u00e1neamente detalles visuales y diferencias de temperatura, lo que resulta crucial para identificar componentes sobrecalentados en l\u00edneas de alta tensi\u00f3n o localizar fuentes de calor durante misiones nocturnas. El sistema se apoya en una red h\u00edbrida de detecci\u00f3n de obst\u00e1culos compuesta por <strong>LiDAR y radar omnidireccional<\/strong>, que crea un escudo virtual alrededor del dron para ofrecer la m\u00e1xima seguridad de vuelo en entornos complejos.<\/p>\n<p style=\"text-align: center\"><a href=\"https:\/\/koningdrone.nl\/wp-content\/uploads\/2025\/06\/DJI-Matrice-4TD.webp\"><img loading=\"lazy\" decoding=\"async\" class=\"alignnone wp-image-466896 size-medium\" src=\"https:\/\/koningdrone.nl\/wp-content\/uploads\/2025\/06\/DJI-Matrice-4TD-300x300.webp\" alt=\"DJI Matrice 4TD\" width=\"300\" height=\"300\" \/><\/a><\/p>\n<h4>Dise\u00f1o industrial para condiciones extremas<\/h4>\n<p>El Matrice 4TD est\u00e1 dise\u00f1ado con un <strong>Clasificaci\u00f3n IP55<\/strong>, lo que significa que la lluvia, el polvo y la arena no son un obst\u00e1culo para sus operaciones. El armaz\u00f3n aerodin\u00e1mico cuenta con h\u00e9lices de bajo ruido para despliegues discretos de seguridad p\u00fablica y un card\u00e1n que proporciona hasta... <strong>80\u00b0 arriba<\/strong> puede inclinarse, una caracter\u00edstica indispensable para inspeccionar la parte inferior de puentes y viaductos. Este dispositivo no es solo una herramienta, sino una inversi\u00f3n sostenible en continuidad operativa y una toma de decisiones superior basada en datos en tiempo real.<\/p>","protected":false},"excerpt":{"rendered":"<ul>\n<li>Sistema de c\u00e1mara avanzado con sensores RGB, tele y t\u00e9rmicos.<\/li>\n<li>Construcci\u00f3n robusta IP55 resistente al agua y al polvo.<\/li>\n<li>La duraci\u00f3n m\u00e1xima del vuelo es de unos 47-54 minutos.<\/li>\n<li>Tel\u00e9metro l\u00e1ser hasta 1800 m e iluminaci\u00f3n NIR hasta 100 m.<\/li>\n<li>Ideal para inspecciones, seguridad p\u00fablica y emergencias.<\/li>\n<\/ul>","protected":false},"featured_media":16985,"template":"","meta":{"_acf_changed":false},"product_brand":[],"product_cat":[1587,1732,1730],"product_tag":[],"class_list":{"0":"post-10756","1":"product","2":"type-product","3":"status-publish","4":"has-post-thumbnail","6":"product_cat-dji-dock","7":"product_cat-dji-matrice-4d","8":"product_cat-dji-matrice-4td","9":"product_shipping_class-uavspacesall","10":"pa_brand-dji","11":"pa_producttype-enterprise-drone","12":"pa_series-matrice","14":"first","15":"instock","16":"taxable","17":"shipping-taxable","18":"purchasable","19":"product-type-simple"},"acf":[],"yoast_head":"<!-- This site is optimized with the Yoast SEO Premium plugin v27.2 (Yoast SEO v27.2) - https:\/\/yoast.com\/product\/yoast-seo-premium-wordpress\/ -->\n<title>DJI Matrice 4TD (Dock 3 Version) - koningdrone.be<\/title>\n<meta name=\"robots\" content=\"index, follow, max-snippet:-1, max-image-preview:large, max-video-preview:-1\" \/>\n<link rel=\"canonical\" href=\"https:\/\/koningdrone.be\/es\/producto\/dji-matrice-4td\/\" \/>\n<meta property=\"og:locale\" content=\"es_ES\" \/>\n<meta property=\"og:type\" content=\"article\" \/>\n<meta property=\"og:title\" content=\"DJI Matrice 4TD (Dock 3 Version)\" \/>\n<meta property=\"og:description\" content=\"Geavanceerd camerasysteem met RGB, tele en thermische sensoren.  IP55\u2011water\u2011 en stofbestendige robuuste constructie.  Maximaal ca. 47\u201154 minuten vliegtijd.  Laser\u2011afstandsmeter tot 1800\u202fm en NIR\u2011verlichting tot 100\u202fm.  Ideaal voor inspecties, publieke veiligheid en noodsituaties.\" \/>\n<meta property=\"og:url\" content=\"https:\/\/koningdrone.be\/es\/producto\/dji-matrice-4td\/\" \/>\n<meta property=\"og:site_name\" content=\"koningdrone.be\" \/>\n<meta property=\"article:modified_time\" content=\"2026-04-29T01:30:43+00:00\" \/>\n<meta property=\"og:image\" content=\"https:\/\/koningdrone.be\/wp-content\/uploads\/sites\/13\/2026\/03\/Matrice-4TD.webp\" \/>\n\t<meta property=\"og:image:width\" content=\"2048\" \/>\n\t<meta property=\"og:image:height\" content=\"2048\" \/>\n\t<meta property=\"og:image:type\" content=\"image\/webp\" \/>\n<meta name=\"twitter:card\" content=\"summary_large_image\" \/>\n<meta name=\"twitter:label1\" content=\"Tiempo de lectura\" \/>\n\t<meta name=\"twitter:data1\" content=\"2 minutos\" \/>\n<script type=\"application\/ld+json\" class=\"yoast-schema-graph\">{\"@context\":\"https:\/\/schema.org\",\"@graph\":[{\"@type\":\"WebPage\",\"@id\":\"https:\/\/koningdrone.be\/product\/dji-matrice-4td\/\",\"url\":\"https:\/\/koningdrone.be\/product\/dji-matrice-4td\/\",\"name\":\"DJI Matrice 4TD (Dock 3 Version) - koningdrone.be\",\"isPartOf\":{\"@id\":\"https:\/\/koningdrone.be\/#website\"},\"primaryImageOfPage\":{\"@id\":\"https:\/\/koningdrone.be\/product\/dji-matrice-4td\/#primaryimage\"},\"image\":{\"@id\":\"https:\/\/koningdrone.be\/product\/dji-matrice-4td\/#primaryimage\"},\"thumbnailUrl\":\"https:\/\/koningdrone.be\/wp-content\/uploads\/sites\/13\/2026\/03\/Matrice-4TD.webp\",\"datePublished\":\"2025-06-25T14:26:21+00:00\",\"dateModified\":\"2026-04-29T01:30:43+00:00\",\"breadcrumb\":{\"@id\":\"https:\/\/koningdrone.be\/product\/dji-matrice-4td\/#breadcrumb\"},\"inLanguage\":\"es\",\"potentialAction\":[{\"@type\":\"ReadAction\",\"target\":[\"https:\/\/koningdrone.be\/product\/dji-matrice-4td\/\"]}]},{\"@type\":\"ImageObject\",\"inLanguage\":\"es\",\"@id\":\"https:\/\/koningdrone.be\/product\/dji-matrice-4td\/#primaryimage\",\"url\":\"https:\/\/koningdrone.be\/wp-content\/uploads\/sites\/13\/2026\/03\/Matrice-4TD.webp\",\"contentUrl\":\"https:\/\/koningdrone.be\/wp-content\/uploads\/sites\/13\/2026\/03\/Matrice-4TD.webp\",\"width\":2048,\"height\":2048},{\"@type\":\"BreadcrumbList\",\"@id\":\"https:\/\/koningdrone.be\/product\/dji-matrice-4td\/#breadcrumb\",\"itemListElement\":[{\"@type\":\"ListItem\",\"position\":1,\"name\":\"Home\",\"item\":\"https:\/\/koningdrone.be\/\"},{\"@type\":\"ListItem\",\"position\":2,\"name\":\"AVSS Parachute Recovery System for DJI Matrice 300\/350\",\"item\":\"https:\/\/koningdrone.be\/product\/avss-parachute-recovery-system-for-dji-matrice-300-350\/\"},{\"@type\":\"ListItem\",\"position\":3,\"name\":\"DJI Dock\",\"item\":\"https:\/\/koningdrone.be\/categorie\/dji-dock\/\"},{\"@type\":\"ListItem\",\"position\":4,\"name\":\"DJI Matrice 4TD (Dock 3 Version)\"}]},{\"@type\":\"WebSite\",\"@id\":\"https:\/\/koningdrone.be\/#website\",\"url\":\"https:\/\/koningdrone.be\/\",\"name\":\"Koningdrone.be - Uw online specialist in drones, gimbals, camera's en power stations.\",\"description\":\"De webshop in drones en gimbals\",\"publisher\":{\"@id\":\"https:\/\/koningdrone.be\/#organization\"},\"potentialAction\":[{\"@type\":\"SearchAction\",\"target\":{\"@type\":\"EntryPoint\",\"urlTemplate\":\"https:\/\/koningdrone.be\/?s={search_term_string}\"},\"query-input\":{\"@type\":\"PropertyValueSpecification\",\"valueRequired\":true,\"valueName\":\"search_term_string\"}}],\"inLanguage\":\"es\"},{\"@type\":\"Organization\",\"@id\":\"https:\/\/koningdrone.be\/#organization\",\"name\":\"Koningdrone.be\",\"url\":\"https:\/\/koningdrone.be\/\",\"logo\":{\"@type\":\"ImageObject\",\"inLanguage\":\"es\",\"@id\":\"https:\/\/koningdrone.be\/#\/schema\/logo\/image\/\",\"url\":\"https:\/\/koningdrone.be\/wp-content\/uploads\/sites\/13\/2025\/04\/koningdrone-copyright-logo.svg\",\"contentUrl\":\"https:\/\/koningdrone.be\/wp-content\/uploads\/sites\/13\/2025\/04\/koningdrone-copyright-logo.svg\",\"width\":227,\"height\":38,\"caption\":\"Koningdrone.be\"},\"image\":{\"@id\":\"https:\/\/koningdrone.be\/#\/schema\/logo\/image\/\"}}]}<\/script>\n<!-- \/ Yoast SEO Premium plugin. -->","yoast_head_json":{"title":"DJI Matrice 4TD (Dock 3 Version) - koningdrone.be","robots":{"index":"index","follow":"follow","max-snippet":"max-snippet:-1","max-image-preview":"max-image-preview:large","max-video-preview":"max-video-preview:-1"},"canonical":"https:\/\/koningdrone.be\/es\/producto\/dji-matrice-4td\/","og_locale":"es_ES","og_type":"article","og_title":"DJI Matrice 4TD (Dock 3 Version)","og_description":"Geavanceerd camerasysteem met RGB, tele en thermische sensoren.  IP55\u2011water\u2011 en stofbestendige robuuste constructie.  Maximaal ca. 47\u201154 minuten vliegtijd.  Laser\u2011afstandsmeter tot 1800\u202fm en NIR\u2011verlichting tot 100\u202fm.  Ideaal voor inspecties, publieke veiligheid en noodsituaties.","og_url":"https:\/\/koningdrone.be\/es\/producto\/dji-matrice-4td\/","og_site_name":"koningdrone.be","article_modified_time":"2026-04-29T01:30:43+00:00","og_image":[{"width":2048,"height":2048,"url":"https:\/\/koningdrone.be\/wp-content\/uploads\/sites\/13\/2026\/03\/Matrice-4TD.webp","type":"image\/webp"}],"twitter_card":"summary_large_image","twitter_misc":{"Tiempo de lectura":"2 minutos"},"schema":{"@context":"https:\/\/schema.org","@graph":[{"@type":"WebPage","@id":"https:\/\/koningdrone.be\/product\/dji-matrice-4td\/","url":"https:\/\/koningdrone.be\/product\/dji-matrice-4td\/","name":"DJI Matrice 4TD (Dock 3 Version) - koningdrone.be","isPartOf":{"@id":"https:\/\/koningdrone.be\/#website"},"primaryImageOfPage":{"@id":"https:\/\/koningdrone.be\/product\/dji-matrice-4td\/#primaryimage"},"image":{"@id":"https:\/\/koningdrone.be\/product\/dji-matrice-4td\/#primaryimage"},"thumbnailUrl":"https:\/\/koningdrone.be\/wp-content\/uploads\/sites\/13\/2026\/03\/Matrice-4TD.webp","datePublished":"2025-06-25T14:26:21+00:00","dateModified":"2026-04-29T01:30:43+00:00","breadcrumb":{"@id":"https:\/\/koningdrone.be\/product\/dji-matrice-4td\/#breadcrumb"},"inLanguage":"es","potentialAction":[{"@type":"ReadAction","target":["https:\/\/koningdrone.be\/product\/dji-matrice-4td\/"]}]},{"@type":"ImageObject","inLanguage":"es","@id":"https:\/\/koningdrone.be\/product\/dji-matrice-4td\/#primaryimage","url":"https:\/\/koningdrone.be\/wp-content\/uploads\/sites\/13\/2026\/03\/Matrice-4TD.webp","contentUrl":"https:\/\/koningdrone.be\/wp-content\/uploads\/sites\/13\/2026\/03\/Matrice-4TD.webp","width":2048,"height":2048},{"@type":"BreadcrumbList","@id":"https:\/\/koningdrone.be\/product\/dji-matrice-4td\/#breadcrumb","itemListElement":[{"@type":"ListItem","position":1,"name":"Home","item":"https:\/\/koningdrone.be\/"},{"@type":"ListItem","position":2,"name":"AVSS Parachute Recovery System for DJI Matrice 300\/350","item":"https:\/\/koningdrone.be\/product\/avss-parachute-recovery-system-for-dji-matrice-300-350\/"},{"@type":"ListItem","position":3,"name":"DJI Dock","item":"https:\/\/koningdrone.be\/categorie\/dji-dock\/"},{"@type":"ListItem","position":4,"name":"DJI Matrice 4TD (Dock 3 Version)"}]},{"@type":"WebSite","@id":"https:\/\/koningdrone.be\/#website","url":"https:\/\/koningdrone.be\/","name":"Koningdrone.be - Su especialista en l\u00ednea en drones, cardanes, c\u00e1maras y centrales el\u00e9ctricas.","description":"La tienda virtual de drones y cardanes","publisher":{"@id":"https:\/\/koningdrone.be\/#organization"},"potentialAction":[{"@type":"SearchAction","target":{"@type":"EntryPoint","urlTemplate":"https:\/\/koningdrone.be\/?s={search_term_string}"},"query-input":{"@type":"PropertyValueSpecification","valueRequired":true,"valueName":"search_term_string"}}],"inLanguage":"es"},{"@type":"Organization","@id":"https:\/\/koningdrone.be\/#organization","name":"Kingdrone.es","url":"https:\/\/koningdrone.be\/","logo":{"@type":"ImageObject","inLanguage":"es","@id":"https:\/\/koningdrone.be\/#\/schema\/logo\/image\/","url":"https:\/\/koningdrone.be\/wp-content\/uploads\/sites\/13\/2025\/04\/koningdrone-copyright-logo.svg","contentUrl":"https:\/\/koningdrone.be\/wp-content\/uploads\/sites\/13\/2025\/04\/koningdrone-copyright-logo.svg","width":227,"height":38,"caption":"Koningdrone.be"},"image":{"@id":"https:\/\/koningdrone.be\/#\/schema\/logo\/image\/"}}]}},"df_price":6109,"df_sale_price":"","df_regular_price":6109,"df_image_link":"https:\/\/koningdrone.be\/wp-content\/uploads\/sites\/13\/2026\/03\/Matrice-4TD-300x300.webp","_links":{"self":[{"href":"https:\/\/koningdrone.be\/es\/wp-json\/wp\/v2\/product\/10756","targetHints":{"allow":["GET"]}}],"collection":[{"href":"https:\/\/koningdrone.be\/es\/wp-json\/wp\/v2\/product"}],"about":[{"href":"https:\/\/koningdrone.be\/es\/wp-json\/wp\/v2\/types\/product"}],"wp:featuredmedia":[{"embeddable":true,"href":"https:\/\/koningdrone.be\/es\/wp-json\/wp\/v2\/media\/16985"}],"wp:attachment":[{"href":"https:\/\/koningdrone.be\/es\/wp-json\/wp\/v2\/media?parent=10756"}],"wp:term":[{"taxonomy":"product_brand","embeddable":true,"href":"https:\/\/koningdrone.be\/es\/wp-json\/wp\/v2\/product_brand?post=10756"},{"taxonomy":"product_cat","embeddable":true,"href":"https:\/\/koningdrone.be\/es\/wp-json\/wp\/v2\/product_cat?post=10756"},{"taxonomy":"product_tag","embeddable":true,"href":"https:\/\/koningdrone.be\/es\/wp-json\/wp\/v2\/product_tag?post=10756"}],"curies":[{"name":"wp","href":"https:\/\/api.w.org\/{rel}","templated":true}]}}