{"id":10750,"date":"2025-06-25T16:26:21","date_gmt":"2025-06-25T14:26:21","guid":{"rendered":"https:\/\/koningdrone.be\/product\/dji-matrice-4d-series-battery\/"},"modified":"2026-04-29T03:30:46","modified_gmt":"2026-04-29T01:30:46","slug":"dji-matrice-4d-series-battery","status":"publish","type":"product","link":"https:\/\/koningdrone.be\/es\/producto\/dji-matrice-4d-series-battery\/","title":{"rendered":"Bater\u00eda DJI Matrice Serie 4D"},"content":{"rendered":"<h3>Bater\u00eda DJI Matrice Serie 4D<\/h3>\n<p><iframe loading=\"lazy\" title=\"DJI Matrice Serie 4D\uff5cPrimer uso\" width=\"800\" height=\"450\" src=\"https:\/\/www.youtube.com\/embed\/LldOiJmq6pA?feature=oembed&#038;enablejsapi=1&#038;origin=https:\/\/koningdrone.be\" frameborder=\"0\" allow=\"accelerometer; autoplay; clipboard-write; encrypted-media; gyroscope; picture-in-picture; web-share\" referrerpolicy=\"strict-origin-when-cross-origin\" allowfullscreen><\/iframe><\/p>\n<p style=\"margin: 20px 0\">La bater\u00eda DJI Matrice serie 4D es una bater\u00eda potente y de alto rendimiento dise\u00f1ada para proporcionar energ\u00eda duradera a los drones DJI Matrice serie 4D. Con una impresionante capacidad de 6768 mAh y 149,9 Wh, esta bater\u00eda proporciona horas de vuelo prolongadas durante misiones empresariales exigentes y despeja hasta 54 minutos de tiempo de vuelo. Gracias a un sistema qu\u00edmico optimizado y a que admite hasta 400 ciclos de carga, ofrece fiabilidad a largo plazo para uso profesional.<\/p>\n<p><a href=\"https:\/\/koningdrone.nl\/wp-content\/uploads\/2025\/06\/DJI-Matrice-4D-Series-Battery.webp\"><img loading=\"lazy\" decoding=\"async\" class=\"size-full wp-image-466921 aligncenter\" src=\"https:\/\/koningdrone.nl\/wp-content\/uploads\/2025\/06\/DJI-Matrice-4D-Series-Battery.webp\" alt=\"DJI Matrice 4D Series Battery\" width=\"1200\" height=\"800\" \/><\/a><\/p>\n<h4>Rendimiento y funcionalidad<\/h4>\n<p>Esta bater\u00eda admite un alto rendimiento con funciones de descarga y carga r\u00e1pidas, incluida una tasa de descarga de 4C y una capacidad de carga m\u00e1xima de 1,8C, lo que garantiza un cambio de misi\u00f3n eficiente y un tiempo de inactividad reducido. La funci\u00f3n de autocalentamiento a baja temperatura de la bater\u00eda permite una carga y un uso seguros dentro de un amplio rango de temperaturas.<\/p>\n<h4>Calidad de construcci\u00f3n y dise\u00f1o<\/h4>\n<p>La bater\u00eda de la serie Matrice 4D est\u00e1 fabricada con un fiable sistema qu\u00edmico LiNiMnCoO2 que proporciona estabilidad y consistencia energ\u00e9tica. Con un peso de unos 640 g, est\u00e1 dise\u00f1ada para un uso profesional a largo plazo con las plataformas empresariales de DJI, proporcionando un soporte de energ\u00eda estable para misiones m\u00e1s largas.<\/p>\n<p style=\"text-align: center\"><a href=\"https:\/\/koningdrone.nl\/wp-content\/uploads\/2025\/06\/Matrice-4D-Series-Battery.webp\"><img loading=\"lazy\" decoding=\"async\" class=\"alignnone wp-image-466918 size-medium\" src=\"https:\/\/koningdrone.nl\/wp-content\/uploads\/2025\/06\/Matrice-4D-Series-Battery-300x300.webp\" alt=\"Matrice 4D Series Battery\" width=\"300\" height=\"300\" \/><\/a><\/p>\n<h4>Por qu\u00e9 lo necesita<\/h4>\n<p>Esta bater\u00eda es esencial para los profesionales que llevan a cabo misiones de vuelo prolongadas, inspecciones de precisi\u00f3n o proyectos de cartograf\u00eda con drones DJI Matrice 4D o DJI Matrice 4TD. Maximiza la eficiencia operativa y minimiza las interrupciones gracias a su funcionamiento a largo plazo y su s\u00f3lido rendimiento.<\/p>","protected":false},"excerpt":{"rendered":"<ul>\n<li>Gran capacidad de 6768 mAh y 149,9 Wh para vuelos prolongados.<\/li>\n<li>Hasta 54 minutos de vuelo para misiones prolongadas.<\/li>\n<li>Soporta hasta 400 ciclos de carga para una fiabilidad a largo plazo.<\/li>\n<li>Opci\u00f3n de autocalentamiento a baja temperatura durante la carga.<\/li>\n<li>Dise\u00f1ado para las plataformas DJI Matrice 4D y 4TD.<\/li>\n<\/ul>","protected":false},"featured_media":16990,"template":"","meta":{"_acf_changed":false},"product_brand":[],"product_cat":[1587,1732],"product_tag":[],"class_list":{"0":"post-10750","1":"product","2":"type-product","3":"status-publish","4":"has-post-thumbnail","6":"product_cat-dji-dock","7":"product_cat-dji-matrice-4d","8":"product_shipping_class-uavspacesall","9":"pa_brand-dji","10":"pa_producttype-batterij","11":"pa_series-matrice","13":"first","14":"instock","15":"taxable","16":"shipping-taxable","17":"purchasable","18":"product-type-simple"},"acf":[],"yoast_head":"<!-- This site is optimized with the Yoast SEO Premium plugin v27.2 (Yoast SEO v27.2) - https:\/\/yoast.com\/product\/yoast-seo-premium-wordpress\/ -->\n<title>DJI Matrice 4D Series Battery - koningdrone.be<\/title>\n<meta name=\"robots\" content=\"index, follow, max-snippet:-1, max-image-preview:large, max-video-preview:-1\" \/>\n<link rel=\"canonical\" href=\"https:\/\/koningdrone.be\/es\/producto\/dji-matrice-4d-series-battery\/\" \/>\n<meta property=\"og:locale\" content=\"es_ES\" \/>\n<meta property=\"og:type\" content=\"article\" \/>\n<meta property=\"og:title\" content=\"DJI Matrice 4D Series Battery\" \/>\n<meta property=\"og:description\" content=\"Hoge capaciteit van 6768\u202fmAh en 149,9\u202fWh voor langdurige vluchten.  Tot 54\u202fminuten vliegtijd voor uitgebreide missies.  Ondersteuning tot 400 laadcycli voor langdurige betrouwbaarheid.  Optie voor lage\u2011temperatuur zelfverwarming bij opladen.  Ontworpen voor DJI Matrice 4D\u2011 en 4TD\u2011platforms.\" \/>\n<meta property=\"og:url\" content=\"https:\/\/koningdrone.be\/es\/producto\/dji-matrice-4d-series-battery\/\" \/>\n<meta property=\"og:site_name\" content=\"koningdrone.be\" \/>\n<meta property=\"article:modified_time\" content=\"2026-04-29T01:30:46+00:00\" \/>\n<meta property=\"og:image\" content=\"https:\/\/koningdrone.be\/wp-content\/uploads\/sites\/13\/2026\/03\/Series-Battery-DJI-Matrice-4D-Series-Battery.webp\" \/>\n\t<meta property=\"og:image:width\" content=\"2048\" \/>\n\t<meta property=\"og:image:height\" content=\"2048\" \/>\n\t<meta property=\"og:image:type\" content=\"image\/webp\" \/>\n<meta name=\"twitter:card\" content=\"summary_large_image\" \/>\n<meta name=\"twitter:label1\" content=\"Tiempo de lectura\" \/>\n\t<meta name=\"twitter:data1\" content=\"1 minuto\" \/>\n<script type=\"application\/ld+json\" class=\"yoast-schema-graph\">{\"@context\":\"https:\/\/schema.org\",\"@graph\":[{\"@type\":\"WebPage\",\"@id\":\"https:\/\/koningdrone.be\/product\/dji-matrice-4d-series-battery\/\",\"url\":\"https:\/\/koningdrone.be\/product\/dji-matrice-4d-series-battery\/\",\"name\":\"DJI Matrice 4D Series Battery - koningdrone.be\",\"isPartOf\":{\"@id\":\"https:\/\/koningdrone.be\/#website\"},\"primaryImageOfPage\":{\"@id\":\"https:\/\/koningdrone.be\/product\/dji-matrice-4d-series-battery\/#primaryimage\"},\"image\":{\"@id\":\"https:\/\/koningdrone.be\/product\/dji-matrice-4d-series-battery\/#primaryimage\"},\"thumbnailUrl\":\"https:\/\/koningdrone.be\/wp-content\/uploads\/sites\/13\/2026\/03\/Series-Battery-DJI-Matrice-4D-Series-Battery.webp\",\"datePublished\":\"2025-06-25T14:26:21+00:00\",\"dateModified\":\"2026-04-29T01:30:46+00:00\",\"breadcrumb\":{\"@id\":\"https:\/\/koningdrone.be\/product\/dji-matrice-4d-series-battery\/#breadcrumb\"},\"inLanguage\":\"es\",\"potentialAction\":[{\"@type\":\"ReadAction\",\"target\":[\"https:\/\/koningdrone.be\/product\/dji-matrice-4d-series-battery\/\"]}]},{\"@type\":\"ImageObject\",\"inLanguage\":\"es\",\"@id\":\"https:\/\/koningdrone.be\/product\/dji-matrice-4d-series-battery\/#primaryimage\",\"url\":\"https:\/\/koningdrone.be\/wp-content\/uploads\/sites\/13\/2026\/03\/Series-Battery-DJI-Matrice-4D-Series-Battery.webp\",\"contentUrl\":\"https:\/\/koningdrone.be\/wp-content\/uploads\/sites\/13\/2026\/03\/Series-Battery-DJI-Matrice-4D-Series-Battery.webp\",\"width\":2048,\"height\":2048},{\"@type\":\"BreadcrumbList\",\"@id\":\"https:\/\/koningdrone.be\/product\/dji-matrice-4d-series-battery\/#breadcrumb\",\"itemListElement\":[{\"@type\":\"ListItem\",\"position\":1,\"name\":\"Home\",\"item\":\"https:\/\/koningdrone.be\/\"},{\"@type\":\"ListItem\",\"position\":2,\"name\":\"AVSS Parachute Recovery System for DJI Matrice 300\/350\",\"item\":\"https:\/\/koningdrone.be\/product\/avss-parachute-recovery-system-for-dji-matrice-300-350\/\"},{\"@type\":\"ListItem\",\"position\":3,\"name\":\"DJI Dock\",\"item\":\"https:\/\/koningdrone.be\/categorie\/dji-dock\/\"},{\"@type\":\"ListItem\",\"position\":4,\"name\":\"DJI Matrice 4D Series Battery\"}]},{\"@type\":\"WebSite\",\"@id\":\"https:\/\/koningdrone.be\/#website\",\"url\":\"https:\/\/koningdrone.be\/\",\"name\":\"Koningdrone.be - Uw online specialist in drones, gimbals, camera's en power stations.\",\"description\":\"De webshop in drones en gimbals\",\"publisher\":{\"@id\":\"https:\/\/koningdrone.be\/#organization\"},\"potentialAction\":[{\"@type\":\"SearchAction\",\"target\":{\"@type\":\"EntryPoint\",\"urlTemplate\":\"https:\/\/koningdrone.be\/?s={search_term_string}\"},\"query-input\":{\"@type\":\"PropertyValueSpecification\",\"valueRequired\":true,\"valueName\":\"search_term_string\"}}],\"inLanguage\":\"es\"},{\"@type\":\"Organization\",\"@id\":\"https:\/\/koningdrone.be\/#organization\",\"name\":\"Koningdrone.be\",\"url\":\"https:\/\/koningdrone.be\/\",\"logo\":{\"@type\":\"ImageObject\",\"inLanguage\":\"es\",\"@id\":\"https:\/\/koningdrone.be\/#\/schema\/logo\/image\/\",\"url\":\"https:\/\/koningdrone.be\/wp-content\/uploads\/sites\/13\/2025\/04\/koningdrone-copyright-logo.svg\",\"contentUrl\":\"https:\/\/koningdrone.be\/wp-content\/uploads\/sites\/13\/2025\/04\/koningdrone-copyright-logo.svg\",\"width\":227,\"height\":38,\"caption\":\"Koningdrone.be\"},\"image\":{\"@id\":\"https:\/\/koningdrone.be\/#\/schema\/logo\/image\/\"}}]}<\/script>\n<!-- \/ Yoast SEO Premium plugin. -->","yoast_head_json":{"title":"DJI Matrice 4D Series Battery - koningdrone.be","robots":{"index":"index","follow":"follow","max-snippet":"max-snippet:-1","max-image-preview":"max-image-preview:large","max-video-preview":"max-video-preview:-1"},"canonical":"https:\/\/koningdrone.be\/es\/producto\/dji-matrice-4d-series-battery\/","og_locale":"es_ES","og_type":"article","og_title":"DJI Matrice 4D Series Battery","og_description":"Hoge capaciteit van 6768\u202fmAh en 149,9\u202fWh voor langdurige vluchten.  Tot 54\u202fminuten vliegtijd voor uitgebreide missies.  Ondersteuning tot 400 laadcycli voor langdurige betrouwbaarheid.  Optie voor lage\u2011temperatuur zelfverwarming bij opladen.  Ontworpen voor DJI Matrice 4D\u2011 en 4TD\u2011platforms.","og_url":"https:\/\/koningdrone.be\/es\/producto\/dji-matrice-4d-series-battery\/","og_site_name":"koningdrone.be","article_modified_time":"2026-04-29T01:30:46+00:00","og_image":[{"width":2048,"height":2048,"url":"https:\/\/koningdrone.be\/wp-content\/uploads\/sites\/13\/2026\/03\/Series-Battery-DJI-Matrice-4D-Series-Battery.webp","type":"image\/webp"}],"twitter_card":"summary_large_image","twitter_misc":{"Tiempo de lectura":"1 minuto"},"schema":{"@context":"https:\/\/schema.org","@graph":[{"@type":"WebPage","@id":"https:\/\/koningdrone.be\/product\/dji-matrice-4d-series-battery\/","url":"https:\/\/koningdrone.be\/product\/dji-matrice-4d-series-battery\/","name":"DJI Matrice 4D Series Battery - koningdrone.be","isPartOf":{"@id":"https:\/\/koningdrone.be\/#website"},"primaryImageOfPage":{"@id":"https:\/\/koningdrone.be\/product\/dji-matrice-4d-series-battery\/#primaryimage"},"image":{"@id":"https:\/\/koningdrone.be\/product\/dji-matrice-4d-series-battery\/#primaryimage"},"thumbnailUrl":"https:\/\/koningdrone.be\/wp-content\/uploads\/sites\/13\/2026\/03\/Series-Battery-DJI-Matrice-4D-Series-Battery.webp","datePublished":"2025-06-25T14:26:21+00:00","dateModified":"2026-04-29T01:30:46+00:00","breadcrumb":{"@id":"https:\/\/koningdrone.be\/product\/dji-matrice-4d-series-battery\/#breadcrumb"},"inLanguage":"es","potentialAction":[{"@type":"ReadAction","target":["https:\/\/koningdrone.be\/product\/dji-matrice-4d-series-battery\/"]}]},{"@type":"ImageObject","inLanguage":"es","@id":"https:\/\/koningdrone.be\/product\/dji-matrice-4d-series-battery\/#primaryimage","url":"https:\/\/koningdrone.be\/wp-content\/uploads\/sites\/13\/2026\/03\/Series-Battery-DJI-Matrice-4D-Series-Battery.webp","contentUrl":"https:\/\/koningdrone.be\/wp-content\/uploads\/sites\/13\/2026\/03\/Series-Battery-DJI-Matrice-4D-Series-Battery.webp","width":2048,"height":2048},{"@type":"BreadcrumbList","@id":"https:\/\/koningdrone.be\/product\/dji-matrice-4d-series-battery\/#breadcrumb","itemListElement":[{"@type":"ListItem","position":1,"name":"Home","item":"https:\/\/koningdrone.be\/"},{"@type":"ListItem","position":2,"name":"AVSS Parachute Recovery System for DJI Matrice 300\/350","item":"https:\/\/koningdrone.be\/product\/avss-parachute-recovery-system-for-dji-matrice-300-350\/"},{"@type":"ListItem","position":3,"name":"DJI Dock","item":"https:\/\/koningdrone.be\/categorie\/dji-dock\/"},{"@type":"ListItem","position":4,"name":"DJI Matrice 4D Series Battery"}]},{"@type":"WebSite","@id":"https:\/\/koningdrone.be\/#website","url":"https:\/\/koningdrone.be\/","name":"Koningdrone.be - Su especialista en l\u00ednea en drones, cardanes, c\u00e1maras y centrales el\u00e9ctricas.","description":"La tienda virtual de drones y cardanes","publisher":{"@id":"https:\/\/koningdrone.be\/#organization"},"potentialAction":[{"@type":"SearchAction","target":{"@type":"EntryPoint","urlTemplate":"https:\/\/koningdrone.be\/?s={search_term_string}"},"query-input":{"@type":"PropertyValueSpecification","valueRequired":true,"valueName":"search_term_string"}}],"inLanguage":"es"},{"@type":"Organization","@id":"https:\/\/koningdrone.be\/#organization","name":"Kingdrone.es","url":"https:\/\/koningdrone.be\/","logo":{"@type":"ImageObject","inLanguage":"es","@id":"https:\/\/koningdrone.be\/#\/schema\/logo\/image\/","url":"https:\/\/koningdrone.be\/wp-content\/uploads\/sites\/13\/2025\/04\/koningdrone-copyright-logo.svg","contentUrl":"https:\/\/koningdrone.be\/wp-content\/uploads\/sites\/13\/2025\/04\/koningdrone-copyright-logo.svg","width":227,"height":38,"caption":"Koningdrone.be"},"image":{"@id":"https:\/\/koningdrone.be\/#\/schema\/logo\/image\/"}}]}},"df_price":310,"df_sale_price":"","df_regular_price":310,"df_image_link":"https:\/\/koningdrone.be\/wp-content\/uploads\/sites\/13\/2026\/03\/Series-Battery-DJI-Matrice-4D-Series-Battery-300x300.webp","_links":{"self":[{"href":"https:\/\/koningdrone.be\/es\/wp-json\/wp\/v2\/product\/10750","targetHints":{"allow":["GET"]}}],"collection":[{"href":"https:\/\/koningdrone.be\/es\/wp-json\/wp\/v2\/product"}],"about":[{"href":"https:\/\/koningdrone.be\/es\/wp-json\/wp\/v2\/types\/product"}],"wp:featuredmedia":[{"embeddable":true,"href":"https:\/\/koningdrone.be\/es\/wp-json\/wp\/v2\/media\/16990"}],"wp:attachment":[{"href":"https:\/\/koningdrone.be\/es\/wp-json\/wp\/v2\/media?parent=10750"}],"wp:term":[{"taxonomy":"product_brand","embeddable":true,"href":"https:\/\/koningdrone.be\/es\/wp-json\/wp\/v2\/product_brand?post=10750"},{"taxonomy":"product_cat","embeddable":true,"href":"https:\/\/koningdrone.be\/es\/wp-json\/wp\/v2\/product_cat?post=10750"},{"taxonomy":"product_tag","embeddable":true,"href":"https:\/\/koningdrone.be\/es\/wp-json\/wp\/v2\/product_tag?post=10750"}],"curies":[{"name":"wp","href":"https:\/\/api.w.org\/{rel}","templated":true}]}}