{"id":1054,"date":"2025-04-14T09:49:47","date_gmt":"2025-04-14T07:49:47","guid":{"rendered":"https:\/\/koningdrone.nl\/kon\/product\/czi-gl300-high-power-searchlight-for-tk300-only\/"},"modified":"2026-03-16T15:43:09","modified_gmt":"2026-03-16T14:43:09","slug":"czi-gl300-high-power-searchlight-for-tk300-only","status":"publish","type":"product","link":"https:\/\/koningdrone.be\/es\/producto\/czi-gl300-high-power-searchlight-for-tk300-only\/","title":{"rendered":"CZI GL300 Proyector de b\u00fasqueda de alta potencia (S\u00d3LO para TK300)"},"content":{"rendered":"<p>El reflector CZI GL300 Gimbal Searchlight es una soluci\u00f3n de iluminaci\u00f3n potente y vers\u00e1til dise\u00f1ada para el dron DJI Matrice 300 RTK. Cuenta con un reflector de alta intensidad y un card\u00e1n para un control y posicionamiento precisos, por lo que es ideal para operaciones nocturnas, misiones de b\u00fasqueda y rescate y tareas de vigilancia. El reflector ofrece brillo y \u00e1ngulos de haz ajustables, para una iluminaci\u00f3n \u00f3ptima en diferentes entornos. Este accesorio mejora la capacidad del dron para operar en condiciones de poca luz, proporcionando una visibilidad clara y mejorando la eficacia de la misi\u00f3n.<\/p>","protected":false},"excerpt":{"rendered":"<ul>\n<li>Mejora las capacidades del dron para operaciones nocturnas y con poca luz.<\/li>\n<li>Proporciona un control y posicionamiento precisos con un card\u00e1n para una iluminaci\u00f3n \u00f3ptima.<\/li>\n<li>Ideal para tareas de b\u00fasqueda y rescate, vigilancia e inspecci\u00f3n.<\/li>\n<li>Brillo y \u00e1ngulos de haz ajustables para una iluminaci\u00f3n vers\u00e1til.<\/li>\n<li>Mejora el rendimiento en entornos con poca luz, garantizando la seguridad y la eficacia.<\/li>\n<\/ul>","protected":false},"featured_media":1053,"template":"","meta":{"_acf_changed":false},"product_brand":[],"product_cat":[126,97,152,153],"product_tag":[],"class_list":{"0":"post-1054","1":"product","2":"type-product","3":"status-publish","4":"has-post-thumbnail","6":"product_cat-alle-payloads","7":"product_cat-alle-producten","8":"product_cat-dji-matrice-300","9":"product_cat-dji-matrice-350","10":"pa_brand-czi","11":"pa_producttype-zoeklicht","13":"first","14":"outofstock","15":"taxable","16":"shipping-taxable","17":"product-type-simple"},"acf":[],"yoast_head":"<!-- This site is optimized with the Yoast SEO Premium plugin v27.2 (Yoast SEO v27.2) - https:\/\/yoast.com\/product\/yoast-seo-premium-wordpress\/ -->\n<title>CZI GL300 High Power Searchlight (for TK300 ONLY) - koningdrone.be<\/title>\n<meta name=\"robots\" content=\"index, follow, max-snippet:-1, max-image-preview:large, max-video-preview:-1\" \/>\n<link rel=\"canonical\" href=\"https:\/\/koningdrone.be\/es\/producto\/czi-gl300-high-power-searchlight-for-tk300-only\/\" \/>\n<meta property=\"og:locale\" content=\"es_ES\" \/>\n<meta property=\"og:type\" content=\"article\" \/>\n<meta property=\"og:title\" content=\"CZI GL300 High Power Searchlight (for TK300 ONLY)\" \/>\n<meta property=\"og:description\" content=\"Verbetert de mogelijkheden van de drone voor nachtelijke operaties en operaties bij weinig licht.Biedt nauwkeurige besturing en positionering met een gimbal voor optimale verlichting.Ideaal voor zoek- en reddingsacties, bewaking en inspectietaken.Instelbare helderheid en stralingshoeken voor veelzijdige verlichting.Verbetert de prestaties in omgevingen met weinig licht en zorgt zo voor veiligheid en effici\u00ebntie.\" \/>\n<meta property=\"og:url\" content=\"https:\/\/koningdrone.be\/es\/producto\/czi-gl300-high-power-searchlight-for-tk300-only\/\" \/>\n<meta property=\"og:site_name\" content=\"koningdrone.be\" \/>\n<meta property=\"article:modified_time\" content=\"2026-03-16T14:43:09+00:00\" \/>\n<meta property=\"og:image\" content=\"https:\/\/koningdrone.be\/wp-content\/uploads\/sites\/13\/2025\/04\/1731435625_1814927.jpg\" \/>\n\t<meta property=\"og:image:width\" content=\"500\" \/>\n\t<meta property=\"og:image:height\" content=\"500\" \/>\n\t<meta property=\"og:image:type\" content=\"image\/jpeg\" \/>\n<meta name=\"twitter:card\" content=\"summary_large_image\" \/>\n<script type=\"application\/ld+json\" class=\"yoast-schema-graph\">{\"@context\":\"https:\/\/schema.org\",\"@graph\":[{\"@type\":\"WebPage\",\"@id\":\"https:\/\/koningdrone.be\/product\/czi-gl300-high-power-searchlight-for-tk300-only\/\",\"url\":\"https:\/\/koningdrone.be\/product\/czi-gl300-high-power-searchlight-for-tk300-only\/\",\"name\":\"CZI GL300 High Power Searchlight (for TK300 ONLY) - koningdrone.be\",\"isPartOf\":{\"@id\":\"https:\/\/koningdrone.be\/#website\"},\"primaryImageOfPage\":{\"@id\":\"https:\/\/koningdrone.be\/product\/czi-gl300-high-power-searchlight-for-tk300-only\/#primaryimage\"},\"image\":{\"@id\":\"https:\/\/koningdrone.be\/product\/czi-gl300-high-power-searchlight-for-tk300-only\/#primaryimage\"},\"thumbnailUrl\":\"https:\/\/koningdrone.be\/wp-content\/uploads\/sites\/13\/2025\/04\/1731435625_1814927.jpg\",\"datePublished\":\"2025-04-14T07:49:47+00:00\",\"dateModified\":\"2026-03-16T14:43:09+00:00\",\"breadcrumb\":{\"@id\":\"https:\/\/koningdrone.be\/product\/czi-gl300-high-power-searchlight-for-tk300-only\/#breadcrumb\"},\"inLanguage\":\"es\",\"potentialAction\":[{\"@type\":\"ReadAction\",\"target\":[\"https:\/\/koningdrone.be\/product\/czi-gl300-high-power-searchlight-for-tk300-only\/\"]}]},{\"@type\":\"ImageObject\",\"inLanguage\":\"es\",\"@id\":\"https:\/\/koningdrone.be\/product\/czi-gl300-high-power-searchlight-for-tk300-only\/#primaryimage\",\"url\":\"https:\/\/koningdrone.be\/wp-content\/uploads\/sites\/13\/2025\/04\/1731435625_1814927.jpg\",\"contentUrl\":\"https:\/\/koningdrone.be\/wp-content\/uploads\/sites\/13\/2025\/04\/1731435625_1814927.jpg\",\"width\":500,\"height\":500},{\"@type\":\"BreadcrumbList\",\"@id\":\"https:\/\/koningdrone.be\/product\/czi-gl300-high-power-searchlight-for-tk300-only\/#breadcrumb\",\"itemListElement\":[{\"@type\":\"ListItem\",\"position\":1,\"name\":\"Home\",\"item\":\"https:\/\/koningdrone.be\/\"},{\"@type\":\"ListItem\",\"position\":2,\"name\":\"AVSS Parachute Recovery System for DJI Matrice 300\/350\",\"item\":\"https:\/\/koningdrone.be\/product\/avss-parachute-recovery-system-for-dji-matrice-300-350\/\"},{\"@type\":\"ListItem\",\"position\":3,\"name\":\"Uncategorized\",\"item\":\"https:\/\/koningdrone.be\/categorie\/uncategorized\/\"},{\"@type\":\"ListItem\",\"position\":4,\"name\":\"CZI GL300 High Power Searchlight (for TK300 ONLY)\"}]},{\"@type\":\"WebSite\",\"@id\":\"https:\/\/koningdrone.be\/#website\",\"url\":\"https:\/\/koningdrone.be\/\",\"name\":\"Koningdrone.be - Uw online specialist in drones, gimbals, camera's en power stations.\",\"description\":\"De webshop in drones en gimbals\",\"publisher\":{\"@id\":\"https:\/\/koningdrone.be\/#organization\"},\"potentialAction\":[{\"@type\":\"SearchAction\",\"target\":{\"@type\":\"EntryPoint\",\"urlTemplate\":\"https:\/\/koningdrone.be\/?s={search_term_string}\"},\"query-input\":{\"@type\":\"PropertyValueSpecification\",\"valueRequired\":true,\"valueName\":\"search_term_string\"}}],\"inLanguage\":\"es\"},{\"@type\":\"Organization\",\"@id\":\"https:\/\/koningdrone.be\/#organization\",\"name\":\"Koningdrone.be\",\"url\":\"https:\/\/koningdrone.be\/\",\"logo\":{\"@type\":\"ImageObject\",\"inLanguage\":\"es\",\"@id\":\"https:\/\/koningdrone.be\/#\/schema\/logo\/image\/\",\"url\":\"https:\/\/koningdrone.be\/wp-content\/uploads\/sites\/13\/2025\/04\/koningdrone-copyright-logo.svg\",\"contentUrl\":\"https:\/\/koningdrone.be\/wp-content\/uploads\/sites\/13\/2025\/04\/koningdrone-copyright-logo.svg\",\"width\":227,\"height\":38,\"caption\":\"Koningdrone.be\"},\"image\":{\"@id\":\"https:\/\/koningdrone.be\/#\/schema\/logo\/image\/\"}}]}<\/script>\n<!-- \/ Yoast SEO Premium plugin. -->","yoast_head_json":{"title":"CZI GL300 High Power Searchlight (for TK300 ONLY) - koningdrone.be","robots":{"index":"index","follow":"follow","max-snippet":"max-snippet:-1","max-image-preview":"max-image-preview:large","max-video-preview":"max-video-preview:-1"},"canonical":"https:\/\/koningdrone.be\/es\/producto\/czi-gl300-high-power-searchlight-for-tk300-only\/","og_locale":"es_ES","og_type":"article","og_title":"CZI GL300 High Power Searchlight (for TK300 ONLY)","og_description":"Verbetert de mogelijkheden van de drone voor nachtelijke operaties en operaties bij weinig licht.Biedt nauwkeurige besturing en positionering met een gimbal voor optimale verlichting.Ideaal voor zoek- en reddingsacties, bewaking en inspectietaken.Instelbare helderheid en stralingshoeken voor veelzijdige verlichting.Verbetert de prestaties in omgevingen met weinig licht en zorgt zo voor veiligheid en effici\u00ebntie.","og_url":"https:\/\/koningdrone.be\/es\/producto\/czi-gl300-high-power-searchlight-for-tk300-only\/","og_site_name":"koningdrone.be","article_modified_time":"2026-03-16T14:43:09+00:00","og_image":[{"width":500,"height":500,"url":"https:\/\/koningdrone.be\/wp-content\/uploads\/sites\/13\/2025\/04\/1731435625_1814927.jpg","type":"image\/jpeg"}],"twitter_card":"summary_large_image","schema":{"@context":"https:\/\/schema.org","@graph":[{"@type":"WebPage","@id":"https:\/\/koningdrone.be\/product\/czi-gl300-high-power-searchlight-for-tk300-only\/","url":"https:\/\/koningdrone.be\/product\/czi-gl300-high-power-searchlight-for-tk300-only\/","name":"CZI GL300 High Power Searchlight (for TK300 ONLY) - koningdrone.be","isPartOf":{"@id":"https:\/\/koningdrone.be\/#website"},"primaryImageOfPage":{"@id":"https:\/\/koningdrone.be\/product\/czi-gl300-high-power-searchlight-for-tk300-only\/#primaryimage"},"image":{"@id":"https:\/\/koningdrone.be\/product\/czi-gl300-high-power-searchlight-for-tk300-only\/#primaryimage"},"thumbnailUrl":"https:\/\/koningdrone.be\/wp-content\/uploads\/sites\/13\/2025\/04\/1731435625_1814927.jpg","datePublished":"2025-04-14T07:49:47+00:00","dateModified":"2026-03-16T14:43:09+00:00","breadcrumb":{"@id":"https:\/\/koningdrone.be\/product\/czi-gl300-high-power-searchlight-for-tk300-only\/#breadcrumb"},"inLanguage":"es","potentialAction":[{"@type":"ReadAction","target":["https:\/\/koningdrone.be\/product\/czi-gl300-high-power-searchlight-for-tk300-only\/"]}]},{"@type":"ImageObject","inLanguage":"es","@id":"https:\/\/koningdrone.be\/product\/czi-gl300-high-power-searchlight-for-tk300-only\/#primaryimage","url":"https:\/\/koningdrone.be\/wp-content\/uploads\/sites\/13\/2025\/04\/1731435625_1814927.jpg","contentUrl":"https:\/\/koningdrone.be\/wp-content\/uploads\/sites\/13\/2025\/04\/1731435625_1814927.jpg","width":500,"height":500},{"@type":"BreadcrumbList","@id":"https:\/\/koningdrone.be\/product\/czi-gl300-high-power-searchlight-for-tk300-only\/#breadcrumb","itemListElement":[{"@type":"ListItem","position":1,"name":"Home","item":"https:\/\/koningdrone.be\/"},{"@type":"ListItem","position":2,"name":"AVSS Parachute Recovery System for DJI Matrice 300\/350","item":"https:\/\/koningdrone.be\/product\/avss-parachute-recovery-system-for-dji-matrice-300-350\/"},{"@type":"ListItem","position":3,"name":"Uncategorized","item":"https:\/\/koningdrone.be\/categorie\/uncategorized\/"},{"@type":"ListItem","position":4,"name":"CZI GL300 High Power Searchlight (for TK300 ONLY)"}]},{"@type":"WebSite","@id":"https:\/\/koningdrone.be\/#website","url":"https:\/\/koningdrone.be\/","name":"Koningdrone.be - Su especialista en l\u00ednea en drones, cardanes, c\u00e1maras y centrales el\u00e9ctricas.","description":"La tienda virtual de drones y cardanes","publisher":{"@id":"https:\/\/koningdrone.be\/#organization"},"potentialAction":[{"@type":"SearchAction","target":{"@type":"EntryPoint","urlTemplate":"https:\/\/koningdrone.be\/?s={search_term_string}"},"query-input":{"@type":"PropertyValueSpecification","valueRequired":true,"valueName":"search_term_string"}}],"inLanguage":"es"},{"@type":"Organization","@id":"https:\/\/koningdrone.be\/#organization","name":"Kingdrone.es","url":"https:\/\/koningdrone.be\/","logo":{"@type":"ImageObject","inLanguage":"es","@id":"https:\/\/koningdrone.be\/#\/schema\/logo\/image\/","url":"https:\/\/koningdrone.be\/wp-content\/uploads\/sites\/13\/2025\/04\/koningdrone-copyright-logo.svg","contentUrl":"https:\/\/koningdrone.be\/wp-content\/uploads\/sites\/13\/2025\/04\/koningdrone-copyright-logo.svg","width":227,"height":38,"caption":"Koningdrone.be"},"image":{"@id":"https:\/\/koningdrone.be\/#\/schema\/logo\/image\/"}}]}},"df_price":"","df_sale_price":"","df_regular_price":"","df_image_link":"https:\/\/koningdrone.be\/wp-content\/uploads\/sites\/13\/2025\/04\/1731435625_1814927-300x300.jpg","_links":{"self":[{"href":"https:\/\/koningdrone.be\/es\/wp-json\/wp\/v2\/product\/1054","targetHints":{"allow":["GET"]}}],"collection":[{"href":"https:\/\/koningdrone.be\/es\/wp-json\/wp\/v2\/product"}],"about":[{"href":"https:\/\/koningdrone.be\/es\/wp-json\/wp\/v2\/types\/product"}],"wp:featuredmedia":[{"embeddable":true,"href":"https:\/\/koningdrone.be\/es\/wp-json\/wp\/v2\/media\/1053"}],"wp:attachment":[{"href":"https:\/\/koningdrone.be\/es\/wp-json\/wp\/v2\/media?parent=1054"}],"wp:term":[{"taxonomy":"product_brand","embeddable":true,"href":"https:\/\/koningdrone.be\/es\/wp-json\/wp\/v2\/product_brand?post=1054"},{"taxonomy":"product_cat","embeddable":true,"href":"https:\/\/koningdrone.be\/es\/wp-json\/wp\/v2\/product_cat?post=1054"},{"taxonomy":"product_tag","embeddable":true,"href":"https:\/\/koningdrone.be\/es\/wp-json\/wp\/v2\/product_tag?post=1054"}],"curies":[{"name":"wp","href":"https:\/\/api.w.org\/{rel}","templated":true}]}}