{"id":1034,"date":"2025-04-14T09:49:47","date_gmt":"2025-04-14T07:49:47","guid":{"rendered":"https:\/\/koningdrone.nl\/kon\/product\/czi-public-safety-advanced-set-v2-1mp130-v2-1gl60-plus-1th4-v2-1fl48-m300-1ir10\/"},"modified":"2026-03-16T15:42:25","modified_gmt":"2026-03-16T14:42:25","slug":"czi-public-safety-advanced-set-v2-1mp130-v2-1gl60-plus-1th4-v2-1fl48-m300-1ir10","status":"publish","type":"product","link":"https:\/\/koningdrone.be\/es\/producto\/czi-public-safety-advanced-set-v2-1mp130-v2-1gl60-plus-1th4-v2-1fl48-m300-1ir10\/","title":{"rendered":"CZI Public Safety Advanced set v2 (1MP130 V2 1GL60 PLUS 1TH4 V2 1FL48-M300 1*IR10)"},"content":{"rendered":"<p>El CZI Public Safety Advanced Set V2 es una soluci\u00f3n a\u00e9rea integral dise\u00f1ada para servicios de emergencia, fuerzas del orden y operaciones de b\u00fasqueda y rescate. Este set avanzado incluye el altavoz MP130 V2, el punto de card\u00e1n GL60 Plus, el dispositivo de lanzamiento TH4 V2, la luz intermitente FL48-M300 y el foco zoom infrarrojo IR10 para mejorar las capacidades de comunicaci\u00f3n, iluminaci\u00f3n, imagen t\u00e9rmica e infrarrojos. Construido para los drones de la serie DJI Matrice, ofrece una versatilidad y eficiencia inigualables en misiones cr\u00edticas de seguridad p\u00fablica.<\/p>","protected":false},"excerpt":{"rendered":"<ul>\n<li>Soluci\u00f3n integral de antenas para seguridad p\u00fablica y servicios de emergencia.<\/li>\n<li>Mejora la comunicaci\u00f3n con un potente sistema de altavoces.<\/li>\n<li>Proporciona iluminaci\u00f3n de alta intensidad para operaciones nocturnas.<\/li>\n<li>Equipado con im\u00e1genes t\u00e9rmicas para misiones de b\u00fasqueda y rescate.<\/li>\n<li>El foco infrarrojo mejora la visibilidad con poca luz.<\/li>\n<li>Dise\u00f1ado para una integraci\u00f3n perfecta con los drones DJI Matrice.<\/li>\n<\/ul>","protected":false},"featured_media":1032,"template":"","meta":{"_acf_changed":false},"product_brand":[],"product_cat":[126,97,152,153],"product_tag":[],"class_list":{"0":"post-1034","1":"product","2":"type-product","3":"status-publish","4":"has-post-thumbnail","6":"product_cat-alle-payloads","7":"product_cat-alle-producten","8":"product_cat-dji-matrice-300","9":"product_cat-dji-matrice-350","10":"pa_brand-czi","11":"pa_producttype-openbare-veiligheid-geavanceerde-set","13":"first","14":"outofstock","15":"taxable","16":"shipping-taxable","17":"product-type-simple"},"acf":[],"yoast_head":"<!-- This site is optimized with the Yoast SEO Premium plugin v27.2 (Yoast SEO v27.2) - https:\/\/yoast.com\/product\/yoast-seo-premium-wordpress\/ -->\n<title>CZI Public Safety Advanced set v2 (1MP130 V2 1GL60 PLUS 1TH4 V2 1FL48-M300 1*IR10) - koningdrone.be<\/title>\n<meta name=\"robots\" content=\"index, follow, max-snippet:-1, max-image-preview:large, max-video-preview:-1\" \/>\n<link rel=\"canonical\" href=\"https:\/\/koningdrone.be\/es\/producto\/czi-public-safety-advanced-set-v2-1mp130-v2-1gl60-plus-1th4-v2-1fl48-m300-1ir10\/\" \/>\n<meta property=\"og:locale\" content=\"es_ES\" \/>\n<meta property=\"og:type\" content=\"article\" \/>\n<meta property=\"og:title\" content=\"CZI Public Safety Advanced set v2 (1MP130 V2 1GL60 PLUS 1TH4 V2 1FL48-M300 1*IR10)\" \/>\n<meta property=\"og:description\" content=\"Uitgebreide antenneoplossing voor openbare veiligheid en hulpdiensten.Verbetert de communicatie met een krachtig luidsprekersysteem.Biedt verlichting met hoge intensiteit voor nachtelijke operaties.Voorzien van warmtebeeld voor zoek- en reddingsmissies.Infraroodschijnwerper verbetert de zichtbaarheid bij weinig licht.Ontworpen voor naadloze integratie met DJI Matrice drones.\" \/>\n<meta property=\"og:url\" content=\"https:\/\/koningdrone.be\/es\/producto\/czi-public-safety-advanced-set-v2-1mp130-v2-1gl60-plus-1th4-v2-1fl48-m300-1ir10\/\" \/>\n<meta property=\"og:site_name\" content=\"koningdrone.be\" \/>\n<meta property=\"article:modified_time\" content=\"2026-03-16T14:42:25+00:00\" \/>\n<meta property=\"og:image\" content=\"https:\/\/koningdrone.be\/wp-content\/uploads\/sites\/13\/2025\/04\/39c3a0e0-fad5-4f23-978f-fa1fbe27c046.jpg\" \/>\n\t<meta property=\"og:image:width\" content=\"2000\" \/>\n\t<meta property=\"og:image:height\" content=\"2000\" \/>\n\t<meta property=\"og:image:type\" content=\"image\/jpeg\" \/>\n<meta name=\"twitter:card\" content=\"summary_large_image\" \/>\n<script type=\"application\/ld+json\" class=\"yoast-schema-graph\">{\"@context\":\"https:\/\/schema.org\",\"@graph\":[{\"@type\":\"WebPage\",\"@id\":\"https:\/\/koningdrone.be\/product\/czi-public-safety-advanced-set-v2-1mp130-v2-1gl60-plus-1th4-v2-1fl48-m300-1ir10\/\",\"url\":\"https:\/\/koningdrone.be\/product\/czi-public-safety-advanced-set-v2-1mp130-v2-1gl60-plus-1th4-v2-1fl48-m300-1ir10\/\",\"name\":\"CZI Public Safety Advanced set v2 (1MP130 V2 1GL60 PLUS 1TH4 V2 1FL48-M300 1*IR10) - koningdrone.be\",\"isPartOf\":{\"@id\":\"https:\/\/koningdrone.be\/#website\"},\"primaryImageOfPage\":{\"@id\":\"https:\/\/koningdrone.be\/product\/czi-public-safety-advanced-set-v2-1mp130-v2-1gl60-plus-1th4-v2-1fl48-m300-1ir10\/#primaryimage\"},\"image\":{\"@id\":\"https:\/\/koningdrone.be\/product\/czi-public-safety-advanced-set-v2-1mp130-v2-1gl60-plus-1th4-v2-1fl48-m300-1ir10\/#primaryimage\"},\"thumbnailUrl\":\"https:\/\/koningdrone.be\/wp-content\/uploads\/sites\/13\/2025\/04\/39c3a0e0-fad5-4f23-978f-fa1fbe27c046.jpg\",\"datePublished\":\"2025-04-14T07:49:47+00:00\",\"dateModified\":\"2026-03-16T14:42:25+00:00\",\"breadcrumb\":{\"@id\":\"https:\/\/koningdrone.be\/product\/czi-public-safety-advanced-set-v2-1mp130-v2-1gl60-plus-1th4-v2-1fl48-m300-1ir10\/#breadcrumb\"},\"inLanguage\":\"es\",\"potentialAction\":[{\"@type\":\"ReadAction\",\"target\":[\"https:\/\/koningdrone.be\/product\/czi-public-safety-advanced-set-v2-1mp130-v2-1gl60-plus-1th4-v2-1fl48-m300-1ir10\/\"]}]},{\"@type\":\"ImageObject\",\"inLanguage\":\"es\",\"@id\":\"https:\/\/koningdrone.be\/product\/czi-public-safety-advanced-set-v2-1mp130-v2-1gl60-plus-1th4-v2-1fl48-m300-1ir10\/#primaryimage\",\"url\":\"https:\/\/koningdrone.be\/wp-content\/uploads\/sites\/13\/2025\/04\/39c3a0e0-fad5-4f23-978f-fa1fbe27c046.jpg\",\"contentUrl\":\"https:\/\/koningdrone.be\/wp-content\/uploads\/sites\/13\/2025\/04\/39c3a0e0-fad5-4f23-978f-fa1fbe27c046.jpg\",\"width\":2000,\"height\":2000},{\"@type\":\"BreadcrumbList\",\"@id\":\"https:\/\/koningdrone.be\/product\/czi-public-safety-advanced-set-v2-1mp130-v2-1gl60-plus-1th4-v2-1fl48-m300-1ir10\/#breadcrumb\",\"itemListElement\":[{\"@type\":\"ListItem\",\"position\":1,\"name\":\"Home\",\"item\":\"https:\/\/koningdrone.be\/\"},{\"@type\":\"ListItem\",\"position\":2,\"name\":\"AVSS Parachute Recovery System for DJI Matrice 300\/350\",\"item\":\"https:\/\/koningdrone.be\/product\/avss-parachute-recovery-system-for-dji-matrice-300-350\/\"},{\"@type\":\"ListItem\",\"position\":3,\"name\":\"Uncategorized\",\"item\":\"https:\/\/koningdrone.be\/categorie\/uncategorized\/\"},{\"@type\":\"ListItem\",\"position\":4,\"name\":\"CZI Public Safety Advanced set v2 (1MP130 V2 1GL60 PLUS 1TH4 V2 1FL48-M300 1*IR10)\"}]},{\"@type\":\"WebSite\",\"@id\":\"https:\/\/koningdrone.be\/#website\",\"url\":\"https:\/\/koningdrone.be\/\",\"name\":\"Koningdrone.be - Uw online specialist in drones, gimbals, camera's en power stations.\",\"description\":\"De webshop in drones en gimbals\",\"publisher\":{\"@id\":\"https:\/\/koningdrone.be\/#organization\"},\"potentialAction\":[{\"@type\":\"SearchAction\",\"target\":{\"@type\":\"EntryPoint\",\"urlTemplate\":\"https:\/\/koningdrone.be\/?s={search_term_string}\"},\"query-input\":{\"@type\":\"PropertyValueSpecification\",\"valueRequired\":true,\"valueName\":\"search_term_string\"}}],\"inLanguage\":\"es\"},{\"@type\":\"Organization\",\"@id\":\"https:\/\/koningdrone.be\/#organization\",\"name\":\"Koningdrone.be\",\"url\":\"https:\/\/koningdrone.be\/\",\"logo\":{\"@type\":\"ImageObject\",\"inLanguage\":\"es\",\"@id\":\"https:\/\/koningdrone.be\/#\/schema\/logo\/image\/\",\"url\":\"https:\/\/koningdrone.be\/wp-content\/uploads\/sites\/13\/2025\/04\/koningdrone-copyright-logo.svg\",\"contentUrl\":\"https:\/\/koningdrone.be\/wp-content\/uploads\/sites\/13\/2025\/04\/koningdrone-copyright-logo.svg\",\"width\":227,\"height\":38,\"caption\":\"Koningdrone.be\"},\"image\":{\"@id\":\"https:\/\/koningdrone.be\/#\/schema\/logo\/image\/\"}}]}<\/script>\n<!-- \/ Yoast SEO Premium plugin. -->","yoast_head_json":{"title":"CZI Public Safety Advanced set v2 (1MP130 V2 1GL60 PLUS 1TH4 V2 1FL48-M300 1*IR10) - koningdrone.be","robots":{"index":"index","follow":"follow","max-snippet":"max-snippet:-1","max-image-preview":"max-image-preview:large","max-video-preview":"max-video-preview:-1"},"canonical":"https:\/\/koningdrone.be\/es\/producto\/czi-public-safety-advanced-set-v2-1mp130-v2-1gl60-plus-1th4-v2-1fl48-m300-1ir10\/","og_locale":"es_ES","og_type":"article","og_title":"CZI Public Safety Advanced set v2 (1MP130 V2 1GL60 PLUS 1TH4 V2 1FL48-M300 1*IR10)","og_description":"Uitgebreide antenneoplossing voor openbare veiligheid en hulpdiensten.Verbetert de communicatie met een krachtig luidsprekersysteem.Biedt verlichting met hoge intensiteit voor nachtelijke operaties.Voorzien van warmtebeeld voor zoek- en reddingsmissies.Infraroodschijnwerper verbetert de zichtbaarheid bij weinig licht.Ontworpen voor naadloze integratie met DJI Matrice drones.","og_url":"https:\/\/koningdrone.be\/es\/producto\/czi-public-safety-advanced-set-v2-1mp130-v2-1gl60-plus-1th4-v2-1fl48-m300-1ir10\/","og_site_name":"koningdrone.be","article_modified_time":"2026-03-16T14:42:25+00:00","og_image":[{"width":2000,"height":2000,"url":"https:\/\/koningdrone.be\/wp-content\/uploads\/sites\/13\/2025\/04\/39c3a0e0-fad5-4f23-978f-fa1fbe27c046.jpg","type":"image\/jpeg"}],"twitter_card":"summary_large_image","schema":{"@context":"https:\/\/schema.org","@graph":[{"@type":"WebPage","@id":"https:\/\/koningdrone.be\/product\/czi-public-safety-advanced-set-v2-1mp130-v2-1gl60-plus-1th4-v2-1fl48-m300-1ir10\/","url":"https:\/\/koningdrone.be\/product\/czi-public-safety-advanced-set-v2-1mp130-v2-1gl60-plus-1th4-v2-1fl48-m300-1ir10\/","name":"CZI Public Safety Advanced set v2 (1MP130 V2 1GL60 PLUS 1TH4 V2 1FL48-M300 1*IR10) - koningdrone.be","isPartOf":{"@id":"https:\/\/koningdrone.be\/#website"},"primaryImageOfPage":{"@id":"https:\/\/koningdrone.be\/product\/czi-public-safety-advanced-set-v2-1mp130-v2-1gl60-plus-1th4-v2-1fl48-m300-1ir10\/#primaryimage"},"image":{"@id":"https:\/\/koningdrone.be\/product\/czi-public-safety-advanced-set-v2-1mp130-v2-1gl60-plus-1th4-v2-1fl48-m300-1ir10\/#primaryimage"},"thumbnailUrl":"https:\/\/koningdrone.be\/wp-content\/uploads\/sites\/13\/2025\/04\/39c3a0e0-fad5-4f23-978f-fa1fbe27c046.jpg","datePublished":"2025-04-14T07:49:47+00:00","dateModified":"2026-03-16T14:42:25+00:00","breadcrumb":{"@id":"https:\/\/koningdrone.be\/product\/czi-public-safety-advanced-set-v2-1mp130-v2-1gl60-plus-1th4-v2-1fl48-m300-1ir10\/#breadcrumb"},"inLanguage":"es","potentialAction":[{"@type":"ReadAction","target":["https:\/\/koningdrone.be\/product\/czi-public-safety-advanced-set-v2-1mp130-v2-1gl60-plus-1th4-v2-1fl48-m300-1ir10\/"]}]},{"@type":"ImageObject","inLanguage":"es","@id":"https:\/\/koningdrone.be\/product\/czi-public-safety-advanced-set-v2-1mp130-v2-1gl60-plus-1th4-v2-1fl48-m300-1ir10\/#primaryimage","url":"https:\/\/koningdrone.be\/wp-content\/uploads\/sites\/13\/2025\/04\/39c3a0e0-fad5-4f23-978f-fa1fbe27c046.jpg","contentUrl":"https:\/\/koningdrone.be\/wp-content\/uploads\/sites\/13\/2025\/04\/39c3a0e0-fad5-4f23-978f-fa1fbe27c046.jpg","width":2000,"height":2000},{"@type":"BreadcrumbList","@id":"https:\/\/koningdrone.be\/product\/czi-public-safety-advanced-set-v2-1mp130-v2-1gl60-plus-1th4-v2-1fl48-m300-1ir10\/#breadcrumb","itemListElement":[{"@type":"ListItem","position":1,"name":"Home","item":"https:\/\/koningdrone.be\/"},{"@type":"ListItem","position":2,"name":"AVSS Parachute Recovery System for DJI Matrice 300\/350","item":"https:\/\/koningdrone.be\/product\/avss-parachute-recovery-system-for-dji-matrice-300-350\/"},{"@type":"ListItem","position":3,"name":"Uncategorized","item":"https:\/\/koningdrone.be\/categorie\/uncategorized\/"},{"@type":"ListItem","position":4,"name":"CZI Public Safety Advanced set v2 (1MP130 V2 1GL60 PLUS 1TH4 V2 1FL48-M300 1*IR10)"}]},{"@type":"WebSite","@id":"https:\/\/koningdrone.be\/#website","url":"https:\/\/koningdrone.be\/","name":"Koningdrone.be - Su especialista en l\u00ednea en drones, cardanes, c\u00e1maras y centrales el\u00e9ctricas.","description":"La tienda virtual de drones y cardanes","publisher":{"@id":"https:\/\/koningdrone.be\/#organization"},"potentialAction":[{"@type":"SearchAction","target":{"@type":"EntryPoint","urlTemplate":"https:\/\/koningdrone.be\/?s={search_term_string}"},"query-input":{"@type":"PropertyValueSpecification","valueRequired":true,"valueName":"search_term_string"}}],"inLanguage":"es"},{"@type":"Organization","@id":"https:\/\/koningdrone.be\/#organization","name":"Kingdrone.es","url":"https:\/\/koningdrone.be\/","logo":{"@type":"ImageObject","inLanguage":"es","@id":"https:\/\/koningdrone.be\/#\/schema\/logo\/image\/","url":"https:\/\/koningdrone.be\/wp-content\/uploads\/sites\/13\/2025\/04\/koningdrone-copyright-logo.svg","contentUrl":"https:\/\/koningdrone.be\/wp-content\/uploads\/sites\/13\/2025\/04\/koningdrone-copyright-logo.svg","width":227,"height":38,"caption":"Koningdrone.be"},"image":{"@id":"https:\/\/koningdrone.be\/#\/schema\/logo\/image\/"}}]}},"df_price":"","df_sale_price":"","df_regular_price":"","df_image_link":"https:\/\/koningdrone.be\/wp-content\/uploads\/sites\/13\/2025\/04\/39c3a0e0-fad5-4f23-978f-fa1fbe27c046-300x300.jpg","_links":{"self":[{"href":"https:\/\/koningdrone.be\/es\/wp-json\/wp\/v2\/product\/1034","targetHints":{"allow":["GET"]}}],"collection":[{"href":"https:\/\/koningdrone.be\/es\/wp-json\/wp\/v2\/product"}],"about":[{"href":"https:\/\/koningdrone.be\/es\/wp-json\/wp\/v2\/types\/product"}],"wp:featuredmedia":[{"embeddable":true,"href":"https:\/\/koningdrone.be\/es\/wp-json\/wp\/v2\/media\/1032"}],"wp:attachment":[{"href":"https:\/\/koningdrone.be\/es\/wp-json\/wp\/v2\/media?parent=1034"}],"wp:term":[{"taxonomy":"product_brand","embeddable":true,"href":"https:\/\/koningdrone.be\/es\/wp-json\/wp\/v2\/product_brand?post=1034"},{"taxonomy":"product_cat","embeddable":true,"href":"https:\/\/koningdrone.be\/es\/wp-json\/wp\/v2\/product_cat?post=1034"},{"taxonomy":"product_tag","embeddable":true,"href":"https:\/\/koningdrone.be\/es\/wp-json\/wp\/v2\/product_tag?post=1034"}],"curies":[{"name":"wp","href":"https:\/\/api.w.org\/{rel}","templated":true}]}}