{"id":10229,"date":"2025-06-19T14:15:06","date_gmt":"2025-06-19T12:15:06","guid":{"rendered":"https:\/\/koningdrone.be\/?post_type=product&#038;p=10229"},"modified":"2025-06-19T14:16:24","modified_gmt":"2025-06-19T12:16:24","slug":"dji-mic-refurbished","status":"publish","type":"product","link":"https:\/\/koningdrone.be\/es\/producto\/dji-mic-refurbished\/","title":{"rendered":"DJI Mic : Reacondicionado"},"content":{"rendered":"<h1>Micr\u00f3fono DJI<\/h1>\n<p>Con DJI Mic, ahora puedes grabar f\u00e1cilmente audio que est\u00e9 a la altura de la calidad de tus v\u00eddeos. Es ideal para vide\u00f3grafos que quieren sacar ventaja y llevar sus contenidos al siguiente nivel. Ofrece una calidad de sonido excepcional y grabaci\u00f3n de doble canal a distancias de hasta 250 m. Enciende sobre la marcha, conecta y graba audio cristalino.<\/p>\n<p><strong>Grabaci\u00f3n en dos canales<\/strong><br \/>\nDJI Mic viene con dos transmisores, cada uno con micr\u00f3fonos incorporados. Ambos transmisores admiten audio omnidireccional, lo que los hace ideales para entrevistas a varias personas y peque\u00f1as operaciones de estudio.<\/p>\n<p><strong>Audio de alta calidad<\/strong><br \/>\nDJI Mic te permite grabar audio profesional de alta fidelidad reproduciendo con precisi\u00f3n el tono en una gama de frecuencias m\u00e1s amplia. Las grabaciones se pueden realizar por separado a trav\u00e9s de cada canal, o se pueden combinar los dos canales para una mayor flexibilidad de postproducci\u00f3n.<\/p>\n<p><strong>Pantalla t\u00e1ctil y memoria interna integradas<\/strong><br \/>\nLa pantalla t\u00e1ctil del receptor facilita el acceso a la selecci\u00f3n de canales, los ajustes de entrada\/salida y otras operaciones esenciales. Ambos transmisores vienen con 14 horas de almacenamiento incorporado para evitar la p\u00e9rdida de fotogramas de audio, p\u00e9rdidas y otros problemas.<\/p>\n<p><strong>Transmisi\u00f3n inal\u00e1mbrica<\/strong><br \/>\nDisfrute de un audio claro y fiable incluso en escenarios complejos. Los transmisores y el receptor se comunican mediante una potente transmisi\u00f3n inal\u00e1mbrica que mantiene el sonido estable y reduce el retardo del audio, incluso a grandes distancias.<\/p>\n<p><strong>Alcance de transmisi\u00f3n de 250 m<\/strong><br \/>\nGracias a la \u00faltima tecnolog\u00eda de codificaci\u00f3n de DJI, DJI Mic es capaz de grabar audio n\u00edtido a distancias de hasta 250 metros.<\/p>\n<p><strong>Comodidad inal\u00e1mbrica<\/strong><br \/>\nTodo el sistema DJI Mic se conecta de forma inal\u00e1mbrica a trav\u00e9s de una banda de frecuencia estable de 2,4 GHz, lo que te permite moverte con total libertad mientras grabas tu aventura.<\/p>\n<p><strong>Potente antiinterferencias<\/strong><br \/>\nEl sistema de transmisi\u00f3n inal\u00e1mbrica optimizado garantiza un flujo de audio estable incluso en zonas como estaciones de tren, centros comerciales y oficinas.<\/p>\n<p><strong>Port\u00e1til y port\u00e1til<\/strong><br \/>\nFije f\u00e1cilmente un transmisor a cualquier prenda que lleve puesta mediante el clip trasero integrado o utilizando los imanes del clip. Pesa unos 30 gramos, por lo que llevar el transmisor es c\u00f3modo y sencillo.<\/p>\n<p><strong>Enganchar y grabar<\/strong><br \/>\nCada transmisor tiene un pr\u00e1ctico clip trasero que se puede sujetar f\u00e1cilmente a la ropa y otros objetos.<\/p>\n<p><strong>M\u00e1s formas de conectarse<\/strong><br \/>\nSi la ropa que llevas no es adecuada para el clip trasero, los transmisores tambi\u00e9n se pueden fijar mediante los imanes del clip.<\/p>\n<p><strong>F\u00e1cil de montar<\/strong><br \/>\nCon el adaptador de zapata fr\u00eda, fije el receptor a la montura de su c\u00e1mara DSLR, c\u00e1mara sin espejo o smartphone y capture im\u00e1genes impecables a juego con el sonido.<\/p>\n<p><strong>Alta compatibilidad<\/strong><br \/>\nDiferentes dispositivos significan diferentes adaptadores de entrada, y DJI Mic los cubre todos. El receptor tiene puertos USB-C, Lightning y TRS de 3,5 mm, por lo que es compatible con smartphones, c\u00e1maras y port\u00e1tiles normales.<\/p>\n<p><strong>Funda de carga DJI Mic<\/strong><br \/>\nEl estuche de carga ultraport\u00e1til es el hogar perfecto para DJI Mic. Te permite cargar los transmisores y el receptor, guardar los componentes c\u00f3modamente y emparejar r\u00e1pidamente el sistema nada m\u00e1s sacarlo del estuche.<\/p>\n<p><strong>Bater\u00eda de larga duraci\u00f3n<\/strong><br \/>\n\u00bfBuscas un sistema que pueda seguir el ritmo de tus necesidades de contenido? Disfruta de un d\u00eda completo de grabaci\u00f3n de audio con DJI Mic. Disfruta de una duraci\u00f3n de bater\u00eda de 5,5 horas de los transmisores, 5 horas del receptor y hasta 15 horas con el cartucho de carga.<\/p>\n<p><strong>Emparejamiento r\u00e1pido<\/strong><br \/>\nTanto el transmisor como el receptor se emparejan autom\u00e1ticamente con el dispositivo en cuanto se sacan del estuche de carga. Solo tienes que completar la configuraci\u00f3n inicial y estar\u00e1s listo para grabar un audio excepcional en cuesti\u00f3n de segundos.<\/p>\n<p><strong>Gran funcionalidad<\/strong><br \/>\nPista de seguridad: Se graba una pista de audio secundaria como copia de seguridad con un volumen de -6 dB. Esto ayuda a proteger el audio si la p\u00e9rdida de audio se debe a problemas como distorsi\u00f3n o recorte.<\/p>\n<p>Control de ganancia multinivel: ajuste la sensibilidad de entrada y salida entre -12dB ~ 12dB y encuentre la configuraci\u00f3n perfecta para su entorno.<\/p>\n<p>Parabrisas del micr\u00f3fono: suprime eficazmente el viento y los entornos ruidosos sin dejar de grabar un sonido n\u00edtido.<\/p>\n<p><strong>Notas: <\/strong><br \/>\n1. Probado en un entorno exterior libre de obst\u00e1culos conforme a la FCC.<br \/>\n2. Probado con una frecuencia de muestreo de 48.000 Hz y formato de audio WAV mono de 24 bits.<br \/>\n3. Probado con 2 transmisores conectados al receptor, sin grabaci\u00f3n de reserva, y el receptor conectado a una c\u00e1mara.<\/p>","protected":false},"excerpt":{"rendered":"<ul>\n<li>Grabaci\u00f3n en dos canales<\/li>\n<li>Transmisi\u00f3n inal\u00e1mbrica a 250 m<\/li>\n<li>Hasta 14 horas de memoria interna<\/li>\n<li>Port\u00e1til y compacto<\/li>\n<li>Amplia compatibilidad<\/li>\n<li>Hasta 15 horas de autonom\u00eda<\/li>\n<\/ul>","protected":false},"featured_media":6086,"template":"","meta":{"_acf_changed":false},"product_brand":[],"product_cat":[97,621,297,139],"product_tag":[],"class_list":{"0":"post-10229","1":"product","2":"type-product","3":"status-publish","4":"has-post-thumbnail","6":"product_cat-alle-producten","7":"product_cat-dji-action-2","8":"product_cat-dji-osmo","9":"product_cat-refurbished","10":"product_shipping_class-outofstock","11":"pa_brand-dji","12":"pa_productfamily-microfoon","13":"pa_producttype-microfoon","14":"pa_series-action-2","16":"first","17":"instock","18":"sale","19":"taxable","20":"shipping-taxable","21":"purchasable","22":"product-type-simple"},"acf":[],"yoast_head":"<!-- This site is optimized with the Yoast SEO Premium plugin v27.2 (Yoast SEO v27.2) - https:\/\/yoast.com\/product\/yoast-seo-premium-wordpress\/ -->\n<title>DJI Mic : Refurbished - koningdrone.be<\/title>\n<meta name=\"robots\" content=\"index, follow, max-snippet:-1, max-image-preview:large, max-video-preview:-1\" \/>\n<link rel=\"canonical\" href=\"https:\/\/koningdrone.be\/es\/producto\/dji-mic-refurbished\/\" \/>\n<meta property=\"og:locale\" content=\"es_ES\" \/>\n<meta property=\"og:type\" content=\"article\" \/>\n<meta property=\"og:title\" content=\"DJI Mic : Refurbished\" \/>\n<meta property=\"og:description\" content=\"Opname op twee kanalen  250 m draadloze transmissie  Tot 14 uur intern geheugen  Draagbaar en compact  Brede compatibiliteit  Tot 15 uur batterijduur\" \/>\n<meta property=\"og:url\" content=\"https:\/\/koningdrone.be\/es\/producto\/dji-mic-refurbished\/\" \/>\n<meta property=\"og:site_name\" content=\"koningdrone.be\" \/>\n<meta property=\"article:modified_time\" content=\"2025-06-19T12:16:24+00:00\" \/>\n<meta property=\"og:image\" content=\"https:\/\/koningdrone.be\/wp-content\/uploads\/sites\/13\/2025\/04\/dji-mic-1.jpg\" \/>\n\t<meta property=\"og:image:width\" content=\"600\" \/>\n\t<meta property=\"og:image:height\" content=\"450\" \/>\n\t<meta property=\"og:image:type\" content=\"image\/jpeg\" \/>\n<meta name=\"twitter:card\" content=\"summary_large_image\" \/>\n<meta name=\"twitter:label1\" content=\"Tiempo de lectura\" \/>\n\t<meta name=\"twitter:data1\" content=\"6 minutos\" \/>\n<script type=\"application\/ld+json\" class=\"yoast-schema-graph\">{\"@context\":\"https:\/\/schema.org\",\"@graph\":[{\"@type\":\"WebPage\",\"@id\":\"https:\/\/koningdrone.be\/es\/producto\/dji-mic-refurbished\/\",\"url\":\"https:\/\/koningdrone.be\/es\/producto\/dji-mic-refurbished\/\",\"name\":\"DJI Mic : Refurbished - koningdrone.be\",\"isPartOf\":{\"@id\":\"https:\/\/koningdrone.be\/#website\"},\"primaryImageOfPage\":{\"@id\":\"https:\/\/koningdrone.be\/es\/producto\/dji-mic-refurbished\/#primaryimage\"},\"image\":{\"@id\":\"https:\/\/koningdrone.be\/es\/producto\/dji-mic-refurbished\/#primaryimage\"},\"thumbnailUrl\":\"https:\/\/koningdrone.be\/wp-content\/uploads\/sites\/13\/2025\/04\/dji-mic-1.jpg\",\"datePublished\":\"2025-06-19T12:15:06+00:00\",\"dateModified\":\"2025-06-19T12:16:24+00:00\",\"breadcrumb\":{\"@id\":\"https:\/\/koningdrone.be\/es\/producto\/dji-mic-refurbished\/#breadcrumb\"},\"inLanguage\":\"es\",\"potentialAction\":[{\"@type\":\"ReadAction\",\"target\":[\"https:\/\/koningdrone.be\/es\/producto\/dji-mic-refurbished\/\"]}]},{\"@type\":\"ImageObject\",\"inLanguage\":\"es\",\"@id\":\"https:\/\/koningdrone.be\/es\/producto\/dji-mic-refurbished\/#primaryimage\",\"url\":\"https:\/\/koningdrone.be\/wp-content\/uploads\/sites\/13\/2025\/04\/dji-mic-1.jpg\",\"contentUrl\":\"https:\/\/koningdrone.be\/wp-content\/uploads\/sites\/13\/2025\/04\/dji-mic-1.jpg\",\"width\":600,\"height\":450},{\"@type\":\"BreadcrumbList\",\"@id\":\"https:\/\/koningdrone.be\/es\/producto\/dji-mic-refurbished\/#breadcrumb\",\"itemListElement\":[{\"@type\":\"ListItem\",\"position\":1,\"name\":\"Home\",\"item\":\"https:\/\/koningdrone.be\/\"},{\"@type\":\"ListItem\",\"position\":2,\"name\":\"AVSS Parachute Recovery System for DJI Matrice 300\/350\",\"item\":\"https:\/\/koningdrone.be\/product\/avss-parachute-recovery-system-for-dji-matrice-300-350\/\"},{\"@type\":\"ListItem\",\"position\":3,\"name\":\"Alle producten\",\"item\":\"https:\/\/koningdrone.be\/categorie\/alle-producten\/\"},{\"@type\":\"ListItem\",\"position\":4,\"name\":\"DJI Mic : Refurbished\"}]},{\"@type\":\"WebSite\",\"@id\":\"https:\/\/koningdrone.be\/#website\",\"url\":\"https:\/\/koningdrone.be\/\",\"name\":\"Koningdrone.be - Uw online specialist in drones, gimbals, camera's en power stations.\",\"description\":\"De webshop in drones en gimbals\",\"publisher\":{\"@id\":\"https:\/\/koningdrone.be\/#organization\"},\"potentialAction\":[{\"@type\":\"SearchAction\",\"target\":{\"@type\":\"EntryPoint\",\"urlTemplate\":\"https:\/\/koningdrone.be\/?s={search_term_string}\"},\"query-input\":{\"@type\":\"PropertyValueSpecification\",\"valueRequired\":true,\"valueName\":\"search_term_string\"}}],\"inLanguage\":\"es\"},{\"@type\":\"Organization\",\"@id\":\"https:\/\/koningdrone.be\/#organization\",\"name\":\"Koningdrone.be\",\"url\":\"https:\/\/koningdrone.be\/\",\"logo\":{\"@type\":\"ImageObject\",\"inLanguage\":\"es\",\"@id\":\"https:\/\/koningdrone.be\/#\/schema\/logo\/image\/\",\"url\":\"https:\/\/koningdrone.be\/wp-content\/uploads\/sites\/13\/2025\/04\/koningdrone-copyright-logo.svg\",\"contentUrl\":\"https:\/\/koningdrone.be\/wp-content\/uploads\/sites\/13\/2025\/04\/koningdrone-copyright-logo.svg\",\"width\":227,\"height\":38,\"caption\":\"Koningdrone.be\"},\"image\":{\"@id\":\"https:\/\/koningdrone.be\/#\/schema\/logo\/image\/\"}}]}<\/script>\n<!-- \/ Yoast SEO Premium plugin. -->","yoast_head_json":{"title":"DJI Mic : Refurbished - koningdrone.be","robots":{"index":"index","follow":"follow","max-snippet":"max-snippet:-1","max-image-preview":"max-image-preview:large","max-video-preview":"max-video-preview:-1"},"canonical":"https:\/\/koningdrone.be\/es\/producto\/dji-mic-refurbished\/","og_locale":"es_ES","og_type":"article","og_title":"DJI Mic : Refurbished","og_description":"Opname op twee kanalen  250 m draadloze transmissie  Tot 14 uur intern geheugen  Draagbaar en compact  Brede compatibiliteit  Tot 15 uur batterijduur","og_url":"https:\/\/koningdrone.be\/es\/producto\/dji-mic-refurbished\/","og_site_name":"koningdrone.be","article_modified_time":"2025-06-19T12:16:24+00:00","og_image":[{"width":600,"height":450,"url":"https:\/\/koningdrone.be\/wp-content\/uploads\/sites\/13\/2025\/04\/dji-mic-1.jpg","type":"image\/jpeg"}],"twitter_card":"summary_large_image","twitter_misc":{"Tiempo de lectura":"6 minutos"},"schema":{"@context":"https:\/\/schema.org","@graph":[{"@type":"WebPage","@id":"https:\/\/koningdrone.be\/es\/producto\/dji-mic-refurbished\/","url":"https:\/\/koningdrone.be\/es\/producto\/dji-mic-refurbished\/","name":"DJI Mic : Refurbished - koningdrone.be","isPartOf":{"@id":"https:\/\/koningdrone.be\/#website"},"primaryImageOfPage":{"@id":"https:\/\/koningdrone.be\/es\/producto\/dji-mic-refurbished\/#primaryimage"},"image":{"@id":"https:\/\/koningdrone.be\/es\/producto\/dji-mic-refurbished\/#primaryimage"},"thumbnailUrl":"https:\/\/koningdrone.be\/wp-content\/uploads\/sites\/13\/2025\/04\/dji-mic-1.jpg","datePublished":"2025-06-19T12:15:06+00:00","dateModified":"2025-06-19T12:16:24+00:00","breadcrumb":{"@id":"https:\/\/koningdrone.be\/es\/producto\/dji-mic-refurbished\/#breadcrumb"},"inLanguage":"es","potentialAction":[{"@type":"ReadAction","target":["https:\/\/koningdrone.be\/es\/producto\/dji-mic-refurbished\/"]}]},{"@type":"ImageObject","inLanguage":"es","@id":"https:\/\/koningdrone.be\/es\/producto\/dji-mic-refurbished\/#primaryimage","url":"https:\/\/koningdrone.be\/wp-content\/uploads\/sites\/13\/2025\/04\/dji-mic-1.jpg","contentUrl":"https:\/\/koningdrone.be\/wp-content\/uploads\/sites\/13\/2025\/04\/dji-mic-1.jpg","width":600,"height":450},{"@type":"BreadcrumbList","@id":"https:\/\/koningdrone.be\/es\/producto\/dji-mic-refurbished\/#breadcrumb","itemListElement":[{"@type":"ListItem","position":1,"name":"Home","item":"https:\/\/koningdrone.be\/"},{"@type":"ListItem","position":2,"name":"AVSS Parachute Recovery System for DJI Matrice 300\/350","item":"https:\/\/koningdrone.be\/product\/avss-parachute-recovery-system-for-dji-matrice-300-350\/"},{"@type":"ListItem","position":3,"name":"Alle producten","item":"https:\/\/koningdrone.be\/categorie\/alle-producten\/"},{"@type":"ListItem","position":4,"name":"DJI Mic : Refurbished"}]},{"@type":"WebSite","@id":"https:\/\/koningdrone.be\/#website","url":"https:\/\/koningdrone.be\/","name":"Koningdrone.be - Su especialista en l\u00ednea en drones, cardanes, c\u00e1maras y centrales el\u00e9ctricas.","description":"La tienda virtual de drones y cardanes","publisher":{"@id":"https:\/\/koningdrone.be\/#organization"},"potentialAction":[{"@type":"SearchAction","target":{"@type":"EntryPoint","urlTemplate":"https:\/\/koningdrone.be\/?s={search_term_string}"},"query-input":{"@type":"PropertyValueSpecification","valueRequired":true,"valueName":"search_term_string"}}],"inLanguage":"es"},{"@type":"Organization","@id":"https:\/\/koningdrone.be\/#organization","name":"Kingdrone.es","url":"https:\/\/koningdrone.be\/","logo":{"@type":"ImageObject","inLanguage":"es","@id":"https:\/\/koningdrone.be\/#\/schema\/logo\/image\/","url":"https:\/\/koningdrone.be\/wp-content\/uploads\/sites\/13\/2025\/04\/koningdrone-copyright-logo.svg","contentUrl":"https:\/\/koningdrone.be\/wp-content\/uploads\/sites\/13\/2025\/04\/koningdrone-copyright-logo.svg","width":227,"height":38,"caption":"Koningdrone.be"},"image":{"@id":"https:\/\/koningdrone.be\/#\/schema\/logo\/image\/"}}]}},"df_price":224.1,"df_sale_price":224.1,"df_regular_price":249,"df_image_link":"https:\/\/koningdrone.be\/wp-content\/uploads\/sites\/13\/2025\/04\/dji-mic-1-300x225.jpg","_links":{"self":[{"href":"https:\/\/koningdrone.be\/es\/wp-json\/wp\/v2\/product\/10229","targetHints":{"allow":["GET"]}}],"collection":[{"href":"https:\/\/koningdrone.be\/es\/wp-json\/wp\/v2\/product"}],"about":[{"href":"https:\/\/koningdrone.be\/es\/wp-json\/wp\/v2\/types\/product"}],"wp:featuredmedia":[{"embeddable":true,"href":"https:\/\/koningdrone.be\/es\/wp-json\/wp\/v2\/media\/6086"}],"wp:attachment":[{"href":"https:\/\/koningdrone.be\/es\/wp-json\/wp\/v2\/media?parent=10229"}],"wp:term":[{"taxonomy":"product_brand","embeddable":true,"href":"https:\/\/koningdrone.be\/es\/wp-json\/wp\/v2\/product_brand?post=10229"},{"taxonomy":"product_cat","embeddable":true,"href":"https:\/\/koningdrone.be\/es\/wp-json\/wp\/v2\/product_cat?post=10229"},{"taxonomy":"product_tag","embeddable":true,"href":"https:\/\/koningdrone.be\/es\/wp-json\/wp\/v2\/product_tag?post=10229"}],"curies":[{"name":"wp","href":"https:\/\/api.w.org\/{rel}","templated":true}]}}