{"id":10198,"date":"2025-06-19T09:11:17","date_gmt":"2025-06-19T07:11:17","guid":{"rendered":"https:\/\/koningdrone.be\/?post_type=product&#038;p=10198"},"modified":"2025-06-19T09:13:09","modified_gmt":"2025-06-19T07:13:09","slug":"dji-avata-propeller-guard-refurbished","status":"publish","type":"product","link":"https:\/\/koningdrone.be\/es\/producto\/dji-avata-propeller-guard-refurbished\/","title":{"rendered":"DJI Avata Propeller Guard : Reacondicionado"},"content":{"rendered":"<p><strong>Mayor seguridad gracias a un dise\u00f1o innovador<\/strong><\/p>\n<p>El protector de h\u00e9lices DJI Avata ha sido cuidadosamente dise\u00f1ado para priorizar la seguridad sin comprometer el rendimiento. Su distintivo dise\u00f1o de conducto envuelve las h\u00e9lices, reduciendo significativamente el riesgo de accidentes. Este mecanismo de protecci\u00f3n es especialmente crucial para los principiantes, ya que proporciona un entorno de aprendizaje m\u00e1s seguro, y para los pilotos experimentados a\u00f1ade una capa extra de seguridad durante las maniobras complicadas.<\/p>\n<p><strong>Rendimiento optimizado para vuelos m\u00e1s suaves<\/strong><\/p>\n<p>Adem\u00e1s de las ventajas de seguridad, la estructura de canales del protector de h\u00e9lices desempe\u00f1a un papel crucial en la mejora de la eficiencia aerodin\u00e1mica del dron. Al canalizar el flujo de aire alrededor de las h\u00e9lices de forma m\u00e1s controlada, garantiza vuelos m\u00e1s suaves y estables. Esta optimizaci\u00f3n es especialmente beneficiosa para lograr tomas a\u00e9reas de alta calidad y para realizar t\u00e9cnicas de vuelo precisas en diferentes condiciones.<\/p>\n<p><strong>Llamamiento universal a los entusiastas de los drones<\/strong><\/p>\n<p>Tanto si est\u00e1s dando tus primeros pasos en el mundo del vuelo de drones como si eres un experto experimentado, el protector de h\u00e9lices DJI Avata ofrece importantes ventajas. Combina a la perfecci\u00f3n funciones de seguridad avanzadas con mejoras de rendimiento, lo que lo convierte en un accesorio indispensable para cualquiera que quiera llevar su experiencia de vuelo con drones al siguiente nivel.<\/p>\n<p>&nbsp;<\/p>","protected":false},"excerpt":{"rendered":"<ul>\n<li>Dise\u00f1o aerodin\u00e1mico preciso y guiado.<\/li>\n<li>Mejora el flujo de aire.<\/li>\n<li>Garantiza un vuelo m\u00e1s seguro.<\/li>\n<\/ul>","protected":false},"featured_media":5504,"template":"","meta":{"_acf_changed":false},"product_brand":[],"product_cat":[97,128,136,261,139],"product_tag":[],"class_list":{"0":"post-10198","1":"product","2":"type-product","3":"status-publish","4":"has-post-thumbnail","6":"product_cat-alle-producten","7":"product_cat-alle-propellers","8":"product_cat-consumer-drones","9":"product_cat-dji-avata","10":"product_cat-refurbished","11":"product_shipping_class-uavspacesall","12":"pa_brand-dji","13":"pa_productfamily-propeller-bescherming","14":"pa_producttype-propeller-bescherming","15":"pa_series-avata","17":"first","18":"instock","19":"sale","20":"taxable","21":"shipping-taxable","22":"purchasable","23":"product-type-simple"},"acf":[],"yoast_head":"<!-- This site is optimized with the Yoast SEO Premium plugin v27.2 (Yoast SEO v27.2) - https:\/\/yoast.com\/product\/yoast-seo-premium-wordpress\/ -->\n<title>DJI Avata Propeller Guard : Refurbished - koningdrone.be<\/title>\n<meta name=\"robots\" content=\"index, follow, max-snippet:-1, max-image-preview:large, max-video-preview:-1\" \/>\n<link rel=\"canonical\" href=\"https:\/\/koningdrone.be\/es\/produit\/dji-avata-propeller-guard-refurbished\/\" \/>\n<meta property=\"og:locale\" content=\"es_ES\" \/>\n<meta property=\"og:type\" content=\"article\" \/>\n<meta property=\"og:title\" content=\"DJI Avata Propeller Guard : Refurbished\" \/>\n<meta property=\"og:description\" content=\"Geleid, nauwkeurig aerodynamisch ontwerp.  Verbetert een soepelere luchtstroom.  Zorgt voor een veiligere vlucht.\" \/>\n<meta property=\"og:url\" content=\"https:\/\/koningdrone.be\/es\/produit\/dji-avata-propeller-guard-refurbished\/\" \/>\n<meta property=\"og:site_name\" content=\"koningdrone.be\" \/>\n<meta property=\"article:modified_time\" content=\"2025-06-19T07:13:09+00:00\" \/>\n<meta property=\"og:image\" content=\"https:\/\/koningdrone.be\/wp-content\/uploads\/sites\/13\/2025\/04\/9988cadf9e23ea46c85277955c85c9ba@large.jpg\" \/>\n\t<meta property=\"og:image:width\" content=\"1200\" \/>\n\t<meta property=\"og:image:height\" content=\"800\" \/>\n\t<meta property=\"og:image:type\" content=\"image\/jpeg\" \/>\n<meta name=\"twitter:card\" content=\"summary_large_image\" \/>\n<meta name=\"twitter:label1\" content=\"Tiempo de lectura\" \/>\n\t<meta name=\"twitter:data1\" content=\"2 minutos\" \/>\n<script type=\"application\/ld+json\" class=\"yoast-schema-graph\">{\"@context\":\"https:\/\/schema.org\",\"@graph\":[{\"@type\":\"WebPage\",\"@id\":\"https:\/\/koningdrone.be\/fr\/produit\/dji-avata-propeller-guard-refurbished\/\",\"url\":\"https:\/\/koningdrone.be\/fr\/produit\/dji-avata-propeller-guard-refurbished\/\",\"name\":\"DJI Avata Propeller Guard : Refurbished - koningdrone.be\",\"isPartOf\":{\"@id\":\"https:\/\/koningdrone.be\/#website\"},\"primaryImageOfPage\":{\"@id\":\"https:\/\/koningdrone.be\/fr\/produit\/dji-avata-propeller-guard-refurbished\/#primaryimage\"},\"image\":{\"@id\":\"https:\/\/koningdrone.be\/fr\/produit\/dji-avata-propeller-guard-refurbished\/#primaryimage\"},\"thumbnailUrl\":\"https:\/\/koningdrone.be\/wp-content\/uploads\/sites\/13\/2025\/04\/9988cadf9e23ea46c85277955c85c9ba@large.jpg\",\"datePublished\":\"2025-06-19T07:11:17+00:00\",\"dateModified\":\"2025-06-19T07:13:09+00:00\",\"breadcrumb\":{\"@id\":\"https:\/\/koningdrone.be\/fr\/produit\/dji-avata-propeller-guard-refurbished\/#breadcrumb\"},\"inLanguage\":\"es\",\"potentialAction\":[{\"@type\":\"ReadAction\",\"target\":[\"https:\/\/koningdrone.be\/fr\/produit\/dji-avata-propeller-guard-refurbished\/\"]}]},{\"@type\":\"ImageObject\",\"inLanguage\":\"es\",\"@id\":\"https:\/\/koningdrone.be\/fr\/produit\/dji-avata-propeller-guard-refurbished\/#primaryimage\",\"url\":\"https:\/\/koningdrone.be\/wp-content\/uploads\/sites\/13\/2025\/04\/9988cadf9e23ea46c85277955c85c9ba@large.jpg\",\"contentUrl\":\"https:\/\/koningdrone.be\/wp-content\/uploads\/sites\/13\/2025\/04\/9988cadf9e23ea46c85277955c85c9ba@large.jpg\",\"width\":1200,\"height\":800},{\"@type\":\"BreadcrumbList\",\"@id\":\"https:\/\/koningdrone.be\/fr\/produit\/dji-avata-propeller-guard-refurbished\/#breadcrumb\",\"itemListElement\":[{\"@type\":\"ListItem\",\"position\":1,\"name\":\"Home\",\"item\":\"https:\/\/koningdrone.be\/\"},{\"@type\":\"ListItem\",\"position\":2,\"name\":\"AVSS Parachute Recovery System for DJI Matrice 300\/350\",\"item\":\"https:\/\/koningdrone.be\/product\/avss-parachute-recovery-system-for-dji-matrice-300-350\/\"},{\"@type\":\"ListItem\",\"position\":3,\"name\":\"Alle producten\",\"item\":\"https:\/\/koningdrone.be\/categorie\/alle-producten\/\"},{\"@type\":\"ListItem\",\"position\":4,\"name\":\"DJI Avata Propeller Guard : Refurbished\"}]},{\"@type\":\"WebSite\",\"@id\":\"https:\/\/koningdrone.be\/#website\",\"url\":\"https:\/\/koningdrone.be\/\",\"name\":\"Koningdrone.be - Uw online specialist in drones, gimbals, camera's en power stations.\",\"description\":\"De webshop in drones en gimbals\",\"publisher\":{\"@id\":\"https:\/\/koningdrone.be\/#organization\"},\"potentialAction\":[{\"@type\":\"SearchAction\",\"target\":{\"@type\":\"EntryPoint\",\"urlTemplate\":\"https:\/\/koningdrone.be\/?s={search_term_string}\"},\"query-input\":{\"@type\":\"PropertyValueSpecification\",\"valueRequired\":true,\"valueName\":\"search_term_string\"}}],\"inLanguage\":\"es\"},{\"@type\":\"Organization\",\"@id\":\"https:\/\/koningdrone.be\/#organization\",\"name\":\"Koningdrone.be\",\"url\":\"https:\/\/koningdrone.be\/\",\"logo\":{\"@type\":\"ImageObject\",\"inLanguage\":\"es\",\"@id\":\"https:\/\/koningdrone.be\/#\/schema\/logo\/image\/\",\"url\":\"https:\/\/koningdrone.be\/wp-content\/uploads\/sites\/13\/2025\/04\/koningdrone-copyright-logo.svg\",\"contentUrl\":\"https:\/\/koningdrone.be\/wp-content\/uploads\/sites\/13\/2025\/04\/koningdrone-copyright-logo.svg\",\"width\":227,\"height\":38,\"caption\":\"Koningdrone.be\"},\"image\":{\"@id\":\"https:\/\/koningdrone.be\/#\/schema\/logo\/image\/\"}}]}<\/script>\n<!-- \/ Yoast SEO Premium plugin. -->","yoast_head_json":{"title":"DJI Avata Propeller Guard : Refurbished - koningdrone.be","robots":{"index":"index","follow":"follow","max-snippet":"max-snippet:-1","max-image-preview":"max-image-preview:large","max-video-preview":"max-video-preview:-1"},"canonical":"https:\/\/koningdrone.be\/es\/produit\/dji-avata-propeller-guard-refurbished\/","og_locale":"es_ES","og_type":"article","og_title":"DJI Avata Propeller Guard : Refurbished","og_description":"Geleid, nauwkeurig aerodynamisch ontwerp.  Verbetert een soepelere luchtstroom.  Zorgt voor een veiligere vlucht.","og_url":"https:\/\/koningdrone.be\/es\/produit\/dji-avata-propeller-guard-refurbished\/","og_site_name":"koningdrone.be","article_modified_time":"2025-06-19T07:13:09+00:00","og_image":[{"width":1200,"height":800,"url":"https:\/\/koningdrone.be\/wp-content\/uploads\/sites\/13\/2025\/04\/9988cadf9e23ea46c85277955c85c9ba@large.jpg","type":"image\/jpeg"}],"twitter_card":"summary_large_image","twitter_misc":{"Tiempo de lectura":"2 minutos"},"schema":{"@context":"https:\/\/schema.org","@graph":[{"@type":"WebPage","@id":"https:\/\/koningdrone.be\/fr\/produit\/dji-avata-propeller-guard-refurbished\/","url":"https:\/\/koningdrone.be\/fr\/produit\/dji-avata-propeller-guard-refurbished\/","name":"DJI Avata Propeller Guard : Refurbished - koningdrone.be","isPartOf":{"@id":"https:\/\/koningdrone.be\/#website"},"primaryImageOfPage":{"@id":"https:\/\/koningdrone.be\/fr\/produit\/dji-avata-propeller-guard-refurbished\/#primaryimage"},"image":{"@id":"https:\/\/koningdrone.be\/fr\/produit\/dji-avata-propeller-guard-refurbished\/#primaryimage"},"thumbnailUrl":"https:\/\/koningdrone.be\/wp-content\/uploads\/sites\/13\/2025\/04\/9988cadf9e23ea46c85277955c85c9ba@large.jpg","datePublished":"2025-06-19T07:11:17+00:00","dateModified":"2025-06-19T07:13:09+00:00","breadcrumb":{"@id":"https:\/\/koningdrone.be\/fr\/produit\/dji-avata-propeller-guard-refurbished\/#breadcrumb"},"inLanguage":"es","potentialAction":[{"@type":"ReadAction","target":["https:\/\/koningdrone.be\/fr\/produit\/dji-avata-propeller-guard-refurbished\/"]}]},{"@type":"ImageObject","inLanguage":"es","@id":"https:\/\/koningdrone.be\/fr\/produit\/dji-avata-propeller-guard-refurbished\/#primaryimage","url":"https:\/\/koningdrone.be\/wp-content\/uploads\/sites\/13\/2025\/04\/9988cadf9e23ea46c85277955c85c9ba@large.jpg","contentUrl":"https:\/\/koningdrone.be\/wp-content\/uploads\/sites\/13\/2025\/04\/9988cadf9e23ea46c85277955c85c9ba@large.jpg","width":1200,"height":800},{"@type":"BreadcrumbList","@id":"https:\/\/koningdrone.be\/fr\/produit\/dji-avata-propeller-guard-refurbished\/#breadcrumb","itemListElement":[{"@type":"ListItem","position":1,"name":"Home","item":"https:\/\/koningdrone.be\/"},{"@type":"ListItem","position":2,"name":"AVSS Parachute Recovery System for DJI Matrice 300\/350","item":"https:\/\/koningdrone.be\/product\/avss-parachute-recovery-system-for-dji-matrice-300-350\/"},{"@type":"ListItem","position":3,"name":"Alle producten","item":"https:\/\/koningdrone.be\/categorie\/alle-producten\/"},{"@type":"ListItem","position":4,"name":"DJI Avata Propeller Guard : Refurbished"}]},{"@type":"WebSite","@id":"https:\/\/koningdrone.be\/#website","url":"https:\/\/koningdrone.be\/","name":"Koningdrone.be - Su especialista en l\u00ednea en drones, cardanes, c\u00e1maras y centrales el\u00e9ctricas.","description":"La tienda virtual de drones y cardanes","publisher":{"@id":"https:\/\/koningdrone.be\/#organization"},"potentialAction":[{"@type":"SearchAction","target":{"@type":"EntryPoint","urlTemplate":"https:\/\/koningdrone.be\/?s={search_term_string}"},"query-input":{"@type":"PropertyValueSpecification","valueRequired":true,"valueName":"search_term_string"}}],"inLanguage":"es"},{"@type":"Organization","@id":"https:\/\/koningdrone.be\/#organization","name":"Kingdrone.es","url":"https:\/\/koningdrone.be\/","logo":{"@type":"ImageObject","inLanguage":"es","@id":"https:\/\/koningdrone.be\/#\/schema\/logo\/image\/","url":"https:\/\/koningdrone.be\/wp-content\/uploads\/sites\/13\/2025\/04\/koningdrone-copyright-logo.svg","contentUrl":"https:\/\/koningdrone.be\/wp-content\/uploads\/sites\/13\/2025\/04\/koningdrone-copyright-logo.svg","width":227,"height":38,"caption":"Koningdrone.be"},"image":{"@id":"https:\/\/koningdrone.be\/#\/schema\/logo\/image\/"}}]}},"df_price":26.01,"df_sale_price":26.01,"df_regular_price":28.9,"df_image_link":"https:\/\/koningdrone.be\/wp-content\/uploads\/sites\/13\/2025\/04\/9988cadf9e23ea46c85277955c85c9ba@large-300x200.jpg","_links":{"self":[{"href":"https:\/\/koningdrone.be\/es\/wp-json\/wp\/v2\/product\/10198","targetHints":{"allow":["GET"]}}],"collection":[{"href":"https:\/\/koningdrone.be\/es\/wp-json\/wp\/v2\/product"}],"about":[{"href":"https:\/\/koningdrone.be\/es\/wp-json\/wp\/v2\/types\/product"}],"wp:featuredmedia":[{"embeddable":true,"href":"https:\/\/koningdrone.be\/es\/wp-json\/wp\/v2\/media\/5504"}],"wp:attachment":[{"href":"https:\/\/koningdrone.be\/es\/wp-json\/wp\/v2\/media?parent=10198"}],"wp:term":[{"taxonomy":"product_brand","embeddable":true,"href":"https:\/\/koningdrone.be\/es\/wp-json\/wp\/v2\/product_brand?post=10198"},{"taxonomy":"product_cat","embeddable":true,"href":"https:\/\/koningdrone.be\/es\/wp-json\/wp\/v2\/product_cat?post=10198"},{"taxonomy":"product_tag","embeddable":true,"href":"https:\/\/koningdrone.be\/es\/wp-json\/wp\/v2\/product_tag?post=10198"}],"curies":[{"name":"wp","href":"https:\/\/api.w.org\/{rel}","templated":true}]}}